{"id":9196,"date":"2025-08-26T11:48:34","date_gmt":"2025-08-26T11:48:34","guid":{"rendered":"https:\/\/ryinz.cz\/velkoobchod\/?post_type=product&#038;p=9196"},"modified":"2026-01-18T20:18:11","modified_gmt":"2026-01-18T20:18:11","slug":"ryinz-vsechny-cerne-ochranne-motocyklove-rukavice-pro-maloobchodni-velkoobchod-s-penovou-polstrovanou-dlani-a-eva-tpu-pancirem","status":"publish","type":"product","link":"https:\/\/ryinz.cz\/velkoobchod\/cs\/product\/ryinz-all-black-protective-motorcycle-gloves-for-retail-wholesale-with-foam-padded-palm-and-eva-tpu-armor\/","title":{"rendered":"RYINZ Celo\u010dern\u00e9 ochrann\u00e9 motocyklov\u00e9 rukavice pro maloobchod a velkoobchod s p\u011bnovou polstrovanou dlan\u00ed a panc\u00ed\u0159em EVA + TPU"},"content":{"rendered":"<p data-start=\"887\" data-end=\"1000\"><strong data-start=\"887\" data-end=\"1000\">Celo\u010dern\u00e9 motocyklov\u00e9 rukavice RYINZ - zjednodu\u0161en\u00e1 bezpe\u010dnost a pohodl\u00ed pro maloobchodn\u00edky, distributory a odb\u011bratele v EU<\/strong><\/p>\n<p data-start=\"1002\" data-end=\"1363\">Kombinuje \u010dist\u00fd estetick\u00fd vzhled a solidn\u00ed bezpe\u010dnostn\u00ed parametry. <strong data-start=\"1064\" data-end=\"1101\">RYINZ Celo\u010dern\u00e9 rukavice na motorku<\/strong> jsou ide\u00e1ln\u00ed pro ty, kte\u0159\u00ed ocen\u00ed stylovou a decentn\u00ed v\u00fdbavu. Tento model je navr\u017een tak, aby uspokojil rostouc\u00ed popt\u00e1vku po minimalistick\u00fdch ochrann\u00fdch rukavic\u00edch ve velkoobchod\u011b i maloobchod\u011b, m\u00e1 certifikaci CE, je odoln\u00fd proti n\u00e1razu a je vyroben s ohledem na pohodl\u00ed.<\/p>\n<p data-start=\"1365\" data-end=\"1532\">A\u0165 u\u017e jste maloobchodn\u00ed prodejce doj\u00ed\u017ed\u011bj\u00edc\u00ed do m\u011bsta, nebo velkoobchodn\u00ed prodejce pro evropsk\u00e9 distributory, tato rukavice je vizu\u00e1ln\u011b atraktivn\u00ed a praktick\u00e1.<\/p>\n<p data-start=\"1534\" data-end=\"1872\"><strong data-start=\"1534\" data-end=\"1580\">Keprov\u00e1 z\u00e1da pro pru\u017enost a prody\u0161nost<\/strong><br data-start=\"1580\" data-end=\"1583\" \/>Vn\u011bj\u0161\u00ed vrstva rukavic je vyrobena ze <strong data-start=\"1632\" data-end=\"1654\">odoln\u00e1 keprov\u00e1 tkanina<\/strong>, vybran\u00fd pro svou trvanlivost, pru\u017enost a schopnost v\u011btrat pod tlakem. D\u00edky tomu jsou rukavice vhodn\u00e9 na dlouh\u00e9 vyj\u00ed\u017e\u010fky nebo do prom\u011bnliv\u00e9ho po\u010das\u00ed, zejm\u00e9na b\u011bhem jara, podzimu nebo chladn\u011bj\u0161\u00edch letn\u00edch dn\u016f.<\/p>\n<p data-start=\"1874\" data-end=\"2197\"><strong data-start=\"1874\" data-end=\"1928\">Ko\u017een\u00e9 z\u00e1platy GoatSkin - strategick\u00e1 v\u00fdztu\u017e<\/strong><br data-start=\"1928\" data-end=\"1931\" \/>Zv\u00fd\u0161en\u00ed odolnosti proti od\u011bru a struktur\u00e1ln\u00ed podpory, <strong data-start=\"1982\" data-end=\"2010\">Ko\u017een\u00e9 z\u00e1platy GoatSkin<\/strong> jsou integrov\u00e1ny na h\u0159betu prst\u016f. Tyto oblasti maj\u00ed z\u00e1sadn\u00ed v\u00fdznam pro ochranu p\u0159i p\u00e1dech a pohybech s velk\u00fdm t\u0159en\u00edm a zaji\u0161\u0165uj\u00ed del\u0161\u00ed \u017eivotnost v\u00fdrobku a vy\u0161\u0161\u00ed d\u016fv\u011bru u\u017eivatele.<\/p>\n<p data-start=\"2199\" data-end=\"2561\"><strong data-start=\"2199\" data-end=\"2244\">Ochrana kloub\u016f z TPU + gumov\u00fd panc\u00ed\u0159 EVA<\/strong><br data-start=\"2244\" data-end=\"2247\" \/>Jezdci budou moci vyu\u017e\u00edvat v\u00fdhod zabudovan\u00e9ho <strong data-start=\"2283\" data-end=\"2304\">Chr\u00e1ni\u010d kloub\u016f z TPU<\/strong>, navr\u017een\u00e9 tak, aby tlumily p\u0159\u00edm\u00fd n\u00e1raz bez zv\u00fd\u0161en\u00ed objemu. Krom\u011b toho, <strong data-start=\"2373\" data-end=\"2402\">Gumov\u00e9 v\u00fdztuhy EVA<\/strong> na h\u0159betu prst\u016f a na man\u017eet\u011b zlep\u0161uj\u00ed celkov\u00e9 tlumen\u00ed n\u00e1raz\u016f, tak\u017ee jsou rukavice vhodn\u00e9 pro pou\u017eit\u00ed v rizikov\u00fdch prost\u0159ed\u00edch nebo p\u0159i rychl\u00e9 j\u00edzd\u011b.<\/p>\n<p data-start=\"2563\" data-end=\"2900\"><strong data-start=\"2563\" data-end=\"2608\">Dla\u0148 z koz\u00ed k\u016f\u017ee s p\u011bnov\u00fdm polstrov\u00e1n\u00edm<\/strong><br data-start=\"2608\" data-end=\"2611\" \/>Dla\u0148 rukavice je vybavena <strong data-start=\"2642\" data-end=\"2671\">P\u0159ekryvy z k\u016f\u017ee GoatSkin<\/strong> s vnit\u0159n\u00edm <strong data-start=\"2686\" data-end=\"2702\">p\u011bnov\u00e9 polstrov\u00e1n\u00ed<\/strong>, co\u017e sni\u017euje vibrace a zaji\u0161\u0165uje bezpe\u010dn\u00fd \u00fachop p\u0159i del\u0161\u00ed j\u00edzd\u011b. A\u0165 u\u017e se pohybujete v m\u011bstsk\u00e9m provozu nebo na d\u00e1lnic\u00edch, tato p\u0159idan\u00e1 podpora minimalizuje \u00fanavu jezdce a zlep\u0161uje hmatovou kontrolu.<\/p>\n<p data-start=\"2902\" data-end=\"3199\"><strong data-start=\"2902\" data-end=\"2951\">Pohodln\u00e9 zap\u00edn\u00e1n\u00ed na z\u00e1p\u011bst\u00ed - syst\u00e9m zap\u00edn\u00e1n\u00ed na such\u00fd zip<\/strong><br data-start=\"2951\" data-end=\"2954\" \/>Na str\u00e1nk\u00e1ch <strong data-start=\"2958\" data-end=\"2998\">reli\u00e9fn\u00ed \u0159em\u00ednek na z\u00e1p\u011bst\u00ed ze such\u00e9ho zipu GoatSkin<\/strong> nab\u00edz\u00ed nastaviteln\u00fd a bezpe\u010dn\u00fd st\u0159ih, kter\u00fd udr\u017e\u00ed rukavice na m\u00edst\u011b i p\u0159i rychl\u00e9m pohybu. Roz\u0161\u00ed\u0159en\u00e9 kryt\u00ed z\u00e1p\u011bst\u00ed poskytuje odolnost proti v\u011btru a ochranu, ani\u017e by zasahovalo do ruk\u00e1v\u016f bundy.<\/p>\n<p data-start=\"3201\" data-end=\"3492\"><strong data-start=\"3201\" data-end=\"3246\">Minim\u00e1ln\u00ed design s maxim\u00e1ln\u00ed funk\u010dnost\u00ed<\/strong><br data-start=\"3246\" data-end=\"3249\" \/>Tyto rukavice jsou navr\u017eeny v \u010dist\u00e9m celo\u010dern\u00e9m barevn\u00e9m proveden\u00ed a jsou ide\u00e1ln\u00ed pro jezdce, kte\u0159\u00ed d\u00e1vaj\u00ed p\u0159ednost n\u00edzkoprofilov\u00e9mu vzhledu. Str\u00e1nka <strong data-start=\"3364\" data-end=\"3389\">jemn\u00e1 zna\u010dka RYINZ<\/strong> umo\u017e\u0148uje, aby se tyto rukavice hodily k jak\u00e9mukoli nastaven\u00ed p\u0159evodovky, v\u010detn\u011b modern\u00edch sportovn\u00edch motocykl\u016f i klasick\u00fdch motocykl\u016f.<\/p>\n<p data-start=\"3494\" data-end=\"3718\"><strong data-start=\"3494\" data-end=\"3516\">Dostupn\u00e9 varianty<\/strong><br data-start=\"3516\" data-end=\"3519\" \/>Tento model je k dispozici tak\u00e9 v <strong data-start=\"3551\" data-end=\"3574\">\u010dern\u00e1 s \u010derven\u00fdm lemov\u00e1n\u00edm<\/strong> a <strong data-start=\"3579\" data-end=\"3605\">\u010dern\u00e1 se \u017elut\u00fdm lemov\u00e1n\u00edm<\/strong>, co\u017e kupuj\u00edc\u00edm umo\u017e\u0148uje m\u00edt na sklad\u011b v\u00edce verz\u00ed nebo nab\u00edzet v\u011bt\u0161\u00ed rozmanitost z\u00e1kazn\u00edk\u016fm, kte\u0159\u00ed hledaj\u00ed r\u016fzn\u00e9 vizu\u00e1ln\u00ed akcenty.<\/p>\n<p data-start=\"3720\" data-end=\"3952\"><strong data-start=\"3720\" data-end=\"3768\">Certifik\u00e1t CE - schv\u00e1leno podle EN420 a EN13594:2015<\/strong><br data-start=\"3768\" data-end=\"3771\" \/>Tyto rukavice jsou v souladu s evropsk\u00fdmi bezpe\u010dnostn\u00edmi normami. <strong data-start=\"3830\" data-end=\"3875\">Certifik\u00e1t CE podle EN420 a EN13594:2015<\/strong>, co\u017e zaji\u0161\u0165uje, \u017ee jsou leg\u00e1ln\u011b schv\u00e1leny pro pou\u017eit\u00ed na motocyklech na cel\u00e9m trhu EU.<\/p>\n<p data-start=\"3954\" data-end=\"3976\"><strong data-start=\"3954\" data-end=\"3974\">Nejvhodn\u011bj\u0161\u00ed pro:<\/strong><\/p>\n<ul data-start=\"3977\" data-end=\"4266\">\n<li data-start=\"3977\" data-end=\"4013\">\n<p data-start=\"3979\" data-end=\"4013\">Doj\u00ed\u017ed\u011bj\u00edc\u00ed do m\u011bst a denn\u00ed jezdci<\/p>\n<\/li>\n<li data-start=\"4014\" data-end=\"4062\">\n<p data-start=\"4016\" data-end=\"4062\">Maloobchodn\u00ed prodejny nab\u00edzej\u00edc\u00ed minimalistick\u00e9 jezdeck\u00e9 vybaven\u00ed<\/p>\n<\/li>\n<li data-start=\"4063\" data-end=\"4118\">\n<p data-start=\"4065\" data-end=\"4118\">Zna\u010dky motocykl\u016f nab\u00edzej\u00edc\u00ed p\u0159\u00edslu\u0161enstv\u00ed s certifik\u00e1tem CE<\/p>\n<\/li>\n<li data-start=\"4119\" data-end=\"4157\">\n<p data-start=\"4121\" data-end=\"4157\">Jarn\u00ed a podzimn\u00ed kolekce vybaven\u00ed<\/p>\n<\/li>\n<li data-start=\"4158\" data-end=\"4234\">\n<p data-start=\"4160\" data-end=\"4234\">Distributo\u0159i a velkoobchodn\u00edci hledaj\u00ed univerz\u00e1ln\u00ed ochrann\u00e9 rukavice.<\/p>\n<\/li>\n<li data-start=\"4235\" data-end=\"4266\">\n<p data-start=\"4237\" data-end=\"4266\">OEM nebo co-brandingov\u00e9 projekty<\/p>\n<\/li>\n<\/ul>\n<p data-start=\"4268\" data-end=\"4303\"><strong data-start=\"4268\" data-end=\"4301\">P\u0159ehled vlastnost\u00ed produktu:<\/strong><\/p>\n<ul data-start=\"4304\" data-end=\"4677\">\n<li data-start=\"4304\" data-end=\"4333\">\n<p data-start=\"4306\" data-end=\"4333\">Odoln\u00e1 keprov\u00e1 tkanina na zadn\u00ed stran\u011b<\/p>\n<\/li>\n<li data-start=\"4334\" data-end=\"4376\">\n<p data-start=\"4336\" data-end=\"4376\">Ko\u017een\u00e9 v\u00fdztuhy prst\u016f GoatSkin<\/p>\n<\/li>\n<li data-start=\"4377\" data-end=\"4423\">\n<p data-start=\"4379\" data-end=\"4423\">Pry\u017eov\u00fd panc\u00ed\u0159 EVA na prstech a man\u017eet\u011b z\u00e1p\u011bst\u00ed<\/p>\n<\/li>\n<li data-start=\"4424\" data-end=\"4456\">\n<p data-start=\"4426\" data-end=\"4456\">Ochrann\u00e1 sko\u0159epina kloub\u016f z TPU<\/p>\n<\/li>\n<li data-start=\"4457\" data-end=\"4494\">\n<p data-start=\"4459\" data-end=\"4494\">P\u011bnou polstrovan\u00e1 dla\u0148 z k\u016f\u017ee GoatSkin<\/p>\n<\/li>\n<li data-start=\"4495\" data-end=\"4528\">\n<p data-start=\"4497\" data-end=\"4528\">Nastaviteln\u00fd p\u00e1sek na z\u00e1p\u011bst\u00ed na such\u00fd zip<\/p>\n<\/li>\n<li data-start=\"4529\" data-end=\"4576\">\n<p data-start=\"4531\" data-end=\"4576\">Jemn\u00fd celo\u010dern\u00fd design se sv\u011btl\u00fdm ozna\u010den\u00edm zna\u010dky<\/p>\n<\/li>\n<li data-start=\"4577\" data-end=\"4635\">\n<p data-start=\"4579\" data-end=\"4635\">Voliteln\u00e9 barevn\u00e9 varianty (\u010derven\u00e9 nebo \u017elut\u00e9 lemov\u00e1n\u00ed)<\/p>\n<\/li>\n<li data-start=\"4636\" data-end=\"4677\">\n<p data-start=\"4638\" data-end=\"4677\">EN420 a EN13594:2015 Certifikace CE<\/p>\n<\/li>\n<\/ul>\n<p data-start=\"4679\" data-end=\"4910\">Na str\u00e1nk\u00e1ch <strong data-start=\"4683\" data-end=\"4720\">RYINZ Celo\u010dern\u00e9 rukavice na motorku<\/strong> jsou v\u0161estrannou a stylovou volbou pro ty, kte\u0159\u00ed cht\u011bj\u00ed ochrannou v\u00fdstroj bez ok\u00e1zalosti. Nezbytn\u00fd model pro obchody, kter\u00e9 cht\u011bj\u00ed zaujmout modern\u00ed jezdce a velkoodb\u011bratele v Evrop\u011b i mimo ni.<\/p>","protected":false},"excerpt":{"rendered":"<p>Celo\u010dern\u00e9 motocyklov\u00e9 rukavice RYINZ jsou univerz\u00e1ln\u00edm z\u00e1kladem pro jezdce a dodavatele vybaven\u00ed, kte\u0159\u00ed hledaj\u00ed elegantn\u00ed, ochrann\u00e9 a certifikovan\u00e9 \u0159e\u0161en\u00ed CE. Tyto rukavice, vyroben\u00e9 z h\u0159betu z keprov\u00e9 tkaniny a vyztu\u017een\u00e9 k\u016f\u017e\u00ed GoatSkin, jsou vybaveny gumou EVA a TPU v\u00fdztuhou kloub\u016f, polstrovanou dlan\u00ed pro pohodl\u00ed na dlouh\u00e9 vzd\u00e1lenosti a reli\u00e9fn\u00edm zap\u00edn\u00e1n\u00edm na such\u00fd zip na z\u00e1p\u011bst\u00ed pro p\u0159izp\u016fsoben\u00ed. Ide\u00e1ln\u00ed pro velkoobchodn\u00ed a maloobchodn\u00ed odb\u011bratele zam\u011b\u0159en\u00e9 na bezpe\u010dnostn\u00ed vybaven\u00ed s minimalistick\u00fdm designem. Certifikov\u00e1no podle norem EN420 a EN13594:2015 pro pou\u017eit\u00ed v cel\u00e9 EU.<\/p>","protected":false},"featured_media":9291,"comment_status":"closed","ping_status":"closed","template":"","meta":[],"product_brand":[35],"product_cat":[1111,380,122,68],"product_tag":[373,374,375,376,377,378,379,381,382,383,384,385,386,387,388],"class_list":{"0":"post-9196","1":"product","2":"type-product","3":"status-publish","4":"has-post-thumbnail","6":"product_brand-ryinz","7":"product_cat-motorbike","8":"product_cat-motorbike-gloves","9":"product_cat-motorbike-racing-gloves","10":"product_cat-ryinz","11":"product_tag-breathable-protective-gloves-for-long-rides","12":"product_tag-bright-color-gloves-for-road-safety-and-visibility","13":"product_tag-ce-certified-gloves-for-eu-motorcycle-safety","14":"product_tag-en13594-motorcycle-gloves-with-tpu-armor","15":"product_tag-eva-rubber-reinforced-tactical-gloves","16":"product_tag-goatskin-leather-motorcycle-gloves-for-retailers","17":"product_tag-high-visibility-biker-gloves-with-safety-features","18":"product_tag-motorcycle-gloves-with-foam-padded-palm","19":"product_tag-premium-riding-gloves-for-distribution","20":"product_tag-protective-riding-gloves-for-street-and-off-road","21":"product_tag-tactical-motorcycle-gloves-for-wholesale","22":"product_tag-tpu-knuckle-protected-gloves-for-motorcyclists","23":"product_tag-twill-back-biker-gloves-with-leather-palm","24":"product_tag-velcro-closure-motorcycle-gloves-for-fit","25":"product_tag-wholesale-riding-gloves-for-european-suppliers","27":"first","28":"instock","29":"taxable","30":"shipping-taxable","31":"purchasable","32":"product-type-simple"},"_links":{"self":[{"href":"https:\/\/ryinz.cz\/velkoobchod\/cs\/wp-json\/wp\/v2\/product\/9196","targetHints":{"allow":["GET"]}}],"collection":[{"href":"https:\/\/ryinz.cz\/velkoobchod\/cs\/wp-json\/wp\/v2\/product"}],"about":[{"href":"https:\/\/ryinz.cz\/velkoobchod\/cs\/wp-json\/wp\/v2\/types\/product"}],"replies":[{"embeddable":true,"href":"https:\/\/ryinz.cz\/velkoobchod\/cs\/wp-json\/wp\/v2\/comments?post=9196"}],"wp:featuredmedia":[{"embeddable":true,"href":"https:\/\/ryinz.cz\/velkoobchod\/cs\/wp-json\/wp\/v2\/media\/9291"}],"wp:attachment":[{"href":"https:\/\/ryinz.cz\/velkoobchod\/cs\/wp-json\/wp\/v2\/media?parent=9196"}],"wp:term":[{"taxonomy":"product_brand","embeddable":true,"href":"https:\/\/ryinz.cz\/velkoobchod\/cs\/wp-json\/wp\/v2\/product_brand?post=9196"},{"taxonomy":"product_cat","embeddable":true,"href":"https:\/\/ryinz.cz\/velkoobchod\/cs\/wp-json\/wp\/v2\/product_cat?post=9196"},{"taxonomy":"product_tag","embeddable":true,"href":"https:\/\/ryinz.cz\/velkoobchod\/cs\/wp-json\/wp\/v2\/product_tag?post=9196"}],"curies":[{"name":"wp","href":"https:\/\/api.w.org\/{rel}","templated":true}]}}