{"id":9186,"date":"2025-06-22T15:32:02","date_gmt":"2025-06-22T15:32:02","guid":{"rendered":"https:\/\/ryinz.cz\/velkoobchod\/?post_type=product&#038;p=9186"},"modified":"2026-01-18T20:18:10","modified_gmt":"2026-01-18T20:18:10","slug":"ryinz-vodotesne-zimni-motocyklove-rukavice-pro-maloobchodni-velkoobchod-s-brnenim-kloubu-a-plnym-pokrytim-rukavic","status":"publish","type":"product","link":"https:\/\/ryinz.cz\/velkoobchod\/cs\/product\/ryinz-waterproof-winter-motorcycle-gloves-for-retail-wholesale-with-knuckle-armor-and-full-gauntlet-coverage\/","title":{"rendered":"RYINZ Vodot\u011bsn\u00e9 zimn\u00ed rukavice na motorku pro maloobchod a velkoobchod s chr\u00e1ni\u010di kloub\u016f a pln\u00fdm kryt\u00edm rukavic"},"content":{"rendered":"<p data-start=\"903\" data-end=\"1026\"><strong data-start=\"903\" data-end=\"1026\">RYINZ Vodot\u011bsn\u00e9 zimn\u00ed rukavice na motorku - zateplen\u00e9 rukavice s plnou rukavic\u00ed pro maloobchodn\u00edky, distributory a cestovn\u00ed jezdce<\/strong><\/p>\n<p data-start=\"1028\" data-end=\"1408\">Kdy\u017e ude\u0159\u00ed chladn\u00e9 po\u010das\u00ed, pot\u0159ebuj\u00ed jezdci vybaven\u00ed, kter\u00e9 neohro\u017euje teplo, p\u0159ilnavost ani ochranu. Na . <strong data-start=\"1129\" data-end=\"1174\">RYINZ Nepromokav\u00e9 zimn\u00ed rukavice na motorku<\/strong> jsou navr\u017eeny speci\u00e1ln\u011b pro tyto pot\u0159eby. Tyto rukavice jsou nezbytnou sou\u010d\u00e1st\u00ed ka\u017ed\u00e9ho sortimentu motocyklov\u00e9ho oble\u010den\u00ed pro prodej v zimn\u00ed sez\u00f3n\u011b - a\u0165 u\u017e dod\u00e1v\u00e1te maloobchodn\u00edk\u016fm, distributor\u016fm, nebo nab\u00edz\u00edte motocyklov\u00e9 vybaven\u00ed pod vlastn\u00ed zna\u010dkou.<\/p>\n<p data-start=\"1410\" data-end=\"1830\"><strong data-start=\"1410\" data-end=\"1462\">Vytvo\u0159eno pro extr\u00e9mn\u00ed po\u010das\u00ed - celoro\u010dn\u00ed materi\u00e1ly<\/strong><br data-start=\"1462\" data-end=\"1465\" \/>Vyrobeno s pou\u017eit\u00edm <strong data-start=\"1479\" data-end=\"1516\">odoln\u00e1 textilie odoln\u00e1 proti pov\u011btrnostn\u00edm vliv\u016fm<\/strong>, tyto rukavice jsou navr\u017eeny tak, aby blokovaly v\u00edtr a odpuzovaly vodu p\u0159i j\u00edzd\u011b za mokra a sn\u011bhu. Prodlou\u017een\u00e1 <strong data-start=\"1615\" data-end=\"1638\">man\u017eety s plnou rukavic\u00ed<\/strong> poskytuj\u00ed \u00fapln\u00e9 kryt\u00ed za z\u00e1p\u011bst\u00edm a vytv\u00e1\u0159ej\u00ed t\u011bsn\u011bn\u00ed, kter\u00e9 zabra\u0148uje pronik\u00e1n\u00ed chladn\u00e9ho vzduchu a vlhkosti - jsou tak vynikaj\u00edc\u00ed volbou pro zimn\u00ed turistiku a doj\u00ed\u017ed\u011bn\u00ed na dlouh\u00e9 vzd\u00e1lenosti.<\/p>\n<p data-start=\"1832\" data-end=\"2196\"><strong data-start=\"1832\" data-end=\"1886\">Zes\u00edlen\u00e1 dla\u0148 s technologi\u00ed Grip Control a p\u011bnov\u00fdm polstrov\u00e1n\u00edm<\/strong><br data-start=\"1886\" data-end=\"1889\" \/>Dlan\u011b rukavic jsou vyrobeny z kombinace <strong data-start=\"1934\" data-end=\"1987\">K\u016f\u017ee GoatSkin a texturovan\u00e9 v\u00fdztuhy rukojeti<\/strong>, co\u017e zaji\u0161\u0165uje odolnost proti od\u011bru i bezpe\u010dn\u00e9 ovl\u00e1d\u00e1n\u00ed \u0159\u00edd\u00edtek. P\u011bnov\u00e9 polstrov\u00e1n\u00ed v n\u00e1razov\u00fdch z\u00f3n\u00e1ch zm\u00edr\u0148uje vibrace a sni\u017euje z\u00e1t\u011b\u017e, co\u017e je ide\u00e1ln\u00ed pro jezdce, kte\u0159\u00ed \u010del\u00ed nerovn\u00e9mu ter\u00e9nu nebo tr\u00e1v\u00ed hodiny na cest\u00e1ch.<\/p>\n<p data-start=\"2198\" data-end=\"2520\"><strong data-start=\"2198\" data-end=\"2238\">Chr\u00e1ni\u010d kloub\u016f z TPU pro maxim\u00e1ln\u00ed bezpe\u010dnost<\/strong><br data-start=\"2238\" data-end=\"2241\" \/>V oblastech s vysokou z\u00e1t\u011b\u017e\u00ed jsou rukavice vybaveny <strong data-start=\"2292\" data-end=\"2318\">Chr\u00e1ni\u010de kloub\u016f z TPU<\/strong>, vlo\u017een\u00e9 do ko\u017een\u00e9 a textiln\u00ed sko\u0159epiny, kter\u00e9 zaji\u0161\u0165uj\u00ed struktur\u00e1ln\u00ed ochranu proti n\u00e1raz\u016fm a \u00falomk\u016fm. Hladk\u00e9 kontury umo\u017e\u0148uj\u00ed p\u0159irozen\u00fd ohyb ruky, tak\u017ee rukavice jsou bezpe\u010dn\u00e9 a pru\u017en\u00e9.<\/p>\n<p data-start=\"2522\" data-end=\"2889\"><strong data-start=\"2522\" data-end=\"2571\">Nastaviteln\u00fd st\u0159ih - dvojit\u00fd syst\u00e9m ochrany z\u00e1p\u011bst\u00ed<\/strong><br data-start=\"2571\" data-end=\"2574\" \/>Tyto rukavice jsou navr\u017eeny pro pohodl\u00ed a p\u0159izp\u016fsoben\u00ed a obsahuj\u00ed <strong data-start=\"2639\" data-end=\"2661\">P\u00e1sek na z\u00e1p\u011bst\u00ed na such\u00fd zip<\/strong> pro t\u011bsn\u00e9 vnit\u0159n\u00ed uchycen\u00ed, stejn\u011b jako pro <strong data-start=\"2701\" data-end=\"2742\">vn\u011bj\u0161\u00ed elastick\u00e1 stahovac\u00ed man\u017eeta.<\/strong> k dal\u0161\u00ed ochran\u011b p\u0159ed studen\u00fdm v\u011btrem nebo prosakuj\u00edc\u00ed vodou. Tento dvouvrstv\u00fd syst\u00e9m zap\u00edn\u00e1n\u00ed je ide\u00e1ln\u00ed pro jezdce, kte\u0159\u00ed nos\u00ed t\u011b\u017ek\u00e9 bundy nebo vrstven\u00e9 ruk\u00e1vy.<\/p>\n<p data-start=\"2891\" data-end=\"3183\"><strong data-start=\"2891\" data-end=\"2929\">Celodenn\u00ed pohodl\u00ed a regulace vlhkosti<\/strong><br data-start=\"2929\" data-end=\"2932\" \/>Pod\u0161\u00edvka s <strong data-start=\"2943\" data-end=\"2966\">m\u011bkk\u00e1 tepeln\u00e1 tkanina<\/strong>, tyto rukavice poskytuj\u00ed vynikaj\u00edc\u00ed izolaci bez tvorby potu. Prody\u0161n\u00fd materi\u00e1l udr\u017euje teplo a z\u00e1rove\u0148 umo\u017e\u0148uje \u00fanik vnit\u0159n\u00ed vlhkosti, tak\u017ee ruce z\u016fst\u00e1vaj\u00ed b\u011bhem dlouh\u00fdch cest such\u00e9 a pohodln\u00e9.<\/p>\n<p data-start=\"3185\" data-end=\"3411\"><strong data-start=\"3185\" data-end=\"3213\">Reflexn\u00ed potrub\u00ed Hi-Vis<\/strong><br data-start=\"3213\" data-end=\"3216\" \/>Jemn\u00e1, ale funk\u010dn\u00ed integrovan\u00e1 <strong data-start=\"3254\" data-end=\"3275\">reflexn\u00ed potrub\u00ed<\/strong> na zadn\u00ed stran\u011b zlep\u0161uje viditelnost b\u011bhem no\u010dn\u00ed j\u00edzdy nebo j\u00edzdy za mlhy, \u010d\u00edm\u017e zvy\u0161uje bezpe\u010dnost, ani\u017e by to bylo na \u00fakor elegantn\u00edho, celo\u010dern\u00e9ho designu.<\/p>\n<p data-start=\"3413\" data-end=\"3435\"><strong data-start=\"3413\" data-end=\"3433\">Ide\u00e1ln\u00ed p\u0159\u00edpady pou\u017eit\u00ed:<\/strong><\/p>\n<ul data-start=\"3436\" data-end=\"3663\">\n<li data-start=\"3436\" data-end=\"3470\">\n<p data-start=\"3438\" data-end=\"3470\">J\u00edzda v zim\u011b a za chladn\u00e9ho po\u010das\u00ed<\/p>\n<\/li>\n<li data-start=\"3471\" data-end=\"3509\">\n<p data-start=\"3473\" data-end=\"3509\">Dobrodru\u017en\u00e1 j\u00edzda na motocyklu a turistika<\/p>\n<\/li>\n<li data-start=\"3510\" data-end=\"3537\">\n<p data-start=\"3512\" data-end=\"3537\">Doj\u00ed\u017ed\u011bn\u00ed na dlouh\u00e9 vzd\u00e1lenosti<\/p>\n<\/li>\n<li data-start=\"3538\" data-end=\"3570\">\n<p data-start=\"3540\" data-end=\"3570\">Profesion\u00e1ln\u00ed doru\u010dovatel\u00e9<\/p>\n<\/li>\n<li data-start=\"3571\" data-end=\"3609\">\n<p data-start=\"3573\" data-end=\"3609\">Evrop\u0161t\u00ed prodejci motocyklov\u00e9ho vybaven\u00ed<\/p>\n<\/li>\n<li data-start=\"3610\" data-end=\"3663\">\n<p data-start=\"3612\" data-end=\"3663\">Velkoobchodn\u00ed a priv\u00e1tn\u00ed programy zimn\u00edch rukavic<\/p>\n<\/li>\n<\/ul>\n<p data-start=\"3665\" data-end=\"3691\"><strong data-start=\"3665\" data-end=\"3689\">Dal\u0161\u00ed funkce:<\/strong><\/p>\n<ul data-start=\"3692\" data-end=\"4147\">\n<li data-start=\"3692\" data-end=\"3745\">\n<p data-start=\"3694\" data-end=\"3745\">Design s prodlou\u017eenou ochranou proti pov\u011btrnostn\u00edm vliv\u016fm v cel\u00fdch ruk\u00e1vech<\/p>\n<\/li>\n<li data-start=\"3746\" data-end=\"3785\">\n<p data-start=\"3748\" data-end=\"3785\">Vodot\u011bsn\u00e1 vn\u011bj\u0161\u00ed konstrukce<\/p>\n<\/li>\n<li data-start=\"3786\" data-end=\"3818\">\n<p data-start=\"3788\" data-end=\"3818\">Ochrann\u00fd obal kloubu z TPU<\/p>\n<\/li>\n<li data-start=\"3819\" data-end=\"3873\">\n<p data-start=\"3821\" data-end=\"3873\">Dla\u0148 s k\u016f\u017e\u00ed GoatSkin a texturovan\u00fdmi \u00fachopov\u00fdmi plochami<\/p>\n<\/li>\n<li data-start=\"3874\" data-end=\"3906\">\n<p data-start=\"3876\" data-end=\"3906\">Prody\u0161n\u00e1 izola\u010dn\u00ed pod\u0161\u00edvka<\/p>\n<\/li>\n<li data-start=\"3907\" data-end=\"3953\">\n<p data-start=\"3909\" data-end=\"3953\">Syst\u00e9m zap\u00edn\u00e1n\u00ed na such\u00fd zip a \u0161\u0148\u016frku<\/p>\n<\/li>\n<li data-start=\"3954\" data-end=\"4001\">\n<p data-start=\"3956\" data-end=\"4001\">Reflexn\u00ed akcenty pro viditelnost p\u0159i slab\u00e9m osv\u011btlen\u00ed<\/p>\n<\/li>\n<li data-start=\"4002\" data-end=\"4051\">\n<p data-start=\"4004\" data-end=\"4051\">Zes\u00edlen\u00e9 \u0161vy pro dlouhodobou odolnost<\/p>\n<\/li>\n<li data-start=\"4052\" data-end=\"4100\">\n<p data-start=\"4054\" data-end=\"4100\">K dispozici v r\u016fzn\u00fdch velikostech pro mu\u017ee a \u017eeny<\/p>\n<\/li>\n<li data-start=\"4101\" data-end=\"4147\">\n<p data-start=\"4103\" data-end=\"4147\">V souladu s CE a pro evropsk\u00e9 trhy<\/p>\n<\/li>\n<\/ul>\n<p data-start=\"4149\" data-end=\"4375\">A\u0165 u\u017e jedete v de\u0161ti, sn\u011bhu nebo ledov\u00e9m v\u011btru. <strong data-start=\"4209\" data-end=\"4254\">RYINZ Nepromokav\u00e9 zimn\u00ed rukavice na motorku<\/strong> nab\u00edzej\u00ed bezkonkuren\u010dn\u00ed izolaci, bezpe\u010dnost a robustn\u00ed styl, tak\u017ee jsou nezbytn\u00fdm produktem pro va\u0161i p\u0159\u00ed\u0161t\u00ed sez\u00f3nn\u00ed inventuru.<\/p>","protected":false},"excerpt":{"rendered":"<p data-start=\"258\" data-end=\"852\">Z\u016fsta\u0148te chr\u00e1n\u011bni a v teple v extr\u00e9mn\u00edch j\u00edzdn\u00edch podm\u00ednk\u00e1ch s nepromokav\u00fdmi zimn\u00edmi motocyklov\u00fdmi rukavicemi RYINZ. Tyto celorozep\u00ednac\u00ed rukavice, navr\u017een\u00e9 pro v\u00fdkon a pohodl\u00ed, jsou vybaveny vn\u011bj\u0161\u00edm materi\u00e1lem odoln\u00fdm proti pov\u011btrnostn\u00edm vliv\u016fm, chr\u00e1ni\u010di kloub\u016f z TPU, p\u011bnou vyztu\u017eenou v\u00fdpln\u00ed dlan\u011b a nastaviteln\u00fdm z\u00e1p\u011bst\u00edm a stahovac\u00edmi \u0161\u0148\u016frkami pro bezpe\u010dn\u00e9 a v\u011btruvzdorn\u00e9 uchycen\u00ed. Tyto rukavice jsou ide\u00e1ln\u00ed pro zimn\u00ed jezdce, doj\u00ed\u017ed\u011bj\u00edc\u00ed na dlouh\u00e9 vzd\u00e1lenosti a obchody s vybaven\u00edm pro dobrodru\u017enou turistiku a nab\u00edzej\u00ed maxim\u00e1ln\u00ed izolaci, p\u0159ilnavost a bezpe\u010dnost - dokonale se hod\u00ed pro velkoobchodn\u00ed z\u00e1sobov\u00e1n\u00ed i maloobchodn\u00ed distribuci po cel\u00e9 Evrop\u011b.<\/p>","protected":false},"featured_media":9290,"comment_status":"closed","ping_status":"closed","template":"","meta":[],"product_brand":[35],"product_cat":[1111,380,122,68],"product_tag":[373,374,375,376,377,378,379,381,382,383,384,385,386,387,388],"class_list":{"0":"post-9186","1":"product","2":"type-product","3":"status-publish","4":"has-post-thumbnail","6":"product_brand-ryinz","7":"product_cat-motorbike","8":"product_cat-motorbike-gloves","9":"product_cat-motorbike-racing-gloves","10":"product_cat-ryinz","11":"product_tag-breathable-protective-gloves-for-long-rides","12":"product_tag-bright-color-gloves-for-road-safety-and-visibility","13":"product_tag-ce-certified-gloves-for-eu-motorcycle-safety","14":"product_tag-en13594-motorcycle-gloves-with-tpu-armor","15":"product_tag-eva-rubber-reinforced-tactical-gloves","16":"product_tag-goatskin-leather-motorcycle-gloves-for-retailers","17":"product_tag-high-visibility-biker-gloves-with-safety-features","18":"product_tag-motorcycle-gloves-with-foam-padded-palm","19":"product_tag-premium-riding-gloves-for-distribution","20":"product_tag-protective-riding-gloves-for-street-and-off-road","21":"product_tag-tactical-motorcycle-gloves-for-wholesale","22":"product_tag-tpu-knuckle-protected-gloves-for-motorcyclists","23":"product_tag-twill-back-biker-gloves-with-leather-palm","24":"product_tag-velcro-closure-motorcycle-gloves-for-fit","25":"product_tag-wholesale-riding-gloves-for-european-suppliers","27":"first","28":"instock","29":"taxable","30":"shipping-taxable","31":"purchasable","32":"product-type-simple"},"_links":{"self":[{"href":"https:\/\/ryinz.cz\/velkoobchod\/cs\/wp-json\/wp\/v2\/product\/9186","targetHints":{"allow":["GET"]}}],"collection":[{"href":"https:\/\/ryinz.cz\/velkoobchod\/cs\/wp-json\/wp\/v2\/product"}],"about":[{"href":"https:\/\/ryinz.cz\/velkoobchod\/cs\/wp-json\/wp\/v2\/types\/product"}],"replies":[{"embeddable":true,"href":"https:\/\/ryinz.cz\/velkoobchod\/cs\/wp-json\/wp\/v2\/comments?post=9186"}],"wp:featuredmedia":[{"embeddable":true,"href":"https:\/\/ryinz.cz\/velkoobchod\/cs\/wp-json\/wp\/v2\/media\/9290"}],"wp:attachment":[{"href":"https:\/\/ryinz.cz\/velkoobchod\/cs\/wp-json\/wp\/v2\/media?parent=9186"}],"wp:term":[{"taxonomy":"product_brand","embeddable":true,"href":"https:\/\/ryinz.cz\/velkoobchod\/cs\/wp-json\/wp\/v2\/product_brand?post=9186"},{"taxonomy":"product_cat","embeddable":true,"href":"https:\/\/ryinz.cz\/velkoobchod\/cs\/wp-json\/wp\/v2\/product_cat?post=9186"},{"taxonomy":"product_tag","embeddable":true,"href":"https:\/\/ryinz.cz\/velkoobchod\/cs\/wp-json\/wp\/v2\/product_tag?post=9186"}],"curies":[{"name":"wp","href":"https:\/\/api.w.org\/{rel}","templated":true}]}}