{"id":9185,"date":"2025-06-22T15:32:01","date_gmt":"2025-06-22T15:32:01","guid":{"rendered":"https:\/\/ryinz.cz\/velkoobchod\/?post_type=product&#038;p=9185"},"modified":"2026-01-18T20:18:08","modified_gmt":"2026-01-18T20:18:08","slug":"ryinz-maloobchodni-velkoobchodni-lehke-jezdecke-rukavice-s-dotykovym-displejem-a-tpu-eva-bezpecnostni-ochranou","status":"publish","type":"product","link":"https:\/\/ryinz.cz\/velkoobchod\/cs\/product\/ryinz-retail-wholesale-lightweight-riding-gloves-with-touchscreen-fingertip-and-tpu-eva-safety-protection\/","title":{"rendered":"RYINZ Maloobchodn\u00ed a velkoobchodn\u00ed lehk\u00e9 jezdeck\u00e9 rukavice s dotykov\u00fdm displejem a bezpe\u010dnostn\u00ed ochranou TPU + EVA"},"content":{"rendered":"<p data-start=\"892\" data-end=\"1001\"><strong data-start=\"892\" data-end=\"1001\">RYINZ Lehk\u00e9 motocyklov\u00e9 rukavice s dotykov\u00fdm displejem - pro velkoobchod, maloobchod a jezdce digit\u00e1ln\u00edho v\u011bku<\/strong><\/p>\n<p data-start=\"1003\" data-end=\"1377\">Rukavice na motorku pro\u0161ly v\u00fdvojem - a <strong data-start=\"1044\" data-end=\"1079\">Lehk\u00e9 jezdeck\u00e9 rukavice RYINZ<\/strong> jsou dokonal\u00fdm odrazem tohoto v\u00fdvoje. Tyto rukavice byly navr\u017eeny pro modern\u00ed motocyklisty a up\u0159ednost\u0148uj\u00ed pohodl\u00ed, ovl\u00e1d\u00e1n\u00ed, digit\u00e1ln\u00ed u\u017eitek a bezpe\u010dnost, p\u0159i\u010dem\u017e z\u016fst\u00e1vaj\u00ed lehk\u00e9 a prody\u0161n\u00e9. A\u0165 u\u017e jste maloobchodn\u00ed prodejce, distributor nebo online prodejce, jedn\u00e1 se o ide\u00e1ln\u00ed produkt do va\u0161ich z\u00e1sob.<\/p>\n<p data-start=\"1379\" data-end=\"1678\"><strong data-start=\"1379\" data-end=\"1444\">Zjednodu\u0161en\u00e1 konstrukce - pru\u017en\u00e1 a prody\u0161n\u00e1 keprov\u00e1 z\u00e1da<\/strong><br data-start=\"1444\" data-end=\"1447\" \/>Tyto rukavice maj\u00ed <strong data-start=\"1470\" data-end=\"1491\">keprov\u00e1 tkanina na zadn\u00ed stran\u011b<\/strong> kter\u00fd je lehk\u00fd, prody\u0161n\u00fd a elastick\u00fd. Zaji\u0161\u0165uje volnost pohybu a spr\u00e1vn\u00e9 proud\u011bn\u00ed vzduchu pro jezdce, kte\u0159\u00ed tr\u00e1v\u00ed dlouh\u00e9 hodiny na cest\u00e1ch nebo pou\u017e\u00edvaj\u00ed rukavice v tepl\u00e9m po\u010das\u00ed.<\/p>\n<p data-start=\"1680\" data-end=\"1840\">Z\u00e1\u0159iv\u011b \u010derven\u011b zv\u00fdrazn\u011bn\u00e1 zna\u010dka a barevn\u00e9 lemov\u00e1n\u00ed dod\u00e1vaj\u00ed odv\u00e1\u017en\u00fd, sportovn\u00ed vzhled, ani\u017e by byly p\u0159\u00edli\u0161 ok\u00e1zal\u00e9, co\u017e je ide\u00e1ln\u00ed pro p\u0159\u00edle\u017eitostn\u00e9 i poloprofesion\u00e1ln\u00ed jezdce.<\/p>\n<p data-start=\"1842\" data-end=\"2206\"><strong data-start=\"1842\" data-end=\"1901\">Bezpe\u010dnostn\u00ed st\u00edn\u011bn\u00ed z TPU a EVA - integrovan\u00e9 a p\u0159esto lehk\u00e9<\/strong><br data-start=\"1901\" data-end=\"1904\" \/>Bezpe\u010dnost nebyla ohro\u017eena. <strong data-start=\"1937\" data-end=\"1963\">Ochrana kloub\u016f z TPU<\/strong> je zapu\u0161t\u011bna pod keprovou zadn\u00ed stranou a zaji\u0161\u0165uje tlumen\u00ed n\u00e1raz\u016f p\u0159i n\u00e1hodn\u00fdch p\u00e1dech nebo prudk\u00fdch pohybech. <strong data-start=\"2071\" data-end=\"2090\">Gumov\u00e9 podlo\u017eky EVA<\/strong> d\u00e1le zpev\u0148uj\u00ed rukavice p\u0159es prsty a man\u017eetu na z\u00e1p\u011bst\u00ed pro lep\u0161\u00ed ochranu p\u0159ed pohmo\u017ed\u011bninami a od\u0159eninami.<\/p>\n<p data-start=\"2208\" data-end=\"2337\">Tyto vlastnosti jsou jemn\u011b navr\u017eeny tak, aby rukavice z\u016fstaly lehk\u00e9 a z\u00e1rove\u0148 poskytovaly vysoce kvalitn\u00ed obranu tam, kde je to d\u016fle\u017eit\u00e9.<\/p>\n<p data-start=\"2339\" data-end=\"2766\"><strong data-start=\"2339\" data-end=\"2406\">Dokonalost dlan\u011b - v\u00fdztu\u017e z koz\u00ed k\u016f\u017ee + p\u011bnov\u00e9 polstrov\u00e1n\u00ed<\/strong><br data-start=\"2406\" data-end=\"2409\" \/>Dlan\u011b jsou kritickou oblast\u00ed pro p\u0159ilnavost a opot\u0159eben\u00ed a spole\u010dnost RYINZ je \u0159e\u0161\u00ed pomoc\u00ed <strong data-start=\"2486\" data-end=\"2520\">Vyztu\u017een\u00ed k\u016f\u017e\u00ed GoatSkin<\/strong> ve vysoce nam\u00e1han\u00fdch kontaktn\u00edch z\u00f3n\u00e1ch. Krom\u011b toho, <strong data-start=\"2564\" data-end=\"2580\">p\u011bnov\u00e9 polstrov\u00e1n\u00ed<\/strong> zm\u00edr\u0148uje vibrace a zlep\u0161uje kontrolu nad \u00fachopem. Toto ergonomick\u00e9 uspo\u0159\u00e1d\u00e1n\u00ed nab\u00edz\u00ed pohodln\u00fd protiskluzov\u00fd z\u00e1\u017eitek, kter\u00fd je ide\u00e1ln\u00ed pro j\u00edzdu ve m\u011bst\u011b, na e-kolob\u011b\u017ek\u00e1ch, pro \u0159idi\u010de dod\u00e1vek a horsk\u00e1 kola.<\/p>\n<p data-start=\"2768\" data-end=\"3041\"><strong data-start=\"2768\" data-end=\"2820\">Kompatibiln\u00ed s dotykovou obrazovkou pro pohodln\u00e9 ovl\u00e1d\u00e1n\u00ed prstem<\/strong><br data-start=\"2820\" data-end=\"2823\" \/>Kl\u00ed\u010dov\u00fd prvek pro modern\u00edho jezdce:. <strong data-start=\"2863\" data-end=\"2901\">ukazov\u00e1\u010dek citliv\u00fd na dotyk<\/strong> umo\u017e\u0148uje bezprobl\u00e9mov\u00e9 pou\u017e\u00edv\u00e1n\u00ed chytr\u00fdch telefon\u016f a za\u0159\u00edzen\u00ed GPS bez nutnosti sund\u00e1v\u00e1n\u00ed rukavice. T\u00edm tento v\u00fdrobek vynik\u00e1 na trhu s digit\u00e1ln\u00edm vybaven\u00edm.<\/p>\n<p data-start=\"3043\" data-end=\"3311\"><strong data-start=\"3043\" data-end=\"3091\">Nastaviteln\u00fd p\u00e1sek na such\u00fd zip pro bezpe\u010dn\u00e9 uchycen\u00ed na z\u00e1p\u011bst\u00ed<\/strong><br data-start=\"3091\" data-end=\"3094\" \/>Rukavice jsou dod\u00e1v\u00e1ny s <strong data-start=\"3117\" data-end=\"3133\">Popruh na such\u00fd zip<\/strong> pro individu\u00e1ln\u00ed nastaven\u00ed z\u00e1p\u011bst\u00ed, kter\u00e9 zajist\u00ed, \u017ee z\u016fstanou bezpe\u010dn\u011b na sv\u00e9m m\u00edst\u011b i b\u011bhem intenzivn\u00ed j\u00edzdy nebo rychl\u00fdch zast\u00e1vek. Konstrukce tak\u00e9 pom\u00e1h\u00e1 chr\u00e1nit p\u0159ed prachem, v\u011btrem a lehkou vlhkost\u00ed.<\/p>\n<p data-start=\"3313\" data-end=\"3651\"><strong data-start=\"3313\" data-end=\"3361\">Varianty barev a zna\u010dek pro v\u011bt\u0161\u00ed p\u0159ita\u017elivost<\/strong><br data-start=\"3361\" data-end=\"3364\" \/>K dispozici v n\u00e1padn\u00fdch barv\u00e1ch <strong data-start=\"3386\" data-end=\"3399\">\u010dern\u00e1\/\u010derven\u00e1<\/strong>, <strong data-start=\"3401\" data-end=\"3417\">\u010dern\u00e1\/\u017elut\u00e1<\/strong>, a <strong data-start=\"3423\" data-end=\"3437\">\u010dern\u00e1\/\u0161ed\u00e1<\/strong>, tyto rukavice umo\u017e\u0148uj\u00ed va\u0161im kupuj\u00edc\u00edm vybrat si perfektn\u00ed kombinaci pro jejich styl. Spole\u010dn\u00e1 zna\u010dka s ob\u011bma <strong data-start=\"3536\" data-end=\"3545\">RYINZ<\/strong> a <strong data-start=\"3550\" data-end=\"3560\">Spring<\/strong> \u0161t\u00edtky, je tento model p\u0159ipraven jak pro maloobchodn\u00ed prodejce v\u00edce zna\u010dek, tak pro exkluzivn\u00ed B2B distributory.<\/p>\n<p data-start=\"3653\" data-end=\"3927\"><strong data-start=\"3653\" data-end=\"3705\">Certifikov\u00e1no pro v\u00fdkon - EN420 a EN13594:2015<\/strong><br data-start=\"3705\" data-end=\"3708\" \/>V\u0161echny rukavice RYINZ jsou testov\u00e1ny na. <strong data-start=\"3739\" data-end=\"3769\">Certifika\u010dn\u00ed normy CE<\/strong>, a tento model nen\u00ed v\u00fdjimkou. V souladu s <strong data-start=\"3818\" data-end=\"3844\">EN420 a EN13594:2015<\/strong>, poskytuje z\u00e1konn\u00e9 schv\u00e1len\u00ed bezpe\u010dnosti pro prodej a pou\u017eit\u00ed v cel\u00e9 Evropsk\u00e9 unii.<\/p>\n<p data-start=\"3929\" data-end=\"3958\"><strong data-start=\"3929\" data-end=\"3956\">Ide\u00e1ln\u00ed trhy a kupuj\u00edc\u00ed:<\/strong><\/p>\n<ul data-start=\"3959\" data-end=\"4226\">\n<li data-start=\"3959\" data-end=\"3991\">\n<p data-start=\"3961\" data-end=\"3991\">B2B distributo\u0159i bezpe\u010dnostn\u00edho vybaven\u00ed<\/p>\n<\/li>\n<li data-start=\"3992\" data-end=\"4027\">\n<p data-start=\"3994\" data-end=\"4027\">Obchody se sportovn\u00edm oble\u010den\u00edm a motocykly<\/p>\n<\/li>\n<li data-start=\"4028\" data-end=\"4085\">\n<p data-start=\"4030\" data-end=\"4085\">Internetov\u00ed prodejci hledaj\u00ed funk\u010dn\u00ed jezdeck\u00e9 rukavice<\/p>\n<\/li>\n<li data-start=\"4086\" data-end=\"4138\">\n<p data-start=\"4088\" data-end=\"4138\">Vybaven\u00ed pro elektrosk\u00fatry, elektrokola a dod\u00e1vkov\u00e9 vozy<\/p>\n<\/li>\n<li data-start=\"4139\" data-end=\"4181\">\n<p data-start=\"4141\" data-end=\"4181\">Projekty OEM a zna\u010dkov\u00e9 produktov\u00e9 \u0159ady<\/p>\n<\/li>\n<li data-start=\"4182\" data-end=\"4226\">\n<p data-start=\"4184\" data-end=\"4226\">Kolekce letn\u00ed v\u00fdbavy pro m\u011bstsk\u00e9 jezdce<\/p>\n<\/li>\n<\/ul>\n<p data-start=\"4228\" data-end=\"4259\"><strong data-start=\"4228\" data-end=\"4257\">P\u0159ehled hlavn\u00edch funkc\u00ed:<\/strong><\/p>\n<ul data-start=\"4260\" data-end=\"4683\">\n<li data-start=\"4260\" data-end=\"4302\">\n<p data-start=\"4262\" data-end=\"4302\">Lehk\u00e1 keprov\u00e1 z\u00e1da pro v\u011btr\u00e1n\u00ed<\/p>\n<\/li>\n<li data-start=\"4303\" data-end=\"4346\">\n<p data-start=\"4305\" data-end=\"4346\">Chr\u00e1ni\u010de kloub\u016f z TPU pro ochranu proti n\u00e1raz\u016fm<\/p>\n<\/li>\n<li data-start=\"4347\" data-end=\"4389\">\n<p data-start=\"4349\" data-end=\"4389\">Gumov\u00e9 polstrov\u00e1n\u00ed EVA na prstech a man\u017eet\u011b<\/p>\n<\/li>\n<li data-start=\"4390\" data-end=\"4441\">\n<p data-start=\"4392\" data-end=\"4441\">Zes\u00edlen\u00e1 dla\u0148 z k\u016f\u017ee GoatSkin pro v\u011bt\u0161\u00ed odolnost<\/p>\n<\/li>\n<li data-start=\"4442\" data-end=\"4488\">\n<p data-start=\"4444\" data-end=\"4488\">P\u011bnov\u00e9 polstrovan\u00e9 z\u00f3ny pro tlumen\u00ed vibrac\u00ed<\/p>\n<\/li>\n<li data-start=\"4489\" data-end=\"4539\">\n<p data-start=\"4491\" data-end=\"4539\">Dotykov\u00fd displej pro digit\u00e1ln\u00ed pou\u017eit\u00ed<\/p>\n<\/li>\n<li data-start=\"4540\" data-end=\"4571\">\n<p data-start=\"4542\" data-end=\"4571\">Bezpe\u010dn\u00e9 zap\u00edn\u00e1n\u00ed na such\u00fd zip<\/p>\n<\/li>\n<li data-start=\"4572\" data-end=\"4602\">\n<p data-start=\"4574\" data-end=\"4602\">Spole\u010dn\u00e1 zna\u010dka: RYINZ x Spring<\/p>\n<\/li>\n<li data-start=\"4603\" data-end=\"4642\">\n<p data-start=\"4605\" data-end=\"4642\">K dispozici ve v\u00edce barevn\u00fdch variant\u00e1ch<\/p>\n<\/li>\n<li data-start=\"4643\" data-end=\"4683\">\n<p data-start=\"4645\" data-end=\"4683\">Certifikov\u00e1no podle EN420 a EN13594:2015<\/p>\n<\/li>\n<\/ul>\n<p data-start=\"4685\" data-end=\"4942\">S t\u011bmito rukavicemi nab\u00edz\u00edte sv\u00fdm z\u00e1kazn\u00edk\u016fm nejen ochranu, ale i praktick\u00fd v\u00fdkon. Na . <strong data-start=\"4788\" data-end=\"4823\">Lehk\u00e9 jezdeck\u00e9 rukavice RYINZ<\/strong> jsou ide\u00e1ln\u00ed pro ka\u017edodenn\u00ed jezdce, kte\u0159\u00ed cht\u011bj\u00ed flexibiln\u00ed rukavice s dotykov\u00fdm displejem a bezpe\u010dnostn\u00edmi prvky t\u011b\u017e\u0161\u00edch model\u016f.<\/p>","protected":false},"excerpt":{"rendered":"<p>Zlep\u0161ete sv\u016fj z\u00e1\u017eitek z j\u00edzdy s lehk\u00fdmi motocyklov\u00fdmi rukavicemi RYINZ, kter\u00e9 jsou navr\u017eeny pro pohodl\u00ed, odolnost a digit\u00e1ln\u00ed pohodl\u00ed. Tyto rukavice, vyroben\u00e9 s keprov\u00fdm h\u0159betem a dlan\u00ed vyztu\u017eenou k\u016f\u017e\u00ed GoatSkin, nab\u00edzej\u00ed spolehliv\u00fd \u00fachop, p\u011bnov\u00e9 polstrov\u00e1n\u00ed a prody\u0161n\u00e9 no\u0161en\u00ed. Pl\u00e1\u0161\u0165 kloub\u016f z TPU a ochrana z pry\u017ee EVA zaji\u0161\u0165uj\u00ed odolnost proti n\u00e1raz\u016fm, zat\u00edmco prstov\u00e1 \u010d\u00e1st kompatibiln\u00ed s dotykovou obrazovkou dod\u00e1v\u00e1 modern\u00edm jezdc\u016fm funk\u010dnost. Tento model je ide\u00e1ln\u00ed pro hromadn\u00e9 objedn\u00e1vky a maloobchodn\u00ed prodej a nab\u00edz\u00ed prvot\u0159\u00eddn\u00ed ochranu bez velk\u00fdch rozm\u011br\u016f - certifik\u00e1t CE podle norem EN420 a EN13594:2015.<\/p>","protected":false},"featured_media":9289,"comment_status":"closed","ping_status":"closed","template":"","meta":[],"product_brand":[35],"product_cat":[1111,380,122,68],"product_tag":[373,374,375,376,377,378,379,381,382,383,384,385,386,387,388],"class_list":{"0":"post-9185","1":"product","2":"type-product","3":"status-publish","4":"has-post-thumbnail","6":"product_brand-ryinz","7":"product_cat-motorbike","8":"product_cat-motorbike-gloves","9":"product_cat-motorbike-racing-gloves","10":"product_cat-ryinz","11":"product_tag-breathable-protective-gloves-for-long-rides","12":"product_tag-bright-color-gloves-for-road-safety-and-visibility","13":"product_tag-ce-certified-gloves-for-eu-motorcycle-safety","14":"product_tag-en13594-motorcycle-gloves-with-tpu-armor","15":"product_tag-eva-rubber-reinforced-tactical-gloves","16":"product_tag-goatskin-leather-motorcycle-gloves-for-retailers","17":"product_tag-high-visibility-biker-gloves-with-safety-features","18":"product_tag-motorcycle-gloves-with-foam-padded-palm","19":"product_tag-premium-riding-gloves-for-distribution","20":"product_tag-protective-riding-gloves-for-street-and-off-road","21":"product_tag-tactical-motorcycle-gloves-for-wholesale","22":"product_tag-tpu-knuckle-protected-gloves-for-motorcyclists","23":"product_tag-twill-back-biker-gloves-with-leather-palm","24":"product_tag-velcro-closure-motorcycle-gloves-for-fit","25":"product_tag-wholesale-riding-gloves-for-european-suppliers","27":"first","28":"instock","29":"taxable","30":"shipping-taxable","31":"purchasable","32":"product-type-simple"},"_links":{"self":[{"href":"https:\/\/ryinz.cz\/velkoobchod\/cs\/wp-json\/wp\/v2\/product\/9185","targetHints":{"allow":["GET"]}}],"collection":[{"href":"https:\/\/ryinz.cz\/velkoobchod\/cs\/wp-json\/wp\/v2\/product"}],"about":[{"href":"https:\/\/ryinz.cz\/velkoobchod\/cs\/wp-json\/wp\/v2\/types\/product"}],"replies":[{"embeddable":true,"href":"https:\/\/ryinz.cz\/velkoobchod\/cs\/wp-json\/wp\/v2\/comments?post=9185"}],"wp:featuredmedia":[{"embeddable":true,"href":"https:\/\/ryinz.cz\/velkoobchod\/cs\/wp-json\/wp\/v2\/media\/9289"}],"wp:attachment":[{"href":"https:\/\/ryinz.cz\/velkoobchod\/cs\/wp-json\/wp\/v2\/media?parent=9185"}],"wp:term":[{"taxonomy":"product_brand","embeddable":true,"href":"https:\/\/ryinz.cz\/velkoobchod\/cs\/wp-json\/wp\/v2\/product_brand?post=9185"},{"taxonomy":"product_cat","embeddable":true,"href":"https:\/\/ryinz.cz\/velkoobchod\/cs\/wp-json\/wp\/v2\/product_cat?post=9185"},{"taxonomy":"product_tag","embeddable":true,"href":"https:\/\/ryinz.cz\/velkoobchod\/cs\/wp-json\/wp\/v2\/product_tag?post=9185"}],"curies":[{"name":"wp","href":"https:\/\/api.w.org\/{rel}","templated":true}]}}