{"id":9184,"date":"2025-06-22T15:32:00","date_gmt":"2025-06-22T15:32:00","guid":{"rendered":"https:\/\/ryinz.cz\/velkoobchod\/?post_type=product&#038;p=9184"},"modified":"2026-01-18T20:18:07","modified_gmt":"2026-01-18T20:18:07","slug":"ryinz-velkoobchodni-maloobchodni-bile-kozene-motocyklove-rukavice-s-tpu-kloubnim-pancirem-a-ochranou-manzety-eva","status":"publish","type":"product","link":"https:\/\/ryinz.cz\/velkoobchod\/cs\/product\/ryinz-wholesale-retail-white-leather-motorcycle-gloves-with-tpu-knuckle-armor-and-eva-cuff-protection\/","title":{"rendered":"RYINZ Velkoobchod a maloobchod B\u00edl\u00e9 ko\u017een\u00e9 rukavice na motorku s TPU panc\u00ed\u0159em a ochranou man\u017eety EVA"},"content":{"rendered":"<p data-start=\"962\" data-end=\"1067\"><strong data-start=\"962\" data-end=\"1067\">RYINZ White GoatSkin ko\u017een\u00e9 rukavice na motorku - vysoce bezpe\u010dn\u00e1 v\u00fdbava pro B2B, maloobchodn\u00edky a v\u00e1\u017en\u00e9 jezdce<\/strong><\/p>\n<p data-start=\"1069\" data-end=\"1372\">Na str\u00e1nk\u00e1ch <strong data-start=\"1073\" data-end=\"1114\">RYINZ B\u00edl\u00e9 ko\u017een\u00e9 rukavice na motorku<\/strong> jsou ur\u010deny pro ty, kte\u0159\u00ed vy\u017eaduj\u00ed nejen ochranu, ale i p\u0159\u00edtomnost. D\u00edky v\u00fdrazn\u00fdm b\u00edl\u00fdm detail\u016fm, \u0161pi\u010dkov\u00fdm materi\u00e1l\u016fm a robustn\u00edm bezpe\u010dnostn\u00edm prvk\u016fm jsou tyto rukavice ide\u00e1ln\u00ed pro maloobchody, prodejce vybaven\u00ed a velkoobchody v Evrop\u011b i mimo ni.<\/p>\n<p data-start=\"1374\" data-end=\"1578\">Tyto rukavice jsou navr\u017eeny tak, aby spl\u0148ovaly dvoj\u00ed po\u017eadavky. <strong data-start=\"1433\" data-end=\"1475\">vizu\u00e1ln\u00ed p\u0159ita\u017elivost a certifikovan\u00e1 ochrana<\/strong>, tak\u017ee jsou ide\u00e1ln\u00ed pro profesion\u00e1ln\u00ed jezdce, cyklisty na dlouh\u00e9 vzd\u00e1lenosti i stylov\u00e9 m\u011bstsk\u00e9 doj\u00ed\u017ed\u011b\u010de.<\/p>\n<p data-start=\"1580\" data-end=\"1998\"><strong data-start=\"1580\" data-end=\"1653\">Odv\u00e1\u017en\u00e1 konstrukce - b\u00edl\u00fd, \u010dern\u00fd a \u010derven\u00fd design s keprovou a koz\u00ed k\u016f\u017e\u00ed<\/strong><br data-start=\"1653\" data-end=\"1656\" \/>Na h\u0159betu rukavic je <strong data-start=\"1690\" data-end=\"1712\">keprov\u00e1 tkanina<\/strong> kter\u00fd zaji\u0161\u0165uje lehk\u00fd a prody\u0161n\u00fd st\u0159ih, vylep\u0161en\u00fd o <strong data-start=\"1771\" data-end=\"1799\">Ko\u017een\u00e9 z\u00e1platy GoatSkin<\/strong> pro odolnost proti od\u011bru a pru\u017enost. V\u00fdrazn\u00fd b\u00edl\u00fd z\u00e1klad je zv\u00fdrazn\u011bn \u010dern\u00fdmi panely a \u010derven\u00fdm pruhem, co\u017e p\u0159in\u00e1\u0161\u00ed modern\u00ed vzhled inspirovan\u00fd motorsportem, kter\u00fd oslov\u00ed m\u00f3dn\u00ed motork\u00e1\u0159e.<\/p>\n<p data-start=\"2000\" data-end=\"2306\"><strong data-start=\"2000\" data-end=\"2035\">Pokro\u010dil\u00e1 ochrana kloub\u016f z TPU<\/strong><br data-start=\"2035\" data-end=\"2038\" \/>Pro zaji\u0161t\u011bn\u00ed odolnosti proti n\u00e1razu jsou rukavice vybaveny robustn\u00edmi <strong data-start=\"2097\" data-end=\"2123\">Chr\u00e1ni\u010de kloub\u016f z TPU<\/strong> zapu\u0161t\u011bn\u00e9 pod ko\u017eenou sko\u0159epinou. Tyto chr\u00e1ni\u010de sni\u017euj\u00ed riziko zran\u011bn\u00ed p\u0159i kolizi nebo n\u00e1hl\u00e9m n\u00e1razu a jejich ergonomick\u00e9 zak\u0159iven\u00ed zaji\u0161\u0165uje p\u0159irozen\u00fd pohyb ruky.<\/p>\n<p data-start=\"2308\" data-end=\"2611\"><strong data-start=\"2308\" data-end=\"2352\">Pry\u017eov\u00e9 \u0161t\u00edty EVA pro prsty a man\u017eety<\/strong><br data-start=\"2352\" data-end=\"2355\" \/>Dal\u0161\u00ed zv\u00fd\u0161en\u00ed bezpe\u010dnosti, <strong data-start=\"2382\" data-end=\"2411\">Gumov\u00e9 v\u00fdztuhy EVA<\/strong> na h\u0159betu prst\u016f a v oblasti man\u017eet. Tyto z\u00f3ny jsou p\u0159i nehod\u00e1ch kritick\u00e9 a EVA poskytuje lehkou, ale vysoce \u00fa\u010dinnou ochrannou vrstvu, kter\u00e1 tlum\u00ed a rozptyluje n\u00e1razy.<\/p>\n<p data-start=\"2613\" data-end=\"2981\"><strong data-start=\"2613\" data-end=\"2657\">Dla\u0148 z koz\u00ed k\u016f\u017ee s polstrovan\u00fdmi v\u00fdztuhami<\/strong><br data-start=\"2657\" data-end=\"2660\" \/>\u010c\u00e1st pro dlan\u011b obsahuje <strong data-start=\"2686\" data-end=\"2714\">pr\u00e9miov\u00e1 k\u016f\u017ee GoatSkin<\/strong> pro maxim\u00e1ln\u00ed p\u0159ilnavost a odolnost proti opot\u0159eben\u00ed. Uvnit\u0159, <strong data-start=\"2769\" data-end=\"2785\">p\u011bnov\u00e9 polstrov\u00e1n\u00ed<\/strong> je strategicky um\u00edst\u011bno v oblastech s vysok\u00fdm tlakem, aby se zlep\u0161ilo ovl\u00e1d\u00e1n\u00ed \u0159\u00edd\u00edtek a sn\u00ed\u017eily vibrace. Toto dodate\u010dn\u00e9 polstrov\u00e1n\u00ed zvy\u0161uje pohodl\u00ed a v\u00fddr\u017e, zejm\u00e9na p\u0159i dlouh\u00fdch cest\u00e1ch nebo j\u00edzd\u00e1ch v ter\u00e9nu.<\/p>\n<p data-start=\"2983\" data-end=\"3241\"><strong data-start=\"2983\" data-end=\"3025\">P\u0159izp\u016fsoben\u00fd st\u0159ih - zap\u00edn\u00e1n\u00ed na such\u00fd zip s reli\u00e9fem<\/strong><br data-start=\"3025\" data-end=\"3028\" \/>Tyto rukavice se dod\u00e1vaj\u00ed s <strong data-start=\"3054\" data-end=\"3087\">nastaviteln\u00fd p\u00e1sek na z\u00e1p\u011bst\u00ed na such\u00fd zip<\/strong> kter\u00e1 nab\u00edz\u00ed p\u0159izp\u016fsoben\u00ed ka\u017ed\u00e9mu jezdci. Pom\u00e1h\u00e1 ut\u011bsnit prach, v\u00edtr a vodu a z\u00e1rove\u0148 zaji\u0161\u0165uje, \u017ee rukavice z\u016fstanou bezpe\u010dn\u00e9 i p\u0159i vysok\u00fdch rychlostech.<\/p>\n<p data-start=\"3243\" data-end=\"3516\"><strong data-start=\"3243\" data-end=\"3300\">Certifikov\u00e1no pro profesion\u00e1ln\u00ed pou\u017eit\u00ed - EN420 a EN13594:2015<\/strong><br data-start=\"3300\" data-end=\"3303\" \/>Tyto rukavice jsou <strong data-start=\"3320\" data-end=\"3336\">Certifik\u00e1t CE<\/strong> a setkat se s <strong data-start=\"3346\" data-end=\"3372\">EN420 a EN13594:2015<\/strong> normy, tak\u017ee jsou vhodn\u00e9 pro profesion\u00e1ln\u00ed motocyklisty, policisty i rekrea\u010dn\u00ed jezdce v Evrop\u011b a na dal\u0161\u00edch regulovan\u00fdch trz\u00edch.<\/p>\n<p data-start=\"3518\" data-end=\"3812\"><strong data-start=\"3518\" data-end=\"3554\">K dispozici je v\u00edce barevn\u00fdch variant<\/strong><br data-start=\"3554\" data-end=\"3557\" \/>Krom\u011b b\u00edlo-\u010derveno-\u010dern\u00e9ho barevn\u00e9ho proveden\u00ed jsou tyto rukavice k dispozici tak\u00e9 v n\u00e1sleduj\u00edc\u00edch barv\u00e1ch. <strong data-start=\"3633\" data-end=\"3664\">celo\u010dern\u00e9 a op\u00e1len\u00e9 varianty<\/strong>, tak\u017ee jsou vhodn\u00e9 pro \u0161ir\u0161\u00ed okruh z\u00e1kazn\u00edk\u016f. Ide\u00e1ln\u00ed pro B2B odb\u011bratele, kte\u0159\u00ed cht\u011bj\u00ed sv\u00fdm z\u00e1kazn\u00edk\u016fm nab\u00eddnout rozmanitost designu i funkc\u00ed.<\/p>\n<p data-start=\"3814\" data-end=\"3851\"><strong data-start=\"3814\" data-end=\"3849\">Aplikace a c\u00edlov\u00ed kupuj\u00edc\u00ed:<\/strong><\/p>\n<ul data-start=\"3852\" data-end=\"4071\">\n<li data-start=\"3852\" data-end=\"3877\">\n<p data-start=\"3854\" data-end=\"3877\">Obchody s motocyklov\u00fdm vybaven\u00edm<\/p>\n<\/li>\n<li data-start=\"3878\" data-end=\"3914\">\n<p data-start=\"3880\" data-end=\"3914\">Maloobchodn\u00ed prodejci vybaven\u00ed pro motorov\u00e9 sporty<\/p>\n<\/li>\n<li data-start=\"3915\" data-end=\"3955\">\n<p data-start=\"3917\" data-end=\"3955\">Taktick\u00e9 a m\u011bstsk\u00e9 motork\u00e1\u0159sk\u00e9 kolekce<\/p>\n<\/li>\n<li data-start=\"3956\" data-end=\"3999\">\n<p data-start=\"3958\" data-end=\"3999\">Zna\u010dky cestovn\u00edch a dobrodru\u017en\u00fdch motocykl\u016f<\/p>\n<\/li>\n<li data-start=\"4000\" data-end=\"4034\">\n<p data-start=\"4002\" data-end=\"4034\">Prodejci v\u00fdrobk\u016f s certifik\u00e1tem CE<\/p>\n<\/li>\n<li data-start=\"4035\" data-end=\"4071\">\n<p data-start=\"4037\" data-end=\"4071\">Soukrom\u00e9 zna\u010dky a \u0159ady OEM p\u0159evodovek<\/p>\n<\/li>\n<\/ul>\n<p data-start=\"4073\" data-end=\"4108\"><strong data-start=\"4073\" data-end=\"4106\">P\u0159ehled vlastnost\u00ed produktu:<\/strong><\/p>\n<ul data-start=\"4109\" data-end=\"4565\">\n<li data-start=\"4109\" data-end=\"4138\">\n<p data-start=\"4111\" data-end=\"4138\">Odoln\u00e1 keprov\u00e1 tkanina na zadn\u00ed stran\u011b<\/p>\n<\/li>\n<li data-start=\"4139\" data-end=\"4200\">\n<p data-start=\"4141\" data-end=\"4200\">Stylov\u00fd b\u00edlo-\u010derveno-\u010dern\u00fd exteri\u00e9r s ochranou GoatSkin<\/p>\n<\/li>\n<li data-start=\"4201\" data-end=\"4255\">\n<p data-start=\"4203\" data-end=\"4255\">Integrovan\u00e9 brn\u011bn\u00ed kloub\u016f z TPU pro ochranu proti n\u00e1razu<\/p>\n<\/li>\n<li data-start=\"4256\" data-end=\"4307\">\n<p data-start=\"4258\" data-end=\"4307\">Gumov\u00e9 st\u00edn\u011bn\u00ed EVA na prstech a man\u017eet\u00e1ch z\u00e1p\u011bst\u00ed<\/p>\n<\/li>\n<li data-start=\"4308\" data-end=\"4365\">\n<p data-start=\"4310\" data-end=\"4365\">Zes\u00edlen\u00e1 dla\u0148 z k\u016f\u017ee GoatSkin s p\u011bnov\u00fdm polstrov\u00e1n\u00edm<\/p>\n<\/li>\n<li data-start=\"4366\" data-end=\"4418\">\n<p data-start=\"4368\" data-end=\"4418\">Nastaviteln\u00fd p\u00e1sek na z\u00e1p\u011bst\u00ed na such\u00fd zip pro p\u0159izp\u016fsoben\u00ed na m\u00edru<\/p>\n<\/li>\n<li data-start=\"4419\" data-end=\"4454\">\n<p data-start=\"4421\" data-end=\"4454\">Stylov\u00fd reli\u00e9fn\u00ed ko\u017een\u00fd povrch<\/p>\n<\/li>\n<li data-start=\"4455\" data-end=\"4514\">\n<p data-start=\"4457\" data-end=\"4514\">Certifikov\u00e1no podle bezpe\u010dnostn\u00edch norem EN420 a EN13594:2015<\/p>\n<\/li>\n<li data-start=\"4515\" data-end=\"4565\">\n<p data-start=\"4517\" data-end=\"4565\">Vhodn\u00e9 pro evropsk\u00fd velkoobchod a maloobchod B2C<\/p>\n<\/li>\n<\/ul>\n<p data-start=\"4567\" data-end=\"4875\">S <strong data-start=\"4576\" data-end=\"4617\">RYINZ B\u00edl\u00e9 ko\u017een\u00e9 rukavice na motorku<\/strong>, nab\u00edz\u00edte nejen bezpe\u010dnost, ale tak\u00e9 odv\u00e1\u017en\u00e9 vizu\u00e1ln\u00ed vyj\u00e1d\u0159en\u00ed. A\u0165 u\u017e budujete svou \u0159adu rukavic jako velkoobchodn\u00edk, nebo roz\u0161i\u0159ujete maloobchodn\u00ed nab\u00eddku o certifikovan\u00e9 v\u00fdrobky, tento model p\u0159in\u00e1\u0161\u00ed vysok\u00fd potenci\u00e1l n\u00e1vratnosti a nepopiratelnou kvalitu.<\/p>","protected":false},"excerpt":{"rendered":"<p>Vylep\u0161ete svou v\u00fdbavu na motorku b\u00edl\u00fdmi ko\u017een\u00fdmi jezdeck\u00fdmi rukavicemi RYINZ, kter\u00e9 jsou navr\u017eeny s ohledem na v\u00fdkon, ochranu a standardy evropsk\u00e9ho trhu. Tyto rukavice maj\u00ed odv\u00e1\u017en\u00fd keprov\u00fd h\u0159bet se stylov\u00fdmi b\u00edl\u00fdmi a \u010derven\u00fdmi detaily, spojen\u00fd s odolnou konstrukc\u00ed z k\u016f\u017ee GoatSkin pro bezkonkuren\u010dn\u00ed odolnost. D\u00edky vestav\u011bn\u00e9 ochran\u011b kloub\u016f z TPU, gumov\u00fdm \u0161t\u00edt\u016fm EVA na prstech a man\u017eet\u00e1ch a zes\u00edlen\u00fdm polstrovan\u00fdm ko\u017een\u00fdm dlan\u00edm maj\u00ed tyto rukavice certifik\u00e1t CE pro bezpe\u010dnost a jsou p\u0159ipraveny pro velkoobchodn\u00ed nebo maloobchodn\u00ed distribuci. Ide\u00e1ln\u00ed pro m\u011bstsk\u00e9 jezdce, cestovn\u00ed nad\u0161ence a profesion\u00e1ln\u00ed motocyklisty, kte\u0159\u00ed hledaj\u00ed jak bezpe\u010dnost, tak i v\u00fdrazn\u00fd design.<\/p>","protected":false},"featured_media":9288,"comment_status":"closed","ping_status":"closed","template":"","meta":[],"product_brand":[35],"product_cat":[1111,380,122,68],"product_tag":[373,374,375,376,377,378,379,381,382,383,384,385,386,387,388],"class_list":{"0":"post-9184","1":"product","2":"type-product","3":"status-publish","4":"has-post-thumbnail","6":"product_brand-ryinz","7":"product_cat-motorbike","8":"product_cat-motorbike-gloves","9":"product_cat-motorbike-racing-gloves","10":"product_cat-ryinz","11":"product_tag-breathable-protective-gloves-for-long-rides","12":"product_tag-bright-color-gloves-for-road-safety-and-visibility","13":"product_tag-ce-certified-gloves-for-eu-motorcycle-safety","14":"product_tag-en13594-motorcycle-gloves-with-tpu-armor","15":"product_tag-eva-rubber-reinforced-tactical-gloves","16":"product_tag-goatskin-leather-motorcycle-gloves-for-retailers","17":"product_tag-high-visibility-biker-gloves-with-safety-features","18":"product_tag-motorcycle-gloves-with-foam-padded-palm","19":"product_tag-premium-riding-gloves-for-distribution","20":"product_tag-protective-riding-gloves-for-street-and-off-road","21":"product_tag-tactical-motorcycle-gloves-for-wholesale","22":"product_tag-tpu-knuckle-protected-gloves-for-motorcyclists","23":"product_tag-twill-back-biker-gloves-with-leather-palm","24":"product_tag-velcro-closure-motorcycle-gloves-for-fit","25":"product_tag-wholesale-riding-gloves-for-european-suppliers","27":"first","28":"instock","29":"taxable","30":"shipping-taxable","31":"purchasable","32":"product-type-simple"},"_links":{"self":[{"href":"https:\/\/ryinz.cz\/velkoobchod\/cs\/wp-json\/wp\/v2\/product\/9184","targetHints":{"allow":["GET"]}}],"collection":[{"href":"https:\/\/ryinz.cz\/velkoobchod\/cs\/wp-json\/wp\/v2\/product"}],"about":[{"href":"https:\/\/ryinz.cz\/velkoobchod\/cs\/wp-json\/wp\/v2\/types\/product"}],"replies":[{"embeddable":true,"href":"https:\/\/ryinz.cz\/velkoobchod\/cs\/wp-json\/wp\/v2\/comments?post=9184"}],"wp:featuredmedia":[{"embeddable":true,"href":"https:\/\/ryinz.cz\/velkoobchod\/cs\/wp-json\/wp\/v2\/media\/9288"}],"wp:attachment":[{"href":"https:\/\/ryinz.cz\/velkoobchod\/cs\/wp-json\/wp\/v2\/media?parent=9184"}],"wp:term":[{"taxonomy":"product_brand","embeddable":true,"href":"https:\/\/ryinz.cz\/velkoobchod\/cs\/wp-json\/wp\/v2\/product_brand?post=9184"},{"taxonomy":"product_cat","embeddable":true,"href":"https:\/\/ryinz.cz\/velkoobchod\/cs\/wp-json\/wp\/v2\/product_cat?post=9184"},{"taxonomy":"product_tag","embeddable":true,"href":"https:\/\/ryinz.cz\/velkoobchod\/cs\/wp-json\/wp\/v2\/product_tag?post=9184"}],"curies":[{"name":"wp","href":"https:\/\/api.w.org\/{rel}","templated":true}]}}