{"id":9183,"date":"2025-08-26T11:48:34","date_gmt":"2025-08-26T11:48:34","guid":{"rendered":"https:\/\/ryinz.cz\/velkoobchod\/?post_type=product&#038;p=9183"},"modified":"2026-01-18T20:18:06","modified_gmt":"2026-01-18T20:18:06","slug":"ryinz-velkoobchodni-maloobchodni-hnede-kozene-rukavice-na-motorku-s-tpu-klouby-a-ochrannym-polstrovanim-eva","status":"publish","type":"product","link":"https:\/\/ryinz.cz\/velkoobchod\/cs\/product\/ryinz-wholesale-retail-brown-leather-motorcycle-gloves-with-tpu-knuckle-and-eva-protective-padding\/","title":{"rendered":"RYINZ Velkoobchod a maloobchod Hn\u011bd\u00e9 ko\u017een\u00e9 rukavice na motorku s TPU kloubem a ochrann\u00fdm polstrov\u00e1n\u00edm EVA"},"content":{"rendered":"<p data-start=\"967\" data-end=\"1089\"><strong data-start=\"967\" data-end=\"1089\">Hn\u011bd\u00e9 rukavice RYINZ z koz\u00ed k\u016f\u017ee - pro distributory, maloobchodn\u00edky a profesion\u00e1ln\u00ed jezdce, kte\u0159\u00ed si cen\u00ed stylu a bezpe\u010dnosti<\/strong><\/p>\n<p data-start=\"1091\" data-end=\"1486\">Na str\u00e1nk\u00e1ch <strong data-start=\"1095\" data-end=\"1136\">RYINZ Hn\u011bd\u00e9 ko\u017een\u00e9 rukavice na motorku<\/strong> nejsou jen rukavice - jsou vyj\u00e1d\u0159en\u00edm t\u0159\u00eddy, ochrany a trvanliv\u00e9ho \u0159emesln\u00e9ho zpracov\u00e1n\u00ed. Tento model je ur\u010den pro velkoobchodn\u00edky a maloobchodn\u00edky zam\u011b\u0159en\u00e9 na stylov\u00e9 jezdce a kombinuje prvot\u0159\u00eddn\u00ed estetiku se \u0161pi\u010dkovou ochranou a pohodl\u00edm. Pokud hled\u00e1te motocyklov\u00e9 rukavice, kter\u00e9 vyva\u017euj\u00ed vyt\u0159\u00edben\u00fd design a robustn\u00ed konstrukci, je tento model va\u0161\u00ed odpov\u011bd\u00ed.<\/p>\n<p data-start=\"1488\" data-end=\"1902\"><strong data-start=\"1488\" data-end=\"1544\">Rafinovan\u00e9 spojen\u00ed materi\u00e1l\u016f - kepr a koz\u00ed k\u016f\u017ee<\/strong><br data-start=\"1544\" data-end=\"1547\" \/>Vn\u011bj\u0161\u00ed \u010d\u00e1st rukavice je postavena na b\u00e1zi <strong data-start=\"1582\" data-end=\"1603\">z\u00e1klad z keprov\u00e9 tkaniny<\/strong>, kter\u00e1 byla vybr\u00e1na pro svou odolnost a pru\u017enost, zat\u00edmco ochrann\u00e9 panely jsou vyrobeny z materi\u00e1lu <strong data-start=\"1693\" data-end=\"1724\">vysoce kvalitn\u00ed k\u016f\u017ee GoatSkin<\/strong>. Elegantn\u00ed hn\u011bd\u00e9 proveden\u00ed se odli\u0161uje od typick\u00fdch celo\u010dern\u00fdch rukavic, tak\u017ee jsou ide\u00e1ln\u00ed pro zna\u010dky nebo obchody zam\u011b\u0159en\u00e9 na m\u00f3dn\u011b uv\u011bdom\u011bl\u00e9 motork\u00e1\u0159e nebo jezdce v retro stylu.<\/p>\n<p data-start=\"1904\" data-end=\"2240\"><strong data-start=\"1904\" data-end=\"1960\">Ochrana kloub\u016f z TPU pro spolehlivou ochranu proti n\u00e1razu<\/strong><br data-start=\"1960\" data-end=\"1963\" \/>Bezpe\u010dnost je u motocyklov\u00fdch rukavic na prvn\u00edm m\u00edst\u011b a spole\u010dnost RYINZ integruje <strong data-start=\"2026\" data-end=\"2052\">Chr\u00e1ni\u010de kloub\u016f z TPU<\/strong> kter\u00e9 absorbuj\u00ed a rozptyluj\u00ed n\u00e1razov\u00e9 s\u00edly p\u0159i n\u00e1razu nebo n\u00e1hl\u00e9m zastaven\u00ed. Pl\u00e1\u0161\u0165 kloub\u016f je ergonomicky navr\u017een pro pohodl\u00ed a nab\u00edz\u00ed vynikaj\u00edc\u00ed ochranu, ani\u017e by omezoval pohyb.<\/p>\n<p data-start=\"2242\" data-end=\"2559\"><strong data-start=\"2242\" data-end=\"2288\">Gumov\u00e1 v\u00fdztu\u017e EVA - prsty a man\u017eety<\/strong><br data-start=\"2288\" data-end=\"2291\" \/>Strategicky um\u00edst\u011bn\u00e9 <strong data-start=\"2312\" data-end=\"2338\">Ochrana z pry\u017ee EVA<\/strong> na h\u0159betu prst\u016f a v man\u017eet\u011b poskytuj\u00ed tlumen\u00ed n\u00e1raz\u016f a ochranu tam, kde je to nejv\u00edce pot\u0159eba. Tyto \u010d\u00e1sti pom\u00e1haj\u00ed p\u0159edch\u00e1zet zran\u011bn\u00ed nejzraniteln\u011bj\u0161\u00edch m\u00edst p\u0159i j\u00edzdn\u00edch nehod\u00e1ch nebo vystaven\u00ed drsn\u00e9mu ter\u00e9nu.<\/p>\n<p data-start=\"2561\" data-end=\"2996\"><strong data-start=\"2561\" data-end=\"2622\">Vylep\u0161en\u00fd \u00fachop a pohodl\u00ed - dla\u0148 z koz\u00ed k\u016f\u017ee s p\u011bnov\u00fdm polstrov\u00e1n\u00edm<\/strong><br data-start=\"2622\" data-end=\"2625\" \/>Na str\u00e1nk\u00e1ch <strong data-start=\"2629\" data-end=\"2673\">oblast dlan\u011b je cel\u00e1 z k\u016f\u017ee GoatSkin<\/strong>, kter\u00e1 byla vybr\u00e1na pro kombinaci m\u011bkkosti a odolnosti proti od\u011bru. Vyztu\u017een\u00fd <strong data-start=\"2755\" data-end=\"2771\">p\u011bnov\u00e9 polstrov\u00e1n\u00ed<\/strong>, rukavice zaji\u0161\u0165uje bezpe\u010dn\u00fd \u00fachop \u0159\u00edd\u00edtek kola, tlum\u00ed vibrace a sni\u017euje \u00fanavu p\u0159i dlouh\u00fdch j\u00edzd\u00e1ch. V\u00fdztuhy jsou um\u00edst\u011bny tak, aby podporovaly vysoce nam\u00e1han\u00e1 kontaktn\u00ed m\u00edsta a zaji\u0161\u0165ovaly kontrolu i za mokra nebo v drsn\u00fdch podm\u00ednk\u00e1ch.<\/p>\n<p data-start=\"2998\" data-end=\"3298\"><strong data-start=\"2998\" data-end=\"3035\">Bezpe\u010dn\u00e9 uchycen\u00ed - zap\u00edn\u00e1n\u00ed na such\u00fd zip na z\u00e1p\u011bst\u00ed<\/strong><br data-start=\"3035\" data-end=\"3038\" \/>Je vybaven nastaviteln\u00fdm <strong data-start=\"3066\" data-end=\"3082\">Popruh na such\u00fd zip<\/strong>, tyto rukavice zaji\u0161\u0165uj\u00ed pohodln\u00e9 no\u0161en\u00ed pro r\u016fzn\u00e9 velikosti z\u00e1p\u011bst\u00ed. Syst\u00e9m zap\u00edn\u00e1n\u00ed pom\u00e1h\u00e1 blokovat v\u00edtr a prach a z\u00e1rove\u0148 zaji\u0161\u0165uje rychl\u00e9 nasazov\u00e1n\u00ed a sund\u00e1v\u00e1n\u00ed - skv\u011bl\u00e9 pro jezdce, kte\u0159\u00ed pot\u0159ebuj\u00ed prakti\u010dnost, ani\u017e by ob\u011btovali styl.<\/p>\n<p data-start=\"3300\" data-end=\"3637\"><strong data-start=\"3300\" data-end=\"3350\">Certifikovan\u00e1 ochrana - vytvo\u0159ena pro trh EU<\/strong><br data-start=\"3350\" data-end=\"3353\" \/>V\u0161echny rukavice RYINZ, v\u010detn\u011b tohoto hn\u011bd\u00e9ho modelu, jsou testov\u00e1ny v podm\u00ednk\u00e1ch <strong data-start=\"3416\" data-end=\"3452\">Normy EN420 a EN13594:2015<\/strong>, \u010d\u00edm\u017e spl\u0148uj\u00ed p\u0159edpisy CE. Tato certifikace zaru\u010duje, \u017ee va\u0161i kupuj\u00edc\u00ed a z\u00e1kazn\u00edci z\u00edskaj\u00ed osv\u011bd\u010den\u00fd ochrann\u00fd v\u00fdkon a pohodl\u00ed podpo\u0159en\u00e9 mezin\u00e1rodn\u00edmi bezpe\u010dnostn\u00edmi normami.<\/p>\n<p data-start=\"3639\" data-end=\"3661\"><strong data-start=\"3639\" data-end=\"3659\">Ide\u00e1ln\u00ed p\u0159\u00edpady pou\u017eit\u00ed:<\/strong><\/p>\n<ul data-start=\"3662\" data-end=\"3906\">\n<li data-start=\"3662\" data-end=\"3703\">\n<p data-start=\"3664\" data-end=\"3703\">Ka\u017edodenn\u00ed j\u00edzda v m\u011bstsk\u00e9m prost\u0159ed\u00ed<\/p>\n<\/li>\n<li data-start=\"3704\" data-end=\"3753\">\n<p data-start=\"3706\" data-end=\"3753\">Nad\u0161enci do kav\u00e1rensk\u00fdch z\u00e1vod\u016f a historick\u00fdch motocykl\u016f<\/p>\n<\/li>\n<li data-start=\"3754\" data-end=\"3790\">\n<p data-start=\"3756\" data-end=\"3790\">Cestov\u00e1n\u00ed a dobrodru\u017estv\u00ed na otev\u0159en\u00e9 silnici<\/p>\n<\/li>\n<li data-start=\"3791\" data-end=\"3853\">\n<p data-start=\"3793\" data-end=\"3853\">Prodejci vybaven\u00ed hledaj\u00edc\u00ed stylov\u00e9 a ochrann\u00e9 v\u00fdrobky<\/p>\n<\/li>\n<li data-start=\"3854\" data-end=\"3906\">\n<p data-start=\"3856\" data-end=\"3906\">Projekty OEM\/ODM hledaj\u00edc\u00ed \u0161pi\u010dkov\u00e9 ko\u017een\u00e9 rukavice<\/p>\n<\/li>\n<\/ul>\n<p data-start=\"3908\" data-end=\"4225\"><strong data-start=\"3908\" data-end=\"3951\">P\u0159izp\u016fsoben\u00ed a velkoobchodn\u00ed p\u0159\u00edle\u017eitosti<\/strong><br data-start=\"3951\" data-end=\"3954\" \/>Jako zna\u010dka vhodn\u00e1 pro B2B, <strong data-start=\"3979\" data-end=\"4007\">Spole\u010dnost RYINZ nab\u00edz\u00ed mo\u017enosti OEM<\/strong>, um\u00edst\u011bn\u00ed zna\u010dky, vlastn\u00ed balen\u00ed a velkoobchodn\u00ed ceny pro velkoobchodn\u00ed z\u00e1kazn\u00edky. Tento model rukavic je obl\u00edben\u00fd zejm\u00e9na mezi butikov\u00fdmi obchody s motocyklov\u00fdm vybaven\u00edm, lifestylov\u00fdmi zna\u010dkami a pr\u00e9miov\u00fdmi distributory po cel\u00e9 Evrop\u011b.<\/p>\n<p data-start=\"4227\" data-end=\"4251\"><strong data-start=\"4227\" data-end=\"4249\">Nejd\u016fle\u017eit\u011bj\u0161\u00ed prvky designu:<\/strong><\/p>\n<ul data-start=\"4252\" data-end=\"4705\">\n<li data-start=\"4252\" data-end=\"4301\">\n<p data-start=\"4254\" data-end=\"4301\">Elegantn\u00ed dvoubarevn\u00e9 hn\u011bd\u00e9 a \u010dern\u00e9 barevn\u00e9 proveden\u00ed<\/p>\n<\/li>\n<li data-start=\"4302\" data-end=\"4354\">\n<p data-start=\"4304\" data-end=\"4354\">Vysoce kvalitn\u00ed z\u00e1platy z k\u016f\u017ee GoatSkin na prstech<\/p>\n<\/li>\n<li data-start=\"4355\" data-end=\"4419\">\n<p data-start=\"4357\" data-end=\"4419\">Siln\u00fd keprov\u00fd materi\u00e1l na zadn\u00ed stran\u011b pro pru\u017enost a prody\u0161nost<\/p>\n<\/li>\n<li data-start=\"4420\" data-end=\"4478\">\n<p data-start=\"4422\" data-end=\"4478\">Chr\u00e1ni\u010d kloub\u016f z TPU s jemnou matnou povrchovou \u00fapravou<\/p>\n<\/li>\n<li data-start=\"4479\" data-end=\"4528\">\n<p data-start=\"4481\" data-end=\"4528\">V\u00fdztuhy EVA na prstech a z\u00e1p\u011bst\u00ed<\/p>\n<\/li>\n<li data-start=\"4529\" data-end=\"4579\">\n<p data-start=\"4531\" data-end=\"4579\">Polstrovan\u00e1 dla\u0148 z k\u016f\u017ee GoatSkin se zes\u00edlen\u00fdm pro\u0161\u00edv\u00e1n\u00edm<\/p>\n<\/li>\n<li data-start=\"4580\" data-end=\"4625\">\n<p data-start=\"4582\" data-end=\"4625\">Zap\u00edn\u00e1n\u00ed na z\u00e1p\u011bst\u00ed na such\u00fd zip pro individu\u00e1ln\u00ed p\u0159izp\u016fsoben\u00ed<\/p>\n<\/li>\n<li data-start=\"4626\" data-end=\"4669\">\n<p data-start=\"4628\" data-end=\"4669\">Lehk\u00e9, prody\u0161n\u00e9 a p\u0159ipraven\u00e9 na cesty<\/p>\n<\/li>\n<li data-start=\"4670\" data-end=\"4705\">\n<p data-start=\"4672\" data-end=\"4705\">Testov\u00e1no CE: EN420 &amp; EN13594:2015<\/p>\n<\/li>\n<\/ul>\n<p data-start=\"4707\" data-end=\"5027\">V\u00fdb\u011brem <strong data-start=\"4723\" data-end=\"4753\">RYINZ Hn\u011bd\u00e9 ko\u017een\u00e9 rukavice<\/strong>, investujete do v\u00fdrobku, kter\u00fd vypad\u00e1 luxusn\u011b a na silnici funguje jako zv\u00ed\u0159e. A\u0165 u\u017e jste velkoobchodn\u00edk z\u00e1sobuj\u00edc\u00ed sv\u016fj sez\u00f3nn\u00ed katalog, nebo maloobchodn\u00edk dod\u00e1vaj\u00edc\u00ed \u0161pi\u010dkov\u00e9 motocyklov\u00e9 vybaven\u00ed, tato rukavice poskytuje prvot\u0159\u00eddn\u00ed kvalitu, kter\u00e9 si va\u0161i z\u00e1kazn\u00edci okam\u017eit\u011b v\u0161imnou.<\/p>","protected":false},"excerpt":{"rendered":"<p>Vyzkou\u0161ejte prvot\u0159\u00eddn\u00ed kombinaci stylu, odolnosti a ochrany s hn\u011bd\u00fdmi motocyklov\u00fdmi rukavicemi RYINZ - ide\u00e1ln\u00ed pro velkoobchodn\u00edky, maloobchodn\u00edky a prodejce motocyklov\u00e9ho vybaven\u00ed. Tyto rukavice maj\u00ed elegantn\u00ed keprov\u00fd h\u0159bet spojen\u00fd s bohatou konstrukc\u00ed z k\u016f\u017ee GoatSkin, kter\u00e1 nab\u00edz\u00ed eleganci i robustn\u00ed funk\u010dnost. Tyto rukavice jsou vybaveny chr\u00e1ni\u010di kloub\u016f z TPU, ochranou z pry\u017ee EVA na prstech a man\u017eet\u00e1ch a ko\u017een\u00fdmi dlan\u011bmi vyztu\u017een\u00fdmi p\u011bnou a spl\u0148uj\u00ed evropsk\u00e9 bezpe\u010dnostn\u00ed normy (EN420 a EN13594:2015) a z\u00e1rove\u0148 poskytuj\u00ed celodenn\u00ed pohodl\u00ed a siln\u00fd \u00fachop. Perfektn\u00ed volba pro stylovou j\u00edzdu p\u0159i zachov\u00e1n\u00ed ochrany, nyn\u00ed k dispozici pro B2B a maloobchodn\u00ed prodej.<\/p>","protected":false},"featured_media":9287,"comment_status":"closed","ping_status":"closed","template":"","meta":[],"product_brand":[35],"product_cat":[1111,380,122,68],"product_tag":[373,374,375,376,377,378,379,381,382,383,384,385,386,387,388],"class_list":{"0":"post-9183","1":"product","2":"type-product","3":"status-publish","4":"has-post-thumbnail","6":"product_brand-ryinz","7":"product_cat-motorbike","8":"product_cat-motorbike-gloves","9":"product_cat-motorbike-racing-gloves","10":"product_cat-ryinz","11":"product_tag-breathable-protective-gloves-for-long-rides","12":"product_tag-bright-color-gloves-for-road-safety-and-visibility","13":"product_tag-ce-certified-gloves-for-eu-motorcycle-safety","14":"product_tag-en13594-motorcycle-gloves-with-tpu-armor","15":"product_tag-eva-rubber-reinforced-tactical-gloves","16":"product_tag-goatskin-leather-motorcycle-gloves-for-retailers","17":"product_tag-high-visibility-biker-gloves-with-safety-features","18":"product_tag-motorcycle-gloves-with-foam-padded-palm","19":"product_tag-premium-riding-gloves-for-distribution","20":"product_tag-protective-riding-gloves-for-street-and-off-road","21":"product_tag-tactical-motorcycle-gloves-for-wholesale","22":"product_tag-tpu-knuckle-protected-gloves-for-motorcyclists","23":"product_tag-twill-back-biker-gloves-with-leather-palm","24":"product_tag-velcro-closure-motorcycle-gloves-for-fit","25":"product_tag-wholesale-riding-gloves-for-european-suppliers","27":"first","28":"instock","29":"taxable","30":"shipping-taxable","31":"purchasable","32":"product-type-simple"},"_links":{"self":[{"href":"https:\/\/ryinz.cz\/velkoobchod\/cs\/wp-json\/wp\/v2\/product\/9183","targetHints":{"allow":["GET"]}}],"collection":[{"href":"https:\/\/ryinz.cz\/velkoobchod\/cs\/wp-json\/wp\/v2\/product"}],"about":[{"href":"https:\/\/ryinz.cz\/velkoobchod\/cs\/wp-json\/wp\/v2\/types\/product"}],"replies":[{"embeddable":true,"href":"https:\/\/ryinz.cz\/velkoobchod\/cs\/wp-json\/wp\/v2\/comments?post=9183"}],"wp:featuredmedia":[{"embeddable":true,"href":"https:\/\/ryinz.cz\/velkoobchod\/cs\/wp-json\/wp\/v2\/media\/9287"}],"wp:attachment":[{"href":"https:\/\/ryinz.cz\/velkoobchod\/cs\/wp-json\/wp\/v2\/media?parent=9183"}],"wp:term":[{"taxonomy":"product_brand","embeddable":true,"href":"https:\/\/ryinz.cz\/velkoobchod\/cs\/wp-json\/wp\/v2\/product_brand?post=9183"},{"taxonomy":"product_cat","embeddable":true,"href":"https:\/\/ryinz.cz\/velkoobchod\/cs\/wp-json\/wp\/v2\/product_cat?post=9183"},{"taxonomy":"product_tag","embeddable":true,"href":"https:\/\/ryinz.cz\/velkoobchod\/cs\/wp-json\/wp\/v2\/product_tag?post=9183"}],"curies":[{"name":"wp","href":"https:\/\/api.w.org\/{rel}","templated":true}]}}