{"id":9182,"date":"2025-06-22T15:31:57","date_gmt":"2025-06-22T15:31:57","guid":{"rendered":"https:\/\/ryinz.cz\/velkoobchod\/?post_type=product&#038;p=9182"},"modified":"2026-01-18T20:18:05","modified_gmt":"2026-01-18T20:18:05","slug":"ryinz-velkoobchodni-maloobchodni-kozi-kuze-takticke-motocyklove-rukavice-s-tpu-kloubem-eva-bezpecnostni-ochrana","status":"publish","type":"product","link":"https:\/\/ryinz.cz\/velkoobchod\/cs\/product\/ryinz-wholesale-retail-goatskin-tactical-motorcycle-gloves-with-tpu-knuckle-eva-safety-protection\/","title":{"rendered":"Velkoobchodn\u00ed a maloobchodn\u00ed rukavice RYINZ GoatSkin Tactical Motorcycle Gloves s TPU klouby a bezpe\u010dnostn\u00ed ochranou EVA"},"content":{"rendered":"<p data-start=\"1061\" data-end=\"1170\"><strong data-start=\"1061\" data-end=\"1170\">RYINZ GoatSkin taktick\u00e9 rukavice na motorku pro velkoobchodn\u00ed a maloobchodn\u00ed prodejce - navr\u017een\u00e9 pro bezpe\u010dnost a rychlost<\/strong><\/p>\n<p data-start=\"1172\" data-end=\"1619\">Pokud jde o profesion\u00e1ln\u00ed motocyklov\u00e9 rukavice, <strong data-start=\"1227\" data-end=\"1236\">RYINZ<\/strong> je jm\u00e9no, kter\u00e9 znamen\u00e1 bezpe\u010dnost, \u0159emesln\u00e9 zpracov\u00e1n\u00ed a v\u00fdkon. Tyto pr\u00e9miov\u00e9 taktick\u00e9 rukavice jsou ur\u010deny pro velkoobchodn\u00edky, maloobchodn\u00edky a zna\u010dky, kte\u0159\u00ed hledaj\u00ed vysoce \u017e\u00e1dan\u00e9 ochrann\u00e9 vybaven\u00ed, kter\u00e9 kombinuje inovativn\u00ed materi\u00e1ly s prvot\u0159\u00eddn\u00edmi ochrann\u00fdmi prvky. Tyto rukavice jsou vyrobeny tak, aby fungovaly i v t\u011bch nejn\u00e1ro\u010dn\u011bj\u0161\u00edch silni\u010dn\u00edch a pov\u011btrnostn\u00edch podm\u00ednk\u00e1ch, a nab\u00edzej\u00ed tak va\u0161im klient\u016fm v\u00fdhodu, kterou na cest\u00e1ch pot\u0159ebuj\u00ed.<\/p>\n<p data-start=\"1621\" data-end=\"2002\"><strong data-start=\"1621\" data-end=\"1689\">Vytvo\u0159eno pro odolnost - keprov\u00e1 z\u00e1da a ochrana z koz\u00ed k\u016f\u017ee<\/strong><br data-start=\"1689\" data-end=\"1692\" \/>Tyto rukavice za\u010d\u00ednaj\u00ed odoln\u00fdm <strong data-start=\"1726\" data-end=\"1749\">keprov\u00fd materi\u00e1l na zadn\u00ed stran\u011b<\/strong> kter\u00e1 je dostate\u010dn\u011b pru\u017en\u00e1, aby podporovala plynul\u00e9 pohyby rukou, a z\u00e1rove\u0148 odoln\u00e1 proti roztr\u017een\u00ed a dlouhodob\u00e9mu pou\u017e\u00edv\u00e1n\u00ed. Strategick\u00e9 <strong data-start=\"1872\" data-end=\"1900\">Ko\u017een\u00e9 z\u00e1platy GoatSkin<\/strong> jsou p\u0159id\u00e1ny na h\u0159bet prst\u016f pro zv\u00fd\u0161enou ochranu proti od\u0159enin\u00e1m a vystaven\u00ed p\u016fsoben\u00ed pov\u011btrnostn\u00edch vliv\u016f.<\/p>\n<p data-start=\"2004\" data-end=\"2455\"><strong data-start=\"2004\" data-end=\"2053\">Pokro\u010dil\u00e1 ochrana proti n\u00e1razu pro v\u00e1\u017en\u00e9 jezdce<\/strong><br data-start=\"2053\" data-end=\"2056\" \/>Jezdci st\u00e1le \u010dast\u011bji po\u017eaduj\u00ed rukavice, kter\u00e9 poskytuj\u00ed vysokou \u00farove\u0148 ochrany, ani\u017e by byla sn\u00ed\u017eena jejich flexibilita. Tyto rukavice jsou odpov\u011bd\u00ed na tuto v\u00fdzvu <strong data-start=\"2201\" data-end=\"2227\">Chr\u00e1ni\u010de kloub\u016f z TPU<\/strong>, kter\u00e9 poskytuj\u00ed spolehlivou ochranu proti n\u00e1razu v p\u0159\u00edpad\u011b p\u00e1du. Zat\u00edm, <strong data-start=\"2305\" data-end=\"2329\">St\u00edn\u011bn\u00ed z pry\u017ee EVA<\/strong> je integrov\u00e1na na prstech a z\u00e1p\u011bstn\u00edch man\u017eet\u00e1ch, chr\u00e1n\u00ed citliv\u00e1 m\u00edsta a tlum\u00ed n\u00e1razy p\u0159i p\u00e1dech nebo prudk\u00fdch pohybech.<\/p>\n<p data-start=\"2457\" data-end=\"2896\"><strong data-start=\"2457\" data-end=\"2524\">Konstrukce dlan\u011b s vysokou p\u0159ilnavost\u00ed, zes\u00edlen\u00e1 koz\u00ed k\u016f\u017ee a p\u011bnov\u00e9 polstrov\u00e1n\u00ed<\/strong><br data-start=\"2524\" data-end=\"2527\" \/>Dla\u0148 je pro jezdce jedn\u00edm z nejd\u016fle\u017eit\u011bj\u0161\u00edch kontaktn\u00edch m\u00edst a spole\u010dnost RYINZ se star\u00e1 o to, aby se j\u00ed dostalo prvot\u0159\u00eddn\u00ed p\u00e9\u010de. Na <strong data-start=\"2646\" data-end=\"2671\">Dla\u0148 z k\u016f\u017ee GoatSkin<\/strong> je dopln\u011bn o dal\u0161\u00ed <strong data-start=\"2700\" data-end=\"2716\">p\u011bnov\u00e9 polstrov\u00e1n\u00ed<\/strong> pro sn\u00ed\u017een\u00ed tlaku a zlep\u0161en\u00ed \u00fachopu \u0159\u00edd\u00edtek. A\u0165 u\u017e va\u0161i z\u00e1kazn\u00edci jezd\u00ed po m\u011bst\u011b nebo v ter\u00e9nu, tento ergonomick\u00fd design podporuje dr\u017een\u00ed rukou a ovl\u00e1d\u00e1n\u00ed.<\/p>\n<p data-start=\"2898\" data-end=\"3265\"><strong data-start=\"2898\" data-end=\"2946\">Pohodl\u00ed a p\u0159izp\u016fsoben\u00ed - nastaviteln\u00e9 zap\u00edn\u00e1n\u00ed na such\u00fd zip<\/strong><br data-start=\"2946\" data-end=\"2949\" \/>Rukavice obsahuj\u00ed <strong data-start=\"2970\" data-end=\"2999\">bezpe\u010dn\u00fd p\u00e1sek na z\u00e1p\u011bst\u00ed na such\u00fd zip<\/strong> syst\u00e9m, d\u00edky n\u011bmu\u017e je lze na cest\u00e1ch snadno ut\u00e1hnout nebo povolit. Zap\u00edn\u00e1n\u00ed na z\u00e1p\u011bst\u00ed zaji\u0161\u0165uje nejen to, \u017ee rukavice dob\u0159e padnou, ale tak\u00e9 br\u00e1n\u00ed v\u011btru, \u0161p\u00edn\u011b a vlhkosti. D\u00edky t\u011bmto konstruk\u010dn\u00edm vlastnostem jsou ide\u00e1ln\u00ed pro dlouh\u00e9 vyj\u00ed\u017e\u010fky, j\u00edzdu na horsk\u00e9m kole i profesion\u00e1ln\u00ed pou\u017eit\u00ed na ulici.<\/p>\n<p data-start=\"3267\" data-end=\"3592\"><strong data-start=\"3267\" data-end=\"3311\">Vysok\u00e1 viditelnost pro zv\u00fd\u0161en\u00ed bezpe\u010dnosti na silnic\u00edch<\/strong><br data-start=\"3311\" data-end=\"3314\" \/>Krom\u011b ochrany a p\u0159ilnavosti jsou tyto rukavice dod\u00e1v\u00e1ny v n\u00e1sleduj\u00edc\u00edch proveden\u00edch. <strong data-start=\"3371\" data-end=\"3408\">neonov\u011b \u017elut\u00e1 a \u010derven\u00e1 barva<\/strong> kter\u00e9 v\u00fdrazn\u011b zlep\u0161uj\u00ed viditelnost jezdce. Barevn\u00e9 akcenty, kter\u00e9 jsou u\u017eite\u010dn\u00e9 zejm\u00e9na p\u0159i no\u010dn\u00edch j\u00edzd\u00e1ch nebo za \u0161patn\u00e9ho po\u010das\u00ed, zvy\u0161uj\u00ed viditelnost jezdce pro ostatn\u00ed \u0159idi\u010de a zlep\u0161uj\u00ed bezpe\u010dnost na silnici.<\/p>\n<p data-start=\"3594\" data-end=\"3947\"><strong data-start=\"3594\" data-end=\"3639\">Ide\u00e1ln\u00ed pro B2B n\u00e1kup\u010d\u00ed a prodejce vybaven\u00ed<\/strong><br data-start=\"3639\" data-end=\"3642\" \/>Pokud jste distributor, dodavatel vybaven\u00ed nebo maloobchodn\u00ed prodejna a chcete m\u00edt na sklad\u011b pr\u00e9miov\u00e9 motocyklov\u00e9 rukavice, spole\u010dnost RYINZ v\u00e1m poskytne z\u00e1ruku kvality, stylov\u00e9 mo\u017enosti balen\u00ed a vynikaj\u00edc\u00ed podporu pro va\u0161e velkoobchodn\u00ed pot\u0159eby. Tyto rukavice maj\u00ed certifik\u00e1t CE a spl\u0148uj\u00ed evropsk\u00e9 normy - to je nutnost pro va\u0161e skladov\u00e9 z\u00e1soby.<\/p>\n<p data-start=\"3949\" data-end=\"4242\"><strong data-start=\"3949\" data-end=\"3995\">Testov\u00e1no a schv\u00e1leno - EN420 a EN13594:2015<\/strong><br data-start=\"3995\" data-end=\"3998\" \/>Tyto rukavice jsou certifikov\u00e1ny podle <strong data-start=\"4031\" data-end=\"4057\">EN420 a EN13594:2015<\/strong>, co\u017e znamen\u00e1, \u017ee pro\u0161ly p\u0159\u00edsn\u00fdmi testy bezpe\u010dnosti, v\u00fdkonu a pohodl\u00ed. D\u00edky tomu jsou vhodn\u00e9 pro pou\u017eit\u00ed ve v\u0161ech zem\u00edch EU a d\u016fv\u011b\u0159uj\u00ed jim amat\u00e9r\u0161t\u00ed i profesion\u00e1ln\u00ed jezdci.<\/p>\n<p data-start=\"4244\" data-end=\"4519\"><strong data-start=\"4244\" data-end=\"4298\">Dostupn\u00e9 barevn\u00e9 varianty a mo\u017enosti vlastn\u00edho zna\u010den\u00ed<\/strong><br data-start=\"4298\" data-end=\"4301\" \/>K dispozici v <strong data-start=\"4314\" data-end=\"4349\">Neonov\u011b \u017elut\u00e1\/\u010dern\u00e1 a \u010derven\u00e1\/\u010dern\u00e1<\/strong>, spole\u010dnost RYINZ nab\u00edz\u00ed flexibilitu v oblasti stylingu a na po\u017e\u00e1d\u00e1n\u00ed m\u016f\u017ee pracovat s vlastn\u00edmi n\u00e1vrhy loga a \u0161t\u00edtk\u016f. Pro projekty soukrom\u00fdch zna\u010dek je k dispozici podpora MOQ a p\u0159izp\u016fsoben\u00ed.<\/p>\n<p data-start=\"4521\" data-end=\"4548\"><strong data-start=\"4521\" data-end=\"4546\">Shrnut\u00ed kl\u00ed\u010dov\u00fdch vlastnost\u00ed:<\/strong><\/p>\n<ul data-start=\"4549\" data-end=\"4990\">\n<li data-start=\"4549\" data-end=\"4586\">\n<p data-start=\"4551\" data-end=\"4586\">Odoln\u00e1 keprov\u00e1 tkanina<\/p>\n<\/li>\n<li data-start=\"4587\" data-end=\"4643\">\n<p data-start=\"4589\" data-end=\"4643\">Ochrana kloub\u016f z TPU pro extr\u00e9mn\u00ed tlumen\u00ed n\u00e1raz\u016f<\/p>\n<\/li>\n<li data-start=\"4644\" data-end=\"4694\">\n<p data-start=\"4646\" data-end=\"4694\">Gumov\u00e9 v\u00fdztuhy EVA na prstech a man\u017eet\u00e1ch<\/p>\n<\/li>\n<li data-start=\"4695\" data-end=\"4746\">\n<p data-start=\"4697\" data-end=\"4746\">Pr\u00e9miov\u00e1 k\u016f\u017ee GoatSkin na dlani a prstech<\/p>\n<\/li>\n<li data-start=\"4747\" data-end=\"4810\">\n<p data-start=\"4749\" data-end=\"4810\">Vnit\u0159n\u00ed p\u011bnov\u00e9 polstrov\u00e1n\u00ed pro lep\u0161\u00ed p\u0159ilnavost a tlumen\u00ed n\u00e1raz\u016f<\/p>\n<\/li>\n<li data-start=\"4811\" data-end=\"4845\">\n<p data-start=\"4813\" data-end=\"4845\">Nastaviteln\u00e9 p\u00e1sky na z\u00e1p\u011bst\u00ed se such\u00fdm zipem<\/p>\n<\/li>\n<li data-start=\"4846\" data-end=\"4893\">\n<p data-start=\"4848\" data-end=\"4893\">Neonov\u00e9 bezpe\u010dnostn\u00ed barvy pro lep\u0161\u00ed viditelnost<\/p>\n<\/li>\n<li data-start=\"4894\" data-end=\"4947\">\n<p data-start=\"4896\" data-end=\"4947\">K dispozici pro velkoobchodn\u00ed, maloobchodn\u00ed a OEM projekty<\/p>\n<\/li>\n<li data-start=\"4948\" data-end=\"4990\">\n<p data-start=\"4950\" data-end=\"4990\">Certifikov\u00e1no podle EN420 a EN13594:2015<\/p>\n<\/li>\n<\/ul>\n<p data-start=\"4992\" data-end=\"5227\">A\u0165 u\u017e z\u00e1sobujete obchod s motocyklov\u00fdm vybaven\u00edm, dov\u00e1\u017e\u00edte pro distribuci, nebo vytv\u00e1\u0159\u00edte sortiment pod vlastn\u00ed zna\u010dkou, je pro v\u00e1s <strong data-start=\"5123\" data-end=\"5159\">RYINZ Taktick\u00e9 rukavice na motorku<\/strong> poskytuj\u00ed funk\u010dnost a ochranu, kter\u00e9 va\u0161i z\u00e1kazn\u00edci d\u016fv\u011b\u0159uj\u00ed.<\/p>","protected":false},"excerpt":{"rendered":"<p>Objevte nep\u0159ekonatelnou ochranu a pohodl\u00ed s taktick\u00fdmi rukavicemi na motorku RYINZ - dokonalou kombinac\u00ed odolnosti, kontroly a designu pro profesion\u00e1ln\u00ed jezdce a prodejce motocyklov\u00e9ho vybaven\u00ed. Tyto rukavice jsou vyrobeny z keprov\u00e9 tkaniny a vyztu\u017eeny prvot\u0159\u00eddn\u00ed k\u016f\u017e\u00ed GoatSkin a jsou vybaveny pokro\u010dilou ochranou kloub\u016f z TPU, gumov\u00fdm st\u00edn\u011bn\u00edm EVA na prstech a man\u017eet\u00e1ch a dlan\u00ed s p\u011bnovou v\u00fdpln\u00ed pro vynikaj\u00edc\u00ed odolnost proti n\u00e1raz\u016fm. Tyto rukavice jsou vyrobeny tak, aby poskytovaly vysok\u00fd v\u00fdkon a trvalou hodnotu, a\u0165 u\u017e je sh\u00e1n\u00edte pro maloobchod nebo velkoobchodn\u00ed dod\u00e1vky B2B. Jsou certifikov\u00e1ny podle norem EN420 a EN13594:2015 a dod\u00e1vaj\u00ed se v z\u00e1\u0159iv\u00fdch bezpe\u010dnostn\u00edch barv\u00e1ch, kter\u00e9 zvy\u0161uj\u00ed viditelnost a jistotu jezdce na silnici.<\/p>","protected":false},"featured_media":9286,"comment_status":"closed","ping_status":"closed","template":"","meta":[],"product_brand":[35],"product_cat":[1111,380,122,68],"product_tag":[373,374,375,376,377,378,379,381,382,383,384,385,386,387,388],"class_list":{"0":"post-9182","1":"product","2":"type-product","3":"status-publish","4":"has-post-thumbnail","6":"product_brand-ryinz","7":"product_cat-motorbike","8":"product_cat-motorbike-gloves","9":"product_cat-motorbike-racing-gloves","10":"product_cat-ryinz","11":"product_tag-breathable-protective-gloves-for-long-rides","12":"product_tag-bright-color-gloves-for-road-safety-and-visibility","13":"product_tag-ce-certified-gloves-for-eu-motorcycle-safety","14":"product_tag-en13594-motorcycle-gloves-with-tpu-armor","15":"product_tag-eva-rubber-reinforced-tactical-gloves","16":"product_tag-goatskin-leather-motorcycle-gloves-for-retailers","17":"product_tag-high-visibility-biker-gloves-with-safety-features","18":"product_tag-motorcycle-gloves-with-foam-padded-palm","19":"product_tag-premium-riding-gloves-for-distribution","20":"product_tag-protective-riding-gloves-for-street-and-off-road","21":"product_tag-tactical-motorcycle-gloves-for-wholesale","22":"product_tag-tpu-knuckle-protected-gloves-for-motorcyclists","23":"product_tag-twill-back-biker-gloves-with-leather-palm","24":"product_tag-velcro-closure-motorcycle-gloves-for-fit","25":"product_tag-wholesale-riding-gloves-for-european-suppliers","27":"first","28":"instock","29":"taxable","30":"shipping-taxable","31":"purchasable","32":"product-type-simple"},"_links":{"self":[{"href":"https:\/\/ryinz.cz\/velkoobchod\/cs\/wp-json\/wp\/v2\/product\/9182","targetHints":{"allow":["GET"]}}],"collection":[{"href":"https:\/\/ryinz.cz\/velkoobchod\/cs\/wp-json\/wp\/v2\/product"}],"about":[{"href":"https:\/\/ryinz.cz\/velkoobchod\/cs\/wp-json\/wp\/v2\/types\/product"}],"replies":[{"embeddable":true,"href":"https:\/\/ryinz.cz\/velkoobchod\/cs\/wp-json\/wp\/v2\/comments?post=9182"}],"wp:featuredmedia":[{"embeddable":true,"href":"https:\/\/ryinz.cz\/velkoobchod\/cs\/wp-json\/wp\/v2\/media\/9286"}],"wp:attachment":[{"href":"https:\/\/ryinz.cz\/velkoobchod\/cs\/wp-json\/wp\/v2\/media?parent=9182"}],"wp:term":[{"taxonomy":"product_brand","embeddable":true,"href":"https:\/\/ryinz.cz\/velkoobchod\/cs\/wp-json\/wp\/v2\/product_brand?post=9182"},{"taxonomy":"product_cat","embeddable":true,"href":"https:\/\/ryinz.cz\/velkoobchod\/cs\/wp-json\/wp\/v2\/product_cat?post=9182"},{"taxonomy":"product_tag","embeddable":true,"href":"https:\/\/ryinz.cz\/velkoobchod\/cs\/wp-json\/wp\/v2\/product_tag?post=9182"}],"curies":[{"name":"wp","href":"https:\/\/api.w.org\/{rel}","templated":true}]}}