{"id":9180,"date":"2025-08-26T11:48:34","date_gmt":"2025-08-26T11:48:34","guid":{"rendered":"https:\/\/ryinz.cz\/velkoobchod\/?post_type=product&#038;p=9180"},"modified":"2026-01-18T20:18:03","modified_gmt":"2026-01-18T20:18:03","slug":"premiove-takticke-rukavice-na-motorku-pro-zavodni-hlidky-velkoobchod-kozi-kuze-s-ochranou-prstu-tpu-eva","status":"publish","type":"product","link":"https:\/\/ryinz.cz\/velkoobchod\/cs\/product\/premium-tactical-motorbike-gloves-for-racing-patrol-wholesale-goatskin-leather-with-tpu-eva-finger-protection\/","title":{"rendered":"Pr\u00e9miov\u00e9 taktick\u00e9 rukavice na motorku pro z\u00e1vody, hl\u00eddky a velkoobchod - k\u016f\u017ee GoatSkin s ochranou prst\u016f z TPU a EVA"},"content":{"rendered":"<p>&nbsp;<\/p>\n<p data-start=\"729\" data-end=\"1150\">P\u0159edstaven\u00ed <strong data-start=\"745\" data-end=\"780\">Taktick\u00e9 rukavice Ryinz pro motocykly<\/strong>, vyroben\u00fd z materi\u00e1l\u016f nov\u00e9 generace a \u0161pi\u010dkov\u00e9ho \u0159emesln\u00e9ho zpracov\u00e1n\u00ed, aby slou\u017eil <strong data-start=\"855\" data-end=\"907\">jezdci, jednotky vym\u00e1h\u00e1n\u00ed pr\u00e1va, velkoobchodn\u00ed z\u00e1kazn\u00edci<\/strong>, a <strong data-start=\"913\" data-end=\"938\">zna\u010dky motocyklov\u00e9ho vybaven\u00ed<\/strong> s p\u0159esnost\u00ed a kvalitou. Tyto rukavice jsou navr\u017eeny pro odolnost, taktickou pohyblivost a jistotu ochrany v t\u011bch nejn\u00e1ro\u010dn\u011bj\u0161\u00edch podm\u00ednk\u00e1ch - a\u0165 u\u017e se \u0159\u00edt\u00edte po trati, nebo hl\u00eddkujete v ulic\u00edch.<\/p>\n<p data-start=\"1152\" data-end=\"1609\"><strong data-start=\"1152\" data-end=\"1175\">Excelentn\u00ed materi\u00e1l<\/strong><br data-start=\"1175\" data-end=\"1178\" \/>Svrchn\u00ed pl\u00e1\u0161\u0165 je vyroben z <strong data-start=\"1210\" data-end=\"1234\">odoln\u00e1 keprov\u00e1 tkanina<\/strong> nab\u00edz\u00ed lehkou pru\u017enost s vysokou pevnost\u00ed v tahu. Je vyztu\u017eena <strong data-start=\"1317\" data-end=\"1345\">Ko\u017een\u00e9 z\u00e1platy GoatSkin<\/strong> strategicky um\u00edst\u011bn\u00e9 na v\u0161ech m\u00edstech n\u00e1chyln\u00fdch k n\u00e1raz\u016fm, v\u010detn\u011b <strong data-start=\"1405\" data-end=\"1429\">prsty a man\u017eeta<\/strong>. Gumov\u00e9 polstrov\u00e1n\u00ed EVA chr\u00e1n\u00ed zraniteln\u00e9 oblasti a z\u00e1rove\u0148 umo\u017e\u0148uje plynulou artikulaci rukou. . <strong data-start=\"1520\" data-end=\"1545\">Chr\u00e1ni\u010d kloub\u016f z TPU<\/strong> nab\u00edz\u00ed obranu proti vysok\u00fdm n\u00e1raz\u016fm bez omezen\u00ed rozsahu pohybu.<\/p>\n<p data-start=\"1611\" data-end=\"1648\"><strong data-start=\"1611\" data-end=\"1646\">Zv\u00fd\u0161en\u00e1 ochrana a pohodl\u00ed<\/strong><\/p>\n<ul data-start=\"1649\" data-end=\"2286\">\n<li data-start=\"1649\" data-end=\"1838\">\n<p data-start=\"1651\" data-end=\"1838\"><strong data-start=\"1651\" data-end=\"1659\">Palm<\/strong>: Vyrobeno z vysoce kvalitn\u00edch <strong data-start=\"1685\" data-end=\"1705\">Koz\u00ed k\u016f\u017ee<\/strong>, pos\u00edlen\u00fd pomoc\u00ed dal\u0161\u00edch <strong data-start=\"1735\" data-end=\"1754\">Panely GoatSkin<\/strong>, kter\u00e1 nab\u00edz\u00ed odolnost proti od\u011bru a lep\u0161\u00ed p\u0159ilnavost, zejm\u00e9na za mokra.<\/p>\n<\/li>\n<li data-start=\"1839\" data-end=\"1960\">\n<p data-start=\"1841\" data-end=\"1960\"><strong data-start=\"1841\" data-end=\"1849\">Zp\u011bt<\/strong>: Obsahuje gumovou ochranu EVA na prstech, kter\u00e1 poskytuje dodate\u010dn\u00e9 tlumen\u00ed p\u0159i drsn\u00e9 j\u00edzd\u011b a n\u00e1hodn\u00fdch n\u00e1razech.<\/p>\n<\/li>\n<li data-start=\"1961\" data-end=\"2097\">\n<p data-start=\"1963\" data-end=\"2097\"><strong data-start=\"1963\" data-end=\"1975\">Knuckles<\/strong>: Chr\u00e1n\u011bno ergonomick\u00fdm <strong data-start=\"2002\" data-end=\"2015\">TPU panc\u00ed\u0159<\/strong> navr\u017een\u00e9 tak, aby absorbovaly n\u00e1razy a zabr\u00e1nily zlomenin\u00e1m p\u0159i n\u00e1razech nebo tvrd\u00e9m kontaktu.<\/p>\n<\/li>\n<li data-start=\"2098\" data-end=\"2286\">\n<p data-start=\"2100\" data-end=\"2286\"><strong data-start=\"2100\" data-end=\"2116\">Z\u00e1p\u011bst\u00ed a man\u017eeta<\/strong>: Vlastnosti rukavic <strong data-start=\"2137\" data-end=\"2177\">Uz\u00e1v\u011br z koz\u00ed k\u016f\u017ee se such\u00fdm zipem<\/strong>, kter\u00e1 poskytuje nastaviteln\u00e9 a bezpe\u010dn\u00e9 uchycen\u00ed, tak\u017ee se snadno nasazuje a sund\u00e1v\u00e1, ani\u017e by byla ohro\u017eena stabilita.<\/p>\n<\/li>\n<\/ul>\n<p data-start=\"2288\" data-end=\"2659\"><strong data-start=\"2288\" data-end=\"2315\">V\u00fdkon a pou\u017eitelnost<\/strong><br data-start=\"2315\" data-end=\"2318\" \/>Ur\u010deno pro <strong data-start=\"2331\" data-end=\"2354\">profesion\u00e1ln\u00ed motork\u00e1\u0159i<\/strong>, <strong data-start=\"2356\" data-end=\"2381\">vojensk\u00e9 hl\u00eddkov\u00e9 jednotky<\/strong>, <strong data-start=\"2383\" data-end=\"2401\">bezpe\u010dnost ve m\u011bstech<\/strong>, a <strong data-start=\"2407\" data-end=\"2426\">maloobchodn\u00ed partne\u0159i<\/strong>, tyto rukavice zachov\u00e1vaj\u00ed dokonalou rovnov\u00e1hu mezi odolnost\u00ed, taktick\u00fdmi finesami a prody\u0161n\u00fdm no\u0161en\u00edm. D\u00edky chr\u00e1ni\u010d\u016fm EVA a TPU jsou mimo\u0159\u00e1dn\u011b bezpe\u010dn\u00e9, zat\u00edmco p\u011bnov\u00e9 polstrov\u00e1n\u00ed integrovan\u00e9 uvnit\u0159 zaji\u0161\u0165uje pohodln\u00fd \u00fachop p\u0159i dlouh\u00fdch j\u00edzd\u00e1ch.<\/p>\n<p data-start=\"2661\" data-end=\"3036\"><strong data-start=\"2661\" data-end=\"2696\">Dodr\u017eov\u00e1n\u00ed mezin\u00e1rodn\u00edch bezpe\u010dnostn\u00edch p\u0159edpis\u016f<\/strong><br data-start=\"2696\" data-end=\"2699\" \/>Tyto rukavice se vyr\u00e1b\u011bj\u00ed podle n\u00e1sleduj\u00edc\u00edch z\u00e1sad <strong data-start=\"2739\" data-end=\"2765\">EN420 a EN13594:2015<\/strong> evropsk\u00e9 bezpe\u010dnostn\u00ed normy, tak\u017ee jsou ide\u00e1ln\u00ed pro <strong data-start=\"2815\" data-end=\"2825\">export<\/strong>, <strong data-start=\"2827\" data-end=\"2845\">hromadn\u00fd prodej B2B<\/strong>, a <strong data-start=\"2851\" data-end=\"2891\">vl\u00e1dn\u00ed nebo organiza\u010dn\u00ed v\u00fdb\u011brov\u00e1 \u0159\u00edzen\u00ed<\/strong> kde je dodr\u017eov\u00e1n\u00ed p\u0159edpis\u016f nezbytn\u00e9. A\u0165 u\u017e objedn\u00e1v\u00e1te zbo\u017e\u00ed pro dal\u0161\u00ed prodej, t\u00fdmov\u00e9 vybaven\u00ed nebo priv\u00e1tn\u00ed zna\u010dku, spole\u010dnost Ryinz v\u00e1m zaru\u010duje \u0161pi\u010dkovou spolehlivost.<\/p>\n<p data-start=\"3038\" data-end=\"3282\"><strong data-start=\"3038\" data-end=\"3059\">Design a zna\u010dka<\/strong><br data-start=\"3059\" data-end=\"3062\" \/>Rukavice jsou opat\u0159eny decentn\u00edm, ale p\u016fsobiv\u00fdm vzorem. <strong data-start=\"3106\" data-end=\"3129\">Vyra\u017een\u00e9 logo RYINZ<\/strong> na z\u00e1p\u011bst\u00ed, co\u017e posiluje presti\u017e a viditelnost zna\u010dky pro prodejce a distributory. Pro hromadn\u00e9 objedn\u00e1vky OEM jsou k dispozici vlastn\u00ed barvy a loga.<\/p>\n<p data-start=\"3284\" data-end=\"3302\"><strong data-start=\"3284\" data-end=\"3300\">Aplikace<\/strong><\/p>\n<ul data-start=\"3303\" data-end=\"3534\">\n<li data-start=\"3303\" data-end=\"3348\">\n<p data-start=\"3305\" data-end=\"3348\">Motocyklov\u00e9 z\u00e1vody a d\u00e1lkov\u00e9 j\u00edzdy<\/p>\n<\/li>\n<li data-start=\"3349\" data-end=\"3390\">\n<p data-start=\"3351\" data-end=\"3390\">Policejn\u00ed a vojensk\u00e9 motocyklov\u00e9 hl\u00eddky<\/p>\n<\/li>\n<li data-start=\"3391\" data-end=\"3438\">\n<p data-start=\"3393\" data-end=\"3438\">Profesion\u00e1lov\u00e9 v oblasti taktick\u00e9 bezpe\u010dnosti a obrany<\/p>\n<\/li>\n<li data-start=\"3439\" data-end=\"3479\">\n<p data-start=\"3441\" data-end=\"3479\">Dodavatel\u00e9 a pracovn\u00edci venkovn\u00edch slu\u017eeb<\/p>\n<\/li>\n<li data-start=\"3480\" data-end=\"3534\">\n<p data-start=\"3482\" data-end=\"3534\">Velkoobchodn\u00ed n\u00e1kup\u010d\u00ed a maloobchodn\u00ed prodejci osobn\u00edch ochrann\u00fdch prost\u0159edk\u016f v EU, Velk\u00e9 Brit\u00e1nii a USA<\/p>\n<\/li>\n<\/ul>\n<p data-start=\"3536\" data-end=\"3720\"><strong data-start=\"3536\" data-end=\"3551\">Velikosti &amp; MOQ<\/strong><br data-start=\"3551\" data-end=\"3554\" \/>K dispozici jsou standardn\u00ed velikosti (S-XXL). Vlastn\u00ed velikosti a po\u017eadavky OEM v\u00edt\u00e1ny. Minim\u00e1ln\u00ed objednac\u00ed mno\u017estv\u00ed (MOQ) lze p\u0159izp\u016fsobit nebo skr\u00fdt v z\u00e1vislosti na va\u0161\u00ed c\u00edlov\u00e9 strategii.<\/p>","protected":false},"excerpt":{"rendered":"<p>Tyto rukavice Ryinz jsou ur\u010deny pro v\u00e1\u017en\u00e9 jezdce a taktick\u00e9 u\u017eivatele a kombinuj\u00ed v sob\u011b <strong data-start=\"390\" data-end=\"404\">keprov\u00e1 zadn\u00ed strana<\/strong>, <strong data-start=\"406\" data-end=\"431\">Dla\u0148 z k\u016f\u017ee GoatSkin<\/strong>, <strong data-start=\"433\" data-end=\"459\">zes\u00edlen\u00e9 polstrov\u00e1n\u00ed EVA<\/strong>, a <strong data-start=\"465\" data-end=\"488\">\u0160t\u00edty kloub\u016f z TPU<\/strong> pro maxim\u00e1ln\u00ed odolnost, pohodl\u00ed a bezpe\u010dnost. Ide\u00e1ln\u00ed pro z\u00e1vod\u011bn\u00ed, hl\u00eddkov\u00e1n\u00ed a n\u00e1ro\u010dnou j\u00edzdu za ka\u017ed\u00e9ho po\u010das\u00ed, pln\u011b v souladu s normami EN420 a EN13594:2015.<\/p>","protected":false},"featured_media":9284,"comment_status":"closed","ping_status":"closed","template":"","meta":[],"product_brand":[35],"product_cat":[68],"product_tag":[353,354,355,356,357,358,359,360,361,362,363,364,365,366,367,368,369,370,371,372],"class_list":{"0":"post-9180","1":"product","2":"type-product","3":"status-publish","4":"has-post-thumbnail","6":"product_brand-ryinz","7":"product_cat-ryinz","8":"product_tag-b2b-leather-racing-gloves-eu","9":"product_tag-breathable-biker-gloves-custom","10":"product_tag-chrom-vi-free-gloves-for-sale","11":"product_tag-custom-logo-biker-gloves-eu","12":"product_tag-custom-motorcycle-gloves-ryinz","13":"product_tag-eu-style-racing-gloves-design","14":"product_tag-gel-padded-motorbike-gloves","15":"product_tag-goat-leather-racing-gloves-eu","16":"product_tag-high-grip-motorcycle-gloves-eu","17":"product_tag-hook-loop-secure-wrist-gloves","18":"product_tag-motorbike-gloves-premium-leather","19":"product_tag-premium-goat-leather-gloves-ryinz","20":"product_tag-racing-gloves-with-gel-closure","21":"product_tag-reinforced-finger-gloves-ryinz","22":"product_tag-rubber-knuckle-gloves-ryinz","23":"product_tag-ryinz-blue-white-racing-gloves","24":"product_tag-synthetic-patch-biker-gloves","25":"product_tag-tpu-knuckle-biker-gloves-bulk","26":"product_tag-track-ready-motorbike-gloves-eu","27":"product_tag-wrist-strap-leather-bike-gloves","29":"first","30":"instock","31":"taxable","32":"shipping-taxable","33":"purchasable","34":"product-type-simple"},"_links":{"self":[{"href":"https:\/\/ryinz.cz\/velkoobchod\/cs\/wp-json\/wp\/v2\/product\/9180","targetHints":{"allow":["GET"]}}],"collection":[{"href":"https:\/\/ryinz.cz\/velkoobchod\/cs\/wp-json\/wp\/v2\/product"}],"about":[{"href":"https:\/\/ryinz.cz\/velkoobchod\/cs\/wp-json\/wp\/v2\/types\/product"}],"replies":[{"embeddable":true,"href":"https:\/\/ryinz.cz\/velkoobchod\/cs\/wp-json\/wp\/v2\/comments?post=9180"}],"wp:featuredmedia":[{"embeddable":true,"href":"https:\/\/ryinz.cz\/velkoobchod\/cs\/wp-json\/wp\/v2\/media\/9284"}],"wp:attachment":[{"href":"https:\/\/ryinz.cz\/velkoobchod\/cs\/wp-json\/wp\/v2\/media?parent=9180"}],"wp:term":[{"taxonomy":"product_brand","embeddable":true,"href":"https:\/\/ryinz.cz\/velkoobchod\/cs\/wp-json\/wp\/v2\/product_brand?post=9180"},{"taxonomy":"product_cat","embeddable":true,"href":"https:\/\/ryinz.cz\/velkoobchod\/cs\/wp-json\/wp\/v2\/product_cat?post=9180"},{"taxonomy":"product_tag","embeddable":true,"href":"https:\/\/ryinz.cz\/velkoobchod\/cs\/wp-json\/wp\/v2\/product_tag?post=9180"}],"curies":[{"name":"wp","href":"https:\/\/api.w.org\/{rel}","templated":true}]}}