{"id":9179,"date":"2025-08-26T11:48:34","date_gmt":"2025-08-26T11:48:34","guid":{"rendered":"https:\/\/ryinz.cz\/velkoobchod\/?post_type=product&#038;p=9179"},"modified":"2026-01-18T20:18:02","modified_gmt":"2026-01-18T20:18:02","slug":"premiove-motocyklove-zavodni-rukavice-pro-velkoobchodni-maloobchodni-ochranne-prizpusobitelne-vysoce-vykonne-rukavice-z-kozi-kuze","status":"publish","type":"product","link":"https:\/\/ryinz.cz\/velkoobchod\/cs\/product\/premium-motorbike-racing-gloves-for-wholesale-retail-protective-customizable-high-performance-goat-leather-gloves\/","title":{"rendered":"Pr\u00e9miov\u00e9 z\u00e1vodn\u00ed rukavice pro motocykly pro velkoobchod a maloobchod - ochrann\u00e9, p\u0159izp\u016fsobiteln\u00e9, vysoce v\u00fdkonn\u00e9 rukavice z koz\u00ed k\u016f\u017ee"},"content":{"rendered":"<p data-start=\"764\" data-end=\"1082\">P\u0159edstavujeme v\u00e1m z\u00e1vodn\u00ed rukavice Ryinz Premium Motorbike Racing Gloves, ve kter\u00fdch se maxim\u00e1ln\u00ed ochrana snoub\u00ed se z\u00e1vodn\u00edm komfortem a funk\u010dnost\u00ed. Tyto rukavice, vytvo\u0159en\u00e9 pro velkoobchodn\u00ed odb\u011bratele, z\u00e1vodn\u00ed nad\u0161ence, hl\u00eddkov\u00e9 jednotky motocykl\u016f a prodejce vybaven\u00ed B2B, jsou navr\u017eeny s pou\u017eit\u00edm pokro\u010dil\u00fdch ochrann\u00fdch materi\u00e1l\u016f a ergonomick\u00fdch konstruk\u010dn\u00edch prvk\u016f.<\/p>\n<p data-start=\"1084\" data-end=\"1410\"><strong data-start=\"1084\" data-end=\"1112\">Konstrukce a materi\u00e1ly<\/strong><br data-start=\"1112\" data-end=\"1115\" \/>Tyto rukavice jsou vyrobeny z prvot\u0159\u00eddn\u00ed koz\u00ed k\u016f\u017ee (PCP), kter\u00e1 zaji\u0161\u0165uje v\u00fdjime\u010dnou odolnost proti od\u011bru p\u0159i zachov\u00e1n\u00ed m\u011bkk\u00e9 pru\u017enosti. Dla\u0148 je opat\u0159ena zes\u00edlen\u00fdm ko\u017een\u00fdm p\u0159ekryt\u00edm bez chromu VI a dal\u0161\u00edmi plastov\u00fdmi chr\u00e1ni\u010di pro dokonal\u00e9 tlumen\u00ed n\u00e1raz\u016f a kontrolu zp\u011btn\u00e9 vazby na silnici.<\/p>\n<p data-start=\"1412\" data-end=\"1754\">Na str\u00e1nk\u00e1ch <strong data-start=\"1416\" data-end=\"1437\">h\u0159bet rukavice<\/strong> jsou vybaveny ochranou kloub\u016f z TPU, kter\u00e1 je dopln\u011bna gumou vyztu\u017een\u00fdmi chr\u00e1ni\u010di na ka\u017ed\u00e9m prstu pro v\u011bt\u0161\u00ed odolnost a ochranu. Ka\u017ed\u00fd \u0161ev je p\u0159esn\u011b pro\u0161it\u00fd podle normy EN13594, co\u017e zaji\u0161\u0165uje, \u017ee tyto rukavice spl\u0148uj\u00ed a p\u0159ekra\u010duj\u00ed profesion\u00e1ln\u00ed z\u00e1vodn\u00ed a bezpe\u010dnostn\u00ed krit\u00e9ria v Evrop\u011b i na mezin\u00e1rodn\u00edch trz\u00edch.<\/p>\n<p data-start=\"1756\" data-end=\"1790\"><strong data-start=\"1756\" data-end=\"1788\">Funkce zam\u011b\u0159en\u00e9 na v\u00fdkon<\/strong><\/p>\n<ul data-start=\"1791\" data-end=\"2372\">\n<li data-start=\"1791\" data-end=\"1906\">\n<p data-start=\"1793\" data-end=\"1906\"><strong data-start=\"1793\" data-end=\"1814\">Chr\u00e1ni\u010d kloub\u016f TPU<\/strong>: Chr\u00e1n\u00ed p\u0159ed n\u00e1razem a zran\u011bn\u00edm zp\u016fsoben\u00fdm sklouznut\u00edm p\u0159i vysokorychlostn\u00edch z\u00e1vodech nebo nehod\u00e1ch.<\/p>\n<\/li>\n<li data-start=\"1907\" data-end=\"2018\">\n<p data-start=\"1909\" data-end=\"2018\"><strong data-start=\"1909\" data-end=\"1931\">\u0158em\u00ednek na such\u00fd zip na z\u00e1p\u011bst\u00ed<\/strong>: Umo\u017e\u0148uje snadn\u00e9 nastaven\u00ed a bezpe\u010dn\u00e9 uchycen\u00ed bez ohledu na intenzitu j\u00edzdy.<\/p>\n<\/li>\n<li data-start=\"2019\" data-end=\"2119\">\n<p data-start=\"2021\" data-end=\"2119\"><strong data-start=\"2021\" data-end=\"2055\">Ochrana prst\u016f z TPU a gumy<\/strong>: Chr\u00e1n\u00ed ka\u017ed\u00fd kloub prstu p\u0159ed od\u0159eninami a hyperextenz\u00ed.<\/p>\n<\/li>\n<li data-start=\"2120\" data-end=\"2248\">\n<p data-start=\"2122\" data-end=\"2248\"><strong data-start=\"2122\" data-end=\"2168\">Reli\u00e9fn\u00ed zna\u010dka a v\u00edce barevn\u00fdch variant<\/strong>: K dispozici je \u0161pi\u010dkov\u00fd vzhled a p\u0159izp\u016fsoben\u00ed pro propagaci zna\u010dky nebo dod\u00e1vky OEM.<\/p>\n<\/li>\n<li data-start=\"2249\" data-end=\"2372\">\n<p data-start=\"2251\" data-end=\"2372\"><strong data-start=\"2251\" data-end=\"2292\">Prody\u0161n\u00e1 pod\u0161\u00edvka a ventila\u010dn\u00ed z\u00f3ny<\/strong>: Udr\u017e\u00ed va\u0161e ruce v suchu a pohodl\u00ed i b\u011bhem dlouh\u00fdch j\u00edzd nebo letn\u00edch z\u00e1vod\u016f.<\/p>\n<\/li>\n<\/ul>\n<p data-start=\"2374\" data-end=\"2729\"><strong data-start=\"2374\" data-end=\"2396\">Bezpe\u010dnost a normy<\/strong><br data-start=\"2396\" data-end=\"2399\" \/>Postaveno podle <strong data-start=\"2422\" data-end=\"2466\">Bezpe\u010dnostn\u00ed norma pro motocyklov\u00e9 rukavice EN13594<\/strong>, je tento v\u00fdrobek ide\u00e1ln\u00ed pro policejn\u00ed odd\u011blen\u00ed motocykl\u016f, z\u00e1vodn\u00ed t\u00fdmy, hl\u00eddkov\u00e9 jednotky a distributory bezpe\u010dnostn\u00edho vybaven\u00ed v Evrop\u011b, USA a Asii. Zes\u00edlen\u00e1 oblast dlan\u011b a syst\u00e9m panc\u00e9\u0159ov\u00e1n\u00ed prst\u016f nab\u00edz\u00ed rozs\u00e1hlou ochranu pro profesion\u00e1ln\u00ed i b\u011b\u017en\u00e9 pou\u017eit\u00ed.<\/p>\n<p data-start=\"2731\" data-end=\"3081\"><strong data-start=\"2731\" data-end=\"2768\">Velkoobchodn\u00ed prodej a p\u0159izp\u016fsoben\u00ed<\/strong><br data-start=\"2768\" data-end=\"2771\" \/>Tyto rukavice jsou nab\u00edzeny v \u010derven\u00e9, zelen\u00e9, modr\u00e9 a \u010dernob\u00edl\u00e9 variant\u011b. <strong data-start=\"2843\" data-end=\"2865\">pln\u011b p\u0159izp\u016fsobiteln\u00e9<\/strong> s logem va\u0161\u00ed zna\u010dky, barvami nebo dal\u0161\u00edmi funkcemi na vy\u017e\u00e1d\u00e1n\u00ed. Ide\u00e1ln\u00ed pro prodejce, velkoobchodn\u00ed z\u00e1kazn\u00edky B2B a za\u010d\u00ednaj\u00edc\u00ed v\u00fdrobce vybaven\u00ed, kte\u0159\u00ed cht\u011bj\u00ed vytvo\u0159it produktovou \u0159adu bez kompromis\u016f v oblasti kvality nebo dodr\u017eov\u00e1n\u00ed p\u0159edpis\u016f.<\/p>\n<p data-start=\"3083\" data-end=\"3098\"><strong data-start=\"3083\" data-end=\"3096\">P\u0159\u00edpady pou\u017eit\u00ed<\/strong><\/p>\n<ul data-start=\"3099\" data-end=\"3279\">\n<li data-start=\"3099\" data-end=\"3120\">\n<p data-start=\"3101\" data-end=\"3120\">Motocyklov\u00e9 z\u00e1vody<\/p>\n<\/li>\n<li data-start=\"3121\" data-end=\"3161\">\n<p data-start=\"3123\" data-end=\"3161\">Policejn\u00ed a vojensk\u00e9 motocyklov\u00e9 hl\u00eddky<\/p>\n<\/li>\n<li data-start=\"3162\" data-end=\"3183\">\n<p data-start=\"3164\" data-end=\"3183\">Obchody se zak\u00e1zkovou v\u00fdbavou<\/p>\n<\/li>\n<li data-start=\"3184\" data-end=\"3208\">\n<p data-start=\"3186\" data-end=\"3208\">Venkovn\u00ed jezdeck\u00e9 kluby<\/p>\n<\/li>\n<li data-start=\"3209\" data-end=\"3249\">\n<p data-start=\"3211\" data-end=\"3249\">Bezpe\u010dnostn\u00ed a taktick\u00e9 z\u00e1sahov\u00e9 t\u00fdmy<\/p>\n<\/li>\n<li data-start=\"3250\" data-end=\"3279\">\n<p data-start=\"3252\" data-end=\"3279\">Evrop\u0161t\u00ed distributo\u0159i osobn\u00edch ochrann\u00fdch prost\u0159edk\u016f<\/p>\n<\/li>\n<\/ul>\n<p data-start=\"3281\" data-end=\"3493\"><strong data-start=\"3281\" data-end=\"3300\">Balen\u00ed &amp; MOQ<\/strong><br data-start=\"3300\" data-end=\"3303\" \/>K dispozici je standardn\u00ed nebo pr\u00e9miov\u00e9 balen\u00ed. MOQ flexibiln\u00ed na vy\u017e\u00e1d\u00e1n\u00ed. Objedn\u00e1vky OEM a soukrom\u00fdch zna\u010dek jsou v\u00edt\u00e1ny. MOQ m\u016f\u017ee z\u016fstat skryt\u00e9 na platform\u00e1ch pro \u0161ir\u0161\u00ed viditelnost pro v\u0161echny potenci\u00e1ln\u00ed klienty.<\/p>","protected":false},"excerpt":{"rendered":"<p data-pm-slice=\"1 1 []\">Tyto pr\u00e9miov\u00e9 z\u00e1vodn\u00ed rukavice Ryinz jsou ur\u010deny pro v\u00e1\u017en\u00e9 jezdce a kombinuj\u00ed pokro\u010dilou ochranu, flexibilitu a v\u00fdkon s p\u0159izp\u016fsoben\u00edm na m\u00edru. Jsou vyrobeny z vysoce kvalitn\u00ed koz\u00ed k\u016f\u017ee, chr\u00e1ni\u010d\u016f kloub\u016f z TPU a zap\u00edn\u00e1n\u00ed na such\u00fd zip pro zaji\u0161t\u011bn\u00ed z\u00e1p\u011bst\u00ed a jsou ide\u00e1ln\u00ed pro z\u00e1vod\u011bn\u00ed, ka\u017edodenn\u00ed j\u00edzdy nebo hl\u00eddkov\u00e9 slu\u017eby. Tyto rukavice jsou k dispozici v n\u011bkolika barv\u00e1ch a spl\u0148uj\u00ed normy EN13594 pro bezpe\u010dnost a odolnost.<\/p>","protected":false},"featured_media":9283,"comment_status":"closed","ping_status":"closed","template":"","meta":[],"product_brand":[35],"product_cat":[68],"product_tag":[353,354,355,356,357,358,359,360,361,362,363,364,365,366,367,368,369,370,371,372],"class_list":{"0":"post-9179","1":"product","2":"type-product","3":"status-publish","4":"has-post-thumbnail","6":"product_brand-ryinz","7":"product_cat-ryinz","8":"product_tag-b2b-leather-racing-gloves-eu","9":"product_tag-breathable-biker-gloves-custom","10":"product_tag-chrom-vi-free-gloves-for-sale","11":"product_tag-custom-logo-biker-gloves-eu","12":"product_tag-custom-motorcycle-gloves-ryinz","13":"product_tag-eu-style-racing-gloves-design","14":"product_tag-gel-padded-motorbike-gloves","15":"product_tag-goat-leather-racing-gloves-eu","16":"product_tag-high-grip-motorcycle-gloves-eu","17":"product_tag-hook-loop-secure-wrist-gloves","18":"product_tag-motorbike-gloves-premium-leather","19":"product_tag-premium-goat-leather-gloves-ryinz","20":"product_tag-racing-gloves-with-gel-closure","21":"product_tag-reinforced-finger-gloves-ryinz","22":"product_tag-rubber-knuckle-gloves-ryinz","23":"product_tag-ryinz-blue-white-racing-gloves","24":"product_tag-synthetic-patch-biker-gloves","25":"product_tag-tpu-knuckle-biker-gloves-bulk","26":"product_tag-track-ready-motorbike-gloves-eu","27":"product_tag-wrist-strap-leather-bike-gloves","29":"first","30":"instock","31":"taxable","32":"shipping-taxable","33":"purchasable","34":"product-type-simple"},"_links":{"self":[{"href":"https:\/\/ryinz.cz\/velkoobchod\/cs\/wp-json\/wp\/v2\/product\/9179","targetHints":{"allow":["GET"]}}],"collection":[{"href":"https:\/\/ryinz.cz\/velkoobchod\/cs\/wp-json\/wp\/v2\/product"}],"about":[{"href":"https:\/\/ryinz.cz\/velkoobchod\/cs\/wp-json\/wp\/v2\/types\/product"}],"replies":[{"embeddable":true,"href":"https:\/\/ryinz.cz\/velkoobchod\/cs\/wp-json\/wp\/v2\/comments?post=9179"}],"wp:featuredmedia":[{"embeddable":true,"href":"https:\/\/ryinz.cz\/velkoobchod\/cs\/wp-json\/wp\/v2\/media\/9283"}],"wp:attachment":[{"href":"https:\/\/ryinz.cz\/velkoobchod\/cs\/wp-json\/wp\/v2\/media?parent=9179"}],"wp:term":[{"taxonomy":"product_brand","embeddable":true,"href":"https:\/\/ryinz.cz\/velkoobchod\/cs\/wp-json\/wp\/v2\/product_brand?post=9179"},{"taxonomy":"product_cat","embeddable":true,"href":"https:\/\/ryinz.cz\/velkoobchod\/cs\/wp-json\/wp\/v2\/product_cat?post=9179"},{"taxonomy":"product_tag","embeddable":true,"href":"https:\/\/ryinz.cz\/velkoobchod\/cs\/wp-json\/wp\/v2\/product_tag?post=9179"}],"curies":[{"name":"wp","href":"https:\/\/api.w.org\/{rel}","templated":true}]}}