{"id":9169,"date":"2025-06-22T15:31:14","date_gmt":"2025-06-22T15:31:14","guid":{"rendered":"https:\/\/ryinz.cz\/velkoobchod\/?post_type=product&#038;p=9169"},"modified":"2026-01-18T20:17:55","modified_gmt":"2026-01-18T20:17:55","slug":"ryinz-vsechny-cerne-nepromokave-zimni-rukavice-vlastni-zateplene-snehove-rukavice-s-manzetou-pro-praci-sportovni-maloobchod-b2b","status":"publish","type":"product","link":"https:\/\/ryinz.cz\/velkoobchod\/cs\/product\/ryinz-all-black-waterproof-winter-gloves-custom-insulated-snow-gloves-with-strap-cuff-for-work-sports-retail-b2b\/","title":{"rendered":"RYINZ Celo\u010dern\u00e9 nepromokav\u00e9 zimn\u00ed rukavice | Vlastn\u00ed zateplen\u00e9 sn\u011bhov\u00e9 rukavice s man\u017eetou pro pr\u00e1ci, sport a maloobchod B2B"},"content":{"rendered":"<p data-start=\"1094\" data-end=\"1447\">P\u0159edstaven\u00ed <strong data-start=\"1110\" data-end=\"1152\">RYINZ Celo\u010dern\u00e9 sn\u011bhov\u00e9 rukavice s p\u00e1skem a man\u017eetou<\/strong> - z\u00e1kladn\u00ed zimn\u00ed oble\u010den\u00ed va\u0161\u00ed zna\u010dky, kter\u00e9 je navr\u017eeno pro v\u00fdkon, teplo a elegantn\u00ed kompatibilitu s uniformami. Tyto rukavice jsou navr\u017eeny s ohledem na funk\u010dnost: vod\u011bodoln\u00fd pl\u00e1\u0161\u0165, m\u011bkk\u00e1 tepeln\u00e1 pod\u0161\u00edvka a nastaviteln\u00fd syst\u00e9m p\u00e1sk\u016f, kter\u00fd zaji\u0161\u0165uje pevn\u00e9 uchycen\u00ed bez ohledu na velikost z\u00e1p\u011bst\u00ed nebo intenzitu aktivity.<\/p>\n<p data-start=\"1449\" data-end=\"1795\">A\u0165 u\u017e vybavujete t\u00fdmy v ly\u017ea\u0159sk\u00fdch st\u0159edisc\u00edch, zimn\u00ed pracovn\u00ed \u010dety, outdoorov\u00e9 nad\u0161ence nebo zav\u00e1d\u00edte novou \u0159adu zimn\u00edho oble\u010den\u00ed, tyto rukavice jsou univerz\u00e1ln\u00edm \u0159e\u0161en\u00edm. Jsou vyrobeny ze standardn\u00edch materi\u00e1l\u016f odoln\u00fdch proti chladu a maj\u00ed minimalistick\u00fd \u010dern\u00fd design. <strong data-start=\"1740\" data-end=\"1794\">branding, velkoobchodn\u00ed prodej, uniformy a katalogov\u00fd p\u0159eprodej.<\/strong>.<\/p>\n<hr data-start=\"1797\" data-end=\"1800\" \/>\n<h4 data-start=\"1802\" data-end=\"1850\">???? <strong data-start=\"1810\" data-end=\"1850\">Vlastnosti v\u00fdrobku a podrobnosti o materi\u00e1lu:<\/strong><\/h4>\n<ul data-start=\"1851\" data-end=\"2391\">\n<li data-start=\"1851\" data-end=\"1913\">\n<p data-start=\"1853\" data-end=\"1913\"><strong data-start=\"1853\" data-end=\"1872\">Vn\u011bj\u0161\u00ed pl\u00e1\u0161\u0165:<\/strong> \u010cern\u00e1 vod\u011bodoln\u00e1 tkanina odoln\u00e1 proti v\u011btru<\/p>\n<\/li>\n<li data-start=\"1914\" data-end=\"2000\">\n<p data-start=\"1916\" data-end=\"2000\"><strong data-start=\"1916\" data-end=\"1931\">Izolace:<\/strong> M\u011bkk\u00e1 vrstva ze syntetick\u00e9ho termovl\u00e1kna pro pohodl\u00ed a udr\u017een\u00ed tepla<\/p>\n<\/li>\n<li data-start=\"2001\" data-end=\"2082\">\n<p data-start=\"2003\" data-end=\"2082\"><strong data-start=\"2003\" data-end=\"2019\">Dla\u0148 a rukoje\u0165:<\/strong> Pru\u017en\u00e1 PU dla\u0148ov\u00e1 z\u00f3na pro manipulaci s n\u00e1stroji a kontrolu t\u0159en\u00ed<\/p>\n<\/li>\n<li data-start=\"2083\" data-end=\"2166\">\n<p data-start=\"2085\" data-end=\"2166\"><strong data-start=\"2085\" data-end=\"2100\">Styl man\u017eety:<\/strong> Dlouh\u00e1 man\u017eeta na rukavici s elastickou gumou proti sn\u011bhu a v\u011btru<\/p>\n<\/li>\n<li data-start=\"2167\" data-end=\"2240\">\n<p data-start=\"2169\" data-end=\"2240\"><strong data-start=\"2169\" data-end=\"2187\">Nastavitelnost:<\/strong> Vestav\u011bn\u00fd syst\u00e9m \u0159em\u00ednk\u016f pro vlastn\u00ed kompresi z\u00e1p\u011bst\u00ed<\/p>\n<\/li>\n<li data-start=\"2241\" data-end=\"2324\">\n<p data-start=\"2243\" data-end=\"2324\"><strong data-start=\"2243\" data-end=\"2253\">Barva:<\/strong> Celo\u010dern\u00e9 proveden\u00ed s odpov\u00eddaj\u00edc\u00edm \u010dern\u00fdm ozna\u010den\u00edm - elegantn\u00ed a univerz\u00e1ln\u00ed<\/p>\n<\/li>\n<li data-start=\"2325\" data-end=\"2391\">\n<p data-start=\"2327\" data-end=\"2391\"><strong data-start=\"2327\" data-end=\"2341\">Pro\u0161\u00edv\u00e1n\u00ed:<\/strong> Dvojit\u00fd \u0161ev pro v\u011bt\u0161\u00ed odolnost p\u0159i n\u00e1ro\u010dn\u00e9m pou\u017e\u00edv\u00e1n\u00ed<\/p>\n<\/li>\n<\/ul>\n<hr data-start=\"2393\" data-end=\"2396\" \/>\n<h4 data-start=\"2398\" data-end=\"2444\">???? <strong data-start=\"2406\" data-end=\"2444\">V\u00fdkonnostn\u00ed a funk\u010dn\u00ed v\u00fdhody:<\/strong><\/h4>\n<ul data-start=\"2445\" data-end=\"2777\">\n<li data-start=\"2445\" data-end=\"2501\">\n<p data-start=\"2447\" data-end=\"2501\">\u2705 <strong data-start=\"2449\" data-end=\"2467\">Celodenn\u00ed teplo<\/strong> bez pocen\u00ed nebo p\u0159eh\u0159\u00e1t\u00ed<\/p>\n<\/li>\n<li data-start=\"2502\" data-end=\"2568\">\n<p data-start=\"2504\" data-end=\"2568\">\u2705 <strong data-start=\"2506\" data-end=\"2529\">Bezpe\u010dn\u00fd syst\u00e9m popruh\u016f<\/strong> zaji\u0161\u0165uje, \u017ee nedoch\u00e1z\u00ed k prokluzu ani p\u0159i aktivit\u011b<\/p>\n<\/li>\n<li data-start=\"2569\" data-end=\"2635\">\n<p data-start=\"2571\" data-end=\"2635\">\u2705 <strong data-start=\"2573\" data-end=\"2597\">Prodlou\u017een\u00fd design man\u017eety<\/strong> chr\u00e1n\u00ed p\u0159edlokt\u00ed p\u0159ed vniknut\u00edm sn\u011bhu.<\/p>\n<\/li>\n<li data-start=\"2636\" data-end=\"2714\">\n<p data-start=\"2638\" data-end=\"2714\">\u2705 <strong data-start=\"2640\" data-end=\"2660\">Blackout styling<\/strong> ide\u00e1ln\u00ed pro taktick\u00e1, bezpe\u010dnostn\u00ed a logistick\u00e1 odv\u011btv\u00ed.<\/p>\n<\/li>\n<li data-start=\"2715\" data-end=\"2777\">\n<p data-start=\"2717\" data-end=\"2777\">\u2705 <strong data-start=\"2719\" data-end=\"2745\">Nen\u00e1ro\u010dn\u00e1 povrchov\u00e1 \u00faprava<\/strong> - snadn\u00e9 \u010di\u0161t\u011bn\u00ed, rychl\u00e9 su\u0161en\u00ed<\/p>\n<\/li>\n<\/ul>\n<hr data-start=\"2779\" data-end=\"2782\" \/>\n<h4 data-start=\"2784\" data-end=\"2834\">???? <strong data-start=\"2792\" data-end=\"2834\">P\u0159izp\u016fsoben\u00ed a slu\u017eby OEM od spole\u010dnosti RYINZ:<\/strong><\/h4>\n<ul data-start=\"2835\" data-end=\"3206\">\n<li data-start=\"2835\" data-end=\"2907\">\n<p data-start=\"2837\" data-end=\"2907\">Loga: ti\u0161t\u011bn\u00e1, vyra\u017een\u00e1 nebo s n\u00e1\u0161ivkou p\u0159idanou na z\u00e1p\u011bst\u00ed, man\u017eetu nebo h\u0159bet ruky.<\/p>\n<\/li>\n<li data-start=\"2908\" data-end=\"2974\">\n<p data-start=\"2910\" data-end=\"2974\">Barevn\u00e9 varianty: K dispozici v barv\u00e1ch \u010dern\u00e1\/modr\u00e1, \u010dern\u00e1\/\u0161ed\u00e1, tmav\u011b modr\u00e1<\/p>\n<\/li>\n<li data-start=\"2975\" data-end=\"3006\">\n<p data-start=\"2977\" data-end=\"3006\">Rozsah velikost\u00ed: XS, S, M, L, XL<\/p>\n<\/li>\n<li data-start=\"3007\" data-end=\"3082\">\n<p data-start=\"3009\" data-end=\"3082\">Voliteln\u00e9 funkce: Reflexn\u00ed z\u00f3ny s logem, dotykov\u00e9 hroty, \u0161t\u00edtky se jm\u00e9ny<\/p>\n<\/li>\n<li data-start=\"3083\" data-end=\"3160\">\n<p data-start=\"3085\" data-end=\"3160\">Mo\u017enosti balen\u00ed: Ploch\u00e9 ekologick\u00e9 balen\u00ed, polybag, krabi\u010dka s visa\u010dkou, d\u00e1rkov\u00e9 pouzdro<\/p>\n<\/li>\n<li data-start=\"3161\" data-end=\"3206\">\n<p data-start=\"3163\" data-end=\"3206\">MOQ: 300 p\u00e1r\u016f pro v\u00fdrobu b\u00edl\u00fdch etiket<\/p>\n<\/li>\n<\/ul>\n<hr data-start=\"3208\" data-end=\"3211\" \/>\n<h4 data-start=\"3213\" data-end=\"3261\">???? <strong data-start=\"3221\" data-end=\"3261\">Ide\u00e1ln\u00ed kupuj\u00edc\u00ed, prodejci a p\u0159\u00edpady pou\u017eit\u00ed:<\/strong><\/h4>\n<ul data-start=\"3262\" data-end=\"3623\">\n<li data-start=\"3262\" data-end=\"3304\">\n<p data-start=\"3264\" data-end=\"3304\">????\ufe0f <strong data-start=\"3268\" data-end=\"3302\">Dodavatel\u00e9 uniforem pro chladn\u00e9 po\u010das\u00ed<\/strong><\/p>\n<\/li>\n<li data-start=\"3305\" data-end=\"3352\">\n<p data-start=\"3307\" data-end=\"3352\">????\ufe0f <strong data-start=\"3311\" data-end=\"3350\">Obchody se suven\u00fdry v ly\u017ea\u0159sk\u00fdch st\u0159edisc\u00edch a snowparc\u00edch<\/strong><\/p>\n<\/li>\n<li data-start=\"3353\" data-end=\"3396\">\n<p data-start=\"3355\" data-end=\"3396\">???? <strong data-start=\"3358\" data-end=\"3394\">Soukrom\u00e9 zna\u010dky zimn\u00ed v\u00fdbavy<\/strong><\/p>\n<\/li>\n<li data-start=\"3397\" data-end=\"3448\">\n<p data-start=\"3399\" data-end=\"3448\">???? <strong data-start=\"3402\" data-end=\"3446\">Amazon, eBay, Allegro, prodejci Shopify<\/strong><\/p>\n<\/li>\n<li data-start=\"3449\" data-end=\"3503\">\n<p data-start=\"3451\" data-end=\"3503\">???? <strong data-start=\"3454\" data-end=\"3501\">Distributo\u0159i pracovn\u00edch od\u011bv\u016f a p\u016fj\u010dovny v\u00fdstroje<\/strong><\/p>\n<\/li>\n<li data-start=\"3504\" data-end=\"3564\">\n<p data-start=\"3506\" data-end=\"3564\">???? <strong data-start=\"3509\" data-end=\"3562\">Maloobchodn\u00edci pot\u0159ebuj\u00ed \u010dern\u00e9 rukavice pro sez\u00f3nn\u00ed linky<\/strong><\/p>\n<\/li>\n<li data-start=\"3565\" data-end=\"3623\">\n<p data-start=\"3567\" data-end=\"3623\">???? <strong data-start=\"3570\" data-end=\"3623\">Dod\u00e1vky a logistick\u00e9 vybaven\u00ed pracovn\u00edk\u016f firem<\/strong><\/p>\n<\/li>\n<\/ul>\n<hr data-start=\"3625\" data-end=\"3628\" \/>\n<h4 data-start=\"3630\" data-end=\"3676\">???? <strong data-start=\"3638\" data-end=\"3676\">Pro\u010d si vybrat celo\u010dern\u00e9 rukavice RYINZ?<\/strong><\/h4>\n<p data-start=\"3677\" data-end=\"4023\">Pro kupuj\u00edc\u00ed, kte\u0159\u00ed si cen\u00ed <strong data-start=\"3698\" data-end=\"3749\">v\u0161estrannost, odolnost a nen\u00e1padn\u00fd design<\/strong>, tento model je \u0161pi\u010dkov\u00fd. \u010cist\u00fd \u010dern\u00fd vzhled je ide\u00e1ln\u00ed pro v\u00edce\u00fa\u010delov\u00fd dal\u0161\u00ed prodej: od d\u011blnick\u00fdch uniforem a\u017e po sportovn\u00ed obchody. Tyto rukavice jsou tepl\u00e9, vod\u011bodoln\u00e9, levn\u00e9 a vysoce funk\u010dn\u00ed - p\u0159esn\u011b takov\u00e9, jak\u00e9 v\u00e1\u0161 katalog nebo nab\u00eddka e-shopu pot\u0159ebuje k podpo\u0159e hromadn\u00e9ho prodeje.<\/p>\n<p data-start=\"4025\" data-end=\"4164\"><strong data-start=\"4025\" data-end=\"4034\">RYINZ<\/strong> stoj\u00ed za \u0159emesln\u00fdm zpracov\u00e1n\u00edm, stylem a flexibilitou v\u00fdroby, kter\u00e9 va\u0161e zna\u010dka pot\u0159ebuje, aby mohla <strong data-start=\"4129\" data-end=\"4164\">sebev\u011bdom\u011b r\u016fst v zimn\u00edm oble\u010den\u00ed.<\/strong><\/p>\n<hr data-start=\"4166\" data-end=\"4169\" \/>\n<p data-start=\"4171\" data-end=\"4288\"><strong data-start=\"4171\" data-end=\"4288\">Neutr\u00e1ln\u00ed. Profesion\u00e1ln\u00ed. Osv\u011bd\u010den\u00e9 na trhu. Celo\u010dern\u00e9 rukavice, kter\u00e9 budete prod\u00e1vat znovu a znovu - od sjezdovek a\u017e po chodn\u00edky.<\/strong><\/p>","protected":false},"excerpt":{"rendered":"<p>Na str\u00e1nk\u00e1ch <strong data-start=\"422\" data-end=\"466\">RYINZ Celo\u010dern\u00e9 nepromokav\u00e9 zimn\u00ed rukavice<\/strong> jsou navr\u017eeny pro \u0161pi\u010dkov\u00fd v\u00fdkon v chladn\u00fdch, vlhk\u00fdch a v\u011btrn\u00fdch podm\u00ednk\u00e1ch. D\u00edky ochran\u011b man\u017eet po cel\u00e9 d\u00e9lce, tepeln\u00e9 izolaci a bezpe\u010dn\u00e9mu p\u00e1sku na z\u00e1p\u011bst\u00ed poskytuj\u00ed tyto rukavice trval\u00e9 teplo a odolnost proti v\u011btru. Elegantn\u00ed matn\u011b \u010dern\u00fd design je ide\u00e1ln\u00ed pro ly\u017eov\u00e1n\u00ed, snowboarding, doru\u010dov\u00e1n\u00ed nebo n\u00e1ro\u010dn\u00e9 zimn\u00ed pou\u017eit\u00ed a nab\u00edz\u00ed prvot\u0159\u00eddn\u00ed vzhled pro uniformovan\u00e9 t\u00fdmy nebo pro dal\u0161\u00ed prodej pod soukromou zna\u010dkou. Tyto rukavice jsou vhodn\u00e9 pro velkoobchody, jsou p\u0159ipraveny pro zna\u010dku a jsou vyrobeny tak, aby spl\u0148ovaly vysok\u00e1 o\u010dek\u00e1v\u00e1n\u00ed evropsk\u00fdch odb\u011bratel\u016f, glob\u00e1ln\u00edch prodejc\u016f elektronick\u00e9ho obchodu a prodejc\u016f zimn\u00edho sportovn\u00edho oble\u010den\u00ed.<\/p>","protected":false},"featured_media":9374,"comment_status":"closed","ping_status":"closed","template":"","meta":[],"product_brand":[35],"product_cat":[57],"product_tag":[304,305,306,307,308,309,310,311,312,313,314,315,316,317,318],"class_list":{"0":"post-9169","1":"product","2":"type-product","3":"status-publish","4":"has-post-thumbnail","6":"product_brand-ryinz","8":"product_tag-brown-and-white-stitched-thermal-gloves","9":"product_tag-cold-weather-accessories-for-gifting","10":"product_tag-designer-inspired-winter-gloves-for-branding","11":"product_tag-fashion-gloves-for-urban-winter-outfits","12":"product_tag-insulated-quilt-gloves-for-winter-sports","13":"product_tag-luxury-gloves-for-fashion-retailers","14":"product_tag-oem-touchscreen-gloves-with-fleece","15":"product_tag-premium-driving-gloves-for-winter-use","16":"product_tag-quilted-winter-gloves-with-zipper","17":"product_tag-ryinz-gloves-for-private-label-winterwear","18":"product_tag-soft-lined-gloves-for-snow-and-frost","19":"product_tag-thermal-gloves-for-equestrian-apparel","20":"product_tag-touchscreen-compatible-outdoor-gloves","21":"product_tag-wholesale-fur-lined-gloves-for-boutiques","22":"product_tag-womens-touchscreen-cold-weather-gloves","24":"first","25":"instock","26":"taxable","27":"shipping-taxable","28":"purchasable","29":"product-type-simple"},"_links":{"self":[{"href":"https:\/\/ryinz.cz\/velkoobchod\/cs\/wp-json\/wp\/v2\/product\/9169","targetHints":{"allow":["GET"]}}],"collection":[{"href":"https:\/\/ryinz.cz\/velkoobchod\/cs\/wp-json\/wp\/v2\/product"}],"about":[{"href":"https:\/\/ryinz.cz\/velkoobchod\/cs\/wp-json\/wp\/v2\/types\/product"}],"replies":[{"embeddable":true,"href":"https:\/\/ryinz.cz\/velkoobchod\/cs\/wp-json\/wp\/v2\/comments?post=9169"}],"wp:featuredmedia":[{"embeddable":true,"href":"https:\/\/ryinz.cz\/velkoobchod\/cs\/wp-json\/wp\/v2\/media\/9374"}],"wp:attachment":[{"href":"https:\/\/ryinz.cz\/velkoobchod\/cs\/wp-json\/wp\/v2\/media?parent=9169"}],"wp:term":[{"taxonomy":"product_brand","embeddable":true,"href":"https:\/\/ryinz.cz\/velkoobchod\/cs\/wp-json\/wp\/v2\/product_brand?post=9169"},{"taxonomy":"product_cat","embeddable":true,"href":"https:\/\/ryinz.cz\/velkoobchod\/cs\/wp-json\/wp\/v2\/product_cat?post=9169"},{"taxonomy":"product_tag","embeddable":true,"href":"https:\/\/ryinz.cz\/velkoobchod\/cs\/wp-json\/wp\/v2\/product_tag?post=9169"}],"curies":[{"name":"wp","href":"https:\/\/api.w.org\/{rel}","templated":true}]}}