{"id":9166,"date":"2025-08-26T11:48:33","date_gmt":"2025-08-26T11:48:33","guid":{"rendered":"https:\/\/ryinz.cz\/velkoobchod\/?post_type=product&#038;p=9166"},"modified":"2026-01-18T20:17:53","modified_gmt":"2026-01-18T20:17:53","slug":"vlastni-takticke-kozene-rukavice-cerne-od-ryinz-prosivane-pu-grip-rukavice-pro-maloobchodni-motorkare-zimni-bezpecnost-velkoobchod","status":"publish","type":"product","link":"https:\/\/ryinz.cz\/velkoobchod\/cs\/product\/custom-tactical-leather-gloves-black-by-ryinz-quilted-pu-grip-gloves-for-retail-biker-winter-security-wholesale\/","title":{"rendered":"Vlastn\u00ed taktick\u00e9 ko\u017een\u00e9 rukavice Black by RYINZ | Pro\u0161\u00edvan\u00e9 rukavice PU Grip pro maloobchod, motork\u00e1\u0159e, zimn\u00ed a bezpe\u010dnostn\u00ed velkoobchody"},"content":{"rendered":"<p data-start=\"1151\" data-end=\"1506\">P\u0159evezm\u011bte kontrolu s <strong data-start=\"1169\" data-end=\"1216\">Taktick\u00e9 ko\u017een\u00e9 rukavice RYINZ Premium Black<\/strong>, va\u0161e \u0159e\u0161en\u00ed rukavic pro modern\u00ed funk\u010dnost, komer\u010dn\u00ed v\u00fdkon a elegantn\u00ed zimn\u00ed estetiku. Tato rukavice je vytvo\u0159ena pro ochranu i lesk - je tedy vhodn\u00e1 pro \u0159ady motork\u00e1\u0159sk\u00e9ho vybaven\u00ed, kolekce svrchn\u00edho oble\u010den\u00ed priv\u00e1tn\u00edch zna\u010dek, uniformn\u00ed oble\u010den\u00ed a dodavatele taktick\u00e9ho vybaven\u00ed.<\/p>\n<p data-start=\"1508\" data-end=\"1798\">Tato rukavice je navr\u017eena s pr\u016fmyslov\u011b odoln\u00fdmi \u0161vy, m\u011bkkou vnit\u0159n\u00ed pod\u0161\u00edvkou a matn\u00fdm \u010dern\u00fdm povrchem. <strong data-start=\"1631\" data-end=\"1678\">provoz v ter\u00e9nu a maloobchodn\u00ed reg\u00e1ly s m\u00f3dou<\/strong>. RYINZ kombinuje evropsk\u00fd styl s glob\u00e1ln\u00ed odolnost\u00ed, aby tento model splnil vysok\u00e1 o\u010dek\u00e1v\u00e1n\u00ed B2B z\u00e1kazn\u00edk\u016f.<\/p>\n<hr data-start=\"1800\" data-end=\"1803\" \/>\n<h4 data-start=\"1805\" data-end=\"1850\">???? <strong data-start=\"1813\" data-end=\"1850\">Specifikace designu a materi\u00e1lu:<\/strong><\/h4>\n<ul data-start=\"1851\" data-end=\"2313\">\n<li data-start=\"1851\" data-end=\"1942\">\n<p data-start=\"1853\" data-end=\"1942\"><strong data-start=\"1853\" data-end=\"1862\">Dla\u0148:<\/strong> Cel\u00e1 syntetick\u00e1 k\u016f\u017ee s p\u0159esn\u011b vymodelovan\u00fdmi konturami pro pr\u00e1ci citlivou na \u00fachop<\/p>\n<\/li>\n<li data-start=\"1943\" data-end=\"2057\">\n<p data-start=\"1945\" data-end=\"2057\"><strong data-start=\"1945\" data-end=\"1954\">Zp\u011bt:<\/strong> Pro\u0161\u00edvan\u00e1 z\u00f3na s diamantov\u00fdm vzorem a integrovan\u00fdmi panely s texturou v\u010del\u00ed pl\u00e1stve - stylov\u00e1 a odoln\u00e1 proti n\u00e1razu<\/p>\n<\/li>\n<li data-start=\"2058\" data-end=\"2134\">\n<p data-start=\"2060\" data-end=\"2134\"><strong data-start=\"2060\" data-end=\"2072\">Prsty:<\/strong> Zak\u0159iven\u00fd st\u0159ih pro ergonomick\u00e9 dr\u017een\u00ed rukou a maxim\u00e1ln\u00ed obratnost<\/p>\n<\/li>\n<li data-start=\"2135\" data-end=\"2218\">\n<p data-start=\"2137\" data-end=\"2218\"><strong data-start=\"2137\" data-end=\"2146\">Man\u017eeta:<\/strong> Rovn\u00fd st\u0159ih s vnit\u0159n\u00edm stre\u010dov\u00fdm p\u00e1skem pro rychl\u00e9 p\u0159izp\u016fsoben\u00ed a nasazen\u00ed<\/p>\n<\/li>\n<li data-start=\"2219\" data-end=\"2313\">\n<p data-start=\"2221\" data-end=\"2313\"><strong data-start=\"2221\" data-end=\"2234\">Barevn\u00e9 proveden\u00ed:<\/strong> Jednotn\u00e1 \u010dern\u00e1 barva ve v\u0161ech z\u00f3n\u00e1ch pro taktickou diskr\u00e9tnost a univerz\u00e1ln\u00ed styl.<\/p>\n<\/li>\n<\/ul>\n<hr data-start=\"2315\" data-end=\"2318\" \/>\n<h4 data-start=\"2320\" data-end=\"2356\">???? <strong data-start=\"2328\" data-end=\"2356\">Hlavn\u00ed funk\u010dn\u00ed v\u00fdhody:<\/strong><\/h4>\n<ul data-start=\"2357\" data-end=\"2917\">\n<li data-start=\"2357\" data-end=\"2494\">\n<p data-start=\"2359\" data-end=\"2494\">\u2705 <strong data-start=\"2361\" data-end=\"2389\">Profesion\u00e1ln\u00ed vzhled:<\/strong> Elegantn\u00ed celo\u010dern\u00fd odst\u00edn ide\u00e1ln\u00ed pro str\u00e1\u017ece z\u00e1kona, pos\u00e1dky motocykl\u016f, bezpe\u010dnostn\u00ed pracovn\u00edky nebo pr\u00e9miov\u00e9 m\u011bstsk\u00e9 oble\u010den\u00ed.<\/p>\n<\/li>\n<li data-start=\"2495\" data-end=\"2612\">\n<p data-start=\"2497\" data-end=\"2612\">\u2705 <strong data-start=\"2499\" data-end=\"2525\">Zes\u00edlen\u00e1 ochrana:<\/strong> Z\u00f3ny dlan\u011b a kloub\u016f navr\u017een\u00e9 pro odolnost proti od\u011bru a lehk\u00e9 taktick\u00e9 st\u00edn\u011bn\u00ed.<\/p>\n<\/li>\n<li data-start=\"2613\" data-end=\"2730\">\n<p data-start=\"2615\" data-end=\"2730\">\u2705 <strong data-start=\"2617\" data-end=\"2639\">Flexibiln\u00ed mobilita:<\/strong> Vytvo\u0159eno s p\u0159irozen\u00fdm zak\u0159iven\u00edm prst\u016f a m\u011bkk\u00fdm stre\u010dov\u00fdm materi\u00e1lem pro pohyb p\u0159i j\u00edzd\u011b na koni nebo hl\u00eddkov\u00e9 slu\u017eb\u011b.<\/p>\n<\/li>\n<li data-start=\"2731\" data-end=\"2823\">\n<p data-start=\"2733\" data-end=\"2823\">\u2705 <strong data-start=\"2735\" data-end=\"2756\">Vhodn\u00e9 pro po\u010das\u00ed:<\/strong> Materi\u00e1ly blokuj\u00edc\u00ed v\u00edtr zaji\u0161\u0165uj\u00ed udr\u017een\u00ed tepla v chladn\u00e9m podneb\u00ed.<\/p>\n<\/li>\n<li data-start=\"2824\" data-end=\"2917\">\n<p data-start=\"2826\" data-end=\"2917\">\u2705 <strong data-start=\"2828\" data-end=\"2850\">V\u00edce\u00fa\u010delov\u00e1 v\u00fdbava:<\/strong> Ide\u00e1ln\u00ed pro b\u011b\u017en\u00e9, uniformovan\u00e9, venkovn\u00ed nebo mechanick\u00e9 pou\u017eit\u00ed.<\/p>\n<\/li>\n<\/ul>\n<hr data-start=\"2919\" data-end=\"2922\" \/>\n<h4 data-start=\"2924\" data-end=\"2972\">???? <strong data-start=\"2932\" data-end=\"2972\">P\u0159izp\u016fsoben\u00ed a mo\u017enosti white label:<\/strong><\/h4>\n<ul data-start=\"2973\" data-end=\"3259\">\n<li data-start=\"2973\" data-end=\"3028\">\n<p data-start=\"2975\" data-end=\"3028\">Um\u00edst\u011bn\u00ed loga: Logo je um\u00edst\u011bno na zadn\u00ed stran\u011b ruky, na man\u017eetov\u00e9m p\u00e1sku nebo na z\u00e1p\u011bst\u00ed.<\/p>\n<\/li>\n<li data-start=\"3029\" data-end=\"3061\">\n<p data-start=\"3031\" data-end=\"3061\">K dispozici ve velikostech: XS a\u017e XL<\/p>\n<\/li>\n<li data-start=\"3062\" data-end=\"3106\">\n<p data-start=\"3064\" data-end=\"3106\">Voliteln\u00e9 dotykov\u00e9 kone\u010dky prst\u016f<\/p>\n<\/li>\n<li data-start=\"3107\" data-end=\"3186\">\n<p data-start=\"3109\" data-end=\"3186\">Typy balen\u00ed: s\u00e1\u010dky na zip, ekologick\u00e9 role, krabicov\u00e9 sady nebo ploch\u00e9 maloobchodn\u00ed obaly.<\/p>\n<\/li>\n<li data-start=\"3187\" data-end=\"3259\">\n<p data-start=\"3189\" data-end=\"3259\">Podpora MOQ od 300 p\u00e1r\u016f pro za\u010d\u00ednaj\u00edc\u00ed podniky nebo sez\u00f3nn\u00ed linky s mal\u00fdm objemem v\u00fdroby<\/p>\n<\/li>\n<\/ul>\n<hr data-start=\"3261\" data-end=\"3264\" \/>\n<h4 data-start=\"3266\" data-end=\"3294\">???? <strong data-start=\"3274\" data-end=\"3294\">Doporu\u010deno pro:<\/strong><\/h4>\n<ul data-start=\"3295\" data-end=\"3627\">\n<li data-start=\"3295\" data-end=\"3335\">\n<p data-start=\"3297\" data-end=\"3335\">???? <strong data-start=\"3300\" data-end=\"3333\">Prodejci p\u0159\u00edslu\u0161enstv\u00ed pro motocykly<\/strong><\/p>\n<\/li>\n<li data-start=\"3336\" data-end=\"3373\">\n<p data-start=\"3338\" data-end=\"3373\">???? <strong data-start=\"3341\" data-end=\"3371\">Dodavatel\u00e9 bezpe\u010dnostn\u00edch uniforem<\/strong><\/p>\n<\/li>\n<li data-start=\"3374\" data-end=\"3418\">\n<p data-start=\"3376\" data-end=\"3418\">???? <strong data-start=\"3379\" data-end=\"3416\">Zna\u010dky taktick\u00e9 v\u00fdbavy do chladn\u00e9ho po\u010das\u00ed<\/strong><\/p>\n<\/li>\n<li data-start=\"3419\" data-end=\"3467\">\n<p data-start=\"3421\" data-end=\"3467\">???? <strong data-start=\"3424\" data-end=\"3465\">Dodavatel\u00e9 firemn\u00edch nebo mana\u017eersk\u00fdch d\u00e1rk\u016f<\/strong><\/p>\n<\/li>\n<li data-start=\"3468\" data-end=\"3518\">\n<p data-start=\"3470\" data-end=\"3518\">????\ufe0f <strong data-start=\"3474\" data-end=\"3516\">Soukrom\u00e9 zna\u010dky m\u00f3dn\u00edch svrchn\u00edch od\u011bv\u016f<\/strong><\/p>\n<\/li>\n<li data-start=\"3519\" data-end=\"3569\">\n<p data-start=\"3521\" data-end=\"3569\">???? <strong data-start=\"3524\" data-end=\"3567\">prodejci elektronick\u00fdch obchod\u016f na Amazonu, Etsy atd.<\/strong><\/p>\n<\/li>\n<li data-start=\"3570\" data-end=\"3627\">\n<p data-start=\"3572\" data-end=\"3627\">???? <strong data-start=\"3575\" data-end=\"3627\">Sady pro zam\u011bstnance v oblasti p\u0159epravy, doru\u010dov\u00e1n\u00ed a dopravy<\/strong><\/p>\n<\/li>\n<\/ul>\n<hr data-start=\"3629\" data-end=\"3632\" \/>\n<h4 data-start=\"3634\" data-end=\"3679\">???? <strong data-start=\"3642\" data-end=\"3679\">Pro\u010d si vybrat tento model od spole\u010dnosti RYINZ?<\/strong><\/h4>\n<p data-start=\"3680\" data-end=\"4069\">Tento model p\u0159edstavuje <strong data-start=\"3702\" data-end=\"3739\">p\u0159esnost, lesk a ochrana<\/strong>. A\u0165 u\u017e vybavujete obchod s motocykly, zav\u00e1d\u00edte \u0159adu zimn\u00edho oble\u010den\u00ed nebo dopl\u0148ujete taktick\u00e9 uniformy - tato rukavice p\u0159in\u00e1\u0161\u00ed to nejlep\u0161\u00ed z formy a funkce. D\u00edky \u010dern\u00e9 eleganci a celoro\u010dn\u00ed v\u0161estrannosti se odli\u0161uje od b\u011b\u017en\u00fdch pracovn\u00edch rukavic. Stejn\u011b jako v\u0161echny v\u00fdrobky RYINZ je navr\u017eena tak, aby se prod\u00e1vala, aby se roz\u0161i\u0159ovala a aby slou\u017eila.<\/p>","protected":false},"excerpt":{"rendered":"<p>Z\u016fsta\u0148te na sn\u011bhu v pohodl\u00ed a jistot\u011b s <strong data-start=\"4018\" data-end=\"4057\">RYINZ Rukavice na sn\u00edh a ly\u017ee do ka\u017ed\u00e9ho po\u010das\u00ed<\/strong> - rukavice p\u0159ipraven\u00e9 na zimu, kter\u00e9 jsou stvo\u0159en\u00e9 pro po\u0159\u00e1dn\u00fd v\u00fdkon v extr\u00e9mn\u00edch podm\u00ednk\u00e1ch. Tyto rukavice kombinuj\u00ed odoln\u00fd vn\u011bj\u0161\u00ed pl\u00e1\u0161\u0165 s tepelnou izolac\u00ed a pohodlnou pod\u0161\u00edvkou, co\u017e zaji\u0161\u0165uje spolehlivou ochranu proti v\u011btru, sn\u011bhu a vlhkosti. Jejich dlouh\u00e1 man\u017eeta poskytuje dodate\u010dn\u00e9 kryt\u00ed, zat\u00edmco nastaviteln\u00fd p\u00e1sek a stahov\u00e1n\u00ed na z\u00e1p\u011bst\u00ed je bezpe\u010dn\u011b udr\u017e\u00ed na m\u00edst\u011b. Vyztu\u017een\u00e1 dla\u0148 zlep\u0161uje \u00fachop, zat\u00edmco polstrovan\u00e9 oblasti a p\u0159edem prohnut\u00e9 prsty zvy\u0161uj\u00ed pru\u017enost a ochranu. Tyto rukavice jsou ide\u00e1ln\u00ed pro ly\u017eov\u00e1n\u00ed, snowboarding, j\u00edzdu na sn\u011b\u017en\u00e9m sk\u00fatru a pr\u00e1ci v chladn\u00e9m po\u010das\u00ed a jsou ur\u010deny pro mu\u017ee i \u017eeny, kte\u0159\u00ed pot\u0159ebuj\u00ed styl i v\u00fdkon v jednom.<\/p>","protected":false},"featured_media":9360,"comment_status":"closed","ping_status":"closed","template":"","meta":[],"product_brand":[35],"product_cat":[57],"product_tag":[304,305,306,307,308,309,310,311,312,313,314,315,316,317,318],"class_list":{"0":"post-9166","1":"product","2":"type-product","3":"status-publish","4":"has-post-thumbnail","6":"product_brand-ryinz","8":"product_tag-brown-and-white-stitched-thermal-gloves","9":"product_tag-cold-weather-accessories-for-gifting","10":"product_tag-designer-inspired-winter-gloves-for-branding","11":"product_tag-fashion-gloves-for-urban-winter-outfits","12":"product_tag-insulated-quilt-gloves-for-winter-sports","13":"product_tag-luxury-gloves-for-fashion-retailers","14":"product_tag-oem-touchscreen-gloves-with-fleece","15":"product_tag-premium-driving-gloves-for-winter-use","16":"product_tag-quilted-winter-gloves-with-zipper","17":"product_tag-ryinz-gloves-for-private-label-winterwear","18":"product_tag-soft-lined-gloves-for-snow-and-frost","19":"product_tag-thermal-gloves-for-equestrian-apparel","20":"product_tag-touchscreen-compatible-outdoor-gloves","21":"product_tag-wholesale-fur-lined-gloves-for-boutiques","22":"product_tag-womens-touchscreen-cold-weather-gloves","24":"first","25":"instock","26":"taxable","27":"shipping-taxable","28":"purchasable","29":"product-type-simple"},"_links":{"self":[{"href":"https:\/\/ryinz.cz\/velkoobchod\/cs\/wp-json\/wp\/v2\/product\/9166","targetHints":{"allow":["GET"]}}],"collection":[{"href":"https:\/\/ryinz.cz\/velkoobchod\/cs\/wp-json\/wp\/v2\/product"}],"about":[{"href":"https:\/\/ryinz.cz\/velkoobchod\/cs\/wp-json\/wp\/v2\/types\/product"}],"replies":[{"embeddable":true,"href":"https:\/\/ryinz.cz\/velkoobchod\/cs\/wp-json\/wp\/v2\/comments?post=9166"}],"wp:featuredmedia":[{"embeddable":true,"href":"https:\/\/ryinz.cz\/velkoobchod\/cs\/wp-json\/wp\/v2\/media\/9360"}],"wp:attachment":[{"href":"https:\/\/ryinz.cz\/velkoobchod\/cs\/wp-json\/wp\/v2\/media?parent=9166"}],"wp:term":[{"taxonomy":"product_brand","embeddable":true,"href":"https:\/\/ryinz.cz\/velkoobchod\/cs\/wp-json\/wp\/v2\/product_brand?post=9166"},{"taxonomy":"product_cat","embeddable":true,"href":"https:\/\/ryinz.cz\/velkoobchod\/cs\/wp-json\/wp\/v2\/product_cat?post=9166"},{"taxonomy":"product_tag","embeddable":true,"href":"https:\/\/ryinz.cz\/velkoobchod\/cs\/wp-json\/wp\/v2\/product_tag?post=9166"}],"curies":[{"name":"wp","href":"https:\/\/api.w.org\/{rel}","templated":true}]}}