{"id":9165,"date":"2025-08-26T11:48:33","date_gmt":"2025-08-26T11:48:33","guid":{"rendered":"https:\/\/ryinz.cz\/velkoobchod\/?post_type=product&#038;p=9165"},"modified":"2026-01-18T20:17:52","modified_gmt":"2026-01-18T20:17:52","slug":"vlastni-zimni-sportovni-rukavice-cervene-cerne-bile-od-ryinz-pu-kuze-vyztuzene-rukavice-pro-lyzovani-venkovni-maloobchodni-oem","status":"publish","type":"product","link":"https:\/\/ryinz.cz\/velkoobchod\/cs\/product\/custom-winter-sports-gloves-red-black-white-by-ryinz-pu-leather-reinforced-gloves-for-skiing-outdoor-retail-oem\/","title":{"rendered":"Vlastn\u00ed zimn\u00ed sportovn\u00ed rukavice \u010derveno-\u010derno-b\u00edl\u00e9 od RYINZ | PU ko\u017een\u00e9 vyztu\u017een\u00e9 rukavice pro ly\u017eov\u00e1n\u00ed, outdoor a maloobchod OEM"},"content":{"rendered":"<p data-start=\"1176\" data-end=\"1592\">Vkro\u010dte do sn\u011bhu c\u00edlev\u011bdom\u011b a s energi\u00ed. Na <strong data-start=\"1223\" data-end=\"1261\">RYINZ \u010cerveno-\u010derno-b\u00edl\u00e9 zimn\u00ed rukavice<\/strong> nen\u00ed jen nezbytnost\u00ed do chladn\u00e9ho po\u010das\u00ed, ale odv\u00e1\u017en\u00fdm produktem navr\u017een\u00fdm pro elitn\u00ed v\u00fdkon, identitu zna\u010dky a \u0161k\u00e1lovatelnost. D\u00edky v\u00fdrazn\u00e9mu t\u0159\u00edbarevn\u00e9mu designu spojuje tato rukavice m\u00f3dn\u00ed estetiku s taktickou vyu\u017eitelnost\u00ed - je ide\u00e1ln\u00ed pro pou\u017eit\u00ed p\u0159i vysokohorsk\u00fdch sportech, v pracovn\u00edm oble\u010den\u00ed ve st\u0159edisc\u00edch nebo p\u0159i drsn\u00fdch outdoorov\u00fdch aktivit\u00e1ch.<\/p>\n<p data-start=\"1594\" data-end=\"1921\">Tato rukavice je navr\u017eena tak, aby byla odoln\u00e1, h\u0159ejiv\u00e1 a p\u0159ilnav\u00e1 v extr\u00e9mn\u00edch podm\u00ednk\u00e1ch - od zledovat\u011bl\u00fdch svah\u016f a\u017e po bezpe\u010dnost na horsk\u00fdch stezk\u00e1ch - a z\u00e1rove\u0148 nab\u00edz\u00ed kompletn\u00ed mo\u017enosti p\u0159izp\u016fsoben\u00ed pod b\u00edlou zna\u010dkou nebo vlastn\u00ed zna\u010dkou. Podporov\u00e1no <strong data-start=\"1803\" data-end=\"1843\">Normy kvality spole\u010dnosti RYINZ v souladu s EU<\/strong>, je to ide\u00e1ln\u00ed produkt pro roz\u0161\u00ed\u0159en\u00ed do maloobchodu, sportovn\u00edho oble\u010den\u00ed a elektronick\u00e9ho obchodu.<\/p>\n<hr data-start=\"1923\" data-end=\"1926\" \/>\n<h4 data-start=\"1928\" data-end=\"1971\">???? <strong data-start=\"1936\" data-end=\"1971\">Design a konstruk\u010dn\u00ed prvky:<\/strong><\/h4>\n<ul data-start=\"1972\" data-end=\"2564\">\n<li data-start=\"1972\" data-end=\"2064\">\n<p data-start=\"1974\" data-end=\"2064\"><strong data-start=\"1974\" data-end=\"1990\">Vn\u011bj\u0161\u00ed pl\u00e1\u0161\u0165:<\/strong> Vysoce kontrastn\u00ed, t\u0159\u00edpanelov\u00fd design v <strong data-start=\"2029\" data-end=\"2036\">\u010derven\u00e1<\/strong>, <strong data-start=\"2038\" data-end=\"2047\">b\u00edl\u00e1<\/strong>, a <strong data-start=\"2053\" data-end=\"2062\">\u010dern\u00e1<\/strong><\/p>\n<\/li>\n<li data-start=\"2065\" data-end=\"2138\">\n<p data-start=\"2067\" data-end=\"2138\"><strong data-start=\"2067\" data-end=\"2080\">Materi\u00e1l:<\/strong> Odoln\u00fd v\u00edcevrstv\u00fd pl\u00e1\u0161\u0165 se \u0161vy odoln\u00fdmi proti od\u011bru<\/p>\n<\/li>\n<li data-start=\"2139\" data-end=\"2252\">\n<p data-start=\"2141\" data-end=\"2252\"><strong data-start=\"2141\" data-end=\"2150\">Dla\u0148:<\/strong> Celo\u010dern\u00e1 dla\u0148 z PU syntetick\u00e9 k\u016f\u017ee s ergonomick\u00fdm vzorem pro \u00fachop hol\u00ed, n\u00e1\u0159ad\u00ed nebo \u0159\u00edd\u00edtek.<\/p>\n<\/li>\n<li data-start=\"2253\" data-end=\"2337\">\n<p data-start=\"2255\" data-end=\"2337\"><strong data-start=\"2255\" data-end=\"2267\">Prsty:<\/strong> P\u0159ekryvy prst\u016f s texturou v\u010del\u00ed pl\u00e1stve zvy\u0161uj\u00ed flexibilitu a p\u0159esnost.<\/p>\n<\/li>\n<li data-start=\"2338\" data-end=\"2460\">\n<p data-start=\"2340\" data-end=\"2460\"><strong data-start=\"2340\" data-end=\"2355\">Z\u00f3na z\u00e1p\u011bst\u00ed:<\/strong> Elastick\u00e1 stre\u010dov\u00e1 z\u00f3na a zes\u00edlen\u00fd dvojit\u00fd pr\u016fchodkov\u00fd p\u00e1sek pro ochranu z\u00e1p\u011bst\u00ed a pevn\u00e9 uchycen\u00ed.<\/p>\n<\/li>\n<li data-start=\"2461\" data-end=\"2564\">\n<p data-start=\"2463\" data-end=\"2564\"><strong data-start=\"2463\" data-end=\"2476\">Zna\u010dka:<\/strong> \u201cLogo \u201dRYINZ\" odv\u00e1\u017en\u011b um\u00edst\u011bn\u00e9 uprost\u0159ed a decentn\u00ed odznak R-icon pro v\u011bt\u0161\u00ed identitu.<\/p>\n<\/li>\n<\/ul>\n<hr data-start=\"2566\" data-end=\"2569\" \/>\n<h4 data-start=\"2571\" data-end=\"2605\">???? <strong data-start=\"2579\" data-end=\"2605\">Nejd\u016fle\u017eit\u011bj\u0161\u00ed funkce:<\/strong><\/h4>\n<ul data-start=\"2606\" data-end=\"3016\">\n<li data-start=\"2606\" data-end=\"2681\">\n<p data-start=\"2608\" data-end=\"2681\">\u2705 <strong data-start=\"2610\" data-end=\"2642\">Odolnost proti v\u011btru a sn\u011bhu<\/strong> svrchn\u00ed tkanina ide\u00e1ln\u00ed pro zimn\u00ed sporty<\/p>\n<\/li>\n<li data-start=\"2682\" data-end=\"2756\">\n<p data-start=\"2684\" data-end=\"2756\">\u2705 <strong data-start=\"2686\" data-end=\"2722\">Zes\u00edlen\u00e9 oblasti dlan\u011b a prst\u016f<\/strong> zlep\u0161uje p\u0159ilnavost a odolnost proti roztr\u017een\u00ed<\/p>\n<\/li>\n<li data-start=\"2757\" data-end=\"2863\">\n<p data-start=\"2759\" data-end=\"2863\">\u2705 <strong data-start=\"2761\" data-end=\"2793\">Pru\u017en\u00e1 konstrukce prst\u016f<\/strong> umo\u017e\u0148uje pln\u00fd pohyb p\u0159i ly\u017eov\u00e1n\u00ed, snowboardingu a pr\u00e1ci v chladn\u00e9m po\u010das\u00ed.<\/p>\n<\/li>\n<li data-start=\"2864\" data-end=\"2934\">\n<p data-start=\"2866\" data-end=\"2934\">\u2705 <strong data-start=\"2868\" data-end=\"2897\">Pru\u017en\u00e1 podpora z\u00e1p\u011bst\u00ed<\/strong> uzamyk\u00e1 teplo a chr\u00e1n\u00ed p\u0159ed sn\u011bhem<\/p>\n<\/li>\n<li data-start=\"2935\" data-end=\"3016\">\n<p data-start=\"2937\" data-end=\"3016\">\u2705 <strong data-start=\"2939\" data-end=\"2967\">Vizu\u00e1ln\u011b v\u00fdrazn\u00fd design<\/strong> je p\u0159ipraven k prodeji na maloobchodn\u00edch pultech a k online vystaven\u00ed.<\/p>\n<\/li>\n<\/ul>\n<hr data-start=\"3018\" data-end=\"3021\" \/>\n<h4 data-start=\"3023\" data-end=\"3082\">???? <strong data-start=\"3031\" data-end=\"3082\">Mo\u017enosti priv\u00e1tn\u00ed zna\u010dky a OEM (Powered by RYINZ):<\/strong><\/h4>\n<ul data-start=\"3083\" data-end=\"3488\">\n<li data-start=\"3083\" data-end=\"3131\">\n<p data-start=\"3085\" data-end=\"3131\">Pln\u00e1 kontrola loga: potisk, n\u00e1\u0161ivka nebo reli\u00e9fn\u00ed logo<\/p>\n<\/li>\n<li data-start=\"3132\" data-end=\"3190\">\n<p data-start=\"3134\" data-end=\"3190\">Vlastn\u00ed tabulky velikost\u00ed: EU, UK nebo mezin\u00e1rodn\u00ed standardy<\/p>\n<\/li>\n<li data-start=\"3191\" data-end=\"3270\">\n<p data-start=\"3193\" data-end=\"3270\">Mo\u017enost v\u00fdm\u011bny barev: \u010derveno-\u010dern\u00e1, \u0161edomodr\u00e1, olivov\u011b-\u010dern\u00e1, na p\u0159\u00e1n\u00ed.<\/p>\n<\/li>\n<li data-start=\"3271\" data-end=\"3343\">\n<p data-start=\"3273\" data-end=\"3343\">Zp\u016fsoby balen\u00ed: ekologick\u00e9 role, s\u00e1\u010dky, s\u00e1\u010dky na zip nebo luxusn\u00ed d\u00e1rkov\u00e9 balen\u00ed.<\/p>\n<\/li>\n<li data-start=\"3344\" data-end=\"3418\">\n<p data-start=\"3346\" data-end=\"3418\">MOQ: pouh\u00fdch 300 p\u00e1r\u016f pro vzorov\u00e9 kolekce a uveden\u00ed nov\u00e9 zna\u010dky na trh.<\/p>\n<\/li>\n<li data-start=\"3419\" data-end=\"3488\">\n<p data-start=\"3421\" data-end=\"3488\">Koordinace na \u00farovni EU pro rychlou zm\u011bnu objedn\u00e1vek a kvalitn\u00ed komunikaci<\/p>\n<\/li>\n<\/ul>\n<hr data-start=\"3490\" data-end=\"3493\" \/>\n<h4 data-start=\"3495\" data-end=\"3539\">???? <strong data-start=\"3503\" data-end=\"3539\">Nejlep\u0161\u00ed pro tyto kupuj\u00edc\u00ed\/p\u0159\u00edpady pou\u017eit\u00ed:<\/strong><\/h4>\n<ul data-start=\"3540\" data-end=\"3840\">\n<li data-start=\"3540\" data-end=\"3586\">\n<p data-start=\"3542\" data-end=\"3586\">????\ufe0f <strong data-start=\"3546\" data-end=\"3584\">Ly\u017ea\u0159sk\u00e1 st\u0159ediska a obchody s alpsk\u00fdmi suven\u00fdry<\/strong><\/p>\n<\/li>\n<li data-start=\"3587\" data-end=\"3638\">\n<p data-start=\"3589\" data-end=\"3638\">????\ufe0f <strong data-start=\"3593\" data-end=\"3636\">Startupy outdoorov\u00e9ho oble\u010den\u00ed pod vlastn\u00ed zna\u010dkou<\/strong><\/p>\n<\/li>\n<li data-start=\"3639\" data-end=\"3679\">\n<p data-start=\"3641\" data-end=\"3679\">????\ufe0f <strong data-start=\"3645\" data-end=\"3677\">Zimn\u00ed rukavice na motorku<\/strong><\/p>\n<\/li>\n<li data-start=\"3680\" data-end=\"3740\">\n<p data-start=\"3682\" data-end=\"3740\">???? <strong data-start=\"3685\" data-end=\"3714\">Velkoobchody se zimn\u00edmi sporty<\/strong> zam\u011b\u0159en\u00ed na trhy EU\/USA<\/p>\n<\/li>\n<li data-start=\"3741\" data-end=\"3796\">\n<p data-start=\"3743\" data-end=\"3796\">????\ufe0f <strong data-start=\"3747\" data-end=\"3794\">U\u017eitkov\u00e9 a taktick\u00e9 dod\u00e1vky do chladn\u00e9ho po\u010das\u00ed<\/strong><\/p>\n<\/li>\n<li data-start=\"3797\" data-end=\"3840\">\n<p data-start=\"3799\" data-end=\"3840\">???? <strong data-start=\"3802\" data-end=\"3840\">B2B distributo\u0159i m\u00f3dn\u00edch dopl\u0148k\u016f<\/strong><\/p>\n<\/li>\n<\/ul>\n<hr data-start=\"3842\" data-end=\"3845\" \/>\n<h4 data-start=\"3847\" data-end=\"3887\">???? <strong data-start=\"3855\" data-end=\"3887\">Pro\u010d si vybrat tento model RYINZ?<\/strong><\/h4>\n<p data-start=\"3888\" data-end=\"4268\">Tato rukavice, navr\u017een\u00e1 v Evrop\u011b a vyroben\u00e1 s prvot\u0159\u00eddn\u00ed p\u0159esnost\u00ed, odr\u00e1\u017e\u00ed <strong data-start=\"3972\" data-end=\"4037\">Z\u00e1vazek spole\u010dnosti RYINZ k odolnosti, zna\u010dkovosti a funk\u010dnosti.<\/strong> V\u00fdrazn\u00e1 \u010derven\u00e1 barva s \u010dern\u00fdm a b\u00edl\u00fdm lemov\u00e1n\u00edm zaru\u010duje, \u017ee vynikne v kataloz\u00edch, internetov\u00fdch obchodech i p\u0159i re\u00e1ln\u00e9m pou\u017eit\u00ed. Je vyrobena pro mraziv\u00e9 podm\u00ednky, extr\u00e9mn\u00ed pou\u017eit\u00ed a vizu\u00e1ln\u00ed p\u0159ita\u017elivost, je to v\u00edc ne\u017e rukavice - je to prost\u0159edek p\u0159ipraven\u00fd k prodeji.<\/p>\n<p data-start=\"4270\" data-end=\"4399\">A\u0165 u\u017e zdol\u00e1v\u00e1te horu, nebo se sna\u017e\u00edte zv\u00fd\u0161it sv\u016fj prodejn\u00ed objem. <strong data-start=\"4340\" data-end=\"4378\">\u010cerveno-\u010derno-b\u00edl\u00e9 zimn\u00ed rukavice RYINZ<\/strong> je p\u0159ipraven k akci.<\/p>\n<p data-start=\"4401\" data-end=\"4470\"><strong data-start=\"4401\" data-end=\"4470\">Spolehliv\u00e9 teplo. Pr\u00e9miov\u00fd vzhled. Velkoobchodn\u00ed v\u00fdkon - pouze od spole\u010dnosti RYINZ.<\/strong><\/p>","protected":false},"excerpt":{"rendered":"<p>Z\u016fsta\u0148te na sn\u011bhu v pohodl\u00ed a jistot\u011b s <strong data-start=\"4018\" data-end=\"4057\">RYINZ Rukavice na sn\u00edh a ly\u017ee do ka\u017ed\u00e9ho po\u010das\u00ed<\/strong> - rukavice p\u0159ipraven\u00e9 na zimu, kter\u00e9 jsou stvo\u0159en\u00e9 pro po\u0159\u00e1dn\u00fd v\u00fdkon v extr\u00e9mn\u00edch podm\u00ednk\u00e1ch. Tyto rukavice kombinuj\u00ed odoln\u00fd vn\u011bj\u0161\u00ed pl\u00e1\u0161\u0165 s tepelnou izolac\u00ed a pohodlnou pod\u0161\u00edvkou, co\u017e zaji\u0161\u0165uje spolehlivou ochranu proti v\u011btru, sn\u011bhu a vlhkosti. Jejich dlouh\u00e1 man\u017eeta poskytuje dodate\u010dn\u00e9 kryt\u00ed, zat\u00edmco nastaviteln\u00fd p\u00e1sek a stahov\u00e1n\u00ed na z\u00e1p\u011bst\u00ed je bezpe\u010dn\u011b udr\u017e\u00ed na m\u00edst\u011b. Vyztu\u017een\u00e1 dla\u0148 zlep\u0161uje \u00fachop, zat\u00edmco polstrovan\u00e9 oblasti a p\u0159edem prohnut\u00e9 prsty zvy\u0161uj\u00ed pru\u017enost a ochranu. Tyto rukavice jsou ide\u00e1ln\u00ed pro ly\u017eov\u00e1n\u00ed, snowboarding, j\u00edzdu na sn\u011b\u017en\u00e9m sk\u00fatru a pr\u00e1ci v chladn\u00e9m po\u010das\u00ed a jsou ur\u010deny pro mu\u017ee i \u017eeny, kte\u0159\u00ed pot\u0159ebuj\u00ed styl i v\u00fdkon v jednom.<\/p>","protected":false},"featured_media":9359,"comment_status":"closed","ping_status":"closed","template":"","meta":[],"product_brand":[35],"product_cat":[57],"product_tag":[304,305,306,307,308,309,310,311,312,313,314,315,316,317,318],"class_list":{"0":"post-9165","1":"product","2":"type-product","3":"status-publish","4":"has-post-thumbnail","6":"product_brand-ryinz","8":"product_tag-brown-and-white-stitched-thermal-gloves","9":"product_tag-cold-weather-accessories-for-gifting","10":"product_tag-designer-inspired-winter-gloves-for-branding","11":"product_tag-fashion-gloves-for-urban-winter-outfits","12":"product_tag-insulated-quilt-gloves-for-winter-sports","13":"product_tag-luxury-gloves-for-fashion-retailers","14":"product_tag-oem-touchscreen-gloves-with-fleece","15":"product_tag-premium-driving-gloves-for-winter-use","16":"product_tag-quilted-winter-gloves-with-zipper","17":"product_tag-ryinz-gloves-for-private-label-winterwear","18":"product_tag-soft-lined-gloves-for-snow-and-frost","19":"product_tag-thermal-gloves-for-equestrian-apparel","20":"product_tag-touchscreen-compatible-outdoor-gloves","21":"product_tag-wholesale-fur-lined-gloves-for-boutiques","22":"product_tag-womens-touchscreen-cold-weather-gloves","24":"first","25":"instock","26":"taxable","27":"shipping-taxable","28":"purchasable","29":"product-type-simple"},"_links":{"self":[{"href":"https:\/\/ryinz.cz\/velkoobchod\/cs\/wp-json\/wp\/v2\/product\/9165","targetHints":{"allow":["GET"]}}],"collection":[{"href":"https:\/\/ryinz.cz\/velkoobchod\/cs\/wp-json\/wp\/v2\/product"}],"about":[{"href":"https:\/\/ryinz.cz\/velkoobchod\/cs\/wp-json\/wp\/v2\/types\/product"}],"replies":[{"embeddable":true,"href":"https:\/\/ryinz.cz\/velkoobchod\/cs\/wp-json\/wp\/v2\/comments?post=9165"}],"wp:featuredmedia":[{"embeddable":true,"href":"https:\/\/ryinz.cz\/velkoobchod\/cs\/wp-json\/wp\/v2\/media\/9359"}],"wp:attachment":[{"href":"https:\/\/ryinz.cz\/velkoobchod\/cs\/wp-json\/wp\/v2\/media?parent=9165"}],"wp:term":[{"taxonomy":"product_brand","embeddable":true,"href":"https:\/\/ryinz.cz\/velkoobchod\/cs\/wp-json\/wp\/v2\/product_brand?post=9165"},{"taxonomy":"product_cat","embeddable":true,"href":"https:\/\/ryinz.cz\/velkoobchod\/cs\/wp-json\/wp\/v2\/product_cat?post=9165"},{"taxonomy":"product_tag","embeddable":true,"href":"https:\/\/ryinz.cz\/velkoobchod\/cs\/wp-json\/wp\/v2\/product_tag?post=9165"}],"curies":[{"name":"wp","href":"https:\/\/api.w.org\/{rel}","templated":true}]}}