{"id":9164,"date":"2025-06-22T15:31:10","date_gmt":"2025-06-22T15:31:10","guid":{"rendered":"https:\/\/ryinz.cz\/velkoobchod\/?post_type=product&#038;p=9164"},"modified":"2026-01-18T20:17:51","modified_gmt":"2026-01-18T20:17:51","slug":"vlastni-nepromokave-lyzarske-rukavice-pro-velkoobchodni-maloobchodni-prosivane-tepelne-rukavice-s-dlani-pu-od-ryinz-pro-zimni-sportovni-obleceni","status":"publish","type":"product","link":"https:\/\/ryinz.cz\/velkoobchod\/cs\/product\/custom-waterproof-ski-gloves-for-wholesale-retail-quilted-thermal-pu-palm-gloves-by-ryinz-for-winter-sportswear\/","title":{"rendered":"Vlastn\u00ed nepromokav\u00e9 ly\u017ea\u0159sk\u00e9 rukavice pro velkoobchod a maloobchod | Pro\u0161\u00edvan\u00e9 term\u00e1ln\u00ed rukavice PU Palm od RYINZ pro zimn\u00ed sportovn\u00ed oble\u010den\u00ed"},"content":{"rendered":"<h3 data-start=\"232\" data-end=\"348\"><strong data-start=\"239\" data-end=\"346\">Vysoce v\u00fdkonn\u00e9 zimn\u00ed rukavice RYINZ - modro\u0161ed\u00e9 sportovn\u00ed rukavice s ko\u017eenou ochranou dlan\u011b<\/strong><\/h3>\n<p data-start=\"350\" data-end=\"805\">Zkonstruov\u00e1n pro extr\u00e9mn\u00ed podm\u00ednky. <strong data-start=\"384\" data-end=\"419\">Zimn\u00ed rukavice RYINZ Performance<\/strong> nab\u00edz\u00ed odolnou, izolovanou konstrukci se zv\u00fd\u0161enou p\u0159ilnavost\u00ed pro profesion\u00e1ly i dobrodruhy. D\u00edky jedine\u010dn\u00e9mu t\u0159\u00edbarevn\u00e9mu barevn\u00e9mu sch\u00e9matu v <strong data-start=\"558\" data-end=\"573\">arktick\u00e1 mod\u0159<\/strong>, <strong data-start=\"575\" data-end=\"592\">grafitov\u011b \u0161ed\u00e1<\/strong>, a <strong data-start=\"598\" data-end=\"607\">\u010dern\u00e1<\/strong>, jsou tyto rukavice kombinac\u00ed prvot\u0159\u00eddn\u00edch materi\u00e1l\u016f a ergonomick\u00e9ho pohodl\u00ed, tak\u017ee jsou ide\u00e1ln\u00ed pro zimn\u00ed sporty v p\u0159\u00edrod\u011b, vysokohorsk\u00e9 expedice, taktick\u00e9 operace a vysoce mobiln\u00ed pr\u00e1ci v mraziv\u00e9m prost\u0159ed\u00ed.<\/p>\n<p data-start=\"807\" data-end=\"1004\">Tyto rukavice jsou ide\u00e1ln\u00ed pro <strong data-start=\"836\" data-end=\"854\">zna\u010dky ly\u017ea\u0159sk\u00e9ho oble\u010den\u00ed<\/strong>, <strong data-start=\"856\" data-end=\"882\">prodejci motoristick\u00e9ho sportu<\/strong>, <strong data-start=\"884\" data-end=\"910\">dodavatel\u00e9 outdoorov\u00e9ho vybaven\u00ed<\/strong>, a <strong data-start=\"916\" data-end=\"945\">kolekce priv\u00e1tn\u00edch zna\u010dek<\/strong> hledaj\u00ed kombinaci vysok\u00e9 viditelnosti a odolnosti.<\/p>\n<hr data-start=\"1006\" data-end=\"1009\" \/>\n<h3 data-start=\"1011\" data-end=\"1055\">???? <strong data-start=\"1018\" data-end=\"1055\">Konstrukce v\u00fdrobku a materi\u00e1ly:<\/strong><\/h3>\n<ul data-start=\"1056\" data-end=\"1718\">\n<li data-start=\"1056\" data-end=\"1139\">\n<p data-start=\"1058\" data-end=\"1139\"><strong data-start=\"1058\" data-end=\"1074\">Vn\u011bj\u0161\u00ed pl\u00e1\u0161\u0165:<\/strong> V\u00edcepanelov\u00e1 textilie se stre\u010dov\u00fdmi z\u00f3nami pro flexibilitu a p\u0159izp\u016fsoben\u00ed se postav\u011b<\/p>\n<\/li>\n<li data-start=\"1140\" data-end=\"1208\">\n<p data-start=\"1142\" data-end=\"1208\"><strong data-start=\"1142\" data-end=\"1156\">Horn\u00ed panel:<\/strong> Pro\u0161\u00edvan\u00e1 \u010dern\u00e1 man\u017eeta pro ochranu z\u00e1p\u011bst\u00ed a styl<\/p>\n<\/li>\n<li data-start=\"1209\" data-end=\"1342\">\n<p data-start=\"1211\" data-end=\"1342\"><strong data-start=\"1211\" data-end=\"1234\">Barevn\u00e9 blokov\u00e9 panely:<\/strong> Sv\u011btle \u0161ed\u00e9 t\u011blo a jasn\u011b modr\u00e1 spodn\u00ed polovina t\u011bla poskytuj\u00ed v\u00fdrazn\u00fd kontrast a vysokou viditelnost na sn\u011bhu nebo p\u0159i slab\u00e9m osv\u011btlen\u00ed.<\/p>\n<\/li>\n<li data-start=\"1343\" data-end=\"1493\">\n<p data-start=\"1345\" data-end=\"1493\"><strong data-start=\"1345\" data-end=\"1354\">Dla\u0148:<\/strong> Zes\u00edlen\u00e1 \u010dern\u00e1 syntetick\u00e1 k\u016f\u017ee s ergonomick\u00fdm polstrov\u00e1n\u00edm - ur\u010den\u00e1 k uchopen\u00ed ly\u017ea\u0159sk\u00fdch hol\u00ed, rukojet\u00ed motocykl\u016f, n\u00e1\u0159ad\u00ed nebo trekingov\u00e9ho vybaven\u00ed.<\/p>\n<\/li>\n<li data-start=\"1494\" data-end=\"1609\">\n<p data-start=\"1496\" data-end=\"1609\"><strong data-start=\"1496\" data-end=\"1507\">Oblo\u017een\u00ed:<\/strong> Tepeln\u00fd interi\u00e9r ur\u010den\u00fd pro <strong data-start=\"1538\" data-end=\"1556\">zadr\u017eov\u00e1n\u00ed tepla<\/strong> a pohodl\u00ed p\u0159i dlouh\u00e9m no\u0161en\u00ed bez \u00fanavy rukou<\/p>\n<\/li>\n<li data-start=\"1610\" data-end=\"1718\">\n<p data-start=\"1612\" data-end=\"1718\"><strong data-start=\"1612\" data-end=\"1627\">Z\u00f3na z\u00e1p\u011bst\u00ed:<\/strong> Elastick\u00e1 vnit\u0159n\u00ed man\u017eeta a nastaviteln\u00e9 zap\u00edn\u00e1n\u00ed na popruh pro zaji\u0161t\u011bn\u00ed tepla a blokov\u00e1n\u00ed sn\u011bhu.<\/p>\n<\/li>\n<\/ul>\n<hr data-start=\"1720\" data-end=\"1723\" \/>\n<h3 data-start=\"1725\" data-end=\"1761\">???? <strong data-start=\"1732\" data-end=\"1761\">Kl\u00ed\u010dov\u00e9 v\u00fdkonnostn\u00ed funkce:<\/strong><\/h3>\n<ul data-start=\"1762\" data-end=\"2344\">\n<li data-start=\"1762\" data-end=\"1911\">\n<p data-start=\"1764\" data-end=\"1911\">\u2705 <strong data-start=\"1766\" data-end=\"1796\">Funk\u010dnost do ka\u017ed\u00e9ho ter\u00e9nu:<\/strong> Ide\u00e1ln\u00ed pro pou\u017eit\u00ed v <strong data-start=\"1814\" data-end=\"1824\">ly\u017eov\u00e1n\u00ed<\/strong>, <strong data-start=\"1826\" data-end=\"1842\">snowboarding<\/strong>, <strong data-start=\"1844\" data-end=\"1863\">j\u00edzda na horsk\u00e9m kole<\/strong>, <strong data-start=\"1865\" data-end=\"1881\">j\u00edzda na sn\u011b\u017en\u00fdch sk\u00fatrech<\/strong>, a <strong data-start=\"1887\" data-end=\"1909\">pr\u00e1ce v chladn\u00e9m po\u010das\u00ed<\/strong><\/p>\n<\/li>\n<li data-start=\"1912\" data-end=\"2027\">\n<p data-start=\"1914\" data-end=\"2027\">\u2705 <strong data-start=\"1916\" data-end=\"1943\">Zes\u00edlen\u00e1 konstrukce rukojeti:<\/strong> Na stran\u011b dlan\u011b jsou z\u00f3ny z texturovan\u00e9 PU k\u016f\u017ee pro maxim\u00e1ln\u00ed p\u0159ilnavost a dlouhou \u017eivotnost rukavic.<\/p>\n<\/li>\n<li data-start=\"2028\" data-end=\"2112\">\n<p data-start=\"2030\" data-end=\"2112\">\u2705 <strong data-start=\"2032\" data-end=\"2059\">V\u011btruodoln\u00e1 konstrukce:<\/strong> Vn\u011bj\u0161\u00ed tkanina odol\u00e1v\u00e1 pronik\u00e1n\u00ed studen\u00e9ho vzduchu a sn\u011bhu<\/p>\n<\/li>\n<li data-start=\"2113\" data-end=\"2213\">\n<p data-start=\"2115\" data-end=\"2213\">\u2705 <strong data-start=\"2117\" data-end=\"2141\">Roz\u0161\u00ed\u0159en\u00e1 z\u00e1p\u011bstn\u00ed man\u017eeta:<\/strong> Pro\u0161\u00edvan\u00fd design zabra\u0148uje tepeln\u00fdm ztr\u00e1t\u00e1m a dod\u00e1v\u00e1 profesion\u00e1ln\u00ed vzhled.<\/p>\n<\/li>\n<li data-start=\"2214\" data-end=\"2344\">\n<p data-start=\"2216\" data-end=\"2344\">\u2705 <strong data-start=\"2218\" data-end=\"2247\">V\u00edcevrstv\u00e1 odolnost:<\/strong> Vyrobeno tak, aby vydr\u017eelo v drsn\u00fdch podm\u00ednk\u00e1ch - ide\u00e1ln\u00ed pro sporty s vysokou pohyblivost\u00ed nebo aktivity vojensk\u00e9ho typu.<\/p>\n<\/li>\n<\/ul>\n<hr data-start=\"2346\" data-end=\"2349\" \/>\n<h3 data-start=\"2351\" data-end=\"2400\">???? <strong data-start=\"2358\" data-end=\"2400\">P\u0159izp\u016fsoben\u00ed a mo\u017enosti OEM prost\u0159ednictv\u00edm spole\u010dnosti RYINZ:<\/strong><\/h3>\n<ul data-start=\"2401\" data-end=\"2927\">\n<li data-start=\"2401\" data-end=\"2513\">\n<p data-start=\"2403\" data-end=\"2513\">???? <strong data-start=\"2406\" data-end=\"2423\">Mo\u017enosti loga:<\/strong> Sublimovan\u00fd, vy\u0161\u00edvan\u00fd nebo tepeln\u011b p\u0159enosn\u00fd potisk na man\u017eet\u011b, n\u00e1\u0161ivce na z\u00e1p\u011bst\u00ed nebo vn\u011bj\u0161\u00edm pl\u00e1\u0161ti.<\/p>\n<\/li>\n<li data-start=\"2514\" data-end=\"2642\">\n<p data-start=\"2516\" data-end=\"2642\">???? <strong data-start=\"2519\" data-end=\"2543\">P\u0159izp\u016fsoben\u00ed barev:<\/strong> K dispozici v \u010derno-\u010derven\u00e9m, n\u00e1mo\u0159nicko-\u0161ed\u00e9m, olivov\u011b-oran\u017eov\u00e9m proveden\u00ed nebo v barevn\u00fdch palet\u00e1ch na m\u00edru pro zna\u010dkov\u00e9 kolekce.<\/p>\n<\/li>\n<li data-start=\"2643\" data-end=\"2735\">\n<p data-start=\"2645\" data-end=\"2735\">???? <strong data-start=\"2648\" data-end=\"2669\">Styly balen\u00ed:<\/strong> Polybagy, d\u00e1rkov\u00e9 krabi\u010dky, s\u00e1\u010dky na zip, ekologick\u00e9 role (zna\u010dkov\u00e9 nebo oby\u010dejn\u00e9)<\/p>\n<\/li>\n<li data-start=\"2736\" data-end=\"2817\">\n<p data-start=\"2738\" data-end=\"2817\">???? <strong data-start=\"2741\" data-end=\"2755\">Velikosti OEM:<\/strong> XS a\u017e XL (dosp\u011bl\u00ed), voliteln\u00e1 velikostn\u00ed tabulka pro mu\u017ee\/\u017eeny\/ml\u00e1de\u017e<\/p>\n<\/li>\n<li data-start=\"2818\" data-end=\"2927\">\n<p data-start=\"2820\" data-end=\"2927\">???? <strong data-start=\"2823\" data-end=\"2840\">P\u0159\u00edzniv\u00e9 MOQ:<\/strong> Od mal\u00fdch s\u00e9ri\u00ed pro butikov\u00e9 zna\u010dky a\u017e po plnohodnotnou v\u00fdrobu pro glob\u00e1ln\u00ed distributory.<\/p>\n<\/li>\n<\/ul>\n<hr data-start=\"2929\" data-end=\"2932\" \/>\n<h3 data-start=\"2934\" data-end=\"2961\">???? <strong data-start=\"2941\" data-end=\"2961\">Nejvhodn\u011bj\u0161\u00ed pro:<\/strong><\/h3>\n<ul data-start=\"2962\" data-end=\"3368\">\n<li data-start=\"2962\" data-end=\"3034\">\n<p data-start=\"2964\" data-end=\"3034\">\u2744\ufe0f <strong data-start=\"2967\" data-end=\"2995\">Zna\u010dky zimn\u00edho sportovn\u00edho oble\u010den\u00ed<\/strong> pot\u0159ebujete ly\u017ea\u0159sk\u00e9 nebo snowboardov\u00e9 rukavice<\/p>\n<\/li>\n<li data-start=\"3035\" data-end=\"3101\">\n<p data-start=\"3037\" data-end=\"3101\">???? <strong data-start=\"3040\" data-end=\"3077\">Prodejci taktick\u00e9ho a outdoorov\u00e9ho vybaven\u00ed<\/strong> na trz\u00edch EU nebo MENA<\/p>\n<\/li>\n<li data-start=\"3102\" data-end=\"3157\">\n<p data-start=\"3104\" data-end=\"3157\">????\ufe0f <strong data-start=\"3108\" data-end=\"3155\">Zna\u010dky horolezeck\u00fdch a expedi\u010dn\u00edch pot\u0159eb<\/strong><\/p>\n<\/li>\n<li data-start=\"3158\" data-end=\"3227\">\n<p data-start=\"3160\" data-end=\"3227\">????\ufe0f <strong data-start=\"3164\" data-end=\"3197\">V\u00fdrobci motocyklov\u00e9ho vybaven\u00ed<\/strong> hled\u00e1n\u00ed rukavic p\u0159ipraven\u00fdch na zimu<\/p>\n<\/li>\n<li data-start=\"3228\" data-end=\"3302\">\n<p data-start=\"3230\" data-end=\"3302\">???? <strong data-start=\"3233\" data-end=\"3274\">Programy pod vlastn\u00ed zna\u010dkou nebo white-label<\/strong> Pot\u0159ebujete zimn\u00ed rukavice OEM<\/p>\n<\/li>\n<li data-start=\"3303\" data-end=\"3368\">\n<p data-start=\"3305\" data-end=\"3368\">???? <strong data-start=\"3308\" data-end=\"3368\">Firemn\u00ed zimn\u00ed akce nebo d\u00e1rkov\u00e9 bal\u00ed\u010dky pro sn\u011bhov\u00e1 st\u0159ediska<\/strong><\/p>\n<\/li>\n<\/ul>\n<hr data-start=\"3370\" data-end=\"3373\" \/>\n<h3 data-start=\"3375\" data-end=\"3413\">???? <strong data-start=\"3382\" data-end=\"3413\">Pro\u010d rukavice RYINZ vynikaj\u00ed:<\/strong><\/h3>\n<p data-start=\"3414\" data-end=\"3831\">Na adrese <strong data-start=\"3417\" data-end=\"3426\">RYINZ<\/strong>, na\u0161e rukavice jsou vyv\u00edjeny na z\u00e1klad\u011b hlubok\u00e9 spolupr\u00e1ce mezi evropsk\u00fdmi design\u00e9rsk\u00fdmi t\u00fdmy a zku\u0161en\u00fdmi jihoasijsk\u00fdmi v\u00fdrobci - d\u00edky tomu z\u00edsk\u00e1te prvot\u0159\u00eddn\u00ed kvalitu, vlastn\u00ed styl a ceny p\u0159ipraven\u00e9 pro trh. Str\u00e1nky <strong data-start=\"3628\" data-end=\"3672\">Modro\u0161ed\u00e9 vysoce v\u00fdkonn\u00e9 zimn\u00ed rukavice<\/strong> jsou navr\u017eeny tak, aby poskytovaly spolehlivou tepelnou ochranu, taktickou s\u00edlu \u00fachopu a vizu\u00e1ln\u00ed jedine\u010dnost - a z\u00e1rove\u0148 nab\u00edzej\u00ed jedine\u010dnou zna\u010dku pro r\u016fst priv\u00e1tn\u00edch zna\u010dek.<\/p>\n<p data-start=\"3833\" data-end=\"4111\">D\u00edky dlouholet\u00fdm zku\u0161enostem s poskytov\u00e1n\u00edm slu\u017eeb B2B kupuj\u00edc\u00edm nap\u0159\u00ed\u010d <strong data-start=\"3884\" data-end=\"3909\">28 evropsk\u00fdch zem\u00ed<\/strong>, n\u00e1\u0161 v\u00fdrobn\u00ed syst\u00e9m podporuje rychlost i rozsah. Tyto rukavice se mohou st\u00e1t nejprod\u00e1van\u011bj\u0161\u00edm kouskem ve va\u0161\u00ed zimn\u00ed, taktick\u00e9 nebo motoristick\u00e9 kolekci - podpo\u0159en\u00e9 odolnou konstrukc\u00ed a stylovou \u00fapravou.<\/p>\n<p data-start=\"4113\" data-end=\"4164\"><strong data-start=\"4113\" data-end=\"4164\">RYINZ. Navr\u017eeno pro v\u00fdkon. Navr\u017eeno tak, aby se prod\u00e1valo.<\/strong><\/p>","protected":false},"excerpt":{"rendered":"<p>Z\u016fsta\u0148te na sn\u011bhu v pohodl\u00ed a jistot\u011b s <strong data-start=\"4018\" data-end=\"4057\">RYINZ Rukavice na sn\u00edh a ly\u017ee do ka\u017ed\u00e9ho po\u010das\u00ed<\/strong> - rukavice p\u0159ipraven\u00e9 na zimu, kter\u00e9 jsou stvo\u0159en\u00e9 pro po\u0159\u00e1dn\u00fd v\u00fdkon v extr\u00e9mn\u00edch podm\u00ednk\u00e1ch. Tyto rukavice kombinuj\u00ed odoln\u00fd vn\u011bj\u0161\u00ed pl\u00e1\u0161\u0165 s tepelnou izolac\u00ed a pohodlnou pod\u0161\u00edvkou, co\u017e zaji\u0161\u0165uje spolehlivou ochranu proti v\u011btru, sn\u011bhu a vlhkosti. Jejich dlouh\u00e1 man\u017eeta poskytuje dodate\u010dn\u00e9 kryt\u00ed, zat\u00edmco nastaviteln\u00fd p\u00e1sek a stahov\u00e1n\u00ed na z\u00e1p\u011bst\u00ed je bezpe\u010dn\u011b udr\u017e\u00ed na m\u00edst\u011b. Vyztu\u017een\u00e1 dla\u0148 zlep\u0161uje \u00fachop, zat\u00edmco polstrovan\u00e9 oblasti a p\u0159edem prohnut\u00e9 prsty zvy\u0161uj\u00ed pru\u017enost a ochranu. Tyto rukavice jsou ide\u00e1ln\u00ed pro ly\u017eov\u00e1n\u00ed, snowboarding, j\u00edzdu na sn\u011b\u017en\u00e9m sk\u00fatru a pr\u00e1ci v chladn\u00e9m po\u010das\u00ed a jsou ur\u010deny pro mu\u017ee i \u017eeny, kte\u0159\u00ed pot\u0159ebuj\u00ed styl i v\u00fdkon v jednom.<\/p>","protected":false},"featured_media":9353,"comment_status":"closed","ping_status":"closed","template":"","meta":[],"product_brand":[35],"product_cat":[57],"product_tag":[304,305,306,307,308,309,310,311,312,313,314,315,316,317,318],"class_list":{"0":"post-9164","1":"product","2":"type-product","3":"status-publish","4":"has-post-thumbnail","6":"product_brand-ryinz","8":"product_tag-brown-and-white-stitched-thermal-gloves","9":"product_tag-cold-weather-accessories-for-gifting","10":"product_tag-designer-inspired-winter-gloves-for-branding","11":"product_tag-fashion-gloves-for-urban-winter-outfits","12":"product_tag-insulated-quilt-gloves-for-winter-sports","13":"product_tag-luxury-gloves-for-fashion-retailers","14":"product_tag-oem-touchscreen-gloves-with-fleece","15":"product_tag-premium-driving-gloves-for-winter-use","16":"product_tag-quilted-winter-gloves-with-zipper","17":"product_tag-ryinz-gloves-for-private-label-winterwear","18":"product_tag-soft-lined-gloves-for-snow-and-frost","19":"product_tag-thermal-gloves-for-equestrian-apparel","20":"product_tag-touchscreen-compatible-outdoor-gloves","21":"product_tag-wholesale-fur-lined-gloves-for-boutiques","22":"product_tag-womens-touchscreen-cold-weather-gloves","24":"first","25":"instock","26":"taxable","27":"shipping-taxable","28":"purchasable","29":"product-type-simple"},"_links":{"self":[{"href":"https:\/\/ryinz.cz\/velkoobchod\/cs\/wp-json\/wp\/v2\/product\/9164","targetHints":{"allow":["GET"]}}],"collection":[{"href":"https:\/\/ryinz.cz\/velkoobchod\/cs\/wp-json\/wp\/v2\/product"}],"about":[{"href":"https:\/\/ryinz.cz\/velkoobchod\/cs\/wp-json\/wp\/v2\/types\/product"}],"replies":[{"embeddable":true,"href":"https:\/\/ryinz.cz\/velkoobchod\/cs\/wp-json\/wp\/v2\/comments?post=9164"}],"wp:featuredmedia":[{"embeddable":true,"href":"https:\/\/ryinz.cz\/velkoobchod\/cs\/wp-json\/wp\/v2\/media\/9353"}],"wp:attachment":[{"href":"https:\/\/ryinz.cz\/velkoobchod\/cs\/wp-json\/wp\/v2\/media?parent=9164"}],"wp:term":[{"taxonomy":"product_brand","embeddable":true,"href":"https:\/\/ryinz.cz\/velkoobchod\/cs\/wp-json\/wp\/v2\/product_brand?post=9164"},{"taxonomy":"product_cat","embeddable":true,"href":"https:\/\/ryinz.cz\/velkoobchod\/cs\/wp-json\/wp\/v2\/product_cat?post=9164"},{"taxonomy":"product_tag","embeddable":true,"href":"https:\/\/ryinz.cz\/velkoobchod\/cs\/wp-json\/wp\/v2\/product_tag?post=9164"}],"curies":[{"name":"wp","href":"https:\/\/api.w.org\/{rel}","templated":true}]}}