{"id":9163,"date":"2025-06-22T15:31:10","date_gmt":"2025-06-22T15:31:10","guid":{"rendered":"https:\/\/ryinz.cz\/velkoobchod\/?post_type=product&#038;p=9163"},"modified":"2026-01-18T20:17:50","modified_gmt":"2026-01-18T20:17:50","slug":"prosivane-termalni-zimni-rukavice-ryinz-stylove-hnede-bile-dotykove-rukavice-premiove-outdoorove-modni-obleceni-na-ruce","status":"publish","type":"product","link":"https:\/\/ryinz.cz\/velkoobchod\/cs\/product\/quilted-thermal-winter-gloves-by-ryinz-stylish-brown-white-touchscreen-gloves-premium-outdoor-fashion-handwear\/","title":{"rendered":"Pro\u0161\u00edvan\u00e9 term\u00e1ln\u00ed zimn\u00ed rukavice RYINZ | Stylov\u00e9 hn\u011bdob\u00edl\u00e9 rukavice s dotykovou obrazovkou | Pr\u00e9miov\u00e9 outdoorov\u00e9 m\u00f3dn\u00ed oble\u010den\u00ed na ruce"},"content":{"rendered":"<h3 data-start=\"200\" data-end=\"284\">???? <strong data-start=\"207\" data-end=\"282\">Pro\u0161\u00edvan\u00e9 zimn\u00ed rukavice RYINZ - elegantn\u00ed teplo se setk\u00e1v\u00e1 s ka\u017edodenn\u00edm v\u00fdkonem<\/strong><\/h3>\n<p data-start=\"286\" data-end=\"763\">P\u0159edstaven\u00ed <strong data-start=\"302\" data-end=\"341\">RYINZ Pro\u0161\u00edvan\u00e9 term\u00e1ln\u00ed zimn\u00ed rukavice<\/strong>, vysoce v\u00fdkonn\u00e9 \u0159e\u0161en\u00ed do chladn\u00e9ho po\u010das\u00ed p\u0159izp\u016fsoben\u00e9 m\u011bstsk\u00e9 m\u00f3d\u011b i funk\u010dnosti v p\u0159\u00edrod\u011b. Tyto rukavice kombinuj\u00ed prvot\u0159\u00eddn\u00ed estetiku s technickou zimn\u00ed pohotovost\u00ed - ide\u00e1ln\u00ed pro zna\u010dky, kter\u00e9 hledaj\u00ed luxusn\u00ed vzhled a praktickou izolaci. Jedine\u010dn\u00fd hn\u011bdo-b\u00edl\u00fd pro\u0161\u00edvan\u00fd vzor p\u0159in\u00e1\u0161\u00ed v\u00fdrazn\u00fd luxusn\u00ed styl, zat\u00edmco vnit\u0159n\u00ed m\u011bkkost, ochrana proti pov\u011btrnostn\u00edm vliv\u016fm a mobilita podporuj\u00ed ka\u017edodenn\u00ed no\u0161en\u00ed v nejchladn\u011bj\u0161\u00edm ro\u010dn\u00edm obdob\u00ed.<\/p>\n<p data-start=\"765\" data-end=\"1005\">A\u0165 u\u017e jste prodejce zimn\u00ed m\u00f3dy, v\u00fdrobce jezdeck\u00e9ho vybaven\u00ed nebo lifestylov\u00e1 zna\u010dka, kter\u00e1 hled\u00e1 zna\u010dkov\u00e9 outdoorov\u00e9 dopl\u0148ky, tyto rukavice nab\u00edzej\u00ed ide\u00e1ln\u00ed rovnov\u00e1hu mezi <strong data-start=\"941\" data-end=\"960\">vizu\u00e1ln\u00ed elegance<\/strong>, <strong data-start=\"962\" data-end=\"972\">teplo<\/strong>, a <strong data-start=\"978\" data-end=\"1004\">velkoobchodn\u00ed prakti\u010dnost<\/strong>.<\/p>\n<hr data-start=\"1007\" data-end=\"1010\" \/>\n<h3 data-start=\"1012\" data-end=\"1067\">???? <strong data-start=\"1019\" data-end=\"1065\">Pr\u00e9miov\u00fd design pro nositele, kte\u0159\u00ed si potrp\u00ed na styl<\/strong><\/h3>\n<ul data-start=\"1068\" data-end=\"1676\">\n<li data-start=\"1068\" data-end=\"1194\">\n<p data-start=\"1070\" data-end=\"1194\">Modern\u00ed dvoubarevn\u00e9 proveden\u00ed v <strong data-start=\"1098\" data-end=\"1134\">\u010dokol\u00e1dov\u011b hn\u011bd\u00e1 a arktick\u00e1 b\u00edl\u00e1<\/strong>, ide\u00e1ln\u00ed pro koordinaci se zimn\u00edmi kab\u00e1ty nebo b\u011b\u017en\u00fdm oble\u010den\u00edm.<\/p>\n<\/li>\n<li data-start=\"1195\" data-end=\"1318\">\n<p data-start=\"1197\" data-end=\"1318\"><strong data-start=\"1197\" data-end=\"1226\">Pro\u0161\u00edv\u00e1n\u00ed s diamantov\u00fdm stehem<\/strong> p\u0159es vn\u011bj\u0161\u00ed vrstvu poskytuje designov\u00fd vzhled, kter\u00fd je \u010dasto k vid\u011bn\u00ed v pr\u00e9miov\u00fdch kolekc\u00edch od\u011bv\u016f.<\/p>\n<\/li>\n<li data-start=\"1319\" data-end=\"1439\">\n<p data-start=\"1321\" data-end=\"1439\">Vysoce kontrastn\u00ed <strong data-start=\"1335\" data-end=\"1358\">Logo RYINZ<\/strong> zvy\u0161uje viditelnost a rozpoznatelnost priv\u00e1tn\u00ed zna\u010dky nebo maloobchodn\u00edch z\u00e1kazn\u00edk\u016f.<\/p>\n<\/li>\n<li data-start=\"1440\" data-end=\"1554\">\n<p data-start=\"1442\" data-end=\"1554\"><strong data-start=\"1442\" data-end=\"1465\">Zap\u00edn\u00e1n\u00ed na bo\u010dn\u00ed zip<\/strong> zaji\u0161\u0165uje snadn\u00e9 zap\u00edn\u00e1n\u00ed a t\u011bsn\u00e9 p\u0159il\u00e9h\u00e1n\u00ed k z\u00e1p\u011bst\u00ed, kter\u00e9 zabra\u0148uje vniknut\u00ed sn\u011bhu a studen\u00e9ho vzduchu.<\/p>\n<\/li>\n<li data-start=\"1555\" data-end=\"1676\">\n<p data-start=\"1557\" data-end=\"1676\">\u0160t\u00edhl\u00e1, lichotiv\u00e1 silueta navr\u017een\u00e1 pro mu\u017ee i \u017eeny, dostupn\u00e1 ve v\u00edce velikostech pro mezin\u00e1rodn\u00ed trhy.<\/p>\n<\/li>\n<\/ul>\n<hr data-start=\"1678\" data-end=\"1681\" \/>\n<h3 data-start=\"1683\" data-end=\"1736\">???? <strong data-start=\"1690\" data-end=\"1734\">Funk\u010dn\u00ed vlastnosti pro pou\u017eit\u00ed v chladn\u00e9m po\u010das\u00ed<\/strong><\/h3>\n<ul data-start=\"1737\" data-end=\"2331\">\n<li data-start=\"1737\" data-end=\"1836\">\n<p data-start=\"1739\" data-end=\"1836\"><strong data-start=\"1739\" data-end=\"1762\">Vnit\u0159n\u00ed fleecov\u00e1 pod\u0161\u00edvka<\/strong> poskytuje tepelnou ochranu v podm\u00ednk\u00e1ch pod bodem mrazu bez nadm\u011brn\u00e9ho objemu.<\/p>\n<\/li>\n<li data-start=\"1837\" data-end=\"1978\">\n<p data-start=\"1839\" data-end=\"1978\"><strong data-start=\"1839\" data-end=\"1876\">Kone\u010dky prst\u016f kompatibiln\u00ed s dotykovou obrazovkou<\/strong> (ukazov\u00e1\u010dek a palec) umo\u017e\u0148uj\u00ed u\u017eivatel\u016fm p\u0159ij\u00edmat hovory, proch\u00e1zet aplikace nebo nastavovat GPS, ani\u017e by si museli sundat rukavice.<\/p>\n<\/li>\n<li data-start=\"1979\" data-end=\"2117\">\n<p data-start=\"1981\" data-end=\"2117\"><strong data-start=\"1981\" data-end=\"2006\">Flexibiln\u00ed konstrukce<\/strong> pro p\u0159irozen\u00fd pohyb prst\u016f - ide\u00e1ln\u00ed pro j\u00edzdu autem, ch\u016fzi, nakupov\u00e1n\u00ed, doj\u00ed\u017ed\u011bn\u00ed nebo i lehkou pr\u00e1ci na koni.<\/p>\n<\/li>\n<li data-start=\"2118\" data-end=\"2215\">\n<p data-start=\"2120\" data-end=\"2215\">Vn\u011bj\u0161\u00ed l\u00e1tka odoln\u00e1 proti v\u011btru a pro\u0161\u00edvan\u00e9 z\u00f3ny funguj\u00ed jako bari\u00e9ra proti chladn\u00fdm poryv\u016fm a mrazu.<\/p>\n<\/li>\n<li data-start=\"2216\" data-end=\"2331\">\n<p data-start=\"2218\" data-end=\"2331\">Vhodn\u00e9 pro <strong data-start=\"2236\" data-end=\"2263\">m\u011bstsk\u00e9 zimn\u00ed aktivity<\/strong> a venkovn\u00ed pou\u017eit\u00ed - od pa\u0159\u00ed\u017esk\u00fdch ulic po seversk\u00e9 stezky.<\/p>\n<\/li>\n<\/ul>\n<hr data-start=\"2333\" data-end=\"2336\" \/>\n<h3 data-start=\"2338\" data-end=\"2393\">???? <strong data-start=\"2345\" data-end=\"2391\">Vlastn\u00ed zna\u010dka a mo\u017enost priv\u00e1tn\u00ed zna\u010dky<\/strong><\/h3>\n<ul data-start=\"2394\" data-end=\"2861\">\n<li data-start=\"2394\" data-end=\"2515\">\n<p data-start=\"2396\" data-end=\"2515\">K dispozici pro <strong data-start=\"2410\" data-end=\"2435\">OEM a priv\u00e1tn\u00ed zna\u010dka<\/strong> objedn\u00e1vky s vlastn\u00ed barevnou paletou (n\u00e1mo\u0159nick\u00e1, \u0161ed\u00e1, \u010dern\u00e1, velbloud\u00ed, olivov\u00e1, v\u00ednov\u00e1).<\/p>\n<\/li>\n<li data-start=\"2516\" data-end=\"2617\">\n<p data-start=\"2518\" data-end=\"2617\">Mo\u017enosti loga zahrnuj\u00ed sublima\u010dn\u00ed potisk, v\u00fd\u0161ivku nebo n\u00e1\u0161ivku (na z\u00e1p\u011bst\u00ed, prst nebo zadn\u00ed z\u00f3nu ruky).<\/p>\n<\/li>\n<li data-start=\"2618\" data-end=\"2693\">\n<p data-start=\"2620\" data-end=\"2693\">Tabulky velikost\u00ed na m\u00edru podle rozm\u011br\u016f rukou v EU, Velk\u00e9 Brit\u00e1nii nebo na St\u0159edn\u00edm v\u00fdchod\u011b<\/p>\n<\/li>\n<li data-start=\"2694\" data-end=\"2792\">\n<p data-start=\"2696\" data-end=\"2792\">K dispozici jsou maloobchodn\u00ed balen\u00ed: s\u00e1\u010dky na zip, kraftov\u00e9 krabice, ekologick\u00e9 rolovac\u00ed obaly a d\u00e1rkov\u00e9 bal\u00ed\u010dky na sv\u00e1tky.<\/p>\n<\/li>\n<li data-start=\"2793\" data-end=\"2861\">\n<p data-start=\"2795\" data-end=\"2861\">P\u0159\u00edzniv\u00e9 MOQ - od odb\u011bru vzork\u016f v mal\u00e9m mno\u017estv\u00ed a\u017e po plnou v\u00fdrobu<\/p>\n<\/li>\n<\/ul>\n<hr data-start=\"2863\" data-end=\"2866\" \/>\n<h3 data-start=\"2868\" data-end=\"2919\">???? <strong data-start=\"2875\" data-end=\"2917\">Ide\u00e1ln\u00ed pro B2B kupuj\u00edc\u00ed nap\u0159\u00ed\u010d trhy:<\/strong><\/h3>\n<ul data-start=\"2920\" data-end=\"3409\">\n<li data-start=\"2920\" data-end=\"3003\">\n<p data-start=\"2922\" data-end=\"3003\"><strong data-start=\"2922\" data-end=\"2943\">M\u00f3dn\u00ed butiky<\/strong> hled\u00e1te stylov\u00e9 zimn\u00ed dopl\u0148ky s luxusn\u00edm vzhledem<\/p>\n<\/li>\n<li data-start=\"3004\" data-end=\"3072\">\n<p data-start=\"3006\" data-end=\"3072\"><strong data-start=\"3006\" data-end=\"3027\">Jezdeck\u00e9 zna\u010dky<\/strong> pot\u0159ebujete elegantn\u00ed jezdeck\u00e9 rukavice do chladn\u00e9ho po\u010das\u00ed<\/p>\n<\/li>\n<li data-start=\"3073\" data-end=\"3155\">\n<p data-start=\"3075\" data-end=\"3155\"><strong data-start=\"3075\" data-end=\"3101\">Ly\u017ea\u0159sk\u00e1 a alpsk\u00e1 st\u0159ediska<\/strong> hled\u00e1n\u00ed rukavic kompatibiln\u00edch s dotykov\u00fdm displejem pro maloobchodn\u00ed prodej<\/p>\n<\/li>\n<li data-start=\"3156\" data-end=\"3247\">\n<p data-start=\"3158\" data-end=\"3247\"><strong data-start=\"3158\" data-end=\"3194\">Distributo\u0159i reklamn\u00edch produkt\u016f<\/strong> hled\u00e1n\u00ed elegantn\u00edch, genderov\u011b neutr\u00e1ln\u00edch zimn\u00edch d\u00e1rk\u016f<\/p>\n<\/li>\n<li data-start=\"3248\" data-end=\"3344\">\n<p data-start=\"3250\" data-end=\"3344\"><strong data-start=\"3250\" data-end=\"3277\">Online obchody s \u017eivotn\u00edm stylem<\/strong> a dropshipper\u016fm, kte\u0159\u00ed pot\u0159ebuj\u00ed sez\u00f3nn\u00ed zbo\u017e\u00ed p\u0159ipraven\u00e9 na zna\u010dku a s vysokou mar\u017e\u00ed.<\/p>\n<\/li>\n<li data-start=\"3345\" data-end=\"3409\">\n<p data-start=\"3347\" data-end=\"3409\"><strong data-start=\"3347\" data-end=\"3377\">Firemn\u00ed d\u00e1rkov\u00e9 programy<\/strong> nebo d\u00e1rky pro VIP zimn\u00ed akce<\/p>\n<\/li>\n<\/ul>\n<hr data-start=\"3411\" data-end=\"3414\" \/>\n<h3 data-start=\"3416\" data-end=\"3460\">???? <strong data-start=\"3423\" data-end=\"3458\">Pro\u010d si vybrat zimn\u00ed rukavice RYINZ?<\/strong><\/h3>\n<p data-start=\"3461\" data-end=\"3825\">V\u00fdroba prob\u00edh\u00e1 v Asii a z\u00e1kaznick\u00e1 podpora v \u010cesk\u00e9 republice, <strong data-start=\"3542\" data-end=\"3551\">RYINZ<\/strong> zaji\u0161\u0165uje vysoce kvalitn\u00ed v\u00fdrobu rukavic, efektivn\u00ed pln\u011bn\u00ed v EU a z\u00e1kaznick\u00fd servis p\u0159izp\u016fsoben\u00fd pot\u0159eb\u00e1m zna\u010dky. Na\u0161e rukavice jsou navr\u017eeny s ohledem na <strong data-start=\"3688\" data-end=\"3709\">forma a funkce<\/strong> kombinuj\u00ed stylov\u00e9 povrchov\u00e9 \u00fapravy s praktick\u00fdm teplem a hotov\u00e9 designy s mo\u017enost\u00ed p\u0159izp\u016fsoben\u00ed.<\/p>\n<p data-start=\"3827\" data-end=\"4026\"><strong data-start=\"3827\" data-end=\"3876\">Od prvn\u00edho ochlazen\u00ed po posledn\u00ed sn\u00edh<\/strong>, ... <strong data-start=\"3882\" data-end=\"3906\">Pro\u0161\u00edvan\u00e9 rukavice RYINZ<\/strong> jsou tou nejlep\u0161\u00ed volbou pro B2B produkt, kter\u00fd spl\u0148uje m\u00f3dn\u00ed o\u010dek\u00e1v\u00e1n\u00ed, udr\u017euje ruce v teple a podporuje obchodn\u00ed r\u016fst.<\/p>","protected":false},"excerpt":{"rendered":"<p>Z\u016fsta\u0148te na sn\u011bhu v pohodl\u00ed a jistot\u011b s <strong data-start=\"4018\" data-end=\"4057\">RYINZ Rukavice na sn\u00edh a ly\u017ee do ka\u017ed\u00e9ho po\u010das\u00ed<\/strong> - rukavice p\u0159ipraven\u00e9 na zimu, kter\u00e9 jsou stvo\u0159en\u00e9 pro po\u0159\u00e1dn\u00fd v\u00fdkon v extr\u00e9mn\u00edch podm\u00ednk\u00e1ch. Tyto rukavice kombinuj\u00ed odoln\u00fd vn\u011bj\u0161\u00ed pl\u00e1\u0161\u0165 s tepelnou izolac\u00ed a pohodlnou pod\u0161\u00edvkou, co\u017e zaji\u0161\u0165uje spolehlivou ochranu proti v\u011btru, sn\u011bhu a vlhkosti. Jejich dlouh\u00e1 man\u017eeta poskytuje dodate\u010dn\u00e9 kryt\u00ed, zat\u00edmco nastaviteln\u00fd p\u00e1sek a stahov\u00e1n\u00ed na z\u00e1p\u011bst\u00ed je bezpe\u010dn\u011b udr\u017e\u00ed na m\u00edst\u011b. Vyztu\u017een\u00e1 dla\u0148 zlep\u0161uje \u00fachop, zat\u00edmco polstrovan\u00e9 oblasti a p\u0159edem prohnut\u00e9 prsty zvy\u0161uj\u00ed pru\u017enost a ochranu. Tyto rukavice jsou ide\u00e1ln\u00ed pro ly\u017eov\u00e1n\u00ed, snowboarding, j\u00edzdu na sn\u011b\u017en\u00e9m sk\u00fatru a pr\u00e1ci v chladn\u00e9m po\u010das\u00ed a jsou ur\u010deny pro mu\u017ee i \u017eeny, kte\u0159\u00ed pot\u0159ebuj\u00ed styl i v\u00fdkon v jednom.<\/p>","protected":false},"featured_media":9358,"comment_status":"closed","ping_status":"closed","template":"","meta":[],"product_brand":[35],"product_cat":[57],"product_tag":[304,305,306,307,308,309,310,311,312,313,314,315,316,317,318],"class_list":{"0":"post-9163","1":"product","2":"type-product","3":"status-publish","4":"has-post-thumbnail","6":"product_brand-ryinz","8":"product_tag-brown-and-white-stitched-thermal-gloves","9":"product_tag-cold-weather-accessories-for-gifting","10":"product_tag-designer-inspired-winter-gloves-for-branding","11":"product_tag-fashion-gloves-for-urban-winter-outfits","12":"product_tag-insulated-quilt-gloves-for-winter-sports","13":"product_tag-luxury-gloves-for-fashion-retailers","14":"product_tag-oem-touchscreen-gloves-with-fleece","15":"product_tag-premium-driving-gloves-for-winter-use","16":"product_tag-quilted-winter-gloves-with-zipper","17":"product_tag-ryinz-gloves-for-private-label-winterwear","18":"product_tag-soft-lined-gloves-for-snow-and-frost","19":"product_tag-thermal-gloves-for-equestrian-apparel","20":"product_tag-touchscreen-compatible-outdoor-gloves","21":"product_tag-wholesale-fur-lined-gloves-for-boutiques","22":"product_tag-womens-touchscreen-cold-weather-gloves","24":"first","25":"instock","26":"taxable","27":"shipping-taxable","28":"purchasable","29":"product-type-simple"},"_links":{"self":[{"href":"https:\/\/ryinz.cz\/velkoobchod\/cs\/wp-json\/wp\/v2\/product\/9163","targetHints":{"allow":["GET"]}}],"collection":[{"href":"https:\/\/ryinz.cz\/velkoobchod\/cs\/wp-json\/wp\/v2\/product"}],"about":[{"href":"https:\/\/ryinz.cz\/velkoobchod\/cs\/wp-json\/wp\/v2\/types\/product"}],"replies":[{"embeddable":true,"href":"https:\/\/ryinz.cz\/velkoobchod\/cs\/wp-json\/wp\/v2\/comments?post=9163"}],"wp:featuredmedia":[{"embeddable":true,"href":"https:\/\/ryinz.cz\/velkoobchod\/cs\/wp-json\/wp\/v2\/media\/9358"}],"wp:attachment":[{"href":"https:\/\/ryinz.cz\/velkoobchod\/cs\/wp-json\/wp\/v2\/media?parent=9163"}],"wp:term":[{"taxonomy":"product_brand","embeddable":true,"href":"https:\/\/ryinz.cz\/velkoobchod\/cs\/wp-json\/wp\/v2\/product_brand?post=9163"},{"taxonomy":"product_cat","embeddable":true,"href":"https:\/\/ryinz.cz\/velkoobchod\/cs\/wp-json\/wp\/v2\/product_cat?post=9163"},{"taxonomy":"product_tag","embeddable":true,"href":"https:\/\/ryinz.cz\/velkoobchod\/cs\/wp-json\/wp\/v2\/product_tag?post=9163"}],"curies":[{"name":"wp","href":"https:\/\/api.w.org\/{rel}","templated":true}]}}