{"id":9098,"date":"2025-06-22T15:28:28","date_gmt":"2025-06-22T15:28:28","guid":{"rendered":"https:\/\/ryinz.cz\/velkoobchod\/?post_type=product&#038;p=9098"},"modified":"2026-01-18T20:17:43","modified_gmt":"2026-01-18T20:17:43","slug":"cerna-polo-souprava-pro-muze-inspirovana-designerem-ryinz-monogram-limec-sortky-combo-luxusni-streetwear-zakazkovy-velkoobchod","status":"publish","type":"product","link":"https:\/\/ryinz.cz\/velkoobchod\/cs\/product\/designer-inspired-black-polo-set-for-men-by-ryinz-monogram-collar-shorts-combo-luxury-streetwear-custom-wholesale\/","title":{"rendered":"\u010cern\u00e1 p\u00e1nsk\u00e1 poloko\u0161ile inspirovan\u00e1 design\u00e9rem od RYINZ | Monogram Collar &amp; Shorts Combo | Luxury Streetwear Custom Wholesale"},"content":{"rendered":"<p>???? :<\/p>\n<p>\u010cern\u00e1 souprava poloko\u0161ile a \u0161ortek RYINZ s l\u00edme\u010dkem s monogramem v sob\u011b spojuje luxusn\u00ed inspiraci s letn\u00edm pohodl\u00edm a p\u0159edstavuje v\u00fdraznou volbu pro volno\u010dasov\u00e9 oble\u010den\u00ed priv\u00e1tn\u00edch zna\u010dek a streetwearov\u00fdch zna\u010dek. Odv\u00e1\u017en\u00e1, ale elegantn\u00ed dvoud\u00edln\u00e1 souprava dod\u00e1v\u00e1 ka\u017edodenn\u00ed m\u00f3d\u011b luxusn\u00ed n\u00e1dech a z\u00e1rove\u0148 z\u016fst\u00e1v\u00e1 praktick\u00e1 a prody\u0161n\u00e1.<\/p>\n<p>???? Vlastnosti poloko\u0161ile:<\/p>\n<p>Z\u00e1kladn\u00ed barva: Klasick\u00e1 \u010dern\u00e1 barva s kontrastn\u00edm zlat\u00fdm a b\u00edl\u00fdm lemem s monogramem.<\/p>\n<p>Styl l\u00edmce: Stylov\u00fd a strukturovan\u00fd l\u00edmec v polop\u0159il\u00e9hav\u00e9m stylu s luxusn\u00edm vzorem zlat\u00e9 barvy na \u010dern\u00e9.<\/p>\n<p>Ruk\u00e1vy: Shodn\u00fd potisk s monogramem uvnit\u0159 man\u017eet ruk\u00e1v\u016f, kter\u00fd p\u016fsob\u00ed designov\u011b, i kdy\u017e je srolovan\u00fd.<\/p>\n<p>P\u0159izp\u016fsoben\u00ed: Pravideln\u00fd modern\u00ed st\u0159ih s \u010dist\u00fdmi \u0161vy a strukturovan\u00fdmi rameny.<\/p>\n<p>Knofl\u00edky: 3 knofl\u00edky na p\u0159edn\u00ed stran\u011b pro nastaviteln\u00fd styling<\/p>\n<p>Logo: RYINZ vyti\u0161t\u011bn\u00e9 na lev\u00e9 stran\u011b hrudi v matn\u00e9 \u010dern\u00e9 barv\u011b pro jemn\u00e9 ozna\u010den\u00ed zna\u010dky.<\/p>\n<p>Tkanina: Materi\u00e1l: lehk\u00e1, prody\u0161n\u00e1 sm\u011bs polybavlny s regulac\u00ed vlhkosti.<\/p>\n<p>???? Design a funkce \u0161ortek:<\/p>\n<p>Barva: \u010dern\u00e9 t\u011blo pro jednotnou sadu<\/p>\n<p>Opasek: Stahovac\u00ed elastick\u00fd p\u00e1s s b\u00edl\u00fdm monogramem.<\/p>\n<p>Trim: Koordinovan\u00fd design monogramu na vnit\u0159n\u00edch okraj\u00edch kapes pro le\u0161t\u011bn\u00fd povrch.<\/p>\n<p>D\u00e9lka: St\u0159ih nad kolena ide\u00e1ln\u00ed pro m\u011bstsk\u00fd styl nebo pro no\u0161en\u00ed v letovisku.<\/p>\n<p>Logo: Mal\u00fd potisk RYINZ \u201cR\u201d v bl\u00edzkosti kapsy pro jednotnou identitu<\/p>\n<p>Kapsy: Bo\u010dn\u00ed kapsy s hladkou vnit\u0159n\u00ed pod\u0161\u00edvkou a zes\u00edlen\u00fdm pro\u0161\u00edv\u00e1n\u00edm.<\/p>\n<p>Tkanina: Materi\u00e1l: m\u011bkk\u00fd stre\u010dov\u00fd materi\u00e1l, prody\u0161n\u00fd a rychleschnouc\u00ed pro no\u0161en\u00ed v hork\u00e9m po\u010das\u00ed.<\/p>\n<p>???? Prakti\u010dnost a pohodl\u00ed:<\/p>\n<p>Skv\u011ble se hod\u00ed pro styling v tepl\u00e9m po\u010das\u00ed - venkovn\u00ed akce, p\u00e1rty u baz\u00e9nu, proch\u00e1zky po m\u011bst\u011b.<\/p>\n<p>Z\u016fst\u00e1v\u00e1 bez z\u00e1hyb\u016f a syt\u011b barevn\u00fd i po n\u011bkolikan\u00e1sobn\u00e9m vypr\u00e1n\u00ed<\/p>\n<p>Materi\u00e1l a st\u0159ih vhodn\u00fd na cesty - dostate\u010dn\u011b stylov\u00fd pro elegantn\u00ed neform\u00e1ln\u00ed p\u0159\u00edle\u017eitosti a dostate\u010dn\u011b pohodln\u00fd pro leno\u0161en\u00ed.<\/p>\n<p>???? P\u0159izp\u016fsoben\u00ed a slu\u017eby priv\u00e1tn\u00edch zna\u010dek:<\/p>\n<p>P\u0159id\u00e1n\u00ed vlastn\u00edho loga (tisk, v\u00fd\u0161ivka, patchwork)<\/p>\n<p>Zvolte si barevn\u00e1 sch\u00e9mata: \u010dern\u00e1\/zlat\u00e1, n\u00e1mo\u0159nick\u00e1 modr\u00e1\/st\u0159\u00edbrn\u00e1, b\u00edl\u00e1\/\u010derven\u00e1<\/p>\n<p>K dispozici jsou vlastn\u00ed tabulky velikost\u00ed a tisk \u0161t\u00edtk\u016f\/etiket<\/p>\n<p>Nab\u00eddka ekologick\u00fdch obal\u016f a luxusn\u00edch mo\u017enost\u00ed prezentace<\/p>\n<p>Podpora MOQ pro za\u010d\u00ednaj\u00edc\u00ed firmy a \u0161k\u00e1lovateln\u00e9 ceny pro velkoobchodn\u00edky<\/p>\n<p>???? C\u00edlov\u00ed z\u00e1kazn\u00edci a p\u0159\u00edpady pou\u017eit\u00ed:<\/p>\n<p>Luxusn\u00ed streetwearov\u00e9 zna\u010dky se zam\u011b\u0159uj\u00ed na letn\u00ed exkluzivity<\/p>\n<p>M\u00f3dn\u00ed butiky hledaj\u00ed odv\u00e1\u017en\u00e9, ale nositeln\u00e9 kousky souprav<\/p>\n<p>Klienti s priv\u00e1tn\u00edmi zna\u010dkami v segmentech rekrea\u010dn\u00edho oble\u010den\u00ed nebo \u017eivotn\u00edho stylu<\/p>\n<p>Zna\u010dky influencer\u016f uv\u00e1d\u011bj\u00ed na trh kapsle v \u201cdesign\u00e9rsk\u00e9m stylu\u201d<\/p>\n<p>Obchodn\u00ed zna\u010dky, kter\u00e9 pot\u0159ebuj\u00ed \u0161pi\u010dkov\u00e9 vizu\u00e1ly pro pop-up prodej nebo digit\u00e1ln\u00ed kampan\u011b.<\/p>\n<p>???? Pro\u010d si vybrat RYINZ?<\/p>\n<p>Spole\u010dnost RYINZ nab\u00edz\u00ed spolehlivou v\u00fdrobu od\u011bv\u016f pod vlastn\u00ed zna\u010dkou, kter\u00e1 kombinuje kvalitu jihoasijsk\u00e9 v\u00fdroby s evropsk\u00fdmi dod\u00e1vkami a podporou. S\u00eddl\u00edme v \u010cesku a zaji\u0161\u0165ujeme komplexn\u00ed koordinaci, kontrolu kvality a v\u010dasn\u00e9 pln\u011bn\u00ed. Tato \u010dern\u00e1 designov\u00e1 poloko\u0161ile je p\u0159\u00edkladem na\u0161\u00ed schopnosti poskytovat vysoce stylov\u00e9 kousky, kter\u00e9 jsou pln\u011b zna\u010dkov\u00e9 - vytvo\u0159en\u00e9 pro podnikatele, velkoobchodn\u00edky a prodejce e-shop\u016f, kte\u0159\u00ed se \u0159\u00edd\u00ed trendy.<\/p>\n<p>Pocit luxusu. \u0160k\u00e1lovateln\u00e1 v\u00fdroba. Evropsk\u00e1 spolehlivost - poh\u00e1n\u011bn\u00e1 spole\u010dnost\u00ed RYINZ.<\/p>","protected":false},"excerpt":{"rendered":"<p data-start=\"354\" data-end=\"719\">Vylep\u0161ete sv\u016fj letn\u00ed styl soupravou \u010dern\u00e9 poloko\u0161ile a \u0161ortek RYINZ inspirovanou design\u00e9rem, kter\u00e1 byla vytvo\u0159ena pro mu\u017ee, kte\u0159\u00ed hledaj\u00ed prvot\u0159\u00eddn\u00ed streetov\u00e9 oble\u010den\u00ed s vyt\u0159\u00edben\u00fdm st\u0159ihem. Sada obsahuje elegantn\u00ed \u010dernou poloko\u0161ili s l\u00edme\u010dkem a ruk\u00e1vy s potiskem monogramu a k n\u00ed lad\u00edc\u00ed \u010dern\u00e9 \u0161ortky se \u0161\u0148\u016frkami se stejn\u00fdm designov\u00fdm lemov\u00e1n\u00edm. M\u011bkk\u00e1, prody\u0161n\u00e1 a modern\u011b st\u0159i\u017een\u00e1 - je ide\u00e1ln\u00ed pro m\u00f3dn\u00ed zna\u010dky, butiky nebo influencery uv\u00e1d\u011bj\u00edc\u00ed exkluzivn\u00ed letn\u00ed kolekce. Pln\u011b p\u0159izp\u016fsobiteln\u00e1 barva, tkanina, logo a balen\u00ed. Ide\u00e1ln\u00ed pro v\u00fdrobu priv\u00e1tn\u00edch zna\u010dek s luxusn\u00ed streetwearovou estetikou.<\/p>","protected":false},"featured_media":9340,"comment_status":"closed","ping_status":"closed","template":"","meta":[],"product_brand":[35],"product_cat":[68,69],"product_tag":[],"class_list":{"0":"post-9098","1":"product","2":"type-product","3":"status-publish","4":"has-post-thumbnail","6":"product_brand-ryinz","7":"product_cat-ryinz","8":"product_cat-tracksuits","10":"first","11":"instock","12":"taxable","13":"shipping-taxable","14":"purchasable","15":"product-type-simple"},"_links":{"self":[{"href":"https:\/\/ryinz.cz\/velkoobchod\/cs\/wp-json\/wp\/v2\/product\/9098","targetHints":{"allow":["GET"]}}],"collection":[{"href":"https:\/\/ryinz.cz\/velkoobchod\/cs\/wp-json\/wp\/v2\/product"}],"about":[{"href":"https:\/\/ryinz.cz\/velkoobchod\/cs\/wp-json\/wp\/v2\/types\/product"}],"replies":[{"embeddable":true,"href":"https:\/\/ryinz.cz\/velkoobchod\/cs\/wp-json\/wp\/v2\/comments?post=9098"}],"wp:featuredmedia":[{"embeddable":true,"href":"https:\/\/ryinz.cz\/velkoobchod\/cs\/wp-json\/wp\/v2\/media\/9340"}],"wp:attachment":[{"href":"https:\/\/ryinz.cz\/velkoobchod\/cs\/wp-json\/wp\/v2\/media?parent=9098"}],"wp:term":[{"taxonomy":"product_brand","embeddable":true,"href":"https:\/\/ryinz.cz\/velkoobchod\/cs\/wp-json\/wp\/v2\/product_brand?post=9098"},{"taxonomy":"product_cat","embeddable":true,"href":"https:\/\/ryinz.cz\/velkoobchod\/cs\/wp-json\/wp\/v2\/product_cat?post=9098"},{"taxonomy":"product_tag","embeddable":true,"href":"https:\/\/ryinz.cz\/velkoobchod\/cs\/wp-json\/wp\/v2\/product_tag?post=9098"}],"curies":[{"name":"wp","href":"https:\/\/api.w.org\/{rel}","templated":true}]}}