{"id":9085,"date":"2025-06-22T15:28:04","date_gmt":"2025-06-22T15:28:04","guid":{"rendered":"https:\/\/ryinz.cz\/velkoobchod\/?post_type=product&#038;p=9085"},"modified":"2026-01-18T20:17:40","modified_gmt":"2026-01-18T20:17:40","slug":"panske-retro-tmave-modre-bile-teplaky-od-ryinz-dvoubarevna-bunda-joggers-set-vlastni-athleisure-sportovni-obleceni-velkoobchod","status":"publish","type":"product","link":"https:\/\/ryinz.cz\/velkoobchod\/cs\/product\/mens-retro-navy-blue-white-tracksuit-by-ryinz-two-tone-zip-jacket-joggers-set-custom-athleisure-sportswear-wholesale\/","title":{"rendered":"P\u00e1nsk\u00e1 retro n\u00e1mo\u0159nick\u00e1 modr\u00e1 a b\u00edl\u00e1 tepl\u00e1kov\u00e1 souprava od RYINZ | Dvoubarevn\u00e1 bunda na zip a tepl\u00e1ky | Velkoobchodn\u00ed sportovn\u00ed oble\u010den\u00ed na zak\u00e1zku"},"content":{"rendered":"","protected":false},"excerpt":{"rendered":"<p data-start=\"354\" data-end=\"719\"><span class=\"_fadeIn_m1hgl_8\">P\u0159ineste si <\/span><span class=\"_fadeIn_m1hgl_8\">nad\u010dasov\u00e9 <\/span><span class=\"_fadeIn_m1hgl_8\">sportovn\u00ed <\/span><span class=\"_fadeIn_m1hgl_8\">styl <\/span><span class=\"_fadeIn_m1hgl_8\">na <\/span><span class=\"_fadeIn_m1hgl_8\">va\u0161e <\/span><span class=\"_fadeIn_m1hgl_8\">\u0161atn\u00edk <\/span><span class=\"_fadeIn_m1hgl_8\">s <\/span><span class=\"_fadeIn_m1hgl_8\">na <\/span><strong data-start=\"410\" data-end=\"465\"><span class=\"_fadeIn_m1hgl_8\">RYINZ <\/span><span class=\"_fadeIn_m1hgl_8\">Retro <\/span><span class=\"_fadeIn_m1hgl_8\">N\u00e1mo\u0159nictvo <\/span><span class=\"_fadeIn_m1hgl_8\">Modr\u00e1 &amp; <\/span><span class=\"_fadeIn_m1hgl_8\">B\u00edl\u00e1 <\/span><span class=\"_fadeIn_m1hgl_8\">Tepl\u00e1kov\u00e1 souprava <\/span><span class=\"_fadeIn_m1hgl_8\">Sada <\/span><span class=\"_fadeIn_m1hgl_8\">pro <\/span><span class=\"_fadeIn_m1hgl_8\">Mu\u017ei<\/span><\/strong><span class=\"_fadeIn_m1hgl_8\"> - <\/span><span class=\"_fadeIn_m1hgl_8\">a <\/span><span class=\"_fadeIn_m1hgl_8\">elegantn\u00ed, <\/span><span class=\"_fadeIn_m1hgl_8\">dva-<\/span><span class=\"_fadeIn_m1hgl_8\">t\u00f3n <\/span><span class=\"_fadeIn_m1hgl_8\">athleisure <\/span><span class=\"_fadeIn_m1hgl_8\">combo <\/span><span class=\"_fadeIn_m1hgl_8\">\u017ee <\/span><span class=\"_fadeIn_m1hgl_8\">pojistky <\/span><span class=\"_fadeIn_m1hgl_8\">vintage <\/span><span class=\"_fadeIn_m1hgl_8\">estetika <\/span><span class=\"_fadeIn_m1hgl_8\">s <\/span><span class=\"_fadeIn_m1hgl_8\">modern\u00ed <\/span><span class=\"_fadeIn_m1hgl_8\">pohodl\u00ed. <\/span><span class=\"_fadeIn_m1hgl_8\">Tento <\/span><span class=\"_fadeIn_m1hgl_8\">lehk\u00e9, <\/span><span class=\"_fadeIn_m1hgl_8\">vysoce<\/span><span class=\"_fadeIn_m1hgl_8\">v\u00fdkon <\/span><span class=\"_fadeIn_m1hgl_8\">nastavit <\/span><span class=\"_fadeIn_m1hgl_8\">funkce <\/span><span class=\"_fadeIn_m1hgl_8\">a <\/span><span class=\"_fadeIn_m1hgl_8\">zip-<\/span><span class=\"_fadeIn_m1hgl_8\">nahoru <\/span><span class=\"_fadeIn_m1hgl_8\">bombard\u00e9r -<\/span><span class=\"_fadeIn_m1hgl_8\">styl <\/span><span class=\"_fadeIn_m1hgl_8\">bunda <\/span><span class=\"_fadeIn_m1hgl_8\">a <\/span><span class=\"_fadeIn_m1hgl_8\">odpov\u00eddaj\u00edc\u00ed <\/span><span class=\"_fadeIn_m1hgl_8\">jogger <\/span><span class=\"_fadeIn_m1hgl_8\">kalhoty, <\/span><span class=\"_fadeIn_m1hgl_8\">ide\u00e1ln\u00ed <\/span><span class=\"_fadeIn_m1hgl_8\">pro <\/span><span class=\"_fadeIn_m1hgl_8\">t\u011blocvi\u010dna <\/span><span class=\"_fadeIn_m1hgl_8\">zased\u00e1n\u00ed, <\/span><span class=\"_fadeIn_m1hgl_8\">p\u0159\u00edle\u017eitostn\u00e9 <\/span><span class=\"_fadeIn_m1hgl_8\">ud\u00e1losti, <\/span><span class=\"_fadeIn_m1hgl_8\">nebo <\/span><span class=\"_fadeIn_m1hgl_8\">streetwear <\/span><span class=\"_fadeIn_m1hgl_8\">styling.<\/span><\/p>\n<p data-start=\"721\" data-end=\"1054\"><span class=\"_fadeIn_m1hgl_8\">Na str\u00e1nk\u00e1ch <\/span><span class=\"_fadeIn_m1hgl_8\">bunda <\/span><span class=\"_fadeIn_m1hgl_8\">se m\u016f\u017ee pochlubit <\/span><span class=\"_fadeIn_m1hgl_8\">a <\/span><span class=\"_fadeIn_m1hgl_8\">\u010dist\u00fd <\/span><span class=\"_fadeIn_m1hgl_8\">n\u00e1mo\u0159nictvo <\/span><span class=\"_fadeIn_m1hgl_8\">a <\/span><span class=\"_fadeIn_m1hgl_8\">b\u00edl\u00e1 <\/span><span class=\"_fadeIn_m1hgl_8\">blok <\/span><span class=\"_fadeIn_m1hgl_8\">design, <\/span><span class=\"_fadeIn_m1hgl_8\">echo <\/span><span class=\"_fadeIn_m1hgl_8\">klasick\u00fd <\/span><span class=\"_fadeIn_m1hgl_8\">sportovn\u00ed oble\u010den\u00ed <\/span><span class=\"_fadeIn_m1hgl_8\">vibrace. <\/span><span class=\"_fadeIn_m1hgl_8\">S <\/span><span class=\"_fadeIn_m1hgl_8\">a <\/span><span class=\"_fadeIn_m1hgl_8\">kompletn\u00ed <\/span><span class=\"_fadeIn_m1hgl_8\">p\u0159edn\u00ed <\/span><span class=\"_fadeIn_m1hgl_8\">zip, <\/span><span class=\"_fadeIn_m1hgl_8\">\u017eebrovan\u00fd <\/span><span class=\"_fadeIn_m1hgl_8\">man\u017eety <\/span><span class=\"_fadeIn_m1hgl_8\">a <\/span><span class=\"_fadeIn_m1hgl_8\">lem <\/span><span class=\"_fadeIn_m1hgl_8\">s <\/span><span class=\"_fadeIn_m1hgl_8\">pruh <\/span><span class=\"_fadeIn_m1hgl_8\">s podrobnostmi, <\/span><span class=\"_fadeIn_m1hgl_8\">a <\/span><span class=\"_fadeIn_m1hgl_8\">minim\u00e1ln\u00ed <\/span><span class=\"_fadeIn_m1hgl_8\">RYINZ <\/span><span class=\"_fadeIn_m1hgl_8\">logo <\/span><span class=\"_fadeIn_m1hgl_8\">branding <\/span><span class=\"_fadeIn_m1hgl_8\">na adrese <\/span><span class=\"_fadeIn_m1hgl_8\">na <\/span><span class=\"_fadeIn_m1hgl_8\">hrudn\u00edku, <\/span><span class=\"_fadeIn_m1hgl_8\">je to <\/span><span class=\"_fadeIn_m1hgl_8\">a <\/span><span class=\"_fadeIn_m1hgl_8\">smart <\/span><span class=\"_fadeIn_m1hgl_8\">svrchn\u00ed od\u011bvy <\/span><span class=\"_fadeIn_m1hgl_8\">kus <\/span><span class=\"_fadeIn_m1hgl_8\">\u017ee <\/span><span class=\"_fadeIn_m1hgl_8\">zvy\u0161uje <\/span><span class=\"_fadeIn_m1hgl_8\">va\u0161e <\/span><span class=\"_fadeIn_m1hgl_8\">p\u0159\u00edle\u017eitostn\u00e9 <\/span><span class=\"_fadeIn_m1hgl_8\">vzhled. <\/span><span class=\"_fadeIn_m1hgl_8\">Na str\u00e1nk\u00e1ch <\/span><span class=\"_fadeIn_m1hgl_8\">vysoce<\/span><span class=\"_fadeIn_m1hgl_8\">l\u00edmec <\/span><span class=\"_fadeIn_m1hgl_8\">design <\/span><span class=\"_fadeIn_m1hgl_8\">nab\u00edz\u00ed <\/span><span class=\"_fadeIn_m1hgl_8\">v\u00edtr <\/span><span class=\"_fadeIn_m1hgl_8\">ochrana <\/span><span class=\"_fadeIn_m1hgl_8\">a <\/span><span class=\"_fadeIn_m1hgl_8\">a <\/span><span class=\"_fadeIn_m1hgl_8\">strukturovan\u00fd <\/span><span class=\"_fadeIn_m1hgl_8\">fit.<\/span><\/p>\n<p data-start=\"1056\" data-end=\"1372\"><span class=\"_fadeIn_m1hgl_8\">Na str\u00e1nk\u00e1ch <\/span><span class=\"_fadeIn_m1hgl_8\">jogger <\/span><span class=\"_fadeIn_m1hgl_8\">kalhoty <\/span><span class=\"_fadeIn_m1hgl_8\">sledovat <\/span><span class=\"_fadeIn_m1hgl_8\">a <\/span><span class=\"_fadeIn_m1hgl_8\">zefektivn\u011bn\u00ed, <\/span><span class=\"_fadeIn_m1hgl_8\">ku\u017eelov\u00e9 <\/span><span class=\"_fadeIn_m1hgl_8\">fit <\/span><span class=\"_fadeIn_m1hgl_8\">na adrese <\/span><span class=\"_fadeIn_m1hgl_8\">pevn\u00e9 <\/span><span class=\"_fadeIn_m1hgl_8\">n\u00e1mo\u0159nictvo <\/span><span class=\"_fadeIn_m1hgl_8\">modr\u00e1, <\/span><span class=\"_fadeIn_m1hgl_8\">vybaven\u00fd <\/span><span class=\"_fadeIn_m1hgl_8\">s <\/span><span class=\"_fadeIn_m1hgl_8\">. <\/span><span class=\"_fadeIn_m1hgl_8\">elastick\u00e9 <\/span><span class=\"_fadeIn_m1hgl_8\">opasek, <\/span><span class=\"_fadeIn_m1hgl_8\">stahovac\u00ed \u0161\u0148\u016frka <\/span><span class=\"_fadeIn_m1hgl_8\">uzav\u0159en\u00ed, <\/span><span class=\"_fadeIn_m1hgl_8\">a <\/span><span class=\"_fadeIn_m1hgl_8\">jemn\u00e9 <\/span><span class=\"_fadeIn_m1hgl_8\">RYINZ <\/span><span class=\"_fadeIn_m1hgl_8\">logo <\/span><span class=\"_fadeIn_m1hgl_8\">detailn\u00ed popis <\/span><span class=\"_fadeIn_m1hgl_8\">pro <\/span><span class=\"_fadeIn_m1hgl_8\">zna\u010dka <\/span><span class=\"_fadeIn_m1hgl_8\">konzistence. <\/span><span class=\"_fadeIn_m1hgl_8\">Na str\u00e1nk\u00e1ch <\/span><span class=\"_fadeIn_m1hgl_8\">hladk\u00fd <\/span><span class=\"_fadeIn_m1hgl_8\">poly-<\/span><span class=\"_fadeIn_m1hgl_8\">sm\u011bs <\/span><span class=\"_fadeIn_m1hgl_8\">materi\u00e1l <\/span><span class=\"_fadeIn_m1hgl_8\">c\u00edt\u00ed <\/span><span class=\"_fadeIn_m1hgl_8\">soft <\/span><span class=\"_fadeIn_m1hgl_8\">na adrese <\/span><span class=\"_fadeIn_m1hgl_8\">na <\/span><span class=\"_fadeIn_m1hgl_8\">k\u016f\u017ee, <\/span><span class=\"_fadeIn_m1hgl_8\">je <\/span><span class=\"_fadeIn_m1hgl_8\">prody\u0161n\u00fd <\/span><span class=\"_fadeIn_m1hgl_8\">pro <\/span><span class=\"_fadeIn_m1hgl_8\">cvi\u010den\u00ed, <\/span><span class=\"_fadeIn_m1hgl_8\">a <\/span><span class=\"_fadeIn_m1hgl_8\">stylov\u00e9 <\/span><span class=\"_fadeIn_m1hgl_8\">dostatek <\/span><span class=\"_fadeIn_m1hgl_8\">pro <\/span><span class=\"_fadeIn_m1hgl_8\">post-<\/span><span class=\"_fadeIn_m1hgl_8\">t\u011blocvi\u010dna <\/span><span class=\"_fadeIn_m1hgl_8\">hangouts <\/span><span class=\"_fadeIn_m1hgl_8\">nebo <\/span><span class=\"_fadeIn_m1hgl_8\">cestov\u00e1n\u00ed.<\/span><\/p>\n<p data-start=\"1374\" data-end=\"1682\"><span class=\"_fadeIn_m1hgl_8\">Tento <\/span><span class=\"_fadeIn_m1hgl_8\">tepl\u00e1kov\u00e1 souprava <\/span><span class=\"_fadeIn_m1hgl_8\">m\u016f\u017ee <\/span><span class=\"_fadeIn_m1hgl_8\">b\u00fdt <\/span><span class=\"_fadeIn_m1hgl_8\">pln\u011b <\/span><span class=\"_fadeIn_m1hgl_8\">na m\u00edru <\/span><span class=\"_fadeIn_m1hgl_8\">pro <\/span><span class=\"_fadeIn_m1hgl_8\">zna\u010dky <\/span><span class=\"_fadeIn_m1hgl_8\">a <\/span><span class=\"_fadeIn_m1hgl_8\">maloobchodn\u00edci - <\/span><span class=\"_fadeIn_m1hgl_8\">logo <\/span><span class=\"_fadeIn_m1hgl_8\">um\u00edst\u011bn\u00ed, <\/span><span class=\"_fadeIn_m1hgl_8\">\u0161t\u00edtky, <\/span><span class=\"_fadeIn_m1hgl_8\">balen\u00ed, <\/span><span class=\"_fadeIn_m1hgl_8\">a <\/span><span class=\"_fadeIn_m1hgl_8\">velikost <\/span><span class=\"_fadeIn_m1hgl_8\">grafy <\/span><span class=\"_fadeIn_m1hgl_8\">na m\u00edru <\/span><span class=\"_fadeIn_m1hgl_8\">na <\/span><span class=\"_fadeIn_m1hgl_8\">va\u0161e <\/span><span class=\"_fadeIn_m1hgl_8\">pot\u0159eby. <\/span><span class=\"_fadeIn_m1hgl_8\">Zda <\/span><span class=\"_fadeIn_m1hgl_8\">vy <\/span><span class=\"_fadeIn_m1hgl_8\">jsou <\/span><span class=\"_fadeIn_m1hgl_8\">spu\u0161t\u011bn\u00ed <\/span><span class=\"_fadeIn_m1hgl_8\">va\u0161e <\/span><span class=\"_fadeIn_m1hgl_8\">vlastn\u00ed <\/span><span class=\"_fadeIn_m1hgl_8\">m\u00f3da <\/span><span class=\"_fadeIn_m1hgl_8\">\u0159\u00e1dek <\/span><span class=\"_fadeIn_m1hgl_8\">nebo <\/span><span class=\"_fadeIn_m1hgl_8\">z\u00edsk\u00e1v\u00e1n\u00ed zdroj\u016f <\/span><span class=\"_fadeIn_m1hgl_8\">pro <\/span><span class=\"_fadeIn_m1hgl_8\">a <\/span><span class=\"_fadeIn_m1hgl_8\">velkoobchod <\/span><span class=\"_fadeIn_m1hgl_8\">klient, <\/span><span class=\"_fadeIn_m1hgl_8\">RYINZ <\/span><span class=\"_fadeIn_m1hgl_8\">nab\u00edz\u00ed <\/span><span class=\"_fadeIn_m1hgl_8\">pr\u00e9miov\u00e9 <\/span><span class=\"_fadeIn_m1hgl_8\">v\u00fdroba, <\/span><span class=\"_fadeIn_m1hgl_8\">EU-<\/span><span class=\"_fadeIn_m1hgl_8\">na adrese <\/span><span class=\"_fadeIn_m1hgl_8\">komunikace, <\/span><span class=\"_fadeIn_m1hgl_8\">a <\/span><span class=\"_fadeIn_m1hgl_8\">B2B <\/span><span class=\"_fadeIn_m1hgl_8\">podpora <\/span><span class=\"_fadeIn_m1hgl_8\">na adrese <\/span><span class=\"_fadeIn_m1hgl_8\">stupnice.<\/span><\/p>\n<p data-start=\"1684\" data-end=\"1802\"><span class=\"_fadeIn_m1hgl_8\">Z <\/span><span class=\"_fadeIn_m1hgl_8\">sportovn\u00ed <\/span><span class=\"_fadeIn_m1hgl_8\">na <\/span><span class=\"_fadeIn_m1hgl_8\">ulice, <\/span><span class=\"_fadeIn_m1hgl_8\">tento <\/span><span class=\"_fadeIn_m1hgl_8\">n\u00e1mo\u0159nictvo -<\/span><span class=\"_fadeIn_m1hgl_8\">b\u00edl\u00e1 <\/span><span class=\"_fadeIn_m1hgl_8\">nastavit <\/span><span class=\"_fadeIn_m1hgl_8\">je <\/span><span class=\"_fadeIn_m1hgl_8\">a <\/span><span class=\"_fadeIn_m1hgl_8\">vynikaj\u00edc\u00ed <\/span><span class=\"_fadeIn_m1hgl_8\">polo\u017eka <\/span><span class=\"_fadeIn_m1hgl_8\">p\u0159ipraveno <\/span><span class=\"_fadeIn_m1hgl_8\">na <\/span><span class=\"_fadeIn_m1hgl_8\">reprezentovat <\/span><span class=\"_fadeIn_m1hgl_8\">va\u0161e <\/span><span class=\"_fadeIn_m1hgl_8\">zna\u010dka <\/span><span class=\"_fadeIn_m1hgl_8\">s <\/span><span class=\"_fadeIn_m1hgl_8\">d\u016fv\u011bra <\/span><span class=\"_fadeIn_m1hgl_8\">a <\/span><span class=\"_fadeIn_m1hgl_8\">t\u0159\u00edda.<\/span><\/p>","protected":false},"featured_media":9344,"comment_status":"closed","ping_status":"closed","template":"","meta":[],"product_brand":[35],"product_cat":[68,69],"product_tag":[],"class_list":{"0":"post-9085","1":"product","2":"type-product","3":"status-publish","4":"has-post-thumbnail","6":"product_brand-ryinz","7":"product_cat-ryinz","8":"product_cat-tracksuits","10":"first","11":"instock","12":"taxable","13":"shipping-taxable","14":"purchasable","15":"product-type-simple"},"_links":{"self":[{"href":"https:\/\/ryinz.cz\/velkoobchod\/cs\/wp-json\/wp\/v2\/product\/9085","targetHints":{"allow":["GET"]}}],"collection":[{"href":"https:\/\/ryinz.cz\/velkoobchod\/cs\/wp-json\/wp\/v2\/product"}],"about":[{"href":"https:\/\/ryinz.cz\/velkoobchod\/cs\/wp-json\/wp\/v2\/types\/product"}],"replies":[{"embeddable":true,"href":"https:\/\/ryinz.cz\/velkoobchod\/cs\/wp-json\/wp\/v2\/comments?post=9085"}],"wp:featuredmedia":[{"embeddable":true,"href":"https:\/\/ryinz.cz\/velkoobchod\/cs\/wp-json\/wp\/v2\/media\/9344"}],"wp:attachment":[{"href":"https:\/\/ryinz.cz\/velkoobchod\/cs\/wp-json\/wp\/v2\/media?parent=9085"}],"wp:term":[{"taxonomy":"product_brand","embeddable":true,"href":"https:\/\/ryinz.cz\/velkoobchod\/cs\/wp-json\/wp\/v2\/product_brand?post=9085"},{"taxonomy":"product_cat","embeddable":true,"href":"https:\/\/ryinz.cz\/velkoobchod\/cs\/wp-json\/wp\/v2\/product_cat?post=9085"},{"taxonomy":"product_tag","embeddable":true,"href":"https:\/\/ryinz.cz\/velkoobchod\/cs\/wp-json\/wp\/v2\/product_tag?post=9085"}],"curies":[{"name":"wp","href":"https:\/\/api.w.org\/{rel}","templated":true}]}}