{"id":9068,"date":"2025-06-22T15:27:35","date_gmt":"2025-06-22T15:27:35","guid":{"rendered":"https:\/\/ryinz.cz\/velkoobchod\/?post_type=product&#038;p=9068"},"modified":"2026-01-18T20:17:33","modified_gmt":"2026-01-18T20:17:33","slug":"panska-cernozluta-teplakova-souprava-v-univerzitnim-stylu-lezerni-baseballova-bunda-a-jogger-set-stylove-sportovni-streetwear-obleceni-ryinz-copy","status":"publish","type":"product","link":"https:\/\/ryinz.cz\/velkoobchod\/cs\/product\/mens-varsity-style-black-and-yellow-tracksuit-casual-baseball-jacket-and-jogger-set-stylish-athletic-streetwear-by-ryinz-copy\/","title":{"rendered":"P\u00e1nsk\u00e1 \u010derno-\u017elut\u00e1 tepl\u00e1kov\u00e1 souprava ve stylu Varsity - stylov\u00e1 sportovn\u00ed bunda a tepl\u00e1ky od RYINZ (Kop\u00edrovat)"},"content":{"rendered":"<p data-start=\"1309\" data-end=\"1647\"><span class=\"_fadeIn_m1hgl_8\">Na str\u00e1nk\u00e1ch <\/span><span class=\"_fadeIn_m1hgl_8\">RYINZ <\/span><span class=\"_fadeIn_m1hgl_8\">Premium <\/span><span class=\"_fadeIn_m1hgl_8\">Varsity <\/span><span class=\"_fadeIn_m1hgl_8\">Tepl\u00e1kov\u00e1 souprava <\/span><span class=\"_fadeIn_m1hgl_8\">Sada (<\/span><span class=\"_fadeIn_m1hgl_8\">\u010cerven\u00e1 &amp; <\/span><span class=\"_fadeIn_m1hgl_8\">N\u00e1mo\u0159nictvo) <\/span><span class=\"_fadeIn_m1hgl_8\">je <\/span><span class=\"_fadeIn_m1hgl_8\">navr\u017eeno <\/span><span class=\"_fadeIn_m1hgl_8\">pro <\/span><span class=\"_fadeIn_m1hgl_8\">modern\u00ed <\/span><span class=\"_fadeIn_m1hgl_8\">mu\u017ei <\/span><span class=\"_fadeIn_m1hgl_8\">a <\/span><span class=\"_fadeIn_m1hgl_8\">ml\u00e1de\u017e <\/span><span class=\"_fadeIn_m1hgl_8\">kdo <\/span><span class=\"_fadeIn_m1hgl_8\">hledat <\/span><span class=\"_fadeIn_m1hgl_8\">na <\/span><span class=\"_fadeIn_m1hgl_8\">perfektn\u00ed <\/span><span class=\"_fadeIn_m1hgl_8\">sm\u011bs <\/span><span class=\"_fadeIn_m1hgl_8\">z <\/span><span class=\"_fadeIn_m1hgl_8\">retro <\/span><span class=\"_fadeIn_m1hgl_8\">inspirace <\/span><span class=\"_fadeIn_m1hgl_8\">a <\/span><span class=\"_fadeIn_m1hgl_8\">sou\u010dasn\u00e9 <\/span><span class=\"_fadeIn_m1hgl_8\">funk\u010dnost. <\/span><span class=\"_fadeIn_m1hgl_8\">Zda <\/span><span class=\"_fadeIn_m1hgl_8\">pro <\/span><span class=\"_fadeIn_m1hgl_8\">velkoobchod <\/span><span class=\"_fadeIn_m1hgl_8\">distribuce, <\/span><span class=\"_fadeIn_m1hgl_8\">maloobchodn\u00ed prodej <\/span><span class=\"_fadeIn_m1hgl_8\">police, <\/span><span class=\"_fadeIn_m1hgl_8\">nebo <\/span><span class=\"_fadeIn_m1hgl_8\">soukrom\u00e9 <\/span><span class=\"_fadeIn_m1hgl_8\">\u0161t\u00edtek <\/span><span class=\"_fadeIn_m1hgl_8\">branding, <\/span><span class=\"_fadeIn_m1hgl_8\">tento <\/span><span class=\"_fadeIn_m1hgl_8\">tepl\u00e1kov\u00e1 souprava <\/span><span class=\"_fadeIn_m1hgl_8\">stojany <\/span><span class=\"_fadeIn_m1hgl_8\">ven <\/span><span class=\"_fadeIn_m1hgl_8\">jako <\/span><span class=\"_fadeIn_m1hgl_8\">a <\/span><span class=\"_fadeIn_m1hgl_8\">vlajkov\u00e1 lo\u010f <\/span><span class=\"_fadeIn_m1hgl_8\">od\u011bv <\/span><span class=\"_fadeIn_m1hgl_8\">na adrese <\/span><span class=\"_fadeIn_m1hgl_8\">streetwear <\/span><span class=\"_fadeIn_m1hgl_8\">a <\/span><span class=\"_fadeIn_m1hgl_8\">sportovn\u00ed oble\u010den\u00ed <\/span><span class=\"_fadeIn_m1hgl_8\">sb\u00edrky.<\/span><\/p>\n<p data-start=\"1649\" data-end=\"1669\"><strong data-start=\"1649\" data-end=\"1669\"><span class=\"_fadeIn_m1hgl_8\">Bunda <\/span><span class=\"_fadeIn_m1hgl_8\">Vlastnosti:<\/span><\/strong><\/p>\n<ul data-start=\"1670\" data-end=\"2233\">\n<li data-start=\"1670\" data-end=\"1791\">\n<p data-start=\"1672\" data-end=\"1791\"><span class=\"_fadeIn_m1hgl_8\">Crafted <\/span><span class=\"_fadeIn_m1hgl_8\">na adrese <\/span><span class=\"_fadeIn_m1hgl_8\">a <\/span><span class=\"_fadeIn_m1hgl_8\">vysoce<\/span><span class=\"_fadeIn_m1hgl_8\">hustota <\/span><span class=\"_fadeIn_m1hgl_8\">bavlna\/<\/span><span class=\"_fadeIn_m1hgl_8\">polyester <\/span><span class=\"_fadeIn_m1hgl_8\">sm\u011bs <\/span><span class=\"_fadeIn_m1hgl_8\">\u017ee <\/span><span class=\"_fadeIn_m1hgl_8\">odol\u00e1v\u00e1 <\/span><span class=\"_fadeIn_m1hgl_8\">blednouc\u00ed <\/span><span class=\"_fadeIn_m1hgl_8\">a <\/span><span class=\"_fadeIn_m1hgl_8\">udr\u017euje <\/span><span class=\"_fadeIn_m1hgl_8\">jeho <\/span><span class=\"_fadeIn_m1hgl_8\">struktura <\/span><span class=\"_fadeIn_m1hgl_8\">po <\/span><span class=\"_fadeIn_m1hgl_8\">opakovan\u011b <\/span><span class=\"_fadeIn_m1hgl_8\">myt\u00ed.<\/span><\/p>\n<\/li>\n<li data-start=\"1792\" data-end=\"1935\">\n<p data-start=\"1794\" data-end=\"1935\"><span class=\"_fadeIn_m1hgl_8\">Na str\u00e1nk\u00e1ch <\/span><span class=\"_fadeIn_m1hgl_8\">univerzita <\/span><span class=\"_fadeIn_m1hgl_8\">bunda <\/span><span class=\"_fadeIn_m1hgl_8\">design <\/span><span class=\"_fadeIn_m1hgl_8\">obsahuje <\/span><span class=\"_fadeIn_m1hgl_8\">kontrast <\/span><span class=\"_fadeIn_m1hgl_8\">ragl\u00e1n <\/span><span class=\"_fadeIn_m1hgl_8\">ruk\u00e1vy <\/span><span class=\"_fadeIn_m1hgl_8\">na adrese <\/span><span class=\"_fadeIn_m1hgl_8\">n\u00e1mo\u0159nictvo <\/span><span class=\"_fadeIn_m1hgl_8\">s <\/span><span class=\"_fadeIn_m1hgl_8\">\u017eebrovan\u00fd <\/span><span class=\"_fadeIn_m1hgl_8\">man\u017eety, <\/span><span class=\"_fadeIn_m1hgl_8\">pruhovan\u00e9 <\/span><span class=\"_fadeIn_m1hgl_8\">l\u00edmec, <\/span><span class=\"_fadeIn_m1hgl_8\">a <\/span><span class=\"_fadeIn_m1hgl_8\">opasek <\/span><span class=\"_fadeIn_m1hgl_8\">na adrese <\/span><span class=\"_fadeIn_m1hgl_8\">odpov\u00eddaj\u00edc\u00ed <\/span><span class=\"_fadeIn_m1hgl_8\">n\u00e1mo\u0159nictvo <\/span><span class=\"_fadeIn_m1hgl_8\">a <\/span><span class=\"_fadeIn_m1hgl_8\">\u010derven\u00e1.<\/span><\/p>\n<\/li>\n<li data-start=\"1936\" data-end=\"2044\">\n<p data-start=\"1938\" data-end=\"2044\"><span class=\"_fadeIn_m1hgl_8\">Snap <\/span><span class=\"_fadeIn_m1hgl_8\">tla\u010d\u00edtko <\/span><span class=\"_fadeIn_m1hgl_8\">uzav\u0159en\u00ed <\/span><span class=\"_fadeIn_m1hgl_8\">zaji\u0161\u0165uje <\/span><span class=\"_fadeIn_m1hgl_8\">snadn\u00e9 <\/span><span class=\"_fadeIn_m1hgl_8\">z <\/span><span class=\"_fadeIn_m1hgl_8\">pou\u017e\u00edt <\/span><span class=\"_fadeIn_m1hgl_8\">a <\/span><span class=\"_fadeIn_m1hgl_8\">trvanlivost, <\/span><span class=\"_fadeIn_m1hgl_8\">ide\u00e1ln\u00ed <\/span><span class=\"_fadeIn_m1hgl_8\">pro <\/span><span class=\"_fadeIn_m1hgl_8\">oba <\/span><span class=\"_fadeIn_m1hgl_8\">sportovn\u00ed <\/span><span class=\"_fadeIn_m1hgl_8\">t\u00fdmy <\/span><span class=\"_fadeIn_m1hgl_8\">a <\/span><span class=\"_fadeIn_m1hgl_8\">\u017eivotn\u00ed styl <\/span><span class=\"_fadeIn_m1hgl_8\">m\u00f3da.<\/span><\/p>\n<\/li>\n<li data-start=\"2045\" data-end=\"2158\">\n<p data-start=\"2047\" data-end=\"2158\"><span class=\"_fadeIn_m1hgl_8\">RYINZ <\/span><span class=\"_fadeIn_m1hgl_8\">branding <\/span><span class=\"_fadeIn_m1hgl_8\">nebo <\/span><span class=\"_fadeIn_m1hgl_8\">soukrom\u00e9 <\/span><span class=\"_fadeIn_m1hgl_8\">\u0161t\u00edtek <\/span><span class=\"_fadeIn_m1hgl_8\">mo\u017enosti <\/span><span class=\"_fadeIn_m1hgl_8\">k dispozici na <\/span><span class=\"_fadeIn_m1hgl_8\">na adrese <\/span><span class=\"_fadeIn_m1hgl_8\">na <\/span><span class=\"_fadeIn_m1hgl_8\">hrudn\u00edk <\/span><span class=\"_fadeIn_m1hgl_8\">a <\/span><span class=\"_fadeIn_m1hgl_8\">zp\u011bt <\/span><span class=\"_fadeIn_m1hgl_8\">panel, <\/span><span class=\"_fadeIn_m1hgl_8\">s <\/span><span class=\"_fadeIn_m1hgl_8\">kompletn\u00ed <\/span><span class=\"_fadeIn_m1hgl_8\">p\u0159izp\u016fsoben\u00ed <\/span><span class=\"_fadeIn_m1hgl_8\">podporu.<\/span><\/p>\n<\/li>\n<li data-start=\"2159\" data-end=\"2233\">\n<p data-start=\"2161\" data-end=\"2233\"><span class=\"_fadeIn_m1hgl_8\">Vnit\u0159n\u00ed <\/span><span class=\"_fadeIn_m1hgl_8\">soft <\/span><span class=\"_fadeIn_m1hgl_8\">oblo\u017een\u00ed <\/span><span class=\"_fadeIn_m1hgl_8\">zaji\u0161\u0165uje <\/span><span class=\"_fadeIn_m1hgl_8\">teplo <\/span><span class=\"_fadeIn_m1hgl_8\">bez <\/span><span class=\"_fadeIn_m1hgl_8\">hromadn\u00e9, <\/span><span class=\"_fadeIn_m1hgl_8\">vhodn\u00e9 <\/span><span class=\"_fadeIn_m1hgl_8\">pro <\/span><span class=\"_fadeIn_m1hgl_8\">v\u0161echny <\/span><span class=\"_fadeIn_m1hgl_8\">ro\u010dn\u00ed obdob\u00ed.<\/span><\/p>\n<\/li>\n<\/ul>\n<p data-start=\"2235\" data-end=\"2254\"><strong data-start=\"2235\" data-end=\"2254\"><span class=\"_fadeIn_m1hgl_8\">Kalhoty <\/span><span class=\"_fadeIn_m1hgl_8\">Vlastnosti:<\/span><\/strong><\/p>\n<ul data-start=\"2255\" data-end=\"2595\">\n<li data-start=\"2255\" data-end=\"2390\">\n<p data-start=\"2257\" data-end=\"2390\"><span class=\"_fadeIn_m1hgl_8\">N\u00e1mo\u0159nictvo <\/span><span class=\"_fadeIn_m1hgl_8\">jogger-<\/span><span class=\"_fadeIn_m1hgl_8\">styl <\/span><span class=\"_fadeIn_m1hgl_8\">dna <\/span><span class=\"_fadeIn_m1hgl_8\">vyrobeno <\/span><span class=\"_fadeIn_m1hgl_8\">z <\/span><span class=\"_fadeIn_m1hgl_8\">a <\/span><span class=\"_fadeIn_m1hgl_8\">pohodln\u00e9 <\/span><span class=\"_fadeIn_m1hgl_8\">stretch-<\/span><span class=\"_fadeIn_m1hgl_8\">pleten\u00e9 <\/span><span class=\"_fadeIn_m1hgl_8\">tkanina <\/span><span class=\"_fadeIn_m1hgl_8\">\u017ee <\/span><span class=\"_fadeIn_m1hgl_8\">nab\u00edz\u00ed <\/span><span class=\"_fadeIn_m1hgl_8\">flexibilita <\/span><span class=\"_fadeIn_m1hgl_8\">pro <\/span><span class=\"_fadeIn_m1hgl_8\">aktivn\u00ed <\/span><span class=\"_fadeIn_m1hgl_8\">pohyb <\/span><span class=\"_fadeIn_m1hgl_8\">nebo <\/span><span class=\"_fadeIn_m1hgl_8\">p\u0159\u00edle\u017eitostn\u00e9 <\/span><span class=\"_fadeIn_m1hgl_8\">leno\u0161en\u00ed.<\/span><\/p>\n<\/li>\n<li data-start=\"2391\" data-end=\"2484\">\n<p data-start=\"2393\" data-end=\"2484\"><span class=\"_fadeIn_m1hgl_8\">Nastaviteln\u00e9 <\/span><span class=\"_fadeIn_m1hgl_8\">stahovac\u00ed \u0161\u0148\u016frka <\/span><span class=\"_fadeIn_m1hgl_8\">opasek <\/span><span class=\"_fadeIn_m1hgl_8\">a <\/span><span class=\"_fadeIn_m1hgl_8\">elastick\u00e9 <\/span><span class=\"_fadeIn_m1hgl_8\">man\u017eety <\/span><span class=\"_fadeIn_m1hgl_8\">poskytnout <\/span><span class=\"_fadeIn_m1hgl_8\">na m\u00edru <\/span><span class=\"_fadeIn_m1hgl_8\">fit <\/span><span class=\"_fadeIn_m1hgl_8\">pro <\/span><span class=\"_fadeIn_m1hgl_8\">ka\u017ed\u00fd <\/span><span class=\"_fadeIn_m1hgl_8\">t\u011blo <\/span><span class=\"_fadeIn_m1hgl_8\">typ.<\/span><\/p>\n<\/li>\n<li data-start=\"2485\" data-end=\"2595\">\n<p data-start=\"2487\" data-end=\"2595\"><span class=\"_fadeIn_m1hgl_8\">Minimalistick\u00fd <\/span><span class=\"_fadeIn_m1hgl_8\">kontrast <\/span><span class=\"_fadeIn_m1hgl_8\">trim <\/span><span class=\"_fadeIn_m1hgl_8\">a <\/span><span class=\"_fadeIn_m1hgl_8\">vy\u0161\u00edvan\u00e9 <\/span><span class=\"_fadeIn_m1hgl_8\">R <\/span><span class=\"_fadeIn_m1hgl_8\">logo <\/span><span class=\"_fadeIn_m1hgl_8\">p\u0159idat <\/span><span class=\"_fadeIn_m1hgl_8\">styl <\/span><span class=\"_fadeIn_m1hgl_8\">bez <\/span><span class=\"_fadeIn_m1hgl_8\">ohromuj\u00edc\u00ed <\/span><span class=\"_fadeIn_m1hgl_8\">na <\/span><span class=\"_fadeIn_m1hgl_8\">jednoduchost <\/span><span class=\"_fadeIn_m1hgl_8\">z <\/span><span class=\"_fadeIn_m1hgl_8\">na <\/span><span class=\"_fadeIn_m1hgl_8\">design.<\/span><\/p>\n<\/li>\n<\/ul>\n<p data-start=\"2597\" data-end=\"2977\"><strong data-start=\"2597\" data-end=\"2626\"><span class=\"_fadeIn_m1hgl_8\">Vlastn\u00ed <\/span><span class=\"_fadeIn_m1hgl_8\">Velkoobchod <\/span><span class=\"_fadeIn_m1hgl_8\">Mo\u017enosti:<\/span><\/strong><\/p>\n<p><span class=\"_fadeIn_m1hgl_8\">RYINZ <\/span><span class=\"_fadeIn_m1hgl_8\">nab\u00edz\u00ed <\/span><span class=\"_fadeIn_m1hgl_8\">na m\u00edru <\/span><span class=\"_fadeIn_m1hgl_8\">\u0159e\u0161en\u00ed <\/span><span class=\"_fadeIn_m1hgl_8\">pro <\/span><span class=\"_fadeIn_m1hgl_8\">va\u0161e <\/span><span class=\"_fadeIn_m1hgl_8\">podnik\u00e1n\u00ed - <\/span><span class=\"_fadeIn_m1hgl_8\">tento <\/span><span class=\"_fadeIn_m1hgl_8\">tepl\u00e1kov\u00e1 souprava <\/span><span class=\"_fadeIn_m1hgl_8\">m\u016f\u017ee <\/span><span class=\"_fadeIn_m1hgl_8\">b\u00fdt <\/span><span class=\"_fadeIn_m1hgl_8\">vyrobeno <\/span><span class=\"_fadeIn_m1hgl_8\">s <\/span><span class=\"_fadeIn_m1hgl_8\">va\u0161e <\/span><span class=\"_fadeIn_m1hgl_8\">vlastn\u00ed <\/span><span class=\"_fadeIn_m1hgl_8\">barvy, <\/span><span class=\"_fadeIn_m1hgl_8\">t\u00fdm <\/span><span class=\"_fadeIn_m1hgl_8\">loga, <\/span><span class=\"_fadeIn_m1hgl_8\">dimenzov\u00e1n\u00ed <\/span><span class=\"_fadeIn_m1hgl_8\">pr\u016fvodce, <\/span><span class=\"_fadeIn_m1hgl_8\">a <\/span><span class=\"_fadeIn_m1hgl_8\">balen\u00ed <\/span><span class=\"_fadeIn_m1hgl_8\">preference. <\/span><span class=\"_fadeIn_m1hgl_8\">N\u00edzk\u00e1 <\/span><span class=\"_fadeIn_m1hgl_8\">minimum <\/span><span class=\"_fadeIn_m1hgl_8\">objedn\u00e1vka <\/span><span class=\"_fadeIn_m1hgl_8\">mno\u017estv\u00ed (<\/span><span class=\"_fadeIn_m1hgl_8\">MOQ) <\/span><span class=\"_fadeIn_m1hgl_8\">a <\/span><span class=\"_fadeIn_m1hgl_8\">expresn\u00ed <\/span><span class=\"_fadeIn_m1hgl_8\">glob\u00e1ln\u00ed <\/span><span class=\"_fadeIn_m1hgl_8\">p\u0159eprava <\/span><span class=\"_fadeIn_m1hgl_8\">zajistit <\/span><span class=\"_fadeIn_m1hgl_8\">a <\/span><span class=\"_fadeIn_m1hgl_8\">rychle <\/span><span class=\"_fadeIn_m1hgl_8\">obrat. <\/span><span class=\"_fadeIn_m1hgl_8\">Na\u0161e <\/span><span class=\"_fadeIn_m1hgl_8\">v\u00fdroba <\/span><span class=\"_fadeIn_m1hgl_8\">je <\/span><span class=\"_fadeIn_m1hgl_8\">podpo\u0159il <\/span><span class=\"_fadeIn_m1hgl_8\">podle <\/span><span class=\"_fadeIn_m1hgl_8\">ISO-<\/span><span class=\"_fadeIn_m1hgl_8\">certifikovan\u00e9 <\/span><span class=\"_fadeIn_m1hgl_8\">procesy, <\/span><span class=\"_fadeIn_m1hgl_8\">zku\u0161en\u00fd <\/span><span class=\"_fadeIn_m1hgl_8\">krej\u010d\u00ed, <\/span><span class=\"_fadeIn_m1hgl_8\">a <\/span><span class=\"_fadeIn_m1hgl_8\">striktn\u00ed <\/span><span class=\"_fadeIn_m1hgl_8\">kvalita <\/span><span class=\"_fadeIn_m1hgl_8\">ovl\u00e1d\u00e1n\u00ed.<\/span><\/p>\n<p data-start=\"2979\" data-end=\"2993\"><strong data-start=\"2979\" data-end=\"2993\"><span class=\"_fadeIn_m1hgl_8\">Ide\u00e1ln\u00ed <\/span><span class=\"_fadeIn_m1hgl_8\">Pro:<\/span><\/strong><\/p>\n<ul data-start=\"2994\" data-end=\"3158\">\n<li data-start=\"2994\" data-end=\"3034\">\n<p data-start=\"2996\" data-end=\"3034\"><span class=\"_fadeIn_m1hgl_8\">Univerzita <\/span><span class=\"_fadeIn_m1hgl_8\">t\u00fdmy, <\/span><span class=\"_fadeIn_m1hgl_8\">kluby, <\/span><span class=\"_fadeIn_m1hgl_8\">a <\/span><span class=\"_fadeIn_m1hgl_8\">akademie<\/span><\/p>\n<\/li>\n<li data-start=\"3035\" data-end=\"3070\">\n<p data-start=\"3037\" data-end=\"3070\"><span class=\"_fadeIn_m1hgl_8\">Soukrom\u00e9 -<\/span><span class=\"_fadeIn_m1hgl_8\">\u0161t\u00edtek <\/span><span class=\"_fadeIn_m1hgl_8\">m\u00f3da <\/span><span class=\"_fadeIn_m1hgl_8\">sb\u00edrky<\/span><\/p>\n<\/li>\n<li data-start=\"3071\" data-end=\"3096\">\n<p data-start=\"3073\" data-end=\"3096\"><span class=\"_fadeIn_m1hgl_8\">Urban <\/span><span class=\"_fadeIn_m1hgl_8\">streetwear <\/span><span class=\"_fadeIn_m1hgl_8\">obchody<\/span><\/p>\n<\/li>\n<li data-start=\"3097\" data-end=\"3124\">\n<p data-start=\"3099\" data-end=\"3124\"><span class=\"_fadeIn_m1hgl_8\">Fitness <\/span><span class=\"_fadeIn_m1hgl_8\">oble\u010den\u00ed <\/span><span class=\"_fadeIn_m1hgl_8\">maloobchodn\u00edci<\/span><\/p>\n<\/li>\n<li data-start=\"3125\" data-end=\"3158\">\n<p data-start=\"3127\" data-end=\"3158\"><span class=\"_fadeIn_m1hgl_8\">Ud\u00e1lost <\/span><span class=\"_fadeIn_m1hgl_8\">d\u00e1rky <\/span><span class=\"_fadeIn_m1hgl_8\">a <\/span><span class=\"_fadeIn_m1hgl_8\">zbo\u017e\u00ed<\/span><\/p>\n<\/li>\n<\/ul>\n<p data-start=\"3160\" data-end=\"3425\"><strong data-start=\"3160\" data-end=\"3195\"><span class=\"_fadeIn_m1hgl_8\">Udr\u017eitelnost &amp; <\/span><span class=\"_fadeIn_m1hgl_8\">\u0158emesln\u00e9 zpracov\u00e1n\u00ed:<\/span><\/strong><\/p>\n<p><span class=\"_fadeIn_m1hgl_8\">V\u0161echny <\/span><span class=\"_fadeIn_m1hgl_8\">RYINZ <\/span><span class=\"_fadeIn_m1hgl_8\">od\u011bvy <\/span><span class=\"_fadeIn_m1hgl_8\">jsou <\/span><span class=\"_fadeIn_m1hgl_8\">vyrobeno <\/span><span class=\"_fadeIn_m1hgl_8\">pod <\/span><span class=\"_fadeIn_m1hgl_8\">etick\u00e9 <\/span><span class=\"_fadeIn_m1hgl_8\">pr\u00e1ce <\/span><span class=\"_fadeIn_m1hgl_8\">z\u00e1sady <\/span><span class=\"_fadeIn_m1hgl_8\">a <\/span><span class=\"_fadeIn_m1hgl_8\">ekologicky <\/span><span class=\"_fadeIn_m1hgl_8\">p\u0159\u00e1telsk\u00fd <\/span><span class=\"_fadeIn_m1hgl_8\">normy. <\/span><span class=\"_fadeIn_m1hgl_8\">Na\u0161e <\/span><span class=\"_fadeIn_m1hgl_8\">n\u00e1vrhy <\/span><span class=\"_fadeIn_m1hgl_8\">c\u00edl <\/span><span class=\"_fadeIn_m1hgl_8\">na <\/span><span class=\"_fadeIn_m1hgl_8\">bilance <\/span><span class=\"_fadeIn_m1hgl_8\">v\u00fdkonnost, <\/span><span class=\"_fadeIn_m1hgl_8\">pohodl\u00ed, <\/span><span class=\"_fadeIn_m1hgl_8\">a <\/span><span class=\"_fadeIn_m1hgl_8\">nad\u010dasov\u00e9 <\/span><span class=\"_fadeIn_m1hgl_8\">styl <\/span><span class=\"_fadeIn_m1hgl_8\">zat\u00edmco <\/span><span class=\"_fadeIn_m1hgl_8\">podpora <\/span><span class=\"_fadeIn_m1hgl_8\">partner <\/span><span class=\"_fadeIn_m1hgl_8\">zna\u010dky <\/span><span class=\"_fadeIn_m1hgl_8\">s <\/span><span class=\"_fadeIn_m1hgl_8\">konzistentn\u00ed <\/span><span class=\"_fadeIn_m1hgl_8\">kvalita.<\/span><\/p>\n<p data-start=\"3427\" data-end=\"3557\"><span class=\"_fadeIn_m1hgl_8\">Krok <\/span><span class=\"_fadeIn_m1hgl_8\">nahoru <\/span><span class=\"_fadeIn_m1hgl_8\">va\u0161e <\/span><span class=\"_fadeIn_m1hgl_8\">produkt <\/span><span class=\"_fadeIn_m1hgl_8\">nab\u00eddka <\/span><span class=\"_fadeIn_m1hgl_8\">s <\/span><span class=\"_fadeIn_m1hgl_8\">tento <\/span><span class=\"_fadeIn_m1hgl_8\">bestseller <\/span><span class=\"_fadeIn_m1hgl_8\">tepl\u00e1kov\u00e1 souprava <\/span><span class=\"_fadeIn_m1hgl_8\">styl <\/span><span class=\"_fadeIn_m1hgl_8\">to je <\/span><span class=\"_fadeIn_m1hgl_8\">st\u00e1t se <\/span><span class=\"_fadeIn_m1hgl_8\">a <\/span><span class=\"_fadeIn_m1hgl_8\">se\u0161\u00edva\u010dka <\/span><span class=\"_fadeIn_m1hgl_8\">na adrese <\/span><span class=\"_fadeIn_m1hgl_8\">m\u00f3da <\/span><span class=\"_fadeIn_m1hgl_8\">a <\/span><span class=\"_fadeIn_m1hgl_8\">v\u00fdkon <\/span><span class=\"_fadeIn_m1hgl_8\">trhy.<\/span><\/p>","protected":false},"excerpt":{"rendered":"<p data-start=\"305\" data-end=\"740\"><span class=\"_fadeIn_m1hgl_8\">Krok <\/span><span class=\"_fadeIn_m1hgl_8\">na <\/span><span class=\"_fadeIn_m1hgl_8\">nad\u010dasov\u00e9 <\/span><span class=\"_fadeIn_m1hgl_8\">styl <\/span><span class=\"_fadeIn_m1hgl_8\">a <\/span><span class=\"_fadeIn_m1hgl_8\">v\u00fdkon <\/span><span class=\"_fadeIn_m1hgl_8\">s <\/span><span class=\"_fadeIn_m1hgl_8\">na <\/span><span class=\"_fadeIn_m1hgl_8\">RYINZ <\/span><span class=\"_fadeIn_m1hgl_8\">Premium <\/span><span class=\"_fadeIn_m1hgl_8\">Varsity <\/span><span class=\"_fadeIn_m1hgl_8\">Tepl\u00e1kov\u00e1 souprava <\/span><span class=\"_fadeIn_m1hgl_8\">Sada <\/span><span class=\"_fadeIn_m1hgl_8\">na adrese <\/span><span class=\"_fadeIn_m1hgl_8\">tu\u010dn\u011b <\/span><span class=\"_fadeIn_m1hgl_8\">\u010derven\u00e1 <\/span><span class=\"_fadeIn_m1hgl_8\">a <\/span><span class=\"_fadeIn_m1hgl_8\">n\u00e1mo\u0159nictvo. <\/span><span class=\"_fadeIn_m1hgl_8\">Navr\u017eeno <\/span><span class=\"_fadeIn_m1hgl_8\">pro <\/span><span class=\"_fadeIn_m1hgl_8\">oba <\/span><span class=\"_fadeIn_m1hgl_8\">comfort <\/span><span class=\"_fadeIn_m1hgl_8\">a <\/span><span class=\"_fadeIn_m1hgl_8\">prohl\u00e1\u0161en\u00ed -<\/span><span class=\"_fadeIn_m1hgl_8\">v\u00fdroba <\/span><span class=\"_fadeIn_m1hgl_8\">m\u00f3da, <\/span><span class=\"_fadeIn_m1hgl_8\">tento <\/span><span class=\"_fadeIn_m1hgl_8\">dva-<\/span><span class=\"_fadeIn_m1hgl_8\">kus <\/span><span class=\"_fadeIn_m1hgl_8\">nastavit <\/span><span class=\"_fadeIn_m1hgl_8\">kombinuje <\/span><span class=\"_fadeIn_m1hgl_8\">a <\/span><span class=\"_fadeIn_m1hgl_8\">klasick\u00fd <\/span><span class=\"_fadeIn_m1hgl_8\">letterman-<\/span><span class=\"_fadeIn_m1hgl_8\">styl <\/span><span class=\"_fadeIn_m1hgl_8\">bunda <\/span><span class=\"_fadeIn_m1hgl_8\">s <\/span><span class=\"_fadeIn_m1hgl_8\">modern\u00ed <\/span><span class=\"_fadeIn_m1hgl_8\">ku\u017eelov\u00e9 <\/span><span class=\"_fadeIn_m1hgl_8\">jogger <\/span><span class=\"_fadeIn_m1hgl_8\">kalhoty. <\/span><span class=\"_fadeIn_m1hgl_8\">Crafted <\/span><span class=\"_fadeIn_m1hgl_8\">s <\/span><span class=\"_fadeIn_m1hgl_8\">vysoce<\/span><span class=\"_fadeIn_m1hgl_8\">kvalita <\/span><span class=\"_fadeIn_m1hgl_8\">prody\u0161n\u00fd <\/span><span class=\"_fadeIn_m1hgl_8\">bavlna -<\/span><span class=\"_fadeIn_m1hgl_8\">polyester <\/span><span class=\"_fadeIn_m1hgl_8\">sm\u011bs, <\/span><span class=\"_fadeIn_m1hgl_8\">to <\/span><span class=\"_fadeIn_m1hgl_8\">nab\u00edz\u00ed <\/span><span class=\"_fadeIn_m1hgl_8\">v\u00fdjime\u010dn\u00e9 <\/span><span class=\"_fadeIn_m1hgl_8\">trvanlivost, <\/span><span class=\"_fadeIn_m1hgl_8\">m\u011bkkost, <\/span><span class=\"_fadeIn_m1hgl_8\">a <\/span><span class=\"_fadeIn_m1hgl_8\">a <\/span><span class=\"_fadeIn_m1hgl_8\">perfektn\u00ed <\/span><span class=\"_fadeIn_m1hgl_8\">fit <\/span><span class=\"_fadeIn_m1hgl_8\">pro <\/span><span class=\"_fadeIn_m1hgl_8\">denn\u011b <\/span><span class=\"_fadeIn_m1hgl_8\">opot\u0159eben\u00ed, <\/span><span class=\"_fadeIn_m1hgl_8\">atletick\u00fd <\/span><span class=\"_fadeIn_m1hgl_8\">\u0161kolen\u00ed, <\/span><span class=\"_fadeIn_m1hgl_8\">nebo <\/span><span class=\"_fadeIn_m1hgl_8\">branding <\/span><span class=\"_fadeIn_m1hgl_8\">pot\u0159eby.<\/span><\/p>\n<p data-start=\"742\" data-end=\"1073\"><span class=\"_fadeIn_m1hgl_8\">Na str\u00e1nk\u00e1ch <\/span><span class=\"_fadeIn_m1hgl_8\">\u017eebrovan\u00fd <\/span><span class=\"_fadeIn_m1hgl_8\">man\u017eety <\/span><span class=\"_fadeIn_m1hgl_8\">a <\/span><span class=\"_fadeIn_m1hgl_8\">opasek <\/span><span class=\"_fadeIn_m1hgl_8\">doru\u010dit <\/span><span class=\"_fadeIn_m1hgl_8\">a <\/span><span class=\"_fadeIn_m1hgl_8\">p\u0159il\u00e9hav\u00e9 <\/span><span class=\"_fadeIn_m1hgl_8\">fit, <\/span><span class=\"_fadeIn_m1hgl_8\">zat\u00edmco <\/span><span class=\"_fadeIn_m1hgl_8\">kontrast <\/span><span class=\"_fadeIn_m1hgl_8\">ruk\u00e1vy <\/span><span class=\"_fadeIn_m1hgl_8\">a <\/span><span class=\"_fadeIn_m1hgl_8\">pruhy <\/span><span class=\"_fadeIn_m1hgl_8\">pozvednout <\/span><span class=\"_fadeIn_m1hgl_8\">va\u0161e <\/span><span class=\"_fadeIn_m1hgl_8\">atletick\u00fd <\/span><span class=\"_fadeIn_m1hgl_8\">vzhled. <\/span><span class=\"_fadeIn_m1hgl_8\">Zda <\/span><span class=\"_fadeIn_m1hgl_8\">jste <\/span><span class=\"_fadeIn_m1hgl_8\">zastupuj\u00edc\u00ed <\/span><span class=\"_fadeIn_m1hgl_8\">a <\/span><span class=\"_fadeIn_m1hgl_8\">t\u00fdm, <\/span><span class=\"_fadeIn_m1hgl_8\">spu\u0161t\u011bn\u00ed <\/span><span class=\"_fadeIn_m1hgl_8\">a <\/span><span class=\"_fadeIn_m1hgl_8\">zna\u010dka, <\/span><span class=\"_fadeIn_m1hgl_8\">nebo <\/span><span class=\"_fadeIn_m1hgl_8\">z\u00e1sobov\u00e1n\u00ed <\/span><span class=\"_fadeIn_m1hgl_8\">a <\/span><span class=\"_fadeIn_m1hgl_8\">m\u00f3da <\/span><span class=\"_fadeIn_m1hgl_8\">obchod, <\/span><span class=\"_fadeIn_m1hgl_8\">tento <\/span><span class=\"_fadeIn_m1hgl_8\">tepl\u00e1kov\u00e1 souprava <\/span><span class=\"_fadeIn_m1hgl_8\">p\u0159id\u00e1v\u00e1 <\/span><span class=\"_fadeIn_m1hgl_8\">v\u0161estrannost <\/span><span class=\"_fadeIn_m1hgl_8\">a <\/span><span class=\"_fadeIn_m1hgl_8\">a <\/span><span class=\"_fadeIn_m1hgl_8\">pr\u00e9miov\u00e9 <\/span><span class=\"_fadeIn_m1hgl_8\">c\u00edtit <\/span><span class=\"_fadeIn_m1hgl_8\">na <\/span><span class=\"_fadeIn_m1hgl_8\">va\u0161e <\/span><span class=\"_fadeIn_m1hgl_8\">slo\u017een\u00ed. <\/span><span class=\"_fadeIn_m1hgl_8\">Pln\u011b <\/span><span class=\"_fadeIn_m1hgl_8\">p\u0159izp\u016fsobiteln\u00e9 <\/span><span class=\"_fadeIn_m1hgl_8\">pro <\/span><span class=\"_fadeIn_m1hgl_8\">loga, <\/span><span class=\"_fadeIn_m1hgl_8\">t\u00fdm <\/span><span class=\"_fadeIn_m1hgl_8\">jm\u00e9na, <\/span><span class=\"_fadeIn_m1hgl_8\">nebo <\/span><span class=\"_fadeIn_m1hgl_8\">sez\u00f3nn\u00ed <\/span><span class=\"_fadeIn_m1hgl_8\">sb\u00edrky.<\/span><\/p>\n<p data-start=\"1075\" data-end=\"1253\"><span class=\"_fadeIn_m1hgl_8\">Perfektn\u00ed <\/span><span class=\"_fadeIn_m1hgl_8\">pro <\/span><span class=\"_fadeIn_m1hgl_8\">sportovn\u00ed <\/span><span class=\"_fadeIn_m1hgl_8\">kluby, <\/span><span class=\"_fadeIn_m1hgl_8\">urban <\/span><span class=\"_fadeIn_m1hgl_8\">nosit <\/span><span class=\"_fadeIn_m1hgl_8\">obchody, <\/span><span class=\"_fadeIn_m1hgl_8\">start-<\/span><span class=\"_fadeIn_m1hgl_8\">nahoru, <\/span><span class=\"_fadeIn_m1hgl_8\">a <\/span><span class=\"_fadeIn_m1hgl_8\">m\u00f3da -<\/span><span class=\"_fadeIn_m1hgl_8\">dop\u0159edu <\/span><span class=\"_fadeIn_m1hgl_8\">velkoobchodn\u00edci. <\/span><span class=\"_fadeIn_m1hgl_8\">Objedn\u00e1vka <\/span><span class=\"_fadeIn_m1hgl_8\">s <\/span><span class=\"_fadeIn_m1hgl_8\">d\u016fv\u011bra - <\/span><span class=\"_fadeIn_m1hgl_8\">k dispozici na <\/span><span class=\"_fadeIn_m1hgl_8\">na adrese <\/span><span class=\"_fadeIn_m1hgl_8\">mal\u00e9 <\/span><span class=\"_fadeIn_m1hgl_8\">na <\/span><span class=\"_fadeIn_m1hgl_8\">hromadn\u00e9 <\/span><span class=\"_fadeIn_m1hgl_8\">mno\u017estv\u00ed <\/span><span class=\"_fadeIn_m1hgl_8\">s <\/span><span class=\"_fadeIn_m1hgl_8\">soukrom\u00e9 <\/span><span class=\"_fadeIn_m1hgl_8\">\u0161t\u00edtek <\/span><span class=\"_fadeIn_m1hgl_8\">podporu.<\/span><\/p>","protected":false},"featured_media":9351,"comment_status":"closed","ping_status":"closed","template":"","meta":[],"product_brand":[35],"product_cat":[68,69],"product_tag":[],"class_list":{"0":"post-9068","1":"product","2":"type-product","3":"status-publish","4":"has-post-thumbnail","6":"product_brand-ryinz","7":"product_cat-ryinz","8":"product_cat-tracksuits","10":"first","11":"instock","12":"taxable","13":"shipping-taxable","14":"purchasable","15":"product-type-simple"},"_links":{"self":[{"href":"https:\/\/ryinz.cz\/velkoobchod\/cs\/wp-json\/wp\/v2\/product\/9068","targetHints":{"allow":["GET"]}}],"collection":[{"href":"https:\/\/ryinz.cz\/velkoobchod\/cs\/wp-json\/wp\/v2\/product"}],"about":[{"href":"https:\/\/ryinz.cz\/velkoobchod\/cs\/wp-json\/wp\/v2\/types\/product"}],"replies":[{"embeddable":true,"href":"https:\/\/ryinz.cz\/velkoobchod\/cs\/wp-json\/wp\/v2\/comments?post=9068"}],"wp:featuredmedia":[{"embeddable":true,"href":"https:\/\/ryinz.cz\/velkoobchod\/cs\/wp-json\/wp\/v2\/media\/9351"}],"wp:attachment":[{"href":"https:\/\/ryinz.cz\/velkoobchod\/cs\/wp-json\/wp\/v2\/media?parent=9068"}],"wp:term":[{"taxonomy":"product_brand","embeddable":true,"href":"https:\/\/ryinz.cz\/velkoobchod\/cs\/wp-json\/wp\/v2\/product_brand?post=9068"},{"taxonomy":"product_cat","embeddable":true,"href":"https:\/\/ryinz.cz\/velkoobchod\/cs\/wp-json\/wp\/v2\/product_cat?post=9068"},{"taxonomy":"product_tag","embeddable":true,"href":"https:\/\/ryinz.cz\/velkoobchod\/cs\/wp-json\/wp\/v2\/product_tag?post=9068"}],"curies":[{"name":"wp","href":"https:\/\/api.w.org\/{rel}","templated":true}]}}