{"id":9054,"date":"2025-06-22T15:27:04","date_gmt":"2025-06-22T15:27:04","guid":{"rendered":"https:\/\/ryinz.cz\/velkoobchod\/?post_type=product&#038;p=9054"},"modified":"2026-01-18T20:17:31","modified_gmt":"2026-01-18T20:17:31","slug":"kozena-taska-velkoobchod-ryinz-crossbody-hrudniku-taska-mestske-mody-vyrobce-eu-vzory-soukrome-znacky-dodavatele","status":"publish","type":"product","link":"https:\/\/ryinz.cz\/velkoobchod\/cs\/product\/leather-sling-bag-wholesale-ryinz-crossbody-chest-bag-urban-fashion-manufacturer-eu-designs-private-label-supplier\/","title":{"rendered":"Ko\u017een\u00e1 ta\u0161ka Sling Bag Wholesale | Ryinz | Crossbody Chest Bag | Urban Fashion | V\u00fdrobce, EU Designs, Private Label Supplier"},"content":{"rendered":"<p class=\"\" data-start=\"197\" data-end=\"325\"><strong data-start=\"197\" data-end=\"325\">Ko\u017een\u00e1 ta\u0161ka Sling Bag Wholesale | Ryinz | Crossbody Chest Bag | Urban Fashion | V\u00fdrobce, EU Designs, Private Label Supplier<\/strong><\/p>\n<p class=\"\" data-start=\"327\" data-end=\"604\">Na adrese <strong data-start=\"330\" data-end=\"339\">Ryinz<\/strong>, jsme <strong data-start=\"352\" data-end=\"399\">neviditeln\u00fd motor mezin\u00e1rodn\u00edho obchodu<\/strong>, kter\u00e1 spojuje d\u016fv\u011bryhodn\u00e9 v\u00fdrobce, modern\u00ed zna\u010dky a dynamick\u00e9 kupuj\u00edc\u00ed v Evrop\u011b, USA a Asii.<br data-start=\"499\" data-end=\"502\" \/>Usnad\u0148ujeme podnik\u016fm expanzi, prodej a r\u016fst - <strong data-start=\"563\" data-end=\"603\">otev\u00edr\u00e1me dve\u0159e, abyste mohli uzav\u00edrat prodeje<\/strong>.<\/p>\n<p class=\"\" data-start=\"606\" data-end=\"752\">P\u0159edstaven\u00ed <strong data-start=\"622\" data-end=\"649\">Ko\u017een\u00e1 ta\u0161ka Ryinz<\/strong> - elegantn\u00ed, stylov\u00e1 a ultrafunk\u010dn\u00ed crossbody ta\u0161ka, kter\u00e1 je ide\u00e1ln\u00ed pro dne\u0161n\u00ed m\u011bstsk\u00fd \u017eivotn\u00ed styl na cest\u00e1ch.<\/p>\n<hr class=\"\" data-start=\"754\" data-end=\"757\" \/>\n<h3 class=\"\" data-start=\"759\" data-end=\"786\"><strong data-start=\"763\" data-end=\"785\">Nejd\u016fle\u017eit\u011bj\u0161\u00ed informace o produktu<\/strong>:<\/h3>\n<p class=\"\" data-start=\"788\" data-end=\"1287\">\u2705 <strong data-start=\"790\" data-end=\"806\">N\u00e1zev produktu<\/strong>: M\u011bstsk\u00e1 ko\u017een\u00e1 ta\u0161ka Ryinz Crossbody Sling Bag<br data-start=\"847\" data-end=\"850\" \/>\u2705 <strong data-start=\"852\" data-end=\"864\">Materi\u00e1l<\/strong>: Pr\u00e9miov\u00e1 syntetick\u00e1 k\u016f\u017ee (vod\u011bodoln\u00e1 povrchov\u00e1 \u00faprava)<br data-start=\"916\" data-end=\"919\" \/>\u2705 <strong data-start=\"921\" data-end=\"930\">Barva<\/strong>: Klasick\u00e1 tmav\u011b modr\u00e1 s hn\u011bd\u00fdmi popruhy (k dispozici jsou vlastn\u00ed barvy)<br data-start=\"993\" data-end=\"996\" \/>\u2705 <strong data-start=\"998\" data-end=\"1014\">Mo\u017enosti loga<\/strong>: Pr\u00e1zdn\u00fd, vy\u0161\u00edvan\u00fd, kovov\u00fd \u0161t\u00edtek, vlastn\u00ed potisk<br data-start=\"1061\" data-end=\"1064\" \/>\u2705 <strong data-start=\"1066\" data-end=\"1085\">Vlastnosti designu<\/strong>:<br data-start=\"1086\" data-end=\"1089\" \/>- P\u0159edn\u00ed vertik\u00e1ln\u00ed kapsa na zip pro rychl\u00fd p\u0159\u00edstup<br data-start=\"1135\" data-end=\"1138\" \/>- Hlavn\u00ed p\u0159ihr\u00e1dka na zip pro z\u00e1kladn\u00ed pot\u0159eby<br data-start=\"1178\" data-end=\"1181\" \/>- Nastaviteln\u00fd \u0161irok\u00fd ramenn\u00ed popruh<br data-start=\"1213\" data-end=\"1216\" \/>- Bezpe\u010dn\u00fd popruh s p\u0159ezkou pro v\u011bt\u0161\u00ed stabilitu<br data-start=\"1257\" data-end=\"1260\" \/>- Vnit\u0159n\u00ed kapsa proti kr\u00e1de\u017ei<\/p>\n<p class=\"\" data-start=\"1289\" data-end=\"1302\">\u2705 <strong data-start=\"1291\" data-end=\"1299\">Velikost<\/strong>:<\/p>\n<ul data-start=\"1303\" data-end=\"1384\">\n<li class=\"\" data-start=\"1303\" data-end=\"1320\">\n<p class=\"\" data-start=\"1305\" data-end=\"1320\">V\u00fd\u0161ka: 32 cm<\/p>\n<\/li>\n<li class=\"\" data-start=\"1321\" data-end=\"1337\">\n<p class=\"\" data-start=\"1323\" data-end=\"1337\">\u0160\u00ed\u0159ka: 17 cm<\/p>\n<\/li>\n<li class=\"\" data-start=\"1338\" data-end=\"1353\">\n<p class=\"\" data-start=\"1340\" data-end=\"1353\">Hloubka: 8 cm<\/p>\n<\/li>\n<li class=\"\" data-start=\"1354\" data-end=\"1384\">\n<p class=\"\" data-start=\"1356\" data-end=\"1384\">Kapacita: P\u0159ibli\u017en\u011b 5-7 litr\u016f<\/p>\n<\/li>\n<\/ul>\n<p class=\"\" data-start=\"1386\" data-end=\"1594\">\u2705 <strong data-start=\"1388\" data-end=\"1395\">Fit<\/strong>: Ergonomick\u00e9, lehk\u00e9, no\u0161en\u00ed na prav\u00e9m nebo lev\u00e9m rameni<br data-start=\"1448\" data-end=\"1451\" \/>\u2705 <strong data-start=\"1453\" data-end=\"1460\">Pou\u017eijte<\/strong>: Cestov\u00e1n\u00ed, ka\u017edodenn\u00ed doj\u00ed\u017ed\u011bn\u00ed do m\u011bsta, nakupov\u00e1n\u00ed, prohl\u00eddka m\u011bsta, ud\u00e1losti<br data-start=\"1523\" data-end=\"1526\" \/>\u2705 <strong data-start=\"1528\" data-end=\"1535\">MOQ<\/strong>: Flexibiln\u00ed n\u00edzk\u00e1 minima pro velkoobchodn\u00ed a zak\u00e1zkov\u00e9 objedn\u00e1vky<\/p>\n<hr class=\"\" data-start=\"1596\" data-end=\"1599\" \/>\n<h3 class=\"\" data-start=\"1601\" data-end=\"1630\"><strong data-start=\"1605\" data-end=\"1629\">Podrobn\u00fd popis<\/strong>:<\/h3>\n<p class=\"\" data-start=\"1632\" data-end=\"1898\">Elegantn\u00ed, v\u00fdkonn\u00fd a praktick\u00fd <strong data-start=\"1669\" data-end=\"1696\">Ko\u017een\u00e1 ta\u0161ka Ryinz<\/strong> je ur\u010dena pro modern\u00ed m\u011bstsk\u00e9 cestovatele.<br data-start=\"1735\" data-end=\"1738\" \/>Vyrobeno z <strong data-start=\"1751\" data-end=\"1785\">vysoce kvalitn\u00ed syntetick\u00e1 k\u016f\u017ee<\/strong>, tato ta\u0161ka kombinuje klasick\u00fd styl s modern\u00ed funk\u010dnost\u00ed a nab\u00edz\u00ed lehkou p\u0159enosnost a vod\u011bodolnost.<\/p>\n<p class=\"\" data-start=\"1900\" data-end=\"2186\">Na str\u00e1nk\u00e1ch <strong data-start=\"1904\" data-end=\"1938\">svisl\u00e1 p\u0159edn\u00ed kapsa na zip<\/strong> zaji\u0161\u0165uje rychl\u00fd p\u0159\u00edstup k nezbytn\u00fdm v\u011bcem, jako jsou chytr\u00e9 telefony, pen\u011b\u017eenky nebo kl\u00ed\u010de. <strong data-start=\"2020\" data-end=\"2040\">hlavn\u00ed p\u0159ihr\u00e1dka<\/strong> bezpe\u010dn\u011b p\u0159en\u00e1\u0161\u00ed tablety, notebooky, slune\u010dn\u00ed br\u00fdle, nab\u00edje\u010dky a dal\u0161\u00ed cennosti.<br data-start=\"2118\" data-end=\"2121\" \/>Vnit\u0159n\u00ed skryt\u00e1 kapsa uchov\u00e1v\u00e1 karty, pasy nebo hotovost v bezpe\u010d\u00ed.<\/p>\n<p class=\"\" data-start=\"2188\" data-end=\"2350\">Na str\u00e1nk\u00e1ch <strong data-start=\"2192\" data-end=\"2226\">nastaviteln\u00fd \u0161irok\u00fd ramenn\u00ed popruh<\/strong> zaji\u0161\u0165uje ergonomick\u00e9 no\u0161en\u00ed a <strong data-start=\"2259\" data-end=\"2277\">odoln\u00e1 spona<\/strong> poskytuje v\u011bt\u0161\u00ed stabilitu p\u0159i cestov\u00e1n\u00ed, proch\u00e1zk\u00e1ch po m\u011bst\u011b, nakupov\u00e1n\u00ed nebo akc\u00edch.<\/p>\n<p class=\"\" data-start=\"2352\" data-end=\"2574\">Ide\u00e1ln\u00ed pro <strong data-start=\"2362\" data-end=\"2388\">projekty soukrom\u00fdch zna\u010dek<\/strong>, <strong data-start=\"2390\" data-end=\"2409\">firemn\u00ed d\u00e1rky<\/strong>, <strong data-start=\"2411\" data-end=\"2432\">maloobchodn\u00ed prodejci m\u00f3dy<\/strong>, a <strong data-start=\"2438\" data-end=\"2460\">propaga\u010dn\u00ed akce<\/strong>, ko\u017een\u00e9 crossbody ta\u0161ky Ryinz jsou k dispozici s <strong data-start=\"2510\" data-end=\"2534\">vlastn\u00ed logo zna\u010dky<\/strong> aby dokonale odpov\u00eddala identit\u011b va\u0161\u00ed zna\u010dky.<\/p>\n<hr class=\"\" data-start=\"2576\" data-end=\"2579\" \/>\n<h3 class=\"\" data-start=\"2581\" data-end=\"2634\"><strong data-start=\"2585\" data-end=\"2633\">Kl\u00ed\u010dov\u00e9 funkce pro velkoobchodn\u00ed a maloobchodn\u00ed odb\u011bratele<\/strong>:<\/h3>\n<p class=\"\" data-start=\"2636\" data-end=\"3153\">???? <strong data-start=\"2639\" data-end=\"2673\">M\u011bstsk\u00fd design inspirovan\u00fd Evropou<\/strong>: Elegantn\u00ed, m\u00f3dn\u00ed a vysoce funk\u010dn\u00ed.<br data-start=\"2717\" data-end=\"2720\" \/>???? <strong data-start=\"2723\" data-end=\"2754\">Ceny p\u0159\u00edmo od v\u00fdrobce<\/strong>: Konkuren\u010dn\u00ed ceny a \u0161pi\u010dkov\u00e1 kvalita.<br data-start=\"2796\" data-end=\"2799\" \/>???? <strong data-start=\"2802\" data-end=\"2823\">P\u0159ipraven\u00e9 vlastn\u00ed logo<\/strong>: Mo\u017enosti zna\u010den\u00ed pomoc\u00ed v\u00fd\u0161ivky, vlastn\u00ed n\u00e1\u0161ivky, kovov\u00e9ho \u0161t\u00edtku.<br data-start=\"2884\" data-end=\"2887\" \/>???? <strong data-start=\"2890\" data-end=\"2917\">V\u00edce\u00fa\u010delov\u00fd trh<\/strong>: M\u00f3dn\u00ed zna\u010dky, cestovn\u00ed vybaven\u00ed, e-commerce, firemn\u00ed d\u00e1rky, zbo\u017e\u00ed na akce.<br data-start=\"2995\" data-end=\"2998\" \/>???? <strong data-start=\"3001\" data-end=\"3040\">Rychl\u00e1 v\u00fdroba a glob\u00e1ln\u00ed p\u0159eprava<\/strong>: Efektivn\u00ed slu\u017eby pro Evropu, USA a Asii.<br data-start=\"3088\" data-end=\"3091\" \/>???? <strong data-start=\"3094\" data-end=\"3121\">Odoln\u00e9 a p\u0159esto lehk\u00e9<\/strong>: Vytvo\u0159eno pro modern\u00ed ka\u017edodenn\u00ed pou\u017eit\u00ed.<\/p>\n<hr class=\"\" data-start=\"3155\" data-end=\"3158\" \/>\n<h3 class=\"\" data-start=\"3160\" data-end=\"3186\"><strong data-start=\"3164\" data-end=\"3185\">N\u00e1pady na aplikace<\/strong>:<\/h3>\n<p class=\"\" data-start=\"3188\" data-end=\"3478\">- M\u011bstsk\u00e9 m\u00f3dn\u00ed butiky<br data-start=\"3213\" data-end=\"3216\" \/>- Maloobchod s cestovn\u00edm vybaven\u00edm a p\u0159\u00edslu\u0161enstv\u00edm<br data-start=\"3252\" data-end=\"3255\" \/>- Zna\u010dky \u017eivotn\u00edho stylu a prodejci e-shop\u016f<br data-start=\"3296\" data-end=\"3299\" \/>- Agentury pro firemn\u00ed a propaga\u010dn\u00ed d\u00e1rky<br data-start=\"3340\" data-end=\"3343\" \/>- P\u00e1nsk\u00e9 a d\u00e1msk\u00e9 m\u00f3dn\u00ed linie<br data-start=\"3376\" data-end=\"3379\" \/>- Zbo\u017e\u00ed pro venkovn\u00ed a festivalov\u00e9 akce<br data-start=\"3419\" data-end=\"3422\" \/>- Priv\u00e1tn\u00ed zna\u010dky zam\u011b\u0159en\u00e9 na m\u011bstsk\u00fd a pouli\u010dn\u00ed styl<\/p>\n<hr class=\"\" data-start=\"3480\" data-end=\"3483\" \/>\n<h3 class=\"\" data-start=\"3485\" data-end=\"3522\"><strong data-start=\"3489\" data-end=\"3521\">Perfektn\u00ed velikost a p\u0159izp\u016fsoben\u00ed Podrobnosti<\/strong>:<\/h3>\n<div class=\"group pointer-events-none relative flex justify-center *:pointer-events-auto\"><button class=\"hover:bg-token-main-surface-secondary text-token-text-secondary pointer-events-auto rounded-lg px-1 py-1 opacity-0 transition-opacity duration-200 group-focus-within:opacity-100 group-hover:opacity-100\"><\/button><\/p>\n<div class=\"tableContainer horzScrollShadows relative\">\n<table class=\"min-w-full\" data-start=\"3524\" data-end=\"3701\">\n<thead data-start=\"3524\" data-end=\"3592\">\n<tr data-start=\"3524\" data-end=\"3592\">\n<th data-start=\"3524\" data-end=\"3531\">Velikost<\/th>\n<th data-start=\"3531\" data-end=\"3545\">V\u00fd\u0161ka (cm)<\/th>\n<th data-start=\"3545\" data-end=\"3558\">\u0160\u00ed\u0159ka (cm)<\/th>\n<th data-start=\"3558\" data-end=\"3571\">Hloubka (cm)<\/th>\n<th data-start=\"3571\" data-end=\"3592\">Kapacita (litry)<\/th>\n<\/tr>\n<\/thead>\n<tbody data-start=\"3662\" data-end=\"3701\">\n<tr data-start=\"3662\" data-end=\"3701\">\n<td class=\"max-w-[calc(var(--thread-content-max-width)*2\/3)]\" data-start=\"3662\" data-end=\"3673\">Jedna velikost<\/td>\n<td class=\"max-w-[calc(var(--thread-content-max-width)*2\/3)]\" data-start=\"3673\" data-end=\"3678\">32<\/td>\n<td class=\"max-w-[calc(var(--thread-content-max-width)*2\/3)]\" data-start=\"3678\" data-end=\"3683\">17<\/td>\n<td class=\"max-w-[calc(var(--thread-content-max-width)*2\/3)]\" data-start=\"3683\" data-end=\"3687\">8<\/td>\n<td class=\"max-w-[calc(var(--thread-content-max-width)*2\/3)]\" data-start=\"3687\" data-end=\"3701\">5-7 litr\u016f<\/td>\n<\/tr>\n<\/tbody>\n<\/table>\n<\/div>\n<\/div>","protected":false},"excerpt":{"rendered":"<div class=\"flex-shrink-0 flex flex-col relative items-end\">\n<div class=\"pt-0\">\n<div class=\"gizmo-bot-avatar flex h-8 w-8 items-center justify-center overflow-hidden rounded-full\">\n<div class=\"relative p-1 rounded-sm flex items-center justify-center bg-token-main-surface-primary text-token-text-primary h-8 w-8\">\n<h3 class=\"\" data-start=\"2581\" data-end=\"2634\"><strong data-start=\"2585\" data-end=\"2633\">Kl\u00ed\u010dov\u00e9 funkce pro velkoobchodn\u00ed a maloobchodn\u00ed odb\u011bratele<\/strong>:<\/h3>\n<p class=\"\" data-start=\"2636\" data-end=\"3153\">???? <strong data-start=\"2639\" data-end=\"2673\">M\u011bstsk\u00fd design inspirovan\u00fd Evropou<\/strong>: Elegantn\u00ed, m\u00f3dn\u00ed a vysoce funk\u010dn\u00ed.<br data-start=\"2717\" data-end=\"2720\" \/>???? <strong data-start=\"2723\" data-end=\"2754\">Ceny p\u0159\u00edmo od v\u00fdrobce<\/strong>: Konkuren\u010dn\u00ed ceny a \u0161pi\u010dkov\u00e1 kvalita.<br data-start=\"2796\" data-end=\"2799\" \/>???? <strong data-start=\"2802\" data-end=\"2823\">P\u0159ipraven\u00e9 vlastn\u00ed logo<\/strong>: Mo\u017enosti zna\u010den\u00ed pomoc\u00ed v\u00fd\u0161ivky, vlastn\u00ed n\u00e1\u0161ivky, kovov\u00e9ho \u0161t\u00edtku.<br data-start=\"2884\" data-end=\"2887\" \/>???? <strong data-start=\"2890\" data-end=\"2917\">V\u00edce\u00fa\u010delov\u00fd trh<\/strong>: M\u00f3dn\u00ed zna\u010dky, cestovn\u00ed vybaven\u00ed, e-commerce, firemn\u00ed d\u00e1rky, zbo\u017e\u00ed na akce.<br data-start=\"2995\" data-end=\"2998\" \/>???? <strong data-start=\"3001\" data-end=\"3040\">Rychl\u00e1 v\u00fdroba a glob\u00e1ln\u00ed p\u0159eprava<\/strong>: Efektivn\u00ed slu\u017eby pro Evropu, USA a Asii.<br data-start=\"3088\" data-end=\"3091\" \/>???? <strong data-start=\"3094\" data-end=\"3121\">Odoln\u00e9 a p\u0159esto lehk\u00e9<\/strong>: Vytvo\u0159eno pro modern\u00ed ka\u017edodenn\u00ed pou\u017eit\u00ed.<\/p>\n<\/div>\n<\/div>\n<\/div>\n<\/div>","protected":false},"featured_media":9142,"comment_status":"closed","ping_status":"closed","template":"","meta":[],"product_brand":[35],"product_cat":[233],"product_tag":[289,290,291,292,293,294,295,296,288],"class_list":{"0":"post-9054","1":"product","2":"type-product","3":"status-publish","4":"has-post-thumbnail","6":"product_brand-ryinz","7":"product_cat-bags","8":"product_tag-cowhide-leather-bag","9":"product_tag-custom-logo-leather-bag","10":"product_tag-gillani-leather-pack","11":"product_tag-leather-sling-bag","12":"product_tag-luxury-leather-bag","13":"product_tag-premium-leather-bag","14":"product_tag-real-leather-sling-pack","15":"product_tag-stylish-leather-shoulder-bag","16":"product_tag-urban-sling-bag","18":"first","19":"instock","20":"taxable","21":"shipping-taxable","22":"purchasable","23":"product-type-simple"},"_links":{"self":[{"href":"https:\/\/ryinz.cz\/velkoobchod\/cs\/wp-json\/wp\/v2\/product\/9054","targetHints":{"allow":["GET"]}}],"collection":[{"href":"https:\/\/ryinz.cz\/velkoobchod\/cs\/wp-json\/wp\/v2\/product"}],"about":[{"href":"https:\/\/ryinz.cz\/velkoobchod\/cs\/wp-json\/wp\/v2\/types\/product"}],"replies":[{"embeddable":true,"href":"https:\/\/ryinz.cz\/velkoobchod\/cs\/wp-json\/wp\/v2\/comments?post=9054"}],"wp:featuredmedia":[{"embeddable":true,"href":"https:\/\/ryinz.cz\/velkoobchod\/cs\/wp-json\/wp\/v2\/media\/9142"}],"wp:attachment":[{"href":"https:\/\/ryinz.cz\/velkoobchod\/cs\/wp-json\/wp\/v2\/media?parent=9054"}],"wp:term":[{"taxonomy":"product_brand","embeddable":true,"href":"https:\/\/ryinz.cz\/velkoobchod\/cs\/wp-json\/wp\/v2\/product_brand?post=9054"},{"taxonomy":"product_cat","embeddable":true,"href":"https:\/\/ryinz.cz\/velkoobchod\/cs\/wp-json\/wp\/v2\/product_cat?post=9054"},{"taxonomy":"product_tag","embeddable":true,"href":"https:\/\/ryinz.cz\/velkoobchod\/cs\/wp-json\/wp\/v2\/product_tag?post=9054"}],"curies":[{"name":"wp","href":"https:\/\/api.w.org\/{rel}","templated":true}]}}