{"id":9048,"date":"2025-06-22T15:27:02","date_gmt":"2025-06-22T15:27:02","guid":{"rendered":"https:\/\/ryinz.cz\/velkoobchod\/?post_type=product&#038;p=9048"},"modified":"2026-01-18T20:17:28","modified_gmt":"2026-01-18T20:17:28","slug":"cestovni-taska-velkoobchod-ryinz-telocvicna-cestovni-a-sportovni-taska-eu-vzory-vyrobce-soukrome-znacky-dodavatele","status":"publish","type":"product","link":"https:\/\/ryinz.cz\/velkoobchod\/cs\/product\/travel-duffel-bag-wholesale-ryinz-gym-travel-and-sports-bag-eu-designs-manufacturer-private-label-supplier\/","title":{"rendered":"Cestovn\u00ed ta\u0161ka Duffel Bag Wholesale | Ryinz | T\u011blocvi\u010dna, cestovn\u00ed a sportovn\u00ed ta\u0161ky | EU Designs | V\u00fdrobce a dodavatel priv\u00e1tn\u00edch zna\u010dek"},"content":{"rendered":"<div class=\"flex-shrink-0 flex flex-col relative items-end\">\n<div class=\"pt-0\">\n<div class=\"gizmo-bot-avatar flex h-8 w-8 items-center justify-center overflow-hidden rounded-full\">\n<div class=\"relative p-1 rounded-sm flex items-center justify-center bg-token-main-surface-primary text-token-text-primary h-8 w-8\">\n<p class=\"\" data-start=\"218\" data-end=\"340\"><strong data-start=\"218\" data-end=\"340\">Cestovn\u00ed ta\u0161ka Duffel Bag Wholesale | Ryinz | T\u011blocvi\u010dna, cestovn\u00ed a sportovn\u00ed ta\u0161ky | EU Designs | V\u00fdrobce a soukrom\u00fd dodavatel zna\u010dek<\/strong><\/p>\n<p class=\"\" data-start=\"342\" data-end=\"647\">Na adrese <strong data-start=\"345\" data-end=\"354\">Ryinz<\/strong>, nap\u00e1j\u00edme zna\u010dky s <strong data-start=\"377\" data-end=\"422\">celosv\u011btov\u011b atraktivn\u00ed produkty s vysokou popt\u00e1vkou<\/strong>.<br data-start=\"423\" data-end=\"426\" \/>Jsme <strong data-start=\"437\" data-end=\"484\">neviditeln\u00fd motor mezin\u00e1rodn\u00edho obchodu<\/strong>, kter\u00e1 spojuje v\u00fdrobce, zna\u010dky a kupuj\u00edc\u00ed v Evrop\u011b, USA a Asii.<br data-start=\"564\" data-end=\"567\" \/>Na\u0161e posl\u00e1n\u00ed: <strong data-start=\"580\" data-end=\"620\">Otev\u00edr\u00e1me dve\u0159e, abyste mohli uzav\u00edrat prodeje<\/strong> - chyt\u0159ej\u0161\u00ed, rychlej\u0161\u00ed, lep\u0161\u00ed.<\/p>\n<p class=\"\" data-start=\"649\" data-end=\"782\">P\u0159edstaven\u00ed <strong data-start=\"665\" data-end=\"692\">Cestovn\u00ed ta\u0161ka Ryinz<\/strong> - v\u0161estrann\u00e9, stylov\u00e9 a odoln\u00e9 \u0159e\u0161en\u00ed pro cestov\u00e1n\u00ed, t\u011blocvi\u010dnu, sport i ka\u017edodenn\u00ed no\u0161en\u00ed.<\/p>\n<hr class=\"\" data-start=\"784\" data-end=\"787\" \/>\n<h3 class=\"\" data-start=\"789\" data-end=\"816\"><strong data-start=\"793\" data-end=\"815\">Nejd\u016fle\u017eit\u011bj\u0161\u00ed informace o produktu<\/strong>:<\/h3>\n<p class=\"\" data-start=\"818\" data-end=\"1330\">\u2705 <strong data-start=\"820\" data-end=\"836\">N\u00e1zev produktu<\/strong>: V\u00edce\u00fa\u010delov\u00e1 cestovn\u00ed ta\u0161ka Ryinz<br data-start=\"874\" data-end=\"877\" \/>\u2705 <strong data-start=\"879\" data-end=\"891\">Materi\u00e1l<\/strong>: Heavy-Duty Polyester (vod\u011bodoln\u00fd povlak)<br data-start=\"939\" data-end=\"942\" \/>\u2705 <strong data-start=\"944\" data-end=\"953\">Barva<\/strong>: Klasick\u00e1 hn\u011bd\u00e1 s \u010dern\u00fdmi akcenty (k dispozici jsou vlastn\u00ed barvy)<br data-start=\"1017\" data-end=\"1020\" \/>\u2705 <strong data-start=\"1022\" data-end=\"1038\">Mo\u017enosti loga<\/strong>: Pr\u00e1zdn\u00fd, vlastn\u00ed s\u00edtotisk, v\u00fd\u0161ivka, gumov\u00e1 n\u00e1\u0161ivka<br data-start=\"1092\" data-end=\"1095\" \/>\u2705 <strong data-start=\"1097\" data-end=\"1116\">Vlastnosti designu<\/strong>:<br data-start=\"1117\" data-end=\"1120\" \/>- Prostorn\u00fd hlavn\u00ed prostor<br data-start=\"1147\" data-end=\"1150\" \/>- P\u0159edn\u00ed kapsa na zip pro rychl\u00e9 ulo\u017een\u00ed nezbytn\u00fdch v\u011bc\u00ed<br data-start=\"1192\" data-end=\"1195\" \/>- Bo\u010dn\u00ed kapsa na zip (ide\u00e1ln\u00ed na boty nebo mokr\u00e9 vybaven\u00ed)<br data-start=\"1245\" data-end=\"1248\" \/>- Odn\u00edmateln\u00fd, nastaviteln\u00fd ramenn\u00ed popruh<br data-start=\"1286\" data-end=\"1289\" \/>- Polstrovan\u00e9 dvojit\u00e9 rukojeti pro pohodln\u00e9 p\u0159en\u00e1\u0161en\u00ed<\/p>\n<p class=\"\" data-start=\"1332\" data-end=\"1345\">\u2705 <strong data-start=\"1334\" data-end=\"1342\">Velikost<\/strong>:<\/p>\n<ul data-start=\"1346\" data-end=\"1428\">\n<li class=\"\" data-start=\"1346\" data-end=\"1363\">\n<p class=\"\" data-start=\"1348\" data-end=\"1363\">D\u00e9lka: 52 cm<\/p>\n<\/li>\n<li class=\"\" data-start=\"1364\" data-end=\"1380\">\n<p class=\"\" data-start=\"1366\" data-end=\"1380\">\u0160\u00ed\u0159ka: 28 cm<\/p>\n<\/li>\n<li class=\"\" data-start=\"1381\" data-end=\"1398\">\n<p class=\"\" data-start=\"1383\" data-end=\"1398\">V\u00fd\u0161ka: 28 cm<\/p>\n<\/li>\n<li class=\"\" data-start=\"1399\" data-end=\"1428\">\n<p class=\"\" data-start=\"1401\" data-end=\"1428\">Kapacita: P\u0159ibli\u017en\u011b 40 litr\u016f<\/p>\n<\/li>\n<\/ul>\n<p class=\"\" data-start=\"1430\" data-end=\"1638\">\u2705 <strong data-start=\"1432\" data-end=\"1439\">Fit<\/strong>: Lehk\u00fd, ergonomick\u00fd, schv\u00e1len\u00fd pro p\u0159epravu v p\u0159\u00edru\u010dn\u00edm zavazadle<br data-start=\"1487\" data-end=\"1490\" \/>\u2705 <strong data-start=\"1492\" data-end=\"1499\">Pou\u017eijte<\/strong>: T\u011blocvi\u010dna, cestov\u00e1n\u00ed, sport, tr\u00e9nink, v\u00edkendov\u00e9 v\u00fdlety, akce<br data-start=\"1553\" data-end=\"1556\" \/>\u2705 <strong data-start=\"1558\" data-end=\"1565\">MOQ<\/strong>: Flexibiln\u00ed n\u00edzk\u00e1 minima pro velkoobchod, maloobchod a priv\u00e1tn\u00ed zna\u010dku<\/p>\n<hr class=\"\" data-start=\"1640\" data-end=\"1643\" \/>\n<h3 class=\"\" data-start=\"1645\" data-end=\"1674\"><strong data-start=\"1649\" data-end=\"1673\">Podrobn\u00fd popis<\/strong>:<\/h3>\n<p class=\"\" data-start=\"1676\" data-end=\"1839\">Na str\u00e1nk\u00e1ch <strong data-start=\"1680\" data-end=\"1707\">Cestovn\u00ed ta\u0161ka Ryinz<\/strong> je stvo\u0159ena pro pohyb - a\u0165 u\u017e m\u00ed\u0159\u00edte do posilovny, cestujete na v\u00edkendov\u00fd v\u00fdlet nebo si nesete vybaven\u00ed na sportovn\u00ed tr\u00e9nink.<\/p>\n<p class=\"\" data-start=\"1841\" data-end=\"2284\">Vyrobeno z <strong data-start=\"1854\" data-end=\"1894\">vod\u011bodoln\u00fd odoln\u00fd polyester<\/strong>, tato ta\u0161ka p\u0159in\u00e1\u0161\u00ed <strong data-start=\"1917\" data-end=\"1968\">pevnost, n\u00edzk\u00e1 hmotnost a spolehliv\u00e1 ochrana<\/strong> proti pov\u011btrnostn\u00edm vliv\u016fm a opot\u0159eben\u00ed.<br data-start=\"1994\" data-end=\"1997\" \/>Na str\u00e1nk\u00e1ch <strong data-start=\"2001\" data-end=\"2027\">velk\u00e1 hlavn\u00ed p\u0159ihr\u00e1dka<\/strong> nab\u00edz\u00ed dostatek prostoru pro oble\u010den\u00ed do posilovny, boty, technick\u00e9 p\u0159\u00edslu\u0161enstv\u00ed, ru\u010dn\u00edky a v\u011bci denn\u00ed pot\u0159eby.<br data-start=\"2119\" data-end=\"2122\" \/>A <strong data-start=\"2124\" data-end=\"2149\">bo\u010dn\u00ed p\u0159ihr\u00e1dka na obuv<\/strong> odd\u011bl\u00ed \u010dist\u00e9 oble\u010den\u00ed od \u0161pinav\u00e9ho nebo mokr\u00e9ho, zat\u00edmco <strong data-start=\"2206\" data-end=\"2229\">p\u0159edn\u00ed kapsa na zip<\/strong> umo\u017e\u0148uje rychl\u00fd p\u0159\u00edstup ke kl\u00ed\u010d\u016fm, pen\u011b\u017eenk\u00e1m nebo pas\u016fm.<\/p>\n<p class=\"\" data-start=\"2286\" data-end=\"2455\">Na str\u00e1nk\u00e1ch <strong data-start=\"2290\" data-end=\"2326\">nastaviteln\u00fd polstrovan\u00fd ramenn\u00ed popruh<\/strong> a <strong data-start=\"2331\" data-end=\"2360\">pohodln\u00e1 dr\u017eadla pro p\u0159en\u00e1\u0161en\u00ed<\/strong> nab\u00edz\u00ed snadn\u00e9 p\u0159en\u00e1\u0161en\u00ed, a\u0165 u\u017e doj\u00ed\u017ed\u00edte do pr\u00e1ce, tr\u00e9nujete nebo cestujete do zahrani\u010d\u00ed.<\/p>\n<p class=\"\" data-start=\"2457\" data-end=\"2643\">P\u0159izp\u016fsobiteln\u00e9 pomoc\u00ed <strong data-start=\"2475\" data-end=\"2494\">logo va\u0161\u00ed zna\u010dky<\/strong>, cestovn\u00ed ta\u0161ka Ryinz je ide\u00e1ln\u00ed pro \u0159et\u011bzce t\u011blocvi\u010den, cestovn\u00ed zna\u010dky, propaga\u010dn\u00ed akce, firemn\u00ed d\u00e1rky, sportovn\u00ed kluby a internetov\u00e9 obchody s m\u00f3dou.<\/p>\n<hr class=\"\" data-start=\"2645\" data-end=\"2648\" \/>\n<h3 class=\"\" data-start=\"2650\" data-end=\"2703\"><strong data-start=\"2654\" data-end=\"2702\">Kl\u00ed\u010dov\u00e9 funkce pro velkoobchodn\u00ed a maloobchodn\u00ed odb\u011bratele<\/strong>:<\/h3>\n<p class=\"\" data-start=\"2705\" data-end=\"3215\">???? <strong data-start=\"2708\" data-end=\"2734\">Atraktivita evropsk\u00e9ho designu<\/strong>: Stylov\u00e9, praktick\u00e9 a prvot\u0159\u00eddn\u00ed kvality.<br data-start=\"2776\" data-end=\"2779\" \/>???? <strong data-start=\"2782\" data-end=\"2813\">P\u0159\u00edm\u00e9 ceny v\u00fdrobce<\/strong>: Maximalizujte sv\u00e9 zisky a hodnotu produktu.<br data-start=\"2855\" data-end=\"2858\" \/>???? <strong data-start=\"2861\" data-end=\"2888\">Mo\u017enosti vlastn\u00edho zna\u010den\u00ed<\/strong>: Vytvo\u0159te si sv\u016fj vlastn\u00ed pomoc\u00ed v\u00fd\u0161ivky, gumov\u00fdch n\u00e1\u0161ivek nebo s\u00edtotisku.<br data-start=\"2956\" data-end=\"2959\" \/>???? <strong data-start=\"2962\" data-end=\"2982\">Vhodnost pro v\u00edce trh\u016f<\/strong>: Fitness, cestov\u00e1n\u00ed, sport, maloobchod s m\u00f3dou, firemn\u00ed d\u00e1rky.<br data-start=\"3043\" data-end=\"3046\" \/>???? <strong data-start=\"3049\" data-end=\"3087\">Rychl\u00e1 v\u00fdroba a rychl\u00e9 dod\u00e1n\u00ed<\/strong>: Hromadn\u00e9 objedn\u00e1vky jsou spolehliv\u011b zas\u00edl\u00e1ny po cel\u00e9m sv\u011bt\u011b.<br data-start=\"3128\" data-end=\"3131\" \/>???? <strong data-start=\"3134\" data-end=\"3156\">Zam\u011b\u0159en\u00ed na trvanlivost<\/strong>: Siln\u00e9 zipy, pevn\u00e9 \u0161vy, vyztu\u017een\u00e9 rukojeti.<\/p>\n<hr class=\"\" data-start=\"3217\" data-end=\"3220\" \/>\n<h3 class=\"\" data-start=\"3222\" data-end=\"3248\"><strong data-start=\"3226\" data-end=\"3247\">N\u00e1pady na aplikace<\/strong>:<\/h3>\n<p class=\"\" data-start=\"3250\" data-end=\"3521\">- \u0158et\u011bzce posiloven a fitness klub\u016f<br data-start=\"3280\" data-end=\"3283\" \/>- Prodejci cestovn\u00edho vybaven\u00ed a zavazadel<br data-start=\"3318\" data-end=\"3321\" \/>- Sportovn\u00ed kluby a tr\u00e9ninkov\u00e1 centra<br data-start=\"3356\" data-end=\"3359\" \/>- Zbo\u017e\u00ed a propaga\u010dn\u00ed akce<br data-start=\"3393\" data-end=\"3396\" \/>- M\u00f3dn\u00ed zna\u010dky a prodejci e-shop\u016f<br data-start=\"3437\" data-end=\"3440\" \/>- Zna\u010dky outdoorov\u00fdch dobrodru\u017estv\u00ed<br data-start=\"3466\" data-end=\"3469\" \/>- Startupy s priv\u00e1tn\u00ed zna\u010dkou zam\u011b\u0159en\u00e9 na cestov\u00e1n\u00ed nebo sport<\/p>\n<hr class=\"\" data-start=\"3523\" data-end=\"3526\" \/>\n<h3 class=\"\" data-start=\"3528\" data-end=\"3565\"><strong data-start=\"3532\" data-end=\"3564\">Perfektn\u00ed velikost a p\u0159izp\u016fsoben\u00ed Podrobnosti<\/strong>:<\/h3>\n<div class=\"group pointer-events-none relative flex justify-center *:pointer-events-auto\"><button class=\"hover:bg-token-main-surface-secondary text-token-text-secondary pointer-events-auto rounded-lg px-1 py-1 opacity-0 transition-opacity duration-200 group-focus-within:opacity-100 group-hover:opacity-100\"><\/button><\/p>\n<div class=\"tableContainer horzScrollShadows relative\">\n<table class=\"min-w-full\" data-start=\"3567\" data-end=\"3746\">\n<thead data-start=\"3567\" data-end=\"3636\">\n<tr data-start=\"3567\" data-end=\"3636\">\n<th data-start=\"3567\" data-end=\"3574\">Velikost<\/th>\n<th data-start=\"3574\" data-end=\"3588\">D\u00e9lka (cm)<\/th>\n<th data-start=\"3588\" data-end=\"3601\">\u0160\u00ed\u0159ka (cm)<\/th>\n<th data-start=\"3601\" data-end=\"3615\">V\u00fd\u0161ka (cm)<\/th>\n<th data-start=\"3615\" data-end=\"3636\">Kapacita (litry)<\/th>\n<\/tr>\n<\/thead>\n<tbody data-start=\"3707\" data-end=\"3746\">\n<tr data-start=\"3707\" data-end=\"3746\">\n<td class=\"max-w-[calc(var(--thread-content-max-width)*2\/3)]\" data-start=\"3707\" data-end=\"3718\">Jedna velikost<\/td>\n<td class=\"max-w-[calc(var(--thread-content-max-width)*2\/3)]\" data-start=\"3718\" data-end=\"3723\">52<\/td>\n<td class=\"max-w-[calc(var(--thread-content-max-width)*2\/3)]\" data-start=\"3723\" data-end=\"3728\">28<\/td>\n<td class=\"max-w-[calc(var(--thread-content-max-width)*2\/3)]\" data-start=\"3728\" data-end=\"3733\">28<\/td>\n<td class=\"max-w-[calc(var(--thread-content-max-width)*2\/3)]\" data-start=\"3733\" data-end=\"3746\">40 litr\u016f<\/td>\n<\/tr>\n<\/tbody>\n<\/table>\n<\/div>\n<\/div>\n<p class=\"\" data-start=\"3748\" data-end=\"3837\">(Velikost p\u0159\u00edru\u010dn\u00edho zavazadla je schv\u00e1lena pro leteck\u00e9 spole\u010dnosti, snadno se do n\u011bj vejde cel\u00e1 sportovn\u00ed souprava nebo vybaven\u00ed na v\u00edkendov\u00e9 cesty.)<\/p>\n<\/div>\n<\/div>\n<\/div>\n<\/div>","protected":false},"excerpt":{"rendered":"<div class=\"flex-shrink-0 flex flex-col relative items-end\">\n<div class=\"pt-0\">\n<div class=\"gizmo-bot-avatar flex h-8 w-8 items-center justify-center overflow-hidden rounded-full\">\n<div class=\"relative p-1 rounded-sm flex items-center justify-center bg-token-main-surface-primary text-token-text-primary h-8 w-8\">\n<h3 class=\"\" data-start=\"2650\" data-end=\"2703\"><strong data-start=\"2654\" data-end=\"2702\">Kl\u00ed\u010dov\u00e9 funkce pro velkoobchodn\u00ed a maloobchodn\u00ed odb\u011bratele<\/strong>:<\/h3>\n<p class=\"\" data-start=\"2705\" data-end=\"3215\">???? <strong data-start=\"2708\" data-end=\"2734\">Atraktivita evropsk\u00e9ho designu<\/strong>: Stylov\u00e9, praktick\u00e9 a prvot\u0159\u00eddn\u00ed kvality.<br data-start=\"2776\" data-end=\"2779\" \/>???? <strong data-start=\"2782\" data-end=\"2813\">P\u0159\u00edm\u00e9 ceny v\u00fdrobce<\/strong>: Maximalizujte sv\u00e9 zisky a hodnotu produktu.<br data-start=\"2855\" data-end=\"2858\" \/>???? <strong data-start=\"2861\" data-end=\"2888\">Mo\u017enosti vlastn\u00edho zna\u010den\u00ed<\/strong>: Vytvo\u0159te si sv\u016fj vlastn\u00ed pomoc\u00ed v\u00fd\u0161ivky, gumov\u00fdch n\u00e1\u0161ivek nebo s\u00edtotisku.<br data-start=\"2956\" data-end=\"2959\" \/>???? <strong data-start=\"2962\" data-end=\"2982\">Vhodnost pro v\u00edce trh\u016f<\/strong>: Fitness, cestov\u00e1n\u00ed, sport, maloobchod s m\u00f3dou, firemn\u00ed d\u00e1rky.<br data-start=\"3043\" data-end=\"3046\" \/>???? <strong data-start=\"3049\" data-end=\"3087\">Rychl\u00e1 v\u00fdroba a rychl\u00e9 dod\u00e1n\u00ed<\/strong>: Hromadn\u00e9 objedn\u00e1vky jsou spolehliv\u011b zas\u00edl\u00e1ny po cel\u00e9m sv\u011bt\u011b.<br data-start=\"3128\" data-end=\"3131\" \/>???? <strong data-start=\"3134\" data-end=\"3156\">Zam\u011b\u0159en\u00ed na trvanlivost<\/strong>: Siln\u00e9 zipy, pevn\u00e9 \u0161vy, vyztu\u017een\u00e9 rukojeti.<\/p>\n<\/div>\n<\/div>\n<\/div>\n<\/div>","protected":false},"featured_media":9130,"comment_status":"closed","ping_status":"closed","template":"","meta":[],"product_brand":[35],"product_cat":[233],"product_tag":[256,257,258,259,260,261,262,263,264,265],"class_list":{"0":"post-9048","1":"product","2":"type-product","3":"status-publish","4":"has-post-thumbnail","6":"product_brand-ryinz","7":"product_cat-bags","8":"product_tag-custom-logo-bag","9":"product_tag-duffel-bag","10":"product_tag-durable-travel-bag","11":"product_tag-gillani-bag","12":"product_tag-gym-bag","13":"product_tag-large-storage-bag","14":"product_tag-sports-bag","15":"product_tag-travel-duffel","16":"product_tag-water-resistant-duffel","17":"product_tag-weekend-bag","19":"first","20":"instock","21":"taxable","22":"shipping-taxable","23":"purchasable","24":"product-type-simple"},"_links":{"self":[{"href":"https:\/\/ryinz.cz\/velkoobchod\/cs\/wp-json\/wp\/v2\/product\/9048","targetHints":{"allow":["GET"]}}],"collection":[{"href":"https:\/\/ryinz.cz\/velkoobchod\/cs\/wp-json\/wp\/v2\/product"}],"about":[{"href":"https:\/\/ryinz.cz\/velkoobchod\/cs\/wp-json\/wp\/v2\/types\/product"}],"replies":[{"embeddable":true,"href":"https:\/\/ryinz.cz\/velkoobchod\/cs\/wp-json\/wp\/v2\/comments?post=9048"}],"wp:featuredmedia":[{"embeddable":true,"href":"https:\/\/ryinz.cz\/velkoobchod\/cs\/wp-json\/wp\/v2\/media\/9130"}],"wp:attachment":[{"href":"https:\/\/ryinz.cz\/velkoobchod\/cs\/wp-json\/wp\/v2\/media?parent=9048"}],"wp:term":[{"taxonomy":"product_brand","embeddable":true,"href":"https:\/\/ryinz.cz\/velkoobchod\/cs\/wp-json\/wp\/v2\/product_brand?post=9048"},{"taxonomy":"product_cat","embeddable":true,"href":"https:\/\/ryinz.cz\/velkoobchod\/cs\/wp-json\/wp\/v2\/product_cat?post=9048"},{"taxonomy":"product_tag","embeddable":true,"href":"https:\/\/ryinz.cz\/velkoobchod\/cs\/wp-json\/wp\/v2\/product_tag?post=9048"}],"curies":[{"name":"wp","href":"https:\/\/api.w.org\/{rel}","templated":true}]}}