{"id":9034,"date":"2025-06-22T15:26:33","date_gmt":"2025-06-22T15:26:33","guid":{"rendered":"https:\/\/ryinz.cz\/velkoobchod\/?post_type=product&#038;p=9034"},"modified":"2026-01-18T20:17:25","modified_gmt":"2026-01-18T20:17:25","slug":"lehka-prosivana-vesta","status":"publish","type":"product","link":"https:\/\/ryinz.cz\/velkoobchod\/cs\/product\/lightweight-quilted-vest\/","title":{"rendered":"Lehk\u00e1 pro\u0161\u00edvan\u00e1 vesta"},"content":{"rendered":"<div class=\"flex-shrink-0 flex flex-col relative items-end\">\n<div class=\"pt-0\">\n<div class=\"gizmo-bot-avatar flex h-8 w-8 items-center justify-center overflow-hidden rounded-full\">\n<div class=\"relative p-1 rounded-sm flex items-center justify-center bg-token-main-surface-primary text-token-text-primary h-8 w-8\">\n<p data-start=\"121\" data-end=\"138\"><strong data-start=\"121\" data-end=\"138\">Kl\u00ed\u010dov\u00e9 vlastnosti:<\/strong><\/p>\n<ul data-start=\"140\" data-end=\"483\">\n<li data-start=\"140\" data-end=\"224\">\n<p data-start=\"142\" data-end=\"224\"><strong data-start=\"142\" data-end=\"158\">Vn\u011bj\u0161\u00ed pl\u00e1\u0161\u0165:<\/strong> Lehk\u00e1 tkanina s pro\u0161\u00edvanou konstrukc\u00ed pro optim\u00e1ln\u00ed teplo<\/p>\n<\/li>\n<li data-start=\"225\" data-end=\"291\">\n<p data-start=\"227\" data-end=\"291\"><strong data-start=\"227\" data-end=\"238\">Oblo\u017een\u00ed:<\/strong> Vnit\u0159n\u00ed prostor bez pod\u0161\u00edvky pro \u010dist\u00fd, minimalistick\u00fd profil<\/p>\n<\/li>\n<li data-start=\"292\" data-end=\"372\">\n<p data-start=\"294\" data-end=\"372\"><strong data-start=\"294\" data-end=\"315\">Kapsy na zip:<\/strong> Bezpe\u010dn\u00fd a funk\u010dn\u00ed \u00falo\u017en\u00fd prostor s modern\u00edmi zipy<\/p>\n<\/li>\n<li data-start=\"373\" data-end=\"483\">\n<p data-start=\"375\" data-end=\"483\"><strong data-start=\"375\" data-end=\"386\">Design:<\/strong> Elegantn\u00ed \u010dern\u00e1 vesta s kontrastn\u00edmi detaily na zip s hrd\u00fdm znakem <strong data-start=\"456\" data-end=\"465\">Ryinz<\/strong> logo na hrudi<\/p>\n<\/li>\n<\/ul>\n<hr data-start=\"485\" data-end=\"488\" \/>\n<p data-start=\"490\" data-end=\"514\"><strong data-start=\"490\" data-end=\"514\">Popis produktu: Vhodn\u00fd k pou\u017eit\u00ed v dom\u00e1cnosti:<\/strong><\/p>\n<p data-start=\"516\" data-end=\"1062\">Na str\u00e1nk\u00e1ch <strong data-start=\"520\" data-end=\"554\">Lehk\u00e1 pro\u0161\u00edvan\u00e1 vesta Ryinz<\/strong> je v\u0161estrann\u011b pou\u017eiteln\u00fd z\u00e1kladn\u00ed materi\u00e1l navr\u017een\u00fd pro pohodl\u00ed i v\u00fdkon. Je vyrobena z prody\u0161n\u00e9ho pro\u0161\u00edvan\u00e9ho pl\u00e1\u0161t\u011b a poskytuje \u00fa\u010dinnou izolaci bez zbyte\u010dn\u00e9ho objemu - ide\u00e1ln\u00ed pro vrstven\u00ed b\u011bhem chladn\u00fdch dn\u016f nebo outdoorov\u00fdch aktivit. Jej\u00ed minimalistick\u00fd design umoc\u0148uj\u00ed odv\u00e1\u017en\u00e9 kontrastn\u00ed zipy a signatura <strong data-start=\"860\" data-end=\"878\">Zna\u010dka Ryinz<\/strong>, tak\u017ee se hod\u00ed pro b\u011b\u017en\u00e9 no\u0161en\u00ed, pracovn\u00ed od\u011bvy nebo t\u00fdmov\u00e9 oble\u010den\u00ed. N\u011bkolik kapes na zip nab\u00edz\u00ed praktick\u00e9 \u00falo\u017en\u00e9 prostory, zat\u00edmco nepod\u0161it\u00e1 konstrukce udr\u017euje vestu lehkou a elegantn\u00ed.<\/p>\n<hr data-start=\"1064\" data-end=\"1067\" \/>\n<p data-start=\"1069\" data-end=\"1093\"><strong data-start=\"1069\" data-end=\"1093\">Nab\u00eddka p\u0159izp\u016fsoben\u00ed:<\/strong><\/p>\n<p data-start=\"1095\" data-end=\"1331\">P\u0159izp\u016fsobte si tuto vestu sv\u00fdm <strong data-start=\"1127\" data-end=\"1171\">logo zna\u010dky, n\u00e1zev t\u00fdmu nebo vlastn\u00ed um\u011bleck\u00e9 d\u00edlo.<\/strong>. A\u0165 u\u017e se jedn\u00e1 o zam\u011bstnance, sportovce nebo maloobchodn\u00ed z\u00e1kazn\u00edky, <strong data-start=\"1237\" data-end=\"1246\">Ryinz<\/strong> nab\u00edz\u00ed flexibiln\u00ed mo\u017enosti p\u0159izp\u016fsoben\u00ed B2B a vzorkov\u00e1n\u00ed, abyste mohli realizovat svou vizi.<\/p>\n<\/div>\n<\/div>\n<\/div>\n<\/div>","protected":false},"excerpt":{"rendered":"<div class=\"flex-shrink-0 flex flex-col relative items-end\">\n<div class=\"pt-0\">\n<div class=\"gizmo-bot-avatar flex h-8 w-8 items-center justify-center overflow-hidden rounded-full\">\n<div class=\"relative p-1 rounded-sm flex items-center justify-center bg-token-main-surface-primary text-token-text-primary h-8 w-8\">\n<p><strong>Kl\u00ed\u010dov\u00e9 vlastnosti:<\/strong><\/p>\n<ul>\n<li><strong>Vn\u011bj\u0161\u00ed pl\u00e1\u0161\u0165:<\/strong> <strong>Lehk\u00e1 tkanina<\/strong> s pro\u0161\u00edvanou konstrukc\u00ed pro optim\u00e1ln\u00ed teplo.<\/li>\n<li><strong>Oblo\u017een\u00ed:<\/strong> <strong>Bez oblo\u017een\u00ed<\/strong>, a nab\u00edz\u00ed elegantn\u00ed, minimalistick\u00fd design.<\/li>\n<li><strong>Kapsy na zip:<\/strong> Pohodln\u011b um\u00edst\u011bn\u00e9 kapsy na zip pro skladov\u00e1n\u00ed.<\/li>\n<li><strong>Design:<\/strong> Stylov\u00e1 \u010dern\u00e1 vesta s kontrastn\u00edmi barvami zip\u016f, s ikonick\u00fdm znakem <strong>Logo Gillani<\/strong> na hrudi.<\/li>\n<\/ul>\n<hr \/>\n<p><strong>Popis produktu: Vhodn\u00fd k pou\u017eit\u00ed v dom\u00e1cnosti:<\/strong><\/p>\n<p>Na str\u00e1nk\u00e1ch <strong>Lehk\u00e1 pro\u0161\u00edvan\u00e1 vesta Gillani (GMSJ-0031)<\/strong> je dokonal\u00fdm dopl\u0148kem va\u0161eho outdoorov\u00e9ho \u0161atn\u00edku. Vyrobeno z <strong>lehk\u00e1 pro\u0161\u00edvan\u00e1 tkanina<\/strong>, tato vesta nab\u00edz\u00ed teplo bez v\u011bt\u0161\u00edho objemu, tak\u017ee je ide\u00e1ln\u00ed pro vrstven\u00ed b\u011bhem p\u0159echodn\u00e9ho po\u010das\u00ed. Vesta je navr\u017eena bez pod\u0161\u00edvky pro \u010dist\u00fd, modern\u00ed st\u0159ih a je vybavena n\u011bkolika kapsami na zip pro snadn\u00fd p\u0159\u00edstup k nezbytnostem. Elegantn\u00ed vzhled, kter\u00fd umoc\u0148uj\u00ed kontrastn\u00ed zipy, a... <strong>Logo Gillani<\/strong>, zajist\u00ed, \u017ee z\u016fstanete stylov\u00ed, a\u0165 u\u017e se vyd\u00e1te na b\u011b\u017en\u00fd v\u00fdlet nebo na dobrodru\u017estv\u00ed v p\u0159\u00edrod\u011b.<\/p>\n<hr \/>\n<p><strong>Nab\u00eddka p\u0159izp\u016fsoben\u00ed:<\/strong><\/p>\n<p>P\u0159idejte vlastn\u00ed <strong>vlastn\u00ed logo<\/strong> nebo <strong>design<\/strong> aby tato vesta byla jedine\u010dn\u00e1 pro va\u0161i zna\u010dku nebo t\u00fdm.<\/p>\n<\/div>\n<\/div>\n<\/div>\n<\/div>","protected":false},"featured_media":9101,"comment_status":"closed","ping_status":"closed","template":"","meta":[],"product_brand":[35],"product_cat":[202],"product_tag":[224,225,226,227,228,229,230,231],"class_list":{"0":"post-9034","1":"product","2":"type-product","3":"status-publish","4":"has-post-thumbnail","6":"product_brand-ryinz","7":"product_cat-apparels","8":"product_tag-casual-vest","9":"product_tag-custom-logo-vest","10":"product_tag-lightweight-vest","11":"product_tag-outdoor-vest","12":"product_tag-quilted-vest","13":"product_tag-sleeveless-jacket","14":"product_tag-stylish-outerwear","15":"product_tag-zippered-vest","17":"first","18":"instock","19":"taxable","20":"shipping-taxable","21":"purchasable","22":"product-type-simple"},"_links":{"self":[{"href":"https:\/\/ryinz.cz\/velkoobchod\/cs\/wp-json\/wp\/v2\/product\/9034","targetHints":{"allow":["GET"]}}],"collection":[{"href":"https:\/\/ryinz.cz\/velkoobchod\/cs\/wp-json\/wp\/v2\/product"}],"about":[{"href":"https:\/\/ryinz.cz\/velkoobchod\/cs\/wp-json\/wp\/v2\/types\/product"}],"replies":[{"embeddable":true,"href":"https:\/\/ryinz.cz\/velkoobchod\/cs\/wp-json\/wp\/v2\/comments?post=9034"}],"wp:featuredmedia":[{"embeddable":true,"href":"https:\/\/ryinz.cz\/velkoobchod\/cs\/wp-json\/wp\/v2\/media\/9101"}],"wp:attachment":[{"href":"https:\/\/ryinz.cz\/velkoobchod\/cs\/wp-json\/wp\/v2\/media?parent=9034"}],"wp:term":[{"taxonomy":"product_brand","embeddable":true,"href":"https:\/\/ryinz.cz\/velkoobchod\/cs\/wp-json\/wp\/v2\/product_brand?post=9034"},{"taxonomy":"product_cat","embeddable":true,"href":"https:\/\/ryinz.cz\/velkoobchod\/cs\/wp-json\/wp\/v2\/product_cat?post=9034"},{"taxonomy":"product_tag","embeddable":true,"href":"https:\/\/ryinz.cz\/velkoobchod\/cs\/wp-json\/wp\/v2\/product_tag?post=9034"}],"curies":[{"name":"wp","href":"https:\/\/api.w.org\/{rel}","templated":true}]}}