{"id":9033,"date":"2025-06-22T15:26:32","date_gmt":"2025-06-22T15:26:32","guid":{"rendered":"https:\/\/ryinz.cz\/velkoobchod\/?post_type=product&#038;p=9033"},"modified":"2026-01-18T20:17:24","modified_gmt":"2026-01-18T20:17:24","slug":"ryinz-panske-cerne-a-horcicove-barevne-blokove-teplaky-slim-fit-dvoudilne-sportovni-obleceni-pro-sportovni-telocvicnu-street-style","status":"publish","type":"product","link":"https:\/\/ryinz.cz\/velkoobchod\/cs\/product\/ryinz-mens-black-and-mustard-color-block-tracksuit-slim-fit-two-piece-athletic-wear-for-sports-gym-street-style\/","title":{"rendered":"RYINZ P\u00e1nsk\u00e1 \u010dern\u00e1 a ho\u0159\u010dicov\u00e1 barevn\u00e1 kombin\u00e9za - slim fit dvoud\u00edln\u00e9 sportovn\u00ed oble\u010den\u00ed pro sport, t\u011blocvi\u010dnu a pouli\u010dn\u00ed styl"},"content":{"rendered":"<div class=\"flex-shrink-0 flex flex-col relative items-end\">\n<div class=\"pt-0\">\n<div class=\"gizmo-bot-avatar flex h-8 w-8 items-center justify-center overflow-hidden rounded-full\">\n<div class=\"relative p-1 rounded-sm flex items-center justify-center bg-token-main-surface-primary text-token-text-primary h-8 w-8\">\n<p class=\"\" data-start=\"1879\" data-end=\"2258\">Na str\u00e1nk\u00e1ch <strong data-start=\"1883\" data-end=\"1932\">RYINZ Black and Mustard Color Block Tepl\u00e1kov\u00e1 souprava<\/strong> nov\u011b definuje, co znamen\u00e1 nosit sportovn\u00ed oble\u010den\u00ed s jistotou, \u00fa\u010delnost\u00ed a originalitou. Tato souprava je ur\u010dena modern\u00edm mu\u017e\u016fm, kte\u0159\u00ed vy\u017eaduj\u00ed v\u00fdkon i prezentaci, a je v\u00edc ne\u017e jen sportovn\u00edm oble\u010den\u00edm - je to vyj\u00e1d\u0159en\u00ed \u017eivotn\u00edho stylu. Kombinace bundy a joggerov\u00fdch kalhot umo\u017e\u0148uje pln\u00fd pohyb, elegantn\u00ed vzhled a bezkonkuren\u010dn\u00ed funk\u010dnost.<\/p>\n<p class=\"\" data-start=\"2260\" data-end=\"2708\"><strong data-start=\"2260\" data-end=\"2284\">Design a estetika:<\/strong><br data-start=\"2284\" data-end=\"2287\" \/>RYINZ v t\u00e9to odv\u00e1\u017en\u00e9 ho\u0159\u010dicov\u011b-\u010dern\u00e9 barv\u011b kombinuje funk\u010dnost s vkusem. Bunda na zip se vyzna\u010duje v\u00fdrazn\u00fdm barevn\u00fdm sch\u00e9matem, kde ho\u0159\u010dicov\u00e1 horn\u00ed polovina plynule p\u0159ech\u00e1z\u00ed do klasick\u00e9 \u010dern\u00e9 spodn\u00ed \u010d\u00e1sti. Minimalistick\u00e9 logo RYINZ je vkusn\u011b um\u00edst\u011bno na hrudi a na b\u011b\u017eeck\u00e9m p\u00e1su, \u010d\u00edm\u017e posiluje p\u0159\u00edtomnost zna\u010dky, ani\u017e by zahlcovalo design. Odpov\u00eddaj\u00edc\u00ed b\u011b\u017eeck\u00e9 kalhoty se dr\u017e\u00ed stejn\u00e9ho motivu - jsou modern\u00ed, z\u00fa\u017een\u00e9 a stvo\u0159en\u00e9 pro aktivitu.<\/p>\n<p class=\"\" data-start=\"2710\" data-end=\"3135\"><strong data-start=\"2710\" data-end=\"2732\">Materi\u00e1l a tkanina:<\/strong><br data-start=\"2732\" data-end=\"2735\" \/>Tato tepl\u00e1kov\u00e1 souprava je vyrobena z prvot\u0159\u00eddn\u00ed sm\u011bsi polyesteru a bavlny a zaji\u0161\u0165uje prody\u0161nost, regulaci vlhkosti a m\u011bkk\u00fd pocit. Nab\u00edz\u00ed ide\u00e1ln\u00ed hmotnost - je dostate\u010dn\u011b lehk\u00e1 pro pohyb, ale z\u00e1rove\u0148 dostate\u010dn\u011b tepl\u00e1 pro \u010dasn\u00e1 r\u00e1na nebo chladn\u00e9 ve\u010dery. A\u0165 u\u017e jej nos\u00edte do posilovny nebo ve streetwearov\u00e9m stylu, tento oblek poskytuje pohodl\u00ed i kompresi ve spr\u00e1vn\u00fdch oblastech. Jeho elastick\u00fd charakter se p\u0159izp\u016fsob\u00ed v\u0161em typ\u016fm postavy.<\/p>\n<p class=\"\" data-start=\"3137\" data-end=\"3513\"><strong data-start=\"3137\" data-end=\"3165\">Pohodl\u00ed a funk\u010dnost:<\/strong><br data-start=\"3165\" data-end=\"3168\" \/>Pohodl\u00ed je kr\u00e1l. Zap\u00edn\u00e1n\u00ed na zip po cel\u00e9 d\u00e9lce usnad\u0148uje obl\u00e9k\u00e1n\u00ed p\u0159ed nebo po tr\u00e9ninku a \u017eebrovan\u00e9 man\u017eety a spodn\u00ed lem udr\u017euj\u00ed tvar b\u011bhem no\u0161en\u00ed. B\u011b\u017eeck\u00e9 kalhoty maj\u00ed pru\u017en\u00fd pas s vn\u011bj\u0161\u00edmi stahovac\u00edmi \u0161\u0148\u016frkami, kter\u00fd v\u00e1m umo\u017en\u00ed p\u0159esnou kontrolu nad st\u0159ihem. St\u0159ih slim fit lichot\u00ed postav\u011b, ale nen\u00ed p\u0159\u00edli\u0161 t\u011bsn\u00fd, tak\u017ee je ide\u00e1ln\u00ed pro vrstven\u00ed nebo samostatn\u00e9 no\u0161en\u00ed.<\/p>\n<p class=\"\" data-start=\"3515\" data-end=\"3852\"><strong data-start=\"3515\" data-end=\"3541\">Skladov\u00e1n\u00ed a v\u0161estrannost:<\/strong><br data-start=\"3541\" data-end=\"3544\" \/>Dv\u011b prostorn\u00e9 bo\u010dn\u00ed kapsy na bund\u011b a tepl\u00e1c\u00edch nab\u00edzej\u00ed snadn\u00e9 ulo\u017een\u00ed ka\u017edodenn\u00edch nezbytnost\u00ed. Kdy\u017e se vyd\u00e1te na rychlou proch\u00e1zku, do posilovny nebo t\u0159eba na neform\u00e1ln\u00ed sch\u016fzku, nepot\u0159ebujete ta\u0161ku. Kapsy jsou dostate\u010dn\u011b hlubok\u00e9, aby se do nich bezpe\u010dn\u011b ve\u0161el chytr\u00fd telefon, a zipy (u vybran\u00fdch variant voliteln\u00e9) dod\u00e1vaj\u00ed v\u011bt\u0161\u00ed klid.<\/p>\n<p class=\"\" data-start=\"3854\" data-end=\"4185\"><strong data-start=\"3854\" data-end=\"3871\">Tipy pro styling:<\/strong><br data-start=\"3871\" data-end=\"3874\" \/>Nosit ji m\u016f\u017eete jako kompletn\u00ed sadu pro \u010dist\u00fd, sportovn\u00ed vzhled, nebo jednotliv\u00e9 kousky kombinovat - bundu s d\u017e\u00ednami nebo tepl\u00e1ky s grafick\u00fdm tri\u010dkem. P\u0159idejte tenisky nebo le\u017e\u00e9rn\u00ed tenisky a z\u00edsk\u00e1te univerz\u00e1ln\u00ed outfit, kter\u00fd se hod\u00ed od t\u011blocvi\u010dny p\u0159es ulici a\u017e po lounge re\u017eim. Vhodn\u00e1 pro v\u0161echna ro\u010dn\u00ed obdob\u00ed krom\u011b extr\u00e9mn\u00edch veder.<\/p>\n<p class=\"\" data-start=\"4187\" data-end=\"4209\"><strong data-start=\"4187\" data-end=\"4207\">Ide\u00e1ln\u00ed p\u0159\u00edpady pou\u017eit\u00ed:<\/strong><\/p>\n<ul data-start=\"4210\" data-end=\"4399\">\n<li class=\"\" data-start=\"4210\" data-end=\"4226\">\n<p class=\"\" data-start=\"4212\" data-end=\"4226\">Cvi\u010den\u00ed v posilovn\u011b<\/p>\n<\/li>\n<li class=\"\" data-start=\"4227\" data-end=\"4246\">\n<p class=\"\" data-start=\"4229\" data-end=\"4246\">B\u011bh\u00e1n\u00ed\/jogging<\/p>\n<\/li>\n<li class=\"\" data-start=\"4247\" data-end=\"4270\">\n<p class=\"\" data-start=\"4249\" data-end=\"4270\">Le\u017e\u00e9rn\u00ed v\u00edkendov\u00e9 oble\u010den\u00ed<\/p>\n<\/li>\n<li class=\"\" data-start=\"4271\" data-end=\"4299\">\n<p class=\"\" data-start=\"4273\" data-end=\"4299\">Cestovn\u00ed a leti\u0161tn\u00ed oble\u010den\u00ed<\/p>\n<\/li>\n<li class=\"\" data-start=\"4300\" data-end=\"4319\">\n<p class=\"\" data-start=\"4302\" data-end=\"4319\">Home loungewear<\/p>\n<\/li>\n<li class=\"\" data-start=\"4320\" data-end=\"4353\">\n<p class=\"\" data-start=\"4322\" data-end=\"4353\">Vrstven\u00e9 pod kab\u00e1ty v zim\u011b<\/p>\n<\/li>\n<li class=\"\" data-start=\"4354\" data-end=\"4399\">\n<p class=\"\" data-start=\"4356\" data-end=\"4399\">Skupinov\u00e9\/t\u00fdmov\u00e9 dresy (k dispozici je vlastn\u00ed logo)<\/p>\n<\/li>\n<\/ul>\n<p class=\"\" data-start=\"4401\" data-end=\"4651\"><strong data-start=\"4401\" data-end=\"4416\">Odolnost:<\/strong><br data-start=\"4416\" data-end=\"4419\" \/>D\u00edky zes\u00edlen\u00fdm \u0161v\u016fm a tkanin\u011b odoln\u00e9 proti vyblednut\u00ed je tato tepl\u00e1kov\u00e1 souprava navr\u017eena tak, aby vydr\u017eela opakovan\u00e9 pran\u00ed a aktivn\u00ed pou\u017e\u00edv\u00e1n\u00ed. Zachov\u00e1v\u00e1 si tvar, odol\u00e1v\u00e1 \u017emolkov\u00e1n\u00ed a vydr\u017e\u00ed vypadat jako nov\u00e1 d\u00e9le ne\u017e typick\u00e9 alternativy rychl\u00e9 m\u00f3dy.<\/p>\n<\/div>\n<\/div>\n<\/div>\n<\/div>","protected":false},"excerpt":{"rendered":"<div class=\"flex-shrink-0 flex flex-col relative items-end\">\n<div class=\"pt-0\">\n<div class=\"gizmo-bot-avatar flex h-8 w-8 items-center justify-center overflow-hidden rounded-full\">\n<div class=\"relative p-1 rounded-sm flex items-center justify-center bg-token-main-surface-primary text-token-text-primary h-8 w-8\">\n<p class=\"\" data-start=\"379\" data-end=\"834\">Vylep\u0161ete sv\u016fj sportovn\u00ed styl s \u010derno-ho\u0159\u010dicovou tepl\u00e1kovou soupravou RYINZ - modern\u00ed dvoud\u00edlnou soupravou kombinuj\u00edc\u00ed pohodl\u00ed, v\u00fdkon a m\u00f3du. Tato souprava, navr\u017een\u00e1 pro aktivn\u00ed mu\u017ee, kte\u0159\u00ed vy\u017eaduj\u00ed v\u0161estrannost, obsahuje bundu na zip s v\u00fdraznou ho\u0159\u010dicovou horn\u00ed polovinou a syt\u011b \u010dern\u00fdm z\u00e1kladem, spojenou s odpov\u00eddaj\u00edc\u00edmi \u010dern\u00fdmi b\u011b\u017eeck\u00fdmi kalhotami. \u010cist\u00e9 linie, odv\u00e1\u017en\u00e9 barevn\u00e9 blokov\u00e1n\u00ed a decentn\u00ed zna\u010dka RYINZ j\u00ed dod\u00e1vaj\u00ed streetov\u00fd a z\u00e1rove\u0148 rafinovan\u00fd n\u00e1dech, kter\u00fd vynikne v ka\u017ed\u00e9m davu.<\/p>\n<p class=\"\" data-start=\"836\" data-end=\"1275\">Tato tepl\u00e1kov\u00e1 souprava je vyrobena z prody\u0161n\u00e9 a elastick\u00e9 tkaniny, tak\u017ee se pohybuje spolu s va\u0161\u00edm t\u011blem a zajist\u00ed v\u00e1m pohodl\u00ed p\u0159i tr\u00e9ninku, ka\u017edodenn\u00edch poch\u016fzk\u00e1ch i uvoln\u011bn\u00fdch ve\u010derech. Bunda s celorozep\u00ednac\u00edm zipem m\u00e1 \u017eebrovan\u00e9 man\u017eety a spodn\u00ed lem, aby dob\u0159e padla, zat\u00edmco z\u00fa\u017een\u00e9 b\u011b\u017eeck\u00e9 kalhoty maj\u00ed elastick\u00fd pas se \u0161\u0148\u016frkami pro p\u0159izp\u016fsoben\u00ed no\u0161en\u00ed. Dv\u011b bo\u010dn\u00ed kapsy na bund\u011b i kalhot\u00e1ch nab\u00edzej\u00ed praktick\u00fd \u00falo\u017en\u00fd prostor pro nezbytn\u00e9 v\u011bci, jako jsou kl\u00ed\u010de, telefon nebo pen\u011b\u017eenka.<\/p>\n<p class=\"\" data-start=\"1277\" data-end=\"1685\">A\u0165 u\u017e se chyst\u00e1te do posilovny, b\u011bhat venku, nebo jen chcete vyniknout v b\u011b\u017en\u00e9m oble\u010den\u00ed, tepl\u00e1kov\u00e1 souprava RYINZ v\u00e1m poskytne vysoce v\u00fdkonn\u00e9 oble\u010den\u00ed s elegantn\u00edm vzhledem. Odoln\u00e9 \u0161vy a kvalitn\u00ed materi\u00e1ly d\u011blaj\u00ed z tohoto obleku z\u00e1klad \u0161atn\u00edku s dlouhou \u017eivotnost\u00ed. Oble\u010dte si ji s teniskami a k\u0161iltovkou nebo ji navrstv\u011bte na tri\u010dko pro le\u017e\u00e9rn\u00ed vzhled. Bundu lze nosit i samostatn\u011b s d\u017e\u00ednami nebo \u0161ortkami pro sv\u011b\u017e\u00ed streetov\u00fd look.<\/p>\n<p class=\"\" data-start=\"1687\" data-end=\"1822\">Dvoud\u00edln\u00e1 tepl\u00e1kov\u00e1 souprava RYINZ se p\u0159izp\u016fsob\u00ed va\u0161emu \u017eivotn\u00edmu stylu a bude v\u00e1m slu\u0161et od chladn\u00e9ho rann\u00edho b\u011bhu a\u017e po b\u011bh\u00e1n\u00ed po tr\u00e9ninku u k\u00e1vy.<\/p>\n<\/div>\n<\/div>\n<\/div>\n<\/div>","protected":false},"featured_media":9077,"comment_status":"closed","ping_status":"closed","template":"","meta":[],"product_brand":[35],"product_cat":[202,68],"product_tag":[217,218,213,208,219,220,221,222,223,210],"class_list":{"0":"post-9033","1":"product","2":"type-product","3":"status-publish","4":"has-post-thumbnail","6":"product_brand-ryinz","7":"product_cat-apparels","8":"product_cat-ryinz","9":"product_tag-activewear","10":"product_tag-breathable-jacket","11":"product_tag-casual-jacket","12":"product_tag-custom-logo-jacket","13":"product_tag-hi-vis-jacket","14":"product_tag-jacket-and-trouser-set","15":"product_tag-polyester-jacket","16":"product_tag-soft-shell-jacket","17":"product_tag-soft-shell-trousers","18":"product_tag-sportswear","20":"first","21":"instock","22":"taxable","23":"shipping-taxable","24":"purchasable","25":"product-type-simple"},"_links":{"self":[{"href":"https:\/\/ryinz.cz\/velkoobchod\/cs\/wp-json\/wp\/v2\/product\/9033","targetHints":{"allow":["GET"]}}],"collection":[{"href":"https:\/\/ryinz.cz\/velkoobchod\/cs\/wp-json\/wp\/v2\/product"}],"about":[{"href":"https:\/\/ryinz.cz\/velkoobchod\/cs\/wp-json\/wp\/v2\/types\/product"}],"replies":[{"embeddable":true,"href":"https:\/\/ryinz.cz\/velkoobchod\/cs\/wp-json\/wp\/v2\/comments?post=9033"}],"wp:featuredmedia":[{"embeddable":true,"href":"https:\/\/ryinz.cz\/velkoobchod\/cs\/wp-json\/wp\/v2\/media\/9077"}],"wp:attachment":[{"href":"https:\/\/ryinz.cz\/velkoobchod\/cs\/wp-json\/wp\/v2\/media?parent=9033"}],"wp:term":[{"taxonomy":"product_brand","embeddable":true,"href":"https:\/\/ryinz.cz\/velkoobchod\/cs\/wp-json\/wp\/v2\/product_brand?post=9033"},{"taxonomy":"product_cat","embeddable":true,"href":"https:\/\/ryinz.cz\/velkoobchod\/cs\/wp-json\/wp\/v2\/product_cat?post=9033"},{"taxonomy":"product_tag","embeddable":true,"href":"https:\/\/ryinz.cz\/velkoobchod\/cs\/wp-json\/wp\/v2\/product_tag?post=9033"}],"curies":[{"name":"wp","href":"https:\/\/api.w.org\/{rel}","templated":true}]}}