{"id":9031,"date":"2025-06-22T15:26:32","date_gmt":"2025-06-22T15:26:32","guid":{"rendered":"https:\/\/ryinz.cz\/velkoobchod\/?post_type=product&#038;p=9031"},"modified":"2026-01-18T20:17:23","modified_gmt":"2026-01-18T20:17:23","slug":"panska-premiova-fleecova-bunda-na-zip-s-naprsni-kapsou","status":"publish","type":"product","link":"https:\/\/ryinz.cz\/velkoobchod\/cs\/product\/mens-premium-sherpa-fleece-jacket-full-zip-with-chest-pocket\/","title":{"rendered":"P\u00e1nsk\u00e1 pr\u00e9miov\u00e1 fleecov\u00e1 bunda Sherpa - celorozep\u00ednac\u00ed s n\u00e1prsn\u00ed kapsou"},"content":{"rendered":"<div class=\"flex-shrink-0 flex flex-col relative items-end\">\n<div class=\"pt-0\">\n<div class=\"gizmo-bot-avatar flex h-8 w-8 items-center justify-center overflow-hidden rounded-full\">\n<div class=\"relative p-1 rounded-sm flex items-center justify-center bg-token-main-surface-primary text-token-text-primary h-8 w-8\">\n<p class=\"\" data-start=\"1696\" data-end=\"2155\">Na str\u00e1nk\u00e1ch <strong data-start=\"1700\" data-end=\"1730\">Fleecov\u00e1 bunda RYINZ Sherpa<\/strong> nov\u011b definuje pohodl\u00ed, teplo a odolnost svrchn\u00edho oble\u010den\u00ed. Tato bunda, navr\u017een\u00e1 s pe\u010dliv\u00fdm d\u016frazem na detail, kombinuje klasick\u00fd fleecov\u00fd styl s modern\u00ed u\u017eitkovost\u00ed, tak\u017ee je spolehlivou volbou pro celodenn\u00ed no\u0161en\u00ed v chladn\u00e9m po\u010das\u00ed. Je vyrobena z velmi m\u011bkk\u00e9ho, siln\u00e9ho fleecu Sherpa s vysokou hustotou a nab\u00edz\u00ed vynikaj\u00edc\u00ed izolaci, kter\u00e1 zachycuje t\u011blesn\u00e9 teplo a z\u00e1rove\u0148 z\u016fst\u00e1v\u00e1 prody\u0161n\u00e1, co\u017e zaji\u0161\u0165uje dokonalou rovnov\u00e1hu mezi teplem a v\u011btr\u00e1n\u00edm.<\/p>\n<p class=\"\" data-start=\"2157\" data-end=\"2679\">Tento univerz\u00e1ln\u00ed svrchn\u00ed od\u011bv se strukturovanou, ale pohodlnou siluetou je ide\u00e1ln\u00ed na podzim, zimu a za\u010d\u00e1tek jara. M\u00e1 p\u0159edn\u00ed zip po cel\u00e9 d\u00e9lce pro snadn\u00e9 no\u0161en\u00ed, stoj\u00e1\u010dek, kter\u00fd chr\u00e1n\u00ed krk p\u0159ed chladem, a t\u0159i funk\u010dn\u00ed kapsy na zip - dv\u011b bo\u010dn\u00ed kapsy na ruce a jednu n\u00e1prsn\u00ed kapsu pro bezpe\u010dn\u00e9 ulo\u017een\u00ed nezbytnost\u00ed, jako jsou kl\u00ed\u010de, telefon nebo pen\u011b\u017eenka. Zipy jsou navr\u017eeny s vysoce kvalitn\u00edm kovov\u00fdm kov\u00e1n\u00edm a zakon\u010deny elegantn\u00edmi tah\u00e1\u010dky z um\u011bl\u00e9 k\u016f\u017ee pro v\u011bt\u0161\u00ed p\u0159ilnavost a styl.<\/p>\n<p class=\"\" data-start=\"2681\" data-end=\"3170\">Vnit\u0159n\u00ed \u0161vy jsou zes\u00edlen\u00e9 a pod\u0161it\u00e9, co\u017e zvy\u0161uje odolnost a sni\u017euje t\u0159en\u00ed. Fleece je v m\u00edstech nam\u00e1h\u00e1n\u00ed dvojit\u011b pro\u0161it\u00fd, aby byl zaji\u0161t\u011bn dlouhotrvaj\u00edc\u00ed v\u00fdkon v m\u011bstsk\u00e9m i drsn\u00e9m prost\u0159ed\u00ed. Man\u017eety a spodn\u00ed lem jsou navr\u017eeny tak, aby udr\u017eely teplo a z\u00e1rove\u0148 umo\u017enily flexibilitu, a m\u00edrn\u011b z\u00fa\u017een\u00fd st\u0159ih zaji\u0161\u0165uje lichotiv\u00fd st\u0159ih pro mu\u017ee i \u017eeny. Neutr\u00e1ln\u00ed \u0161ed\u00fd odst\u00edn nab\u00edz\u00ed nad\u010dasovou p\u0159ita\u017elivost a snadn\u00e9 kombinov\u00e1n\u00ed s d\u017e\u00ednami, pracovn\u00edm oble\u010den\u00edm, cargo kalhotami nebo tepeln\u00fdmi z\u00e1kladn\u00edmi vrstvami.<\/p>\n<p class=\"\" data-start=\"3172\" data-end=\"3573\">Spole\u010dnost RYINZ vytvo\u0159ila tuto bundu nejen pro b\u011b\u017en\u00e9 pohodl\u00ed, ale tak\u00e9 pro funk\u010dn\u00ed no\u0161en\u00ed. A\u0165 u\u017e se vyd\u00e1v\u00e1te na t\u00fary po lesn\u00edch stezk\u00e1ch, odkl\u00edz\u00edte sn\u00edh, doj\u00ed\u017ed\u00edte do pr\u00e1ce v chladn\u00e9m po\u010das\u00ed, nebo jen odpo\u010d\u00edv\u00e1te venku s p\u0159\u00e1teli, tato bunda v\u00e1m kryje z\u00e1da. D\u00edky sv\u00e9 stla\u010diteln\u00e9 konstrukci je tak\u00e9 vynikaj\u00edc\u00ed vn\u011bj\u0161\u00ed vrstvou pro kempov\u00e1n\u00ed a cestov\u00e1n\u00ed - je dostate\u010dn\u011b lehk\u00e1, aby se dala sbalit, ani\u017e by ztratila sv\u016fj loft nebo v\u00fdkon.<\/p>\n<p class=\"\" data-start=\"3575\" data-end=\"4026\">Tuto fleecovou bundu Sherpa lze pr\u00e1t v pra\u010dce, po vypr\u00e1n\u00ed si zachov\u00e1v\u00e1 sv\u016fj tvar, ply\u0161ovou strukturu a izola\u010dn\u00ed vlastnosti. D\u00edky etick\u00e9mu zp\u016fsobu z\u00edsk\u00e1v\u00e1n\u00ed zdroj\u016f, d\u016frazu na udr\u017eitelnost materi\u00e1l\u016f a zam\u011b\u0159en\u00ed na spokojenost u\u017eivatel\u016f se spole\u010dnost RYINZ nad\u00e1le vyzna\u010duje jako d\u016fv\u011bryhodn\u00e1 zna\u010dka v oblasti v\u00fdroby rukavic a svrchn\u00edho oble\u010den\u00ed. Jsme hrd\u00ed na to, \u017ee m\u016f\u017eeme dod\u00e1vat v\u00fdrobky profesion\u00e1ln\u00ed kvality pro osobn\u00ed pou\u017eit\u00ed, na pulty maloobchod\u016f a pro spolupr\u00e1ci s priv\u00e1tn\u00edmi zna\u010dkami.<\/p>\n<p class=\"\" data-start=\"4028\" data-end=\"4313\">Pro firmy je tato bunda k dispozici pro velkoobchodn\u00ed prodej a zak\u00e1zkov\u00e9 zna\u010den\u00ed. A\u0165 u\u017e budujete vlastn\u00ed \u0159adu svrchn\u00edch od\u011bv\u016f, vybavujete zam\u011bstnance pro zimn\u00ed \u00fakoly nebo sh\u00e1n\u00edte fleecov\u00e9 bundy pro maloobchod, spole\u010dnost RYINZ nab\u00edz\u00ed \u0159e\u0161en\u00ed na m\u00edru s n\u00edzk\u00fdmi MOQ a \u0161k\u00e1lovatelnou v\u00fdrobn\u00ed kapacitou.<\/p>\n<\/div>\n<\/div>\n<\/div>\n<\/div>","protected":false},"excerpt":{"rendered":"<div class=\"flex-shrink-0 flex flex-col relative items-end\">\n<div class=\"pt-0\">\n<div class=\"gizmo-bot-avatar flex h-8 w-8 items-center justify-center overflow-hidden rounded-full\">\n<div class=\"relative p-1 rounded-sm flex items-center justify-center bg-token-main-surface-primary text-token-text-primary h-8 w-8\">\n<p>Tato pr\u00e9miov\u00e1 fleecov\u00e1 bunda Sherpa, kter\u00e1 je ur\u010dena pro chladn\u00e9 podneb\u00ed a aktivn\u00ed \u017eivotn\u00ed styl, v\u00e1m poskytne trval\u00e9 teplo a styl. Je navr\u017eena z term\u00e1ln\u00edho fleecu p\u0159\u00edjemn\u00e9ho na dotek, m\u00e1 celoprop\u00ednac\u00ed p\u0159edn\u00ed zip, bezpe\u010dn\u00e9 n\u00e1prsn\u00ed a bo\u010dn\u00ed kapsy na zip a zes\u00edlen\u00e9 \u0161vy pro v\u011bt\u0161\u00ed odolnost. Ide\u00e1ln\u00ed pro pr\u00e1ci v p\u0159\u00edrod\u011b, turistiku nebo ka\u017edodenn\u00ed zimn\u00ed no\u0161en\u00ed. Tato bunda nab\u00edz\u00ed vynikaj\u00edc\u00ed izolaci a z\u00e1rove\u0148 z\u016fst\u00e1v\u00e1 prody\u0161n\u00e1 a lehk\u00e1. K dispozici pro vlastn\u00ed zna\u010den\u00ed a velkoobchodn\u00ed objedn\u00e1vky.<\/p>\n<\/div>\n<\/div>\n<\/div>\n<\/div>","protected":false},"featured_media":9089,"comment_status":"closed","ping_status":"closed","template":"","meta":[],"product_brand":[35],"product_cat":[202],"product_tag":[213,214],"class_list":{"0":"post-9031","1":"product","2":"type-product","3":"status-publish","4":"has-post-thumbnail","6":"product_brand-ryinz","7":"product_cat-apparels","8":"product_tag-casual-jacket","9":"product_tag-mens-fleece-jacket","11":"first","12":"instock","13":"taxable","14":"shipping-taxable","15":"purchasable","16":"product-type-simple"},"_links":{"self":[{"href":"https:\/\/ryinz.cz\/velkoobchod\/cs\/wp-json\/wp\/v2\/product\/9031","targetHints":{"allow":["GET"]}}],"collection":[{"href":"https:\/\/ryinz.cz\/velkoobchod\/cs\/wp-json\/wp\/v2\/product"}],"about":[{"href":"https:\/\/ryinz.cz\/velkoobchod\/cs\/wp-json\/wp\/v2\/types\/product"}],"replies":[{"embeddable":true,"href":"https:\/\/ryinz.cz\/velkoobchod\/cs\/wp-json\/wp\/v2\/comments?post=9031"}],"wp:featuredmedia":[{"embeddable":true,"href":"https:\/\/ryinz.cz\/velkoobchod\/cs\/wp-json\/wp\/v2\/media\/9089"}],"wp:attachment":[{"href":"https:\/\/ryinz.cz\/velkoobchod\/cs\/wp-json\/wp\/v2\/media?parent=9031"}],"wp:term":[{"taxonomy":"product_brand","embeddable":true,"href":"https:\/\/ryinz.cz\/velkoobchod\/cs\/wp-json\/wp\/v2\/product_brand?post=9031"},{"taxonomy":"product_cat","embeddable":true,"href":"https:\/\/ryinz.cz\/velkoobchod\/cs\/wp-json\/wp\/v2\/product_cat?post=9031"},{"taxonomy":"product_tag","embeddable":true,"href":"https:\/\/ryinz.cz\/velkoobchod\/cs\/wp-json\/wp\/v2\/product_tag?post=9031"}],"curies":[{"name":"wp","href":"https:\/\/api.w.org\/{rel}","templated":true}]}}