{"id":9030,"date":"2025-06-22T15:26:32","date_gmt":"2025-06-22T15:26:32","guid":{"rendered":"https:\/\/ryinz.cz\/velkoobchod\/?post_type=product&#038;p=9030"},"modified":"2026-01-18T20:17:23","modified_gmt":"2026-01-18T20:17:23","slug":"ryinz-panska-klasicka-cerna-dzinova-bunda-robustni-slim-fit-svrchni-obleceni-pro-neformalni-mestsky-streetwear-styl","status":"publish","type":"product","link":"https:\/\/ryinz.cz\/velkoobchod\/cs\/product\/ryinz-mens-classic-black-denim-jacket-rugged-slim-fit-outerwear-for-casual-urban-streetwear-style\/","title":{"rendered":"P\u00e1nsk\u00e1 klasick\u00e1 \u010dern\u00e1 d\u017e\u00ednov\u00e1 bunda RYINZ - robustn\u00ed svrchn\u00ed oble\u010den\u00ed slim fit pro le\u017e\u00e9rn\u00ed, m\u011bstsk\u00fd a streetov\u00fd styl"},"content":{"rendered":"<div class=\"flex-shrink-0 flex flex-col relative items-end\">\n<div class=\"pt-0\">\n<div class=\"gizmo-bot-avatar flex h-8 w-8 items-center justify-center overflow-hidden rounded-full\">\n<div class=\"relative p-1 rounded-sm flex items-center justify-center bg-token-main-surface-primary text-token-text-primary h-8 w-8\">\n<p class=\"\" data-start=\"1603\" data-end=\"2044\">Na str\u00e1nk\u00e1ch <strong data-start=\"1607\" data-end=\"1651\">RYINZ Klasick\u00e1 \u010dern\u00e1 d\u017e\u00ednov\u00e1 bunda pro mu\u017ee<\/strong> je v\u00edc ne\u017e jen kus oble\u010den\u00ed - je to z\u00e1kladn\u00ed k\u00e1men nad\u010dasov\u00e9 m\u00f3dy, kter\u00fd p\u0159in\u00e1\u0161\u00ed bezkonkuren\u010dn\u00ed v\u0161estrannost a jistotu v jednom robustn\u00edm balen\u00ed. Tato d\u017e\u00ednov\u00e1 bunda je ide\u00e1ln\u00ed pro ka\u017ed\u00e9 ro\u010dn\u00ed obdob\u00ed a celodenn\u00ed no\u0161en\u00ed a p\u0159edstavuje dokonalou rovnov\u00e1hu mezi funk\u010dn\u00edm vrstven\u00edm a pov\u00fd\u0161en\u00fdm streetwearov\u00fdm oble\u010den\u00edm. Ka\u017ed\u00fd steh, kapsa a knofl\u00edk jsou navr\u017eeny tak, aby nab\u00edzely mu\u017enou siluetu s nekompromisn\u00edm pohodl\u00edm.<\/p>\n<p class=\"\" data-start=\"2046\" data-end=\"2445\"><strong data-start=\"2046\" data-end=\"2062\">Design &amp; Fit<\/strong><br data-start=\"2062\" data-end=\"2065\" \/>\u00dazk\u00fd st\u0159ih je modern\u00ed a lichotiv\u00fd, v pase se m\u00edrn\u011b zu\u017euje, tak\u017ee m\u00e1 ostr\u00e9 kontury, kter\u00e9 neomezuj\u00ed v pohybu. Roz\u0161\u00ed\u0159en\u00fd l\u00edmec a strukturovan\u00e1 ramena zd\u016fraz\u0148uj\u00ed mu\u017en\u00fd r\u00e1m, tak\u017ee je ide\u00e1ln\u00ed pro mu\u017ee, kte\u0159\u00ed cht\u011bj\u00ed m\u00edt styl, ani\u017e by ob\u011btovali pohodl\u00ed. Dvojit\u00e9 \u0161vy pod\u00e9l ruk\u00e1v\u016f a bok\u016f dod\u00e1vaj\u00ed bund\u011b odolnost a z\u00e1rove\u0148 umoc\u0148uj\u00ed jej\u00ed m\u011bstskou estetiku.<\/p>\n<p class=\"\" data-start=\"2447\" data-end=\"2701\">D\u00edky syt\u011b \u010dern\u00e9mu pran\u00ed s jemn\u00fdm vyblednut\u00edm a proma\u010dkan\u00fdm vzhledem lze tuto bundu snadno kombinovat t\u00e9m\u011b\u0159 s \u010d\u00edmkoli - s d\u017e\u00ednami, chinos kalhotami, cargo kalhotami i b\u011b\u017eeck\u00fdmi kalhotami. Minimalistick\u00e9, ale odv\u00e1\u017en\u00e9 logo RYINZ je decentn\u011b um\u00edst\u011bno uvnit\u0159 l\u00edmce, tak\u017ee vn\u011bj\u0161\u00ed vzhled je \u010dist\u00fd a elegantn\u00ed.<\/p>\n<p class=\"\" data-start=\"2703\" data-end=\"2756\"><strong data-start=\"2703\" data-end=\"2725\">Kapsy a uz\u00e1v\u011bry<\/strong><br data-start=\"2725\" data-end=\"2728\" \/>Bunda je vybavena:<\/p>\n<ul data-start=\"2757\" data-end=\"2951\">\n<li class=\"\" data-start=\"2757\" data-end=\"2814\">\n<p class=\"\" data-start=\"2759\" data-end=\"2814\">2 bezpe\u010dn\u00e9 kapsy s klopou a kovov\u00fdmi knofl\u00edky na hrudi<\/p>\n<\/li>\n<li class=\"\" data-start=\"2815\" data-end=\"2847\">\n<p class=\"\" data-start=\"2817\" data-end=\"2847\">2 prostorn\u00e9 bo\u010dn\u00ed kapsy na ruce<\/p>\n<\/li>\n<li class=\"\" data-start=\"2848\" data-end=\"2893\">\n<p class=\"\" data-start=\"2850\" data-end=\"2893\">Vnit\u0159n\u00ed kapsa na pen\u011b\u017eenku nebo telefon<\/p>\n<\/li>\n<li class=\"\" data-start=\"2894\" data-end=\"2951\">\n<p class=\"\" data-start=\"2896\" data-end=\"2951\">Zes\u00edlen\u00e1 knofl\u00edkov\u00e1 l\u00e9ga se zna\u010dkov\u00fdm kov\u00e1n\u00edm RYINZ<\/p>\n<\/li>\n<\/ul>\n<p class=\"\" data-start=\"2953\" data-end=\"3109\">A\u0165 u\u017e se chyst\u00e1te na neform\u00e1ln\u00ed proch\u00e1zku, nebo pot\u0159ebujete p\u0159idat vrstvu p\u0159es pracovn\u00ed ko\u0161ili, kapsy poskytuj\u00ed u\u017eite\u010dnost i symetrii celkov\u00e9ho vzhledu.<\/p>\n<p class=\"\" data-start=\"3111\" data-end=\"3457\"><strong data-start=\"3111\" data-end=\"3136\">Materi\u00e1l a odolnost<\/strong><br data-start=\"3136\" data-end=\"3139\" \/>Tato bunda je vyrobena z prvot\u0159\u00eddn\u00ed sm\u011bsi bavlny a d\u017e\u00ednoviny a je prody\u0161n\u00e1 a pevn\u00e1. M\u00e1 dostate\u010dnou strukturu, aby si zachovala sv\u016fj tvar i po letech no\u0161en\u00ed, ale z\u00e1rove\u0148 je dostate\u010dn\u011b pru\u017en\u00e1, aby se p\u0159izp\u016fsobila pohyb\u016fm va\u0161eho t\u011bla. Vnit\u0159n\u00ed strana je lehce pod\u0161it\u00e1, tak\u017ee je vhodn\u00e1 pro pou\u017eit\u00ed ve v\u00edce ro\u010dn\u00edch obdob\u00edch - od \u010dasn\u00e9ho podzimu do pozdn\u00edho jara.<\/p>\n<p class=\"\" data-start=\"3459\" data-end=\"3682\">Tkanina je odoln\u00e1 proti vyblednut\u00ed a rozt\u0159epen\u00ed a v\u0161echny vysoce nam\u00e1han\u00e9 oblasti (jako jsou lokty a podpa\u017e\u00ed) jsou dvojit\u011b pro\u0161it\u00e9 pro v\u011bt\u0161\u00ed odolnost. Je to bunda vyroben\u00e1 tak, aby st\u00e1rla s gr\u00e1ci\u00ed a s ka\u017ed\u00fdm pran\u00edm a no\u0161en\u00edm byla m\u011bk\u010d\u00ed a lep\u0161\u00ed.<\/p>\n<p class=\"\" data-start=\"3684\" data-end=\"3749\"><strong data-start=\"3684\" data-end=\"3703\">Mo\u017enosti stylov\u00e1n\u00ed<\/strong><br data-start=\"3703\" data-end=\"3706\" \/>D\u017e\u00ednov\u00e1 bunda RYINZ se d\u00e1 vrstvit:<\/p>\n<ul data-start=\"3750\" data-end=\"3913\">\n<li class=\"\" data-start=\"3750\" data-end=\"3779\">\n<p class=\"\" data-start=\"3752\" data-end=\"3779\">Tri\u010dka pro voln\u00fd den<\/p>\n<\/li>\n<li class=\"\" data-start=\"3780\" data-end=\"3817\">\n<p class=\"\" data-start=\"3782\" data-end=\"3817\">Mikiny s kapuc\u00ed pro modern\u00ed vrstven\u00fd vzhled<\/p>\n<\/li>\n<li class=\"\" data-start=\"3818\" data-end=\"3857\">\n<p class=\"\" data-start=\"3820\" data-end=\"3857\">Rol\u00e1ky pro elegantn\u00ed le\u017e\u00e9rn\u00ed styl<\/p>\n<\/li>\n<li class=\"\" data-start=\"3858\" data-end=\"3913\">\n<p class=\"\" data-start=\"3860\" data-end=\"3913\">Ko\u0161ile na knofl\u00edky pro robustn\u00ed kancel\u00e1\u0159sk\u00fd komplet<\/p>\n<\/li>\n<\/ul>\n<p class=\"\" data-start=\"3915\" data-end=\"4068\">V z\u00e1vislosti na p\u0159\u00edle\u017eitosti je m\u016f\u017eete kombinovat s teniskami, koza\u010dkami nebo ko\u017een\u00fdmi botami. D\u00edky sv\u00e9 univerz\u00e1lnosti se hod\u00ed na cesty, do pr\u00e1ce, na v\u00edkendy i na spole\u010densk\u00e9 akce.<\/p>\n<p class=\"\" data-start=\"4070\" data-end=\"4088\"><strong data-start=\"4070\" data-end=\"4086\">Ide\u00e1ln\u00ed pro:<\/strong><\/p>\n<ul data-start=\"4089\" data-end=\"4279\">\n<li class=\"\" data-start=\"4089\" data-end=\"4110\">\n<p class=\"\" data-start=\"4091\" data-end=\"4110\">B\u011b\u017en\u00e9 denn\u00ed no\u0161en\u00ed<\/p>\n<\/li>\n<li class=\"\" data-start=\"4111\" data-end=\"4139\">\n<p class=\"\" data-start=\"4113\" data-end=\"4139\">M\u011bstsk\u00e1 m\u00f3dn\u00ed prohl\u00e1\u0161en\u00ed<\/p>\n<\/li>\n<li class=\"\" data-start=\"4140\" data-end=\"4177\">\n<p class=\"\" data-start=\"4142\" data-end=\"4177\">Oble\u010den\u00ed ve stylu motocyklu nebo motork\u00e1\u0159e<\/p>\n<\/li>\n<li class=\"\" data-start=\"4178\" data-end=\"4209\">\n<p class=\"\" data-start=\"4180\" data-end=\"4209\">Podzimn\u00ed a jarn\u00ed svrchn\u00ed oble\u010den\u00ed<\/p>\n<\/li>\n<li class=\"\" data-start=\"4210\" data-end=\"4234\">\n<p class=\"\" data-start=\"4212\" data-end=\"4234\">Chladn\u00e9 letn\u00ed noci<\/p>\n<\/li>\n<li class=\"\" data-start=\"4235\" data-end=\"4279\">\n<p class=\"\" data-start=\"4237\" data-end=\"4279\">Lehk\u00e9 vrstven\u00ed pod kab\u00e1ty v zim\u011b<\/p>\n<\/li>\n<\/ul>\n<p class=\"\" data-start=\"4281\" data-end=\"4495\"><strong data-start=\"4281\" data-end=\"4303\">Pokyny pro p\u00e9\u010di:<\/strong><br data-start=\"4303\" data-end=\"4306\" \/>Lze pr\u00e1t v pra\u010dce ve studen\u00e9 vod\u011b. Su\u0161te v su\u0161i\u010dce nebo v n\u00edzk\u00e9m stupni. Vyhn\u011bte se b\u011blidl\u016fm nebo zm\u011bk\u010dovadl\u016fm. D\u017e\u00ednovina \u010dasem a pran\u00edm zm\u011bkne, ale d\u00edky prvot\u0159\u00eddn\u00ed kvalit\u011b tkaniny si zachov\u00e1 sv\u016fj tvar.<\/p>\n<\/div>\n<\/div>\n<\/div>\n<\/div>","protected":false},"excerpt":{"rendered":"<div class=\"flex-shrink-0 flex flex-col relative items-end\">\n<div class=\"pt-0\">\n<div class=\"gizmo-bot-avatar flex h-8 w-8 items-center justify-center overflow-hidden rounded-full\">\n<div class=\"relative p-1 rounded-sm flex items-center justify-center bg-token-main-surface-primary text-token-text-primary h-8 w-8\">\n<p class=\"\" data-start=\"370\" data-end=\"820\">Vylep\u0161ete sv\u016fj pouli\u010dn\u00ed styl s klasickou \u010dernou d\u017e\u00ednovou bundou RYINZ - nad\u010dasov\u00fdm kouskem, kter\u00fd v sob\u011b spojuje drsn\u00fd \u0161arm a modern\u00ed styl. Tato d\u017e\u00ednov\u00e1 bunda \u00fazk\u00e9ho st\u0159ihu je ur\u010dena pro mu\u017ee, kte\u0159\u00ed oce\u0148uj\u00ed odolnou m\u00f3du a ka\u017edodenn\u00ed pohodl\u00ed, a kombinuje ostr\u00fd st\u0159ih s m\u011bstsk\u00fdm \u0161mrncem. Jej\u00ed syt\u011b \u010dern\u00e1 barva s jemn\u00fdm vyblednut\u00edm dod\u00e1v\u00e1 obno\u0161en\u00fd vzhled, kter\u00fd nikdy nevyjde z m\u00f3dy, zat\u00edmco strukturovan\u00e9 pro\u0161\u00edv\u00e1n\u00ed a zap\u00edn\u00e1n\u00ed na knofl\u00edky vp\u0159edu udr\u017euje \u010distotu a klasiku.<\/p>\n<p class=\"\" data-start=\"822\" data-end=\"1162\">Bunda m\u00e1 dv\u011b n\u00e1prsn\u00ed kapsy s klopami na knofl\u00edky, dv\u011b bo\u010dn\u00ed kapsy na ruce nebo drobn\u00e9 dopl\u0148ky a man\u017eety na knofl\u00edky, kter\u00e9 lze podle pot\u0159eby rozepnout nebo zapnout. Je to univerz\u00e1ln\u00ed svrchn\u00ed vrstva, kter\u00e1 se hod\u00ed po cel\u00fd rok - v zim\u011b ji m\u016f\u017eete nosit p\u0159es mikinu s kapuc\u00ed, na ja\u0159e nebo na podzim p\u0159es tri\u010dko a v l\u00e9t\u011b ve\u010der dokonce p\u0159es t\u00edlko.<\/p>\n<p class=\"\" data-start=\"1164\" data-end=\"1392\">Je vyrobeno z vysoce kvalitn\u00ed, odoln\u00e9 d\u017e\u00ednoviny s m\u00edrnou elasticitou, tak\u017ee se \u010dasem p\u0159izp\u016fsob\u00ed va\u0161emu t\u011blu a zachov\u00e1 si sv\u016fj tvar. Ide\u00e1ln\u00ed pro mu\u017ee, kte\u0159\u00ed pot\u0159ebuj\u00ed kousek na b\u011b\u017en\u00e9 vych\u00e1zky, sch\u016fzky, v\u00fdlety nebo dokonce kancel\u00e1\u0159sk\u00e9 p\u00e1tky.<\/p>\n<p class=\"\" data-start=\"1394\" data-end=\"1546\">Oble\u010dte si ji k bot\u00e1m a tmav\u00fdm d\u017e\u00edn\u016fm nebo k b\u011b\u017eeck\u00fdm kalhot\u00e1m a tenisk\u00e1m - v ka\u017ed\u00e9m p\u0159\u00edpad\u011b d\u017e\u00ednov\u00e1 bunda RYINZ dopln\u00ed v\u00e1\u0161 outfit s nenucenou pohodou.<\/p>\n<\/div>\n<\/div>\n<\/div>\n<\/div>","protected":false},"featured_media":9078,"comment_status":"closed","ping_status":"closed","template":"","meta":[],"product_brand":[35],"product_cat":[202],"product_tag":[212,213],"class_list":{"0":"post-9030","1":"product","2":"type-product","3":"status-publish","4":"has-post-thumbnail","6":"product_brand-ryinz","7":"product_cat-apparels","8":"product_tag-all-season-jacket","9":"product_tag-casual-jacket","11":"first","12":"instock","13":"taxable","14":"shipping-taxable","15":"purchasable","16":"product-type-simple"},"_links":{"self":[{"href":"https:\/\/ryinz.cz\/velkoobchod\/cs\/wp-json\/wp\/v2\/product\/9030","targetHints":{"allow":["GET"]}}],"collection":[{"href":"https:\/\/ryinz.cz\/velkoobchod\/cs\/wp-json\/wp\/v2\/product"}],"about":[{"href":"https:\/\/ryinz.cz\/velkoobchod\/cs\/wp-json\/wp\/v2\/types\/product"}],"replies":[{"embeddable":true,"href":"https:\/\/ryinz.cz\/velkoobchod\/cs\/wp-json\/wp\/v2\/comments?post=9030"}],"wp:featuredmedia":[{"embeddable":true,"href":"https:\/\/ryinz.cz\/velkoobchod\/cs\/wp-json\/wp\/v2\/media\/9078"}],"wp:attachment":[{"href":"https:\/\/ryinz.cz\/velkoobchod\/cs\/wp-json\/wp\/v2\/media?parent=9030"}],"wp:term":[{"taxonomy":"product_brand","embeddable":true,"href":"https:\/\/ryinz.cz\/velkoobchod\/cs\/wp-json\/wp\/v2\/product_brand?post=9030"},{"taxonomy":"product_cat","embeddable":true,"href":"https:\/\/ryinz.cz\/velkoobchod\/cs\/wp-json\/wp\/v2\/product_cat?post=9030"},{"taxonomy":"product_tag","embeddable":true,"href":"https:\/\/ryinz.cz\/velkoobchod\/cs\/wp-json\/wp\/v2\/product_tag?post=9030"}],"curies":[{"name":"wp","href":"https:\/\/api.w.org\/{rel}","templated":true}]}}