{"id":9029,"date":"2025-06-22T15:26:32","date_gmt":"2025-06-22T15:26:32","guid":{"rendered":"https:\/\/ryinz.cz\/velkoobchod\/?post_type=product&#038;p=9029"},"modified":"2026-01-18T20:17:22","modified_gmt":"2026-01-18T20:17:22","slug":"ryinz-varsity-styl-streetwear-bunda-s-kapuci-klasicky-bomber-vzhled-s-umelou-kuzi-rukavy-kapuce-pro-muze","status":"publish","type":"product","link":"https:\/\/ryinz.cz\/velkoobchod\/cs\/product\/ryinz-varsity-style-streetwear-hoodie-jacket-classic-bomber-look-with-faux-leather-sleeves-hood-for-men\/","title":{"rendered":"RYINZ Varsity-Style Streetwear Hoodie Jacket - Classic Bomber Look s ruk\u00e1vy a kapuc\u00ed z um\u011bl\u00e9 k\u016f\u017ee pro mu\u017ee"},"content":{"rendered":"<p class=\"\" data-start=\"355\" data-end=\"715\">Vstupte do nad\u010dasov\u00e9ho stylu s <strong data-start=\"389\" data-end=\"437\">RYINZ Bunda s kapuc\u00ed ve stylu Varsity Streetwear<\/strong>, dokonal\u00e9 spojen\u00ed sportovn\u00ed m\u00f3dy a m\u011bstsk\u00e9ho pohodl\u00ed. Tento kousek, inspirovan\u00fd klasickou americkou bundou varsity, je vylep\u0161en modern\u00edmi materi\u00e1ly a praktick\u00fdmi streetwearov\u00fdmi prvky, d\u00edky \u010demu\u017e vynikne p\u0159i b\u011b\u017en\u00e9m no\u0161en\u00ed, v pracovn\u00edch uniform\u00e1ch, p\u0159i tvorb\u011b vlastn\u00edch zna\u010dek nebo v t\u00fdmov\u00fdch outfitech.<\/p>\n<p class=\"\" data-start=\"717\" data-end=\"1178\">Tento pl\u00e1\u0161\u0165 je definov\u00e1n <strong data-start=\"747\" data-end=\"798\">kontrastn\u00ed \u010dern\u00e9 ruk\u00e1vy z um\u011bl\u00e9 k\u016f\u017ee a kapuce<\/strong>, v kombinaci s odv\u00e1\u017en\u00fdm t\u011blem z l\u00e1tky v barv\u011b teal, d\u00edky \u010demu\u017e je m\u00f3dn\u00ed a univerz\u00e1ln\u00ed. Na str\u00e1nk\u00e1ch . <strong data-start=\"883\" data-end=\"904\">p\u0159edn\u00ed \u010d\u00e1st se zap\u00edn\u00e1n\u00edm na knofl\u00edky<\/strong>, \u017eebrovan\u00e9 man\u017eety a spodn\u00ed lem a dvojit\u00e9 bo\u010dn\u00ed kapsy zachov\u00e1vaj\u00ed tradi\u010dn\u00ed siluetu a z\u00e1rove\u0148 zvy\u0161uj\u00ed teplo a pohodl\u00ed. P\u0159ipojen\u00e1 kapuce se stahovac\u00edmi \u0161\u0148\u016frkami poskytuje dodate\u010dnou ochranu proti v\u011btru a m\u00edrn\u00e9mu de\u0161ti, tak\u017ee je ide\u00e1ln\u00ed pro chladn\u00e9 dny a p\u0159echodn\u00e9 po\u010das\u00ed.<\/p>\n<p class=\"\" data-start=\"1180\" data-end=\"1499\">Na str\u00e1nk\u00e1ch <strong data-start=\"1184\" data-end=\"1244\">hlavn\u00ed \u010d\u00e1st t\u011bla je vyrobena z odoln\u00e9 polyesterov\u00e9 sm\u011bsi fleece.<\/strong>, kter\u00e1 nab\u00edz\u00ed teplo bez velk\u00e9ho objemu. Ruk\u00e1vy napodobuj\u00ed odv\u00e1\u017enou estetiku k\u016f\u017ee, ale jsou vyrobeny ze syntetick\u00fdch materi\u00e1l\u016f, aby byly bez krut\u00fdch ne\u010distot a pru\u017en\u00e9. Vnit\u0159n\u00ed strana je m\u011bkk\u00e1 a prody\u0161n\u00e1, co\u017e umo\u017e\u0148uje celodenn\u00ed no\u0161en\u00ed, a\u0165 u\u017e jste ve m\u011bst\u011b, nebo z\u016fst\u00e1v\u00e1te aktivn\u00ed.<\/p>\n<p class=\"\" data-start=\"1501\" data-end=\"1808\">Mikina RYINZ s kapuc\u00ed nen\u00ed jen na par\u00e1du - je to <strong data-start=\"1552\" data-end=\"1623\">pln\u011b funk\u010dn\u00ed pro kluby, \u0161koly, podniky a osobn\u00ed styl.<\/strong>. D\u00edky velkorys\u00e9mu prostoru pro p\u0159izp\u016fsoben\u00ed m\u016f\u017eete snadno p\u0159idat jm\u00e9no sv\u00e9 zna\u010dky, logo nebo n\u00e1\u0161ivky na p\u0159edn\u00ed stranu, zadn\u00ed stranu nebo ruk\u00e1vy. Je to ide\u00e1ln\u00ed volba pro hromadn\u00e9 objedn\u00e1vky, merch nebo uniformy.<\/p>\n<p class=\"\" data-start=\"1810\" data-end=\"1998\">A\u0165 u\u017e se proch\u00e1z\u00ed\u0161 po ulic\u00edch, m\u00ed\u0159\u00ed\u0161 na vysokou, pracuje\u0161 venku nebo reprezentuje\u0161 svou zna\u010dku, tato bunda s kapuc\u00ed ti dod\u00e1 sv\u011b\u017e\u00ed, sportovn\u00ed atmosf\u00e9ru a z\u00e1rove\u0148 t\u011b udr\u017e\u00ed v teple a sebev\u011bdom\u00ed.<\/p>\n<hr class=\"\" data-start=\"2000\" data-end=\"2003\" \/>\n<h3 class=\"\" data-start=\"2005\" data-end=\"2032\"><strong data-start=\"2009\" data-end=\"2032\">Nejd\u016fle\u017eit\u011bj\u0161\u00ed vlastnosti produktu:<\/strong><\/h3>\n<ul data-start=\"2034\" data-end=\"2497\">\n<li class=\"\" data-start=\"2034\" data-end=\"2095\">\n<p class=\"\" data-start=\"2036\" data-end=\"2095\">Stylov\u00e1 bunda inspirovan\u00e1 varsity s modern\u00edm designem kapuce<\/p>\n<\/li>\n<li class=\"\" data-start=\"2096\" data-end=\"2140\">\n<p class=\"\" data-start=\"2098\" data-end=\"2140\">Ruk\u00e1vy z um\u011bl\u00e9 k\u016f\u017ee a kapuce se stahovac\u00ed \u0161\u0148\u016frkou<\/p>\n<\/li>\n<li class=\"\" data-start=\"2141\" data-end=\"2198\">\n<p class=\"\" data-start=\"2143\" data-end=\"2198\">Siln\u00e9 \u017eebrovan\u00e9 man\u017eety a spodn\u00ed lem s v\u00fdrazn\u00fdmi kontrastn\u00edmi pruhy.<\/p>\n<\/li>\n<li class=\"\" data-start=\"2199\" data-end=\"2243\">\n<p class=\"\" data-start=\"2201\" data-end=\"2243\">Odoln\u00e9 zap\u00edn\u00e1n\u00ed na knofl\u00edky na p\u0159edn\u00ed stran\u011b<\/p>\n<\/li>\n<li class=\"\" data-start=\"2244\" data-end=\"2297\">\n<p class=\"\" data-start=\"2246\" data-end=\"2297\">M\u011bkk\u00fd vnit\u0159ek s fleecovou pod\u0161\u00edvkou pro teplo a pohodl\u00ed<\/p>\n<\/li>\n<li class=\"\" data-start=\"2298\" data-end=\"2346\">\n<p class=\"\" data-start=\"2300\" data-end=\"2346\">Dv\u011b kapsy na ruce pro pohodl\u00ed a teplo<\/p>\n<\/li>\n<li class=\"\" data-start=\"2347\" data-end=\"2387\">\n<p class=\"\" data-start=\"2349\" data-end=\"2387\">Vlastn\u00ed zna\u010dka a p\u0159ipravenost k vy\u0161\u00edv\u00e1n\u00ed<\/p>\n<\/li>\n<li class=\"\" data-start=\"2388\" data-end=\"2436\">\n<p class=\"\" data-start=\"2390\" data-end=\"2436\">Unisex st\u0159ih, vhodn\u00fd pro mu\u017ee a star\u0161\u00ed ml\u00e1de\u017e<\/p>\n<\/li>\n<li class=\"\" data-start=\"2437\" data-end=\"2497\">\n<p class=\"\" data-start=\"2439\" data-end=\"2497\">Ide\u00e1ln\u00ed pro \u0161koly, sportovn\u00ed t\u00fdmy, startupy, prodejn\u00ed linky<\/p>\n<\/li>\n<\/ul>\n<hr class=\"\" data-start=\"2499\" data-end=\"2502\" \/>\n<h3 class=\"\" data-start=\"2504\" data-end=\"2525\"><strong data-start=\"2508\" data-end=\"2525\">Aplikace:<\/strong><\/h3>\n<ul data-start=\"2527\" data-end=\"2797\">\n<li class=\"\" data-start=\"2527\" data-end=\"2548\">\n<p class=\"\" data-start=\"2529\" data-end=\"2548\">Ka\u017edodenn\u00ed b\u011b\u017en\u00e9 no\u0161en\u00ed<\/p>\n<\/li>\n<li class=\"\" data-start=\"2549\" data-end=\"2580\">\n<p class=\"\" data-start=\"2551\" data-end=\"2580\">T\u00fdmov\u00e1 nebo klubov\u00e1 bunda<\/p>\n<\/li>\n<li class=\"\" data-start=\"2581\" data-end=\"2613\">\n<p class=\"\" data-start=\"2583\" data-end=\"2613\">Reklamn\u00ed nebo merchov\u00e9 oble\u010den\u00ed<\/p>\n<\/li>\n<li class=\"\" data-start=\"2614\" data-end=\"2651\">\n<p class=\"\" data-start=\"2616\" data-end=\"2651\">M\u00f3da na kampusu a \u0161koln\u00ed oble\u010den\u00ed<\/p>\n<\/li>\n<li class=\"\" data-start=\"2652\" data-end=\"2692\">\n<p class=\"\" data-start=\"2654\" data-end=\"2692\">Lehk\u00e9 pracovn\u00ed oble\u010den\u00ed na podzim\/jaro<\/p>\n<\/li>\n<li class=\"\" data-start=\"2693\" data-end=\"2723\">\n<p class=\"\" data-start=\"2695\" data-end=\"2723\">Projekty p\u0159izp\u016fsoben\u00ed B2B<\/p>\n<\/li>\n<li class=\"\" data-start=\"2724\" data-end=\"2769\">\n<p class=\"\" data-start=\"2726\" data-end=\"2769\">Firemn\u00ed d\u00e1rky nebo zna\u010dkov\u00e9 kampan\u011b<\/p>\n<\/li>\n<li class=\"\" data-start=\"2770\" data-end=\"2797\">\n<p class=\"\" data-start=\"2772\" data-end=\"2797\">M\u011bst\u0161t\u00ed prodejci m\u00f3dy<\/p>\n<\/li>\n<\/ul>\n<hr class=\"\" data-start=\"2799\" data-end=\"2802\" \/>\n<h3 class=\"\" data-start=\"2804\" data-end=\"2827\"><strong data-start=\"2808\" data-end=\"2827\">Specifikace:<\/strong><\/h3>\n<ul data-start=\"2829\" data-end=\"3246\">\n<li class=\"\" data-start=\"2829\" data-end=\"2897\">\n<p class=\"\" data-start=\"2831\" data-end=\"2897\">Vn\u011bj\u0161\u00ed materi\u00e1l: Materi\u00e1l: polyesterov\u00fd fleece (t\u011blo) + um\u011bl\u00e1 k\u016f\u017ee (ruk\u00e1vy)<\/p>\n<\/li>\n<li class=\"\" data-start=\"2898\" data-end=\"2929\">\n<p class=\"\" data-start=\"2900\" data-end=\"2929\">Oblo\u017een\u00ed: M\u011bkk\u00e1 kart\u00e1\u010dovan\u00e1 tkanina<\/p>\n<\/li>\n<li class=\"\" data-start=\"2930\" data-end=\"2955\">\n<p class=\"\" data-start=\"2932\" data-end=\"2955\">Uzav\u00edr\u00e1n\u00ed: Knofl\u00edky Snap<\/p>\n<\/li>\n<li class=\"\" data-start=\"2956\" data-end=\"2999\">\n<p class=\"\" data-start=\"2958\" data-end=\"2999\">Barva: Teal t\u011blo \/ \u010dern\u00e9 ruk\u00e1vy a kapuce<\/p>\n<\/li>\n<li class=\"\" data-start=\"3000\" data-end=\"3053\">\n<p class=\"\" data-start=\"3002\" data-end=\"3053\">Velikosti: S, M, L, XL, XXL (k dispozici jsou velikosti na p\u0159\u00e1n\u00ed).<\/p>\n<\/li>\n<li class=\"\" data-start=\"3054\" data-end=\"3125\">\n<p class=\"\" data-start=\"3056\" data-end=\"3125\">Vlastnosti: Kapuce se stahovac\u00ed \u0161\u0148\u016frkou, elastick\u00e9 pruhovan\u00e9 man\u017eety, 2 bo\u010dn\u00ed kapsy.<\/p>\n<\/li>\n<li class=\"\" data-start=\"3126\" data-end=\"3188\">\n<p class=\"\" data-start=\"3128\" data-end=\"3188\">P\u0159izp\u016fsoben\u00ed: Tisk loga, v\u00fd\u0161ivka, soukrom\u00e9 zna\u010den\u00ed<\/p>\n<\/li>\n<li class=\"\" data-start=\"3189\" data-end=\"3205\">\n<p class=\"\" data-start=\"3191\" data-end=\"3205\">MOQ: 100 ks<\/p>\n<\/li>\n<li class=\"\" data-start=\"3206\" data-end=\"3246\">\n<p class=\"\" data-start=\"3208\" data-end=\"3246\">Pohlav\u00ed: Unisex (prim\u00e1rn\u00ed c\u00edlov\u00e1 skupina: mu\u017ei)<\/p>\n<\/li>\n<\/ul>","protected":false},"excerpt":{"rendered":"<div class=\"flex-shrink-0 flex flex-col relative items-end\">\n<div class=\"pt-0\">\n<div class=\"gizmo-bot-avatar flex h-8 w-8 items-center justify-center overflow-hidden rounded-full\">\n<div class=\"relative p-1 rounded-sm flex items-center justify-center bg-token-main-surface-primary text-token-text-primary h-8 w-8\">\n<p class=\"\" data-start=\"3305\" data-end=\"3924\">Bunda RYINZ Varsity Hoodie Jacket kombinuje nad\u010dasovou univerzitn\u00ed m\u00f3du s modern\u00ed prakti\u010dnost\u00ed. Je navr\u017eena s p\u0159edn\u00edm zap\u00edn\u00e1n\u00edm na knofl\u00edky, pruhovan\u00fdmi \u017eebrovan\u00fdmi man\u017eetami a \u010dern\u00fdmi ruk\u00e1vy z um\u011bl\u00e9 k\u016f\u017ee a nab\u00edz\u00ed odv\u00e1\u017enou sportovn\u00ed estetiku. Kapuce se stahovac\u00ed \u0161\u0148\u016frkou a fleecov\u00fd vnit\u0159ek dod\u00e1vaj\u00ed pohodl\u00ed a teplo, tak\u017ee je ide\u00e1ln\u00ed pro streetov\u00e9 oble\u010den\u00ed, zna\u010dkov\u00e9 projekty nebo t\u00fdmov\u00e9 outfity. Tato bunda je pln\u011b p\u0159izp\u016fsobiteln\u00e1 d\u00edky prostoru pro loga a v\u00fd\u0161ivky, tak\u017ee je ide\u00e1ln\u00ed pro kluby, pracovn\u00ed t\u00fdmy, propaga\u010dn\u00ed akce a m\u00f3dn\u00ed prodejce. Stylov\u00e1, pohodln\u00e1 a vysoce p\u0159izp\u016fsobiv\u00e1 bunda p\u0159edstavuje z\u00e1kladn\u00ed st\u0159edn\u011b t\u011b\u017ekou bundu, kter\u00e1 bez probl\u00e9m\u016f vyva\u017euje m\u00f3du a funk\u010dnost.<\/p>\n<\/div>\n<\/div>\n<\/div>\n<\/div>","protected":false},"featured_media":9081,"comment_status":"closed","ping_status":"closed","template":"","meta":[],"product_brand":[35],"product_cat":[202],"product_tag":[209,210,211],"class_list":{"0":"post-9029","1":"product","2":"type-product","3":"status-publish","4":"has-post-thumbnail","6":"product_brand-ryinz","7":"product_cat-apparels","8":"product_tag-mens-hoodie-jacket","9":"product_tag-sportswear","10":"product_tag-varsity-jacket","12":"first","13":"instock","14":"taxable","15":"shipping-taxable","16":"purchasable","17":"product-type-simple"},"_links":{"self":[{"href":"https:\/\/ryinz.cz\/velkoobchod\/cs\/wp-json\/wp\/v2\/product\/9029","targetHints":{"allow":["GET"]}}],"collection":[{"href":"https:\/\/ryinz.cz\/velkoobchod\/cs\/wp-json\/wp\/v2\/product"}],"about":[{"href":"https:\/\/ryinz.cz\/velkoobchod\/cs\/wp-json\/wp\/v2\/types\/product"}],"replies":[{"embeddable":true,"href":"https:\/\/ryinz.cz\/velkoobchod\/cs\/wp-json\/wp\/v2\/comments?post=9029"}],"wp:featuredmedia":[{"embeddable":true,"href":"https:\/\/ryinz.cz\/velkoobchod\/cs\/wp-json\/wp\/v2\/media\/9081"}],"wp:attachment":[{"href":"https:\/\/ryinz.cz\/velkoobchod\/cs\/wp-json\/wp\/v2\/media?parent=9029"}],"wp:term":[{"taxonomy":"product_brand","embeddable":true,"href":"https:\/\/ryinz.cz\/velkoobchod\/cs\/wp-json\/wp\/v2\/product_brand?post=9029"},{"taxonomy":"product_cat","embeddable":true,"href":"https:\/\/ryinz.cz\/velkoobchod\/cs\/wp-json\/wp\/v2\/product_cat?post=9029"},{"taxonomy":"product_tag","embeddable":true,"href":"https:\/\/ryinz.cz\/velkoobchod\/cs\/wp-json\/wp\/v2\/product_tag?post=9029"}],"curies":[{"name":"wp","href":"https:\/\/api.w.org\/{rel}","templated":true}]}}