{"id":9028,"date":"2025-06-22T15:26:32","date_gmt":"2025-06-22T15:26:32","guid":{"rendered":"https:\/\/ryinz.cz\/velkoobchod\/?post_type=product&#038;p=9028"},"modified":"2026-01-18T20:17:22","modified_gmt":"2026-01-18T20:17:22","slug":"ryinz-panska-celocerna-takticka-bunda-do-terenu-s-vice-kapsami-a-kapuci-pro-venkovni-pracovni-streetwearove-obleceni","status":"publish","type":"product","link":"https:\/\/ryinz.cz\/velkoobchod\/cs\/product\/ryinz-mens-all-black-tactical-field-jacket-multi-pocket-windbreaker-with-hood-for-outdoor-work-streetwear\/","title":{"rendered":"RYINZ P\u00e1nsk\u00e1 celo\u010dern\u00e1 taktick\u00e1 bunda do ter\u00e9nu - v\u011btrovka s v\u00edce kapsami a kapuc\u00ed pro outdoor, pr\u00e1ci a streetwear"},"content":{"rendered":"<div class=\"flex-shrink-0 flex flex-col relative items-end\">\n<div class=\"pt-0\">\n<div class=\"gizmo-bot-avatar flex h-8 w-8 items-center justify-center overflow-hidden rounded-full\">\n<div class=\"relative p-1 rounded-sm flex items-center justify-center bg-token-main-surface-primary text-token-text-primary h-8 w-8\">\n<p class=\"\" data-start=\"1647\" data-end=\"2003\"><strong data-start=\"1647\" data-end=\"1694\">P\u00e1nsk\u00e1 celo\u010dern\u00e1 taktick\u00e1 poln\u00ed bunda RYINZ<\/strong> je ur\u010dena pro ty, kte\u0159\u00ed od sv\u00e9ho svrchn\u00edho od\u011bvu vy\u017eaduj\u00ed v\u00edce - v\u00edce kapes, v\u00edce ochrany a v\u00edce pozornosti. Tato bunda, navr\u017een\u00e1 pro celoro\u010dn\u00ed v\u0161estrannost a taktick\u00fd v\u00fdkon, spojuje nejlep\u0161\u00ed prvky kab\u00e1tu ve vojensk\u00e9m stylu, v\u011btrovky a zimn\u00ed pracovn\u00ed bundy v jednom m\u011bstsk\u00e9m designu.<\/p>\n<p class=\"\" data-start=\"2005\" data-end=\"2420\"><strong data-start=\"2005\" data-end=\"2040\">M\u011bstsk\u00e1 elegance se setk\u00e1v\u00e1 s robustn\u00ed u\u017eitkovost\u00ed<\/strong><br data-start=\"2040\" data-end=\"2043\" \/>Tato bunda do ter\u00e9nu ud\u011bl\u00e1 okam\u017eit\u00fd dojem d\u00edky sv\u00e9mu celo\u010dern\u00e9mu vzhledu. Na rozd\u00edl od typick\u00e9ho outdoorov\u00e9ho oble\u010den\u00ed, kter\u00e9 up\u0159ednost\u0148uje neonov\u00e9 nebo zemit\u00e9 t\u00f3ny, tento kousek vol\u00ed neonov\u00e9 barvy. <strong data-start=\"2201\" data-end=\"2222\">modern\u00ed minimalismus<\/strong>-Elegantn\u00ed, odv\u00e1\u017en\u00fd a sofistikovan\u00fd. Syt\u011b \u010dern\u00e1 barva zaru\u010duje snadn\u00e9 kombinov\u00e1n\u00ed se v\u0161emi ka\u017edodenn\u00edmi outfity, a\u0165 u\u017e vyr\u00e1\u017e\u00edte na poch\u016fzky, na v\u00fdlet, nebo se hl\u00e1s\u00edte do slu\u017eby na pracovi\u0161ti.<\/p>\n<p class=\"\" data-start=\"2422\" data-end=\"2529\"><strong data-start=\"2422\" data-end=\"2466\">Vestav\u011bn\u00e9 funkce, kapsa po kapse<\/strong><br data-start=\"2466\" data-end=\"2469\" \/>M\u011bjte voln\u00e9 ruce a bu\u010fte p\u0159ipraveni na v\u0161echno. Bunda obsahuje:<\/p>\n<ul data-start=\"2531\" data-end=\"2949\">\n<li class=\"\" data-start=\"2531\" data-end=\"2625\">\n<p class=\"\" data-start=\"2533\" data-end=\"2625\"><strong data-start=\"2533\" data-end=\"2563\">2 velk\u00e9 n\u00e1prsn\u00ed kapsy s klopou<\/strong> s knofl\u00edkov\u00fdm uz\u00e1v\u011brem - ide\u00e1ln\u00ed na doklady, z\u00e1pisn\u00edky nebo drobn\u00e9 n\u00e1\u0159ad\u00ed<\/p>\n<\/li>\n<li class=\"\" data-start=\"2626\" data-end=\"2707\">\n<p class=\"\" data-start=\"2628\" data-end=\"2707\"><strong data-start=\"2628\" data-end=\"2659\">2 vertik\u00e1ln\u00ed kapsy na zip<\/strong> pro bezpe\u010dn\u00fd p\u0159\u00edstup k hotovosti, telefonu nebo nab\u00edje\u010dk\u00e1m.<\/p>\n<\/li>\n<li class=\"\" data-start=\"2708\" data-end=\"2771\">\n<p class=\"\" data-start=\"2710\" data-end=\"2771\"><strong data-start=\"2710\" data-end=\"2738\">2 prostorn\u00e9 kapsy v pase<\/strong> na rukavice, mapy nebo z\u00e1pisn\u00edky<\/p>\n<\/li>\n<li class=\"\" data-start=\"2772\" data-end=\"2949\">\n<p class=\"\" data-start=\"2774\" data-end=\"2949\"><strong data-start=\"2774\" data-end=\"2793\">Vnit\u0159n\u00ed kapsa<\/strong> na cennosti nebo pen\u011b\u017eenku<br data-start=\"2817\" data-end=\"2820\" \/>D\u00edky \u0161esti vn\u011bj\u0161\u00edm p\u0159ihr\u00e1dk\u00e1m a jedn\u00e9 skryt\u00e9 uvnit\u0159 slou\u017e\u00ed tato bunda jako nosn\u00fd syst\u00e9m pro profesion\u00e1ly nebo ka\u017edodenn\u00ed pr\u016fzkumn\u00edky.<\/p>\n<\/li>\n<\/ul>\n<p class=\"\" data-start=\"2951\" data-end=\"2985\"><strong data-start=\"2951\" data-end=\"2983\">Nastaviteln\u00e9 pro ka\u017edou misi<\/strong><\/p>\n<ul data-start=\"2986\" data-end=\"3375\">\n<li class=\"\" data-start=\"2986\" data-end=\"3093\">\n<p class=\"\" data-start=\"2988\" data-end=\"3093\"><strong data-start=\"2988\" data-end=\"3008\">Stahovac\u00ed kapuce:<\/strong> Chra\u0148te si hlavu p\u0159ed n\u00e1hl\u00fdmi lij\u00e1ky nebo ji \u00fapln\u011b odstra\u0148te, abyste m\u011bli \u010dist\u0161\u00ed profil.<\/p>\n<\/li>\n<li class=\"\" data-start=\"3094\" data-end=\"3178\">\n<p class=\"\" data-start=\"3096\" data-end=\"3178\"><strong data-start=\"3096\" data-end=\"3134\">Nastaviteln\u00e9 man\u017eety s knofl\u00edkov\u00fdmi z\u00e1lo\u017ekami:<\/strong> Ut\u011bsn\u011bn\u00ed tepla nebo uvoln\u011bn\u00ed p\u0159i vrstven\u00ed<\/p>\n<\/li>\n<li class=\"\" data-start=\"3179\" data-end=\"3279\">\n<p class=\"\" data-start=\"3181\" data-end=\"3279\"><strong data-start=\"3181\" data-end=\"3212\">\u0160\u0148\u016fra v pase (skryt\u00e1 uvnit\u0159):<\/strong> P\u0159izp\u016fsobte si sv\u016fj st\u0159ih - p\u0159it\u00e1hn\u011bte se p\u0159i v\u011btru nebo se uvoln\u011bte p\u0159i b\u011b\u017en\u00e9m no\u0161en\u00ed<\/p>\n<\/li>\n<li class=\"\" data-start=\"3280\" data-end=\"3375\">\n<p class=\"\" data-start=\"3282\" data-end=\"3375\"><strong data-start=\"3282\" data-end=\"3318\">P\u0159edn\u00ed zip s klopou na knofl\u00edk:<\/strong> Pevn\u00e9 zaji\u0161t\u011bn\u00ed p\u0159i studen\u00e9m v\u011btru a robustn\u00ed detaily<\/p>\n<\/li>\n<\/ul>\n<p class=\"\" data-start=\"3377\" data-end=\"3799\"><strong data-start=\"3377\" data-end=\"3426\">Komfortn\u00ed izolace a odolnost proti pov\u011btrnostn\u00edm vliv\u016fm<\/strong><br data-start=\"3426\" data-end=\"3429\" \/>Uvnit\u0159 bundy je <strong data-start=\"3450\" data-end=\"3472\">m\u011bkk\u00e1 fleecov\u00e1 pod\u0161\u00edvka<\/strong> \u00fa\u010dinn\u011b zachycuje teplo, ani\u017e by zvy\u0161oval nadm\u011brnou hmotnost. Je ide\u00e1ln\u00ed pro sychrav\u00e1 r\u00e1na, podzimn\u00ed ve\u010dery nebo p\u0159echodn\u00e1 zimn\u00ed obdob\u00ed. Z vn\u011bj\u0161\u00ed strany je materi\u00e1l sko\u0159epiny <strong data-start=\"3646\" data-end=\"3690\">odolnost proti m\u00edrn\u00e9mu de\u0161ti a siln\u00e9mu v\u011btru<\/strong>, co\u017e z n\u011bj \u010din\u00ed spolehlivou volbu pro doj\u00ed\u017ed\u011bj\u00edc\u00ed, cestuj\u00edc\u00ed nebo lidi, kte\u0159\u00ed pracuj\u00ed venku v nep\u0159edv\u00eddateln\u00fdch podm\u00ednk\u00e1ch.<\/p>\n<p class=\"\" data-start=\"3801\" data-end=\"3839\"><strong data-start=\"3801\" data-end=\"3837\">Odolnost ov\u011b\u0159en\u00e1 v praxi - ide\u00e1ln\u00ed pro:<\/strong><\/p>\n<ul data-start=\"3840\" data-end=\"4018\">\n<li class=\"\" data-start=\"3840\" data-end=\"3868\">\n<p class=\"\" data-start=\"3842\" data-end=\"3868\">M\u011bstsk\u00e1 a taktick\u00e1 m\u00f3da<\/p>\n<\/li>\n<li class=\"\" data-start=\"3869\" data-end=\"3901\">\n<p class=\"\" data-start=\"3871\" data-end=\"3901\">Pou\u017eit\u00ed ve stavebnictv\u00ed a ve skladech<\/p>\n<\/li>\n<li class=\"\" data-start=\"3902\" data-end=\"3932\">\n<p class=\"\" data-start=\"3904\" data-end=\"3932\">Bezpe\u010dnostn\u00ed a dodavatelsk\u00e9 pr\u00e1ce<\/p>\n<\/li>\n<li class=\"\" data-start=\"3933\" data-end=\"3970\">\n<p class=\"\" data-start=\"3935\" data-end=\"3970\">Fotografov\u00e1n\u00ed v p\u0159\u00edrod\u011b nebo pr\u00e1ce v ter\u00e9nu<\/p>\n<\/li>\n<li class=\"\" data-start=\"3971\" data-end=\"3993\">\n<p class=\"\" data-start=\"3973\" data-end=\"3993\">Cestov\u00e1n\u00ed a doj\u00ed\u017ed\u011bn\u00ed<\/p>\n<\/li>\n<li class=\"\" data-start=\"3994\" data-end=\"4018\">\n<p class=\"\" data-start=\"3996\" data-end=\"4018\">Ka\u017edodenn\u00ed zimn\u00ed oble\u010den\u00ed<\/p>\n<\/li>\n<\/ul>\n<p class=\"\" data-start=\"4020\" data-end=\"4141\">A\u0165 u\u017e leze\u0161 po le\u0161en\u00ed, nebo se proch\u00e1z\u00ed\u0161 ulicemi m\u011bsta, bunda to v\u0161echno zvl\u00e1dne a p\u0159itom bude\u0161 vypadat skv\u011ble.<\/p>\n<p class=\"\" data-start=\"4143\" data-end=\"4364\"><strong data-start=\"4143\" data-end=\"4161\">St\u0159ih a vrstven\u00ed<\/strong><br data-start=\"4161\" data-end=\"4164\" \/>P\u0159izp\u016fsoben\u00fd, strukturovan\u00fd st\u0159ih nab\u00edz\u00ed dostatek prostoru, abyste si pod n\u011bj mohli vz\u00edt svetr nebo mikinu, ani\u017e by vypadaly objemn\u011b. Zes\u00edlen\u00e9 \u0161vy a odoln\u00e9 zipy zaji\u0161\u0165uj\u00ed dlouhou \u017eivotnost i v n\u00e1ro\u010dn\u00fdch podm\u00ednk\u00e1ch.<\/p>\n<p class=\"\" data-start=\"4366\" data-end=\"4582\"><strong data-start=\"4366\" data-end=\"4380\">Tipy pro styl<\/strong><br data-start=\"4380\" data-end=\"4383\" \/>Kombinujte je s taktick\u00fdmi botami a z\u00edskejte vzhled inspirovan\u00fd vojensk\u00fdm stylem, nebo je obl\u00e9kn\u011bte p\u0159es \u00fazk\u00e9 d\u017e\u00edny a tenisky a z\u00edskejte streetov\u00fd styl. Stejn\u011b dob\u0159e se hod\u00ed ke cargo kalhot\u00e1m, jogger\u016fm nebo chinos kalhot\u00e1m - Ryinz se p\u0159izp\u016fsob\u00ed va\u0161emu stylu.<\/p>\n<p class=\"\" data-start=\"4584\" data-end=\"4608\"><strong data-start=\"4584\" data-end=\"4606\">Pokyny pro p\u00e9\u010di:<\/strong><\/p>\n<ul data-start=\"4609\" data-end=\"4755\">\n<li class=\"\" data-start=\"4609\" data-end=\"4630\">\n<p class=\"\" data-start=\"4611\" data-end=\"4630\">Pran\u00ed v pra\u010dce za studena<\/p>\n<\/li>\n<li class=\"\" data-start=\"4631\" data-end=\"4679\">\n<p class=\"\" data-start=\"4633\" data-end=\"4679\">Su\u0161te v suchu, abyste zachovali tvar a fleecovou pod\u0161\u00edvku.<\/p>\n<\/li>\n<li class=\"\" data-start=\"4680\" data-end=\"4710\">\n<p class=\"\" data-start=\"4682\" data-end=\"4710\">Vyhn\u011bte se b\u011blidl\u016fm nebo hork\u00fdm su\u0161i\u010dk\u00e1m<\/p>\n<\/li>\n<li class=\"\" data-start=\"4711\" data-end=\"4755\">\n<p class=\"\" data-start=\"4713\" data-end=\"4755\">\u010ci\u0161t\u011bn\u00ed zip\u016f a knofl\u00edk\u016f podle pot\u0159eby<\/p>\n<\/li>\n<\/ul>\n<p class=\"\" data-start=\"4757\" data-end=\"4842\">Tato bunda je <strong data-start=\"4772\" data-end=\"4799\">v\u00edce ne\u017e jen oble\u010den\u00ed<\/strong>-Je to sada n\u00e1stroj\u016f, \u0161t\u00edt a prohl\u00e1\u0161en\u00ed.<\/p>\n<\/div>\n<\/div>\n<\/div>\n<\/div>","protected":false},"excerpt":{"rendered":"<div class=\"flex-shrink-0 flex flex-col relative items-end\">\n<div class=\"pt-0\">\n<div class=\"gizmo-bot-avatar flex h-8 w-8 items-center justify-center overflow-hidden rounded-full\">\n<div class=\"relative p-1 rounded-sm flex items-center justify-center bg-token-main-surface-primary text-token-text-primary h-8 w-8\">\n<p class=\"\" data-start=\"386\" data-end=\"739\">Vydejte se za sebev\u011bdom\u00fdm stylem a u\u017eite\u010dnost\u00ed s <strong data-start=\"433\" data-end=\"474\">Taktick\u00e1 poln\u00ed bunda RYINZ v \u010dern\u00e9 barv\u011b<\/strong>, odv\u00e1\u017en\u00e1 kombinace robustn\u00edho streetov\u00e9ho oble\u010den\u00ed, outdoorov\u00e9 odolnosti a funk\u010dn\u00edho pracovn\u00edho oble\u010den\u00ed. Tato bunda byla vytvo\u0159ena pro mu\u017ee, kte\u0159\u00ed oce\u0148uj\u00ed m\u00f3du i funk\u010dnost, a stane se va\u0161\u00edm ka\u017edodenn\u00edm spole\u010dn\u00edkem p\u0159i st\u0159\u00edd\u00e1n\u00ed klimatick\u00fdch podm\u00ednek, m\u011bstsk\u00e9m pr\u016fzkumu, pr\u00e1ci v ter\u00e9nu i zimn\u00edm doj\u00ed\u017ed\u011bn\u00ed.<\/p>\n<p class=\"\" data-start=\"741\" data-end=\"1132\">Tato bunda s v\u00fdrazn\u00fdm celo\u010dern\u00fdm designem m\u00e1 strukturovanou siluetu s kombinac\u00ed bezpe\u010dn\u00fdch kapes s klopou na knofl\u00edk a vertik\u00e1ln\u00edch p\u0159ihr\u00e1dek na zip - m\u016f\u017eete v n\u00ed snadno nosit n\u00e1\u0159ad\u00ed, pom\u016fcky, karty nebo nezbytn\u00e9 v\u011bci. Bunda do ter\u00e9nu RYINZ je navr\u017eena s odn\u00edmatelnou kapuc\u00ed, nastaviteln\u00fdmi stahovac\u00edmi \u0161\u0148\u016frkami a odoln\u00fdm pro\u0161\u00edv\u00e1n\u00edm a p\u0159izp\u016fsob\u00ed se va\u0161im pot\u0159eb\u00e1m v nep\u0159edv\u00eddateln\u00e9m prost\u0159ed\u00ed.<\/p>\n<p class=\"\" data-start=\"1134\" data-end=\"1398\">Jej\u00ed vnit\u0159n\u00ed fleecov\u00e1 pod\u0161\u00edvka zaji\u0161\u0165uje teplo b\u011bhem chladn\u00fdch dn\u016f, zat\u00edmco vn\u011bj\u0161\u00ed l\u00e1tka odoln\u00e1 proti v\u011btru v\u00e1s ochr\u00e1n\u00ed p\u0159ed prudk\u00fdmi poryvy a lehk\u00fdm de\u0161t\u011bm. A\u0165 u\u017e bundu navrstv\u00edte p\u0159es mikinu s kapuc\u00ed, nebo ji budete nosit samostatn\u011b, zajist\u00ed v\u00e1m elegantn\u00ed vzhled, ani\u017e by to bylo na \u00fakor pohodl\u00ed nebo pohybu.<\/p>\n<p class=\"\" data-start=\"1400\" data-end=\"1590\">D\u00edky \u010dist\u00fdm lini\u00edm, st\u0159ihu inspirovan\u00e9mu vojensk\u00fdm stylem a modern\u00edmu proveden\u00ed \u010dern\u00e1 na \u010dern\u00e9 se tento kousek bez probl\u00e9m\u016f hod\u00ed do ka\u017ed\u00e9ho \u0161atn\u00edku - od streetwearov\u00fdch kolekc\u00ed a\u017e po outdoorov\u00e9 vybaven\u00ed a b\u011b\u017en\u00e9 uniformy.<\/p>\n<\/div>\n<\/div>\n<\/div>\n<\/div>","protected":false},"featured_media":9076,"comment_status":"closed","ping_status":"closed","template":"","meta":[],"product_brand":[35],"product_cat":[202],"product_tag":[207,208],"class_list":{"0":"post-9028","1":"product","2":"type-product","3":"status-publish","4":"has-post-thumbnail","6":"product_brand-ryinz","7":"product_cat-apparels","8":"product_tag-casual-black-jacket","9":"product_tag-custom-logo-jacket","11":"first","12":"instock","13":"taxable","14":"shipping-taxable","15":"purchasable","16":"product-type-simple"},"_links":{"self":[{"href":"https:\/\/ryinz.cz\/velkoobchod\/cs\/wp-json\/wp\/v2\/product\/9028","targetHints":{"allow":["GET"]}}],"collection":[{"href":"https:\/\/ryinz.cz\/velkoobchod\/cs\/wp-json\/wp\/v2\/product"}],"about":[{"href":"https:\/\/ryinz.cz\/velkoobchod\/cs\/wp-json\/wp\/v2\/types\/product"}],"replies":[{"embeddable":true,"href":"https:\/\/ryinz.cz\/velkoobchod\/cs\/wp-json\/wp\/v2\/comments?post=9028"}],"wp:featuredmedia":[{"embeddable":true,"href":"https:\/\/ryinz.cz\/velkoobchod\/cs\/wp-json\/wp\/v2\/media\/9076"}],"wp:attachment":[{"href":"https:\/\/ryinz.cz\/velkoobchod\/cs\/wp-json\/wp\/v2\/media?parent=9028"}],"wp:term":[{"taxonomy":"product_brand","embeddable":true,"href":"https:\/\/ryinz.cz\/velkoobchod\/cs\/wp-json\/wp\/v2\/product_brand?post=9028"},{"taxonomy":"product_cat","embeddable":true,"href":"https:\/\/ryinz.cz\/velkoobchod\/cs\/wp-json\/wp\/v2\/product_cat?post=9028"},{"taxonomy":"product_tag","embeddable":true,"href":"https:\/\/ryinz.cz\/velkoobchod\/cs\/wp-json\/wp\/v2\/product_tag?post=9028"}],"curies":[{"name":"wp","href":"https:\/\/api.w.org\/{rel}","templated":true}]}}