{"id":9027,"date":"2025-06-22T15:26:31","date_gmt":"2025-06-22T15:26:31","guid":{"rendered":"https:\/\/ryinz.cz\/velkoobchod\/?post_type=product&#038;p=9027"},"modified":"2026-01-18T20:17:21","modified_gmt":"2026-01-18T20:17:21","slug":"ryinz-bunda-s-vice-kapsami-ve-vojenskem-stylu-pro-muze-tezke-outdoorove-obleceni-s-odnimatelnou-vnitrni-vrstvou","status":"publish","type":"product","link":"https:\/\/ryinz.cz\/velkoobchod\/cs\/product\/ryinz-multi-pocket-military-style-jacket-for-men-heavy-duty-outdoor-outerwear-with-removable-inner-layer\/","title":{"rendered":"P\u00e1nsk\u00e1 bunda RYINZ s v\u00edce kapsami ve vojensk\u00e9m stylu - odoln\u00e9 outdoorov\u00e9 oble\u010den\u00ed s odn\u00edmatelnou vnit\u0159n\u00ed vrstvou"},"content":{"rendered":"<div class=\"flex-shrink-0 flex flex-col relative items-end\">\n<div class=\"pt-0\">\n<div class=\"gizmo-bot-avatar flex h-8 w-8 items-center justify-center overflow-hidden rounded-full\">\n<div class=\"relative p-1 rounded-sm flex items-center justify-center bg-token-main-surface-primary text-token-text-primary h-8 w-8\">\n<p class=\"\" data-start=\"1650\" data-end=\"2041\">Seznamte se s <strong data-start=\"1659\" data-end=\"1714\">P\u00e1nsk\u00e1 vojensk\u00e1 bunda RYINZ Heavy-Duty s v\u00edce kapsami<\/strong>-\u0161pi\u010dkov\u00e9 svrchn\u00ed oble\u010den\u00ed stvo\u0159en\u00e9 pro akci, dobrodru\u017estv\u00ed a ka\u017edodenn\u00ed dominanci. Tato bunda \u010derp\u00e1 inspiraci z vojensk\u00e9ho stylu a stoj\u00ed na pomez\u00ed taktick\u00e9 u\u017eite\u010dnosti a modern\u00ed m\u00f3dy. Nen\u00ed to jen svrchn\u00ed od\u011bv; je to n\u00e1stroj odolnosti, m\u00f3dn\u00ed prohl\u00e1\u0161en\u00ed a \u0161t\u00edt proti \u017eivl\u016fm.<\/p>\n<p class=\"\" data-start=\"2043\" data-end=\"2133\"><strong data-start=\"2043\" data-end=\"2076\">V\u0161estrann\u00fd syst\u00e9m vrstev 2 v 1<\/strong><br data-start=\"2076\" data-end=\"2079\" \/>Tato bunda m\u00e1 jedine\u010dnou konstrukci 2 v 1:<\/p>\n<ul data-start=\"2134\" data-end=\"2246\">\n<li class=\"\" data-start=\"2134\" data-end=\"2174\">\n<p class=\"\" data-start=\"2136\" data-end=\"2174\">Pevn\u00fd, vod\u011bodoln\u00fd vn\u011bj\u0161\u00ed pl\u00e1\u0161\u0165<\/p>\n<\/li>\n<li class=\"\" data-start=\"2175\" data-end=\"2246\">\n<p class=\"\" data-start=\"2177\" data-end=\"2246\">Pln\u011b odn\u00edmateln\u00e1 pro\u0161\u00edvan\u00e1 vnit\u0159n\u00ed pod\u0161\u00edvka v poutav\u00e9 ho\u0159lav\u011b oran\u017eov\u00e9 barv\u011b.<\/p>\n<\/li>\n<\/ul>\n<p class=\"\" data-start=\"2248\" data-end=\"2490\">Pro v\u011bt\u0161\u00ed teplo v zim\u011b m\u016f\u017eete nosit celou bundu nebo odepnout vnit\u0159n\u00ed vrstvu pro p\u0159echodn\u00e9 po\u010das\u00ed. Tento chytr\u00fd p\u0159\u00edstup k vrstven\u00ed v\u00e1m d\u00e1v\u00e1 volnost v r\u016fzn\u00fdch ro\u010dn\u00edch obdob\u00edch - ide\u00e1ln\u00ed na cestov\u00e1n\u00ed, turistiku, doj\u00ed\u017ed\u011bn\u00ed do m\u011bsta nebo ka\u017edodenn\u00ed b\u011b\u017en\u00e9 no\u0161en\u00ed.<\/p>\n<p class=\"\" data-start=\"2492\" data-end=\"2880\"><strong data-start=\"2492\" data-end=\"2520\">Materi\u00e1l a \u0159emesln\u00e9 zpracov\u00e1n\u00ed<\/strong><br data-start=\"2520\" data-end=\"2523\" \/>Tato bunda je vyrobena z vysoce kvalitn\u00edho bavln\u011bn\u00e9ho pl\u00e1tna a zes\u00edlen\u00e9ho polyesteru a je odoln\u00e1 proti opot\u0159eben\u00ed, roztr\u017een\u00ed a nep\u0159\u00edzniv\u00e9mu po\u010das\u00ed. Odoln\u00fd p\u0159edn\u00ed zip je spojen s knofl\u00edkovou klopou proti bou\u0159i, kter\u00e1 chr\u00e1n\u00ed va\u0161e j\u00e1dro p\u0159ed prudk\u00fdm v\u011btrem. L\u00edmec m\u00e1 vysok\u00fd stoj\u00e1\u010dek se zap\u00edn\u00e1n\u00edm na knofl\u00edky, kter\u00fd si m\u016f\u017eete zapnout, abyste si zah\u0159\u00e1li krk, nebo nechat rozepnut\u00fd pro voln\u011bj\u0161\u00ed vzhled.<\/p>\n<p class=\"\" data-start=\"2882\" data-end=\"3060\">Ka\u017ed\u00fd \u0161ev, kapsa a z\u00e1plata jsou vyztu\u017eeny odoln\u00fdmi \u0161vy. Ruk\u00e1vy jsou kloubov\u00e9, co\u017e zlep\u0161uje pohyblivost pa\u017e\u00ed. Uvnit\u0159 je vyj\u00edmateln\u00e1 polstrovan\u00e1 vlo\u017eka, kter\u00e1 dod\u00e1v\u00e1 pohodl\u00ed bez objemu.<\/p>\n<p class=\"\" data-start=\"3062\" data-end=\"3107\"><strong data-start=\"3062\" data-end=\"3105\">Funk\u010dn\u00ed design s \u00falo\u017enou kapacitou<\/strong><\/p>\n<ul data-start=\"3108\" data-end=\"3321\">\n<li class=\"\" data-start=\"3108\" data-end=\"3152\">\n<p class=\"\" data-start=\"3110\" data-end=\"3152\">2 n\u00e1prsn\u00ed kapsy s klopou a zap\u00edn\u00e1n\u00edm na knofl\u00edky<\/p>\n<\/li>\n<li class=\"\" data-start=\"3153\" data-end=\"3197\">\n<p class=\"\" data-start=\"3155\" data-end=\"3197\">2 velk\u00e9 spodn\u00ed kapsy s klopou + knofl\u00edk<\/p>\n<\/li>\n<li class=\"\" data-start=\"3198\" data-end=\"3230\">\n<p class=\"\" data-start=\"3200\" data-end=\"3230\">Vertik\u00e1ln\u00ed n\u00e1prsn\u00ed kapsa na zip<\/p>\n<\/li>\n<li class=\"\" data-start=\"3231\" data-end=\"3281\">\n<p class=\"\" data-start=\"3233\" data-end=\"3281\">V\u00edce vnit\u0159n\u00edch p\u0159ihr\u00e1dek pro bezpe\u010dn\u00e9 ulo\u017een\u00ed<\/p>\n<\/li>\n<li class=\"\" data-start=\"3282\" data-end=\"3321\">\n<p class=\"\" data-start=\"3284\" data-end=\"3321\">Kapsa na pa\u017ei pro robustn\u00ed vzhled<\/p>\n<\/li>\n<\/ul>\n<p class=\"\" data-start=\"3323\" data-end=\"3518\">Tato bunda nen\u00ed navr\u017eena jen proto, aby v\u00e1s zah\u0159\u00e1la - je vyrobena tak, abyste v n\u00ed m\u011bli po\u0159\u00e1dek. A\u0165 u\u017e m\u00e1te u sebe pas, n\u00e1\u0159ad\u00ed, pom\u016fcky nebo rukavice, bunda RYINZ v\u0161e udr\u017e\u00ed v bezpe\u010d\u00ed.<\/p>\n<p class=\"\" data-start=\"3520\" data-end=\"3835\"><strong data-start=\"3520\" data-end=\"3542\">Odolnost proti pov\u011btrnostn\u00edm vliv\u016fm<\/strong><br data-start=\"3542\" data-end=\"3545\" \/>Vn\u011bj\u0161\u00ed pl\u00e1\u0161\u0165 je upraven tak, aby odol\u00e1val vod\u011b, skvrn\u00e1m a v\u011btru, tak\u017ee je ide\u00e1ln\u00ed do nep\u0159edv\u00eddateln\u00e9ho po\u010das\u00ed. D\u00e9\u0161\u0165 se sn\u00e1\u0161\u00ed z povrchu, zat\u00edmco vnit\u0159n\u00ed vlo\u017eka zachycuje teplo pro maxim\u00e1ln\u00ed izolaci. Elastick\u00e9 \u0161\u0148\u016frky na spodn\u00edm lemu a nastaviteln\u00e9 man\u017eety umo\u017e\u0148uj\u00ed doladit st\u0159ih a ut\u011bsnit chladn\u00fd pr\u016fvan.<\/p>\n<p class=\"\" data-start=\"3837\" data-end=\"4148\"><strong data-start=\"3837\" data-end=\"3854\">Styl a barva<\/strong><br data-start=\"3854\" data-end=\"3857\" \/>Hlubok\u00fd zemit\u00fd t\u00f3n, kter\u00fd se m\u00eds\u00ed s \u010dernou a vojenskou hn\u011bd\u00ed, je zv\u00fdrazn\u011bn vintage mosazn\u00fdmi knofl\u00edky, robustn\u00edmi hn\u011bd\u00fdmi detaily a charakteristick\u00fdm oran\u017eov\u00fdm vnit\u0159kem. Perfektn\u011b se hod\u00ed k d\u017e\u00edn\u016fm, cargo kalhot\u00e1m nebo taktick\u00fdm kalhot\u00e1m. V\u00fdrazn\u00e9 vnit\u0159n\u00ed logo RYINZ dod\u00e1v\u00e1 bra\u0161n\u011b charakter, ani\u017e by ji p\u0159ehlu\u0161ovalo.<\/p>\n<p class=\"\" data-start=\"4150\" data-end=\"4166\"><strong data-start=\"4150\" data-end=\"4164\">Ide\u00e1ln\u00ed pro:<\/strong><\/p>\n<ul data-start=\"4167\" data-end=\"4342\">\n<li class=\"\" data-start=\"4167\" data-end=\"4194\">\n<p class=\"\" data-start=\"4169\" data-end=\"4194\">Ochrana p\u0159ed chladn\u00fdm po\u010das\u00edm<\/p>\n<\/li>\n<li class=\"\" data-start=\"4195\" data-end=\"4225\">\n<p class=\"\" data-start=\"4197\" data-end=\"4225\">Venkovn\u00ed turistika a kempov\u00e1n\u00ed<\/p>\n<\/li>\n<li class=\"\" data-start=\"4226\" data-end=\"4253\">\n<p class=\"\" data-start=\"4228\" data-end=\"4253\">No\u0161en\u00ed ve m\u011bst\u011b a doj\u00ed\u017ed\u011bn\u00ed<\/p>\n<\/li>\n<li class=\"\" data-start=\"4254\" data-end=\"4273\">\n<p class=\"\" data-start=\"4256\" data-end=\"4273\">Cestovn\u00ed vrstven\u00ed<\/p>\n<\/li>\n<li class=\"\" data-start=\"4274\" data-end=\"4303\">\n<p class=\"\" data-start=\"4276\" data-end=\"4303\">Motocykl a v\u00fdlety<\/p>\n<\/li>\n<li class=\"\" data-start=\"4304\" data-end=\"4342\">\n<p class=\"\" data-start=\"4306\" data-end=\"4342\">Taktick\u00e9 pou\u017eit\u00ed a n\u00e1ro\u010dn\u00e9 pracovn\u00ed od\u011bvy<\/p>\n<\/li>\n<\/ul>\n<p class=\"\" data-start=\"4344\" data-end=\"4547\"><strong data-start=\"4344\" data-end=\"4360\">Velikost a st\u0159ih<\/strong><br data-start=\"4360\" data-end=\"4363\" \/>P\u0159esn\u011b podle velikosti pro p\u0159izp\u016fsoben\u00fd vzhled. Pro voln\u011bj\u0161\u00ed st\u0159ih nebo vrstven\u00ed p\u0159es objemn\u00e9 svetry zva\u017ete zv\u011bt\u0161en\u00ed velikosti. Navr\u017eeno s dostate\u010dn\u00fdm prostorem v oblasti ramen a hrudn\u00edku, kter\u00fd umo\u017e\u0148uje flexibiln\u00ed pohyb.<\/p>\n<p class=\"\" data-start=\"4549\" data-end=\"4702\"><strong data-start=\"4549\" data-end=\"4571\">Pokyny pro p\u00e9\u010di:<\/strong><br data-start=\"4571\" data-end=\"4574\" \/>Pran\u00ed v pra\u010dce za studena (nejprve vyjm\u011bte vnit\u0159n\u00ed vlo\u017eku). Su\u0161te pov\u011b\u0161en\u00e9. Neb\u011blit. Pou\u017e\u00edvejte jemn\u00e9 prac\u00ed prost\u0159edky. Vnit\u0159n\u00ed vrstvu perte odd\u011blen\u011b.<\/p>\n<\/div>\n<\/div>\n<\/div>\n<\/div>","protected":false},"excerpt":{"rendered":"<div class=\"flex-shrink-0 flex flex-col relative items-end\">\n<div class=\"pt-0\">\n<div class=\"gizmo-bot-avatar flex h-8 w-8 items-center justify-center overflow-hidden rounded-full\">\n<div class=\"relative p-1 rounded-sm flex items-center justify-center bg-token-main-surface-primary text-token-text-primary h-8 w-8\">\n<p class=\"\" data-start=\"368\" data-end=\"787\">Vylep\u0161ete sv\u016fj \u0161atn\u00edk v chladn\u00e9m po\u010das\u00ed robustn\u00edm, ale rafinovan\u00fdm modelem <strong data-start=\"431\" data-end=\"475\">RYINZ Bunda vojensk\u00e9ho stylu s v\u00edce kapsami<\/strong> pro mu\u017ee. Tato bunda je navr\u017eena tak, aby poskytovala maxim\u00e1ln\u00ed u\u017eitek s odv\u00e1\u017en\u00fdm m\u00f3dn\u00edm n\u00e1dechem, a kombinuje taktickou funk\u010dnost s prvot\u0159\u00eddn\u00edm komfortem. Je stvo\u0159ena pro v\u0161echna ro\u010dn\u00ed obdob\u00ed a ter\u00e9ny a je vybavena odn\u00edmatelnou vnit\u0159n\u00ed vrstvou s kontrastn\u00ed oran\u017eovou pod\u0161\u00edvkou, kter\u00e1 v\u00e1m umo\u017en\u00ed snadno se p\u0159izp\u016fsobit m\u011bn\u00edc\u00edm se pov\u011btrnostn\u00edm podm\u00ednk\u00e1m.<\/p>\n<p class=\"\" data-start=\"789\" data-end=\"1251\">D\u00edky \u010dty\u0159em prostorn\u00fdm vn\u011bj\u0161\u00edm kaps\u00e1m a n\u011bkolika vnit\u0159n\u00edm p\u0159ihr\u00e1dk\u00e1m nab\u00edz\u00ed tato bunda dokonal\u00e9 \u0159e\u0161en\u00ed pro ulo\u017een\u00ed v\u0161eho od telefonu a pen\u011b\u017eenky a\u017e po n\u00e1\u0159ad\u00ed a cestovn\u00ed dopl\u0148ky. P\u0159edn\u00ed zap\u00edn\u00e1n\u00ed na knofl\u00edky a zip v\u00e1s ochr\u00e1n\u00ed p\u0159ed v\u011btrem a chladem, zat\u00edmco nastaviteln\u00e9 man\u017eety a stoj\u00e1\u010dek zajist\u00ed teplo, ani\u017e by byla omezena va\u0161e pohyblivost. Zes\u00edlen\u00e9 \u0161vy na tlakov\u00fdch z\u00f3n\u00e1ch zaji\u0161\u0165uj\u00ed dlouhodobou odolnost i v n\u00e1ro\u010dn\u00fdch venkovn\u00edch podm\u00ednk\u00e1ch.<\/p>\n<p class=\"\" data-start=\"1253\" data-end=\"1593\">A\u0165 u\u017e se chyst\u00e1te do m\u011bsta, nebo na t\u00faru do p\u0159\u00edrody, v t\u00e9to bund\u011b budete p\u0159ipraveni a stylov\u00ed. M\u016f\u017eete ji navrstvit na mikinu, abyste se zah\u0159\u00e1li, nebo ji nosit samostatn\u011b a z\u00edskat odv\u00e1\u017en\u00fd vzhled inspirovan\u00fd vojenskou technikou, kter\u00fd nikdy nezklame. Robustn\u00ed \u010derno-hn\u011bd\u00fd vn\u011bj\u0161\u00ed pl\u00e1\u0161\u0165 je dopln\u011bn m\u011bd\u011bn\u00fdm kov\u00e1n\u00edm a kontrastn\u00edmi zipy, kter\u00e9 p\u016fsob\u00ed sofistikovan\u011b.<\/p>\n<\/div>\n<\/div>\n<\/div>\n<\/div>","protected":false},"featured_media":9075,"comment_status":"closed","ping_status":"closed","template":"","meta":[],"product_brand":[35],"product_cat":[202],"product_tag":[205,206],"class_list":{"0":"post-9027","1":"product","2":"type-product","3":"status-publish","4":"has-post-thumbnail","6":"product_brand-ryinz","7":"product_cat-apparels","8":"product_tag-custom-mens-jacket","9":"product_tag-durable-fabric-jacket","11":"first","12":"instock","13":"taxable","14":"shipping-taxable","15":"purchasable","16":"product-type-simple"},"_links":{"self":[{"href":"https:\/\/ryinz.cz\/velkoobchod\/cs\/wp-json\/wp\/v2\/product\/9027","targetHints":{"allow":["GET"]}}],"collection":[{"href":"https:\/\/ryinz.cz\/velkoobchod\/cs\/wp-json\/wp\/v2\/product"}],"about":[{"href":"https:\/\/ryinz.cz\/velkoobchod\/cs\/wp-json\/wp\/v2\/types\/product"}],"replies":[{"embeddable":true,"href":"https:\/\/ryinz.cz\/velkoobchod\/cs\/wp-json\/wp\/v2\/comments?post=9027"}],"wp:featuredmedia":[{"embeddable":true,"href":"https:\/\/ryinz.cz\/velkoobchod\/cs\/wp-json\/wp\/v2\/media\/9075"}],"wp:attachment":[{"href":"https:\/\/ryinz.cz\/velkoobchod\/cs\/wp-json\/wp\/v2\/media?parent=9027"}],"wp:term":[{"taxonomy":"product_brand","embeddable":true,"href":"https:\/\/ryinz.cz\/velkoobchod\/cs\/wp-json\/wp\/v2\/product_brand?post=9027"},{"taxonomy":"product_cat","embeddable":true,"href":"https:\/\/ryinz.cz\/velkoobchod\/cs\/wp-json\/wp\/v2\/product_cat?post=9027"},{"taxonomy":"product_tag","embeddable":true,"href":"https:\/\/ryinz.cz\/velkoobchod\/cs\/wp-json\/wp\/v2\/product_tag?post=9027"}],"curies":[{"name":"wp","href":"https:\/\/api.w.org\/{rel}","templated":true}]}}