{"id":9017,"date":"2025-06-22T15:25:50","date_gmt":"2025-06-22T15:25:50","guid":{"rendered":"https:\/\/ryinz.cz\/velkoobchod\/?post_type=product&#038;p=9017"},"modified":"2026-01-18T20:17:21","modified_gmt":"2026-01-18T20:17:21","slug":"ryinz-panska-hneda-bunda-bomber-z-umele-kuze-s-kapuci-streetwear-moto-styl-s-kapsami-na-zip-s-patentkami","status":"publish","type":"product","link":"https:\/\/ryinz.cz\/velkoobchod\/cs\/product\/ryinz-mens-brown-faux-leather-bomber-jacket-with-hoodie-streetwear-moto-style-with-zipper-snap-pockets\/","title":{"rendered":"RYINZ P\u00e1nsk\u00e1 hn\u011bd\u00e1 bunda z um\u011bl\u00e9 k\u016f\u017ee s kapuc\u00ed - Streetwear Moto styl s kapsami na zip a patentkami"},"content":{"rendered":"<div class=\"flex-shrink-0 flex flex-col relative items-end\">\n<div class=\"pt-0\">\n<div class=\"gizmo-bot-avatar flex h-8 w-8 items-center justify-center overflow-hidden rounded-full\">\n<p class=\"\" data-start=\"1250\" data-end=\"1547\">Na str\u00e1nk\u00e1ch <strong data-start=\"1254\" data-end=\"1303\">RYINZ Hn\u011bd\u00e1 bunda s kapuc\u00ed z um\u011bl\u00e9 k\u016f\u017ee<\/strong> se snoub\u00ed nad\u010dasov\u00e1 motork\u00e1\u0159sk\u00e1 m\u00f3da s pohodlnou m\u011bstskou funk\u010dnost\u00ed. Tento kousek je vyroben pro modern\u00ed mu\u017ee, kte\u0159\u00ed tou\u017e\u00ed po drsn\u00e9m vzhledu ko\u017een\u00e9 bundy bez objemn\u00fdch a \u017eivo\u010di\u0161n\u00fdch produkt\u016f, je pln\u011b syntetick\u00fd, ale p\u016fsobiv\u011b elegantn\u00ed a p\u0159esv\u011bd\u010div\u00fd.<\/p>\n<p class=\"\" data-start=\"1549\" data-end=\"1847\"><strong data-start=\"1549\" data-end=\"1579\">Syt\u011b hn\u011bd\u00fd vzhled ve stylu vintage<\/strong><br data-start=\"1579\" data-end=\"1582\" \/>Pe\u010dliv\u011b o\u0161et\u0159en\u00e1 um\u011bl\u00e1 k\u016f\u017ee m\u00e1 opot\u0159ebovan\u00fd hn\u011bd\u00fd odst\u00edn, kter\u00fd se no\u0161en\u00edm zlep\u0161uje. Odr\u00e1\u017e\u00ed klasick\u00fd p\u016fvab moto bund a z\u00e1rove\u0148 je ekologick\u00e1 a snadn\u011bji se \u010dist\u00ed. Povrch je vodoodpudiv\u00fd a navr\u017een\u00fd tak, aby si udr\u017eel sv\u016fj tvar i po letech no\u0161en\u00ed.<\/p>\n<p class=\"\" data-start=\"1849\" data-end=\"2220\"><strong data-start=\"1849\" data-end=\"1897\">Teplo se setk\u00e1v\u00e1 s vrstven\u00edm - s vestav\u011bnou mikinou s kapuc\u00ed<\/strong><br data-start=\"1897\" data-end=\"1900\" \/>Nemus\u00edte se tr\u00e1pit s dal\u0161\u00edm vrstven\u00edm - vestav\u011bn\u00e1 fleecov\u00e1 kapuce dod\u00e1v\u00e1 teplo a sportovn\u00ed kontrast ke k\u016f\u017ei. Mikina je pod\u0161it\u00e1 l\u00e1tkou p\u0159\u00edjemnou na dotek a vytv\u00e1\u0159\u00ed izola\u010dn\u00ed bari\u00e9ru proti chladn\u00e9mu v\u011btru, ide\u00e1ln\u00ed do podzimn\u00edho a zimn\u00edho po\u010das\u00ed. M\u016f\u017eete ji nosit se zvednutou kapuc\u00ed pro pouli\u010dn\u00ed styl nebo ji rozepnout pro leh\u010d\u00ed a elegantn\u011bj\u0161\u00ed vzhled.<\/p>\n<p class=\"\" data-start=\"2222\" data-end=\"2276\"><strong data-start=\"2222\" data-end=\"2274\">V\u0161echny spr\u00e1vn\u00e9 detaily pro ka\u017edodenn\u00ed funk\u010dnost<\/strong><\/p>\n<ul data-start=\"2277\" data-end=\"2584\">\n<li class=\"\" data-start=\"2277\" data-end=\"2310\">\n<p class=\"\" data-start=\"2279\" data-end=\"2310\"><strong data-start=\"2279\" data-end=\"2308\">Pln\u00e9 p\u0159edn\u00ed zip uzav\u0159en\u00ed<\/strong><\/p>\n<\/li>\n<li class=\"\" data-start=\"2311\" data-end=\"2366\">\n<p class=\"\" data-start=\"2313\" data-end=\"2366\"><strong data-start=\"2313\" data-end=\"2339\">N\u00e1prsn\u00ed kapsy na zip<\/strong> (pod \u00fahlem pro snadn\u00fd p\u0159\u00edstup)<\/p>\n<\/li>\n<li class=\"\" data-start=\"2367\" data-end=\"2423\">\n<p class=\"\" data-start=\"2369\" data-end=\"2423\"><strong data-start=\"2369\" data-end=\"2395\">N\u00e1prsn\u00ed kapsa s klopou<\/strong> - bezpe\u010dn\u00e9 pro karty nebo pr\u016fkazy toto\u017enosti<\/p>\n<\/li>\n<li class=\"\" data-start=\"2424\" data-end=\"2468\">\n<p class=\"\" data-start=\"2426\" data-end=\"2468\"><strong data-start=\"2426\" data-end=\"2449\">Kapsy na ruce<\/strong> s m\u011bkkou pod\u0161\u00edvkou<\/p>\n<\/li>\n<li class=\"\" data-start=\"2469\" data-end=\"2513\">\n<p class=\"\" data-start=\"2471\" data-end=\"2513\"><strong data-start=\"2471\" data-end=\"2511\">Ramenn\u00ed n\u00e1ramen\u00edky s p\u0159ezkami<\/strong><\/p>\n<\/li>\n<li class=\"\" data-start=\"2514\" data-end=\"2584\">\n<p class=\"\" data-start=\"2516\" data-end=\"2584\"><strong data-start=\"2516\" data-end=\"2552\">Elastick\u00e9 \u017eebrovan\u00e9 man\u017eety a pas<\/strong> - udr\u017euje v\u00edtr venku a tvar uvnit\u0159<\/p>\n<\/li>\n<\/ul>\n<p class=\"\" data-start=\"2586\" data-end=\"2881\"><strong data-start=\"2586\" data-end=\"2607\">Denn\u00ed v\u0161estrannost<\/strong><br data-start=\"2607\" data-end=\"2610\" \/>Tato bunda se hod\u00ed k r\u016fzn\u00fdm p\u0159\u00edle\u017eitostem - od no\u010dn\u00edch vyj\u00ed\u017ed\u011bk a\u017e po neform\u00e1ln\u00ed p\u00e1tky - a\u0165 u\u017e k d\u017e\u00edn\u00e1m a tenisk\u00e1m, kter\u00e9 se hod\u00ed do m\u011bsta, nebo k pracovn\u00edmu oble\u010den\u00ed b\u011bhem doj\u00ed\u017ed\u011bn\u00ed do pr\u00e1ce. Je dostate\u010dn\u011b odoln\u00e1 pro v\u00edkendov\u00e9 v\u00fdlety a z\u00e1rove\u0148 dostate\u010dn\u011b stylov\u00e1 pro neform\u00e1ln\u00ed pracovn\u00ed sch\u016fzky.<\/p>\n<p class=\"\" data-start=\"2883\" data-end=\"2904\"><strong data-start=\"2883\" data-end=\"2902\">Materi\u00e1l a p\u00e9\u010de<\/strong><\/p>\n<ul data-start=\"2905\" data-end=\"3065\">\n<li class=\"\" data-start=\"2905\" data-end=\"2931\">\n<p class=\"\" data-start=\"2907\" data-end=\"2931\">Vn\u011bj\u0161\u00ed: Um\u011bl\u00e1 k\u016f\u017ee PU<\/p>\n<\/li>\n<li class=\"\" data-start=\"2932\" data-end=\"2961\">\n<p class=\"\" data-start=\"2934\" data-end=\"2961\">Oblo\u017een\u00ed: Vnit\u0159n\u00ed strana: m\u011bkk\u00fd fleece<\/p>\n<\/li>\n<li class=\"\" data-start=\"2962\" data-end=\"2994\">\n<p class=\"\" data-start=\"2964\" data-end=\"2994\">Kapuce: sm\u011bs polyesteru a bavlny<\/p>\n<\/li>\n<li class=\"\" data-start=\"2995\" data-end=\"3027\">\n<p class=\"\" data-start=\"2997\" data-end=\"3027\">Ot\u0159ete vlhk\u00fdm had\u0159\u00edkem<\/p>\n<\/li>\n<li class=\"\" data-start=\"3028\" data-end=\"3065\">\n<p class=\"\" data-start=\"3030\" data-end=\"3065\">Neperte v pra\u010dce ani nesu\u0161te v su\u0161i\u010dce<\/p>\n<\/li>\n<\/ul>\n<p class=\"\" data-start=\"3067\" data-end=\"3341\"><strong data-start=\"3067\" data-end=\"3088\">Tipy na velikost a p\u0159izp\u016fsoben\u00ed<\/strong><br data-start=\"3088\" data-end=\"3091\" \/>Bunda m\u00e1 st\u0159ih na m\u00edru, pod kter\u00fd se vejde ko\u0161ile nebo lehk\u00e1 mikina. Vyberte si svou b\u011b\u017enou velikost pro p\u0159il\u00e9hav\u00fd moto st\u0159ih nebo o jednu velikost v\u011bt\u0161\u00ed pro uvoln\u011bn\u011bj\u0161\u00ed pocit. \u017debrovan\u00e9 man\u017eety a pas pom\u00e1haj\u00ed tvarovat trup, ani\u017e by omezovaly pohyb.<\/p>\n<p class=\"\" data-start=\"3343\" data-end=\"3361\"><strong data-start=\"3343\" data-end=\"3359\">Ide\u00e1ln\u00ed pro:<\/strong><\/p>\n<ul data-start=\"3362\" data-end=\"3496\">\n<li class=\"\" data-start=\"3362\" data-end=\"3390\">\n<p class=\"\" data-start=\"3364\" data-end=\"3390\">Podzimn\u00ed\/zimn\u00ed denn\u00ed no\u0161en\u00ed<\/p>\n<\/li>\n<li class=\"\" data-start=\"3391\" data-end=\"3420\">\n<p class=\"\" data-start=\"3393\" data-end=\"3420\">P\u0159\u00edle\u017eitostn\u00ed cyklist\u00e9 a doj\u00ed\u017ed\u011bj\u00edc\u00ed<\/p>\n<\/li>\n<li class=\"\" data-start=\"3421\" data-end=\"3446\">\n<p class=\"\" data-start=\"3423\" data-end=\"3446\">Mu\u017ei, kte\u0159\u00ed dbaj\u00ed na m\u00f3du<\/p>\n<\/li>\n<li class=\"\" data-start=\"3447\" data-end=\"3472\">\n<p class=\"\" data-start=\"3449\" data-end=\"3472\">D\u00e1rky na dovolenou pro mu\u017ee<\/p>\n<\/li>\n<li class=\"\" data-start=\"3473\" data-end=\"3496\">\n<p class=\"\" data-start=\"3475\" data-end=\"3496\">Vrstven\u00ed streetov\u00e9ho oble\u010den\u00ed<\/p>\n<\/li>\n<\/ul>\n<p class=\"\" data-start=\"3498\" data-end=\"3611\">Tento <strong data-start=\"3503\" data-end=\"3519\">Bunda RYINZ<\/strong> nen\u00ed jen svrchn\u00ed oble\u010den\u00ed - je to <strong data-start=\"3548\" data-end=\"3575\">prohl\u00e1\u0161en\u00ed o d\u016fv\u011b\u0159e<\/strong>. Odoln\u00e9, dynamick\u00e9 a v\u00fdrazn\u00e9.<\/p>\n<\/div>\n<\/div>\n<\/div>","protected":false},"excerpt":{"rendered":"<p class=\"\" data-start=\"332\" data-end=\"653\">Na str\u00e1nk\u00e1ch <strong data-start=\"336\" data-end=\"396\">RYINZ P\u00e1nsk\u00e1 hn\u011bd\u00e1 bunda z um\u011bl\u00e9 k\u016f\u017ee s kapuc\u00ed<\/strong> kombinuje drsn\u00fd streetov\u00fd styl s ka\u017edodenn\u00edm pohodl\u00edm. Tato bunda je ur\u010dena pro odv\u00e1\u017en\u00e9 osobnosti, kter\u00e9 se pohybuj\u00ed mezi m\u011bstskou sc\u00e9nou, neform\u00e1ln\u00edmi ve\u010dery nebo doj\u00ed\u017ed\u011bn\u00edm do pr\u00e1ce v chladn\u00e9m po\u010das\u00ed, a d\u00edky st\u0159ihu bomber, \u017eebrovan\u00e9mu lemu a ostr\u00fdm \u0161v\u016fm m\u00e1 mu\u017enou siluetu.<\/p>\n<p class=\"\" data-start=\"655\" data-end=\"933\">Je vyrobena z vysoce kvalitn\u00ed um\u011bl\u00e9 k\u016f\u017ee a poskytuje prvot\u0159\u00eddn\u00ed vzhled prav\u00e9 k\u016f\u017ee, ani\u017e by byla zat\u00ed\u017eena hmotnost\u00ed nebo n\u00e1ro\u010dnou \u00fadr\u017ebou. P\u0159ilo\u017een\u00e1 vnit\u0159n\u00ed kapuce ze syt\u011b hn\u011bd\u00e9ho fleecu dod\u00e1v\u00e1 teplo, mo\u017enost vrstven\u00ed a pouli\u010dn\u00ed atmosf\u00e9ru - ide\u00e1ln\u00ed do nep\u0159edv\u00eddateln\u00e9ho po\u010das\u00ed nebo jen pro pos\u00edlen\u00ed va\u0161eho stylu.<\/p>\n<p class=\"\" data-start=\"935\" data-end=\"1193\">Konstrukce obsahuje n\u011bkolik bezpe\u010dn\u00fdch kapes: dv\u011b n\u00e1prsn\u00ed kapsy na zip, dv\u011b kapsy na ruce a n\u00e1prsn\u00ed kapsu s klopou a zap\u00edn\u00e1n\u00edm na knofl\u00edk. Odoln\u00e9 a stylov\u00e9 prvky dopl\u0148uj\u00ed kovov\u00e9 zipy, detaily v podob\u011b p\u00e1sk\u016f s p\u0159ezkami na ramenou a siln\u00e9 \u017eebrovan\u00e9 man\u017eety.<\/p>","protected":false},"featured_media":9074,"comment_status":"closed","ping_status":"closed","template":"","meta":[],"product_brand":[35],"product_cat":[202],"product_tag":[203,204],"class_list":{"0":"post-9017","1":"product","2":"type-product","3":"status-publish","4":"has-post-thumbnail","6":"product_brand-ryinz","7":"product_cat-apparels","8":"product_tag-branded-leather-jacket","9":"product_tag-casual-fashion-jacket","11":"first","12":"instock","13":"taxable","14":"shipping-taxable","15":"purchasable","16":"product-type-simple"},"_links":{"self":[{"href":"https:\/\/ryinz.cz\/velkoobchod\/cs\/wp-json\/wp\/v2\/product\/9017","targetHints":{"allow":["GET"]}}],"collection":[{"href":"https:\/\/ryinz.cz\/velkoobchod\/cs\/wp-json\/wp\/v2\/product"}],"about":[{"href":"https:\/\/ryinz.cz\/velkoobchod\/cs\/wp-json\/wp\/v2\/types\/product"}],"replies":[{"embeddable":true,"href":"https:\/\/ryinz.cz\/velkoobchod\/cs\/wp-json\/wp\/v2\/comments?post=9017"}],"wp:featuredmedia":[{"embeddable":true,"href":"https:\/\/ryinz.cz\/velkoobchod\/cs\/wp-json\/wp\/v2\/media\/9074"}],"wp:attachment":[{"href":"https:\/\/ryinz.cz\/velkoobchod\/cs\/wp-json\/wp\/v2\/media?parent=9017"}],"wp:term":[{"taxonomy":"product_brand","embeddable":true,"href":"https:\/\/ryinz.cz\/velkoobchod\/cs\/wp-json\/wp\/v2\/product_brand?post=9017"},{"taxonomy":"product_cat","embeddable":true,"href":"https:\/\/ryinz.cz\/velkoobchod\/cs\/wp-json\/wp\/v2\/product_cat?post=9017"},{"taxonomy":"product_tag","embeddable":true,"href":"https:\/\/ryinz.cz\/velkoobchod\/cs\/wp-json\/wp\/v2\/product_tag?post=9017"}],"curies":[{"name":"wp","href":"https:\/\/api.w.org\/{rel}","templated":true}]}}