{"id":8995,"date":"2025-06-22T15:24:51","date_gmt":"2025-06-22T15:24:51","guid":{"rendered":"https:\/\/ryinz.cz\/velkoobchod\/?post_type=product&#038;p=8995"},"modified":"2026-01-18T20:17:19","modified_gmt":"2026-01-18T20:17:19","slug":"rukavice-na-poulicni-kolo-velkoobchod-ryinz-pro-cyklisticke-rukavice-eu-design-vyrobce-a-soukromy-dodavatel-znacek","status":"publish","type":"product","link":"https:\/\/ryinz.cz\/velkoobchod\/cs\/product\/street-bike-gloves-wholesale-ryinz-pro-cycling-gym-gloves-eu-design-manufacturer-and-private-label-supplier\/","title":{"rendered":"Velkoobchod s rukavicemi na kolo | Ryinz | Pro Cycling &amp; Gym Gloves | EU Design | V\u00fdrobce a dodavatel priv\u00e1tn\u00edch zna\u010dek"},"content":{"rendered":"<p class=\"\" data-start=\"216\" data-end=\"337\"><strong data-start=\"216\" data-end=\"337\">Velkoobchod s rukavicemi na kolo | Ryinz | Pro Cycling &amp; Gym Gloves | EU Design | V\u00fdrobce a dodavatel priv\u00e1tn\u00edch zna\u010dek<\/strong><\/p>\n<p class=\"\" data-start=\"339\" data-end=\"585\">Na adrese <strong data-start=\"342\" data-end=\"351\">Ryinz<\/strong>, p\u0159ipojujeme <strong data-start=\"364\" data-end=\"401\">zna\u010dky, v\u00fdrobci a kupuj\u00edc\u00ed<\/strong> po cel\u00e9m sv\u011bt\u011b - <strong data-start=\"418\" data-end=\"465\">neviditeln\u00fd motor mezin\u00e1rodn\u00edho obchodu<\/strong>, \u010d\u00edm\u017e se otev\u00edraj\u00ed nov\u00e9 obchodn\u00ed p\u0159\u00edle\u017eitosti v Evrop\u011b, USA a Asii.<br data-start=\"531\" data-end=\"534\" \/>N\u00e1\u0161 c\u00edl: <strong data-start=\"544\" data-end=\"585\">Otev\u00edr\u00e1me dve\u0159e, abyste mohli uzav\u00edrat prodeje.<\/strong><\/p>\n<p class=\"\" data-start=\"587\" data-end=\"768\">P\u0159edstaven\u00ed <strong data-start=\"603\" data-end=\"645\">\u010cernohn\u011bd\u00e9 rukavice Ryinz pro silni\u010dn\u00ed kolo<\/strong> - Vytvo\u0159eny pro jezdce, sportovce a m\u011bstsk\u00e9 dobrodruhy, kte\u0159\u00ed vy\u017eaduj\u00ed prvot\u0159\u00eddn\u00ed pohodl\u00ed, bezkonkuren\u010dn\u00ed p\u0159ilnavost a stylov\u00fd minimalismus.<\/p>\n<hr class=\"\" data-start=\"770\" data-end=\"773\" \/>\n<h3 class=\"\" data-start=\"775\" data-end=\"802\"><strong data-start=\"779\" data-end=\"801\">Nejd\u016fle\u017eit\u011bj\u0161\u00ed informace o produktu<\/strong>:<\/h3>\n<p class=\"\" data-start=\"804\" data-end=\"1269\">\u2705 <strong data-start=\"806\" data-end=\"822\">N\u00e1zev produktu<\/strong>: Rukavice Ryinz Pro Street Bike s p\u016flprstem<br data-start=\"864\" data-end=\"867\" \/>\u2705 <strong data-start=\"869\" data-end=\"881\">Materi\u00e1l<\/strong>: K\u016f\u017ee z mikrovl\u00e1kna + ventila\u010dn\u00ed panely ze s\u00ed\u0165oviny<br data-start=\"927\" data-end=\"930\" \/>\u2705 <strong data-start=\"932\" data-end=\"941\">Barva<\/strong>: \u010cern\u00fd z\u00e1klad s hn\u011bd\u00fdmi akcenty na prstech<br data-start=\"979\" data-end=\"982\" \/>\u2705 <strong data-start=\"984\" data-end=\"1000\">Mo\u017enosti loga<\/strong>: Pr\u00e1zdn\u00fd, vy\u0161\u00edvan\u00fd, s\u00edtotisk, silikonov\u00e9 logo<br data-start=\"1049\" data-end=\"1052\" \/>\u2705 <strong data-start=\"1054\" data-end=\"1073\">Vlastnosti designu<\/strong>:<br data-start=\"1074\" data-end=\"1077\" \/>- Prody\u0161n\u00e9 ventila\u010dn\u00ed perforace<br data-start=\"1114\" data-end=\"1117\" \/>- Polstrovan\u00e9 z\u00f3ny dlan\u00ed tlum\u00edc\u00ed n\u00e1razy<br data-start=\"1152\" data-end=\"1155\" \/>- P\u016flprstov\u00fd st\u0159ih pro maxim\u00e1ln\u00ed kontrolu nad \u0159\u00edd\u00edtky<br data-start=\"1202\" data-end=\"1205\" \/>- Protiskluzov\u00fd \u00fachopov\u00fd povrch<br data-start=\"1229\" data-end=\"1232\" \/>- Rychle nastaviteln\u00fd such\u00fd zip na z\u00e1p\u011bst\u00ed<\/p>\n<p class=\"\" data-start=\"1271\" data-end=\"1335\">\u2705 <strong data-start=\"1273\" data-end=\"1292\">Dostupn\u00e9 velikosti<\/strong>: S, M, L, XL (k dispozici je p\u0159izp\u016fsoben\u00e1 velikost)<\/p>\n<p class=\"\" data-start=\"1337\" data-end=\"1545\">\u2705 <strong data-start=\"1339\" data-end=\"1346\">Fit<\/strong>: Ergonomick\u00fd, vysoce v\u00fdkonn\u00fd, stre\u010dov\u00fd komfort<br data-start=\"1392\" data-end=\"1395\" \/>\u2705 <strong data-start=\"1397\" data-end=\"1404\">Pou\u017eijte<\/strong>: Cyklistika na ulici, Tr\u00e9nink v posilovn\u011b, Silni\u010dn\u00ed cyklistika, Outdoorov\u00e9 sporty, Elektronick\u00e9 kolo<br data-start=\"1473\" data-end=\"1476\" \/>\u2705 <strong data-start=\"1478\" data-end=\"1485\">MOQ<\/strong>: N\u00edzk\u00e1 minima pro velkoobchod, priv\u00e1tn\u00ed zna\u010dku, vlastn\u00ed zna\u010dku<\/p>\n<hr class=\"\" data-start=\"1547\" data-end=\"1550\" \/>\n<h3 class=\"\" data-start=\"1552\" data-end=\"1581\"><strong data-start=\"1556\" data-end=\"1580\">Podrobn\u00fd popis<\/strong>:<\/h3>\n<p class=\"\" data-start=\"1583\" data-end=\"1730\">Zkonstruov\u00e1n pro pevnost a navr\u017een pro rychlost. <strong data-start=\"1635\" data-end=\"1677\">\u010cernohn\u011bd\u00e9 rukavice Ryinz pro silni\u010dn\u00ed kolo<\/strong> jsou konstruov\u00e1ny tak, aby zvl\u00e1dly i ty nejn\u00e1ro\u010dn\u011bj\u0161\u00ed j\u00edzdy a tr\u00e9ninky.<\/p>\n<p class=\"\" data-start=\"1732\" data-end=\"2035\">Tyto rukavice maj\u00ed <strong data-start=\"1753\" data-end=\"1783\">prvot\u0159\u00eddn\u00ed k\u016f\u017ee z mikrovl\u00e1kna<\/strong> pro trvanlivost a m\u011bkkou pru\u017enost v kombinaci s <strong data-start=\"1835\" data-end=\"1863\">v\u011btrac\u00ed perforace<\/strong> pro lep\u0161\u00ed proud\u011bn\u00ed vzduchu.<br data-start=\"1885\" data-end=\"1888\" \/>Na str\u00e1nk\u00e1ch <strong data-start=\"1892\" data-end=\"1929\">strategicky um\u00edst\u011bn\u00e9 polstrov\u00e1n\u00ed dlan\u00ed<\/strong> tlum\u00ed n\u00e1razy a chr\u00e1n\u00ed proti od\u011bru, \u010d\u00edm\u017e zaji\u0161\u0165uje vynikaj\u00edc\u00ed p\u0159ilnavost a pohodl\u00ed ruky p\u0159i dlouh\u00fdch sezen\u00edch.<\/p>\n<p class=\"\" data-start=\"2037\" data-end=\"2229\">Na str\u00e1nk\u00e1ch <strong data-start=\"2041\" data-end=\"2063\">konstrukce s polovi\u010dn\u00edm prstem<\/strong> umo\u017e\u0148uj\u00ed maxim\u00e1ln\u00ed kontrolu nad \u0159\u00edd\u00edtky, p\u0159evody a dotykov\u00fdmi displeji, tak\u017ee jsou tyto rukavice ide\u00e1ln\u00ed pro j\u00edzdu na kole v ulic\u00edch, tr\u00e9nink v posilovn\u011b, j\u00edzdu na elektrokolob\u011b\u017ece a venkovn\u00ed tr\u00e9nink.<\/p>\n<p class=\"\" data-start=\"2231\" data-end=\"2421\">Ide\u00e1ln\u00ed pro <strong data-start=\"2241\" data-end=\"2272\">priv\u00e1tn\u00ed zna\u010dky sportovn\u00edch zna\u010dek<\/strong>, <strong data-start=\"2274\" data-end=\"2295\">fitness spole\u010dnosti<\/strong>, <strong data-start=\"2297\" data-end=\"2314\">cyklistick\u00e9 obchody<\/strong>, <strong data-start=\"2316\" data-end=\"2344\">m\u00f3dn\u00ed linie streetwear<\/strong>, a <strong data-start=\"2350\" data-end=\"2370\">online prodejci<\/strong> kte\u0159\u00ed cht\u011bj\u00ed modern\u00ed, vysoce prodejnou variantu rukavic.<\/p>\n<hr class=\"\" data-start=\"2423\" data-end=\"2426\" \/>\n<h3 class=\"\" data-start=\"2428\" data-end=\"2481\"><strong data-start=\"2432\" data-end=\"2480\">Kl\u00ed\u010dov\u00e9 funkce pro velkoobchodn\u00ed a maloobchodn\u00ed odb\u011bratele<\/strong>:<\/h3>\n<p class=\"\" data-start=\"2483\" data-end=\"3001\">???? <strong data-start=\"2486\" data-end=\"2523\">Modern\u00ed evropsk\u00fd minimalistick\u00fd design<\/strong>: Elegantn\u00ed, odv\u00e1\u017en\u00fd a zam\u011b\u0159en\u00fd na v\u00fdkon.<br data-start=\"2562\" data-end=\"2565\" \/>???? <strong data-start=\"2568\" data-end=\"2602\">Cenov\u00e1 v\u00fdhoda v\u00fdrobce<\/strong>: Zvy\u0161te ziskov\u00e9 mar\u017ee d\u00edky p\u0159\u00edm\u00e9mu z\u00e1sobov\u00e1n\u00ed tov\u00e1rny.<br data-start=\"2652\" data-end=\"2655\" \/>???? <strong data-start=\"2658\" data-end=\"2693\">K dispozici jsou kompletn\u00ed mo\u017enosti brandingu<\/strong>: S\u00edtotisk, v\u00fd\u0161ivka, gumov\u00e9 n\u00e1\u0161ivky, silikonov\u00e1 loga.<br data-start=\"2752\" data-end=\"2755\" \/>???? <strong data-start=\"2758\" data-end=\"2780\">\u0160irok\u00e1 popt\u00e1vka na trhu<\/strong>: Cyklistika, fitness, posilovna, streetwear, aktivn\u00ed oble\u010den\u00ed zna\u010dek.<br data-start=\"2834\" data-end=\"2837\" \/>???? <strong data-start=\"2840\" data-end=\"2881\">Rychl\u00e1 v\u00fdroba a spolehliv\u00e1 p\u0159eprava<\/strong>: Celosv\u011btov\u00e9 dod\u00e1vky do Evropy, USA a Asie.<br data-start=\"2924\" data-end=\"2927\" \/>???? <strong data-start=\"2930\" data-end=\"2952\">Vytvo\u0159eno pro n\u00e1ro\u010dn\u00e9 pou\u017eit\u00ed<\/strong>: Odolnost, prody\u0161nost a ochrana v kombinaci.<\/p>\n<hr class=\"\" data-start=\"3003\" data-end=\"3006\" \/>\n<h3 class=\"\" data-start=\"3008\" data-end=\"3034\"><strong data-start=\"3012\" data-end=\"3033\">N\u00e1pady na aplikace<\/strong>:<\/h3>\n<p class=\"\" data-start=\"3036\" data-end=\"3289\">- Obchody s cyklistick\u00fdm vybaven\u00edm<br data-start=\"3055\" data-end=\"3058\" \/>- Maloobchodn\u00ed prodejci t\u011blocvi\u010den a fitness vybaven\u00ed<br data-start=\"3093\" data-end=\"3096\" \/>- Cyklistika a fitness zna\u010dky pod vlastn\u00ed zna\u010dkou<br data-start=\"3138\" data-end=\"3141\" \/>- Outdoor Adventure a sportovn\u00ed obchody<br data-start=\"3178\" data-end=\"3181\" \/>- Prodejci p\u0159\u00edslu\u0161enstv\u00ed pro sk\u00fatry a elektrokola<br data-start=\"3219\" data-end=\"3222\" \/>- Agentury pro propaga\u010dn\u00ed v\u00fdrobky<br data-start=\"3253\" data-end=\"3256\" \/>- Startupy v oblasti m\u00f3dy a streetwear<\/p>\n<hr class=\"\" data-start=\"3291\" data-end=\"3294\" \/>\n<h3 class=\"\" data-start=\"3296\" data-end=\"3333\"><strong data-start=\"3300\" data-end=\"3332\">Perfektn\u00ed velikost a p\u0159izp\u016fsoben\u00ed Podrobnosti<\/strong>:<\/h3>\n<div class=\"group pointer-events-none relative flex justify-center *:pointer-events-auto\">\n<p>&nbsp;<\/p>\n<div class=\"tableContainer horzScrollShadows relative\">\n<table class=\"min-w-full\" data-start=\"3335\" data-end=\"3526\">\n<thead data-start=\"3335\" data-end=\"3387\">\n<tr data-start=\"3335\" data-end=\"3387\">\n<th data-start=\"3335\" data-end=\"3342\">Velikost<\/th>\n<th data-start=\"3342\" data-end=\"3360\">\u0160\u00ed\u0159ka dlan\u011b (cm)<\/th>\n<th data-start=\"3360\" data-end=\"3387\">Obvod dlan\u011b (cm)<\/th>\n<\/tr>\n<\/thead>\n<tbody data-start=\"3441\" data-end=\"3526\">\n<tr data-start=\"3441\" data-end=\"3460\">\n<td class=\"max-w-[calc(var(--thread-content-max-width)*2\/3)]\" data-start=\"3441\" data-end=\"3445\">S<\/td>\n<td class=\"max-w-[calc(var(--thread-content-max-width)*2\/3)]\" data-start=\"3445\" data-end=\"3451\">7.5<\/td>\n<td class=\"max-w-[calc(var(--thread-content-max-width)*2\/3)]\" data-start=\"3451\" data-end=\"3460\">17-18<\/td>\n<\/tr>\n<tr data-start=\"3461\" data-end=\"3482\">\n<td class=\"max-w-[calc(var(--thread-content-max-width)*2\/3)]\" data-start=\"3461\" data-end=\"3465\">M<\/td>\n<td class=\"max-w-[calc(var(--thread-content-max-width)*2\/3)]\" data-start=\"3465\" data-end=\"3471\">8.5<\/td>\n<td class=\"max-w-[calc(var(--thread-content-max-width)*2\/3)]\" data-start=\"3471\" data-end=\"3482\">18-19.5<\/td>\n<\/tr>\n<tr data-start=\"3483\" data-end=\"3504\">\n<td class=\"max-w-[calc(var(--thread-content-max-width)*2\/3)]\" data-start=\"3483\" data-end=\"3487\">L<\/td>\n<td class=\"max-w-[calc(var(--thread-content-max-width)*2\/3)]\" data-start=\"3487\" data-end=\"3493\">9.5<\/td>\n<td class=\"max-w-[calc(var(--thread-content-max-width)*2\/3)]\" data-start=\"3493\" data-end=\"3504\">19.5-21<\/td>\n<\/tr>\n<tr data-start=\"3505\" data-end=\"3526\">\n<td class=\"max-w-[calc(var(--thread-content-max-width)*2\/3)]\" data-start=\"3505\" data-end=\"3510\">XL<\/td>\n<td class=\"max-w-[calc(var(--thread-content-max-width)*2\/3)]\" data-start=\"3510\" data-end=\"3517\">10.5<\/td>\n<td class=\"max-w-[calc(var(--thread-content-max-width)*2\/3)]\" data-start=\"3517\" data-end=\"3526\">21-23<\/td>\n<\/tr>\n<\/tbody>\n<\/table>\n<\/div>\n<\/div>\n<p class=\"\" data-start=\"3528\" data-end=\"3575\">(Navr\u017eeno pro bezpe\u010dn\u00e9 a pohybliv\u00e9 no\u0161en\u00ed.)<\/p>","protected":false},"excerpt":{"rendered":"<h3 class=\"\" data-start=\"2428\" data-end=\"2481\"><strong data-start=\"2432\" data-end=\"2480\">Kl\u00ed\u010dov\u00e9 funkce pro velkoobchodn\u00ed a maloobchodn\u00ed odb\u011bratele<\/strong>:<\/h3>\n<p class=\"\" data-start=\"2483\" data-end=\"3001\">???? <strong data-start=\"2486\" data-end=\"2523\">Modern\u00ed evropsk\u00fd minimalistick\u00fd design<\/strong>: Elegantn\u00ed, odv\u00e1\u017en\u00fd a zam\u011b\u0159en\u00fd na v\u00fdkon.<br data-start=\"2562\" data-end=\"2565\" \/>???? <strong data-start=\"2568\" data-end=\"2602\">Cenov\u00e1 v\u00fdhoda v\u00fdrobce<\/strong>: Zvy\u0161te ziskov\u00e9 mar\u017ee d\u00edky p\u0159\u00edm\u00e9mu z\u00e1sobov\u00e1n\u00ed tov\u00e1rny.<br data-start=\"2652\" data-end=\"2655\" \/>???? <strong data-start=\"2658\" data-end=\"2693\">K dispozici jsou kompletn\u00ed mo\u017enosti brandingu<\/strong>: S\u00edtotisk, v\u00fd\u0161ivka, gumov\u00e9 n\u00e1\u0161ivky, silikonov\u00e1 loga.<br data-start=\"2752\" data-end=\"2755\" \/>???? <strong data-start=\"2758\" data-end=\"2780\">\u0160irok\u00e1 popt\u00e1vka na trhu<\/strong>: Cyklistika, fitness, posilovna, streetwear, aktivn\u00ed oble\u010den\u00ed zna\u010dek.<br data-start=\"2834\" data-end=\"2837\" \/>???? <strong data-start=\"2840\" data-end=\"2881\">Rychl\u00e1 v\u00fdroba a spolehliv\u00e1 p\u0159eprava<\/strong>: Celosv\u011btov\u00e9 dod\u00e1vky do Evropy, USA a Asie.<br data-start=\"2924\" data-end=\"2927\" \/>???? <strong data-start=\"2930\" data-end=\"2952\">Vytvo\u0159eno pro n\u00e1ro\u010dn\u00e9 pou\u017eit\u00ed<\/strong>: Odolnost, prody\u0161nost a ochrana v kombinaci.<\/p>","protected":false},"featured_media":9043,"comment_status":"closed","ping_status":"closed","template":"","meta":[],"product_brand":[35],"product_cat":[152],"product_tag":[185,46,186,180,187,188,189,153,190,191],"class_list":{"0":"post-8995","1":"product","2":"type-product","3":"status-publish","4":"has-post-thumbnail","6":"product_brand-ryinz","7":"product_cat-street-bike-gloves","8":"product_tag-biking-gloves-for-street-riders","9":"product_tag-breathable-mesh-gloves","10":"product_tag-customizable-bike-gloves","11":"product_tag-ergonomic-street-bike-gloves","12":"product_tag-fingerless-street-bike-gloves","13":"product_tag-lycra-fourchettes-gloves","14":"product_tag-serino-palm-bike-gloves","15":"product_tag-street-bike-gloves","16":"product_tag-towel-thumb-bike-gloves","17":"product_tag-urban-biking-gloves","19":"first","20":"instock","21":"taxable","22":"shipping-taxable","23":"purchasable","24":"product-type-simple"},"_links":{"self":[{"href":"https:\/\/ryinz.cz\/velkoobchod\/cs\/wp-json\/wp\/v2\/product\/8995","targetHints":{"allow":["GET"]}}],"collection":[{"href":"https:\/\/ryinz.cz\/velkoobchod\/cs\/wp-json\/wp\/v2\/product"}],"about":[{"href":"https:\/\/ryinz.cz\/velkoobchod\/cs\/wp-json\/wp\/v2\/types\/product"}],"replies":[{"embeddable":true,"href":"https:\/\/ryinz.cz\/velkoobchod\/cs\/wp-json\/wp\/v2\/comments?post=8995"}],"wp:featuredmedia":[{"embeddable":true,"href":"https:\/\/ryinz.cz\/velkoobchod\/cs\/wp-json\/wp\/v2\/media\/9043"}],"wp:attachment":[{"href":"https:\/\/ryinz.cz\/velkoobchod\/cs\/wp-json\/wp\/v2\/media?parent=8995"}],"wp:term":[{"taxonomy":"product_brand","embeddable":true,"href":"https:\/\/ryinz.cz\/velkoobchod\/cs\/wp-json\/wp\/v2\/product_brand?post=8995"},{"taxonomy":"product_cat","embeddable":true,"href":"https:\/\/ryinz.cz\/velkoobchod\/cs\/wp-json\/wp\/v2\/product_cat?post=8995"},{"taxonomy":"product_tag","embeddable":true,"href":"https:\/\/ryinz.cz\/velkoobchod\/cs\/wp-json\/wp\/v2\/product_tag?post=8995"}],"curies":[{"name":"wp","href":"https:\/\/api.w.org\/{rel}","templated":true}]}}