{"id":8994,"date":"2025-06-22T15:24:50","date_gmt":"2025-06-22T15:24:50","guid":{"rendered":"https:\/\/ryinz.cz\/velkoobchod\/?post_type=product&#038;p=8994"},"modified":"2026-01-18T20:17:19","modified_gmt":"2026-01-18T20:17:19","slug":"ryinz-pulprstove-rukavice-pro-mestske-vykony-premiove-pohodli-pro-poulicni-cyklistiku-fitness-trenink-velkoobchod-a-soukroma-znacka","status":"publish","type":"product","link":"https:\/\/ryinz.cz\/velkoobchod\/cs\/product\/ryinz-half-finger-urban-performance-gloves-premium-comfort-for-street-biking-gym-fitness-training-wholesale-and-private-label\/","title":{"rendered":"Rukavice Ryinz Half-Finger Urban Performance | Pr\u00e9miov\u00e9 pohodl\u00ed pro j\u00edzdu na kole, posilovnu, fitness tr\u00e9nink - velkoobchod a priv\u00e1tn\u00ed zna\u010dka"},"content":{"rendered":"<p class=\"\" data-start=\"480\" data-end=\"727\">Na adrese <strong data-start=\"483\" data-end=\"492\">Ryinz<\/strong>, jsme hrd\u00ed na to, \u017ee m\u016f\u017eeme dod\u00e1vat pr\u00e9miov\u00e9 produkty, kter\u00e9 posiluj\u00ed zna\u010dky, povzn\u00e1\u0161ej\u00ed prodejce a pot\u011b\u0161\u00ed koncov\u00e9 u\u017eivatele v Evrop\u011b, USA a Asii.<br data-start=\"630\" data-end=\"633\" \/>Jsme neviditeln\u00fdm motorem mezin\u00e1rodn\u00edho obchodu - otev\u00edr\u00e1me dve\u0159e, abyste mohli uzav\u00edrat prodeje.<\/p>\n<p class=\"\" data-start=\"729\" data-end=\"1045\">P\u0159edstavujeme nejnov\u011bj\u0161\u00ed <strong data-start=\"752\" data-end=\"798\">Rukavice Ryinz Half-Finger Urban Performance<\/strong> - dokonal\u00e9 spojen\u00ed funk\u010dnosti, pohodl\u00ed a modern\u00edho designu. Tyto rukavice jsou odborn\u011b navr\u017eeny pro jezdce, sportovce, doj\u00ed\u017ed\u011bj\u00edc\u00ed do pr\u00e1ce a milovn\u00edky posiloven, kte\u0159\u00ed vy\u017eaduj\u00ed maxim\u00e1ln\u00ed obratnost, p\u0159ilnavost a prody\u0161nost p\u0159i vysoce v\u00fdkonn\u00fdch aktivit\u00e1ch.<\/p>\n<p class=\"\" data-start=\"1047\" data-end=\"1482\">Tyto rukavice jsou vyrobeny z vynikaj\u00edc\u00ed sm\u011bsi pru\u017en\u00fdch a odoln\u00fdch tkanin a nab\u00edzej\u00ed dokonal\u00fd ergonomick\u00fd st\u0159ih, kter\u00fd se p\u0159irozen\u011b pohybuje spolu s va\u0161ima rukama. Konstrukce zaji\u0161\u0165uje dokonal\u00e9 odv\u011btr\u00e1v\u00e1n\u00ed p\u0159es h\u0159bet ruky a z\u00e1rove\u0148 nab\u00edz\u00ed vysoce odolnou dla\u0148 se semi\u0161ovou texturou pro jist\u00fd \u00fachop za v\u0161ech podm\u00ednek. A\u0165 u\u017e dr\u017e\u00edte \u0159\u00edd\u00edtka, zved\u00e1te \u010dinky nebo manipulujete s taktick\u00fdm vybaven\u00edm, tyto rukavice poskytuj\u00ed p\u0159esn\u00e9 ovl\u00e1d\u00e1n\u00ed a celodenn\u00ed pohodl\u00ed.<\/p>\n<p class=\"\" data-start=\"1484\" data-end=\"1796\">D\u00edky elegantn\u00edmu minimalistick\u00e9mu stylu jsou ide\u00e1ln\u00ed nejen pro v\u00fdkonnostn\u00ed pou\u017eit\u00ed, ale tak\u00e9 pro m\u011bstsk\u00e9 m\u00f3dn\u00ed nad\u0161ence, kte\u0159\u00ed hledaj\u00ed sportovn\u00ed styl. Jejich lehk\u00e1 a prody\u0161n\u00e1 konstrukce z nich d\u011bl\u00e1 dokonal\u00e9 rukavice pro aktivity v tepl\u00e9m po\u010das\u00ed, fitness tr\u00e9ninky, doj\u00ed\u017ed\u011bn\u00ed do pr\u00e1ce ve m\u011bst\u011b nebo p\u0159\u00edle\u017eitostn\u00e1 outdoorov\u00e1 dobrodru\u017estv\u00ed.<\/p>\n<p class=\"\" data-start=\"1798\" data-end=\"2163\">Spole\u010dnost Ryinz nab\u00edz\u00ed slu\u017eby priv\u00e1tn\u00edch zna\u010dek, zna\u010den\u00ed logem na zak\u00e1zku, v\u00fdrobu OEM a velkoobchodn\u00ed distribuci, kter\u00e9 v\u00e1m pomohou snadno roz\u0161\u00ed\u0159it va\u0161i zna\u010dku na evropsk\u00fdch a americk\u00fdch trz\u00edch.<br data-start=\"1980\" data-end=\"1983\" \/>Spole\u010dnost Ryinz se zav\u00e1zala poskytovat \u0161k\u00e1lovateln\u00e1, vysoce kvalitn\u00ed \u0159e\u0161en\u00ed s flexibiln\u00edmi minim\u00e1ln\u00edmi objednac\u00edmi mno\u017estv\u00edmi (MOQ) a rychl\u00fdmi v\u00fdrobn\u00edmi \u010dasy, a to od mal\u00fdch za\u010d\u00ednaj\u00edc\u00edch firem a\u017e po velk\u00e9 distributory.<\/p>\n<p class=\"\" data-start=\"2165\" data-end=\"2303\">Vyberte si rukavice Ryinz Half-Finger Urban Performance, kter\u00e9 va\u0161im z\u00e1kazn\u00edk\u016fm poskytnou \u0161pi\u010dkovou kvalitu, modern\u00ed design a maxim\u00e1ln\u00ed v\u00fdkon.<\/p>\n<hr class=\"\" data-start=\"2305\" data-end=\"2308\" \/>\n<h1 class=\"\" data-start=\"2310\" data-end=\"2344\">???? <strong data-start=\"2315\" data-end=\"2344\">Kl\u00ed\u010dov\u00e9 vlastnosti a v\u00fdhody<\/strong><\/h1>\n<p class=\"\" data-start=\"2346\" data-end=\"2513\">???? <strong data-start=\"2349\" data-end=\"2380\">Pr\u00e9miov\u00e1 tkaninov\u00e1 konstrukce<\/strong><br data-start=\"2380\" data-end=\"2383\" \/>Jsou vyrobeny z vysoce elastick\u00fdch a lehk\u00fdch materi\u00e1l\u016f, kter\u00e9 zaji\u0161\u0165uj\u00ed p\u0159irozen\u00e9 p\u0159il\u00e9h\u00e1n\u00ed a podporuj\u00ed plnou pohyblivost rukou bez omezen\u00ed.<\/p>\n<p class=\"\" data-start=\"2515\" data-end=\"2679\">???? <strong data-start=\"2518\" data-end=\"2552\">Vyztu\u017een\u00e1 dla\u0148 se semi\u0161ovou texturou<\/strong><br data-start=\"2552\" data-end=\"2555\" \/>Poskytuje v\u00fdjime\u010dnou p\u0159ilnavost a ochranu proti od\u0159enin\u00e1m, co\u017e jezdc\u016fm, sportovc\u016fm a osob\u00e1m doj\u00ed\u017ed\u011bj\u00edc\u00edm do pr\u00e1ce poskytuje mimo\u0159\u00e1dnou kontrolu a bezpe\u010dnost.<\/p>\n<p class=\"\" data-start=\"2681\" data-end=\"2828\">???? <strong data-start=\"2684\" data-end=\"2714\">Prody\u0161n\u00e9 zadn\u00ed panely<\/strong><br data-start=\"2714\" data-end=\"2717\" \/>Maximalizuje proud\u011bn\u00ed vzduchu, sni\u017euje tvorbu potu a udr\u017euje ruce chladn\u011bj\u0161\u00ed b\u011bhem tr\u00e9ninku, j\u00edzdy nebo venkovn\u00edch aktivit.<\/p>\n<p class=\"\" data-start=\"2830\" data-end=\"3011\">???? <strong data-start=\"2833\" data-end=\"2877\">Konstrukce s polovi\u010dn\u00edmi prsty pro maxim\u00e1ln\u00ed obratnost<\/strong><br data-start=\"2877\" data-end=\"2880\" \/>Poskytuje u\u017eivatel\u016fm v\u011bt\u0161\u00ed volnost a hmatovou zp\u011btnou vazbu, co\u017e je ide\u00e1ln\u00ed pro p\u0159esn\u00e9 ovl\u00e1d\u00e1n\u00ed \u0159\u00edd\u00edtek, pou\u017e\u00edv\u00e1n\u00ed chytr\u00e9ho telefonu nebo manipulaci s vybaven\u00edm v posilovn\u011b.<\/p>\n<p class=\"\" data-start=\"3013\" data-end=\"3193\">???? <strong data-start=\"3016\" data-end=\"3046\">Minimalistick\u00fd m\u011bstsk\u00fd styl<\/strong><br data-start=\"3046\" data-end=\"3049\" \/>Modern\u00ed a \u010dist\u00e1 estetika zaru\u010duje, \u017ee tyto rukavice jsou nejen funk\u010dn\u00ed, ale tak\u00e9 dostate\u010dn\u011b stylov\u00e9 pro b\u011b\u017en\u00e9 no\u0161en\u00ed, sportovn\u00ed oble\u010den\u00ed i ka\u017edodenn\u00ed m\u011bstskou m\u00f3du.<\/p>\n<p class=\"\" data-start=\"3195\" data-end=\"3321\">???? <strong data-start=\"3198\" data-end=\"3239\">Rychleschnouc\u00ed a vlhkost odv\u00e1d\u011bj\u00edc\u00ed pod\u0161\u00edvka<\/strong><br data-start=\"3239\" data-end=\"3242\" \/>Zaji\u0161\u0165uje such\u00e9 a pohodln\u00e9 ruce i p\u0159i intenzivn\u00edch fyzick\u00fdch aktivit\u00e1ch.<\/p>\n<p class=\"\" data-start=\"3323\" data-end=\"3471\">???? <strong data-start=\"3326\" data-end=\"3357\">Bezpe\u010dn\u00e9 zap\u00edn\u00e1n\u00ed na such\u00fd zip<\/strong><br data-start=\"3357\" data-end=\"3360\" \/>Nastaviteln\u00fd p\u00e1sek na z\u00e1p\u011bst\u00ed nab\u00edz\u00ed individu\u00e1ln\u00ed bezpe\u010dn\u00e9 uchycen\u00ed, kter\u00e9 zaji\u0161\u0165uje, \u017ee rukavice z\u016fstanou na sv\u00e9m m\u00edst\u011b i p\u0159i n\u00e1ro\u010dn\u00e9m pou\u017e\u00edv\u00e1n\u00ed.<\/p>\n<p class=\"\" data-start=\"3473\" data-end=\"3626\">???? <strong data-start=\"3476\" data-end=\"3508\">Ide\u00e1ln\u00ed pro pou\u017eit\u00ed v tepl\u00e9m po\u010das\u00ed<\/strong><br data-start=\"3508\" data-end=\"3511\" \/>D\u00edky lehk\u00e9 konstrukci jsou tyto rukavice ide\u00e1ln\u00ed pro jarn\u00ed a letn\u00ed j\u00edzdu na koni, tr\u00e9nink v posilovn\u011b a fitness tr\u00e9nink.<\/p>\n<p class=\"\" data-start=\"3628\" data-end=\"3824\">???? <strong data-start=\"3631\" data-end=\"3683\">Dostupn\u00e9 slu\u017eby s vlastn\u00edm logem a priv\u00e1tn\u00ed zna\u010dkou<\/strong><br data-start=\"3683\" data-end=\"3686\" \/>Spole\u010dnost Ryinz nab\u00edz\u00ed \u0159e\u0161en\u00ed zna\u010dky na m\u00edru, kter\u00e1 v\u00e1m pomohou podpo\u0159it va\u0161i identitu, a nab\u00edz\u00ed vlastn\u00ed loga, obaly a personalizaci produkt\u016f.<\/p>\n<p class=\"\" data-start=\"3826\" data-end=\"3990\">???? <strong data-start=\"3829\" data-end=\"3870\">Flexibiln\u00ed \u0159e\u0161en\u00ed MOQ a hromadn\u00fdch objedn\u00e1vek<\/strong><br data-start=\"3870\" data-end=\"3873\" \/>Za\u010dn\u011bte v mal\u00e9m nebo rychle roz\u0161i\u0159te sv\u00e9 portfolio d\u00edky na\u0161im flexibiln\u00edm po\u017eadavk\u016fm na minim\u00e1ln\u00ed objedn\u00e1vku a efektivn\u00edm mezin\u00e1rodn\u00edm p\u0159epravn\u00edm slu\u017eb\u00e1m.<\/p>\n<hr class=\"\" data-start=\"3992\" data-end=\"3995\" \/>\n<h1 class=\"\" data-start=\"3997\" data-end=\"4028\">???? <strong data-start=\"4002\" data-end=\"4028\">Specifikace produktu<\/strong><\/h1>\n<p class=\"\" data-start=\"4030\" data-end=\"4513\">- <strong data-start=\"4032\" data-end=\"4044\">Materi\u00e1l<\/strong>: Vysoce elastick\u00e1 v\u00fdkonn\u00e1 tkanina + semi\u0161ov\u00e1 zes\u00edlen\u00e1 dla\u0148 na dotek<br data-start=\"4107\" data-end=\"4110\" \/>- <strong data-start=\"4112\" data-end=\"4121\">Barva<\/strong>: M\u011bstsk\u00e1 \u0161ed\u00e1 a \u010dern\u00e1 (k dispozici jsou vlastn\u00ed barvy)<br data-start=\"4169\" data-end=\"4172\" \/>- <strong data-start=\"4174\" data-end=\"4183\">Velikosti<\/strong>: S, M, L, XL, XXL<br data-start=\"4201\" data-end=\"4204\" \/>- <strong data-start=\"4206\" data-end=\"4221\">Sez\u00f3nnost<\/strong>: Ide\u00e1ln\u00ed pro jaro, l\u00e9to a m\u00edrn\u00e9 po\u010das\u00ed<br data-start=\"4265\" data-end=\"4268\" \/>- <strong data-start=\"4270\" data-end=\"4280\">Design<\/strong>: Ergonomick\u00e9 p\u0159izp\u016fsoben\u00ed pro polovinu prst\u016f<br data-start=\"4307\" data-end=\"4310\" \/>- <strong data-start=\"4312\" data-end=\"4323\">Uz\u00e1v\u011br<\/strong>: Nastaviteln\u00fd p\u00e1sek na z\u00e1p\u011bst\u00ed se such\u00fdm zipem<br data-start=\"4354\" data-end=\"4357\" \/>- <strong data-start=\"4359\" data-end=\"4376\">P\u0159izp\u016fsoben\u00ed<\/strong>: Tisk loga, soukrom\u00e1 zna\u010dka, v\u00fdroba OEM<br data-start=\"4432\" data-end=\"4435\" \/>- <strong data-start=\"4437\" data-end=\"4444\">MOQ<\/strong>: Od n\u00edzk\u00fdch minim\u00e1ln\u00edch \u010d\u00e1stek - ide\u00e1ln\u00ed pro mal\u00e9 zna\u010dky a velkoodb\u011bratele<\/p>\n<hr class=\"\" data-start=\"4515\" data-end=\"4518\" \/>\n<h1 class=\"\" data-start=\"4520\" data-end=\"4558\">???? <strong data-start=\"4525\" data-end=\"4558\">Aplikace a ide\u00e1ln\u00ed kupuj\u00edc\u00ed<\/strong><\/h1>\n<p class=\"\" data-start=\"4560\" data-end=\"4873\">- Jezdci na pouli\u010dn\u00edch kolech<br data-start=\"4580\" data-end=\"4583\" \/>- Doj\u00ed\u017ed\u011bj\u00edc\u00ed na motocyklu a sk\u00fatru<br data-start=\"4617\" data-end=\"4620\" \/>- Nad\u0161enci do fitness a posiloven<br data-start=\"4649\" data-end=\"4652\" \/>- Fanou\u0161ci dobrodru\u017estv\u00ed a outdoorov\u00fdch sport\u016f<br data-start=\"4687\" data-end=\"4690\" \/>- Sportovci CrossFitu a vzp\u00edr\u00e1n\u00ed<br data-start=\"4727\" data-end=\"4730\" \/>- M\u011bstsk\u00e9 m\u00f3dn\u00ed zna\u010dky<br data-start=\"4752\" data-end=\"4755\" \/>- Poskytovatel\u00e9 taktick\u00e9ho vybaven\u00ed<br data-start=\"4780\" data-end=\"4783\" \/>- Prodejci e-commerce a Dropshippers<br data-start=\"4820\" data-end=\"4823\" \/>- Obchody s motocyklov\u00fdm vybaven\u00edm<br data-start=\"4846\" data-end=\"4849\" \/>- Startupy se soukromou zna\u010dkou<\/p>\n<hr class=\"\" data-start=\"4875\" data-end=\"4878\" \/>\n<h1 class=\"\" data-start=\"4880\" data-end=\"4946\">???? <strong data-start=\"4885\" data-end=\"4946\">Pro\u010d si vybrat spole\u010dnost Ryinz pro v\u00fdrobu a dod\u00e1vky rukavic?<\/strong><\/h1>\n<p class=\"\" data-start=\"4948\" data-end=\"5245\">- D\u016fv\u011bryhodn\u00fd dodavatel OEM\/ODM pro EU a USA<br data-start=\"4989\" data-end=\"4992\" \/>- Modern\u00ed designy odpov\u00eddaj\u00edc\u00ed evropsk\u00fdm trend\u016fm<br data-start=\"5035\" data-end=\"5038\" \/>- Velkoobchodn\u00ed slevy a n\u00edzk\u00e9 MOQ<br data-start=\"5076\" data-end=\"5079\" \/>- Pln\u00e1 podpora priv\u00e1tn\u00edch zna\u010dek a brandingu<br data-start=\"5120\" data-end=\"5123\" \/>- Specializovan\u00fd t\u00fdm podpory kupuj\u00edc\u00edch<br data-start=\"5153\" data-end=\"5156\" \/>- Rychl\u00e1 v\u00fdroba a mezin\u00e1rodn\u00ed p\u0159eprava<br data-start=\"5200\" data-end=\"5203\" \/>- D\u016fsledn\u00e1 kontrola kvality a standardy<\/p>","protected":false},"excerpt":{"rendered":"<p class=\"\" data-start=\"2346\" data-end=\"2513\">???? <strong data-start=\"2349\" data-end=\"2380\">Pr\u00e9miov\u00e1 tkaninov\u00e1 konstrukce<\/strong><br data-start=\"2380\" data-end=\"2383\" \/>Jsou vyrobeny z vysoce elastick\u00fdch a lehk\u00fdch materi\u00e1l\u016f, kter\u00e9 zaji\u0161\u0165uj\u00ed p\u0159irozen\u00e9 p\u0159il\u00e9h\u00e1n\u00ed a podporuj\u00ed plnou pohyblivost rukou bez omezen\u00ed.<\/p>\n<p class=\"\" data-start=\"2515\" data-end=\"2679\">???? <strong data-start=\"2518\" data-end=\"2552\">Vyztu\u017een\u00e1 dla\u0148 se semi\u0161ovou texturou<\/strong><br data-start=\"2552\" data-end=\"2555\" \/>Poskytuje v\u00fdjime\u010dnou p\u0159ilnavost a ochranu proti od\u0159enin\u00e1m, co\u017e jezdc\u016fm, sportovc\u016fm a osob\u00e1m doj\u00ed\u017ed\u011bj\u00edc\u00edm do pr\u00e1ce poskytuje mimo\u0159\u00e1dnou kontrolu a bezpe\u010dnost.<\/p>\n<p class=\"\" data-start=\"2681\" data-end=\"2828\">???? <strong data-start=\"2684\" data-end=\"2714\">Prody\u0161n\u00e9 zadn\u00ed panely<\/strong><\/p>","protected":false},"featured_media":9056,"comment_status":"closed","ping_status":"closed","template":"","meta":[],"product_brand":[35],"product_cat":[152],"product_tag":[185,46,186,180,187,188,189,153,190,191],"class_list":{"0":"post-8994","1":"product","2":"type-product","3":"status-publish","4":"has-post-thumbnail","6":"product_brand-ryinz","7":"product_cat-street-bike-gloves","8":"product_tag-biking-gloves-for-street-riders","9":"product_tag-breathable-mesh-gloves","10":"product_tag-customizable-bike-gloves","11":"product_tag-ergonomic-street-bike-gloves","12":"product_tag-fingerless-street-bike-gloves","13":"product_tag-lycra-fourchettes-gloves","14":"product_tag-serino-palm-bike-gloves","15":"product_tag-street-bike-gloves","16":"product_tag-towel-thumb-bike-gloves","17":"product_tag-urban-biking-gloves","19":"first","20":"instock","21":"taxable","22":"shipping-taxable","23":"purchasable","24":"product-type-simple"},"_links":{"self":[{"href":"https:\/\/ryinz.cz\/velkoobchod\/cs\/wp-json\/wp\/v2\/product\/8994","targetHints":{"allow":["GET"]}}],"collection":[{"href":"https:\/\/ryinz.cz\/velkoobchod\/cs\/wp-json\/wp\/v2\/product"}],"about":[{"href":"https:\/\/ryinz.cz\/velkoobchod\/cs\/wp-json\/wp\/v2\/types\/product"}],"replies":[{"embeddable":true,"href":"https:\/\/ryinz.cz\/velkoobchod\/cs\/wp-json\/wp\/v2\/comments?post=8994"}],"wp:featuredmedia":[{"embeddable":true,"href":"https:\/\/ryinz.cz\/velkoobchod\/cs\/wp-json\/wp\/v2\/media\/9056"}],"wp:attachment":[{"href":"https:\/\/ryinz.cz\/velkoobchod\/cs\/wp-json\/wp\/v2\/media?parent=8994"}],"wp:term":[{"taxonomy":"product_brand","embeddable":true,"href":"https:\/\/ryinz.cz\/velkoobchod\/cs\/wp-json\/wp\/v2\/product_brand?post=8994"},{"taxonomy":"product_cat","embeddable":true,"href":"https:\/\/ryinz.cz\/velkoobchod\/cs\/wp-json\/wp\/v2\/product_cat?post=8994"},{"taxonomy":"product_tag","embeddable":true,"href":"https:\/\/ryinz.cz\/velkoobchod\/cs\/wp-json\/wp\/v2\/product_tag?post=8994"}],"curies":[{"name":"wp","href":"https:\/\/api.w.org\/{rel}","templated":true}]}}