{"id":8993,"date":"2025-06-22T15:24:50","date_gmt":"2025-06-22T15:24:50","guid":{"rendered":"https:\/\/ryinz.cz\/velkoobchod\/?post_type=product&#038;p=8993"},"modified":"2026-01-18T20:17:18","modified_gmt":"2026-01-18T20:17:18","slug":"rukavice-na-poulicni-kolo-velkoobchod-ryinz-lehka-ochrana-eu-vzory-vyrobce-a-dodavatel-loga-na-zakazku","status":"publish","type":"product","link":"https:\/\/ryinz.cz\/velkoobchod\/cs\/product\/street-bike-gloves-wholesale-ryinz-lightweight-protection-eu-designs-manufacturer-and-custom-logo-supplier\/","title":{"rendered":"Velkoobchodn\u00ed rukavice pro silni\u010dn\u00ed kola | Ryinz | Lehk\u00e1 ochrana | EU designy | V\u00fdrobce a dodavatel loga na zak\u00e1zku"},"content":{"rendered":"<p class=\"\" data-start=\"267\" data-end=\"385\"><strong data-start=\"267\" data-end=\"385\">Velkoobchodn\u00ed rukavice pro silni\u010dn\u00ed kola | Ryinz | Lehk\u00e1 ochrana | EU designy | V\u00fdrobce a dodavatel loga na zak\u00e1zku<\/strong><\/p>\n<p class=\"\" data-start=\"387\" data-end=\"737\">Na adrese <strong data-start=\"390\" data-end=\"399\">Ryinz<\/strong>, podporujeme zna\u010dky a podniky po cel\u00e9m sv\u011bt\u011b t\u00edm, \u017ee nab\u00edz\u00edme vysoce v\u00fdkonn\u00e9 v\u00fdrobky navr\u017een\u00e9 podle evropsk\u00fdch norem kvality.<br data-start=\"521\" data-end=\"524\" \/>Jsme <strong data-start=\"535\" data-end=\"582\">neviditeln\u00fd motor mezin\u00e1rodn\u00edho obchodu<\/strong>, kter\u00e1 spojuje pr\u00e9miov\u00e9 v\u00fdrobce, zna\u010dky a kupuj\u00edc\u00ed v Evrop\u011b, USA a Asii.<br data-start=\"670\" data-end=\"673\" \/>Na\u0161e posl\u00e1n\u00ed je jednoduch\u00e9: <strong data-start=\"696\" data-end=\"737\">Otev\u00edr\u00e1me dve\u0159e, abyste mohli uzav\u00edrat prodeje.<\/strong><\/p>\n<p class=\"\" data-start=\"739\" data-end=\"919\">P\u0159edstaven\u00ed <strong data-start=\"755\" data-end=\"783\">Rukavice Ryinz Street Bike<\/strong> - dokonal\u00e9 spojen\u00ed pohodl\u00ed, ochrany, stylu a v\u00fdkonu. Ide\u00e1ln\u00ed pro jezdce, kte\u0159\u00ed vy\u017eaduj\u00ed vybaven\u00ed, kter\u00e9 funguje stejn\u011b tvrd\u011b jako oni.<\/p>\n<hr class=\"\" data-start=\"921\" data-end=\"924\" \/>\n<h3 class=\"\" data-start=\"926\" data-end=\"953\"><strong data-start=\"930\" data-end=\"952\">Nejd\u016fle\u017eit\u011bj\u0161\u00ed informace o produktu<\/strong>:<\/h3>\n<p class=\"\" data-start=\"955\" data-end=\"1402\">\u2705 <strong data-start=\"957\" data-end=\"973\">N\u00e1zev produktu<\/strong>: Rukavice Ryinz Street Bike Riding Gloves<br data-start=\"1006\" data-end=\"1009\" \/>\u2705 <strong data-start=\"1011\" data-end=\"1023\">Materi\u00e1l<\/strong>: Prody\u0161n\u00e1 s\u00ed\u0165ovina + zes\u00edlen\u00e1 PU dla\u0148<br data-start=\"1068\" data-end=\"1071\" \/>\u2705 <strong data-start=\"1073\" data-end=\"1082\">Barva<\/strong>: Nebesky modr\u00e1\/\u010dern\u00e1 (k dispozici jsou vlastn\u00ed barvy)<br data-start=\"1124\" data-end=\"1127\" \/>\u2705 <strong data-start=\"1129\" data-end=\"1145\">Mo\u017enosti loga<\/strong>: Pr\u00e1zdn\u00fd, vlastn\u00ed s\u00edtotisk, gumov\u00e1 n\u00e1\u0161ivka, v\u00fd\u0161ivka<br data-start=\"1202\" data-end=\"1205\" \/>\u2705 <strong data-start=\"1207\" data-end=\"1217\">Design<\/strong>:<br data-start=\"1218\" data-end=\"1221\" \/>- Konstrukce s p\u016flkou prstu pro maxim\u00e1ln\u00ed kontrolu<br data-start=\"1261\" data-end=\"1264\" \/>- Polstrovan\u00e1 dla\u0148 pro tlumen\u00ed n\u00e1raz\u016f<br data-start=\"1298\" data-end=\"1301\" \/>- Nastaviteln\u00fd \u0159em\u00ednek na z\u00e1p\u011bst\u00ed pro bezpe\u010dn\u00e9 uchycen\u00ed<br data-start=\"1340\" data-end=\"1343\" \/>- Protiskluzov\u00e9 vylep\u0161en\u00ed \u00fachopu<br data-start=\"1372\" data-end=\"1375\" \/>- Prody\u0161n\u00e1 s\u00ed\u0165ovina Airflow Mesh<\/p>\n<p class=\"\" data-start=\"1404\" data-end=\"1464\">\u2705 <strong data-start=\"1406\" data-end=\"1425\">Dostupn\u00e9 velikosti<\/strong>: S, M, L, XL (k dispozici jsou vlastn\u00ed velikosti)<\/p>\n<p class=\"\" data-start=\"1466\" data-end=\"1681\">\u2705 <strong data-start=\"1468\" data-end=\"1475\">Fit<\/strong>: Lehk\u00fd, ergonomick\u00fd, vysoce v\u00fdkonn\u00fd st\u0159ih<br data-start=\"1521\" data-end=\"1524\" \/>\u2705 <strong data-start=\"1526\" data-end=\"1533\">Pou\u017eijte<\/strong>: Cyklistika na ulici, Silni\u010dn\u00ed cyklistika, Fitness, Outdoorov\u00e9 aktivity, J\u00edzda na E-kolob\u011b\u017ece<br data-start=\"1609\" data-end=\"1612\" \/>\u2705 <strong data-start=\"1614\" data-end=\"1621\">MOQ<\/strong>: N\u00edzk\u00e1 minima pro velkoobchodn\u00ed a priv\u00e1tn\u00ed p\u0159izp\u016fsoben\u00ed zna\u010dek<\/p>\n<hr class=\"\" data-start=\"1683\" data-end=\"1686\" \/>\n<h3 class=\"\" data-start=\"1688\" data-end=\"1717\"><strong data-start=\"1692\" data-end=\"1716\">Podrobn\u00fd popis<\/strong>:<\/h3>\n<p class=\"\" data-start=\"1719\" data-end=\"1872\">Jezd\u011bte tvrd\u011bji, d\u00e9le a chyt\u0159eji s <strong data-start=\"1761\" data-end=\"1789\">Rukavice Ryinz Street Bike<\/strong> - stvo\u0159en\u00e9 pro m\u011bstsk\u00e9 bojovn\u00edky, fitness nad\u0161ence a jezdce zam\u011b\u0159en\u00e9 na v\u00fdkon.<\/p>\n<p class=\"\" data-start=\"1874\" data-end=\"2175\">Tyto rukavice kombinuj\u00ed <strong data-start=\"1895\" data-end=\"1926\">lehk\u00e1 prody\u0161n\u00e1 s\u00ed\u0165ovina<\/strong> s <strong data-start=\"1932\" data-end=\"1962\">zes\u00edlen\u00e9 dlan\u011b s PU polstrov\u00e1n\u00edm<\/strong>, kter\u00e1 poskytuje v\u00fdkonnou kombinaci pohodl\u00ed, odv\u011btr\u00e1v\u00e1n\u00ed a p\u0159ilnavosti.<br data-start=\"2024\" data-end=\"2027\" \/>Konstrukce s p\u016flkou prstu nab\u00edz\u00ed <strong data-start=\"2057\" data-end=\"2081\">pln\u00e9 hmatov\u00e9 ovl\u00e1d\u00e1n\u00ed<\/strong>, co\u017e jezdci umo\u017e\u0148uje jist\u00fd a p\u0159esn\u00fd \u00fachop \u0159\u00edd\u00edtek, brzd a plynu.<\/p>\n<p class=\"\" data-start=\"2177\" data-end=\"2472\">. <strong data-start=\"2180\" data-end=\"2206\">nastaviteln\u00fd z\u00e1p\u011bstn\u00ed \u0159em\u00ednek<\/strong> zaji\u0161\u0165uje individu\u00e1ln\u00ed a pevn\u00e9 uchycen\u00ed, zat\u00edmco protiskluzov\u00e9 \u00fapravy dlan\u011b zaji\u0161\u0165uj\u00ed stabilitu za sucha i za mokra.<br data-start=\"2323\" data-end=\"2326\" \/>Ide\u00e1ln\u00ed pro <strong data-start=\"2338\" data-end=\"2355\">pouli\u010dn\u00ed cyklist\u00e9<\/strong>, <strong data-start=\"2357\" data-end=\"2374\">silni\u010dn\u00ed cyklist\u00e9<\/strong>, <strong data-start=\"2376\" data-end=\"2393\">Jezdci na elektrokolech<\/strong>, a dokonce <strong data-start=\"2404\" data-end=\"2417\">n\u00e1v\u0161t\u011bvn\u00edci posilovny<\/strong> hled\u00e1te extra p\u0159ilnavost b\u011bhem vysoce intenzivn\u00edch tr\u00e9nink\u016f.<\/p>\n<p class=\"\" data-start=\"2474\" data-end=\"2647\">K dispozici s <strong data-start=\"2489\" data-end=\"2516\">mo\u017enosti vlastn\u00edho brandingu<\/strong>, Rukavice Ryinz jsou fantastick\u00fdm propaga\u010dn\u00edm produktem, dopl\u0148kem maloobchodn\u00ed \u0159ady nebo zna\u010dkov\u00fdm zbo\u017e\u00edm pro akce, t\u00fdmy a spole\u010dnosti.<\/p>\n<hr class=\"\" data-start=\"2649\" data-end=\"2652\" \/>\n<h3 class=\"\" data-start=\"2654\" data-end=\"2707\"><strong data-start=\"2658\" data-end=\"2706\">Kl\u00ed\u010dov\u00e9 funkce pro velkoobchodn\u00ed a maloobchodn\u00ed odb\u011bratele<\/strong>:<\/h3>\n<p><strong data-start=\"2712\" data-end=\"2736\">Design navr\u017een\u00fd EU<\/strong>: Kombinuje funk\u010dnost, st\u0159ih a sv\u011b\u017e\u00ed styl vylad\u011bn\u00fd pro evropsk\u00e9 a sv\u011btov\u00e9 trhy.<br data-start=\"2816\" data-end=\"2819\" \/><strong data-start=\"2822\" data-end=\"2853\">Ceny p\u0159\u00edmo od v\u00fdrobce<\/strong>: Nejlep\u0161\u00ed hodnota bez prost\u0159edn\u00edka.<br data-start=\"2884\" data-end=\"2887\" \/><strong data-start=\"2890\" data-end=\"2911\">P\u0159ipraven\u00e9 vlastn\u00ed logo<\/strong>: P\u0159idejte svou zna\u010dku pomoc\u00ed s\u00edtotisku, v\u00fd\u0161ivky nebo gumov\u00fdch n\u00e1\u0161ivek s logem.<br data-start=\"2981\" data-end=\"2984\" \/><strong data-start=\"2987\" data-end=\"3010\">\u0160irok\u00e1 tr\u017en\u00ed p\u0159ita\u017elivost<\/strong>: Ide\u00e1ln\u00ed pro m\u011bstsk\u00e9 jezdce, cyklistick\u00e9 obchody, sportovn\u00ed zna\u010dky, t\u011blocvi\u010dny a online prodejce.<br data-start=\"3095\" data-end=\"3098\" \/><strong data-start=\"3101\" data-end=\"3133\">Rychl\u00e1 v\u00fdroba a dod\u00e1n\u00ed<\/strong>: Pln\u00e1 podpora pro celosv\u011btov\u00e9 B2B kupuj\u00edc\u00ed.<strong data-start=\"3179\" data-end=\"3207\">Odolnost se snoub\u00ed s pohodl\u00edm<\/strong>: Zes\u00edlen\u00e9 \u0161vy, bezpe\u010dn\u00e9 \u00fachopov\u00e9 z\u00f3ny, prvot\u0159\u00eddn\u00ed prody\u0161n\u00e9 materi\u00e1ly.<\/p>\n<hr class=\"\" data-start=\"3281\" data-end=\"3284\" \/>\n<h3 class=\"\" data-start=\"3286\" data-end=\"3312\"><strong data-start=\"3290\" data-end=\"3311\">N\u00e1pady na aplikace<\/strong>:<\/h3>\n<p class=\"\" data-start=\"3314\" data-end=\"3555\">- Prodejci vybaven\u00ed pro silni\u010dn\u00ed kola a motocykly<br data-start=\"3357\" data-end=\"3360\" \/>- Cyklistick\u00e9 obchody a obchody s elektrokolob\u011b\u017ekami<br data-start=\"3389\" data-end=\"3392\" \/>- Zna\u010dky fitness a posiloven<br data-start=\"3416\" data-end=\"3419\" \/>- Maloobchodn\u00edci s outdoorov\u00fdm dobrodru\u017estv\u00edm<br data-start=\"3448\" data-end=\"3451\" \/>- Startupy m\u011bstsk\u00e9ho sportovn\u00edho oble\u010den\u00ed<br data-start=\"3478\" data-end=\"3481\" \/>- Priv\u00e1tn\u00ed zna\u010dky streetwear<br data-start=\"3514\" data-end=\"3517\" \/>- D\u00e1rky k ud\u00e1lostem a propagace zna\u010dky<\/p>\n<hr class=\"\" data-start=\"3557\" data-end=\"3560\" \/>\n<h3 class=\"\" data-start=\"3562\" data-end=\"3599\"><strong data-start=\"3566\" data-end=\"3598\">Perfektn\u00ed velikost a p\u0159izp\u016fsoben\u00ed Podrobnosti<\/strong>:<\/h3>\n<div class=\"group pointer-events-none relative flex justify-center *:pointer-events-auto\">\n<p>&nbsp;<\/p>\n<div class=\"tableContainer horzScrollShadows relative\">\n<table class=\"min-w-full\" data-start=\"3601\" data-end=\"3792\">\n<thead data-start=\"3601\" data-end=\"3653\">\n<tr data-start=\"3601\" data-end=\"3653\">\n<th data-start=\"3601\" data-end=\"3608\">Velikost<\/th>\n<th data-start=\"3608\" data-end=\"3626\">\u0160\u00ed\u0159ka dlan\u011b (cm)<\/th>\n<th data-start=\"3626\" data-end=\"3653\">Obvod dlan\u011b (cm)<\/th>\n<\/tr>\n<\/thead>\n<tbody data-start=\"3707\" data-end=\"3792\">\n<tr data-start=\"3707\" data-end=\"3726\">\n<td class=\"max-w-[calc(var(--thread-content-max-width)*2\/3)]\" data-start=\"3707\" data-end=\"3711\">S<\/td>\n<td class=\"max-w-[calc(var(--thread-content-max-width)*2\/3)]\" data-start=\"3711\" data-end=\"3717\">7.5<\/td>\n<td class=\"max-w-[calc(var(--thread-content-max-width)*2\/3)]\" data-start=\"3717\" data-end=\"3726\">17-18<\/td>\n<\/tr>\n<tr data-start=\"3727\" data-end=\"3748\">\n<td class=\"max-w-[calc(var(--thread-content-max-width)*2\/3)]\" data-start=\"3727\" data-end=\"3731\">M<\/td>\n<td class=\"max-w-[calc(var(--thread-content-max-width)*2\/3)]\" data-start=\"3731\" data-end=\"3737\">8.5<\/td>\n<td class=\"max-w-[calc(var(--thread-content-max-width)*2\/3)]\" data-start=\"3737\" data-end=\"3748\">18-19.5<\/td>\n<\/tr>\n<tr data-start=\"3749\" data-end=\"3770\">\n<td class=\"max-w-[calc(var(--thread-content-max-width)*2\/3)]\" data-start=\"3749\" data-end=\"3753\">L<\/td>\n<td class=\"max-w-[calc(var(--thread-content-max-width)*2\/3)]\" data-start=\"3753\" data-end=\"3759\">9.5<\/td>\n<td class=\"max-w-[calc(var(--thread-content-max-width)*2\/3)]\" data-start=\"3759\" data-end=\"3770\">19.5-21<\/td>\n<\/tr>\n<tr data-start=\"3771\" data-end=\"3792\">\n<td class=\"max-w-[calc(var(--thread-content-max-width)*2\/3)]\" data-start=\"3771\" data-end=\"3776\">XL<\/td>\n<td class=\"max-w-[calc(var(--thread-content-max-width)*2\/3)]\" data-start=\"3776\" data-end=\"3783\">10.5<\/td>\n<td class=\"max-w-[calc(var(--thread-content-max-width)*2\/3)]\" data-start=\"3783\" data-end=\"3792\">21-23<\/td>\n<\/tr>\n<\/tbody>\n<\/table>\n<\/div>\n<\/div>\n<p class=\"\" data-start=\"3794\" data-end=\"3868\">(Rozm\u011brov\u011b p\u0159izp\u016fsoben\u00e9 pro bezpe\u010dn\u00e9 a v\u00fdkonn\u00e9 no\u0161en\u00ed pro r\u016fzn\u00e9 velikosti rukou.)<\/p>\n<hr class=\"\" data-start=\"3870\" data-end=\"3873\" \/>\n<h3 class=\"\" data-start=\"3875\" data-end=\"3919\"><strong data-start=\"3879\" data-end=\"3918\">Kl\u00ed\u010dov\u00e1 slova pro SEO (odd\u011blen\u00e1 \u010d\u00e1rkou)<\/strong>:<\/h3>\n<p class=\"\" data-start=\"3921\" data-end=\"4558\">velkoobchod s rukavicemi na kolo, dodavatel cyklistick\u00fdch rukavic Ryinz, v\u00fdrobce rukavic na kolo s p\u016flprstem, cyklistick\u00e9 rukavice s vlastn\u00edm logem, velkoobchod s lehk\u00fdmi motocyklov\u00fdmi rukavicemi, dodavatel rukavic na kolo s designem EU, prody\u0161n\u00e9 rukavice pro j\u00edzdu na kole, velkoobchod s rukavicemi se zes\u00edlenou dlan\u00ed, dodavatel protiskluzov\u00fdch cyklistick\u00fdch rukavic, rukavice na kolo s vlastn\u00ed zna\u010dkou pro Evropu, fitness rukavice pro j\u00edzdu ve m\u011bst\u011b, velkoobchodn\u00ed dodavatel rukavic na e-kola, rukavice s vlastn\u00ed zna\u010dkou pro sportovn\u00ed zna\u010dky, velkoobchod s rukavicemi na motocyklov\u00e9 vybaven\u00ed, outdoorov\u00e9 sportovn\u00ed rukavice pro Evropu, odoln\u00e9 jezdeck\u00e9 rukavice pro maloobchod, silni\u010dn\u00ed cyklistick\u00e9 rukavice ve velk\u00e9m, v\u00fdrobce pouli\u010dn\u00edch sportovn\u00edch rukavic, m\u011bstsk\u00e9 cyklistick\u00e9 rukavice pro e-commerce<\/p>\n<hr class=\"\" data-start=\"4560\" data-end=\"4563\" \/>\n<h3 class=\"\" data-start=\"4565\" data-end=\"4590\"><strong data-start=\"4569\" data-end=\"4590\">Pro\u010d si vybrat Ryinz?<\/strong><\/h3>\n<p class=\"\" data-start=\"4592\" data-end=\"4898\"><strong data-start=\"4595\" data-end=\"4604\">Ryinz<\/strong> umo\u017e\u0148uje maloobchodn\u00edk\u016fm, zna\u010dk\u00e1m a podnik\u016fm p\u0159\u00edm\u00fd p\u0159\u00edstup ke kvalitn\u00edm a \u017e\u00e1dan\u00fdm produkt\u016fm.<br data-start=\"4708\" data-end=\"4711\" \/>\u00a0Se spole\u010dnost\u00ed Ryinz z\u00edsk\u00e1te rychl\u00e9 p\u0159izp\u016fsoben\u00ed, pr\u00e9miovou v\u00fdrobu a chytr\u00e1 \u0159e\u0161en\u00ed pro budov\u00e1n\u00ed zna\u010dky, kter\u00e1 v\u00e1m pomohou vyniknout a rychle r\u016fst - a\u0165 u\u017e prod\u00e1v\u00e1te online, v obchodech nebo na akc\u00edch.<\/p>\n<p class=\"\" data-start=\"4900\" data-end=\"5006\">Kdy\u017e si vyberete spole\u010dnost Ryinz, rozhodnete se pro inovace, partnerstv\u00ed a p\u0159\u00edstup k podnik\u00e1n\u00ed zam\u011b\u0159en\u00fd na budoucnost.<\/p>\n<hr class=\"\" data-start=\"5008\" data-end=\"5011\" \/>\n<h3 class=\"\" data-start=\"5013\" data-end=\"5073\"><strong data-start=\"5017\" data-end=\"5073\">Kontaktujte spole\u010dnost Ryinz pro velkoobchodn\u00ed a priv\u00e1tn\u00ed objedn\u00e1vky<\/strong><\/h3>\n<p class=\"\" data-start=\"5075\" data-end=\"5152\">Jste p\u0159ipraveni nab\u00edzet vysoce v\u00fdkonn\u00e9 rukavice na kolo, kter\u00e9 si va\u0161i z\u00e1kazn\u00edci zamiluj\u00ed?<\/p>\n<p class=\"\" data-start=\"5154\" data-end=\"5282\"><strong data-start=\"5157\" data-end=\"5168\">Webov\u00e9 str\u00e1nky<\/strong>: <a class=\"\" href=\"https:\/\/ryinz.cz\/velkoobchod\/cs\/\" target=\"_new\" rel=\"noopener\" data-start=\"5170\" data-end=\"5208\">www.ryinz.com<\/a><br data-start=\"5208\" data-end=\"5211\" \/><strong data-start=\"5214\" data-end=\"5223\">E-mail<\/strong>: <a class=\"cursor-pointer\" rel=\"noopener\" data-start=\"5225\" data-end=\"5240\">lavie@ryinz.cz<\/a><br data-start=\"5240\" data-end=\"5243\" \/><strong data-start=\"5246\" data-end=\"5264\">Telefon \/ WhatsApp<\/strong>: +420 604 413 141<\/p>\n<p class=\"\" data-start=\"5284\" data-end=\"5329\"><strong data-start=\"5284\" data-end=\"5329\">Ryinz - Grip Your Ride, Power Your Brand.<\/strong><\/p>","protected":false},"excerpt":{"rendered":"<p class=\"\" data-start=\"955\" data-end=\"1402\">\u2705 <strong data-start=\"957\" data-end=\"973\">N\u00e1zev produktu<\/strong>: Rukavice Ryinz Street Bike Riding Gloves<br data-start=\"1006\" data-end=\"1009\" \/>\u2705 <strong data-start=\"1011\" data-end=\"1023\">Materi\u00e1l<\/strong>: Prody\u0161n\u00e1 s\u00ed\u0165ovina + zes\u00edlen\u00e1 PU dla\u0148<br data-start=\"1068\" data-end=\"1071\" \/>\u2705 <strong data-start=\"1073\" data-end=\"1082\">Barva<\/strong>: Nebesky modr\u00e1\/\u010dern\u00e1 (k dispozici jsou vlastn\u00ed barvy)<br data-start=\"1124\" data-end=\"1127\" \/>\u2705 <strong data-start=\"1129\" data-end=\"1145\">Mo\u017enosti loga<\/strong>: Pr\u00e1zdn\u00fd, vlastn\u00ed s\u00edtotisk, gumov\u00e1 n\u00e1\u0161ivka, v\u00fd\u0161ivka<br data-start=\"1202\" data-end=\"1205\" \/>\u2705 <strong data-start=\"1207\" data-end=\"1217\">Design<\/strong>:<br data-start=\"1218\" data-end=\"1221\" \/>- Konstrukce s p\u016flkou prstu pro maxim\u00e1ln\u00ed kontrolu<br data-start=\"1261\" data-end=\"1264\" \/>- Polstrovan\u00e1 dla\u0148 pro tlumen\u00ed n\u00e1raz\u016f<br data-start=\"1298\" data-end=\"1301\" \/>- Nastaviteln\u00fd \u0159em\u00ednek na z\u00e1p\u011bst\u00ed pro bezpe\u010dn\u00e9 uchycen\u00ed<br data-start=\"1340\" data-end=\"1343\" \/>- Protiskluzov\u00e9 vylep\u0161en\u00ed \u00fachopu<br data-start=\"1372\" data-end=\"1375\" \/>- Prody\u0161n\u00e1 s\u00ed\u0165ovina Airflow Mesh<\/p>\n<p class=\"\" data-start=\"1404\" data-end=\"1464\">\u2705 <strong data-start=\"1406\" data-end=\"1425\">Dostupn\u00e9 velikosti<\/strong>: S, M, L, XL (k dispozici jsou vlastn\u00ed velikosti)<\/p>\n<p class=\"\" data-start=\"1466\" data-end=\"1681\">\u2705 <strong data-start=\"1468\" data-end=\"1475\">Fit<\/strong>: Lehk\u00fd, ergonomick\u00fd, vysoce v\u00fdkonn\u00fd st\u0159ih<br data-start=\"1521\" data-end=\"1524\" \/>\u2705 <strong data-start=\"1526\" data-end=\"1533\">Pou\u017eijte<\/strong>: Cyklistika na ulici, Silni\u010dn\u00ed cyklistika, Fitness, Outdoorov\u00e9 aktivity, J\u00edzda na E-kolob\u011b\u017ece<br data-start=\"1609\" data-end=\"1612\" \/>\u2705 <strong data-start=\"1614\" data-end=\"1621\">MOQ<\/strong>: N\u00edzk\u00e1 minima pro velkoobchodn\u00ed a priv\u00e1tn\u00ed p\u0159izp\u016fsoben\u00ed zna\u010dek<\/p>","protected":false},"featured_media":9061,"comment_status":"closed","ping_status":"closed","template":"","meta":[],"product_brand":[35],"product_cat":[68,152],"product_tag":[185,46,186,180,187,188,189,153,190,191],"class_list":{"0":"post-8993","1":"product","2":"type-product","3":"status-publish","4":"has-post-thumbnail","6":"product_brand-ryinz","7":"product_cat-ryinz","8":"product_cat-street-bike-gloves","9":"product_tag-biking-gloves-for-street-riders","10":"product_tag-breathable-mesh-gloves","11":"product_tag-customizable-bike-gloves","12":"product_tag-ergonomic-street-bike-gloves","13":"product_tag-fingerless-street-bike-gloves","14":"product_tag-lycra-fourchettes-gloves","15":"product_tag-serino-palm-bike-gloves","16":"product_tag-street-bike-gloves","17":"product_tag-towel-thumb-bike-gloves","18":"product_tag-urban-biking-gloves","20":"first","21":"instock","22":"taxable","23":"shipping-taxable","24":"purchasable","25":"product-type-simple"},"_links":{"self":[{"href":"https:\/\/ryinz.cz\/velkoobchod\/cs\/wp-json\/wp\/v2\/product\/8993","targetHints":{"allow":["GET"]}}],"collection":[{"href":"https:\/\/ryinz.cz\/velkoobchod\/cs\/wp-json\/wp\/v2\/product"}],"about":[{"href":"https:\/\/ryinz.cz\/velkoobchod\/cs\/wp-json\/wp\/v2\/types\/product"}],"replies":[{"embeddable":true,"href":"https:\/\/ryinz.cz\/velkoobchod\/cs\/wp-json\/wp\/v2\/comments?post=8993"}],"wp:featuredmedia":[{"embeddable":true,"href":"https:\/\/ryinz.cz\/velkoobchod\/cs\/wp-json\/wp\/v2\/media\/9061"}],"wp:attachment":[{"href":"https:\/\/ryinz.cz\/velkoobchod\/cs\/wp-json\/wp\/v2\/media?parent=8993"}],"wp:term":[{"taxonomy":"product_brand","embeddable":true,"href":"https:\/\/ryinz.cz\/velkoobchod\/cs\/wp-json\/wp\/v2\/product_brand?post=8993"},{"taxonomy":"product_cat","embeddable":true,"href":"https:\/\/ryinz.cz\/velkoobchod\/cs\/wp-json\/wp\/v2\/product_cat?post=8993"},{"taxonomy":"product_tag","embeddable":true,"href":"https:\/\/ryinz.cz\/velkoobchod\/cs\/wp-json\/wp\/v2\/product_tag?post=8993"}],"curies":[{"name":"wp","href":"https:\/\/api.w.org\/{rel}","templated":true}]}}