{"id":8992,"date":"2025-06-22T15:24:50","date_gmt":"2025-06-22T15:24:50","guid":{"rendered":"https:\/\/ryinz.cz\/velkoobchod\/?post_type=product&#038;p=8992"},"modified":"2026-01-18T20:17:18","modified_gmt":"2026-01-18T20:17:18","slug":"ryinz-premium-half-finger-motocyklove-rukavice-street-bike-gym-takticke-jezdecke-rukavice-velkoobchodni-soukroma-znacka-vyrobce-evropa","status":"publish","type":"product","link":"https:\/\/ryinz.cz\/velkoobchod\/cs\/product\/ryinz-premium-half-finger-motorcycle-gloves-street-bike-gym-tactical-riding-gloves-wholesale-private-label-manufacturer-europe\/","title":{"rendered":"Rukavice na motorku Ryinz Premium Half-Finger | Rukavice na kolo, do t\u011blocvi\u010dny, taktick\u00e9 rukavice - velkoobchod a soukrom\u00e1 zna\u010dka, v\u00fdrobce Evropa"},"content":{"rendered":"<p class=\"\" data-start=\"366\" data-end=\"594\">P\u0159edstaven\u00ed <strong data-start=\"382\" data-end=\"429\">Rukavice na motorku Ryinz Premium Half-Finger<\/strong>, speci\u00e1ln\u011b navr\u017een\u00fd pro <strong data-start=\"454\" data-end=\"529\">pouli\u010dn\u00ed jezdci, takti\u010dt\u00ed oper\u00e1to\u0159i, nad\u0161enci do posiloven a m\u011bst\u0161t\u00ed doj\u00ed\u017ed\u011b\u010di.<\/strong> kte\u0159\u00ed po\u017eaduj\u00ed <strong data-start=\"541\" data-end=\"579\">v\u00fdkon, odolnost a styl<\/strong> v ka\u017ed\u00e9m kroku.<\/p>\n<p class=\"\" data-start=\"596\" data-end=\"836\">Na adrese <strong data-start=\"599\" data-end=\"608\">Ryinz<\/strong>, jsme <strong data-start=\"621\" data-end=\"668\">neviditeln\u00fd motor mezin\u00e1rodn\u00edho obchodu<\/strong>, spojuj\u00edc\u00ed <strong data-start=\"681\" data-end=\"747\">n\u00e1kup\u010d\u00ed, zna\u010dky a v\u00fdrobci v Evrop\u011b, USA a Asii.<\/strong>.<br data-start=\"748\" data-end=\"751\" \/>Na\u0161e rukavice jsou vyrobeny tak, aby umo\u017e\u0148ovaly podnik\u00e1n\u00ed: <strong data-start=\"795\" data-end=\"835\">Otev\u00edr\u00e1me dve\u0159e, abyste mohli uzav\u00edrat prodeje<\/strong>.<\/p>\n<p class=\"\" data-start=\"838\" data-end=\"1198\">Tyto rukavice maj\u00ed pokro\u010dil\u00fd ergonomick\u00fd design s <strong data-start=\"893\" data-end=\"917\">pokryt\u00ed poloviny prstu<\/strong> aby se maximalizovala flexibilita, v\u011btr\u00e1n\u00ed a p\u0159ilnavost. Jsou vyrobeny z vysoce v\u00fdkonn\u00fdch tkanin v kombinaci se zes\u00edlen\u00fdmi dlan\u011bmi a nab\u00edzej\u00ed ide\u00e1ln\u00ed kombinaci. <strong data-start=\"1069\" data-end=\"1106\">pohodl\u00ed, ochrana a mobilita<\/strong>. Ide\u00e1ln\u00ed pro <strong data-start=\"1120\" data-end=\"1197\">m\u011bstsk\u00e1 cyklistika, pouli\u010dn\u00ed z\u00e1vody, taktick\u00e9 tr\u00e9ninky a tr\u00e9ninky v posilovn\u011b.<\/strong>.<\/p>\n<p class=\"\" data-start=\"1200\" data-end=\"1431\">S mo\u017enostmi pro <strong data-start=\"1217\" data-end=\"1275\">tisk loga na zak\u00e1zku, soukrom\u00e9 zna\u010den\u00ed, v\u00fdroba OEM<\/strong>, a <strong data-start=\"1281\" data-end=\"1306\">velkoobchodn\u00ed hromadn\u00e9 objedn\u00e1vky<\/strong>, Ryinz poskytuje \u0161k\u00e1lovateln\u00e1 \u0159e\u0161en\u00ed pro zna\u010dky, distributory a maloobchodn\u00edky, kte\u0159\u00ed cht\u011bj\u00ed spolehlivou kvalitu za konkurenceschopn\u00e9 ceny.<\/p>\n<hr class=\"\" data-start=\"1433\" data-end=\"1436\" \/>\n<h1 class=\"\" data-start=\"1438\" data-end=\"1472\">???? <strong data-start=\"1443\" data-end=\"1472\">Kl\u00ed\u010dov\u00e9 vlastnosti a v\u00fdhody<\/strong><\/h1>\n<p class=\"\" data-start=\"1474\" data-end=\"1645\">???? <strong data-start=\"1477\" data-end=\"1517\">Vysoce v\u00fdkonn\u00e1 tkaninov\u00e1 konstrukce<\/strong>:<br data-start=\"1518\" data-end=\"1521\" \/>Odoln\u00e9 a prody\u0161n\u00e9 materi\u00e1ly zaji\u0161\u0165uj\u00ed maxim\u00e1ln\u00ed ventilaci a z\u00e1rove\u0148 dlouhotrvaj\u00edc\u00ed no\u0161en\u00ed i p\u0159i intenzivn\u00edch aktivit\u00e1ch.<\/p>\n<p class=\"\" data-start=\"1647\" data-end=\"1816\">???? <strong data-start=\"1650\" data-end=\"1681\">Taktick\u00fd design s p\u016flkou prstu<\/strong>:<br data-start=\"1682\" data-end=\"1685\" \/>Ide\u00e1ln\u00ed pro cyklisty, n\u00e1v\u0161t\u011bvn\u00edky posiloven a taktick\u00e9 profesion\u00e1ly, kte\u0159\u00ed pot\u0159ebuj\u00ed p\u0159esn\u00e9 ovl\u00e1d\u00e1n\u00ed, flexibiln\u00ed pohyb rukou a prody\u0161n\u00e9 pohodl\u00ed.<\/p>\n<p class=\"\" data-start=\"1818\" data-end=\"1975\">???? <strong data-start=\"1821\" data-end=\"1855\">Zes\u00edlen\u00e1 protiskluzov\u00e1 rukoje\u0165 dlan\u011b<\/strong>:<br data-start=\"1856\" data-end=\"1859\" \/>Extra \u00fachopov\u00e9 z\u00f3ny zaji\u0161\u0165uj\u00ed pevnou manipulaci s \u0159\u00edd\u00edtky, z\u00e1va\u017e\u00edmi nebo vybaven\u00edm a sni\u017euj\u00ed riziko uklouznut\u00ed nebo nehody.<\/p>\n<p class=\"\" data-start=\"1977\" data-end=\"2131\">???? <strong data-start=\"1980\" data-end=\"2007\">Polstrovan\u00e9 ochrann\u00e9 z\u00f3ny<\/strong>:<br data-start=\"2008\" data-end=\"2011\" \/>Strategick\u00e9 p\u011bnov\u00e9 polstrov\u00e1n\u00ed na kritick\u00fdch tlakov\u00fdch bodech zvy\u0161uje ochranu p\u0159i dlouh\u00fdch j\u00edzd\u00e1ch, tr\u00e9ninc\u00edch nebo m\u011bstsk\u00fdch dobrodru\u017estv\u00edch.<\/p>\n<p class=\"\" data-start=\"2133\" data-end=\"2251\">???? <strong data-start=\"2136\" data-end=\"2160\">Technologie rychl\u00e9ho schnut\u00ed<\/strong>:<br data-start=\"2161\" data-end=\"2164\" \/>Tkaniny odv\u00e1d\u011bj\u00edc\u00ed vlhkost rychle schnou a udr\u017euj\u00ed ruce v suchu a pohodl\u00ed po celou dobu pou\u017e\u00edv\u00e1n\u00ed.<\/p>\n<p class=\"\" data-start=\"2253\" data-end=\"2397\">???? <strong data-start=\"2256\" data-end=\"2282\">Nastaviteln\u00fd \u0159em\u00ednek na z\u00e1p\u011bst\u00ed<\/strong>:<br data-start=\"2283\" data-end=\"2286\" \/>Bezpe\u010dn\u00e9 uchycen\u00ed d\u00edky rychl\u00e9mu syst\u00e9mu zap\u00edn\u00e1n\u00ed na such\u00fd zip, kter\u00fd se dokonale p\u0159izp\u016fsob\u00ed r\u016fzn\u00fdm velikostem z\u00e1p\u011bst\u00ed pro lep\u0161\u00ed podporu.<\/p>\n<p class=\"\" data-start=\"2399\" data-end=\"2533\">???? <strong data-start=\"2402\" data-end=\"2431\">Stylov\u00fd dvoubarevn\u00fd akcent<\/strong>:<br data-start=\"2432\" data-end=\"2435\" \/>\u010cern\u00fd a \u017elut\u00fd styl pro poutav\u00fd, energick\u00fd vzhled - modern\u00ed, taktick\u00fd a p\u0159ipraven\u00fd na ulici.<\/p>\n<p class=\"\" data-start=\"2535\" data-end=\"2699\">???? <strong data-start=\"2538\" data-end=\"2574\">Mo\u017enosti vlastn\u00edho loga a zna\u010dky<\/strong>:<br data-start=\"2575\" data-end=\"2578\" \/>Nab\u00edz\u00edme vlastn\u00ed loga, soukrom\u00e9 zna\u010dky a kompletn\u00ed \u0159e\u0161en\u00ed OEM. P\u0159izp\u016fsobte si rukavice pro svou zna\u010dku, klub nebo speci\u00e1ln\u00ed ud\u00e1losti.<\/p>\n<p class=\"\" data-start=\"2701\" data-end=\"2861\">???? <strong data-start=\"2704\" data-end=\"2745\">Ide\u00e1ln\u00ed pro hromadn\u00e9 a velkoobchodn\u00ed objedn\u00e1vky<\/strong>:<br data-start=\"2746\" data-end=\"2749\" \/>N\u00edzk\u00e9 po\u017eadavky na MOQ, zv\u00fdhodn\u011bn\u00e9 velkoobchodn\u00ed ceny a rychl\u00e9 v\u00fdrobn\u00ed cykly pro zna\u010dky expanduj\u00edc\u00ed na nov\u00e9 trhy.<\/p>\n<p class=\"\" data-start=\"2863\" data-end=\"3051\">???? <strong data-start=\"2866\" data-end=\"2934\">Ide\u00e1ln\u00ed pro k\u0159\u00ed\u017eov\u00fd prodej s j\u00edzdn\u00edmi koly, streetwearov\u00fdm oble\u010den\u00edm a fitness vybaven\u00edm<\/strong>:<br data-start=\"2935\" data-end=\"2938\" \/>Skv\u011ble se hod\u00ed do obchod\u016f s motocyklov\u00fdm vybaven\u00edm, obchod\u016f s fitness vybaven\u00edm, taktick\u00fdch zna\u010dek a kolekc\u00ed e-shop\u016f.<\/p>\n<hr class=\"\" data-start=\"3053\" data-end=\"3056\" \/>\n<h1 class=\"\" data-start=\"3058\" data-end=\"3096\">???? <strong data-start=\"3063\" data-end=\"3096\">Aplikace a ide\u00e1ln\u00ed kupuj\u00edc\u00ed<\/strong><\/h1>\n<p class=\"\" data-start=\"3098\" data-end=\"3664\">\u2705 <strong data-start=\"3100\" data-end=\"3122\">Jezdci na pouli\u010dn\u00edch kolech<\/strong> - Letn\u00ed je\u017ed\u011bn\u00ed, ka\u017edodenn\u00ed doj\u00ed\u017ed\u011bn\u00ed<br data-start=\"3154\" data-end=\"3157\" \/>\u2705 <strong data-start=\"3159\" data-end=\"3179\">Motocyklov\u00e9 kluby<\/strong> - Rukavice se zna\u010dkou klubu pro \u010dleny<br data-start=\"3213\" data-end=\"3216\" \/>\u2705 <strong data-start=\"3218\" data-end=\"3250\">Taktick\u00e1 v\u00fdcvikov\u00e1 za\u0159\u00edzen\u00ed<\/strong> - Pevn\u00e9 a pru\u017en\u00e9 rukavice pro profesion\u00e1ln\u00ed pou\u017eit\u00ed<br data-start=\"3296\" data-end=\"3299\" \/>\u2705 <strong data-start=\"3301\" data-end=\"3332\">Nad\u0161enci do fitness a posiloven<\/strong> - Ide\u00e1ln\u00ed pro posilov\u00e1n\u00ed, CrossFit a odporov\u00fd tr\u00e9nink<br data-start=\"3387\" data-end=\"3390\" \/>\u2705 <strong data-start=\"3392\" data-end=\"3413\">Hleda\u010di dobrodru\u017estv\u00ed<\/strong> - Ide\u00e1ln\u00ed pro m\u011bstsk\u00e9 dobrodruhy a turisty<br data-start=\"3454\" data-end=\"3457\" \/>\u2705 <strong data-start=\"3459\" data-end=\"3480\">Zna\u010dky streetwear<\/strong> - P\u0159idejte rukavice do m\u011bstsk\u00fdch m\u00f3dn\u00edch kolekc\u00ed<br data-start=\"3522\" data-end=\"3525\" \/>\u2705 <strong data-start=\"3527\" data-end=\"3559\">Zna\u010dky OEM a priv\u00e1tn\u00ed zna\u010dky<\/strong> - Linie rukavic navr\u017een\u00e9 na m\u00edru<br data-start=\"3589\" data-end=\"3592\" \/>\u2705 <strong data-start=\"3594\" data-end=\"3614\">Distributo\u0159i B2B<\/strong> - Roz\u0161i\u0159te katalogy produkt\u016f o za\u0159\u00edzen\u00ed s vysokou popt\u00e1vkou<\/p>\n<hr class=\"\" data-start=\"3666\" data-end=\"3669\" \/>\n<h1 class=\"\" data-start=\"3671\" data-end=\"3702\">???? <strong data-start=\"3676\" data-end=\"3702\">Specifikace produktu<\/strong><\/h1>\n<p class=\"\" data-start=\"3704\" data-end=\"4182\">- <strong data-start=\"3706\" data-end=\"3718\">Materi\u00e1l<\/strong>: Vysoce odoln\u00e1 prody\u0161n\u00e1 tkanina + syntetick\u00e1 zes\u00edlen\u00e1 dla\u0148<br data-start=\"3781\" data-end=\"3784\" \/>- <strong data-start=\"3786\" data-end=\"3796\">Design<\/strong>: Poloprst\u00fd taktick\u00fd a pouli\u010dn\u00ed styl<br data-start=\"3833\" data-end=\"3836\" \/>- <strong data-start=\"3838\" data-end=\"3847\">Barva<\/strong>: \u010cern\u00e1 a \u017elut\u00e1 (dal\u0161\u00ed barvy jsou k dispozici pro velk\u00e9 objedn\u00e1vky)<br data-start=\"3907\" data-end=\"3910\" \/>- <strong data-start=\"3912\" data-end=\"3921\">Velikosti<\/strong>: S, M, L, XL, XXL<br data-start=\"3939\" data-end=\"3942\" \/>- <strong data-start=\"3944\" data-end=\"3951\">Pou\u017eijte<\/strong>: J\u00edzda na kole v ulic\u00edch, cvi\u010den\u00ed v posilovn\u011b, taktick\u00e9 operace, j\u00edzda ve m\u011bst\u011b<br data-start=\"4014\" data-end=\"4017\" \/>- <strong data-start=\"4019\" data-end=\"4030\">Uz\u00e1v\u011br<\/strong>: Nastaviteln\u00fd popruh na such\u00fd zip<br data-start=\"4055\" data-end=\"4058\" \/>- <strong data-start=\"4060\" data-end=\"4080\">Mo\u017enosti zna\u010den\u00ed<\/strong>: Vlastn\u00ed logo, soukrom\u00e1 zna\u010dka, kompletn\u00ed OEM k dispozici<br data-start=\"4128\" data-end=\"4131\" \/>- <strong data-start=\"4133\" data-end=\"4140\">MOQ<\/strong>: Flexibiln\u00ed - od mal\u00fdch d\u00e1vek<\/p>\n<hr class=\"\" data-start=\"4184\" data-end=\"4187\" \/>\n<h1 class=\"\" data-start=\"4189\" data-end=\"4221\">???? <strong data-start=\"4194\" data-end=\"4221\">Pro\u010d spolupracovat se spole\u010dnost\u00ed Ryinz?<\/strong><\/h1>\n<p class=\"\" data-start=\"4223\" data-end=\"4519\">- P\u0159\u00edm\u00e9 ceny - bez prost\u0159edn\u00edk\u016f<br data-start=\"4262\" data-end=\"4265\" \/>- Kompletn\u00ed slu\u017eby p\u0159izp\u016fsoben\u00ed (OEM a ODM)<br data-start=\"4306\" data-end=\"4309\" \/>- Ur\u010deno pro evropsk\u00e9 a americk\u00e9 trhy<br data-start=\"4347\" data-end=\"4350\" \/>- N\u00edzk\u00e9 MOQ + slevy pro hromadn\u00e9 objedn\u00e1vky<br data-start=\"4382\" data-end=\"4385\" \/>- Rychlej\u0161\u00ed doba vy\u0159\u00edzen\u00ed a dod\u00e1n\u00ed<br data-start=\"4423\" data-end=\"4426\" \/>- Specializovan\u00e1 podpora pro budov\u00e1n\u00ed zna\u010dky<br data-start=\"4464\" data-end=\"4467\" \/>- D\u016fv\u011bra v\u00edce ne\u017e 100 zna\u010dek v Evrop\u011b a Americe<\/p>","protected":false},"excerpt":{"rendered":"<p><strong>Popis produktu: Vhodn\u00fd k pou\u017eit\u00ed v dom\u00e1cnosti:<\/strong><\/p>\n<p>Na str\u00e1nk\u00e1ch <strong>Gillani MBG-0019 Rukavice pro silni\u010dn\u00ed kolo<\/strong> jsou navr\u017eeny pro v\u00fdkon i styl. Tyto rukavice maj\u00ed <strong>Amara textiln\u00ed dla\u0148<\/strong>, kter\u00e9 poskytuj\u00ed vynikaj\u00edc\u00ed p\u0159ilnavost a dlouhotrvaj\u00edc\u00ed pohodl\u00ed. . <strong>\u010dty\u0159cestn\u00e1 tkanina<\/strong> na p\u0159edn\u00ed stran\u011b dod\u00e1v\u00e1 pru\u017enost a prody\u0161nost, tak\u017ee va\u0161e ruce z\u016fstanou b\u011bhem j\u00edzdy v pohod\u011b a komfortu.<\/p>\n<p>S <strong>silikonov\u00fd potisk loga<\/strong> a <strong>frot\u00e9 ru\u010dn\u00edk palec<\/strong> pro v\u011bt\u0161\u00ed pohodl\u00ed v\u00e1m tyto rukavice zajist\u00ed, \u017ee se budete soust\u0159edit na cestu, ani\u017e byste museli ob\u011btovat pohodl\u00ed nebo funk\u010dnost. A\u0165 u\u017e jste ka\u017edodenn\u00ed pouli\u010dn\u00ed jezdec nebo v\u00edkendov\u00fd nad\u0161enec, tyto rukavice jsou vynikaj\u00edc\u00ed volbou pro lep\u0161\u00ed kontrolu a ochranu.<\/p>\n<hr \/>\n<p><strong>Nab\u00eddka p\u0159izp\u016fsoben\u00ed:<\/strong><\/p>\n<p>Nab\u00edz\u00edme mo\u017enost p\u0159izp\u016fsobit si tyto rukavice vlastn\u00edm po\u017eadavk\u016fm. <strong>logo nebo design<\/strong>, co\u017e v\u00e1m umo\u017en\u00ed p\u0159idat osobn\u00ed p\u0159\u00edstup nebo \u00fa\u010dinn\u011b propagovat va\u0161i zna\u010dku.<\/p>","protected":false},"featured_media":9060,"comment_status":"closed","ping_status":"closed","template":"","meta":[],"product_brand":[35],"product_cat":[68,152],"product_tag":[185,46,186,180,187,188,189,153,190,191],"class_list":{"0":"post-8992","1":"product","2":"type-product","3":"status-publish","4":"has-post-thumbnail","6":"product_brand-ryinz","7":"product_cat-ryinz","8":"product_cat-street-bike-gloves","9":"product_tag-biking-gloves-for-street-riders","10":"product_tag-breathable-mesh-gloves","11":"product_tag-customizable-bike-gloves","12":"product_tag-ergonomic-street-bike-gloves","13":"product_tag-fingerless-street-bike-gloves","14":"product_tag-lycra-fourchettes-gloves","15":"product_tag-serino-palm-bike-gloves","16":"product_tag-street-bike-gloves","17":"product_tag-towel-thumb-bike-gloves","18":"product_tag-urban-biking-gloves","20":"first","21":"instock","22":"taxable","23":"shipping-taxable","24":"purchasable","25":"product-type-simple"},"_links":{"self":[{"href":"https:\/\/ryinz.cz\/velkoobchod\/cs\/wp-json\/wp\/v2\/product\/8992","targetHints":{"allow":["GET"]}}],"collection":[{"href":"https:\/\/ryinz.cz\/velkoobchod\/cs\/wp-json\/wp\/v2\/product"}],"about":[{"href":"https:\/\/ryinz.cz\/velkoobchod\/cs\/wp-json\/wp\/v2\/types\/product"}],"replies":[{"embeddable":true,"href":"https:\/\/ryinz.cz\/velkoobchod\/cs\/wp-json\/wp\/v2\/comments?post=8992"}],"wp:featuredmedia":[{"embeddable":true,"href":"https:\/\/ryinz.cz\/velkoobchod\/cs\/wp-json\/wp\/v2\/media\/9060"}],"wp:attachment":[{"href":"https:\/\/ryinz.cz\/velkoobchod\/cs\/wp-json\/wp\/v2\/media?parent=8992"}],"wp:term":[{"taxonomy":"product_brand","embeddable":true,"href":"https:\/\/ryinz.cz\/velkoobchod\/cs\/wp-json\/wp\/v2\/product_brand?post=8992"},{"taxonomy":"product_cat","embeddable":true,"href":"https:\/\/ryinz.cz\/velkoobchod\/cs\/wp-json\/wp\/v2\/product_cat?post=8992"},{"taxonomy":"product_tag","embeddable":true,"href":"https:\/\/ryinz.cz\/velkoobchod\/cs\/wp-json\/wp\/v2\/product_tag?post=8992"}],"curies":[{"name":"wp","href":"https:\/\/api.w.org\/{rel}","templated":true}]}}