{"id":8991,"date":"2025-06-22T15:24:49","date_gmt":"2025-06-22T15:24:49","guid":{"rendered":"https:\/\/ryinz.cz\/velkoobchod\/?post_type=product&#038;p=8991"},"modified":"2026-01-18T20:17:15","modified_gmt":"2026-01-18T20:17:15","slug":"rukavice-pro-poulicni-kola-velkoobchod-ryinz-pul-prstu-cyklisticke-rukavice-eu-vzory-vyrobce-a-soukromy-dodavatel-znacek","status":"publish","type":"product","link":"https:\/\/ryinz.cz\/velkoobchod\/cs\/product\/street-bike-gloves-wholesale-ryinz-half-finger-cycling-gloves-eu-designs-manufacturer-and-private-label-supplier\/","title":{"rendered":"Velkoobchod s rukavicemi na kolo | Ryinz | Cyklistick\u00e9 rukavice s p\u016flprstem | EU Designs | V\u00fdrobce a dodavatel priv\u00e1tn\u00edch zna\u010dek"},"content":{"rendered":"<p class=\"\" data-start=\"173\" data-end=\"297\"><strong data-start=\"173\" data-end=\"297\">Velkoobchod s rukavicemi na kolo | Ryinz | Cyklistick\u00e9 rukavice s p\u016flprstem | EU Designs | V\u00fdrobce a dodavatel priv\u00e1tn\u00edch zna\u010dek<\/strong><\/p>\n<p class=\"\" data-start=\"299\" data-end=\"521\">Na adrese <strong data-start=\"302\" data-end=\"311\">Ryinz<\/strong>, p\u0159ipojujeme <strong data-start=\"324\" data-end=\"376\">vysoce potenci\u00e1ln\u00ed v\u00fdrobci, zna\u010dky a kupuj\u00edc\u00ed.<\/strong> po cel\u00e9 Evrop\u011b, USA a Asii - <strong data-start=\"416\" data-end=\"463\">neviditeln\u00fd motor mezin\u00e1rodn\u00edho obchodu<\/strong>.<br data-start=\"464\" data-end=\"467\" \/>Na\u0161e posl\u00e1n\u00ed: <strong data-start=\"480\" data-end=\"520\">Otev\u00edr\u00e1me dve\u0159e, abyste mohli uzav\u00edrat prodeje<\/strong>.<\/p>\n<p class=\"\" data-start=\"523\" data-end=\"685\">P\u0159edstaven\u00ed <strong data-start=\"539\" data-end=\"574\">Rukavice Ryinz Purple Street Bike<\/strong> - navr\u017een\u00e9 pro cyklisty, sportovce a dobrodruhy, kte\u0159\u00ed vy\u017eaduj\u00ed \u0161pi\u010dkov\u00fd v\u00fdkon, pohodl\u00ed a modern\u00ed styl.<\/p>\n<hr class=\"\" data-start=\"687\" data-end=\"690\" \/>\n<h3 class=\"\" data-start=\"692\" data-end=\"719\"><strong data-start=\"696\" data-end=\"718\">Nejd\u016fle\u017eit\u011bj\u0161\u00ed informace o produktu<\/strong>:<\/h3>\n<p class=\"\" data-start=\"721\" data-end=\"1230\">\u2705 <strong data-start=\"723\" data-end=\"739\">N\u00e1zev produktu<\/strong>: Rukavice Ryinz Purple Street Bike s p\u016flprstem<br data-start=\"784\" data-end=\"787\" \/>\u2705 <strong data-start=\"789\" data-end=\"801\">Materi\u00e1l<\/strong>: Prody\u0161n\u00fd Spandex + odoln\u00e1 PU rukoje\u0165 na dlani<br data-start=\"844\" data-end=\"847\" \/>\u2705 <strong data-start=\"849\" data-end=\"858\">Barva<\/strong>: Z\u00e1\u0159iv\u00e1 fialov\u00e1\/\u010dern\u00e1 s b\u00edl\u00fdmi akcenty (k dispozici jsou p\u0159izp\u016fsobiteln\u00e9 barvy)<br data-start=\"931\" data-end=\"934\" \/>\u2705 <strong data-start=\"936\" data-end=\"952\">Mo\u017enosti loga<\/strong>: Pr\u00e1zdn\u00fd, vlastn\u00ed potisk, v\u00fd\u0161ivka, silikonov\u00fd potisk<br data-start=\"1004\" data-end=\"1007\" \/>\u2705 <strong data-start=\"1009\" data-end=\"1028\">Vlastnosti designu<\/strong>:<br data-start=\"1029\" data-end=\"1032\" \/>- Lehk\u00fd prody\u0161n\u00fd svr\u0161ek ze s\u00ed\u0165oviny<br data-start=\"1065\" data-end=\"1068\" \/>- Konstrukce s polovi\u010dn\u00edmi prsty pro pln\u00e9 ovl\u00e1d\u00e1n\u00ed na \u0159\u00edd\u00edtk\u00e1ch<br data-start=\"1115\" data-end=\"1118\" \/>- Polstrovan\u00e1 protiskluzov\u00e1 ochrana dlan\u011b<br data-start=\"1152\" data-end=\"1155\" \/>- Bezpe\u010dn\u00fd nastaviteln\u00fd \u0159em\u00ednek na z\u00e1p\u011bst\u00ed<br data-start=\"1186\" data-end=\"1189\" \/>- Materi\u00e1l odv\u00e1d\u011bj\u00edc\u00ed pot pro dlouh\u00e9 j\u00edzdy<\/p>\n<p class=\"\" data-start=\"1232\" data-end=\"1282\">\u2705 <strong data-start=\"1234\" data-end=\"1243\">Velikosti<\/strong>: S, M, L, XL (k dispozici jsou vlastn\u00ed velikosti)<\/p>\n<p class=\"\" data-start=\"1284\" data-end=\"1481\">\u2705 <strong data-start=\"1286\" data-end=\"1293\">Fit<\/strong>: Flexibiln\u00ed, ergonomick\u00fd, velmi pohodln\u00fd<br data-start=\"1333\" data-end=\"1336\" \/>\u2705 <strong data-start=\"1338\" data-end=\"1345\">Pou\u017eijte<\/strong>: J\u00edzda na kole, Cyklistika, Posilovna, Venkovn\u00ed fitness, J\u00edzda na sk\u00fatru<br data-start=\"1407\" data-end=\"1410\" \/>\u2705 <strong data-start=\"1412\" data-end=\"1419\">MOQ<\/strong>: N\u00edzk\u00e1 minima pro velkoobchodn\u00ed, maloobchodn\u00ed a soukrom\u00e9 objedn\u00e1vky.<\/p>\n<hr class=\"\" data-start=\"1483\" data-end=\"1486\" \/>\n<h3 class=\"\" data-start=\"1488\" data-end=\"1517\"><strong data-start=\"1492\" data-end=\"1516\">Podrobn\u00fd popis<\/strong>:<\/h3>\n<p class=\"\" data-start=\"1519\" data-end=\"1758\"><strong data-start=\"1519\" data-end=\"1551\">Vydejte se do ulic se stylem.<\/strong><br data-start=\"1551\" data-end=\"1554\" \/>Na str\u00e1nk\u00e1ch <strong data-start=\"1558\" data-end=\"1593\">Rukavice Ryinz Purple Street Bike<\/strong> jsou lehk\u00e9, prody\u0161n\u00e9 a vyroben\u00e9 pro vysok\u00fd v\u00fdkon - a\u0165 u\u017e se proh\u00e1n\u00edte po m\u011bstsk\u00fdch silnic\u00edch, usilovn\u011b pracujete v posilovn\u011b nebo prozkoum\u00e1v\u00e1te stezky na dvou kolech.<\/p>\n<p class=\"\" data-start=\"1760\" data-end=\"1924\">Postaveno s <strong data-start=\"1773\" data-end=\"1798\">pr\u00e9miov\u00fd spandexov\u00fd svr\u0161ek<\/strong> a <strong data-start=\"1805\" data-end=\"1827\">Dla\u0148 vyztu\u017een\u00e1 PU<\/strong>, tyto rukavice nab\u00edzej\u00ed vynikaj\u00edc\u00ed p\u0159ilnavost, tlumen\u00ed n\u00e1raz\u016f a ochranu p\u0159ed t\u0159en\u00edm a od\u011brem.<\/p>\n<p class=\"\" data-start=\"1926\" data-end=\"2177\">Jejich <strong data-start=\"1932\" data-end=\"1954\">konstrukce s polovi\u010dn\u00edm prstem<\/strong> zaji\u0161\u0165uje maxim\u00e1ln\u00ed obratnost a citlivost \u0159\u00edd\u00edtek, zat\u00edmco <strong data-start=\"2019\" data-end=\"2048\">s\u00ed\u0165ovina odv\u00e1d\u011bj\u00edc\u00ed pot<\/strong> udr\u017e\u00ed va\u0161e ruce v suchu a pohod\u011b i p\u0159i del\u0161\u00edch j\u00edzd\u00e1ch.<br data-start=\"2095\" data-end=\"2098\" \/>Na str\u00e1nk\u00e1ch <strong data-start=\"2102\" data-end=\"2130\">nastaviteln\u00e9 zap\u00edn\u00e1n\u00ed na z\u00e1p\u011bst\u00ed<\/strong> zaji\u0161\u0165uje v\u017edy bezpe\u010dn\u00e9 a individu\u00e1ln\u00ed p\u0159izp\u016fsoben\u00ed.<\/p>\n<p class=\"\" data-start=\"2179\" data-end=\"2325\">Ide\u00e1ln\u00ed pro <strong data-start=\"2191\" data-end=\"2219\">sportovn\u00ed oble\u010den\u00ed pod vlastn\u00ed zna\u010dkou<\/strong>, <strong data-start=\"2221\" data-end=\"2242\">cyklistick\u00e9 prodejny<\/strong>, <strong data-start=\"2244\" data-end=\"2269\">propaga\u010dn\u00ed d\u00e1rky<\/strong>, <strong data-start=\"2271\" data-end=\"2289\">fitness zna\u010dky<\/strong>, a <strong data-start=\"2295\" data-end=\"2324\">m\u011bstsk\u00e9 streetwearov\u00e9 startupy<\/strong>.<\/p>\n<hr class=\"\" data-start=\"2327\" data-end=\"2330\" \/>\n<h3 class=\"\" data-start=\"2332\" data-end=\"2385\"><strong data-start=\"2336\" data-end=\"2384\">Kl\u00ed\u010dov\u00e9 funkce pro velkoobchodn\u00ed a maloobchodn\u00ed odb\u011bratele<\/strong>:<\/h3>\n<p class=\"\" data-start=\"2387\" data-end=\"2867\">???? <strong data-start=\"2390\" data-end=\"2416\">Modern\u00ed design ve stylu EU<\/strong>: Poutav\u00e9, v\u00fdkonn\u00e9, p\u0159ipraven\u00e9 na ulici.<br data-start=\"2465\" data-end=\"2468\" \/>???? <strong data-start=\"2471\" data-end=\"2497\">P\u0159\u00edm\u00e9 tov\u00e1rn\u00ed ceny<\/strong>: Zvy\u0161te sv\u00e9 mar\u017ee d\u00edky kvalit\u011b a cenov\u00e9 dostupnosti.<br data-start=\"2549\" data-end=\"2552\" \/>???? <strong data-start=\"2555\" data-end=\"2577\">Pln\u011b p\u0159izp\u016fsobiteln\u00e9<\/strong>: Ide\u00e1ln\u00ed pro loga zna\u010dek, n\u00e1zvy t\u00fdm\u016f, zna\u010dky klub\u016f.<br data-start=\"2630\" data-end=\"2633\" \/>???? <strong data-start=\"2636\" data-end=\"2659\">\u0160irok\u00fd c\u00edlov\u00fd trh<\/strong>: Motork\u00e1\u0159i, cyklist\u00e9, kolob\u011b\u017ek\u00e1\u0159i, n\u00e1v\u0161t\u011bvn\u00edci posiloven, dobrodruzi.<br data-start=\"2718\" data-end=\"2721\" \/>???? <strong data-start=\"2724\" data-end=\"2750\">Rychl\u00e9 v\u00fdrobn\u00ed lh\u016fty<\/strong>: Rychl\u00e9 dod\u00e1vky do Evropy, USA a Asie.<br data-start=\"2793\" data-end=\"2796\" \/>???? <strong data-start=\"2799\" data-end=\"2824\">Vytvo\u0159eno pro v\u00fdkon<\/strong>: Prody\u0161n\u00e9, pru\u017en\u00e9, odoln\u00e9, protiskluzov\u00e9.<\/p>\n<hr class=\"\" data-start=\"2869\" data-end=\"2872\" \/>\n<h3 class=\"\" data-start=\"2874\" data-end=\"2900\"><strong data-start=\"2878\" data-end=\"2899\">N\u00e1pady na aplikace<\/strong>:<\/h3>\n<p class=\"\" data-start=\"2902\" data-end=\"3175\">- Prodejci vybaven\u00ed pro silni\u010dn\u00ed kola<br data-start=\"2930\" data-end=\"2933\" \/>- Zna\u010dky fitness oble\u010den\u00ed a dopl\u0148k\u016f<br data-start=\"2973\" data-end=\"2976\" \/>- Obchody s elektrosk\u00fatry a elektrokoly<br data-start=\"3004\" data-end=\"3007\" \/>- Dodavatel\u00e9 outdoorov\u00e9ho a dobrodru\u017en\u00e9ho vybaven\u00ed<br data-start=\"3045\" data-end=\"3048\" \/>- Projekty cyklistick\u00e9ho vybaven\u00ed pod vlastn\u00ed zna\u010dkou<br data-start=\"3085\" data-end=\"3088\" \/>- T\u00fdmov\u00e9 zbo\u017e\u00ed a d\u00e1rky k ud\u00e1lostem<br data-start=\"3126\" data-end=\"3129\" \/>- Online prodejci na Shopify, Amazon, Zalando<\/p>\n<hr class=\"\" data-start=\"3177\" data-end=\"3180\" \/>\n<h3 class=\"\" data-start=\"3182\" data-end=\"3217\"><strong data-start=\"3186\" data-end=\"3216\">Tabulka velikost\u00ed a p\u0159izp\u016fsoben\u00ed<\/strong>:<\/h3>\n<div class=\"group pointer-events-none relative flex justify-center *:pointer-events-auto\"><button class=\"hover:bg-token-main-surface-secondary text-token-text-secondary pointer-events-auto rounded-lg px-1 py-1 opacity-0 transition-opacity duration-200 group-focus-within:opacity-100 group-hover:opacity-100\"><\/button><\/p>\n<div class=\"tableContainer horzScrollShadows relative\">\n<table class=\"min-w-full\" data-start=\"3219\" data-end=\"3410\">\n<thead data-start=\"3219\" data-end=\"3271\">\n<tr data-start=\"3219\" data-end=\"3271\">\n<th data-start=\"3219\" data-end=\"3226\">Velikost<\/th>\n<th data-start=\"3226\" data-end=\"3244\">\u0160\u00ed\u0159ka dlan\u011b (cm)<\/th>\n<th data-start=\"3244\" data-end=\"3271\">Obvod dlan\u011b (cm)<\/th>\n<\/tr>\n<\/thead>\n<tbody data-start=\"3325\" data-end=\"3410\">\n<tr data-start=\"3325\" data-end=\"3344\">\n<td class=\"max-w-[calc(var(--thread-content-max-width)*2\/3)]\" data-start=\"3325\" data-end=\"3329\">S<\/td>\n<td class=\"max-w-[calc(var(--thread-content-max-width)*2\/3)]\" data-start=\"3329\" data-end=\"3335\">7.5<\/td>\n<td class=\"max-w-[calc(var(--thread-content-max-width)*2\/3)]\" data-start=\"3335\" data-end=\"3344\">17-18<\/td>\n<\/tr>\n<tr data-start=\"3345\" data-end=\"3366\">\n<td class=\"max-w-[calc(var(--thread-content-max-width)*2\/3)]\" data-start=\"3345\" data-end=\"3349\">M<\/td>\n<td class=\"max-w-[calc(var(--thread-content-max-width)*2\/3)]\" data-start=\"3349\" data-end=\"3355\">8.5<\/td>\n<td class=\"max-w-[calc(var(--thread-content-max-width)*2\/3)]\" data-start=\"3355\" data-end=\"3366\">18-19.5<\/td>\n<\/tr>\n<tr data-start=\"3367\" data-end=\"3388\">\n<td class=\"max-w-[calc(var(--thread-content-max-width)*2\/3)]\" data-start=\"3367\" data-end=\"3371\">L<\/td>\n<td class=\"max-w-[calc(var(--thread-content-max-width)*2\/3)]\" data-start=\"3371\" data-end=\"3377\">9.5<\/td>\n<td class=\"max-w-[calc(var(--thread-content-max-width)*2\/3)]\" data-start=\"3377\" data-end=\"3388\">19.5-21<\/td>\n<\/tr>\n<tr data-start=\"3389\" data-end=\"3410\">\n<td class=\"max-w-[calc(var(--thread-content-max-width)*2\/3)]\" data-start=\"3389\" data-end=\"3394\">XL<\/td>\n<td class=\"max-w-[calc(var(--thread-content-max-width)*2\/3)]\" data-start=\"3394\" data-end=\"3401\">10.5<\/td>\n<td class=\"max-w-[calc(var(--thread-content-max-width)*2\/3)]\" data-start=\"3401\" data-end=\"3410\">21-23<\/td>\n<\/tr>\n<\/tbody>\n<\/table>\n<\/div>\n<\/div>","protected":false},"excerpt":{"rendered":"<h3 class=\"\" data-start=\"2332\" data-end=\"2385\"><strong data-start=\"2336\" data-end=\"2384\">Kl\u00ed\u010dov\u00e9 funkce pro velkoobchodn\u00ed a maloobchodn\u00ed odb\u011bratele<\/strong>:<\/h3>\n<p class=\"\" data-start=\"2387\" data-end=\"2867\">???? <strong data-start=\"2390\" data-end=\"2416\">Modern\u00ed design ve stylu EU<\/strong>: Poutav\u00e9, v\u00fdkonn\u00e9, p\u0159ipraven\u00e9 na ulici.<br data-start=\"2465\" data-end=\"2468\" \/>???? <strong data-start=\"2471\" data-end=\"2497\">P\u0159\u00edm\u00e9 tov\u00e1rn\u00ed ceny<\/strong>: Zvy\u0161te sv\u00e9 mar\u017ee d\u00edky kvalit\u011b a cenov\u00e9 dostupnosti.<br data-start=\"2549\" data-end=\"2552\" \/>???? <strong data-start=\"2555\" data-end=\"2577\">Pln\u011b p\u0159izp\u016fsobiteln\u00e9<\/strong>: Ide\u00e1ln\u00ed pro loga zna\u010dek, n\u00e1zvy t\u00fdm\u016f, zna\u010dky klub\u016f.<br data-start=\"2630\" data-end=\"2633\" \/>???? <strong data-start=\"2636\" data-end=\"2659\">\u0160irok\u00fd c\u00edlov\u00fd trh<\/strong>: Motork\u00e1\u0159i, cyklist\u00e9, kolob\u011b\u017ek\u00e1\u0159i, n\u00e1v\u0161t\u011bvn\u00edci posiloven, dobrodruzi.<br data-start=\"2718\" data-end=\"2721\" \/>???? <strong data-start=\"2724\" data-end=\"2750\">Rychl\u00e9 v\u00fdrobn\u00ed lh\u016fty<\/strong>: Rychl\u00e9 dod\u00e1vky do Evropy, USA a Asie.<br data-start=\"2793\" data-end=\"2796\" \/>???? <strong data-start=\"2799\" data-end=\"2824\">Vytvo\u0159eno pro v\u00fdkon<\/strong>: Prody\u0161n\u00e9, pru\u017en\u00e9, odoln\u00e9, protiskluzov\u00e9.<\/p>","protected":false},"featured_media":9046,"comment_status":"closed","ping_status":"closed","template":"","meta":[],"product_brand":[35],"product_cat":[152],"product_tag":[172,173,174,175,176,177,178,153,179,134],"class_list":{"0":"post-8991","1":"product","2":"type-product","3":"status-publish","4":"has-post-thumbnail","6":"product_brand-ryinz","7":"product_cat-street-bike-gloves","8":"product_tag-branded-street-gloves","9":"product_tag-breathable-riding-gloves","10":"product_tag-customizable-street-gloves","11":"product_tag-fourway-fabric","12":"product_tag-gel-foam-padding","13":"product_tag-neoprene-cuff","14":"product_tag-performance-bike-gloves","15":"product_tag-street-bike-gloves","16":"product_tag-synthetic-leather-gloves","17":"product_tag-velcro-closure-gloves","19":"first","20":"instock","21":"taxable","22":"shipping-taxable","23":"purchasable","24":"product-type-simple"},"_links":{"self":[{"href":"https:\/\/ryinz.cz\/velkoobchod\/cs\/wp-json\/wp\/v2\/product\/8991","targetHints":{"allow":["GET"]}}],"collection":[{"href":"https:\/\/ryinz.cz\/velkoobchod\/cs\/wp-json\/wp\/v2\/product"}],"about":[{"href":"https:\/\/ryinz.cz\/velkoobchod\/cs\/wp-json\/wp\/v2\/types\/product"}],"replies":[{"embeddable":true,"href":"https:\/\/ryinz.cz\/velkoobchod\/cs\/wp-json\/wp\/v2\/comments?post=8991"}],"wp:featuredmedia":[{"embeddable":true,"href":"https:\/\/ryinz.cz\/velkoobchod\/cs\/wp-json\/wp\/v2\/media\/9046"}],"wp:attachment":[{"href":"https:\/\/ryinz.cz\/velkoobchod\/cs\/wp-json\/wp\/v2\/media?parent=8991"}],"wp:term":[{"taxonomy":"product_brand","embeddable":true,"href":"https:\/\/ryinz.cz\/velkoobchod\/cs\/wp-json\/wp\/v2\/product_brand?post=8991"},{"taxonomy":"product_cat","embeddable":true,"href":"https:\/\/ryinz.cz\/velkoobchod\/cs\/wp-json\/wp\/v2\/product_cat?post=8991"},{"taxonomy":"product_tag","embeddable":true,"href":"https:\/\/ryinz.cz\/velkoobchod\/cs\/wp-json\/wp\/v2\/product_tag?post=8991"}],"curies":[{"name":"wp","href":"https:\/\/api.w.org\/{rel}","templated":true}]}}