{"id":8990,"date":"2025-08-26T11:48:33","date_gmt":"2025-08-26T11:48:33","guid":{"rendered":"https:\/\/ryinz.cz\/velkoobchod\/?post_type=product&#038;p=8990"},"modified":"2026-01-18T20:17:14","modified_gmt":"2026-01-18T20:17:14","slug":"ryinz-premiove-kozene-pulprstove-ridicske-rukavice-s-klasickym-vyrezem-pro-muze-motorkare-na-rizeni-a-bezne-noseni","status":"publish","type":"product","link":"https:\/\/ryinz.cz\/velkoobchod\/cs\/product\/ryinz-premium-leather-half-finger-driving-gloves-classic-cutout-design-for-men-biker-driving-and-casual-wear\/","title":{"rendered":"Ko\u017een\u00e9 rukavice Ryinz Premium s p\u016flprstem | Klasick\u00fd design s v\u00fd\u0159ezem pro mu\u017ee - pro motork\u00e1\u0159e, \u0159idi\u010de i b\u011b\u017en\u00e9 no\u0161en\u00ed"},"content":{"rendered":"<p class=\"\" data-start=\"431\" data-end=\"682\">Na adrese <strong data-start=\"434\" data-end=\"443\">Ryinz<\/strong>, v\u011b\u0159\u00edme, \u017ee styl, pohodl\u00ed a funk\u010dnost mohou harmonicky koexistovat. Vytv\u00e1\u0159\u00edme vysoce kvalitn\u00ed, m\u00f3dn\u00ed v\u00fdrobky navr\u017een\u00e9 tak, aby fungovaly - a bezprobl\u00e9mov\u011b propojujeme v\u00fdrobce, prodejce a z\u00e1kazn\u00edky v Evrop\u011b, USA a Asii.<\/p>\n<p class=\"\" data-start=\"684\" data-end=\"1053\">P\u0159edstavujeme nad\u010dasov\u00fd styl <strong data-start=\"718\" data-end=\"770\">Ko\u017een\u00e9 p\u016flprstov\u00e9 \u0159idi\u010dsk\u00e9 rukavice Ryinz Premium<\/strong>, navr\u017een\u00fd pro n\u00e1ro\u010dn\u00e9 z\u00e1kazn\u00edky, kte\u0159\u00ed vy\u017eaduj\u00ed eleganci i v\u00fdkon. Tyto rukavice kombinuj\u00ed klasickou estetiku s modern\u00edm \u0159emesln\u00fdm zpracov\u00e1n\u00edm, jsou vybaveny prvot\u0159\u00eddn\u00ed pravou k\u016f\u017e\u00ed, precizn\u00ed perforac\u00ed pro prody\u0161nost a tradi\u010dn\u00edmi v\u00fd\u0159ezy na kloubech pro flexibilitu a \u0161mrnc.<\/p>\n<p class=\"\" data-start=\"1055\" data-end=\"1389\">Tyto rukavice jsou ide\u00e1ln\u00ed pro motoristy, motork\u00e1\u0159e, m\u00f3dn\u00ed n\u00e1vrh\u00e1\u0159e a sb\u011bratele luxusn\u00edch dopl\u0148k\u016f a jsou dostate\u010dn\u011b univerz\u00e1ln\u00ed pro \u0159\u00edzen\u00ed i ka\u017edodenn\u00ed no\u0161en\u00ed ve m\u011bst\u011b. Poddajn\u00e1 k\u016f\u017ee zaji\u0161\u0165uje vynikaj\u00edc\u00ed pohodl\u00ed, m\u011bkk\u00fd dotek a dlouhotrvaj\u00edc\u00ed odolnost, co\u017e z nich d\u011bl\u00e1 nepostradateln\u00fd kousek pro ka\u017ed\u00e9ho, kdo ocen\u00ed kvalitn\u00ed \u0159emesln\u00e9 zpracov\u00e1n\u00ed.<\/p>\n<p class=\"\" data-start=\"1391\" data-end=\"1680\">Ka\u017ed\u00e1 rukavice je pe\u010dliv\u011b vyrobena s ru\u010dn\u011b opracovan\u00fdm tradi\u010dn\u00edm zap\u00edn\u00e1n\u00edm na knofl\u00edky na z\u00e1p\u011bst\u00ed, kter\u00e9 se d\u00e1 nastavit.<br data-start=\"1525\" data-end=\"1528\" \/>Perforace na prstech a h\u0159betu ruky zaji\u0161\u0165uj\u00ed vynikaj\u00edc\u00ed proud\u011bn\u00ed vzduchu, tak\u017ee va\u0161e ruce z\u016fstanou chladn\u00e9 i b\u011bhem dlouh\u00fdch j\u00edzd, doj\u00ed\u017ed\u011bn\u00ed do pr\u00e1ce nebo na motorce.<\/p>\n<p class=\"\" data-start=\"1682\" data-end=\"1965\">Spole\u010dnost Ryinz nab\u00edz\u00ed vlastn\u00ed zna\u010dku, ra\u017ebu loga, v\u00fdrobu OEM a flexibiln\u00ed mo\u017enosti hromadn\u00fdch objedn\u00e1vek, kter\u00e9 v\u00e1m pomohou roz\u0161\u00ed\u0159it va\u0161e podnik\u00e1n\u00ed na mezin\u00e1rodn\u00ed \u00farovni.<\/p>\n<p class=\"\" data-start=\"1967\" data-end=\"2143\">Kdy\u017e jste partnerem spole\u010dnosti Ryinz, nez\u00edsk\u00e1v\u00e1te pouze produkty - odemyk\u00e1te trhy.<br data-start=\"2048\" data-end=\"2051\" \/>Jsme va\u0161\u00edm neviditeln\u00fdm partnerem p\u0159i budov\u00e1n\u00ed glob\u00e1ln\u00edch kontakt\u016f, kter\u00e9 v\u00e1m pomohou uzav\u0159\u00edt skute\u010dn\u00e9 prodeje.<\/p>\n<hr class=\"\" data-start=\"2145\" data-end=\"2148\" \/>\n<h1 class=\"\" data-start=\"2150\" data-end=\"2184\">???? <strong data-start=\"2155\" data-end=\"2184\">Kl\u00ed\u010dov\u00e9 vlastnosti a v\u00fdhody<\/strong><\/h1>\n<p class=\"\" data-start=\"2186\" data-end=\"2364\">???? <strong data-start=\"2189\" data-end=\"2229\">Pr\u00e9miov\u00e1 konstrukce z prav\u00e9 k\u016f\u017ee<\/strong><br data-start=\"2229\" data-end=\"2232\" \/>Odborn\u011b op\u00e1len\u00e9 a dokon\u010den\u00e9 pro m\u011bkk\u00fd a pru\u017en\u00fd dotek, kter\u00fd se p\u0159i no\u0161en\u00ed p\u0159irozen\u011b p\u0159izp\u016fsob\u00ed tvaru ruky a poskytuje luxusn\u00ed pohodl\u00ed.<\/p>\n<p class=\"\" data-start=\"2366\" data-end=\"2515\">???? <strong data-start=\"2369\" data-end=\"2402\">Klasick\u00fd design s v\u00fd\u0159ezem pro kloub<\/strong><br data-start=\"2402\" data-end=\"2405\" \/>Nad\u010dasov\u00e9 v\u00fd\u0159ezy inspirovan\u00e9 vintage stylem zlep\u0161uj\u00ed v\u011btr\u00e1n\u00ed a z\u00e1rove\u0148 poskytuj\u00ed bezkonkuren\u010dn\u00ed flexibilitu a ikonick\u00fd styl.<\/p>\n<p class=\"\" data-start=\"2517\" data-end=\"2680\">???? <strong data-start=\"2520\" data-end=\"2552\">P\u0159esn\u00fd perfora\u010dn\u00ed syst\u00e9m<\/strong><br data-start=\"2552\" data-end=\"2555\" \/>Strategicky um\u00edst\u011bn\u00e9 perforace umo\u017e\u0148uj\u00ed optim\u00e1ln\u00ed prody\u0161nost a zabra\u0148uj\u00ed hromad\u011bn\u00ed potu b\u011bhem dlouh\u00fdch j\u00edzd autem nebo na kole.<\/p>\n<p class=\"\" data-start=\"2682\" data-end=\"2896\">???? <strong data-start=\"2685\" data-end=\"2730\">Volnost poloviny prst\u016f pro maxim\u00e1ln\u00ed obratnost<\/strong><br data-start=\"2730\" data-end=\"2733\" \/>Ide\u00e1ln\u00ed pro ty, kte\u0159\u00ed pot\u0159ebuj\u00ed pevn\u00fd \u00fachop volantu, rukojet\u00ed motocyklu nebo p\u0159i b\u011b\u017en\u00fdch outdoorov\u00fdch aktivit\u00e1ch, a to p\u0159i zachov\u00e1n\u00ed pln\u00e9ho hmatov\u00e9ho vjemu.<\/p>\n<p class=\"\" data-start=\"2898\" data-end=\"3056\">???? <strong data-start=\"2901\" data-end=\"2936\">Bezpe\u010dn\u00e9 nastaviteln\u00e9 zap\u00edn\u00e1n\u00ed na z\u00e1p\u011bst\u00ed<\/strong><br data-start=\"2936\" data-end=\"2939\" \/>Tradi\u010dn\u00ed zap\u00edn\u00e1n\u00ed na knofl\u00edky nab\u00edz\u00ed klasick\u00fd vzhled a z\u00e1rove\u0148 umo\u017e\u0148uje pohodln\u00e9 a bezpe\u010dn\u00e9 nastaven\u00ed st\u0159ihu.<\/p>\n<p class=\"\" data-start=\"3058\" data-end=\"3210\">???? <strong data-start=\"3061\" data-end=\"3091\">Lehk\u00e9 a prody\u0161n\u00e9<\/strong><br data-start=\"3091\" data-end=\"3094\" \/>Je navr\u017eena pro j\u00edzdu v tepl\u00e9m po\u010das\u00ed a nab\u00edz\u00ed p\u0159irozen\u00fd syst\u00e9m chlazen\u00ed, ani\u017e by byla sn\u00ed\u017eena ochrana.<\/p>\n<p class=\"\" data-start=\"3212\" data-end=\"3371\">???? <strong data-start=\"3215\" data-end=\"3235\">V\u00edce\u00fa\u010delov\u00e9 pou\u017eit\u00ed<\/strong><br data-start=\"3235\" data-end=\"3238\" \/>Ide\u00e1ln\u00ed pro j\u00edzdu autem, j\u00edzdu na motorce, klasickou j\u00edzdu autem, doj\u00ed\u017ed\u011bn\u00ed do m\u011bsta, j\u00edzdu na kole nebo i jako stylov\u00fd m\u00f3dn\u00ed dopln\u011bk pro ka\u017edodenn\u00ed pou\u017eit\u00ed.<\/p>\n<p class=\"\" data-start=\"3373\" data-end=\"3552\">???? <strong data-start=\"3376\" data-end=\"3410\">Elegantn\u00ed a rafinovan\u00fd vzhled<\/strong><br data-start=\"3410\" data-end=\"3413\" \/>Vysoce kvalitn\u00ed \u0159emesln\u00e9 zpracov\u00e1n\u00ed ve spojen\u00ed s minimalistick\u00fdmi \u00fapravami vytv\u00e1\u0159\u00ed rukavici, kter\u00e1 pozvedne ka\u017ed\u00fd \u0161atn\u00edk, a\u0165 u\u017e neform\u00e1ln\u00ed, nebo spole\u010densk\u00fd.<\/p>\n<p class=\"\" data-start=\"3554\" data-end=\"3763\">???? <strong data-start=\"3557\" data-end=\"3602\">K dispozici je priv\u00e1tn\u00ed zna\u010dka a vlastn\u00ed zna\u010dka<\/strong><br data-start=\"3602\" data-end=\"3605\" \/>Spole\u010dnost Ryinz nab\u00edz\u00ed kompletn\u00ed slu\u017eby p\u0159izp\u016fsoben\u00ed, v\u010detn\u011b ra\u017eby loga, p\u0159izp\u016fsoben\u00ed barev, zna\u010dkov\u00fdch obal\u016f a dal\u0161\u00edch slu\u017eeb, kter\u00e9 v\u00e1m pomohou vybudovat si vlastn\u00ed zna\u010dku.<\/p>\n<p class=\"\" data-start=\"3765\" data-end=\"3918\">???? <strong data-start=\"3768\" data-end=\"3789\">Perfektn\u00ed d\u00e1rkov\u00fd p\u0159edm\u011bt<\/strong><br data-start=\"3789\" data-end=\"3792\" \/>Luxusn\u00ed a praktick\u00fd d\u00e1rek pro milovn\u00edky aut, motork\u00e1\u0159e a v\u0161echny, kte\u0159\u00ed ocen\u00ed spojen\u00ed funk\u010dnosti a m\u00f3dy.<\/p>\n<hr class=\"\" data-start=\"3920\" data-end=\"3923\" \/>\n<h1 class=\"\" data-start=\"3925\" data-end=\"3956\">???? <strong data-start=\"3930\" data-end=\"3956\">Specifikace produktu<\/strong><\/h1>\n<p class=\"\" data-start=\"3958\" data-end=\"4421\">- <strong data-start=\"3960\" data-end=\"3972\">Materi\u00e1l<\/strong>: 100% Pr\u00e9miov\u00e1 prav\u00e1 k\u016f\u017ee<br data-start=\"4002\" data-end=\"4005\" \/>- <strong data-start=\"4007\" data-end=\"4016\">Barva<\/strong>: \u010cern\u00e1 s kontrastn\u00edm lemov\u00e1n\u00edm (k dispozici jsou vlastn\u00ed barvy)<br data-start=\"4068\" data-end=\"4071\" \/>- <strong data-start=\"4073\" data-end=\"4082\">Velikosti<\/strong>: S, M, L, XL, XXL (odstup\u0148ov\u00e1n\u00ed velikost\u00ed EU a USA).<br data-start=\"4123\" data-end=\"4126\" \/>- <strong data-start=\"4128\" data-end=\"4143\">Sez\u00f3nnost<\/strong>: Nejlep\u0161\u00ed pro jaro, l\u00e9to, podzim<br data-start=\"4174\" data-end=\"4177\" \/>- <strong data-start=\"4179\" data-end=\"4189\">Design<\/strong>: Vintage v\u00fd\u0159ez na p\u016fl prstu<br data-start=\"4224\" data-end=\"4227\" \/>- <strong data-start=\"4229\" data-end=\"4240\">Uz\u00e1v\u011br<\/strong>: Snap Button z\u00e1p\u011bst\u00ed uzav\u0159en\u00ed<br data-start=\"4267\" data-end=\"4270\" \/>- <strong data-start=\"4272\" data-end=\"4289\">P\u0159izp\u016fsoben\u00ed<\/strong>: Soukrom\u00e1 zna\u010dka, ra\u017eba loga, speci\u00e1ln\u00ed barevn\u00e9 objedn\u00e1vky<br data-start=\"4342\" data-end=\"4345\" \/>- <strong data-start=\"4347\" data-end=\"4354\">MOQ<\/strong>: N\u00edzk\u00e9 minim\u00e1ln\u00ed objednac\u00ed mno\u017estv\u00ed pro za\u010d\u00ednaj\u00edc\u00ed firmy a butiky<\/p>\n<hr class=\"\" data-start=\"4423\" data-end=\"4426\" \/>\n<h1 class=\"\" data-start=\"4428\" data-end=\"4466\">???? <strong data-start=\"4433\" data-end=\"4466\">Aplikace a ide\u00e1ln\u00ed kupuj\u00edc\u00ed<\/strong><\/h1>\n<p class=\"\" data-start=\"4468\" data-end=\"4779\">- Nad\u0161enci do klasick\u00fdch automobil\u016f<br data-start=\"4493\" data-end=\"4496\" \/>- Jezdci na motocyklech<br data-start=\"4515\" data-end=\"4518\" \/>- Prodejci a butiky s m\u00f3dou<br data-start=\"4551\" data-end=\"4554\" \/>- Distributo\u0159i hnac\u00edho \u00fastroj\u00ed<br data-start=\"4581\" data-end=\"4584\" \/>- Zna\u010dky ko\u017een\u00fdch dopl\u0148k\u016f<br data-start=\"4612\" data-end=\"4615\" \/>- Online prodejci v elektronick\u00e9m obchod\u011b<br data-start=\"4642\" data-end=\"4645\" \/>- Obchody s motorsportovn\u00edm \u017eivotn\u00edm stylem<br data-start=\"4673\" data-end=\"4676\" \/>- Vlastn\u00edci priv\u00e1tn\u00edch zna\u010dek<br data-start=\"4704\" data-end=\"4707\" \/>- Dodavatel\u00e9 luxusn\u00edch firemn\u00edch d\u00e1rk\u016f<br data-start=\"4743\" data-end=\"4746\" \/>- Evropsk\u00e9, americk\u00e9 a asijsk\u00e9 trhy<\/p>\n<hr class=\"\" data-start=\"4781\" data-end=\"4784\" \/>\n<h1 class=\"\" data-start=\"4786\" data-end=\"4849\">???? <strong data-start=\"4791\" data-end=\"4849\">Pro\u010d si vybrat Ryinz pro v\u00fdrobu ko\u017een\u00fdch rukavic?<\/strong><\/h1>\n<p class=\"\" data-start=\"4851\" data-end=\"5154\">- Des\u00edtky let zku\u0161enost\u00ed s dod\u00e1vkami do Evropy a USA<br data-start=\"4898\" data-end=\"4901\" \/>- Konstrukce a v\u00fdrobn\u00ed normy v souladu s EU<br data-start=\"4948\" data-end=\"4951\" \/>- Flexibiln\u00ed slu\u017eby priv\u00e1tn\u00edch zna\u010dek a OEM<br data-start=\"4992\" data-end=\"4995\" \/>- \u00dapln\u00e9 p\u0159izp\u016fsoben\u00ed a \u0161k\u00e1lovateln\u00e9 mo\u017enosti MOQ<br data-start=\"5040\" data-end=\"5043\" \/>- D\u016fraz na kvalitu, styl a v\u010dasn\u00e9 dod\u00e1vky<br data-start=\"5099\" data-end=\"5102\" \/>- Specializovan\u00e1 podpora a poradenstv\u00ed v oblasti mezin\u00e1rodn\u00edho obchodu<\/p>","protected":false},"excerpt":{"rendered":"<p class=\"\" data-start=\"2186\" data-end=\"2364\">???? <strong data-start=\"2189\" data-end=\"2229\">Pr\u00e9miov\u00e1 konstrukce z prav\u00e9 k\u016f\u017ee<\/strong><br data-start=\"2229\" data-end=\"2232\" \/>Odborn\u011b op\u00e1len\u00e9 a dokon\u010den\u00e9 pro m\u011bkk\u00fd a pru\u017en\u00fd dotek, kter\u00fd se p\u0159i no\u0161en\u00ed p\u0159irozen\u011b p\u0159izp\u016fsob\u00ed tvaru ruky a poskytuje luxusn\u00ed pohodl\u00ed.<\/p>\n<p class=\"\" data-start=\"2366\" data-end=\"2515\">???? <strong data-start=\"2369\" data-end=\"2402\">Klasick\u00fd design s v\u00fd\u0159ezem pro kloub<\/strong><br data-start=\"2402\" data-end=\"2405\" \/>Nad\u010dasov\u00e9 v\u00fd\u0159ezy inspirovan\u00e9 vintage stylem zlep\u0161uj\u00ed v\u011btr\u00e1n\u00ed a z\u00e1rove\u0148 poskytuj\u00ed bezkonkuren\u010dn\u00ed flexibilitu a ikonick\u00fd styl.<\/p>\n<p class=\"\" data-start=\"2517\" data-end=\"2680\">???? <strong data-start=\"2520\" data-end=\"2552\">P\u0159esn\u00fd perfora\u010dn\u00ed syst\u00e9m<\/strong><br data-start=\"2552\" data-end=\"2555\" \/>Strategicky um\u00edst\u011bn\u00e9 perforace umo\u017e\u0148uj\u00ed optim\u00e1ln\u00ed prody\u0161nost a zabra\u0148uj\u00ed hromad\u011bn\u00ed potu b\u011bhem dlouh\u00fdch j\u00edzd autem nebo na kole.<\/p>\n<p class=\"\" data-start=\"2682\" data-end=\"2896\">???? <strong data-start=\"2685\" data-end=\"2730\">Volnost poloviny prst\u016f pro maxim\u00e1ln\u00ed obratnost<\/strong><br data-start=\"2730\" data-end=\"2733\" \/>Ide\u00e1ln\u00ed pro ty, kte\u0159\u00ed pot\u0159ebuj\u00ed pevn\u00fd \u00fachop volantu, rukojet\u00ed motocyklu nebo p\u0159i b\u011b\u017en\u00fdch outdoorov\u00fdch aktivit\u00e1ch, a to p\u0159i zachov\u00e1n\u00ed pln\u00e9ho hmatov\u00e9ho vjemu.<\/p>\n<p class=\"\" data-start=\"2898\" data-end=\"3056\">???? <strong data-start=\"2901\" data-end=\"2936\">Bezpe\u010dn\u00e9 nastaviteln\u00e9 zap\u00edn\u00e1n\u00ed na z\u00e1p\u011bst\u00ed<\/strong><br data-start=\"2936\" data-end=\"2939\" \/>Tradi\u010dn\u00ed zap\u00edn\u00e1n\u00ed na knofl\u00edky nab\u00edz\u00ed klasick\u00fd vzhled a z\u00e1rove\u0148 umo\u017e\u0148uje pohodln\u00e9 a bezpe\u010dn\u00e9 nastaven\u00ed st\u0159ihu.<\/p>\n<p class=\"\" data-start=\"3058\" data-end=\"3210\">???? <strong data-start=\"3061\" data-end=\"3091\">Lehk\u00e9 a prody\u0161n\u00e9<\/strong><br data-start=\"3091\" data-end=\"3094\" \/>Je navr\u017eena pro j\u00edzdu v tepl\u00e9m po\u010das\u00ed a nab\u00edz\u00ed p\u0159irozen\u00fd syst\u00e9m chlazen\u00ed, ani\u017e by byla sn\u00ed\u017eena ochrana.<\/p>\n<p class=\"\" data-start=\"3212\" data-end=\"3371\">???? <strong data-start=\"3215\" data-end=\"3235\">V\u00edce\u00fa\u010delov\u00e9 pou\u017eit\u00ed<\/strong><br data-start=\"3235\" data-end=\"3238\" \/>Ide\u00e1ln\u00ed pro j\u00edzdu autem, j\u00edzdu na motorce, klasickou j\u00edzdu autem, doj\u00ed\u017ed\u011bn\u00ed do m\u011bsta, j\u00edzdu na kole nebo i jako stylov\u00fd m\u00f3dn\u00ed dopln\u011bk pro ka\u017edodenn\u00ed pou\u017eit\u00ed.<\/p>","protected":false},"featured_media":9055,"comment_status":"closed","ping_status":"closed","template":"","meta":[],"product_brand":[35],"product_cat":[152],"product_tag":[167,168,169,170,171],"class_list":{"0":"post-8990","1":"product","2":"type-product","3":"status-publish","4":"has-post-thumbnail","6":"product_brand-ryinz","7":"product_cat-street-bike-gloves","8":"product_tag-breathable-street-bike-gloves","9":"product_tag-customizable-biker-gloves","10":"product_tag-half-finger-bike-gloves","11":"product_tag-leather-bike-gloves","12":"product_tag-secure-fit-street-gloves","14":"first","15":"instock","16":"taxable","17":"shipping-taxable","18":"purchasable","19":"product-type-simple"},"_links":{"self":[{"href":"https:\/\/ryinz.cz\/velkoobchod\/cs\/wp-json\/wp\/v2\/product\/8990","targetHints":{"allow":["GET"]}}],"collection":[{"href":"https:\/\/ryinz.cz\/velkoobchod\/cs\/wp-json\/wp\/v2\/product"}],"about":[{"href":"https:\/\/ryinz.cz\/velkoobchod\/cs\/wp-json\/wp\/v2\/types\/product"}],"replies":[{"embeddable":true,"href":"https:\/\/ryinz.cz\/velkoobchod\/cs\/wp-json\/wp\/v2\/comments?post=8990"}],"wp:featuredmedia":[{"embeddable":true,"href":"https:\/\/ryinz.cz\/velkoobchod\/cs\/wp-json\/wp\/v2\/media\/9055"}],"wp:attachment":[{"href":"https:\/\/ryinz.cz\/velkoobchod\/cs\/wp-json\/wp\/v2\/media?parent=8990"}],"wp:term":[{"taxonomy":"product_brand","embeddable":true,"href":"https:\/\/ryinz.cz\/velkoobchod\/cs\/wp-json\/wp\/v2\/product_brand?post=8990"},{"taxonomy":"product_cat","embeddable":true,"href":"https:\/\/ryinz.cz\/velkoobchod\/cs\/wp-json\/wp\/v2\/product_cat?post=8990"},{"taxonomy":"product_tag","embeddable":true,"href":"https:\/\/ryinz.cz\/velkoobchod\/cs\/wp-json\/wp\/v2\/product_tag?post=8990"}],"curies":[{"name":"wp","href":"https:\/\/api.w.org\/{rel}","templated":true}]}}