{"id":8989,"date":"2025-06-22T15:24:49","date_gmt":"2025-06-22T15:24:49","guid":{"rendered":"https:\/\/ryinz.cz\/velkoobchod\/?post_type=product&#038;p=8989"},"modified":"2026-01-18T20:17:14","modified_gmt":"2026-01-18T20:17:14","slug":"rukavice-na-poulicni-kolo-velkoobchod-ryinz-plny-prst-motocyklove-rukavice-eu-vzory-vyrobce-a-soukrome-znacky-dodavatele","status":"publish","type":"product","link":"https:\/\/ryinz.cz\/velkoobchod\/cs\/product\/street-bike-gloves-wholesale-ryinz-full-finger-motorcycle-gloves-eu-designs-manufacturer-and-private-label-supplier\/","title":{"rendered":"Velkoobchodn\u00ed rukavice pro silni\u010dn\u00ed motocykly | Ryinz | Celoprstov\u00e9 rukavice pro motocykly | EU Designs | V\u00fdrobce a dodavatel priv\u00e1tn\u00edch zna\u010dek"},"content":{"rendered":"<p class=\"\" data-start=\"209\" data-end=\"336\"><strong data-start=\"209\" data-end=\"336\">Velkoobchodn\u00ed rukavice pro silni\u010dn\u00ed motocykly | Ryinz | Celoprstov\u00e9 rukavice pro motocykly | EU Designs | V\u00fdrobce a dodavatel priv\u00e1tn\u00edch zna\u010dek<\/strong><\/p>\n<p class=\"\" data-start=\"338\" data-end=\"609\">Na adrese <strong data-start=\"341\" data-end=\"350\">Ryinz<\/strong>, podporujeme glob\u00e1ln\u00ed zna\u010dky t\u00edm, \u017ee propojujeme <strong data-start=\"389\" data-end=\"456\">pr\u00e9miov\u00ed v\u00fdrobci, kreativn\u00ed zna\u010dky a profesion\u00e1ln\u00ed n\u00e1kup\u010d\u00ed.<\/strong> v Evrop\u011b, USA a Asii.<br data-start=\"490\" data-end=\"493\" \/>Jsme <strong data-start=\"504\" data-end=\"551\">neviditeln\u00fd motor mezin\u00e1rodn\u00edho obchodu<\/strong>.<br data-start=\"552\" data-end=\"555\" \/>Na\u0161e posl\u00e1n\u00ed: <strong data-start=\"568\" data-end=\"609\">Otev\u00edr\u00e1me dve\u0159e, abyste mohli uzav\u00edrat prodeje.<\/strong><\/p>\n<p class=\"\" data-start=\"611\" data-end=\"765\">P\u0159edstaven\u00ed <strong data-start=\"627\" data-end=\"667\">Celoprstov\u00e9 rukavice Ryinz pro silni\u010dn\u00ed kolo<\/strong> - odoln\u00e1 pro drsn\u00e9 motork\u00e1\u0159e, m\u011bstsk\u00e9 jezdce, dobrodruhy v ter\u00e9nu a pr\u016fzkumn\u00edky, kte\u0159\u00ed si potrp\u00ed na styl.<\/p>\n<hr class=\"\" data-start=\"767\" data-end=\"770\" \/>\n<h3 class=\"\" data-start=\"772\" data-end=\"799\"><strong data-start=\"776\" data-end=\"798\">Nejd\u016fle\u017eit\u011bj\u0161\u00ed informace o produktu<\/strong>:<\/h3>\n<p class=\"\" data-start=\"801\" data-end=\"1306\">\u2705 <strong data-start=\"803\" data-end=\"819\">N\u00e1zev produktu<\/strong>: Rukavice Ryinz Tactical s cel\u00fdmi prsty pro j\u00edzdu na kole na ulici<br data-start=\"866\" data-end=\"869\" \/>\u2705 <strong data-start=\"871\" data-end=\"883\">Materi\u00e1l<\/strong>: Zes\u00edlen\u00e9 mikrovl\u00e1kno + elastick\u00e1 s\u00ed\u0165ovina + ochrann\u00fd gumov\u00fd panc\u00ed\u0159<br data-start=\"947\" data-end=\"950\" \/>\u2705 <strong data-start=\"952\" data-end=\"961\">Barva<\/strong>: \u010cern\u00e1 kamufl\u00e1\u017e Stealth s \u0161ed\u00fdmi akcenty<br data-start=\"1005\" data-end=\"1008\" \/>\u2705 <strong data-start=\"1010\" data-end=\"1026\">Mo\u017enosti loga<\/strong>: Pr\u00e1zdn\u00fd, s potiskem, silikonov\u00fd, gumov\u00fd odznak, s v\u00fd\u0161ivkou<br data-start=\"1079\" data-end=\"1082\" \/>\u2705 <strong data-start=\"1084\" data-end=\"1103\">Vlastnosti designu<\/strong>:<br data-start=\"1104\" data-end=\"1107\" \/>- Chr\u00e1ni\u010de kloub\u016f tlum\u00edc\u00ed n\u00e1razy<br data-start=\"1143\" data-end=\"1146\" \/>- Prody\u0161n\u00e1 stre\u010dov\u00e1 s\u00ed\u0165ovina pro pohodl\u00ed<br data-start=\"1183\" data-end=\"1186\" \/>- Protiskluzov\u00e9 rukojeti do dlan\u011b pro maxim\u00e1ln\u00ed kontrolu<br data-start=\"1228\" data-end=\"1231\" \/>- Ergonomick\u00e9 p\u0159izp\u016fsoben\u00ed pro cel\u00e9 prsty<br data-start=\"1258\" data-end=\"1261\" \/>- Nastaviteln\u00fd p\u00e1sek na z\u00e1p\u011bst\u00ed pro bezpe\u010dn\u00e9 uzav\u0159en\u00ed<\/p>\n<p class=\"\" data-start=\"1308\" data-end=\"1373\">\u2705 <strong data-start=\"1310\" data-end=\"1329\">Dostupn\u00e9 velikosti<\/strong>: S, M, L, XL, XXL (k dispozici jsou vlastn\u00ed velikosti)<\/p>\n<p class=\"\" data-start=\"1375\" data-end=\"1603\">\u2705 <strong data-start=\"1377\" data-end=\"1384\">Fit<\/strong>: Taktick\u00fd, flexibiln\u00ed, bezpe\u010dn\u00fd \u00fachop<br data-start=\"1417\" data-end=\"1420\" \/>\u2705 <strong data-start=\"1422\" data-end=\"1429\">Pou\u017eijte<\/strong>: J\u00edzda na kole, J\u00edzda na motocyklu, J\u00edzda na horsk\u00e9m kole, Taktick\u00fd tr\u00e9nink, Outdoorov\u00e9 sporty<br data-start=\"1515\" data-end=\"1518\" \/>\u2705 <strong data-start=\"1520\" data-end=\"1527\">MOQ<\/strong>: N\u00edzk\u00e1 minima pro velkoobchod, maloobchodn\u00ed zna\u010den\u00ed a v\u00fdvoj priv\u00e1tn\u00edch zna\u010dek<\/p>\n<hr class=\"\" data-start=\"1605\" data-end=\"1608\" \/>\n<h3 class=\"\" data-start=\"1610\" data-end=\"1639\"><strong data-start=\"1614\" data-end=\"1638\">Podrobn\u00fd popis<\/strong>:<\/h3>\n<p class=\"\" data-start=\"1641\" data-end=\"1670\"><strong data-start=\"1641\" data-end=\"1670\">S\u00edla. Styl. Ovl\u00e1d\u00e1n\u00ed.<\/strong><\/p>\n<p class=\"\" data-start=\"1672\" data-end=\"1979\">Na str\u00e1nk\u00e1ch <strong data-start=\"1676\" data-end=\"1716\">Celoprstov\u00e9 rukavice Ryinz pro silni\u010dn\u00ed kolo<\/strong> jsou ur\u010deny pro n\u00e1ro\u010dn\u00e9 jezdce, kte\u0159\u00ed od sv\u00e9ho vybaven\u00ed vy\u017eaduj\u00ed v\u00edce.<br data-start=\"1781\" data-end=\"1784\" \/>Postaveno s <strong data-start=\"1795\" data-end=\"1828\">zes\u00edlen\u00e1 k\u016f\u017ee z mikrovl\u00e1kna<\/strong>, <strong data-start=\"1830\" data-end=\"1863\">n\u00e1razuvzdorn\u00fd panc\u00ed\u0159 na kloubech.<\/strong>, a <strong data-start=\"1869\" data-end=\"1892\">ergonomick\u00e9 podlo\u017eky pod rukojeti<\/strong>, tyto rukavice nab\u00edzej\u00ed ochranu na elitn\u00ed \u00farovni, ani\u017e by byla ob\u011btov\u00e1na pru\u017enost nebo pohodl\u00ed.<\/p>\n<p class=\"\" data-start=\"1981\" data-end=\"2177\">Na str\u00e1nk\u00e1ch <strong data-start=\"1985\" data-end=\"2008\">stre\u010dov\u00e1 s\u00ed\u0165ovina<\/strong> zaji\u0161\u0165uje prody\u0161nost i p\u0159i dlouh\u00fdch j\u00edzd\u00e1ch, zat\u00edmco <strong data-start=\"2065\" data-end=\"2084\">taktick\u00fd design<\/strong> poskytuje zv\u00fd\u0161enou ochranu proti n\u00e1razu na ulici, v ter\u00e9nu nebo p\u0159i taktick\u00e9m v\u00fdcviku.<\/p>\n<p class=\"\" data-start=\"2179\" data-end=\"2315\"><strong data-start=\"2179\" data-end=\"2205\">Protiskluzov\u00e9 polstrovan\u00e9 dlan\u011b<\/strong> zlep\u0161it dr\u017een\u00ed \u0159\u00edd\u00edtek a <strong data-start=\"2234\" data-end=\"2258\">pokryt\u00ed cel\u00e9ho prstu<\/strong> poskytuje lep\u0161\u00ed ochranu proti ne\u010distot\u00e1m, v\u011btru a chladu.<\/p>\n<p class=\"\" data-start=\"2317\" data-end=\"2490\">Ide\u00e1ln\u00ed pro <strong data-start=\"2327\" data-end=\"2362\">priv\u00e1tn\u00ed zna\u010dky motocykl\u016f<\/strong>, <strong data-start=\"2364\" data-end=\"2385\">streetwear zna\u010dky<\/strong>, <strong data-start=\"2387\" data-end=\"2419\">prodejci elektrokol a sk\u00fatr\u016f<\/strong>, a <strong data-start=\"2425\" data-end=\"2453\">outdoorov\u00e9 sportovn\u00ed spole\u010dnosti<\/strong> hled\u00e1te za\u0159\u00edzen\u00ed zam\u011b\u0159en\u00e9 na v\u00fdkon.<\/p>\n<hr class=\"\" data-start=\"2492\" data-end=\"2495\" \/>\n<h3 class=\"\" data-start=\"2497\" data-end=\"2550\"><strong data-start=\"2501\" data-end=\"2549\">Kl\u00ed\u010dov\u00e9 funkce pro velkoobchodn\u00ed a maloobchodn\u00ed odb\u011bratele<\/strong>:<\/h3>\n<p class=\"\" data-start=\"2552\" data-end=\"3022\">???? <strong data-start=\"2555\" data-end=\"2580\">Taktick\u00fd m\u011bstsk\u00fd design<\/strong>: Modern\u00ed, agresivn\u00ed a vysoce funk\u010dn\u00ed.<br data-start=\"2624\" data-end=\"2627\" \/>???? <strong data-start=\"2630\" data-end=\"2656\">P\u0159\u00edm\u00e9 tov\u00e1rn\u00ed ceny<\/strong>: Maximalizujte mar\u017ee s pr\u00e9miovou hodnotou.<br data-start=\"2694\" data-end=\"2697\" \/>???? <strong data-start=\"2700\" data-end=\"2725\">P\u0159ipravenost na vlastn\u00ed zna\u010dku<\/strong>: K dispozici je s\u00edtotisk, v\u00fd\u0161ivka, silikonov\u00e9 odznaky.<br data-start=\"2779\" data-end=\"2782\" \/>???? <strong data-start=\"2785\" data-end=\"2814\">Segmenty u\u017eivatel\u016f s vysokou popt\u00e1vkou<\/strong>: Pouli\u010dn\u00ed cyklist\u00e9, jezdci za dobrodru\u017estv\u00edm, doj\u00ed\u017ed\u011bj\u00edc\u00ed do m\u011bsta, takti\u010dt\u00ed u\u017eivatel\u00e9.<br data-start=\"2880\" data-end=\"2883\" \/>???? <strong data-start=\"2886\" data-end=\"2928\">Rychl\u00e1 a spolehliv\u00e1 v\u00fdroba a p\u0159eprava<\/strong>: P\u0159\u00edmo do Evropy, USA a Asie.<br data-start=\"2960\" data-end=\"2963\" \/>???? <strong data-start=\"2966\" data-end=\"2993\">Odolnost a pohodl\u00ed<\/strong>: Jezd\u011bte tvrd\u011bji, d\u00e9le a bezpe\u010dn\u011bji.<\/p>\n<hr class=\"\" data-start=\"3024\" data-end=\"3027\" \/>\n<h3 class=\"\" data-start=\"3029\" data-end=\"3055\"><strong data-start=\"3033\" data-end=\"3054\">N\u00e1pady na aplikace<\/strong>:<\/h3>\n<p class=\"\" data-start=\"3057\" data-end=\"3354\">- Obchody s p\u0159\u00edslu\u0161enstv\u00edm pro silni\u010dn\u00ed kola a motocykly<br data-start=\"3101\" data-end=\"3104\" \/>- Prodejci sk\u00fatr\u016f a elektrokol<br data-start=\"3134\" data-end=\"3137\" \/>- Dodavatel\u00e9 outdoorov\u00e9ho dobrodru\u017estv\u00ed a sportovn\u00edho vybaven\u00ed<br data-start=\"3182\" data-end=\"3185\" \/>- Priv\u00e1tn\u00ed zna\u010dky streetwear a taktick\u00e9ho vybaven\u00ed<br data-start=\"3236\" data-end=\"3239\" \/>- Zbo\u017e\u00ed na akce pro autosalony a venkovn\u00ed festivaly<br data-start=\"3296\" data-end=\"3299\" \/>- Zna\u010dky e-commerce prod\u00e1vaj\u00edc\u00ed fitness a motocyklov\u00e9 vybaven\u00ed<\/p>\n<hr class=\"\" data-start=\"3356\" data-end=\"3359\" \/>\n<h3 class=\"\" data-start=\"3361\" data-end=\"3396\"><strong data-start=\"3365\" data-end=\"3395\">Tabulka velikost\u00ed a p\u0159izp\u016fsoben\u00ed<\/strong>:<\/h3>\n<div class=\"group pointer-events-none relative flex justify-center *:pointer-events-auto\"><button class=\"hover:bg-token-main-surface-secondary text-token-text-secondary pointer-events-auto rounded-lg px-1 py-1 opacity-0 transition-opacity duration-200 group-focus-within:opacity-100 group-hover:opacity-100\"><\/button><\/p>\n<div class=\"tableContainer horzScrollShadows relative\">\n<table class=\"min-w-full\" data-start=\"3398\" data-end=\"3612\">\n<thead data-start=\"3398\" data-end=\"3450\">\n<tr data-start=\"3398\" data-end=\"3450\">\n<th data-start=\"3398\" data-end=\"3405\">Velikost<\/th>\n<th data-start=\"3405\" data-end=\"3423\">\u0160\u00ed\u0159ka dlan\u011b (cm)<\/th>\n<th data-start=\"3423\" data-end=\"3450\">Obvod dlan\u011b (cm)<\/th>\n<\/tr>\n<\/thead>\n<tbody data-start=\"3504\" data-end=\"3612\">\n<tr data-start=\"3504\" data-end=\"3523\">\n<td class=\"max-w-[calc(var(--thread-content-max-width)*2\/3)]\" data-start=\"3504\" data-end=\"3508\">S<\/td>\n<td class=\"max-w-[calc(var(--thread-content-max-width)*2\/3)]\" data-start=\"3508\" data-end=\"3514\">7.5<\/td>\n<td class=\"max-w-[calc(var(--thread-content-max-width)*2\/3)]\" data-start=\"3514\" data-end=\"3523\">17-18<\/td>\n<\/tr>\n<tr data-start=\"3524\" data-end=\"3545\">\n<td class=\"max-w-[calc(var(--thread-content-max-width)*2\/3)]\" data-start=\"3524\" data-end=\"3528\">M<\/td>\n<td class=\"max-w-[calc(var(--thread-content-max-width)*2\/3)]\" data-start=\"3528\" data-end=\"3534\">8.5<\/td>\n<td class=\"max-w-[calc(var(--thread-content-max-width)*2\/3)]\" data-start=\"3534\" data-end=\"3545\">18-19.5<\/td>\n<\/tr>\n<tr data-start=\"3546\" data-end=\"3567\">\n<td class=\"max-w-[calc(var(--thread-content-max-width)*2\/3)]\" data-start=\"3546\" data-end=\"3550\">L<\/td>\n<td class=\"max-w-[calc(var(--thread-content-max-width)*2\/3)]\" data-start=\"3550\" data-end=\"3556\">9.5<\/td>\n<td class=\"max-w-[calc(var(--thread-content-max-width)*2\/3)]\" data-start=\"3556\" data-end=\"3567\">19.5-21<\/td>\n<\/tr>\n<tr data-start=\"3568\" data-end=\"3589\">\n<td class=\"max-w-[calc(var(--thread-content-max-width)*2\/3)]\" data-start=\"3568\" data-end=\"3573\">XL<\/td>\n<td class=\"max-w-[calc(var(--thread-content-max-width)*2\/3)]\" data-start=\"3573\" data-end=\"3580\">10.5<\/td>\n<td class=\"max-w-[calc(var(--thread-content-max-width)*2\/3)]\" data-start=\"3580\" data-end=\"3589\">21-23<\/td>\n<\/tr>\n<tr data-start=\"3590\" data-end=\"3612\">\n<td class=\"max-w-[calc(var(--thread-content-max-width)*2\/3)]\" data-start=\"3590\" data-end=\"3596\">XXL<\/td>\n<td class=\"max-w-[calc(var(--thread-content-max-width)*2\/3)]\" data-start=\"3596\" data-end=\"3603\">11.5<\/td>\n<td class=\"max-w-[calc(var(--thread-content-max-width)*2\/3)]\" data-start=\"3603\" data-end=\"3612\">23-25<\/td>\n<\/tr>\n<\/tbody>\n<\/table>\n<\/div>\n<\/div>\n<p class=\"\" data-start=\"3614\" data-end=\"3674\">(Navr\u017eeno pro ergonomick\u00fd, sportovn\u00ed a pohybov\u011b p\u0159\u00edv\u011btiv\u00fd st\u0159ih.)<\/p>","protected":false},"excerpt":{"rendered":"<h3 class=\"\" data-start=\"2497\" data-end=\"2550\"><strong data-start=\"2501\" data-end=\"2549\">Kl\u00ed\u010dov\u00e9 funkce pro velkoobchodn\u00ed a maloobchodn\u00ed odb\u011bratele<\/strong>:<\/h3>\n<p class=\"\" data-start=\"2552\" data-end=\"3022\">???? <strong data-start=\"2555\" data-end=\"2580\">Taktick\u00fd m\u011bstsk\u00fd design<\/strong>: Modern\u00ed, agresivn\u00ed a vysoce funk\u010dn\u00ed.<br data-start=\"2624\" data-end=\"2627\" \/>???? <strong data-start=\"2630\" data-end=\"2656\">P\u0159\u00edm\u00e9 tov\u00e1rn\u00ed ceny<\/strong>: Maximalizujte mar\u017ee s pr\u00e9miovou hodnotou.<br data-start=\"2694\" data-end=\"2697\" \/>???? <strong data-start=\"2700\" data-end=\"2725\">P\u0159ipravenost na vlastn\u00ed zna\u010dku<\/strong>: K dispozici je s\u00edtotisk, v\u00fd\u0161ivka, silikonov\u00e9 odznaky.<br data-start=\"2779\" data-end=\"2782\" \/>???? <strong data-start=\"2785\" data-end=\"2814\">Segmenty u\u017eivatel\u016f s vysokou popt\u00e1vkou<\/strong>: Pouli\u010dn\u00ed cyklist\u00e9, jezdci za dobrodru\u017estv\u00edm, doj\u00ed\u017ed\u011bj\u00edc\u00ed do m\u011bsta, takti\u010dt\u00ed u\u017eivatel\u00e9.<br data-start=\"2880\" data-end=\"2883\" \/>???? <strong data-start=\"2886\" data-end=\"2928\">Rychl\u00e1 a spolehliv\u00e1 v\u00fdroba a p\u0159eprava<\/strong>: P\u0159\u00edmo do Evropy, USA a Asie.<br data-start=\"2960\" data-end=\"2963\" \/>???? <strong data-start=\"2966\" data-end=\"2993\">Odolnost a pohodl\u00ed<\/strong>: Jezd\u011bte tvrd\u011bji, d\u00e9le a bezpe\u010dn\u011bji.<\/p>","protected":false},"featured_media":9041,"comment_status":"closed","ping_status":"closed","template":"","meta":[],"product_brand":[35],"product_cat":[152],"product_tag":[163,159,164,165,166],"class_list":{"0":"post-8989","1":"product","2":"type-product","3":"status-publish","4":"has-post-thumbnail","6":"product_brand-ryinz","7":"product_cat-street-bike-gloves","8":"product_tag-carbon-protector-street-gloves","9":"product_tag-customizable-street-bike-gloves","10":"product_tag-reinforced-biking-gloves","11":"product_tag-safety-gloves-for-street-bikers","12":"product_tag-touchscreen-compatible-bike-gloves","14":"first","15":"instock","16":"taxable","17":"shipping-taxable","18":"purchasable","19":"product-type-simple"},"_links":{"self":[{"href":"https:\/\/ryinz.cz\/velkoobchod\/cs\/wp-json\/wp\/v2\/product\/8989","targetHints":{"allow":["GET"]}}],"collection":[{"href":"https:\/\/ryinz.cz\/velkoobchod\/cs\/wp-json\/wp\/v2\/product"}],"about":[{"href":"https:\/\/ryinz.cz\/velkoobchod\/cs\/wp-json\/wp\/v2\/types\/product"}],"replies":[{"embeddable":true,"href":"https:\/\/ryinz.cz\/velkoobchod\/cs\/wp-json\/wp\/v2\/comments?post=8989"}],"wp:featuredmedia":[{"embeddable":true,"href":"https:\/\/ryinz.cz\/velkoobchod\/cs\/wp-json\/wp\/v2\/media\/9041"}],"wp:attachment":[{"href":"https:\/\/ryinz.cz\/velkoobchod\/cs\/wp-json\/wp\/v2\/media?parent=8989"}],"wp:term":[{"taxonomy":"product_brand","embeddable":true,"href":"https:\/\/ryinz.cz\/velkoobchod\/cs\/wp-json\/wp\/v2\/product_brand?post=8989"},{"taxonomy":"product_cat","embeddable":true,"href":"https:\/\/ryinz.cz\/velkoobchod\/cs\/wp-json\/wp\/v2\/product_cat?post=8989"},{"taxonomy":"product_tag","embeddable":true,"href":"https:\/\/ryinz.cz\/velkoobchod\/cs\/wp-json\/wp\/v2\/product_tag?post=8989"}],"curies":[{"name":"wp","href":"https:\/\/api.w.org\/{rel}","templated":true}]}}