{"id":8988,"date":"2025-06-22T15:24:49","date_gmt":"2025-06-22T15:24:49","guid":{"rendered":"https:\/\/ryinz.cz\/velkoobchod\/?post_type=product&#038;p=8988"},"modified":"2026-01-18T20:17:13","modified_gmt":"2026-01-18T20:17:13","slug":"ryinz-velkoobchodni-premiove-motocyklove-kozene-rukavice-street-bike-adventure-touring-tactical-riding-oem-private-label-manufacturer-europe","status":"publish","type":"product","link":"https:\/\/ryinz.cz\/velkoobchod\/cs\/product\/ryinz-wholesale-premium-motorcycle-leather-gloves-street-bike-adventure-touring-tactical-riding-oem-private-label-manufacturer-europe\/","title":{"rendered":"Ryinz Velkoobchod Premium Motocyklov\u00e9 ko\u017een\u00e9 rukavice - Street Bike, Adventure Touring, Tactical Riding - OEM\/Private Label Manufacturer Europe"},"content":{"rendered":"<h1 class=\"\" data-start=\"266\" data-end=\"341\"><strong data-start=\"271\" data-end=\"341\">\u010cern\u00e9 ko\u017een\u00e9 rukavice na motorku Ryinz Premium<\/strong><\/h1>\n<p class=\"\" data-start=\"343\" data-end=\"829\">Na adrese <strong data-start=\"346\" data-end=\"355\">Ryinz<\/strong>, v\u011b\u0159\u00edme, \u017ee spr\u00e1vn\u00e1 v\u00fdbava m\u011bn\u00ed z\u00e1\u017eitek z j\u00edzdy. Na\u0161e posl\u00e1n\u00ed je jednoduch\u00e9, ale siln\u00e9: <strong data-start=\"453\" data-end=\"493\">Otev\u00edr\u00e1me dve\u0159e, abyste mohli uzav\u00edrat prodeje<\/strong>. Jako d\u016fv\u011bryhodn\u00e9 spojen\u00ed mezi <strong data-start=\"521\" data-end=\"587\">zna\u010dky, n\u00e1kup\u010d\u00ed a v\u00fdrobci v Evrop\u011b, USA a Asii.<\/strong>, s hrdost\u00ed p\u0159edstavujeme <strong data-start=\"614\" data-end=\"663\">\u010cern\u00e9 ko\u017een\u00e9 rukavice na motorku Ryinz Premium<\/strong> - dokonal\u00e1 kombinace <strong data-start=\"685\" data-end=\"724\">luxus, ochrana a v\u00fdkon<\/strong> ur\u010den\u00e9 pro seri\u00f3zn\u00ed motork\u00e1\u0159e, pouli\u010dn\u00ed jezdce, taktick\u00e9 dobrodruhy a v\u0161echny, kte\u0159\u00ed si cen\u00ed prvot\u0159\u00eddn\u00ed kvality.<\/p>\n<p class=\"\" data-start=\"831\" data-end=\"1163\">Vyrobeno z nejkvalitn\u011bj\u0161\u00edch <strong data-start=\"852\" data-end=\"880\">celoko\u017een\u00e1 \u010dern\u00e1 k\u016f\u017ee<\/strong>, tyto rukavice nab\u00edzej\u00ed bezkonkuren\u010dn\u00ed odolnost, pru\u017enost a styl. Jejich nad\u010dasov\u00fd design, zes\u00edlen\u00fd \u00fachop dlan\u011b, ergonomick\u00fd st\u0159ih a povrchov\u00e1 \u00faprava odoln\u00e1 v\u016f\u010di pov\u011btrnostn\u00edm vliv\u016fm z nich \u010din\u00ed dokonalou volbu pro <strong data-start=\"1069\" data-end=\"1162\">jezdci na silni\u010dn\u00edch motocyklech, milovn\u00edci motocyklov\u00e9 turistiky, taktick\u00e9 jednotky a pr\u016fzkumn\u00edci p\u0159\u00edrody.<\/strong>.<\/p>\n<p class=\"\" data-start=\"1165\" data-end=\"1371\">Ide\u00e1ln\u00ed pro oba <strong data-start=\"1182\" data-end=\"1199\">soukrom\u00e1 zna\u010dka<\/strong> zna\u010dky a <strong data-start=\"1211\" data-end=\"1231\">velkoobchodn\u00ed n\u00e1kup\u010d\u00ed<\/strong>, tyto rukavice jsou k dispozici s <strong data-start=\"1265\" data-end=\"1307\">vlastn\u00ed loga, mo\u017enosti priv\u00e1tn\u00edho brandingu<\/strong>, a <strong data-start=\"1313\" data-end=\"1332\">rychl\u00e1 v\u00fdroba<\/strong> schopnosti v Evrop\u011b i mimo ni.<\/p>\n<hr class=\"\" data-start=\"1373\" data-end=\"1376\" \/>\n<h1 class=\"\" data-start=\"1378\" data-end=\"1412\">???? <strong data-start=\"1383\" data-end=\"1412\">Kl\u00ed\u010dov\u00e9 vlastnosti a v\u00fdhody<\/strong><\/h1>\n<p class=\"\" data-start=\"1414\" data-end=\"1667\">???? <strong data-start=\"1417\" data-end=\"1460\">Pr\u00e9miov\u00e1 celoko\u017een\u00e1 konstrukce<\/strong>:<br data-start=\"1461\" data-end=\"1464\" \/>Vyrobeno z velmi odoln\u00e9, vysoce kvalitn\u00ed k\u016f\u017ee, kter\u00e1 je p\u0159irozen\u011b odoln\u00e1 proti od\u011bru a z\u00e1rove\u0148 z\u016fst\u00e1v\u00e1 pru\u017en\u00e1 a ohebn\u00e1 pro ka\u017edodenn\u00ed no\u0161en\u00ed. Nab\u00edz\u00ed dlouhou \u017eivotnost, robustn\u00ed v\u00fdkon a vynikaj\u00edc\u00ed ochranu.<\/p>\n<p class=\"\" data-start=\"1669\" data-end=\"1907\">???? <strong data-start=\"1672\" data-end=\"1705\">Ochrana p\u0159i j\u00edzd\u011b za ka\u017ed\u00e9ho po\u010das\u00ed<\/strong>:<br data-start=\"1706\" data-end=\"1709\" \/>Tyto rukavice jsou navr\u017eeny tak, aby zvl\u00e1dly d\u00e9\u0161\u0165, chlad a v\u00edtr, a jsou tak vhodn\u00e9 pro v\u0161echna ro\u010dn\u00ed obdob\u00ed. A\u0165 u\u017e jsou chladn\u00e1 r\u00e1na nebo de\u0161tiv\u00e9 vyj\u00ed\u017e\u010fky, va\u0161e ruce z\u016fstanou v pohodl\u00ed, teple a chr\u00e1n\u011bn\u00e9 p\u0159ed \u017eivly.<\/p>\n<p class=\"\" data-start=\"1909\" data-end=\"2110\">???? <strong data-start=\"1912\" data-end=\"1941\">Ergonomick\u00e9 p\u0159izp\u016fsoben\u00ed pro cel\u00e9 prsty<\/strong>:<br data-start=\"1942\" data-end=\"1945\" \/>Anatomicky tvarovan\u00e9 prsty zaji\u0161\u0165uj\u00ed maxim\u00e1ln\u00ed obratnost a kontrolu a umo\u017e\u0148uj\u00ed bezpe\u010dn\u00fd \u00fachop \u0159\u00edd\u00edtek, spojek a brzdov\u00fdch p\u00e1k. Minim\u00e1ln\u00ed doba pot\u0159ebn\u00e1 k zacvi\u010den\u00ed.<\/p>\n<p class=\"\" data-start=\"2112\" data-end=\"2312\">???? <strong data-start=\"2115\" data-end=\"2145\">Zes\u00edlen\u00e9 \u00fachopov\u00e9 z\u00f3ny dlan\u011b<\/strong>:<br data-start=\"2146\" data-end=\"2149\" \/>Dal\u0161\u00ed vrstven\u00e1 k\u016f\u017ee v kritick\u00fdch tlakov\u00fdch bodech zvy\u0161uje pevnost \u00fachopu, sni\u017euje \u00fanavu rukou p\u0159i dlouh\u00fdch j\u00edzd\u00e1ch a zvy\u0161uje odolnost p\u0159i pou\u017e\u00edv\u00e1n\u00ed p\u0159i velk\u00fdch n\u00e1razech.<\/p>\n<p class=\"\" data-start=\"2314\" data-end=\"2502\">???? <strong data-start=\"2317\" data-end=\"2369\">Elastick\u00e1 \u010d\u00e1st z\u00e1p\u011bst\u00ed + nastaviteln\u00fd uzav\u00edrac\u00ed popruh<\/strong>:<br data-start=\"2370\" data-end=\"2373\" \/>Zaji\u0161\u0165uje bezpe\u010dn\u00e9 a t\u011bsn\u00e9 uchycen\u00ed, kter\u00e9 zabra\u0148uje prokluzov\u00e1n\u00ed nebo kroucen\u00ed b\u011bhem j\u00edzdy. Snadn\u00e9 nasazov\u00e1n\u00ed a sund\u00e1v\u00e1n\u00ed bez nutnosti sund\u00e1vat druhou rukavici.<\/p>\n<p class=\"\" data-start=\"2504\" data-end=\"2669\">???? <strong data-start=\"2507\" data-end=\"2531\">M\u011bkk\u00e1 vnit\u0159n\u00ed pod\u0161\u00edvka<\/strong>:<br data-start=\"2532\" data-end=\"2535\" \/>Lehk\u00e9 vnit\u0159n\u00ed polstrov\u00e1n\u00ed zvy\u0161uje pohodl\u00ed p\u0159i del\u0161\u00edm no\u0161en\u00ed, ani\u017e by byla sn\u00ed\u017eena citlivost ovl\u00e1d\u00e1n\u00ed. Absorbuje vlhkost a udr\u017euje ruce v suchu.<\/p>\n<p class=\"\" data-start=\"2671\" data-end=\"2856\">???? <strong data-start=\"2674\" data-end=\"2701\">Prody\u0161n\u00fd a pru\u017en\u00fd<\/strong>:<br data-start=\"2702\" data-end=\"2705\" \/>Chytr\u00e1 ventilace umo\u017e\u0148uje rukavic\u00edm d\u00fdchat, \u010d\u00edm\u017e zabra\u0148uje p\u0159eh\u0159\u00e1t\u00ed p\u0159i teplej\u0161\u00edch j\u00edzd\u00e1ch, ani\u017e by byla ob\u011btov\u00e1na ochrana proti v\u011btru v chladn\u011bj\u0161\u00edch m\u011bs\u00edc\u00edch.<\/p>\n<p class=\"\" data-start=\"2858\" data-end=\"3053\">???? <strong data-start=\"2861\" data-end=\"2894\">Estetika taktick\u00e9ho streetov\u00e9ho oble\u010den\u00ed<\/strong>:<br data-start=\"2895\" data-end=\"2898\" \/>Matn\u011b \u010dern\u00e1 povrchov\u00e1 \u00faprava se zlat\u00fdm n\u00e1pisem Ryinz zaru\u010duje, \u017ee tyto rukavice dopln\u00ed streetov\u00e9 oble\u010den\u00ed, taktickou v\u00fdstroj i pr\u00e9miov\u00e9 motork\u00e1\u0159sk\u00e9 oble\u010den\u00ed. Elegantn\u00ed a z\u00e1rove\u0148 agresivn\u00ed.<\/p>\n<p class=\"\" data-start=\"3055\" data-end=\"3246\">???? <strong data-start=\"3058\" data-end=\"3101\">Vlastn\u00ed zna\u010dka a priv\u00e1tn\u00ed zna\u010dka<\/strong>:<br data-start=\"3102\" data-end=\"3105\" \/>Nab\u00eddn\u011bte sv\u00e9 vlastn\u00ed logo nebo identitu zna\u010dky pomoc\u00ed mo\u017enost\u00ed, jako je s\u00edtotisk, gumov\u00e9 n\u00e1\u0161ivky nebo ra\u017eba. Ide\u00e1ln\u00ed pro zna\u010dky, kluby a ud\u00e1losti.<\/p>\n<p class=\"\" data-start=\"3248\" data-end=\"3429\">???? <strong data-start=\"3251\" data-end=\"3297\">N\u00edzk\u00e9 minim\u00e1ln\u00ed objedn\u00e1vky + hromadn\u00e9 slevy<\/strong>:<br data-start=\"3298\" data-end=\"3301\" \/>K dispozici pro velkoobchodn\u00ed distribuci a maloobchodn\u00ed skladov\u00e1n\u00ed. Hromadn\u00e9 objedn\u00e1vky rychle zas\u00edl\u00e1me po cel\u00e9 Evrop\u011b, USA, St\u0159edn\u00edm v\u00fdchod\u011b a Asii.<\/p>\n<hr class=\"\" data-start=\"3431\" data-end=\"3434\" \/>\n<h1 class=\"\" data-start=\"3436\" data-end=\"3474\">???? <strong data-start=\"3441\" data-end=\"3474\">Aplikace a ide\u00e1ln\u00ed kupuj\u00edc\u00ed<\/strong><\/h1>\n<p class=\"\" data-start=\"3476\" data-end=\"4044\">\u2705 <strong data-start=\"3478\" data-end=\"3495\">Pouli\u010dn\u00ed cyklist\u00e9<\/strong> - Doj\u00ed\u017ed\u011bj\u00edc\u00ed do m\u011bst a m\u011bst\u0161t\u00ed cyklist\u00e9<br data-start=\"3529\" data-end=\"3532\" \/>\u2705 <strong data-start=\"3534\" data-end=\"3554\">Dobrodru\u017en\u00ed jezdci<\/strong> - D\u00e1lkov\u00e1 j\u00edzda na motocyklu<br data-start=\"3589\" data-end=\"3592\" \/>\u2705 <strong data-start=\"3594\" data-end=\"3612\">Taktick\u00e9 jednotky<\/strong> - Vojenstv\u00ed, bezpe\u010dnost a prosazov\u00e1n\u00ed pr\u00e1va<br data-start=\"3650\" data-end=\"3653\" \/>\u2705 <strong data-start=\"3655\" data-end=\"3675\">Jezdci na elektrosk\u00fatrech<\/strong> - Denn\u00ed u\u017eivatel\u00e9 m\u011bstsk\u00e9 dopravy<br data-start=\"3709\" data-end=\"3712\" \/>\u2705 <strong data-start=\"3714\" data-end=\"3743\">Streetwear m\u00f3dn\u00ed zna\u010dky<\/strong> - P\u0159id\u00e1v\u00e1n\u00ed rukavic do sb\u00edrek<br data-start=\"3774\" data-end=\"3777\" \/>\u2705 <strong data-start=\"3779\" data-end=\"3811\">Priv\u00e1tn\u00ed zna\u010dky a zna\u010dky OEM<\/strong> - Uveden\u00ed na trh nebo roz\u0161\u00ed\u0159en\u00ed sortimentu<br data-start=\"3844\" data-end=\"3847\" \/>\u2705 <strong data-start=\"3849\" data-end=\"3874\">Obchody s motocyklov\u00fdm vybaven\u00edm<\/strong> - Roz\u0161\u00ed\u0159en\u00ed nab\u00eddky pr\u00e9miov\u00e9 v\u00fdbavy<br data-start=\"3905\" data-end=\"3908\" \/>\u2705 <strong data-start=\"3910\" data-end=\"3932\">Prodejci e-commerce<\/strong> - P\u0159id\u00e1n\u00ed luxusn\u00edch rukavic do online obchod\u016f<br data-start=\"3969\" data-end=\"3972\" \/>\u2705 <strong data-start=\"3974\" data-end=\"4002\">Outdoor Adventure Stores<\/strong> - Prodej pro dobrodruhy a cestovatele<\/p>\n<hr class=\"\" data-start=\"4046\" data-end=\"4049\" \/>\n<h1 class=\"\" data-start=\"4051\" data-end=\"4082\">???? <strong data-start=\"4056\" data-end=\"4082\">Specifikace produktu<\/strong><\/h1>\n<p class=\"\" data-start=\"4084\" data-end=\"4588\">- <strong data-start=\"4086\" data-end=\"4098\">Materi\u00e1l<\/strong>: 100% celoko\u017een\u00e1 \u010dern\u00e1 k\u016f\u017ee<br data-start=\"4129\" data-end=\"4132\" \/>- <strong data-start=\"4134\" data-end=\"4150\">Vnit\u0159n\u00ed oblo\u017een\u00ed<\/strong>: M\u011bkk\u00e1 komfortn\u00ed s\u00ed\u0165ovina + lehk\u00e9 polstrov\u00e1n\u00ed<br data-start=\"4185\" data-end=\"4188\" \/>- <strong data-start=\"4190\" data-end=\"4199\">Barva<\/strong>: \u010cern\u00e1 k\u016f\u017ee se zlat\u00fdm logem Ryinz<br data-start=\"4237\" data-end=\"4240\" \/>- <strong data-start=\"4242\" data-end=\"4251\">Velikosti<\/strong>: S, M, L, XL, XXL (k dispozici jsou vlastn\u00ed velikosti)<br data-start=\"4295\" data-end=\"4298\" \/>- <strong data-start=\"4300\" data-end=\"4322\">Odolnost proti pov\u011btrnostn\u00edm vliv\u016fm<\/strong>: V\u011btruodolnost, odolnost proti de\u0161ti, ochrana proti chladu<br data-start=\"4366\" data-end=\"4369\" \/>- <strong data-start=\"4371\" data-end=\"4393\">Zes\u00edlen\u00ed \u00fachopu<\/strong>: Polstrovan\u00e9 \u010d\u00e1sti dlan\u00ed pro protiskluzov\u00e9 ovl\u00e1d\u00e1n\u00ed<br data-start=\"4437\" data-end=\"4440\" \/>- <strong data-start=\"4442\" data-end=\"4460\">Syst\u00e9m uzav\u00edr\u00e1n\u00ed<\/strong>: Elastick\u00fd p\u00e1sek na z\u00e1p\u011bst\u00ed + nastaviteln\u00fd p\u00e1sek na such\u00fd zip<br data-start=\"4506\" data-end=\"4509\" \/>- <strong data-start=\"4511\" data-end=\"4531\">Mo\u017enosti zna\u010den\u00ed<\/strong>: Soukrom\u00e1 zna\u010dka, tisk loga na zak\u00e1zku, dostupn\u00e1 slu\u017eba OEM<\/p>\n<hr class=\"\" data-start=\"4590\" data-end=\"4593\" \/>\n<h1 class=\"\" data-start=\"4595\" data-end=\"4649\">???? <strong data-start=\"4600\" data-end=\"4649\">Velkoobchodn\u00ed slu\u017eby a slu\u017eby priv\u00e1tn\u00edch zna\u010dek spole\u010dnosti Ryinz<\/strong><\/h1>\n<p class=\"\" data-start=\"4651\" data-end=\"4967\">Spole\u010dnost Ryinz jako mezin\u00e1rodn\u00ed dodavatel usnad\u0148uje spole\u010dnostem <strong data-start=\"4731\" data-end=\"4799\">z\u00edskat rukavice pr\u00e9miov\u00e9 kvality p\u0159\u00edmo od odborn\u00fdch v\u00fdrobc\u016f.<\/strong> a z\u00e1rove\u0148 u\u0161et\u0159it \u010das a pen\u00edze.<br data-start=\"4828\" data-end=\"4831\" \/>Poskytujeme kompletn\u00ed <strong data-start=\"4851\" data-end=\"4858\">OEM<\/strong>, <strong data-start=\"4860\" data-end=\"4877\">soukrom\u00e1 zna\u010dka<\/strong>, <strong data-start=\"4879\" data-end=\"4901\">velkov\u00fdroba<\/strong>, a <strong data-start=\"4907\" data-end=\"4933\">slu\u017eby p\u0159izp\u016fsoben\u00ed<\/strong> na adrese <strong data-start=\"4941\" data-end=\"4966\">Evropa, USA a Asie<\/strong>.<\/p>\n<p class=\"\" data-start=\"4969\" data-end=\"5144\">Od n\u00e1vrhu p\u0159es v\u00fdrobu a\u017e po dod\u00e1n\u00ed zaji\u0161\u0165uje spole\u010dnost Ryinz rychlou realizaci, p\u0159\u00edsnou kontrolu kvality a silnou podporu brandingu pro mal\u00e9 firmy i velk\u00e9 zna\u010dky.<\/p>\n<p class=\"\" data-start=\"5146\" data-end=\"5285\">A\u0165 u\u017e jste za\u010d\u00ednaj\u00edc\u00ed m\u00f3dn\u00ed butik, pr\u00e9miov\u00e1 motocyklov\u00e1 zna\u010dka nebo spole\u010dnost zab\u00fdvaj\u00edc\u00ed se taktick\u00fdm z\u00e1sobov\u00e1n\u00edm, <strong data-start=\"5247\" data-end=\"5285\">Spole\u010dnost Ryinz je va\u0161\u00edm partnerem pro \u00fasp\u011bch.<\/strong><\/p>\n<hr class=\"\" data-start=\"5287\" data-end=\"5290\" \/>\n<h1 class=\"\" data-start=\"5292\" data-end=\"5318\">???? <strong data-start=\"5297\" data-end=\"5318\">Pro\u010d si vybrat Ryinz?<\/strong><\/h1>\n<p class=\"\" data-start=\"5320\" data-end=\"5736\">- P\u0159\u00edm\u00e9 ceny v\u00fdrobce - lep\u0161\u00ed mar\u017ee<br data-start=\"5366\" data-end=\"5369\" \/>- Mo\u017enosti vlastn\u00edho loga - vybudujte si identitu zna\u010dky<br data-start=\"5418\" data-end=\"5421\" \/>- Designy vyhovuj\u00edc\u00ed po\u017eadavk\u016fm EU - osloven\u00ed evropsk\u00fdch z\u00e1kazn\u00edk\u016f<br data-start=\"5471\" data-end=\"5474\" \/>- N\u00edzk\u00e9 MOQ - ide\u00e1ln\u00ed pro za\u010d\u00ednaj\u00edc\u00ed a rostouc\u00ed zna\u010dky<br data-start=\"5525\" data-end=\"5528\" \/>- Rychl\u00e1 glob\u00e1ln\u00ed p\u0159eprava - doru\u010den\u00ed od dve\u0159\u00ed ke dve\u0159\u00edm<br data-start=\"5574\" data-end=\"5577\" \/>- Vyhrazen\u00ed mana\u017ee\u0159i - individu\u00e1ln\u00ed slu\u017eby<br data-start=\"5628\" data-end=\"5631\" \/>- Dostupn\u00e9 hromadn\u00e9 slevy - snadn\u00e9 roz\u0161\u00ed\u0159en\u00ed prodeje<br data-start=\"5683\" data-end=\"5686\" \/>- D\u016fv\u011bra v\u00edce ne\u017e 100 zna\u010dek v Evrop\u011b a Americe<\/p>","protected":false},"excerpt":{"rendered":"<p class=\"\" data-start=\"2477\" data-end=\"2668\">???? <strong data-start=\"2480\" data-end=\"2518\">Pr\u00e9miov\u00e1 \u010dern\u00e1 ko\u017een\u00e1 konstrukce<\/strong>: Vyrobeno z prav\u00e9 k\u016f\u017ee pro bezkonkuren\u010dn\u00ed odolnost, flexibilitu a styl. Ide\u00e1ln\u00ed do ka\u017ed\u00e9ho po\u010das\u00ed v\u010detn\u011b chladn\u00fdch j\u00edzd a de\u0161tiv\u00fdch dn\u016f.<\/p>\n<p class=\"\" data-start=\"2670\" data-end=\"2835\">???? <strong data-start=\"2673\" data-end=\"2701\">Interi\u00e9r pro celodenn\u00ed pohodl\u00ed<\/strong>: M\u011bkk\u00e1 vnit\u0159n\u00ed pod\u0161\u00edvka poskytuje teplo a pohodl\u00ed, ani\u017e by byla ob\u011btov\u00e1na obratnost. Udr\u017euje ruce uvoln\u011bn\u00e9 a bez \u00fanavy b\u011bhem dlouh\u00fdch j\u00edzd.<\/p>\n<p class=\"\" data-start=\"2837\" data-end=\"3000\">???? <strong data-start=\"2840\" data-end=\"2875\">Ochrana proti pov\u011btrnostn\u00edm vliv\u016fm a od\u011bru<\/strong>: Odolnost v\u016f\u010di v\u011btru, chladu a ne\u010distot\u00e1m na silnici. Poskytuje spolehlivou ochranu rukou p\u0159ed ka\u017edodenn\u00edm opot\u0159eben\u00edm a ne\u010dekan\u00fdmi nehodami.<\/p>\n<p class=\"\" data-start=\"3002\" data-end=\"3153\">???? <strong data-start=\"3005\" data-end=\"3037\">Ergonomick\u00fd design pro cel\u00e9 prsty<\/strong>: Pe\u010dliv\u011b navr\u017een\u00e9 k\u0159ivky prst\u016f zaji\u0161\u0165uj\u00ed vynikaj\u00edc\u00ed kontrolu nad \u0159\u00edd\u00edtky, brzdami a spojkami bez ztuhnut\u00ed.<\/p>\n<p class=\"\" data-start=\"3155\" data-end=\"3312\">???? <strong data-start=\"3158\" data-end=\"3182\">Zes\u00edlen\u00e1 oblast dlan\u00ed<\/strong>: P\u0159idan\u00e9 ochrann\u00e9 z\u00f3ny zlep\u0161uj\u00ed \u00fachop a chr\u00e1n\u00ed dlan\u011b p\u0159i p\u00e1du nebo n\u00e1hl\u00e9m zastaven\u00ed. Udr\u017euje vynikaj\u00edc\u00ed t\u0159en\u00ed pro bezpe\u010dn\u00e9 ovl\u00e1d\u00e1n\u00ed.<\/p>\n<p class=\"\" data-start=\"3314\" data-end=\"3478\">???? <strong data-start=\"3317\" data-end=\"3357\">Elastick\u00e1 man\u017eeta s nastaviteln\u00fdm uz\u00e1v\u011brem<\/strong>: Nastaven\u00ed z\u00e1p\u011bst\u00ed na m\u00edru zabra\u0148uje sklouz\u00e1v\u00e1n\u00ed a br\u00e1n\u00ed pronik\u00e1n\u00ed studen\u00e9ho vzduchu. Snadn\u00e9 nasazov\u00e1n\u00ed a sund\u00e1v\u00e1n\u00ed i jednou rukou.<\/p>\n<p class=\"\" data-start=\"3480\" data-end=\"3634\">???? <strong data-start=\"3483\" data-end=\"3524\">Mo\u017enosti soukrom\u00e9 zna\u010dky a vlastn\u00edho loga<\/strong>: K dispozici je s\u00edtotisk, ra\u017eba, gumov\u00e9 odznaky a v\u00fd\u0161ivka - ide\u00e1ln\u00ed pro budov\u00e1n\u00ed vlastn\u00ed zna\u010dky.<\/p>\n<p class=\"\" data-start=\"3636\" data-end=\"3799\">???? <strong data-start=\"3639\" data-end=\"3673\">Inspirace evropsk\u00fdm pouli\u010dn\u00edm stylem<\/strong>: Minimalistick\u00fd elegantn\u00ed vzhled s taktickou funk\u010dnost\u00ed - hod\u00ed se ke ka\u017ed\u00e9mu typu jezdeck\u00e9ho oble\u010den\u00ed od ko\u017een\u00fdch bund po m\u011bstsk\u00e9 oble\u010den\u00ed.<\/p>\n<p class=\"\" data-start=\"3801\" data-end=\"3935\">???? <strong data-start=\"3804\" data-end=\"3828\">\u0160irok\u00e9 pou\u017eit\u00ed<\/strong>: Ide\u00e1ln\u00ed pro j\u00edzdu na kole v ulic\u00edch, zimn\u00ed vyj\u00ed\u017e\u010fky, doj\u00ed\u017ed\u011bn\u00ed do m\u011bsta, dobrodru\u017enou j\u00edzdu, turistiku a taktick\u00fd tr\u00e9nink.<\/p>\n<p class=\"\" data-start=\"3937\" data-end=\"4133\">???? <strong data-start=\"3940\" data-end=\"3973\">Velkoobchod a maloobchod<\/strong>: N\u00edzk\u00e9 MOQ, rychl\u00e1 v\u00fdroba a spolehliv\u00e1 p\u0159eprava po EU, USA a asijsk\u00fdch trz\u00edch. Vynikaj\u00edc\u00ed pro e-shopy, obchody s motocyklov\u00fdm vybaven\u00edm a soukrom\u00e9 zna\u010dky.<\/p>","protected":false},"featured_media":9040,"comment_status":"closed","ping_status":"closed","template":"","meta":[],"product_brand":[35],"product_cat":[152],"product_tag":[139,159,160,161,162],"class_list":{"0":"post-8988","1":"product","2":"type-product","3":"status-publish","4":"has-post-thumbnail","6":"product_brand-ryinz","7":"product_cat-street-bike-gloves","8":"product_tag-all-weather-motorcycle-gloves","9":"product_tag-customizable-street-bike-gloves","10":"product_tag-fleece-lined-bike-gloves","11":"product_tag-leather-gloves-for-bikers","12":"product_tag-waterproof-street-bike-gloves","14":"first","15":"instock","16":"taxable","17":"shipping-taxable","18":"purchasable","19":"product-type-simple"},"_links":{"self":[{"href":"https:\/\/ryinz.cz\/velkoobchod\/cs\/wp-json\/wp\/v2\/product\/8988","targetHints":{"allow":["GET"]}}],"collection":[{"href":"https:\/\/ryinz.cz\/velkoobchod\/cs\/wp-json\/wp\/v2\/product"}],"about":[{"href":"https:\/\/ryinz.cz\/velkoobchod\/cs\/wp-json\/wp\/v2\/types\/product"}],"replies":[{"embeddable":true,"href":"https:\/\/ryinz.cz\/velkoobchod\/cs\/wp-json\/wp\/v2\/comments?post=8988"}],"wp:featuredmedia":[{"embeddable":true,"href":"https:\/\/ryinz.cz\/velkoobchod\/cs\/wp-json\/wp\/v2\/media\/9040"}],"wp:attachment":[{"href":"https:\/\/ryinz.cz\/velkoobchod\/cs\/wp-json\/wp\/v2\/media?parent=8988"}],"wp:term":[{"taxonomy":"product_brand","embeddable":true,"href":"https:\/\/ryinz.cz\/velkoobchod\/cs\/wp-json\/wp\/v2\/product_brand?post=8988"},{"taxonomy":"product_cat","embeddable":true,"href":"https:\/\/ryinz.cz\/velkoobchod\/cs\/wp-json\/wp\/v2\/product_cat?post=8988"},{"taxonomy":"product_tag","embeddable":true,"href":"https:\/\/ryinz.cz\/velkoobchod\/cs\/wp-json\/wp\/v2\/product_tag?post=8988"}],"curies":[{"name":"wp","href":"https:\/\/api.w.org\/{rel}","templated":true}]}}