{"id":8979,"date":"2025-06-22T15:24:11","date_gmt":"2025-06-22T15:24:11","guid":{"rendered":"https:\/\/ryinz.cz\/velkoobchod\/?post_type=product&#038;p=8979"},"modified":"2026-01-18T20:17:13","modified_gmt":"2026-01-18T20:17:13","slug":"ryinz-premiove-cerne-kozene-rukavice-na-motorku-zebrovany-flex-design-motorkarske-rukavice-pro-jizdu-na-ulici-a-dobrodruzstvi-velkoobchodni-zakazkove-znaceni-k-dispozici","status":"publish","type":"product","link":"https:\/\/ryinz.cz\/velkoobchod\/cs\/product\/ryinz-premium-black-leather-motorcycle-gloves-ribbed-flex-design-biker-street-and-adventure-riding-gloves-wholesale-custom-branding-available\/","title":{"rendered":"Ryinz Premium Black Leather Motorcycle Gloves | Ribbed Flex Design | Biker, Street, and Adventure Riding Gloves - Wholesale &amp; Custom Branding Available"},"content":{"rendered":"<p class=\"\" data-start=\"424\" data-end=\"625\">Na adrese <strong data-start=\"427\" data-end=\"436\">Ryinz<\/strong>, propojujeme mezin\u00e1rodn\u00ed n\u00e1kup\u010d\u00ed, zna\u010dky s vysok\u00fdm potenci\u00e1lem a \u0161pi\u010dkov\u00e9 v\u00fdrobce v Evrop\u011b, USA a Asii.<br data-start=\"545\" data-end=\"548\" \/>Na\u0161e posl\u00e1n\u00ed je jednoduch\u00e9, ale siln\u00e9: <strong data-start=\"584\" data-end=\"625\">Otev\u00edr\u00e1me dve\u0159e, abyste mohli uzav\u00edrat prodeje.<\/strong><\/p>\n<p class=\"\" data-start=\"627\" data-end=\"971\">P\u0159edstaven\u00ed <strong data-start=\"643\" data-end=\"692\">\u010cern\u00e9 ko\u017een\u00e9 rukavice na motorku Ryinz Premium<\/strong> - odv\u00e1\u017en\u00e1 kombinace <strong data-start=\"717\" data-end=\"793\">luxusn\u00ed estetika, taktick\u00e1 flexibilita a vynikaj\u00edc\u00ed j\u00edzdn\u00ed vlastnosti.<\/strong>. Tyto rukavice jsou ur\u010deny pro modern\u00ed jezdce, m\u011bstsk\u00e9 dobrodruhy, taktick\u00e9 odd\u00edly a cyklisty, kte\u0159\u00ed dbaj\u00ed na styl. <strong data-start=\"907\" data-end=\"970\">pln\u00e1 ochrana, prvot\u0159\u00eddn\u00ed pohodl\u00ed a bezkonkuren\u010dn\u00ed odolnost<\/strong>.<\/p>\n<p class=\"\" data-start=\"973\" data-end=\"1346\">Vyrobeno z vysoce kvalitn\u00edch <strong data-start=\"997\" data-end=\"1022\">prav\u00e1 \u010dern\u00e1 k\u016f\u017ee<\/strong>, tyto rukavice maj\u00ed jedine\u010dn\u00fd <strong data-start=\"1054\" data-end=\"1076\">\u017eebrovan\u00e1 konstrukce flex<\/strong> p\u0159es klouby pro v\u011bt\u0161\u00ed volnost pohybu, vynikaj\u00edc\u00ed tlumen\u00ed n\u00e1raz\u016f a futuristick\u00fd motork\u00e1\u0159sk\u00fd styl.<br data-start=\"1188\" data-end=\"1191\" \/>A\u0165 u\u017e jezd\u00edte po m\u011bstsk\u00fdch ulic\u00edch, z\u00e1vod\u00edte na d\u00e1lnic\u00edch, nebo se vyd\u00e1v\u00e1te na dlouh\u00e9 motocyklov\u00e9 v\u00fdlety, rukavice Ryinz udr\u017e\u00ed va\u0161e ruce v bezpe\u010d\u00ed, jistot\u011b a stylu.<\/p>\n<p class=\"\" data-start=\"1348\" data-end=\"1566\">Ide\u00e1ln\u00ed pro <strong data-start=\"1358\" data-end=\"1375\">soukrom\u00e1 zna\u010dka<\/strong>, <strong data-start=\"1377\" data-end=\"1395\">V\u00fdroba OEM<\/strong>, a <strong data-start=\"1401\" data-end=\"1427\">velkoobchodn\u00ed distribuce<\/strong> v Evrop\u011b, USA, na Bl\u00edzk\u00e9m v\u00fdchod\u011b a v Asii, Ryinz nab\u00edz\u00ed <strong data-start=\"1484\" data-end=\"1508\">tisk loga na zak\u00e1zku<\/strong>, <strong data-start=\"1510\" data-end=\"1532\">rychl\u00e1 v\u00fdroba<\/strong>, a <strong data-start=\"1538\" data-end=\"1565\">slu\u017eby p\u0159\u00e1telsk\u00e9 ke zna\u010dce<\/strong>.<\/p>\n<hr class=\"\" data-start=\"1568\" data-end=\"1571\" \/>\n<h1 class=\"\" data-start=\"1573\" data-end=\"1607\">???? <strong data-start=\"1578\" data-end=\"1607\">Kl\u00ed\u010dov\u00e9 vlastnosti a v\u00fdhody<\/strong><\/h1>\n<p class=\"\" data-start=\"1609\" data-end=\"1766\">???? <strong data-start=\"1612\" data-end=\"1652\">Pr\u00e9miov\u00e1 konstrukce z prav\u00e9 k\u016f\u017ee<\/strong>:<br data-start=\"1653\" data-end=\"1656\" \/>Prvot\u0159\u00eddn\u00ed celoko\u017een\u00e1 k\u016f\u017ee poskytuje p\u0159irozenou trvanlivost, odolnost proti od\u011bru a elegantn\u00ed, profesion\u00e1ln\u00ed vzhled.<\/p>\n<p class=\"\" data-start=\"1768\" data-end=\"1965\">???? <strong data-start=\"1771\" data-end=\"1811\">Podpisov\u00fd \u017eebrovan\u00fd design kloub\u016f Flex Knuckle<\/strong>:<br data-start=\"1812\" data-end=\"1815\" \/>Speci\u00e1ln\u011b navr\u017een\u00e9 horizont\u00e1ln\u00ed \u017eebrov\u00e1n\u00ed nap\u0159\u00ed\u010d klouby umo\u017e\u0148uje p\u0159irozen\u00fd pohyb ruky, vynikaj\u00edc\u00ed pru\u017enost a maxim\u00e1ln\u00ed pohodl\u00ed p\u0159i dlouh\u00fdch j\u00edzd\u00e1ch.<\/p>\n<p class=\"\" data-start=\"1967\" data-end=\"2105\">???? <strong data-start=\"1970\" data-end=\"1996\">Ochrana cel\u00fdch prst\u016f<\/strong>:<br data-start=\"1997\" data-end=\"2000\" \/>Komplexn\u00ed kryt\u00ed chr\u00e1n\u00ed prsty a klouby p\u0159ed v\u011btrem, \u00falomky, od\u0159eninami a ne\u010dekan\u00fdmi n\u00e1razy.<\/p>\n<p class=\"\" data-start=\"2107\" data-end=\"2263\">???? <strong data-start=\"2110\" data-end=\"2136\">Z\u00f3ny tlumen\u00ed n\u00e1raz\u016f<\/strong>:<br data-start=\"2137\" data-end=\"2140\" \/>Integrovan\u00e9 polstrov\u00e1n\u00ed v \u017eebrovan\u00fdch \u010d\u00e1stech tlum\u00ed ruce proti vibrac\u00edm a n\u00e1raz\u016fm na silnici, tak\u017ee j\u00edzda je del\u0161\u00ed a plynulej\u0161\u00ed.<\/p>\n<p class=\"\" data-start=\"2265\" data-end=\"2444\">???? <strong data-start=\"2268\" data-end=\"2298\">Ergonomick\u00e9 vylep\u0161en\u00ed \u00fachopu<\/strong>:<br data-start=\"2299\" data-end=\"2302\" \/>P\u0159esn\u00e9 uchycen\u00ed zlep\u0161uje ovl\u00e1d\u00e1n\u00ed \u0159\u00edd\u00edtek a zaji\u0161\u0165uje bezpe\u010dn\u00e9 brzd\u011bn\u00ed, ovl\u00e1d\u00e1n\u00ed plynu a spojky i p\u0159i del\u0161\u00edch cest\u00e1ch.<\/p>\n<p class=\"\" data-start=\"2446\" data-end=\"2581\">???? <strong data-start=\"2449\" data-end=\"2478\">M\u011bkk\u00e1 vnit\u0159n\u00ed pod\u0161\u00edvka Soft Comfort<\/strong>:<br data-start=\"2479\" data-end=\"2482\" \/>Prody\u0161n\u00e1 pod\u0161\u00edvka udr\u017euje ruce v suchu, bez potu a v pohodl\u00ed bez ohledu na intenzitu j\u00edzdy.<\/p>\n<p class=\"\" data-start=\"2583\" data-end=\"2737\">???? <strong data-start=\"2586\" data-end=\"2611\">Exteri\u00e9r odoln\u00fd proti pov\u011btrnostn\u00edm vliv\u016fm<\/strong>:<br data-start=\"2612\" data-end=\"2615\" \/>Vodoodpudiv\u00e1 ko\u017een\u00e1 \u00faprava pom\u00e1h\u00e1 odol\u00e1vat m\u00edrn\u00e9mu de\u0161ti a br\u00e1n\u00ed studen\u00e9mu v\u011btru, tak\u017ee jsou tyto rukavice ide\u00e1ln\u00ed pro celoro\u010dn\u00ed pou\u017eit\u00ed.<\/p>\n<p class=\"\" data-start=\"2739\" data-end=\"2904\">???? <strong data-start=\"2742\" data-end=\"2789\">Bezpe\u010dn\u00e9 elastick\u00e9 z\u00e1p\u011bst\u00ed se skryt\u00fdm uz\u00e1v\u011brem<\/strong>:<br data-start=\"2790\" data-end=\"2793\" \/>Poskytuje \u010dist\u00fd, minimalistick\u00fd vzhled a z\u00e1rove\u0148 zaji\u0161\u0165uje, \u017ee rukavice z\u016fstanou pevn\u011b na sv\u00e9m m\u00edst\u011b i p\u0159i j\u00edzd\u011b vysokou rychlost\u00ed.<\/p>\n<p class=\"\" data-start=\"2906\" data-end=\"3137\">???? <strong data-start=\"2909\" data-end=\"2950\">Mo\u017enost vlastn\u00edho loga a priv\u00e1tn\u00ed zna\u010dky<\/strong>:<br data-start=\"2951\" data-end=\"2954\" \/>P\u0159izp\u016fsobte si rukavice logem sv\u00e9 zna\u010dky pomoc\u00ed v\u00fd\u0161ivky, ra\u017eby nebo techniky gumov\u00fdch odznak\u016f. Ide\u00e1ln\u00ed pro zna\u010dky motocyklov\u00e9ho vybaven\u00ed, prodejce e-shop\u016f a spole\u010dnosti zab\u00fdvaj\u00edc\u00ed se taktick\u00fdm z\u00e1sobov\u00e1n\u00edm.<\/p>\n<p class=\"\" data-start=\"3139\" data-end=\"3282\">???? <strong data-start=\"3142\" data-end=\"3180\">N\u00edzk\u00e9 minim\u00e1ln\u00ed objednac\u00ed mno\u017estv\u00ed (MOQ)<\/strong>:<br data-start=\"3181\" data-end=\"3184\" \/>Za\u010dn\u011bte v mal\u00e9m a rychle roz\u0161i\u0159ujte. Ide\u00e1ln\u00ed pro butikov\u00e9 zna\u010dky, nov\u00e9 firmy nebo rostouc\u00ed produktov\u00e9 \u0159ady.<\/p>\n<p class=\"\" data-start=\"3284\" data-end=\"3432\">???? <strong data-start=\"3287\" data-end=\"3330\">Rychl\u00e9 dod\u00e1n\u00ed po cel\u00e9 Evrop\u011b a Americe<\/strong>:<br data-start=\"3331\" data-end=\"3334\" \/>K dispozici jsou sklady a logistick\u00e1 podpora pro rychlou realizaci a p\u0159\u00edmou dopravu.<\/p>\n<hr class=\"\" data-start=\"3434\" data-end=\"3437\" \/>\n<h1 class=\"\" data-start=\"3439\" data-end=\"3477\">???? <strong data-start=\"3444\" data-end=\"3477\">Aplikace a ide\u00e1ln\u00ed kupuj\u00edc\u00ed<\/strong><\/h1>\n<p class=\"\" data-start=\"3479\" data-end=\"4009\">\u2705 <strong data-start=\"3481\" data-end=\"3502\">Jezdci na motocyklech<\/strong> - Pouli\u010dn\u00ed motork\u00e1\u0159i, cestovn\u00ed jezdci, cafe racers<br data-start=\"3547\" data-end=\"3550\" \/>\u2705 <strong data-start=\"3552\" data-end=\"3572\">Dobrodru\u017en\u00ed jezdci<\/strong> - D\u00e1lkov\u00ed pr\u016fzkumn\u00edci, cestovatel\u00e9 po sou\u0161i<br data-start=\"3611\" data-end=\"3614\" \/>\u2705 <strong data-start=\"3616\" data-end=\"3646\">Doj\u00ed\u017ed\u011bn\u00ed na sk\u00fatrech a elektrokolech<\/strong> - M\u011bstsk\u00e1 doprava a denn\u00ed jezdci<br data-start=\"3680\" data-end=\"3683\" \/>\u2705 <strong data-start=\"3685\" data-end=\"3707\">Obchody s outdoorov\u00fdm vybaven\u00edm<\/strong> - Dobrodru\u017en\u00e9 sporty a taktick\u00e9 obchody<br data-start=\"3746\" data-end=\"3749\" \/>\u2705 <strong data-start=\"3751\" data-end=\"3772\">Zna\u010dky streetwear<\/strong> - M\u011bstsk\u00e9 m\u00f3dn\u00ed zna\u010dky, kter\u00e9 pot\u0159ebuj\u00ed dopl\u0148ky<br data-start=\"3815\" data-end=\"3818\" \/>\u2705 <strong data-start=\"3820\" data-end=\"3846\">Startupy se soukromou zna\u010dkou<\/strong> - Spu\u0161t\u011bn\u00ed vlastn\u00ed \u0159ady rukavic<br data-start=\"3875\" data-end=\"3878\" \/>\u2705 <strong data-start=\"3880\" data-end=\"3909\">Maloobchodn\u00edci a velkoobchodn\u00edci<\/strong> - Rychl\u00e9 roz\u0161\u00ed\u0159en\u00ed katalogu produkt\u016f<br data-start=\"3942\" data-end=\"3945\" \/>\u2705 <strong data-start=\"3947\" data-end=\"3979\">Motoristick\u00e9 v\u00fdstavy a akce pro motork\u00e1\u0159e<\/strong> - Zbo\u017e\u00ed a d\u00e1rky<\/p>\n<hr class=\"\" data-start=\"4011\" data-end=\"4014\" \/>\n<h1 class=\"\" data-start=\"4016\" data-end=\"4047\">???? <strong data-start=\"4021\" data-end=\"4047\">Specifikace produktu<\/strong><\/h1>\n<p class=\"\" data-start=\"4049\" data-end=\"4479\">- <strong data-start=\"4051\" data-end=\"4063\">Materi\u00e1l<\/strong>: Pr\u00e9miov\u00e1 celoko\u017een\u00e1 \u010dern\u00e1 k\u016f\u017ee<br data-start=\"4097\" data-end=\"4100\" \/>- <strong data-start=\"4102\" data-end=\"4112\">Design<\/strong>: \u017debrovan\u00e9 panely Knuckle Flex + minimalistick\u00e9 t\u011blo<br data-start=\"4158\" data-end=\"4161\" \/>- <strong data-start=\"4163\" data-end=\"4172\">Barva<\/strong>: \u010cern\u00e1 (vlastn\u00ed barvy jsou k dispozici ve velk\u00e9m mno\u017estv\u00ed)<br data-start=\"4214\" data-end=\"4217\" \/>- <strong data-start=\"4219\" data-end=\"4228\">Velikosti<\/strong>: S, M, L, XL, XXL<br data-start=\"4246\" data-end=\"4249\" \/>- <strong data-start=\"4251\" data-end=\"4273\">Odolnost proti pov\u011btrnostn\u00edm vliv\u016fm<\/strong>: V\u011btruodoln\u00e1 + vod\u011bodoln\u00e1 k\u016f\u017ee<br data-start=\"4310\" data-end=\"4313\" \/>- <strong data-start=\"4315\" data-end=\"4331\">Vnit\u0159n\u00ed oblo\u017een\u00ed<\/strong>: Prody\u0161n\u00e1 m\u011bkk\u00e1 komfortn\u00ed s\u00ed\u0165ovina<br data-start=\"4361\" data-end=\"4364\" \/>- <strong data-start=\"4366\" data-end=\"4382\">Z\u00e1p\u011bstn\u00ed syst\u00e9m<\/strong>: Pru\u017en\u00fd st\u0159ih + skryt\u00e9 uzav\u0159en\u00ed<br data-start=\"4415\" data-end=\"4418\" \/>- <strong data-start=\"4420\" data-end=\"4432\">Branding<\/strong>: Mo\u017enost p\u0159izp\u016fsoben\u00ed pomoc\u00ed loga, n\u00e1\u0161ivek, ra\u017eby<\/p>\n<hr class=\"\" data-start=\"4481\" data-end=\"4484\" \/>\n<h1 class=\"\" data-start=\"4486\" data-end=\"4536\">???? <strong data-start=\"4491\" data-end=\"4536\">Pro\u010d si vybrat ko\u017een\u00e9 rukavice Ryinz?<\/strong><\/h1>\n<p class=\"\" data-start=\"4538\" data-end=\"4854\">- P\u0159\u00edm\u00e9 tov\u00e1rn\u00ed ceny - lep\u0161\u00ed mar\u017ee pro v\u00e1s<br data-start=\"4587\" data-end=\"4590\" \/>- Znalost evropsk\u00e9ho trhu - n\u00e1vrhy, kter\u00e9 se prod\u00e1vaj\u00ed<br data-start=\"4637\" data-end=\"4640\" \/>- Slu\u017eby OEM, ODM a priv\u00e1tn\u00ed zna\u010dky<br data-start=\"4678\" data-end=\"4681\" \/>- N\u00edzk\u00e9 MOQ - snadn\u00fd vstup pro nov\u00e9 podniky<br data-start=\"4722\" data-end=\"4725\" \/>- Glob\u00e1ln\u00ed p\u0159eprava - Evropa, USA, Asie<br data-start=\"4762\" data-end=\"4765\" \/>- Pln\u00e1 podpora p\u0159izp\u016fsoben\u00ed - barvy, loga, \u0161t\u00edtky<br data-start=\"4817\" data-end=\"4820\" \/>- D\u016fv\u011bra v\u00edce ne\u017e 100 zna\u010dek po cel\u00e9m sv\u011bt\u011b<\/p>","protected":false},"excerpt":{"rendered":"<h1 class=\"\" data-start=\"4486\" data-end=\"4536\"><strong data-start=\"4491\" data-end=\"4536\">Pro\u010d si vybrat ko\u017een\u00e9 rukavice Ryinz?<\/strong><\/h1>\n<p class=\"\" data-start=\"4538\" data-end=\"4854\">- P\u0159\u00edm\u00e9 tov\u00e1rn\u00ed ceny - lep\u0161\u00ed mar\u017ee pro v\u00e1s<br data-start=\"4587\" data-end=\"4590\" \/>- Znalost evropsk\u00e9ho trhu - n\u00e1vrhy, kter\u00e9 se prod\u00e1vaj\u00ed<br data-start=\"4637\" data-end=\"4640\" \/>- Slu\u017eby OEM, ODM a priv\u00e1tn\u00ed zna\u010dky<br data-start=\"4678\" data-end=\"4681\" \/>- N\u00edzk\u00e9 MOQ - snadn\u00fd vstup pro nov\u00e9 podniky<br data-start=\"4722\" data-end=\"4725\" \/>- Glob\u00e1ln\u00ed p\u0159eprava - Evropa, USA, Asie<br data-start=\"4762\" data-end=\"4765\" \/>- Pln\u00e1 podpora p\u0159izp\u016fsoben\u00ed - barvy, loga, \u0161t\u00edtky<br data-start=\"4817\" data-end=\"4820\" \/>- D\u016fv\u011bra v\u00edce ne\u017e 100 zna\u010dek po cel\u00e9m sv\u011bt\u011b<\/p>","protected":false},"featured_media":9039,"comment_status":"closed","ping_status":"closed","template":"","meta":[],"product_brand":[35],"product_cat":[152],"product_tag":[138,139,140,141,142,143,144,145,146,147,148,149,150,151,153,154,155,156,157,158],"class_list":{"0":"post-8979","1":"product","2":"type-product","3":"status-publish","4":"has-post-thumbnail","6":"product_brand-ryinz","7":"product_cat-street-bike-gloves","8":"product_tag-adventure-rider-gloves","9":"product_tag-all-weather-motorcycle-gloves","10":"product_tag-black-motorcycle-gloves","11":"product_tag-city-rider-motorcycle-gloves","12":"product_tag-customizable-street-riding-gloves","13":"product_tag-durable-motorcycle-gloves","14":"product_tag-full-finger-motorbike-gloves","15":"product_tag-genuine-leather-biker-gloves","16":"product_tag-motorbike-touring-gloves","17":"product_tag-premium-street-riding-gloves","18":"product_tag-protective-riding-gloves","19":"product_tag-real-leather-gloves","20":"product_tag-ribbed-leather-biker-gloves","21":"product_tag-ryinz-biker-gloves","22":"product_tag-street-bike-gloves","23":"product_tag-stylish-leather-gloves-europe","24":"product_tag-tactical-leather-gloves","25":"product_tag-waterproof-biker-gloves-wholesale","26":"product_tag-winter-riding-gloves-europe","27":"product_tag-ykk-zipper-gloves","29":"first","30":"instock","31":"taxable","32":"shipping-taxable","33":"purchasable","34":"product-type-simple"},"_links":{"self":[{"href":"https:\/\/ryinz.cz\/velkoobchod\/cs\/wp-json\/wp\/v2\/product\/8979","targetHints":{"allow":["GET"]}}],"collection":[{"href":"https:\/\/ryinz.cz\/velkoobchod\/cs\/wp-json\/wp\/v2\/product"}],"about":[{"href":"https:\/\/ryinz.cz\/velkoobchod\/cs\/wp-json\/wp\/v2\/types\/product"}],"replies":[{"embeddable":true,"href":"https:\/\/ryinz.cz\/velkoobchod\/cs\/wp-json\/wp\/v2\/comments?post=8979"}],"wp:featuredmedia":[{"embeddable":true,"href":"https:\/\/ryinz.cz\/velkoobchod\/cs\/wp-json\/wp\/v2\/media\/9039"}],"wp:attachment":[{"href":"https:\/\/ryinz.cz\/velkoobchod\/cs\/wp-json\/wp\/v2\/media?parent=8979"}],"wp:term":[{"taxonomy":"product_brand","embeddable":true,"href":"https:\/\/ryinz.cz\/velkoobchod\/cs\/wp-json\/wp\/v2\/product_brand?post=8979"},{"taxonomy":"product_cat","embeddable":true,"href":"https:\/\/ryinz.cz\/velkoobchod\/cs\/wp-json\/wp\/v2\/product_cat?post=8979"},{"taxonomy":"product_tag","embeddable":true,"href":"https:\/\/ryinz.cz\/velkoobchod\/cs\/wp-json\/wp\/v2\/product_tag?post=8979"}],"curies":[{"name":"wp","href":"https:\/\/api.w.org\/{rel}","templated":true}]}}