{"id":8978,"date":"2025-08-26T11:48:33","date_gmt":"2025-08-26T11:48:33","guid":{"rendered":"https:\/\/ryinz.cz\/velkoobchod\/?post_type=product&#038;p=8978"},"modified":"2026-01-18T20:17:12","modified_gmt":"2026-01-18T20:17:12","slug":"ryinz-celokozene-zavodni-rukavice-pro-motocykly-dokonala-ochrana-a-precizni-zpracovani","status":"publish","type":"product","link":"https:\/\/ryinz.cz\/velkoobchod\/cs\/product\/ryinz-full-grain-leather-motorbike-racing-gloves-ultimate-protection-meets-precision-engineering\/","title":{"rendered":"Z\u00e1vodn\u00ed rukavice Ryinz z celoko\u017een\u00e9 k\u016f\u017ee - dokonal\u00e1 ochrana se setk\u00e1v\u00e1 s precizn\u00edm zpracov\u00e1n\u00edm"},"content":{"rendered":"<p class=\"\" data-start=\"153\" data-end=\"375\"><strong data-start=\"153\" data-end=\"373\">Ryinz Profesion\u00e1ln\u00ed celoko\u017een\u00e9 z\u00e1vodn\u00ed rukavice pro mu\u017ee a \u017eeny - \u0161pi\u010dkov\u00e9 rukavice pro j\u00edzdu na motocyklu s tvrdou ochranou kloub\u016f, podporou z\u00e1p\u011bst\u00ed a n\u011bkolika barevn\u00fdmi variantami - \u010derven\u00e9, zelen\u00e9, modr\u00e9 a \u010dern\u00e9<\/strong><\/p>\n<p class=\"\" data-start=\"377\" data-end=\"954\">Za\u017eijte dokonalou ochranu, styl a v\u00fdkon s modelem <strong data-start=\"448\" data-end=\"514\">Ryinz Profesion\u00e1ln\u00ed ko\u017een\u00e9 z\u00e1vodn\u00ed rukavice pro motocykly<\/strong>. Tyto rukavice, navr\u017een\u00e9 speci\u00e1ln\u011b pro v\u00e1\u0161niv\u00e9 jezdce a profesion\u00e1ln\u00ed z\u00e1vodn\u00edky, kombinuj\u00ed odolnost, pohodl\u00ed a \u0161pi\u010dkov\u00e9 ochrann\u00e9 prvky. Jsou vyrobeny z vysoce kvalitn\u00ed celoko\u017een\u00e9 k\u016f\u017ee a nab\u00edzej\u00ed vynikaj\u00edc\u00ed odolnost proti od\u011bru p\u0159i zachov\u00e1n\u00ed m\u011bkk\u00e9ho a pohodln\u00e9ho st\u0159ihu. A\u0165 u\u017e se proj\u00ed\u017ed\u00edte po d\u00e1lnici, \u00fa\u010dastn\u00edte se z\u00e1vod\u016f nebo prozkoum\u00e1v\u00e1te drsn\u00fd ter\u00e9n, tyto rukavice poskytuj\u00ed dokonalou rovnov\u00e1hu mezi bezpe\u010dnost\u00ed a stylem.<\/p>\n<p class=\"\" data-start=\"956\" data-end=\"1361\">Rukavice na motorku Ryinz maj\u00ed tyto vlastnosti <strong data-start=\"991\" data-end=\"1025\">n\u00e1razuvzdorn\u00e9 brn\u011bn\u00ed kloub\u016f<\/strong> pro maxim\u00e1ln\u00ed ochranu p\u0159i kolizi nebo nehod\u011b. Ka\u017ed\u00e1 rukavice je pe\u010dliv\u011b vyztu\u017eena tvarovan\u00fdm chr\u00e1ni\u010dem s vysokou hustotou p\u0159es klouby a prsty, kter\u00fd chr\u00e1n\u00ed ruce p\u0159ed n\u00e1razy, \u00falomky z vozovky a od\u0159eninami. Konstrukce zahrnuje tak\u00e9 dodate\u010dn\u00e9 polstrov\u00e1n\u00ed na dlani a prstech pro tlumen\u00ed n\u00e1raz\u016f a minimalizaci zran\u011bn\u00ed.<\/p>\n<p class=\"\" data-start=\"1363\" data-end=\"1812\">Rukavice jsou navr\u017eeny s ohledem na profesion\u00e1ln\u00ed jezdce. Maj\u00ed prodlou\u017eenou man\u017eetu pro ochranu z\u00e1p\u011bst\u00ed s nastaviteln\u00fdm p\u00e1skov\u00fdm uz\u00e1v\u011brem, kter\u00fd zaji\u0161\u0165uje bezpe\u010dn\u00e9 a p\u0159izp\u016fsoben\u00e9 no\u0161en\u00ed. Dlouh\u00e1 man\u017eeta dokonale zakr\u00fdv\u00e1 ruk\u00e1v bundy a zabra\u0148uje vniknut\u00ed v\u011btru nebo ne\u010distot, co\u017e je p\u0159i j\u00edzd\u011b vysokou rychlost\u00ed velmi d\u016fle\u017eit\u00e9. Nastaviteln\u00e9 p\u00e1sky na such\u00fd zip zaji\u0161\u0165uj\u00ed p\u0159il\u00e9hav\u00fd a na m\u00edru \u0161it\u00fd st\u0159ih, kter\u00fd udr\u017e\u00ed rukavice pevn\u011b na sv\u00e9m m\u00edst\u011b i p\u0159i t\u011bch nejintenzivn\u011bj\u0161\u00edch j\u00edzd\u00e1ch.<\/p>\n<p class=\"\" data-start=\"1814\" data-end=\"2197\">Rukavice na motorku Ryinz zaji\u0161\u0165uj\u00ed vynikaj\u00edc\u00ed ventilaci pro lep\u0161\u00ed v\u00fdkon. Strategick\u00e9 perforace v k\u016f\u017ei umo\u017e\u0148uj\u00ed snadn\u00e9 proud\u011bn\u00ed vzduchu a udr\u017euj\u00ed va\u0161e ruce v pohod\u011b a bez pocen\u00ed i v t\u011bch nejteplej\u0161\u00edch dnech. Prody\u0161n\u00e1 konstrukce zaji\u0161\u0165uje optim\u00e1ln\u00ed odvod vlhkosti, tak\u017ee tyto rukavice jsou ide\u00e1ln\u00ed pro d\u00e1lkov\u00e9 cestov\u00e1n\u00ed, letn\u00ed z\u00e1vody nebo celoro\u010dn\u00ed motocyklov\u00e9 dobrodru\u017estv\u00ed.<\/p>\n<p class=\"\" data-start=\"2199\" data-end=\"2522\">K dispozici ve \u010dty\u0159ech v\u00fdrazn\u00fdch barevn\u00fdch variant\u00e1ch - <strong data-start=\"2242\" data-end=\"2304\">klasick\u00e1 \u010dern\u00e1, v\u00fdrazn\u00e1 \u010derven\u00e1, energick\u00e1 zelen\u00e1 a z\u00e1\u0159iv\u00e1 modr\u00e1.<\/strong> - rukavice Ryinz v\u00e1m umo\u017en\u00ed sladit v\u00fdbavu se stylem motocyklu. Barevn\u00e9 varianty se vyzna\u010duj\u00ed stylov\u00fdmi akcenty, ani\u017e by to bylo na \u00fakor odolnosti a robustn\u00edho designu, a poskytuj\u00ed v\u00e1m agresivn\u00ed vzhled, kter\u00fd miluje ka\u017ed\u00fd jezdec.<\/p>\n<p class=\"\" data-start=\"2524\" data-end=\"2915\">Rukavice Ryinz jsou ur\u010deny pro v\u0161echny motocyklov\u00e9 nad\u0161ence, od ka\u017edodenn\u00edch doj\u00ed\u017ed\u011b\u010d\u016f a\u017e po z\u00e1vodn\u00edky na okruz\u00edch, a jsou velmi univerz\u00e1ln\u00ed. Jsou ide\u00e1ln\u00ed pro pou\u017eit\u00ed v <strong data-start=\"2666\" data-end=\"2766\">motocyklov\u00e9 z\u00e1vody, motokros, j\u00edzda na ter\u00e9nn\u00edch motocyklech, turistick\u00e9 j\u00edzdy, dobrodru\u017en\u00e9 j\u00edzdy a b\u011b\u017en\u00e9 j\u00edzdy po m\u011bst\u011b.<\/strong>. A\u0165 u\u017e jezd\u00edte na sportovn\u00edm, cestovn\u00edm nebo dobrodru\u017en\u00e9m motocyklu, tyto rukavice poskytuj\u00ed vynikaj\u00edc\u00ed ochranu, pohodl\u00ed a p\u0159ilnavost.<\/p>\n<p class=\"\" data-start=\"2917\" data-end=\"3339\">Mezi dal\u0161\u00ed funkce pat\u0159\u00ed <strong data-start=\"2947\" data-end=\"2981\">konstrukce s p\u0159edem zak\u0159iven\u00fdmi prsty<\/strong> kter\u00e1 sni\u017euje \u00fanavu jezdce a zaji\u0161\u0165uje lep\u0161\u00ed kontrolu nad \u0159\u00edd\u00edtky a p\u00e1\u010dkami. Ergonomick\u00fd design zvy\u0161uje obratnost a nab\u00edz\u00ed p\u0159irozen\u00e9 p\u0159izp\u016fsoben\u00ed a pohyb, co\u017e pom\u00e1h\u00e1 udr\u017eet optim\u00e1ln\u00ed kontrolu p\u0159i rychl\u00e9 i technick\u00e9 j\u00edzd\u011b. Zes\u00edlen\u00e9 pro\u0161\u00edv\u00e1n\u00ed po cel\u00e9 d\u00e9lce zvy\u0161uje odolnost, tak\u017ee tyto rukavice jsou dlouhotrvaj\u00edc\u00ed investic\u00ed pro v\u00e1\u017en\u00e9 jezdce.<\/p>\n<p class=\"\" data-start=\"3341\" data-end=\"3648\">Bezpe\u010dnost je z\u00e1kladem zna\u010dky Ryinz. Ka\u017ed\u00e1 rukavice je p\u0159\u00edsn\u011b testov\u00e1na v re\u00e1ln\u00fdch podm\u00ednk\u00e1ch, aby bylo zaji\u0161t\u011bno, \u017ee spl\u0148uje a p\u0159ekra\u010duje nejvy\u0161\u0161\u00ed standardy kvality a bezpe\u010dnosti. A\u0165 u\u017e jezd\u00edte pro z\u00e1bavu, denn\u011b doj\u00ed\u017ed\u00edte nebo profesion\u00e1ln\u011b z\u00e1vod\u00edte, v\u011b\u0159te, \u017ee Ryinz ochr\u00e1n\u00ed va\u0161e nejd\u016fle\u017eit\u011bj\u0161\u00ed n\u00e1stroje - va\u0161e ruce.<\/p>\n<p class=\"\" data-start=\"3650\" data-end=\"4031\">Tyto rukavice byly navr\u017eeny pro v\u00e1\u0161niv\u00e9 cyklisty a poskytuj\u00ed ide\u00e1ln\u00ed rovnov\u00e1hu mezi formou a funk\u010dnost\u00ed. Nasa\u010fte si motocyklov\u00e9 rukavice Ryinz a poc\u00edt\u00edte rozd\u00edl, kter\u00fd p\u0159in\u00e1\u0161ej\u00ed \u0161pi\u010dkov\u00e9 materi\u00e1ly, odborn\u00e9 zpracov\u00e1n\u00ed a design zam\u011b\u0159en\u00fd na jezdce. Jezd\u011bte s jistotou a v\u011bdom\u00edm, \u017ee jste vybaveni t\u011bmi nejlep\u0161\u00edmi motocyklov\u00fdmi rukavicemi stvo\u0159en\u00fdmi pro silnici, tra\u0165 i mimo ni.<\/p>\n<p class=\"\" data-start=\"4033\" data-end=\"4052\"><strong data-start=\"4033\" data-end=\"4050\">Kl\u00ed\u010dov\u00e9 vlastnosti:<\/strong><\/p>\n<ul data-start=\"4053\" data-end=\"4690\">\n<li class=\"\" data-start=\"4053\" data-end=\"4119\">\n<p class=\"\" data-start=\"4055\" data-end=\"4119\">Pr\u00e9miov\u00e1 celoko\u017een\u00e1 konstrukce pro maxim\u00e1ln\u00ed odolnost<\/p>\n<\/li>\n<li class=\"\" data-start=\"4120\" data-end=\"4185\">\n<p class=\"\" data-start=\"4122\" data-end=\"4185\">Tvrd\u00e9 lisovan\u00e9 chr\u00e1ni\u010de kloub\u016f pro vy\u0161\u0161\u00ed odolnost proti n\u00e1razu<\/p>\n<\/li>\n<li class=\"\" data-start=\"4186\" data-end=\"4245\">\n<p class=\"\" data-start=\"4188\" data-end=\"4245\">Zes\u00edlen\u00e9 polstrov\u00e1n\u00ed dlan\u011b pro dodate\u010dn\u00e9 tlumen\u00ed n\u00e1raz\u016f<\/p>\n<\/li>\n<li class=\"\" data-start=\"4246\" data-end=\"4308\">\n<p class=\"\" data-start=\"4248\" data-end=\"4308\">Prodlou\u017een\u00e1 man\u017eeta se zap\u00edn\u00e1n\u00edm na such\u00fd zip pro bezpe\u010dnou oporu z\u00e1p\u011bst\u00ed<\/p>\n<\/li>\n<li class=\"\" data-start=\"4309\" data-end=\"4364\">\n<p class=\"\" data-start=\"4311\" data-end=\"4364\">V\u00edce barevn\u00fdch variant: \u010cern\u00e1, \u010derven\u00e1, zelen\u00e1 a modr\u00e1<\/p>\n<\/li>\n<li class=\"\" data-start=\"4365\" data-end=\"4429\">\n<p class=\"\" data-start=\"4367\" data-end=\"4429\">Prody\u0161n\u00e9 perforace pro v\u011btr\u00e1n\u00ed a odvod potu<\/p>\n<\/li>\n<li class=\"\" data-start=\"4430\" data-end=\"4496\">\n<p class=\"\" data-start=\"4432\" data-end=\"4496\">P\u0159edem zak\u0159iven\u00e1 konstrukce prst\u016f pro sn\u00ed\u017een\u00ed \u00fanavy a lep\u0161\u00ed ovl\u00e1d\u00e1n\u00ed<\/p>\n<\/li>\n<li class=\"\" data-start=\"4497\" data-end=\"4554\">\n<p class=\"\" data-start=\"4499\" data-end=\"4554\">Siln\u00e9 pro\u0161\u00edv\u00e1n\u00ed pro del\u0161\u00ed \u017eivotnost a odoln\u00e9 pou\u017eit\u00ed<\/p>\n<\/li>\n<li class=\"\" data-start=\"4555\" data-end=\"4620\">\n<p class=\"\" data-start=\"4557\" data-end=\"4620\">Stylov\u00fd a agresivn\u00ed design vhodn\u00fd pro v\u0161echny typy kol<\/p>\n<\/li>\n<li class=\"\" data-start=\"4621\" data-end=\"4690\">\n<p class=\"\" data-start=\"4623\" data-end=\"4690\">Ide\u00e1ln\u00ed pro z\u00e1vod\u011bn\u00ed, turistiku, doj\u00ed\u017ed\u011bn\u00ed do m\u011bsta a dobrodru\u017enou j\u00edzdu.<\/p>\n<\/li>\n<\/ul>\n<p class=\"\" data-start=\"4692\" data-end=\"4723\"><strong data-start=\"4692\" data-end=\"4721\">Technick\u00e9 specifikace:<\/strong><\/p>\n<ul data-start=\"4724\" data-end=\"5061\">\n<li class=\"\" data-start=\"4724\" data-end=\"4769\">\n<p class=\"\" data-start=\"4726\" data-end=\"4769\">Materi\u00e1l: 100% Pr\u00e9miov\u00e1 celoko\u017een\u00e1 k\u016f\u017ee<\/p>\n<\/li>\n<li class=\"\" data-start=\"4770\" data-end=\"4842\">\n<p class=\"\" data-start=\"4772\" data-end=\"4842\">Ochrana: Tvrd\u00fd chr\u00e1ni\u010d kloub\u016f, polstrovan\u00e9 dlan\u011b, zes\u00edlen\u00e9 prsty<\/p>\n<\/li>\n<li class=\"\" data-start=\"4843\" data-end=\"4900\">\n<p class=\"\" data-start=\"4845\" data-end=\"4900\">V\u011btr\u00e1n\u00ed: Strategick\u00e9 perforace pro prody\u0161nost<\/p>\n<\/li>\n<li class=\"\" data-start=\"4901\" data-end=\"4946\">\n<p class=\"\" data-start=\"4903\" data-end=\"4946\">Dostupn\u00e9 barvy: \u010cern\u00e1, \u010derven\u00e1, zelen\u00e1, modr\u00e1<\/p>\n<\/li>\n<li class=\"\" data-start=\"4947\" data-end=\"4984\">\n<p class=\"\" data-start=\"4949\" data-end=\"4984\">Dostupn\u00e9 velikosti: S, M, L, XL, XXL<\/p>\n<\/li>\n<li class=\"\" data-start=\"4985\" data-end=\"5026\">\n<p class=\"\" data-start=\"4987\" data-end=\"5026\">Typ uz\u00e1v\u011bru: Nastaviteln\u00fd p\u00e1sek na such\u00fd zip<\/p>\n<\/li>\n<li class=\"\" data-start=\"5027\" data-end=\"5061\">\n<p class=\"\" data-start=\"5029\" data-end=\"5061\">Pohlav\u00ed: Unisex (mu\u017ei a \u017eeny)<\/p>\n<\/li>\n<\/ul>\n<p class=\"\" data-start=\"5063\" data-end=\"5311\">Vyberte si <strong data-start=\"5070\" data-end=\"5104\">Z\u00e1vodn\u00ed motocyklov\u00e9 rukavice Ryinz<\/strong> abyste mohli vylep\u0161it sv\u016fj z\u00e1\u017eitek z j\u00edzdy maxim\u00e1ln\u00ed bezpe\u010dnost\u00ed, prvot\u0159\u00eddn\u00edm komfortem a nep\u0159ekonateln\u00fdm stylem. Ide\u00e1ln\u00ed pro v\u00e1\u0161niv\u00e9 motork\u00e1\u0159e, kte\u0159\u00ed od sv\u00e9 v\u00fdbavy vy\u017eaduj\u00ed v\u00edce. Ryinz - kde se v\u00fdkon snoub\u00ed s ochranou.<\/p>","protected":false},"excerpt":{"rendered":"<h4><strong>Navr\u017eeno pro v\u00fdkon a pohodl\u00ed<\/strong><\/h4>\n<ul>\n<li>\n<p class=\"ds-markdown-paragraph\"><strong>P\u0159edem zak\u0159iven\u00fd design prst\u016f:<\/strong>\u00a0Anatomicky tvarovan\u00e9 pro sn\u00ed\u017een\u00ed \u00fanavy rukou, co\u017e umo\u017e\u0148uje\u00a0<strong>p\u0159irozen\u00fd \u00fachop \u0159\u00edd\u00edtek<\/strong>\u00a0bez n\u00e1mahy.<\/p>\n<\/li>\n<li>\n<p class=\"ds-markdown-paragraph\"><strong>Perforovan\u00e9 z\u00f3ny Flex:<\/strong>\u00a0Laserem vy\u0159ez\u00e1van\u00e9 v\u011btrac\u00ed panely na prstech a zadn\u00ed stran\u011b ruky zlep\u0161uj\u00ed proud\u011bn\u00ed vzduchu a zabra\u0148uj\u00ed hromad\u011bn\u00ed potu b\u011bhem intenzivn\u00ed j\u00edzdy.<\/p>\n<\/li>\n<li>\n<p class=\"ds-markdown-paragraph\"><strong>Protiskluzov\u00e1 rukoje\u0165 dlan\u011b:<\/strong>\u00a0<strong>Silikonov\u00fd mikrotisk nebo pr\u00e9miov\u00e9 semi\u0161ov\u00e9 z\u00e1platy<\/strong>\u00a0zvy\u0161uje t\u0159en\u00ed pro p\u0159esn\u00e9 ovl\u00e1d\u00e1n\u00ed plynu a brzd, a to i za mokra.<\/p>\n<\/li>\n<li>\n<p class=\"ds-markdown-paragraph\"><strong>Ukazov\u00e1\u010dek a palec kompatibiln\u00ed s dotykovou obrazovkou:<\/strong>\u00a0Z\u016fsta\u0148te ve spojen\u00ed, ani\u017e byste si museli sundat rukavice - ide\u00e1ln\u00ed pro navigaci GPS nebo rychl\u00e9 pou\u017eit\u00ed telefonu.<\/p>\n<\/li>\n<li>\n<p class=\"ds-markdown-paragraph\"><strong>Nastaviteln\u00fd uz\u00e1v\u011br man\u017eety:<\/strong>\u00a0A\u00a0<strong>\u0161irok\u00fd, bezpe\u010dn\u00fd z\u00e1p\u011bstn\u00ed popruh<\/strong>\u00a0se zes\u00edlen\u00fdm pro\u0161\u00edv\u00e1n\u00edm zabra\u0148uje sklouznut\u00ed a z\u00e1rove\u0148 umo\u017e\u0148uje snadn\u00e9 zap\u00edn\u00e1n\u00ed a vyp\u00edn\u00e1n\u00ed.<\/p>\n<\/li>\n<\/ul>","protected":false},"featured_media":9023,"comment_status":"closed","ping_status":"closed","template":"","meta":[],"product_brand":[35],"product_cat":[1111,122],"product_tag":[133],"class_list":{"0":"post-8978","1":"product","2":"type-product","3":"status-publish","4":"has-post-thumbnail","6":"product_brand-ryinz","7":"product_cat-motorbike","8":"product_cat-motorbike-racing-gloves","9":"product_tag-tpu-knuckle-protection","11":"first","12":"instock","13":"taxable","14":"shipping-taxable","15":"purchasable","16":"product-type-simple"},"_links":{"self":[{"href":"https:\/\/ryinz.cz\/velkoobchod\/cs\/wp-json\/wp\/v2\/product\/8978","targetHints":{"allow":["GET"]}}],"collection":[{"href":"https:\/\/ryinz.cz\/velkoobchod\/cs\/wp-json\/wp\/v2\/product"}],"about":[{"href":"https:\/\/ryinz.cz\/velkoobchod\/cs\/wp-json\/wp\/v2\/types\/product"}],"replies":[{"embeddable":true,"href":"https:\/\/ryinz.cz\/velkoobchod\/cs\/wp-json\/wp\/v2\/comments?post=8978"}],"wp:featuredmedia":[{"embeddable":true,"href":"https:\/\/ryinz.cz\/velkoobchod\/cs\/wp-json\/wp\/v2\/media\/9023"}],"wp:attachment":[{"href":"https:\/\/ryinz.cz\/velkoobchod\/cs\/wp-json\/wp\/v2\/media?parent=8978"}],"wp:term":[{"taxonomy":"product_brand","embeddable":true,"href":"https:\/\/ryinz.cz\/velkoobchod\/cs\/wp-json\/wp\/v2\/product_brand?post=8978"},{"taxonomy":"product_cat","embeddable":true,"href":"https:\/\/ryinz.cz\/velkoobchod\/cs\/wp-json\/wp\/v2\/product_cat?post=8978"},{"taxonomy":"product_tag","embeddable":true,"href":"https:\/\/ryinz.cz\/velkoobchod\/cs\/wp-json\/wp\/v2\/product_tag?post=8978"}],"curies":[{"name":"wp","href":"https:\/\/api.w.org\/{rel}","templated":true}]}}