{"id":8968,"date":"2025-08-26T11:48:33","date_gmt":"2025-08-26T11:48:33","guid":{"rendered":"https:\/\/ryinz.cz\/velkoobchod\/?post_type=product&#038;p=8968"},"modified":"2026-01-18T20:17:10","modified_gmt":"2026-01-18T20:17:10","slug":"zavodni-jezdec-profesionalni-motocykl-zavodni-rukavice-plne-zrno-kuze-uhlikove-klouby-ochrana-vysoce-vykonne-motocyklove-rukavice-pro-zavodni-drahu-touring-velkoobchod-vyrobce","status":"publish","type":"product","link":"https:\/\/ryinz.cz\/velkoobchod\/cs\/product\/race-rider-professional-motorbike-racing-gloves-full-grain-leather-carbon-knuckle-protection-high-performance-motorcycle-gloves-for-racing-track-touring-wholesale-manufacturer\/","title":{"rendered":"Race Rider Professional Motorbike Racing Gloves - Full Grain Leather, Carbon Knuckle Protection, High-Performance Motorcycle Gloves for Racing, Track, Touring - Velkoobchodn\u00ed v\u00fdrobce Ryinz"},"content":{"rendered":"<p class=\"\" data-start=\"403\" data-end=\"1016\">Za\u017eijte maxim\u00e1ln\u00ed rychlost, styl a bezpe\u010dnost s profesion\u00e1ln\u00edmi z\u00e1vodn\u00edmi rukavicemi Race Rider od spole\u010dnosti Ryinz - dokonalou kombinac\u00ed pokro\u010dil\u00e9ho in\u017een\u00fdrstv\u00ed, prvot\u0159\u00eddn\u00edch materi\u00e1l\u016f a z\u00e1vodn\u00ed technologie navr\u017een\u00e9 pro v\u00e1\u017en\u00e9 motork\u00e1\u0159e. A\u0165 u\u017e proj\u00ed\u017ed\u00edte zat\u00e1\u010dky na z\u00e1vodn\u00ed dr\u00e1ze, trh\u00e1te d\u00e1lnice nebo tla\u010d\u00edte sv\u016fj superbike na hranici jeho mo\u017enost\u00ed, rukavice Race Rider jsou pe\u010dliv\u011b vyrobeny tak, aby poskytovaly bezkonkuren\u010dn\u00ed v\u00fdkon. Tyto rukavice, vytvo\u0159en\u00e9 pro jezdce, kte\u0159\u00ed vy\u017eaduj\u00ed nejvy\u0161\u0161\u00ed \u00farove\u0148 ochrany, pohodl\u00ed a stylu, jsou v\u00edc ne\u017e jen vybaven\u00ed - jsou va\u0161\u00edm \u0161t\u00edtem proti ne\u010dekan\u00fdm ud\u00e1lostem.<\/p>\n<p class=\"\" data-start=\"1018\" data-end=\"1454\">Rukavice Race Rider jsou vyrobeny z celoko\u017een\u00e9 prvot\u0159\u00eddn\u00ed hov\u011bz\u00ed k\u016f\u017ee, kter\u00e1 je zn\u00e1m\u00e1 svou vynikaj\u00edc\u00ed trvanlivost\u00ed, odolnost\u00ed proti od\u011bru a pru\u017enost\u00ed na dotek. Siln\u00e1 a z\u00e1rove\u0148 pru\u017en\u00e1 ko\u017een\u00e1 konstrukce poskytuje pocit druh\u00e9 k\u016f\u017ee, proto\u017ee se p\u0159izp\u016fsob\u00ed p\u0159irozen\u00e9mu tvaru a pohybu ruky. Ka\u017ed\u00fd steh je vyztu\u017een pro extr\u00e9mn\u00ed odolnost, co\u017e zaji\u0161\u0165uje, \u017ee tyto rukavice vydr\u017e\u00ed n\u00e1razy ve vysok\u00fdch rychlostech, hrub\u00e9 od\u011brky asfaltu i ka\u017edodenn\u00ed opot\u0159eben\u00ed.<\/p>\n<p class=\"\" data-start=\"1456\" data-end=\"1998\">V\u00fdrazn\u00fdm prvkem rukavic Race Rider jsou nejmodern\u011bj\u0161\u00ed chr\u00e1ni\u010de kloub\u016f z uhl\u00edkov\u00fdch vl\u00e1ken. Tyto tvarovan\u00e9 chr\u00e1ni\u010de chr\u00e1n\u00ed ruce p\u0159ed n\u00e1razov\u00fdmi silami p\u0159i nehod\u00e1ch, pohlcuj\u00ed n\u00e1razy a sni\u017euj\u00ed riziko zlomenin a zran\u011bn\u00ed. Rukavice jsou tak\u00e9 vybaveny tvrd\u00fdmi kluz\u00e1ky z TPU (termoplastick\u00e9ho polyuretanu) v oblasti prst\u016f a dlan\u011b, kter\u00e9 poskytuj\u00ed dal\u0161\u00ed ochranu a pom\u00e1haj\u00ed rozptylovat energii n\u00e1razu. Pokro\u010dil\u00e9 polstrov\u00e1n\u00ed z p\u011bny EVA je strategicky rozm\u00edst\u011bno v kritick\u00fdch z\u00f3n\u00e1ch a poskytuje tlumen\u00ed, ani\u017e by byla ob\u011btov\u00e1na pru\u017enost.<\/p>\n<p class=\"\" data-start=\"2000\" data-end=\"2432\">P\u0159edsazen\u00fd ergonomick\u00fd design minimalizuje \u00fanavu rukou a zvy\u0161uje j\u00edzdn\u00ed komfort t\u00edm, \u017ee umo\u017e\u0148uje p\u0159irozen\u00fd \u00fachop \u0159\u00edd\u00edtek. Stre\u010dov\u00e9 panely pod\u00e9l prst\u016f a kloub\u016f zlep\u0161uj\u00ed flexibilitu, co\u017e umo\u017e\u0148uje rychlou reakci na plyn, plynul\u00e9 sepnut\u00ed spojky a p\u0159esn\u00e9 ovl\u00e1d\u00e1n\u00ed brzd. Dvojit\u00e9 zap\u00edn\u00e1n\u00ed na z\u00e1p\u011bst\u00ed na h\u00e1\u010dky a smy\u010dky nab\u00edz\u00ed p\u0159il\u00e9hav\u00e9, nastaviteln\u00e9 uchycen\u00ed, kter\u00e9 zaji\u0161\u0165uje, \u017ee rukavice z\u016fstanou bezpe\u010dn\u011b na sv\u00e9m m\u00edst\u011b i za extr\u00e9mn\u00edch j\u00edzdn\u00edch podm\u00ednek.<\/p>\n<p class=\"\" data-start=\"2434\" data-end=\"2817\">V\u011btr\u00e1n\u00ed je z\u00e1sadn\u00ed, kdy\u017e najedete hodn\u011b kilometr\u016f nebo z\u00e1vod\u00edte pod hork\u00fdm sluncem. Rukavice Race Rider jsou vybaveny perforovan\u00fdmi ko\u017een\u00fdmi panely a strategicky um\u00edst\u011bn\u00fdmi v\u011btrac\u00edmi otvory, kter\u00e9 podporuj\u00ed proud\u011bn\u00ed vzduchu a pom\u00e1haj\u00ed udr\u017eet va\u0161e ruce v chladu, suchu a pohodl\u00ed b\u011bhem dlouh\u00fdch j\u00edzd. Vnit\u0159n\u00ed pod\u0161\u00edvka odv\u00e1d\u011bj\u00edc\u00ed vlhkost d\u00e1le zvy\u0161uje prody\u0161nost a zabra\u0148uje hromad\u011bn\u00ed potu uvnit\u0159 rukavic.<\/p>\n<p class=\"\" data-start=\"2819\" data-end=\"3121\">Konce prst\u016f kompatibiln\u00ed s dotykovou obrazovkou umo\u017e\u0148uj\u00ed jezdc\u016fm ovl\u00e1dat chytr\u00e9 telefony, jednotky GPS nebo komunika\u010dn\u00ed syst\u00e9my v p\u0159ilb\u011b, ani\u017e by si museli sund\u00e1vat rukavice. Texturovan\u00e9 dlan\u011b s vysokou p\u0159ilnavost\u00ed nab\u00edzej\u00ed lep\u0161\u00ed kontrolu i za mokra a dvojit\u011b zes\u00edlen\u00e9 \u0161vy zaru\u010duj\u00ed dlouhodobou spolehlivost.<\/p>\n<p class=\"\" data-start=\"3123\" data-end=\"3502\">V\u00fdrazn\u00fd \u010dernob\u00edl\u00fd design nen\u00ed jen stylov\u00fd - je navr\u017een tak, aby byl viditeln\u00fd, profesion\u00e1ln\u00ed a sebev\u011bdom\u00fd. Odv\u00e1\u017en\u00fd vzhled odr\u00e1\u017e\u00ed neboj\u00e1cn\u00e9ho z\u00e1vodn\u00edho ducha a z\u00e1vazek k dodr\u017eov\u00e1n\u00ed vysok\u00fdch v\u00fdkonnostn\u00edch standard\u016f. Tyto rukavice jsou ide\u00e1ln\u00ed pro profesion\u00e1ln\u00ed z\u00e1vodn\u00edky, jezdce na superbic\u00edch, nad\u0161ence pro den na okruhu a seri\u00f3zn\u00ed pouli\u010dn\u00ed jezdce, kte\u0159\u00ed up\u0159ednost\u0148uj\u00ed funk\u010dnost i estetiku.<\/p>\n<p class=\"\" data-start=\"3504\" data-end=\"3915\">Rukavice Race Rider jsou vyrobeny spole\u010dnost\u00ed Ryinz, kter\u00e1 je d\u016fv\u011bryhodnou zna\u010dkou v oblasti v\u00fdroby motocyklov\u00e9ho vybaven\u00ed, a jsou vyrobeny precizn\u011b s pou\u017eit\u00edm nejkvalitn\u011bj\u0161\u00edch materi\u00e1l\u016f a postup\u016f. Dod\u00e1v\u00e1me velkoobchodn\u00ed a OEM motocyklov\u00e9 rukavice po cel\u00e9m sv\u011bt\u011b, podporujeme maloobchodn\u00edky, distributory a z\u00e1vodn\u00ed t\u00fdmy s mo\u017enost\u00ed v\u00fdroby ve velk\u00e9m. Ka\u017ed\u00fd p\u00e1r proch\u00e1z\u00ed p\u0159\u00edsn\u00fdm testov\u00e1n\u00edm, aby spl\u0148oval mezin\u00e1rodn\u00ed bezpe\u010dnostn\u00ed normy pro motocyklov\u00fd sport.<\/p>\n<p class=\"\" data-start=\"3917\" data-end=\"4182\">Rukavice Race Rider vynikaj\u00ed ve v\u00edce jezdeck\u00fdch discipl\u00edn\u00e1ch - z\u00e1vod\u011bn\u00ed, superbike touring, rychl\u00e1 j\u00edzda po d\u00e1lnici a extr\u00e9mn\u00ed sporty. D\u00edky dokonal\u00e9 rovnov\u00e1ze mezi stylem, ochranou a flexibilitou jsou definitivn\u00ed volbou pro motork\u00e1\u0159e, kte\u0159\u00ed odm\u00edtaj\u00ed kompromisy.<\/p>\n<p class=\"\" data-start=\"4184\" data-end=\"4369\">Chra\u0148te svou v\u00e1\u0161e\u0148 pro j\u00edzdu s profesion\u00e1ln\u00edmi z\u00e1vodn\u00edmi rukavicemi Race Rider - nejlep\u0161\u00ed obranou proti nep\u0159edv\u00eddateln\u00fdm situac\u00edm a spolehliv\u00fdm spole\u010dn\u00edkem pro va\u0161i \u017eivotn\u00ed j\u00edzdu.<\/p>\n<p class=\"\" data-start=\"4371\" data-end=\"4466\"><strong data-start=\"4371\" data-end=\"4466\">S rukavicemi Ryinz Race Rider uvoln\u00edte svou rychlost, zdol\u00e1te zat\u00e1\u010dky a z\u016fstanete nezastaviteln\u00ed.<\/strong><\/p>","protected":false},"excerpt":{"rendered":"<p>S profesion\u00e1ln\u00edmi motocyklov\u00fdmi rukavicemi Race Rider ovl\u00e1dnete tra\u0165. Tyto rukavice jsou vyrobeny z prvot\u0159\u00eddn\u00ed celoko\u017een\u00e9 k\u016f\u017ee, jsou vybaveny karbonovou ochranou kloub\u016f a dla\u0148ov\u00fdmi jezdci a nab\u00edzej\u00ed bezkonkuren\u010dn\u00ed odolnost, styl a ochranu na z\u00e1vodn\u00ed \u00farovni pro jezdce, kte\u0159\u00ed \u017eij\u00ed \u017eivot v rychl\u00e9m pruhu.<\/p>\n<p class=\"\" data-start=\"3504\" data-end=\"3915\">Rukavice Race Rider jsou vyrobeny spole\u010dnost\u00ed Ryinz, kter\u00e1 je d\u016fv\u011bryhodnou zna\u010dkou v oblasti v\u00fdroby motocyklov\u00e9ho vybaven\u00ed, a jsou vyrobeny precizn\u011b s pou\u017eit\u00edm nejkvalitn\u011bj\u0161\u00edch materi\u00e1l\u016f a postup\u016f. Dod\u00e1v\u00e1me velkoobchodn\u00ed a OEM motocyklov\u00e9 rukavice po cel\u00e9m sv\u011bt\u011b, podporujeme maloobchodn\u00edky, distributory a z\u00e1vodn\u00ed t\u00fdmy s mo\u017enost\u00ed v\u00fdroby ve velk\u00e9m. Ka\u017ed\u00fd p\u00e1r proch\u00e1z\u00ed p\u0159\u00edsn\u00fdm testov\u00e1n\u00edm, aby spl\u0148oval mezin\u00e1rodn\u00ed bezpe\u010dnostn\u00ed normy pro motocyklov\u00fd sport.<\/p>\n<p class=\"\" data-start=\"3917\" data-end=\"4182\">Rukavice Race Rider vynikaj\u00ed ve v\u00edce jezdeck\u00fdch discipl\u00edn\u00e1ch - z\u00e1vod\u011bn\u00ed, superbike touring, rychl\u00e1 j\u00edzda po d\u00e1lnici a extr\u00e9mn\u00ed sporty. D\u00edky dokonal\u00e9 rovnov\u00e1ze mezi stylem, ochranou a flexibilitou jsou definitivn\u00ed volbou pro motork\u00e1\u0159e, kte\u0159\u00ed odm\u00edtaj\u00ed kompromisy.<\/p>","protected":false},"featured_media":9022,"comment_status":"closed","ping_status":"closed","template":"","meta":[],"product_brand":[35],"product_cat":[1111,122],"product_tag":[135,136],"class_list":{"0":"post-8968","1":"product","2":"type-product","3":"status-publish","4":"has-post-thumbnail","6":"product_brand-ryinz","7":"product_cat-motorbike","8":"product_cat-motorbike-racing-gloves","9":"product_tag-hipora-glove-insert","10":"product_tag-leather-gloves","12":"first","13":"instock","14":"taxable","15":"shipping-taxable","16":"purchasable","17":"product-type-simple"},"_links":{"self":[{"href":"https:\/\/ryinz.cz\/velkoobchod\/cs\/wp-json\/wp\/v2\/product\/8968","targetHints":{"allow":["GET"]}}],"collection":[{"href":"https:\/\/ryinz.cz\/velkoobchod\/cs\/wp-json\/wp\/v2\/product"}],"about":[{"href":"https:\/\/ryinz.cz\/velkoobchod\/cs\/wp-json\/wp\/v2\/types\/product"}],"replies":[{"embeddable":true,"href":"https:\/\/ryinz.cz\/velkoobchod\/cs\/wp-json\/wp\/v2\/comments?post=8968"}],"wp:featuredmedia":[{"embeddable":true,"href":"https:\/\/ryinz.cz\/velkoobchod\/cs\/wp-json\/wp\/v2\/media\/9022"}],"wp:attachment":[{"href":"https:\/\/ryinz.cz\/velkoobchod\/cs\/wp-json\/wp\/v2\/media?parent=8968"}],"wp:term":[{"taxonomy":"product_brand","embeddable":true,"href":"https:\/\/ryinz.cz\/velkoobchod\/cs\/wp-json\/wp\/v2\/product_brand?post=8968"},{"taxonomy":"product_cat","embeddable":true,"href":"https:\/\/ryinz.cz\/velkoobchod\/cs\/wp-json\/wp\/v2\/product_cat?post=8968"},{"taxonomy":"product_tag","embeddable":true,"href":"https:\/\/ryinz.cz\/velkoobchod\/cs\/wp-json\/wp\/v2\/product_tag?post=8968"}],"curies":[{"name":"wp","href":"https:\/\/api.w.org\/{rel}","templated":true}]}}