{"id":8967,"date":"2025-06-22T15:23:32","date_gmt":"2025-06-22T15:23:32","guid":{"rendered":"https:\/\/ryinz.cz\/velkoobchod\/?post_type=product&#038;p=8967"},"modified":"2026-01-18T20:17:10","modified_gmt":"2026-01-18T20:17:10","slug":"ryinz-zavodni-rukavice-z-uhlikovych-vlaken-pro-motocykly-plna-ochrana-motorkarske-rukavice-pro-muze-a-zeny-lehke-rukavice-pro-jizdu-na-sportovnim-motocyklu-k-dispozici-v-cerne-cervene-a-modre-barve","status":"publish","type":"product","link":"https:\/\/ryinz.cz\/velkoobchod\/cs\/product\/ryinz-carbon-fiber-motorcycle-racing-gloves-full-protection-biker-gloves-for-men-and-women-lightweight-sportbike-riding-gloves-available-in-black-red-and-blue-colors\/","title":{"rendered":"Ryinz Carbon Fiber Motocyklov\u00e9 z\u00e1vodn\u00ed rukavice - pln\u011b ochrann\u00e9 motork\u00e1\u0159sk\u00e9 rukavice pro mu\u017ee a \u017eeny - lehk\u00e9 sportovn\u00ed rukavice pro j\u00edzdu na motocyklu - k dispozici v \u010dern\u00e9, \u010derven\u00e9 a modr\u00e9 barv\u011b"},"content":{"rendered":"<h3><strong>Rukavice Ryinz Carbon Fiber Motorcycle Racing Gloves - dokonal\u00e9 spojen\u00ed elitn\u00ed ochrany, bezkonkuren\u010dn\u00edho pohodl\u00ed a z\u00e1vodn\u00ed p\u0159esnosti<\/strong><\/h3>\n<p class=\"ds-markdown-paragraph\">Pro jezdce, kte\u0159\u00ed odm\u00edtaj\u00ed d\u011blat kompromisy\u00a0<strong>bezpe\u010dnost, v\u00fdkon nebo styl<\/strong>, ...\u00a0<strong>Ryinz Carbon Fiber Motocyklov\u00e9 z\u00e1vodn\u00ed rukavice<\/strong>\u00a0p\u0159edstavuj\u00ed vrchol techniky ochrany rukou. Pe\u010dliv\u011b zpracovan\u00e9 pro\u00a0<strong>profesion\u00e1ln\u00ed z\u00e1vodn\u00edci, nad\u0161enci pro j\u00edzdu na okruz\u00edch a v\u00fdkonn\u00ed pouli\u010dn\u00ed jezdci.<\/strong>, tyto rukavice kombinuj\u00ed\u00a0<strong>prvot\u0159\u00eddn\u00ed k\u016f\u017ee, panc\u00ed\u0159 z uhl\u00edkov\u00fdch vl\u00e1ken leteck\u00e9 kvality a z\u00e1vodn\u00ed ergonomie.<\/strong>\u00a0abyste si mohli vychutnat bezkonkuren\u010dn\u00ed z\u00e1\u017eitek z j\u00edzdy. A\u0165 u\u017e p\u0159ekon\u00e1v\u00e1te limity na okruhu nebo br\u00e1zd\u00edte horsk\u00e9 silnice, tyto rukavice v\u00e1m poskytnou dokonal\u00fd komfort.\u00a0<strong>dokonal\u00e1 rovnov\u00e1ha mezi odolnost\u00ed proti n\u00e1razu, prody\u0161nost\u00ed a hmatovou kontrolou.<\/strong>-zajistit, aby ka\u017ed\u00e1 j\u00edzda byla bezpe\u010dn\u011bj\u0161\u00ed, plynulej\u0161\u00ed a vzru\u0161uj\u00edc\u00ed.<\/p>\n<hr \/>\n<h3><strong>BEZKONKUREN\u010cN\u00cd OCHRANA: NAVR\u017dENO TAK, ABY P\u0158E\u017dILO N\u00c1RAZ<\/strong><\/h3>\n<h4><strong>1. Exoskeletov\u00e9 brn\u011bn\u00ed z uhl\u00edkov\u00fdch vl\u00e1ken - lehk\u00e1, nerozbitn\u00e1 obrana<\/strong><\/h4>\n<ul>\n<li>\n<p class=\"ds-markdown-paragraph\"><strong>Chr\u00e1ni\u010de kloub\u016f z uhl\u00edkov\u00fdch vl\u00e1ken pro leteck\u00fd pr\u016fmysl:<\/strong>\u00a0Na rozd\u00edl od levn\u00fdch plastov\u00fdch nebo termoplastick\u00fdch chr\u00e1ni\u010d\u016f je chr\u00e1ni\u010d Ryinz integrov\u00e1n do chr\u00e1ni\u010de.\u00a0<strong>skute\u010dn\u00e9 kovan\u00e9 panely z uhl\u00edkov\u00fdch vl\u00e1ken<\/strong>\u00a0na kloubech a prstech a nab\u00edzej\u00ed.\u00a0<strong>tlumen\u00ed n\u00e1raz\u016f na vojensk\u00e9 \u00farovni<\/strong>\u00a0bez v\u011bt\u0161\u00edho objemu.<\/p>\n<\/li>\n<li>\n<p class=\"ds-markdown-paragraph\"><strong>Ochrana prstov\u00fdch m\u016fstk\u016f:<\/strong>\u00a0Zes\u00edlen\u00e9 prou\u017eky z uhl\u00edkov\u00fdch vl\u00e1ken pod\u00e9l prst\u016f zabra\u0148uj\u00ed\u00a0<strong>poran\u011bn\u00ed zp\u016fsoben\u00e1 rozdrcen\u00edm<\/strong>\u00a0ve vysokorychlostn\u00edch skluzech, co\u017e je pro z\u00e1vodn\u00ed j\u00edzdy velmi d\u016fle\u017eit\u00e9.<\/p>\n<\/li>\n<li>\n<p class=\"ds-markdown-paragraph\"><strong>Posuvn\u00edky lopatky a dlan\u011b:<\/strong>\u00a0Dal\u0161\u00ed\u00a0<strong>Jezdce z TPU (termoplastick\u00e9ho polyuretanu)<\/strong>\u00a0na dlani sni\u017euj\u00ed pop\u00e1leniny zp\u016fsoben\u00e9 t\u0159en\u00edm a rozptyluj\u00ed energii n\u00e1razu od kritick\u00fdch kost\u00ed.<\/p>\n<\/li>\n<\/ul>\n<h4><strong>2. Pr\u00e9miov\u00e1 ko\u017een\u00e1 konstrukce - odolnost proti od\u011bru, kter\u00e1 p\u0159ed\u010d\u00ed konkurenci<\/strong><\/h4>\n<ul>\n<li>\n<p class=\"ds-markdown-paragraph\"><strong>K\u016f\u017ee z hov\u011bz\u00ed k\u016f\u017ee:<\/strong>\u00a0Ru\u010dn\u011b vyb\u00edran\u00e9 pro sv\u00e9\u00a0<strong>odolnost proti roztr\u017een\u00ed a pru\u017enost<\/strong>, kter\u00e9 v porovn\u00e1n\u00ed se syntetick\u00fdmi alternativami nab\u00edzej\u00ed vy\u0161\u0161\u00ed odolnost skluznice.<\/p>\n<\/li>\n<li>\n<p class=\"ds-markdown-paragraph\"><strong>Dvouvrstv\u00e1 v\u00fdztuha dlan\u011b:<\/strong>\u00a0Z\u00f3ny s vysok\u00fdm opot\u0159eben\u00edm jsou vyztu\u017eeny\u00a0<strong>extra ko\u017een\u00e9 polstrov\u00e1n\u00ed<\/strong>\u00a0aby nedo\u0161lo k protr\u017een\u00ed p\u0159i del\u0161\u00ed j\u00edzd\u011b.<\/p>\n<\/li>\n<li>\n<p class=\"ds-markdown-paragraph\"><strong>\u0160it\u00ed zes\u00edlen\u00e9 kevlarem\u00ae:<\/strong>\u00a0Kritick\u00e9 \u0161vy jsou t\u0159ikr\u00e1t pro\u0161it\u00e9 pomoc\u00ed\u00a0<strong>\u017e\u00e1ruvzdorn\u00e9 kevlarov\u00e9 vl\u00e1kno<\/strong>, co\u017e zaru\u010duje, \u017ee rukavice vydr\u017e\u00ed i v nep\u0159\u00edzniv\u00e9m po\u010das\u00ed.\u00a0<strong>vysokorychlostn\u00ed skluzavka<\/strong>.<\/p>\n<\/li>\n<\/ul>\n<h4><strong>3. Bezpe\u010dnost s certifik\u00e1tem CE - testov\u00e1no a d\u016fv\u011bryhodn\u00e9 pro profesion\u00e1ly<\/strong><\/h4>\n<ul>\n<li>\n<p class=\"ds-markdown-paragraph\"><strong>Certifik\u00e1t EN 13594:2015 (k dispozici \u00farove\u0148 CE 1 nebo 2):<\/strong>\u00a0Nez\u00e1visle testov\u00e1no na\u00a0<strong>odolnost proti od\u011bru, roztr\u017een\u00ed a n\u00e1razu.<\/strong>, kter\u00e9 spl\u0148uj\u00ed nejp\u0159\u00edsn\u011bj\u0161\u00ed evropsk\u00e9 bezpe\u010dnostn\u00ed normy.<\/p>\n<\/li>\n<li>\n<p class=\"ds-markdown-paragraph\"><strong>Bezpe\u010dn\u00fd syst\u00e9m z\u00e1mku na z\u00e1p\u011bst\u00ed:<\/strong>\u00a0A\u00a0<strong>\u0161irok\u00fd, nastaviteln\u00fd popruh se such\u00fdm zipem<\/strong>\u00a0v kombinaci s\u00a0<strong>man\u017eeta s dvojit\u00fdm zap\u00edn\u00e1n\u00edm<\/strong>\u00a0zabra\u0148uje tomu, aby se rukavice p\u0159i n\u00e1razu svezla.<\/p>\n<\/li>\n<\/ul>\n<hr \/>\n<h3><strong>POHODL\u00cd OPTIMALIZOVAN\u00c9 PRO Z\u00c1VOD: Z\u016eSTA\u0147TE V POHOD\u011a, M\u011aJTE V\u0160E POD KONTROLOU<\/strong><\/h3>\n<h4><strong>1. Pokro\u010dil\u00e1 ventilace - u\u017e \u017e\u00e1dn\u00e9 zpocen\u00e9 a kluzk\u00e9 ruce<\/strong><\/h4>\n<ul>\n<li>\n<p class=\"ds-markdown-paragraph\"><strong>3D panely ze s\u00ed\u0165oviny:<\/strong>\u00a0Strategicky um\u00edst\u011bn\u00e9\u00a0<strong>vysokopr\u016fto\u010dn\u00e1 s\u00ed\u0165<\/strong>\u00a0na zadn\u00ed stran\u011b a prstech maximalizuje proud\u011bn\u00ed vzduchu, \u010d\u00edm\u017e sni\u017euje zah\u0159\u00edv\u00e1n\u00ed p\u0159i agresivn\u00ed j\u00edzd\u011b.<\/p>\n<\/li>\n<li>\n<p class=\"ds-markdown-paragraph\"><strong>Laserem \u0159ezan\u00e9 perforace:<\/strong>\u00a0Mikroperforace na dlani a prstech\u00a0<strong>rychleji odv\u00e1d\u00ed pot 40%<\/strong>\u00a0ne\u017e standardn\u00ed rukavice, a udr\u017euj\u00ed tak pevn\u00fd \u00fachop za v\u0161ech podm\u00ednek.<\/p>\n<\/li>\n<\/ul>\n<h4><strong>2. Ergonomick\u00fd design s p\u0159edozadn\u00edm zak\u0159iven\u00edm - del\u0161\u00ed j\u00edzda, siln\u011bj\u0161\u00ed j\u00edzda<\/strong><\/h4>\n<ul>\n<li>\n<p class=\"ds-markdown-paragraph\"><strong>Anatomicky tvarovan\u00e9 prsty:<\/strong>\u00a0P\u0159edem zak\u0159iven\u00e9, aby odpov\u00eddaly\u00a0<strong>p\u0159irozen\u00e1 poloha \u00fachopu<\/strong>, co\u017e sni\u017euje svalovou \u00fanavu p\u0159i dlouh\u00fdch j\u00edzd\u00e1ch.<\/p>\n<\/li>\n<li>\n<p class=\"ds-markdown-paragraph\"><strong>Kloubov\u00e9 klouby prst\u016f:<\/strong>\u00a0Flexibiln\u00ed\u00a0<strong>panely s harmonikov\u00fdm prota\u017een\u00edm<\/strong>\u00a0mezi klouby umo\u017e\u0148uj\u00ed plnou obratnost pro\u00a0<strong>brzd\u011bn\u00ed, \u0159azen\u00ed a ovl\u00e1d\u00e1n\u00ed spojky.<\/strong>.<\/p>\n<\/li>\n<\/ul>\n<h4><strong>3. Vylep\u0161en\u00fd \u00fachop a hmatov\u00e1 zp\u011btn\u00e1 vazba - dominujte v ka\u017ed\u00e9m rohu<\/strong><\/h4>\n<ul>\n<li>\n<p class=\"ds-markdown-paragraph\"><strong>Silikonov\u00e1 rukoje\u0165 s mikrote\u010dkami na dlani:<\/strong>\u00a0A\u00a0<strong>patentovan\u00fd silikonov\u00fd vzor s texturou<\/strong>\u00a0zvy\u0161uje t\u0159en\u00ed o\u00a0<strong>30%<\/strong>, co\u017e zaji\u0161\u0165uje absolutn\u00ed kontrolu za mokra i za sucha.<\/p>\n<\/li>\n<li>\n<p class=\"ds-markdown-paragraph\"><strong>Prsty kompatibiln\u00ed s dotykovou obrazovkou:<\/strong>\u00a0P\u0159eje\u010fte prstem, p\u0159ibli\u017eujte a navigujte, ani\u017e byste si museli sundat rukavice - ide\u00e1ln\u00ed pro \u00fapravy GPS uprost\u0159ed j\u00edzdy.<\/p>\n<\/li>\n<\/ul>\n<hr \/>\n<h3><strong>STYLOV\u00c9, P\u0158IZP\u016eSOBITELN\u00c9 A ODOLN\u00c9 PROVEDEN\u00cd<\/strong><\/h3>\n<ul>\n<li>\n<p class=\"ds-markdown-paragraph\"><strong>3 vysoce p\u016fsobiv\u00e9 barevn\u00e9 varianty:<\/strong>\u00a0Vyberte si z\u00a0<strong>Stealth Black, Racing Red nebo Electric Blue<\/strong>-ka\u017ed\u00fd s\u00a0<strong>reflexn\u00ed zna\u010dka Ryinz<\/strong>\u00a0pro no\u010dn\u00ed viditelnost.<\/p>\n<\/li>\n<li>\n<p class=\"ds-markdown-paragraph\"><strong>\u0160t\u00edhl\u00fd profil p\u0159ipraven\u00fd na z\u00e1vod:<\/strong>\u00a0Na rozd\u00edl od objemn\u00fdch turistick\u00fdch rukavic si tyto rukavice zachov\u00e1vaj\u00ed.\u00a0<strong>n\u00edzkoobjemov\u00e9 ulo\u017een\u00ed<\/strong>\u00a0pro bezprobl\u00e9movou integraci s ovl\u00e1dac\u00edmi prvky va\u0161eho kola.<\/p>\n<\/li>\n<li>\n<p class=\"ds-markdown-paragraph\"><strong>St\u00e1rne jako jemn\u00e1 k\u016f\u017ee:<\/strong>\u00a0Celozrnn\u00e1 k\u016f\u017ee\u00a0<strong>zm\u011bkne a p\u0159izp\u016fsob\u00ed se va\u0161im ruk\u00e1m<\/strong>\u00a0\u010dasem se st\u00e1v\u00e1 je\u0161t\u011b pohodln\u011bj\u0161\u00edm.<\/p>\n<\/li>\n<\/ul>\n<hr \/>\n<h3><strong>PRO KOHO JSOU TYTO RUKAVICE UR\u010cENY?<\/strong><\/h3>\n<p class=\"ds-markdown-paragraph\">\u2714\u00a0<strong>Trackday Warriors<\/strong>\u00a0- Ochrana podle FIA pro sout\u011b\u017en\u00ed pou\u017eit\u00ed.<\/p>\n<p>\u2714\u00a0<strong>Jezdci na sportovn\u00edch motocyklech a superbic\u00edch<\/strong>\u00a0- P\u0159esn\u00e9 ovl\u00e1d\u00e1n\u00ed pro agresivn\u00ed j\u00edzdu na ulici.<\/p>\n<p>\u2714\u00a0<strong>Adventure Tourers<\/strong>\u00a0- Pohodl\u00ed na dlouh\u00e9 cesty a odolnost p\u0159ipraven\u00e1 na n\u00e1raz.<\/p>\n<p>\u2714\u00a0<strong>Cafe Racer &amp; Custom Build Enthusiasts<\/strong>\u00a0- Elegantn\u00ed estetika se snoub\u00ed s profesion\u00e1ln\u00ed bezpe\u010dnost\u00ed.<\/p>\n<hr \/>\n<h3><strong>PRO\u010c RYINZ VYNIK\u00c1 NAD OSTATN\u00cdMI<\/strong><\/h3>\n<ul>\n<li>\n<p class=\"ds-markdown-paragraph\"><strong>Vyvinuto ve spolupr\u00e1ci se spole\u010dnost\u00ed Pro Racers:<\/strong>\u00a0Testov\u00e1no v\u00a0<strong>Podm\u00ednky inspirovan\u00e9 MotoGP<\/strong>\u00a0pro re\u00e1ln\u00fd v\u00fdkon.<\/p>\n<\/li>\n<li>\n<p class=\"ds-markdown-paragraph\"><strong>\u017d\u00e1dn\u00e1 doba p\u0159est\u00e1vky:<\/strong>\u00a0Na rozd\u00edl od tuh\u00fdch z\u00e1vodn\u00edch rukavic jsou tyto rukavice\u00a0<strong>pohodln\u00e9 od prvn\u00edho no\u0161en\u00ed<\/strong>.<\/p>\n<\/li>\n<li>\n<p class=\"ds-markdown-paragraph\"><strong>5let\u00e1 z\u00e1ruka odolnosti:<\/strong>\u00a0Stoj\u00edme si za sv\u00fdm \u0159emesln\u00fdm zpracov\u00e1n\u00edm - \u017e\u00e1dn\u00e9 t\u0159epen\u00ed, \u017e\u00e1dn\u00e9 odlupov\u00e1n\u00ed, \u017e\u00e1dn\u00e9 kompromisy.<\/p>\n<\/li>\n<\/ul>\n<p class=\"ds-markdown-paragraph\"><strong>\u201cNejsou to jen rukavice - jsou va\u0161\u00ed posledn\u00ed obrannou lini\u00ed p\u0159i rychlosti 180 MPH.\u201d<\/strong><\/p>","protected":false},"excerpt":{"rendered":"<p><strong>Z\u00e1vodn\u00ed rukavice Ryinz z uhl\u00edkov\u00fdch vl\u00e1ken<\/strong>\u00a0-\u00a0<strong>Certifik\u00e1t CE<\/strong>\u00a0rukavice p\u0159ipraven\u00e9 na tra\u0165 s\u00a0<strong>kovan\u00e9 brn\u011bn\u00ed z uhl\u00edkov\u00fdch vl\u00e1ken, prvot\u0159\u00eddn\u00ed k\u016f\u017ee a 3D s\u00ed\u0165ov\u00e9 odv\u011btr\u00e1v\u00e1n\u00ed<\/strong>. Navr\u017eeno pro\u00a0<strong>profesion\u00e1ln\u00ed ochrana proti n\u00e1razu, nulov\u00e1 tvorba potu a mimo\u0159\u00e1dn\u011b p\u0159esn\u00fd \u00fachop.<\/strong>. K dispozici v\u00a0<strong>\u010cern\u00e1, \u010derven\u00e1 a modr\u00e1<\/strong>.\u00a0<strong>Ride Hard. Jezd\u011bte chr\u00e1n\u011bni.<\/strong><\/p>\n<p class=\"\" data-start=\"2346\" data-end=\"2365\"><strong data-start=\"2346\" data-end=\"2363\">Kl\u00ed\u010dov\u00e9 vlastnosti:<\/strong><\/p>\n<ul data-start=\"2366\" data-end=\"3260\">\n<li class=\"\" data-start=\"2366\" data-end=\"2453\">\n<p class=\"\" data-start=\"2368\" data-end=\"2453\"><strong data-start=\"2368\" data-end=\"2401\">Pr\u00e9miov\u00e1 ko\u017een\u00e1 konstrukce:<\/strong> Vysoce odoln\u00e1 k\u016f\u017ee pro dlouhou \u017eivotnost a pohodl\u00ed.<\/p>\n<\/li>\n<li class=\"\" data-start=\"2454\" data-end=\"2550\">\n<p class=\"\" data-start=\"2456\" data-end=\"2550\"><strong data-start=\"2456\" data-end=\"2479\">Brn\u011bn\u00ed z uhl\u00edkov\u00fdch vl\u00e1ken:<\/strong> Klouby a ochrana prst\u016f odoln\u00e9 proti n\u00e1razu pro v\u011bt\u0161\u00ed bezpe\u010dnost.<\/p>\n<\/li>\n<li class=\"\" data-start=\"2551\" data-end=\"2648\">\n<p class=\"\" data-start=\"2553\" data-end=\"2648\"><strong data-start=\"2553\" data-end=\"2580\">Prody\u0161n\u00e1 s\u00ed\u0165ovina:<\/strong> Vylep\u0161en\u00e9 proud\u011bn\u00ed vzduchu, kter\u00e9 udr\u017euje ruce chladn\u00e9 p\u0159i rychl\u00fdch j\u00edzd\u00e1ch.<\/p>\n<\/li>\n<li class=\"\" data-start=\"2649\" data-end=\"2743\">\n<p class=\"\" data-start=\"2651\" data-end=\"2743\"><strong data-start=\"2651\" data-end=\"2683\">Ergonomick\u00fd design s p\u0159edozadn\u00edm zak\u0159iven\u00edm:<\/strong> Sni\u017euje \u00fanavu a zaji\u0161\u0165uje p\u0159irozen\u00fd \u00fachop \u0159\u00edd\u00edtek.<\/p>\n<\/li>\n<li class=\"\" data-start=\"2744\" data-end=\"2827\">\n<p class=\"\" data-start=\"2746\" data-end=\"2827\"><strong data-start=\"2746\" data-end=\"2778\">Perforovan\u00e1 dla\u0148 Odv\u011btr\u00e1v\u00e1n\u00ed:<\/strong> Pom\u00e1h\u00e1 odv\u00e1d\u011bt vlhkost a udr\u017eovat suchost.<\/p>\n<\/li>\n<\/ul>","protected":false},"featured_media":9024,"comment_status":"closed","ping_status":"closed","template":"","meta":[],"product_brand":[35],"product_cat":[1111,122],"product_tag":[128,129,130,126,131,132,124,133,134],"class_list":{"0":"post-8967","1":"product","2":"type-product","3":"status-publish","4":"has-post-thumbnail","6":"product_brand-ryinz","7":"product_cat-motorbike","8":"product_cat-motorbike-racing-gloves","9":"product_tag-customizable-racing-gloves","10":"product_tag-eva-rubber-protection","11":"product_tag-foam-padded-gloves","12":"product_tag-gillani-gloves","13":"product_tag-goat-skin-leather-gloves","14":"product_tag-motorbike-gear","15":"product_tag-motorbike-racing-gloves","16":"product_tag-tpu-knuckle-protection","17":"product_tag-velcro-closure-gloves","19":"first","20":"instock","21":"taxable","22":"shipping-taxable","23":"purchasable","24":"product-type-simple"},"_links":{"self":[{"href":"https:\/\/ryinz.cz\/velkoobchod\/cs\/wp-json\/wp\/v2\/product\/8967","targetHints":{"allow":["GET"]}}],"collection":[{"href":"https:\/\/ryinz.cz\/velkoobchod\/cs\/wp-json\/wp\/v2\/product"}],"about":[{"href":"https:\/\/ryinz.cz\/velkoobchod\/cs\/wp-json\/wp\/v2\/types\/product"}],"replies":[{"embeddable":true,"href":"https:\/\/ryinz.cz\/velkoobchod\/cs\/wp-json\/wp\/v2\/comments?post=8967"}],"wp:featuredmedia":[{"embeddable":true,"href":"https:\/\/ryinz.cz\/velkoobchod\/cs\/wp-json\/wp\/v2\/media\/9024"}],"wp:attachment":[{"href":"https:\/\/ryinz.cz\/velkoobchod\/cs\/wp-json\/wp\/v2\/media?parent=8967"}],"wp:term":[{"taxonomy":"product_brand","embeddable":true,"href":"https:\/\/ryinz.cz\/velkoobchod\/cs\/wp-json\/wp\/v2\/product_brand?post=8967"},{"taxonomy":"product_cat","embeddable":true,"href":"https:\/\/ryinz.cz\/velkoobchod\/cs\/wp-json\/wp\/v2\/product_cat?post=8967"},{"taxonomy":"product_tag","embeddable":true,"href":"https:\/\/ryinz.cz\/velkoobchod\/cs\/wp-json\/wp\/v2\/product_tag?post=8967"}],"curies":[{"name":"wp","href":"https:\/\/api.w.org\/{rel}","templated":true}]}}