{"id":8966,"date":"2025-08-26T11:48:33","date_gmt":"2025-08-26T11:48:33","guid":{"rendered":"https:\/\/ryinz.cz\/velkoobchod\/?post_type=product&#038;p=8966"},"modified":"2026-01-18T20:17:09","modified_gmt":"2026-01-18T20:17:09","slug":"ryinz-celokozene-zavodni-rukavice-na-motorku-premiove-rukavice-na-motorku-pro-muze-a-zeny-tvrda-ochrana-kloubu-zavodni-vykon-k-dispozici-v-cervene-cerne-bile-a-modre-barve","status":"publish","type":"product","link":"https:\/\/ryinz.cz\/velkoobchod\/cs\/product\/ryinz-full-leather-motorcycle-racing-gloves-premium-motorbike-gloves-for-men-and-women-hard-knuckle-protection-racing-performance-available-in-red-black-white-and-blue\/","title":{"rendered":"Ryinz Celoko\u017een\u00e9 z\u00e1vodn\u00ed rukavice na motorku - pr\u00e9miov\u00e9 rukavice na motorku pro mu\u017ee a \u017eeny - tvrd\u00e1 ochrana kloub\u016f, z\u00e1vodn\u00ed v\u00fdkon, k dispozici v \u010derven\u00e9, \u010dern\u00e9, b\u00edl\u00e9 a modr\u00e9 barv\u011b"},"content":{"rendered":"<p class=\"\" data-start=\"336\" data-end=\"738\">P\u0159ipravte se na dokonalou ochranu a bezkonkuren\u010dn\u00ed styl s modelem <strong data-start=\"400\" data-end=\"447\">Ryinz Celoko\u017een\u00e9 z\u00e1vodn\u00ed rukavice pro motocykly<\/strong>. Tyto rukavice jsou ur\u010deny pro v\u00e1\u017en\u00e9 jezdce a profesion\u00e1ln\u00ed z\u00e1vodn\u00edky a poskytuj\u00ed \u0161pi\u010dkov\u00fd v\u00fdkon, maxim\u00e1ln\u00ed ochranu a vynikaj\u00edc\u00ed pohodl\u00ed. A\u0165 u\u017e z\u00e1vod\u00edte na okruhu, proj\u00ed\u017ed\u00edte se po d\u00e1lnici nebo jezd\u00edte v ter\u00e9nu, motocyklov\u00e9 rukavice Ryinz v\u00e1m zajist\u00ed bezpe\u010dn\u00e9, hbit\u00e9 a stylov\u00e9 ruce.<\/p>\n<p class=\"\" data-start=\"740\" data-end=\"1219\">Vyrobeno z <strong data-start=\"758\" data-end=\"801\">100% prvot\u0159\u00eddn\u00ed celoko\u017een\u00e1 hov\u011bzina<\/strong>, tyto rukavice zaji\u0161\u0165uj\u00ed v\u00fdjime\u010dnou odolnost proti od\u011bru a trvanlivost. Ko\u017een\u00e1 konstrukce zaru\u010duje nejen dlouhou \u017eivotnost, ale tak\u00e9 se p\u0159irozen\u011b p\u0159izp\u016fsob\u00ed tvaru ruky a \u010dasem v\u00e1m padne na m\u00edru. Rukavice jsou pe\u010dliv\u011b pro\u0161it\u00e9 siln\u00fdmi nit\u011bmi, tak\u017ee jsou ide\u00e1ln\u00ed i do t\u011bch nejn\u00e1ro\u010dn\u011bj\u0161\u00edch j\u00edzdn\u00edch podm\u00ednek. Ka\u017ed\u00fd centimetr rukavic je vyroben tak, aby vydr\u017eel extr\u00e9mn\u00ed prost\u0159ed\u00ed a ochr\u00e1nil v\u00e1s v p\u0159\u00edpad\u011b nehody.<\/p>\n<p class=\"\" data-start=\"1221\" data-end=\"1602\">Tyto z\u00e1vodn\u00ed rukavice Ryinz jsou vybaveny n\u00e1sleduj\u00edc\u00edmi ochrann\u00fdmi prvky. <strong data-start=\"1271\" data-end=\"1315\">pokro\u010dil\u00fd tvrd\u00fd kloubn\u00ed panc\u00ed\u0159 z uhl\u00edkov\u00fdch vl\u00e1ken<\/strong>. Karbonov\u00e9 klouby chr\u00e1n\u00ed ruce p\u0159ed n\u00e1razy a sr\u00e1\u017ekami, zat\u00edmco zes\u00edlen\u00e9 chr\u00e1ni\u010de prst\u016f poskytuj\u00ed dodate\u010dnou ochranu p\u0159ed nebezpe\u010d\u00edm na silnici. Rukavice maj\u00ed tak\u00e9 polstrovanou ochranu dlan\u00ed, kter\u00e1 minimalizuje vibrace od \u0159\u00edd\u00edtek a tlum\u00ed n\u00e1razy v p\u0159\u00edpad\u011b p\u00e1du.<\/p>\n<p class=\"\" data-start=\"1604\" data-end=\"1954\">Z\u00e1vod\u011bn\u00ed vy\u017eaduje p\u0159esnost a kontrolu. Proto rukavice Ryinz nab\u00edzej\u00ed <strong data-start=\"1673\" data-end=\"1718\">p\u0159edohnut\u00e9 prsty a ergonomick\u00e9 oblo\u017een\u00ed<\/strong>. P\u0159edem prohnut\u00e1 struktura sni\u017euje \u00fanavu a umo\u017e\u0148uje p\u0159irozen\u00fd pohyb prst\u016f pro optim\u00e1ln\u00ed dr\u017een\u00ed plynu, brzdy a spojky. Oblast dlan\u011b je vybavena dal\u0161\u00edmi silikonov\u00fdmi v\u00fdztuhami, kter\u00e9 zaji\u0161\u0165uj\u00ed vynikaj\u00edc\u00ed p\u0159ilnavost i za mokra.<\/p>\n<p class=\"\" data-start=\"1956\" data-end=\"2332\">Rukavice na motorku Ryinz zaji\u0161\u0165uj\u00ed pohodl\u00ed jezdce a zahrnuj\u00ed <strong data-start=\"2007\" data-end=\"2039\">strategick\u00e9 v\u011btrac\u00ed panely<\/strong> na prstech a z\u00e1p\u011bst\u00ed, kter\u00e9 umo\u017e\u0148uj\u00ed proud\u011bn\u00ed vzduchu, ani\u017e by byla ohro\u017eena bezpe\u010dnost. Tyto prody\u0161n\u00e9 konstrukce pom\u00e1haj\u00ed udr\u017eet ruce v chladu a suchu i b\u011bhem letn\u00edch z\u00e1vod\u016f nebo dlouh\u00fdch vyj\u00ed\u017ed\u011bk. Vnit\u0159n\u00ed pod\u0161\u00edvka odv\u00e1d\u011bj\u00edc\u00ed pot dod\u00e1v\u00e1 dal\u0161\u00ed vrstvu pohodl\u00ed a zabra\u0148uje klouz\u00e1n\u00ed zp\u016fsoben\u00e9mu zpocen\u00fdmi dlan\u011bmi.<\/p>\n<p class=\"\" data-start=\"2334\" data-end=\"2654\">Rukavice se mohou pochlubit <strong data-start=\"2353\" data-end=\"2376\">dlouh\u00e1, prodlou\u017een\u00e1 man\u017eeta<\/strong> design s dvojit\u00fdm zap\u00edn\u00e1n\u00edm na such\u00fd zip pro maxim\u00e1ln\u00ed ochranu z\u00e1p\u011bst\u00ed a bezpe\u010dn\u00e9 uchycen\u00ed. Nastaviteln\u00e9 zap\u00edn\u00e1n\u00ed zaji\u0161\u0165uje, \u017ee rukavice z\u016fstanou pevn\u011b na sv\u00e9m m\u00edst\u011b i p\u0159i extr\u00e9mn\u00edch z\u00e1vodn\u00edch man\u00e9vrech. Tato dodate\u010dn\u00e1 podpora z\u00e1p\u011bst\u00ed je z\u00e1sadn\u00ed pro prevenci zran\u011bn\u00ed p\u0159i nehod\u00e1ch ve vysok\u00fdch rychlostech.<\/p>\n<p class=\"\" data-start=\"2656\" data-end=\"3002\">Styl je stejn\u011b d\u016fle\u017eit\u00fd jako v\u00fdkon a z\u00e1vodn\u00ed rukavice Ryinz nezklamou. K dost\u00e1n\u00ed v barv\u00e1ch <strong data-start=\"2755\" data-end=\"2809\">\u010dty\u0159i v\u00fdrazn\u00e9 barvy - \u010dern\u00e1, b\u00edl\u00e1, \u010derven\u00e1 a modr\u00e1.<\/strong> - tyto rukavice umo\u017e\u0148uj\u00ed jezdc\u016fm sladit jejich v\u00fdbavu nebo barvu kola. Odv\u00e1\u017en\u00fd design v kombinaci s elegantn\u00edmi liniemi a agresivn\u00edmi detaily d\u011bl\u00e1 z t\u011bchto rukavic opravdovou atrakci na trati i mimo ni.<\/p>\n<p class=\"\" data-start=\"3004\" data-end=\"3020\"><strong data-start=\"3004\" data-end=\"3018\">Ide\u00e1ln\u00ed pro:<\/strong><\/p>\n<ul data-start=\"3021\" data-end=\"3186\">\n<li class=\"\" data-start=\"3021\" data-end=\"3042\">\n<p class=\"\" data-start=\"3023\" data-end=\"3042\">Motocyklov\u00e9 z\u00e1vody<\/p>\n<\/li>\n<li class=\"\" data-start=\"3043\" data-end=\"3063\">\n<p class=\"\" data-start=\"3045\" data-end=\"3063\">J\u00edzda na sportovn\u00edm motocyklu<\/p>\n<\/li>\n<li class=\"\" data-start=\"3064\" data-end=\"3084\">\n<p class=\"\" data-start=\"3066\" data-end=\"3084\">Cestov\u00e1n\u00ed po d\u00e1lnici<\/p>\n<\/li>\n<li class=\"\" data-start=\"3085\" data-end=\"3106\">\n<p class=\"\" data-start=\"3087\" data-end=\"3106\">Dobrodru\u017en\u00e1 turistika<\/p>\n<\/li>\n<li class=\"\" data-start=\"3107\" data-end=\"3141\">\n<p class=\"\" data-start=\"3109\" data-end=\"3141\">Motokros a j\u00edzda na ter\u00e9nn\u00edm kole<\/p>\n<\/li>\n<li class=\"\" data-start=\"3142\" data-end=\"3186\">\n<p class=\"\" data-start=\"3144\" data-end=\"3186\">Dny na okruhu a profesion\u00e1ln\u00ed sout\u011b\u017ee<\/p>\n<\/li>\n<\/ul>\n<p class=\"\" data-start=\"3188\" data-end=\"3426\">Ka\u017ed\u00e1 rukavice Ryinz proch\u00e1z\u00ed p\u0159\u00edsnou kontrolou kvality a testov\u00e1n\u00edm v ter\u00e9nu, aby bylo zaji\u0161t\u011bno, \u017ee spl\u0148uje nejvy\u0161\u0161\u00ed bezpe\u010dnostn\u00ed standardy. Jezdci po cel\u00e9m sv\u011bt\u011b d\u016fv\u011b\u0159uj\u00ed spole\u010dnosti Ryinz, \u017ee chr\u00e1n\u00ed jejich ruce a z\u00e1rove\u0148 poskytuje bezkonkuren\u010dn\u00ed styl, pohodl\u00ed a odolnost.<\/p>\n<p class=\"\" data-start=\"3428\" data-end=\"3592\">Kdy\u017e jste zap\u00e1len\u00ed pro motocykly, ned\u011bl\u00e1te kompromisy. Vyberte si <strong data-start=\"3500\" data-end=\"3547\">Ryinz Celoko\u017een\u00e9 z\u00e1vodn\u00ed rukavice pro motocykly<\/strong> - navr\u017een pro v\u00edt\u011bze, vyroben pro \u0161ampiony.<\/p>\n<hr class=\"\" data-start=\"3594\" data-end=\"3597\" \/>\n<p class=\"\" data-start=\"3599\" data-end=\"3618\"><strong data-start=\"3599\" data-end=\"3616\">Kl\u00ed\u010dov\u00e9 vlastnosti:<\/strong><\/p>\n<ul data-start=\"3619\" data-end=\"4039\">\n<li class=\"\" data-start=\"3619\" data-end=\"3667\">\n<p class=\"\" data-start=\"3621\" data-end=\"3667\">100% Celoko\u017een\u00e1 konstrukce z prvot\u0159\u00eddn\u00ed k\u016f\u017ee<\/p>\n<\/li>\n<li class=\"\" data-start=\"3668\" data-end=\"3703\">\n<p class=\"\" data-start=\"3670\" data-end=\"3703\">Ochrana kloub\u016f z uhl\u00edkov\u00fdch vl\u00e1ken<\/p>\n<\/li>\n<li class=\"\" data-start=\"3704\" data-end=\"3748\">\n<p class=\"\" data-start=\"3706\" data-end=\"3748\">Zes\u00edlen\u00e9 jezdce dlan\u00ed pro v\u011bt\u0161\u00ed bezpe\u010dnost<\/p>\n<\/li>\n<li class=\"\" data-start=\"3749\" data-end=\"3787\">\n<p class=\"\" data-start=\"3751\" data-end=\"3787\">P\u0159edem zak\u0159iven\u00fd ergonomick\u00fd design prst\u016f<\/p>\n<\/li>\n<li class=\"\" data-start=\"3788\" data-end=\"3833\">\n<p class=\"\" data-start=\"3790\" data-end=\"3833\">Prody\u0161n\u00e9 v\u011btrac\u00ed panely pro chlazen\u00ed<\/p>\n<\/li>\n<li class=\"\" data-start=\"3834\" data-end=\"3877\">\n<p class=\"\" data-start=\"3836\" data-end=\"3877\">Dlouh\u00e1 man\u017eeta pro \u00faplnou ochranu z\u00e1p\u011bst\u00ed<\/p>\n<\/li>\n<li class=\"\" data-start=\"3878\" data-end=\"3924\">\n<p class=\"\" data-start=\"3880\" data-end=\"3924\">Dvojit\u00e9 zap\u00edn\u00e1n\u00ed na such\u00fd zip pro dokonal\u00e9 uchycen\u00ed<\/p>\n<\/li>\n<li class=\"\" data-start=\"3925\" data-end=\"3964\">\n<p class=\"\" data-start=\"3927\" data-end=\"3964\">Siln\u00e9 pro\u0161\u00edv\u00e1n\u00ed pro robustn\u00ed pou\u017eit\u00ed<\/p>\n<\/li>\n<li class=\"\" data-start=\"3965\" data-end=\"3998\">\n<p class=\"\" data-start=\"3967\" data-end=\"3998\">Vnit\u0159n\u00ed pod\u0161\u00edvka odv\u00e1d\u011bj\u00edc\u00ed vlhkost<\/p>\n<\/li>\n<li class=\"\" data-start=\"3999\" data-end=\"4039\">\n<p class=\"\" data-start=\"4001\" data-end=\"4039\">K dispozici v \u010dern\u00e9, b\u00edl\u00e9, \u010derven\u00e9 a modr\u00e9 barv\u011b<\/p>\n<\/li>\n<\/ul>\n<p class=\"\" data-start=\"4041\" data-end=\"4065\"><strong data-start=\"4041\" data-end=\"4063\">Technick\u00e9 detaily:<\/strong><\/p>\n<ul data-start=\"4066\" data-end=\"4310\">\n<li class=\"\" data-start=\"4066\" data-end=\"4111\">\n<p class=\"\" data-start=\"4068\" data-end=\"4111\">Materi\u00e1l: 100% Hov\u011bz\u00ed k\u016f\u017ee v pln\u00e9m rozsahu<\/p>\n<\/li>\n<li class=\"\" data-start=\"4112\" data-end=\"4175\">\n<p class=\"\" data-start=\"4114\" data-end=\"4175\">Ochrana: Karbonov\u00e9 klouby, zes\u00edlen\u00e9 dlan\u011b, chr\u00e1ni\u010de prst\u016f<\/p>\n<\/li>\n<li class=\"\" data-start=\"4176\" data-end=\"4203\">\n<p class=\"\" data-start=\"4178\" data-end=\"4203\">Velikosti: S, M, L, XL, XXL<\/p>\n<\/li>\n<li class=\"\" data-start=\"4204\" data-end=\"4238\">\n<p class=\"\" data-start=\"4206\" data-end=\"4238\">Pohlav\u00ed: Unisex (mu\u017ei a \u017eeny)<\/p>\n<\/li>\n<li class=\"\" data-start=\"4239\" data-end=\"4274\">\n<p class=\"\" data-start=\"4241\" data-end=\"4274\">Uzav\u0159en\u00ed: Dvojit\u00fd nastaviteln\u00fd such\u00fd zip<\/p>\n<\/li>\n<li class=\"\" data-start=\"4275\" data-end=\"4310\">\n<p class=\"\" data-start=\"4277\" data-end=\"4310\">Barvy: \u010cern\u00e1, \u010derven\u00e1, b\u00edl\u00e1, modr\u00e1<\/p>\n<\/li>\n<\/ul>","protected":false},"excerpt":{"rendered":"<p>Posu\u0148te sv\u00e9 z\u00e1vodn\u00ed z\u00e1\u017eitky na vy\u0161\u0161\u00ed \u00farove\u0148 s celoko\u017een\u00fdmi motocyklov\u00fdmi rukavicemi Ryinz. Tyto rukavice, navr\u017een\u00e9 pro seri\u00f3zn\u00ed jezdce, nab\u00edzej\u00ed karbonovou ochranu, celoko\u017eenou konstrukci, perfektn\u00ed st\u0159ih a v\u00fdkon p\u0159ipraven\u00fd na z\u00e1vody.<\/p>\n<p class=\"\" data-start=\"3599\" data-end=\"3618\"><strong data-start=\"3599\" data-end=\"3616\">Kl\u00ed\u010dov\u00e9 vlastnosti:<\/strong><\/p>\n<ul data-start=\"3619\" data-end=\"4039\">\n<li class=\"\" data-start=\"3619\" data-end=\"3667\">\n<p class=\"\" data-start=\"3621\" data-end=\"3667\">100% Celoko\u017een\u00e1 konstrukce z prvot\u0159\u00eddn\u00ed k\u016f\u017ee<\/p>\n<\/li>\n<li class=\"\" data-start=\"3668\" data-end=\"3703\">\n<p class=\"\" data-start=\"3670\" data-end=\"3703\">Ochrana kloub\u016f z uhl\u00edkov\u00fdch vl\u00e1ken<\/p>\n<\/li>\n<li class=\"\" data-start=\"3704\" data-end=\"3748\">\n<p class=\"\" data-start=\"3706\" data-end=\"3748\">Zes\u00edlen\u00e9 jezdce dlan\u00ed pro v\u011bt\u0161\u00ed bezpe\u010dnost<\/p>\n<\/li>\n<li class=\"\" data-start=\"3749\" data-end=\"3787\">\n<p class=\"\" data-start=\"3751\" data-end=\"3787\">P\u0159edem zak\u0159iven\u00fd ergonomick\u00fd design prst\u016f<\/p>\n<\/li>\n<li class=\"\" data-start=\"3788\" data-end=\"3833\">\n<p class=\"\" data-start=\"3790\" data-end=\"3833\">Prody\u0161n\u00e9 v\u011btrac\u00ed panely pro chlazen\u00ed<\/p>\n<\/li>\n<li class=\"\" data-start=\"3834\" data-end=\"3877\">\n<p class=\"\" data-start=\"3836\" data-end=\"3877\">Dlouh\u00e1 man\u017eeta pro \u00faplnou ochranu z\u00e1p\u011bst\u00ed<\/p>\n<\/li>\n<\/ul>","protected":false},"featured_media":9021,"comment_status":"closed","ping_status":"closed","template":"","meta":[],"product_brand":[35],"product_cat":[1111,122],"product_tag":[125,126,127,123],"class_list":{"0":"post-8966","1":"product","2":"type-product","3":"status-publish","4":"has-post-thumbnail","6":"product_brand-ryinz","7":"product_cat-motorbike","8":"product_cat-motorbike-racing-gloves","9":"product_tag-environmentally-friendly-motorbike-gloves","10":"product_tag-gillani-gloves","11":"product_tag-knuckle-protection-gloves","12":"product_tag-racing-gloves","14":"first","15":"instock","16":"taxable","17":"shipping-taxable","18":"purchasable","19":"product-type-simple"},"_links":{"self":[{"href":"https:\/\/ryinz.cz\/velkoobchod\/cs\/wp-json\/wp\/v2\/product\/8966","targetHints":{"allow":["GET"]}}],"collection":[{"href":"https:\/\/ryinz.cz\/velkoobchod\/cs\/wp-json\/wp\/v2\/product"}],"about":[{"href":"https:\/\/ryinz.cz\/velkoobchod\/cs\/wp-json\/wp\/v2\/types\/product"}],"replies":[{"embeddable":true,"href":"https:\/\/ryinz.cz\/velkoobchod\/cs\/wp-json\/wp\/v2\/comments?post=8966"}],"wp:featuredmedia":[{"embeddable":true,"href":"https:\/\/ryinz.cz\/velkoobchod\/cs\/wp-json\/wp\/v2\/media\/9021"}],"wp:attachment":[{"href":"https:\/\/ryinz.cz\/velkoobchod\/cs\/wp-json\/wp\/v2\/media?parent=8966"}],"wp:term":[{"taxonomy":"product_brand","embeddable":true,"href":"https:\/\/ryinz.cz\/velkoobchod\/cs\/wp-json\/wp\/v2\/product_brand?post=8966"},{"taxonomy":"product_cat","embeddable":true,"href":"https:\/\/ryinz.cz\/velkoobchod\/cs\/wp-json\/wp\/v2\/product_cat?post=8966"},{"taxonomy":"product_tag","embeddable":true,"href":"https:\/\/ryinz.cz\/velkoobchod\/cs\/wp-json\/wp\/v2\/product_tag?post=8966"}],"curies":[{"name":"wp","href":"https:\/\/api.w.org\/{rel}","templated":true}]}}