{"id":8965,"date":"2025-08-26T11:48:32","date_gmt":"2025-08-26T11:48:32","guid":{"rendered":"https:\/\/ryinz.cz\/velkoobchod\/?post_type=product&#038;p=8965"},"modified":"2026-01-18T20:17:08","modified_gmt":"2026-01-18T20:17:08","slug":"ryinz-premiove-zavodni-rukavice-na-motorku-s-ochranou-z-uhlikovych-vlaken","status":"publish","type":"product","link":"https:\/\/ryinz.cz\/velkoobchod\/cs\/product\/ryinz-premium-motorbike-racing-gloves-with-carbon-fiber-protection\/","title":{"rendered":"RYINZ Premium Motocyklov\u00e9 z\u00e1vodn\u00ed rukavice s ochranou z uhl\u00edkov\u00fdch vl\u00e1ken"},"content":{"rendered":"<p class=\"\" data-start=\"592\" data-end=\"961\">P\u0159edstaven\u00ed <strong data-start=\"608\" data-end=\"678\">RYINZ Premium Motocyklov\u00e9 z\u00e1vodn\u00ed rukavice s ochranou z uhl\u00edkov\u00fdch vl\u00e1ken<\/strong>, revolu\u010dn\u00ed design, kter\u00fd spojuje v\u00fdkon, bezpe\u010dnost a styl pro ka\u017ed\u00e9ho motocyklov\u00e9ho nad\u0161ence. Tyto rukavice jsou precizn\u011b zkonstruov\u00e1ny pro maxim\u00e1ln\u00ed kontrolu, dokonal\u00fd \u00fachop a bezkonkuren\u010dn\u00ed ochranu, co\u017e z nich \u010din\u00ed dokonal\u00e9ho spole\u010dn\u00edka pro z\u00e1vod\u011bn\u00ed, cestov\u00e1n\u00ed i ka\u017edodenn\u00ed doj\u00ed\u017ed\u011bn\u00ed.<\/p>\n<p class=\"\" data-start=\"963\" data-end=\"1413\">Z\u00e1vodn\u00ed rukavice RYINZ Motorbike Racing jsou vyrobeny z vysoce kvalitn\u00ed prav\u00e9 k\u016f\u017ee a vyzna\u010duj\u00ed se vynikaj\u00edc\u00ed odolnost\u00ed a luxusn\u00edm pocitem. Za\u010dlen\u011bn\u00ed ochrany kloub\u016f z uhl\u00edkov\u00fdch vl\u00e1ken zaji\u0161\u0165uje, \u017ee va\u0161e ruce jsou chr\u00e1n\u011bny p\u0159ed n\u00e1razy, od\u0159eninami a zran\u011bn\u00edmi, a poskytuje tak nejvy\u0161\u0161\u00ed bezpe\u010dnostn\u00ed standardy na z\u00e1vodn\u00ed dr\u00e1ze nebo na silnici. Inovativn\u00ed design je vybaven prody\u0161nou perforac\u00ed, kter\u00e1 udr\u017euje proud\u011bn\u00ed vzduchu a udr\u017euje va\u0161e ruce v chladu a suchu i b\u011bhem intenzivn\u00edch j\u00edzd.<\/p>\n<p class=\"\" data-start=\"1415\" data-end=\"1836\">Tyto rukavice se mohou pochlubit ergonomickou konstrukc\u00ed s p\u0159edem zak\u0159iven\u00fdmi prsty, kter\u00e1 sni\u017euje \u00fanavu a zvy\u0161uje pohodl\u00ed p\u0159i dlouh\u00fdch j\u00edzd\u00e1ch. Zes\u00edlen\u00e9 polstrov\u00e1n\u00ed dlan\u011b zlep\u0161uje tlumen\u00ed n\u00e1raz\u016f a nab\u00edz\u00ed vynikaj\u00edc\u00ed kontrolu nad \u00fachopem, co\u017e zaru\u010duje, \u017ee se budete pevn\u011b dr\u017eet \u0159\u00edd\u00edtek bez ohledu na podm\u00ednky. Pru\u017en\u00e1 konstrukce umo\u017e\u0148uje pln\u00fd pohyb prst\u016f bez omezen\u00ed, co\u017e zvy\u0161uje va\u0161i hbitost a reak\u010dn\u00ed dobu na kole.<\/p>\n<p class=\"\" data-start=\"1838\" data-end=\"2172\">Rukavice RYINZ jsou navr\u017eeny pro modern\u00ed jezdce a jsou vybaveny kone\u010dky prst\u016f kompatibiln\u00edmi s dotykov\u00fdm displejem, tak\u017ee m\u016f\u017eete pou\u017e\u00edvat smartphone, GPS nebo jin\u00e1 za\u0159\u00edzen\u00ed, ani\u017e byste si museli sund\u00e1vat rukavice. Nastaviteln\u00e9 zap\u00edn\u00e1n\u00ed na such\u00fd zip na z\u00e1p\u011bst\u00ed zaji\u0161\u0165uje bezpe\u010dn\u00e9 a individu\u00e1ln\u00ed p\u0159izp\u016fsoben\u00ed, poskytuje dodate\u010dnou oporu z\u00e1p\u011bst\u00ed a zabra\u0148uje sklouz\u00e1v\u00e1n\u00ed b\u011bhem j\u00edzdy.<\/p>\n<p class=\"\" data-start=\"2174\" data-end=\"2435\">Tyto rukavice poskytuj\u00ed \u0161pi\u010dkov\u00fd v\u00fdkon s d\u016frazem na bezpe\u010dnost a pohodl\u00ed, a\u0165 u\u017e br\u00e1zd\u00edte z\u00e1vodn\u00ed dr\u00e1hu, proj\u00ed\u017ed\u00edte se po d\u00e1lnici nebo se pohybujete v ulic\u00edch m\u011bsta. D\u00edky elegantn\u00edmu a agresivn\u00edmu designu v\u00e1s nejen ochr\u00e1n\u00ed, ale tak\u00e9 vylep\u0161\u00ed v\u00e1\u0161 jezdeck\u00fd vzhled.<\/p>\n<p class=\"\" data-start=\"2437\" data-end=\"2821\">Na adrese <strong data-start=\"2440\" data-end=\"2449\">RYINZ<\/strong>, ch\u00e1peme, \u017ee seri\u00f3zn\u00ed jezdci pot\u0159ebuj\u00ed seri\u00f3zn\u00ed v\u00fdbavu. Na\u0161e motocyklov\u00e9 z\u00e1vodn\u00ed rukavice jsou pe\u010dliv\u011b vyrobeny tak, aby poskytovaly odolnost, pru\u017enost a spolehlivost, kter\u00e9 pot\u0159ebujete pro ka\u017ed\u00e9 dobrodru\u017estv\u00ed. Ka\u017ed\u00fd p\u00e1r je vyroben podle p\u0159\u00edsn\u00fdch norem s pou\u017eit\u00edm nejlep\u0161\u00edch materi\u00e1l\u016f a \u0161pi\u010dkov\u00fdch technik, co\u017e zaji\u0161\u0165uje dlouhotrvaj\u00edc\u00ed v\u00fdkon i v t\u011bch nejn\u00e1ro\u010dn\u011bj\u0161\u00edch podm\u00ednk\u00e1ch.<\/p>\n<p class=\"\" data-start=\"2823\" data-end=\"3140\">Tyto rukavice jsou ide\u00e1ln\u00ed pro motocyklov\u00e9 z\u00e1vody, pouli\u010dn\u00ed z\u00e1vody, motokros, supermoto, dobrodru\u017enou j\u00edzdu, j\u00edzdu na sportovn\u00edm motocyklu, cruiser biking, kaskad\u00e9rskou j\u00edzdu a profesion\u00e1ln\u00ed z\u00e1vodn\u00ed akce. Jsou vyrobeny tak, aby odolaly nejn\u00e1ro\u010dn\u011bj\u0161\u00edm podm\u00ednk\u00e1m, a nab\u00edzej\u00ed odolnost proti opot\u0159eben\u00ed, ne\u010distot\u00e1m na silnici, n\u00e1raz\u016fm v\u011btru a n\u00e1hodn\u00fdm p\u00e1d\u016fm.<\/p>\n<p class=\"\" data-start=\"3142\" data-end=\"3445\">Rukavice RYINZ Motorbike Racing Gloves si d\u00edky jejich univerz\u00e1ln\u00edmu vyu\u017eit\u00ed obl\u00edbili z\u00e1vodn\u00edci, hobbyist\u00e9, profesion\u00e1ln\u00ed motork\u00e1\u0159i, doj\u00ed\u017ed\u011bj\u00edc\u00ed do pr\u00e1ce a moto dobrodruzi po cel\u00e9m sv\u011bt\u011b. Zvolte si rukavice RYINZ, kter\u00e9 slibuj\u00ed dokonalost, p\u0159esnost a ochranu - proto\u017ee va\u0161e ruce si zaslou\u017e\u00ed jen to nejlep\u0161\u00ed.<\/p>\n<hr class=\"\" data-start=\"3447\" data-end=\"3450\" \/>\n<h3 class=\"\" data-start=\"3452\" data-end=\"3475\"><strong data-start=\"3456\" data-end=\"3473\">Kl\u00ed\u010dov\u00e9 vlastnosti:<\/strong><\/h3>\n<ul data-start=\"3476\" data-end=\"4342\">\n<li class=\"\" data-start=\"3476\" data-end=\"3526\">\n<p class=\"\" data-start=\"3478\" data-end=\"3526\">Pr\u00e9miov\u00e1 prav\u00e1 k\u016f\u017ee pro maxim\u00e1ln\u00ed odolnost<\/p>\n<\/li>\n<li class=\"\" data-start=\"3527\" data-end=\"3589\">\n<p class=\"\" data-start=\"3529\" data-end=\"3589\">Chr\u00e1ni\u010de kloub\u016f z uhl\u00edkov\u00fdch vl\u00e1ken pro vynikaj\u00edc\u00ed ochranu proti n\u00e1razu<\/p>\n<\/li>\n<li class=\"\" data-start=\"3590\" data-end=\"3646\">\n<p class=\"\" data-start=\"3592\" data-end=\"3646\">Prody\u0161n\u00fd perforovan\u00fd design pro optim\u00e1ln\u00ed v\u011btr\u00e1n\u00ed<\/p>\n<\/li>\n<li class=\"\" data-start=\"3647\" data-end=\"3697\">\n<p class=\"\" data-start=\"3649\" data-end=\"3697\">P\u0159edem zak\u0159iven\u00e9 ergonomick\u00e9 prsty pro sn\u00ed\u017een\u00ed \u00fanavy<\/p>\n<\/li>\n<li class=\"\" data-start=\"3698\" data-end=\"3760\">\n<p class=\"\" data-start=\"3700\" data-end=\"3760\">Polstrov\u00e1n\u00ed dlan\u011b tlum\u00edc\u00ed n\u00e1razy pro lep\u0161\u00ed \u00fachop a pohodl\u00ed<\/p>\n<\/li>\n<li class=\"\" data-start=\"3761\" data-end=\"3821\">\n<p class=\"\" data-start=\"3763\" data-end=\"3821\">Nastaviteln\u00fd p\u00e1sek na z\u00e1p\u011bst\u00ed na such\u00fd zip pro bezpe\u010dn\u00e9 a p\u0159izp\u016fsoben\u00e9 no\u0161en\u00ed<\/p>\n<\/li>\n<li class=\"\" data-start=\"3822\" data-end=\"3875\">\n<p class=\"\" data-start=\"3824\" data-end=\"3875\">Kompatibiln\u00ed s dotykov\u00fdm displejem pro pohodl\u00ed prst\u016f<\/p>\n<\/li>\n<li class=\"\" data-start=\"3876\" data-end=\"3935\">\n<p class=\"\" data-start=\"3878\" data-end=\"3935\">Elegantn\u00ed, agresivn\u00ed design vhodn\u00fd pro profesion\u00e1ln\u00ed jezdce<\/p>\n<\/li>\n<li class=\"\" data-start=\"3936\" data-end=\"3995\">\n<p class=\"\" data-start=\"3938\" data-end=\"3995\">Zes\u00edlen\u00e9 \u0161vy pro v\u011bt\u0161\u00ed pevnost a spolehlivost<\/p>\n<\/li>\n<li class=\"\" data-start=\"3996\" data-end=\"4060\">\n<p class=\"\" data-start=\"3998\" data-end=\"4060\">Vhodn\u00e9 pro z\u00e1vodn\u00ed, turistick\u00e9, doj\u00ed\u017ed\u011bc\u00ed a dobrodru\u017en\u00e9 j\u00edzdy.<\/p>\n<\/li>\n<li class=\"\" data-start=\"4061\" data-end=\"4116\">\n<p class=\"\" data-start=\"4063\" data-end=\"4116\">Odolnost v\u016f\u010di od\u0159enin\u00e1m, ne\u010distot\u00e1m na silnici a v\u011btru.<\/p>\n<\/li>\n<li class=\"\" data-start=\"4117\" data-end=\"4168\">\n<p class=\"\" data-start=\"4119\" data-end=\"4168\">Lehk\u00e1, ale siln\u011b ochrann\u00e1 konstrukce<\/p>\n<\/li>\n<li class=\"\" data-start=\"4169\" data-end=\"4230\">\n<p class=\"\" data-start=\"4171\" data-end=\"4230\">Precizn\u00ed v\u00fdroba pro profesion\u00e1ln\u00ed i p\u0159\u00edle\u017eitostn\u00e9 cyklisty<\/p>\n<\/li>\n<li class=\"\" data-start=\"4231\" data-end=\"4289\">\n<p class=\"\" data-start=\"4233\" data-end=\"4289\">Flexibiln\u00ed a vysoce citliv\u00e9 pro lep\u0161\u00ed ovl\u00e1d\u00e1n\u00ed kola<\/p>\n<\/li>\n<li class=\"\" data-start=\"4290\" data-end=\"4342\">\n<p class=\"\" data-start=\"4292\" data-end=\"4342\">Ide\u00e1ln\u00ed pro v\u0161echna ro\u010dn\u00ed obdob\u00ed v\u010detn\u011b m\u00edrn\u00e9 zimy<\/p>\n<\/li>\n<\/ul>","protected":false},"excerpt":{"rendered":"<p>Za\u017eijte bezkonkuren\u010dn\u00ed ochranu a pohodl\u00ed se z\u00e1vodn\u00edmi rukavicemi RYINZ Premium Motorbike Racing Gloves. Tyto rukavice jsou navr\u017eeny s chr\u00e1ni\u010di kloub\u016f z uhl\u00edkov\u00fdch vl\u00e1ken, prvot\u0159\u00eddn\u00ed ko\u017eenou konstrukc\u00ed a ergonomick\u00fdm st\u0159ihem a jsou ur\u010deny pro jezdce, kte\u0159\u00ed vy\u017eaduj\u00ed v\u00fdkon, bezpe\u010dnost a styl. Jsou ide\u00e1ln\u00ed pro z\u00e1vod\u011bn\u00ed, pouli\u010dn\u00ed j\u00edzdu na kole, turistiku i ka\u017edodenn\u00ed vyj\u00ed\u017e\u010fky.<\/p>\n<h3 class=\"\" data-start=\"3452\" data-end=\"3475\"><strong data-start=\"3456\" data-end=\"3473\">Kl\u00ed\u010dov\u00e9 vlastnosti:<\/strong><\/h3>\n<ul data-start=\"3476\" data-end=\"4342\">\n<li class=\"\" data-start=\"3476\" data-end=\"3526\">\n<p class=\"\" data-start=\"3478\" data-end=\"3526\">Pr\u00e9miov\u00e1 prav\u00e1 k\u016f\u017ee pro maxim\u00e1ln\u00ed odolnost<\/p>\n<\/li>\n<li class=\"\" data-start=\"3476\" data-end=\"3526\">\n<p class=\"\" data-start=\"3478\" data-end=\"3526\">Chr\u00e1ni\u010de kloub\u016f z uhl\u00edkov\u00fdch vl\u00e1ken pro vynikaj\u00edc\u00ed ochranu proti n\u00e1razu<\/p>\n<\/li>\n<li class=\"\" data-start=\"3590\" data-end=\"3646\">\n<p class=\"\" data-start=\"3592\" data-end=\"3646\">Prody\u0161n\u00fd perforovan\u00fd design pro optim\u00e1ln\u00ed v\u011btr\u00e1n\u00ed<\/p>\n<\/li>\n<li class=\"\" data-start=\"3647\" data-end=\"3697\">\n<p class=\"\" data-start=\"3649\" data-end=\"3697\">P\u0159edem zak\u0159iven\u00e9 ergonomick\u00e9 prsty pro sn\u00ed\u017een\u00ed \u00fanavy<\/p>\n<\/li>\n<li class=\"\" data-start=\"3698\" data-end=\"3760\">\n<p class=\"\" data-start=\"3700\" data-end=\"3760\">Polstrov\u00e1n\u00ed dlan\u011b tlum\u00edc\u00ed n\u00e1razy pro lep\u0161\u00ed \u00fachop a pohodl\u00ed<\/p>\n<\/li>\n<li class=\"\" data-start=\"3761\" data-end=\"3821\">\n<p class=\"\" data-start=\"3763\" data-end=\"3821\">Nastaviteln\u00fd p\u00e1sek na z\u00e1p\u011bst\u00ed na such\u00fd zip pro bezpe\u010dn\u00e9 a p\u0159izp\u016fsoben\u00e9 no\u0161en\u00ed<\/p>\n<\/li>\n<\/ul>","protected":false},"featured_media":9026,"comment_status":"closed","ping_status":"closed","template":"","meta":[],"product_brand":[35],"product_cat":[1111,122],"product_tag":[124,123],"class_list":{"0":"post-8965","1":"product","2":"type-product","3":"status-publish","4":"has-post-thumbnail","6":"product_brand-ryinz","7":"product_cat-motorbike","8":"product_cat-motorbike-racing-gloves","9":"product_tag-motorbike-racing-gloves","10":"product_tag-racing-gloves","12":"first","13":"instock","14":"taxable","15":"shipping-taxable","16":"purchasable","17":"product-type-simple"},"_links":{"self":[{"href":"https:\/\/ryinz.cz\/velkoobchod\/cs\/wp-json\/wp\/v2\/product\/8965","targetHints":{"allow":["GET"]}}],"collection":[{"href":"https:\/\/ryinz.cz\/velkoobchod\/cs\/wp-json\/wp\/v2\/product"}],"about":[{"href":"https:\/\/ryinz.cz\/velkoobchod\/cs\/wp-json\/wp\/v2\/types\/product"}],"replies":[{"embeddable":true,"href":"https:\/\/ryinz.cz\/velkoobchod\/cs\/wp-json\/wp\/v2\/comments?post=8965"}],"wp:featuredmedia":[{"embeddable":true,"href":"https:\/\/ryinz.cz\/velkoobchod\/cs\/wp-json\/wp\/v2\/media\/9026"}],"wp:attachment":[{"href":"https:\/\/ryinz.cz\/velkoobchod\/cs\/wp-json\/wp\/v2\/media?parent=8965"}],"wp:term":[{"taxonomy":"product_brand","embeddable":true,"href":"https:\/\/ryinz.cz\/velkoobchod\/cs\/wp-json\/wp\/v2\/product_brand?post=8965"},{"taxonomy":"product_cat","embeddable":true,"href":"https:\/\/ryinz.cz\/velkoobchod\/cs\/wp-json\/wp\/v2\/product_cat?post=8965"},{"taxonomy":"product_tag","embeddable":true,"href":"https:\/\/ryinz.cz\/velkoobchod\/cs\/wp-json\/wp\/v2\/product_tag?post=8965"}],"curies":[{"name":"wp","href":"https:\/\/api.w.org\/{rel}","templated":true}]}}