{"id":8964,"date":"2025-08-26T11:48:32","date_gmt":"2025-08-26T11:48:32","guid":{"rendered":"https:\/\/ryinz.cz\/velkoobchod\/?post_type=product&#038;p=8964"},"modified":"2026-01-18T20:17:06","modified_gmt":"2026-01-18T20:17:06","slug":"ryinz-premiove-kozene-zavodni-rukavice-na-motorku-plna-ochrana-rukou-s-karbonovym-pancirem-rukavice-na-motorku-pro-zavodni-jizdu-a-dobrodruznou-jizdu-k-dispozici-v-cervene-cerne-barve","status":"publish","type":"product","link":"https:\/\/ryinz.cz\/velkoobchod\/cs\/product\/ryinz-premium-leather-motorcycle-racing-gloves-full-hand-protection-with-carbon-armor-motorbike-gloves-for-racing-cruising-and-adventure-riding-available-in-red-black\/","title":{"rendered":"Ryinz Premium Leather Motorcycle Racing Gloves - Pln\u00e1 ochrana rukou s karbonov\u00fdm panc\u00ed\u0159em - Rukavice na motorku pro z\u00e1vodn\u00ed, cestovn\u00ed a dobrodru\u017enou j\u00edzdu - K dispozici v \u010derven\u00e9, \u010dern\u00e9, b\u00edl\u00e9 a modr\u00e9 barv\u011b"},"content":{"rendered":"<p class=\"\" data-start=\"338\" data-end=\"723\">S ko\u017een\u00fdmi z\u00e1vodn\u00edmi rukavicemi Ryinz Premium, v nich\u017e se ochrana snoub\u00ed s v\u00fdkonem, za\u017eijete dokonal\u00fd z\u00e1\u017eitek z j\u00edzdy. Tyto rukavice, navr\u017een\u00e9 pro seri\u00f3zn\u00ed jezdce, kte\u0159\u00ed vy\u017eaduj\u00ed odolnost, styl a bezkonkuren\u010dn\u00ed ochranu rukou, jsou navr\u017eeny tak, aby pod\u00e1valy lep\u0161\u00ed v\u00fdkony za v\u0161ech podm\u00ednek, a\u0165 u\u017e z\u00e1vod\u00edte, proj\u00ed\u017ed\u00edte se po d\u00e1lnic\u00edch nebo prozkoum\u00e1v\u00e1te drsn\u00fd ter\u00e9n.<\/p>\n<p class=\"\" data-start=\"725\" data-end=\"1102\">Tyto rukavice jsou vyrobeny z nejkvalitn\u011bj\u0161\u00ed prvot\u0159\u00eddn\u00ed k\u016f\u017ee a poskytuj\u00ed v\u00fdjime\u010dnou kombinaci pru\u017enosti a odolnosti, tak\u017ee v\u00e1m poskytnou vynikaj\u00edc\u00ed pohodl\u00ed, ani\u017e byste museli ob\u011btovat ochranu. Rukavice maj\u00ed celoplo\u0161n\u011b zes\u00edlenou konstrukci, kter\u00e1 kombinuje nejnov\u011bj\u0161\u00ed technologie v oblasti absorpce n\u00e1raz\u016f a odolnosti proti od\u011bru a chr\u00e1n\u00ed va\u0161e ruce p\u0159ed p\u00e1dy, sr\u00e1\u017ekami a nebezpe\u010d\u00edm na silnici.<\/p>\n<p class=\"\" data-start=\"1104\" data-end=\"1579\">Strategicky um\u00edst\u011bn\u00e9 karbonov\u00e9 chr\u00e1ni\u010de kloub\u016f a prst\u016f poskytuj\u00ed maxim\u00e1ln\u00ed ochranu proti n\u00e1hl\u00fdm n\u00e1raz\u016fm, zat\u00edmco chytr\u00fd ergonomick\u00fd design zaji\u0161\u0165uje p\u0159irozen\u00e9 zak\u0159iven\u00ed ruky a zabra\u0148uje jej\u00ed \u00fanav\u011b p\u0159i dlouh\u00fdch j\u00edzd\u00e1ch. V\u011btrac\u00ed panely jsou odborn\u011b integrov\u00e1ny tak, aby udr\u017eovaly proud\u011bn\u00ed vzduchu a udr\u017eovaly va\u0161e ruce chladn\u00e9 a such\u00e9 i b\u011bhem intenzivn\u00edch letn\u00edch j\u00edzd. Rukavice nab\u00edzej\u00ed nastaviteln\u00fd syst\u00e9m zap\u00edn\u00e1n\u00ed na z\u00e1p\u011bst\u00ed, kter\u00fd v\u00e1m zajist\u00ed pevn\u00e9 a bezpe\u010dn\u00e9 uchycen\u00ed a zabr\u00e1n\u00ed vniknut\u00ed prachu, ne\u010distot a de\u0161\u0165ov\u00e9 vody.<\/p>\n<p class=\"\" data-start=\"1581\" data-end=\"1945\">Oblasti dlan\u00ed jsou zes\u00edleny protiskluzov\u00fdmi polstrovan\u00fdmi v\u00fdztuhami, kter\u00e9 zaru\u010duj\u00ed vynikaj\u00edc\u00ed p\u0159ilnavost k \u0159\u00edd\u00edtk\u016fm a zlep\u0161uj\u00ed kontrolu p\u0159i vysok\u00fdch rychlostech nebo na nerovn\u00e9m ter\u00e9nu. A\u0165 u\u017e jste profesion\u00e1ln\u00ed z\u00e1vodn\u00edk, v\u00edkendov\u00fd dobrodruh, nebo denn\u011b doj\u00ed\u017ed\u00edte do pr\u00e1ce, z\u00e1vodn\u00ed rukavice Ryinz slibuj\u00ed dokonalou kombinaci bezpe\u010dnosti, funk\u010dnosti a pohodl\u00ed jezdce.<\/p>\n<p class=\"\" data-start=\"1947\" data-end=\"2222\">Rukavice v n\u011bkolika barevn\u00fdch variant\u00e1ch - \u010derven\u00e9, \u010dern\u00e9, b\u00edl\u00e9 a modr\u00e9 - jsou navr\u017eeny tak, aby ladily s va\u0161\u00edm kolem, v\u00fdbavou i osobn\u00edm stylem. Jemn\u00e9 ozna\u010den\u00ed zna\u010dky Ryinz ozna\u010duje rukavice jako symbol prvot\u0159\u00eddn\u00ed kvality a d\u016fv\u011bry, d\u00edky \u010demu\u017e vyniknete eleganc\u00ed a autoritou.<\/p>\n<p class=\"\" data-start=\"2224\" data-end=\"2455\">Tyto rukavice, jejich\u017e spolehlivost byla testov\u00e1na a kter\u00fdm d\u016fv\u011b\u0159uj\u00ed jezdci po cel\u00e9m sv\u011bt\u011b, jsou nezbytnou v\u00fdbavou pro ka\u017ed\u00e9ho, kdo to mysl\u00ed s bezpe\u010dnost\u00ed a pohodl\u00edm p\u0159i j\u00edzd\u011b v\u00e1\u017en\u011b. Vyzkou\u0161ejte dokonalou kombinaci tvaru, funk\u010dnosti a prudk\u00e9 ochrany - pouze s rukavicemi Ryinz.<\/p>\n<hr class=\"\" data-start=\"2457\" data-end=\"2460\" \/>\n<p class=\"\" data-start=\"2462\" data-end=\"2481\"><strong data-start=\"2462\" data-end=\"2479\">Kl\u00ed\u010dov\u00e9 vlastnosti:<\/strong><\/p>\n<ul data-start=\"2482\" data-end=\"3500\">\n<li class=\"\" data-start=\"2482\" data-end=\"2587\">\n<p class=\"\" data-start=\"2484\" data-end=\"2587\"><strong data-start=\"2484\" data-end=\"2515\">Pr\u00e9miov\u00e1 celoko\u017een\u00e1 k\u016f\u017ee:<\/strong> M\u011bkk\u00e1, ale odoln\u00e1 konstrukce pro maxim\u00e1ln\u00ed ochranu a flexibilitu.<\/p>\n<\/li>\n<li class=\"\" data-start=\"2588\" data-end=\"2685\">\n<p class=\"\" data-start=\"2590\" data-end=\"2685\"><strong data-start=\"2590\" data-end=\"2613\">Brn\u011bn\u00ed z uhl\u00edkov\u00fdch vl\u00e1ken:<\/strong> Zes\u00edlen\u00e9 klouby a chr\u00e1ni\u010de prst\u016f pro vy\u0161\u0161\u00ed odolnost proti n\u00e1razu.<\/p>\n<\/li>\n<li class=\"\" data-start=\"2686\" data-end=\"2795\">\n<p class=\"\" data-start=\"2688\" data-end=\"2795\"><strong data-start=\"2688\" data-end=\"2722\">Pokro\u010dil\u00e1 technologie uchopen\u00ed do dlan\u011b:<\/strong> Protiskluzov\u00e1 polstrovan\u00e1 konstrukce dlan\u011b pro lep\u0161\u00ed ovl\u00e1d\u00e1n\u00ed a sn\u00ed\u017een\u00ed vibrac\u00ed.<\/p>\n<\/li>\n<li class=\"\" data-start=\"2796\" data-end=\"2895\">\n<p class=\"\" data-start=\"2798\" data-end=\"2895\"><strong data-start=\"2798\" data-end=\"2832\">Prody\u0161n\u00e9 ventila\u010dn\u00ed panely:<\/strong> Udr\u017euj\u00ed ruce v suchu a pohodl\u00ed b\u011bhem letn\u00edch a dlouh\u00fdch j\u00edzd.<\/p>\n<\/li>\n<li class=\"\" data-start=\"2896\" data-end=\"2997\">\n<p class=\"\" data-start=\"2898\" data-end=\"2997\"><strong data-start=\"2898\" data-end=\"2916\">Ergonomick\u00fd st\u0159ih:<\/strong> P\u0159irozen\u00e9 tvarov\u00e1n\u00ed k\u0159ivek sni\u017euje \u00fanavu rukou a umo\u017e\u0148uje lep\u0161\u00ed ovladatelnost.<\/p>\n<\/li>\n<li class=\"\" data-start=\"2998\" data-end=\"3093\">\n<p class=\"\" data-start=\"3000\" data-end=\"3093\"><strong data-start=\"3000\" data-end=\"3029\">Nastaviteln\u00e9 zap\u00edn\u00e1n\u00ed na z\u00e1p\u011bst\u00ed:<\/strong> Zaji\u0161\u0165uje bezpe\u010dn\u00e9 a individu\u00e1ln\u00ed p\u0159izp\u016fsoben\u00ed pro r\u016fzn\u00e9 velikosti z\u00e1p\u011bst\u00ed.<\/p>\n<\/li>\n<li class=\"\" data-start=\"3094\" data-end=\"3188\">\n<p class=\"\" data-start=\"3096\" data-end=\"3188\"><strong data-start=\"3096\" data-end=\"3122\">P\u011bna pro tlumen\u00ed n\u00e1raz\u016f:<\/strong> P\u0159idan\u00e9 polstrov\u00e1n\u00ed v kl\u00ed\u010dov\u00fdch n\u00e1razov\u00fdch z\u00f3n\u00e1ch pro v\u011bt\u0161\u00ed ochranu rukou.<\/p>\n<\/li>\n<li class=\"\" data-start=\"3189\" data-end=\"3292\">\n<p class=\"\" data-start=\"3191\" data-end=\"3292\"><strong data-start=\"3191\" data-end=\"3220\">Multi-Color Dostupnost:<\/strong> Nab\u00edz\u00ed se v \u010derven\u00e9, \u010dern\u00e9, b\u00edl\u00e9 a modr\u00e9 barv\u011b, aby ladila s va\u0161\u00ed motocyklovou v\u00fdbavou.<\/p>\n<\/li>\n<li class=\"\" data-start=\"3293\" data-end=\"3404\">\n<p class=\"\" data-start=\"3295\" data-end=\"3404\"><strong data-start=\"3295\" data-end=\"3325\">Kompatibilita s dotykov\u00fdm displejem:<\/strong> Navr\u017eeno pro snadn\u00e9 pou\u017e\u00edv\u00e1n\u00ed za\u0159\u00edzen\u00ed bez nutnosti sund\u00e1v\u00e1n\u00ed rukavic (voliteln\u00e1 verze).<\/p>\n<\/li>\n<li class=\"\" data-start=\"3405\" data-end=\"3500\">\n<p class=\"\" data-start=\"3407\" data-end=\"3500\"><strong data-start=\"3407\" data-end=\"3439\">Profesion\u00e1ln\u00ed z\u00e1vodn\u00ed kvalita:<\/strong> D\u016fv\u011b\u0159uj\u00ed mu z\u00e1vodn\u00edci, cestovn\u00ed jezdci i dobrodruzi po cel\u00e9m sv\u011bt\u011b.<\/p>\n<\/li>\n<\/ul>","protected":false},"excerpt":{"rendered":"<p class=\"\" data-start=\"2462\" data-end=\"2481\"><strong data-start=\"2462\" data-end=\"2479\">Kl\u00ed\u010dov\u00e9 vlastnosti:<\/strong><\/p>\n<ul data-start=\"2482\" data-end=\"3500\">\n<li class=\"\" data-start=\"2482\" data-end=\"2587\">\n<p class=\"\" data-start=\"2484\" data-end=\"2587\"><strong data-start=\"2484\" data-end=\"2515\">Pr\u00e9miov\u00e1 celoko\u017een\u00e1 k\u016f\u017ee:<\/strong> M\u011bkk\u00e1, ale odoln\u00e1 konstrukce pro maxim\u00e1ln\u00ed ochranu a flexibilitu.<\/p>\n<\/li>\n<li class=\"\" data-start=\"2588\" data-end=\"2685\">\n<p class=\"\" data-start=\"2590\" data-end=\"2685\"><strong data-start=\"2590\" data-end=\"2613\">Brn\u011bn\u00ed z uhl\u00edkov\u00fdch vl\u00e1ken:<\/strong> Zes\u00edlen\u00e9 klouby a chr\u00e1ni\u010de prst\u016f pro vy\u0161\u0161\u00ed odolnost proti n\u00e1razu.<\/p>\n<\/li>\n<li class=\"\" data-start=\"2686\" data-end=\"2795\">\n<p class=\"\" data-start=\"2688\" data-end=\"2795\"><strong data-start=\"2688\" data-end=\"2722\">Pokro\u010dil\u00e1 technologie uchopen\u00ed do dlan\u011b:<\/strong> Protiskluzov\u00e1 polstrovan\u00e1 konstrukce dlan\u011b pro lep\u0161\u00ed ovl\u00e1d\u00e1n\u00ed a sn\u00ed\u017een\u00ed vibrac\u00ed.<\/p>\n<\/li>\n<li class=\"\" data-start=\"2796\" data-end=\"2895\">\n<p class=\"\" data-start=\"2798\" data-end=\"2895\"><strong data-start=\"2798\" data-end=\"2832\">Prody\u0161n\u00e9 ventila\u010dn\u00ed panely:<\/strong> Udr\u017euj\u00ed ruce v suchu a pohodl\u00ed b\u011bhem letn\u00edch a dlouh\u00fdch j\u00edzd.<\/p>\n<\/li>\n<li class=\"\" data-start=\"2896\" data-end=\"2997\">\n<p class=\"\" data-start=\"2898\" data-end=\"2997\"><strong data-start=\"2898\" data-end=\"2916\">Ergonomick\u00fd st\u0159ih:<\/strong> P\u0159irozen\u00e9 tvarov\u00e1n\u00ed k\u0159ivek sni\u017euje \u00fanavu rukou a umo\u017e\u0148uje lep\u0161\u00ed ovladatelnost.<\/p>\n<\/li>\n<li class=\"\" data-start=\"2998\" data-end=\"3093\">\n<p class=\"\" data-start=\"3000\" data-end=\"3093\"><strong data-start=\"3000\" data-end=\"3029\">Nastaviteln\u00e9 zap\u00edn\u00e1n\u00ed na z\u00e1p\u011bst\u00ed:<\/strong> Zaji\u0161\u0165uje bezpe\u010dn\u00e9 a individu\u00e1ln\u00ed p\u0159izp\u016fsoben\u00ed pro r\u016fzn\u00e9 velikosti z\u00e1p\u011bst\u00ed.<\/p>\n<\/li>\n<\/ul>","protected":false},"featured_media":9020,"comment_status":"closed","ping_status":"closed","template":"","meta":[],"product_brand":[35],"product_cat":[1111,122],"product_tag":[124,123],"class_list":{"0":"post-8964","1":"product","2":"type-product","3":"status-publish","4":"has-post-thumbnail","6":"product_brand-ryinz","7":"product_cat-motorbike","8":"product_cat-motorbike-racing-gloves","9":"product_tag-motorbike-racing-gloves","10":"product_tag-racing-gloves","12":"first","13":"instock","14":"taxable","15":"shipping-taxable","16":"purchasable","17":"product-type-simple"},"_links":{"self":[{"href":"https:\/\/ryinz.cz\/velkoobchod\/cs\/wp-json\/wp\/v2\/product\/8964","targetHints":{"allow":["GET"]}}],"collection":[{"href":"https:\/\/ryinz.cz\/velkoobchod\/cs\/wp-json\/wp\/v2\/product"}],"about":[{"href":"https:\/\/ryinz.cz\/velkoobchod\/cs\/wp-json\/wp\/v2\/types\/product"}],"replies":[{"embeddable":true,"href":"https:\/\/ryinz.cz\/velkoobchod\/cs\/wp-json\/wp\/v2\/comments?post=8964"}],"wp:featuredmedia":[{"embeddable":true,"href":"https:\/\/ryinz.cz\/velkoobchod\/cs\/wp-json\/wp\/v2\/media\/9020"}],"wp:attachment":[{"href":"https:\/\/ryinz.cz\/velkoobchod\/cs\/wp-json\/wp\/v2\/media?parent=8964"}],"wp:term":[{"taxonomy":"product_brand","embeddable":true,"href":"https:\/\/ryinz.cz\/velkoobchod\/cs\/wp-json\/wp\/v2\/product_brand?post=8964"},{"taxonomy":"product_cat","embeddable":true,"href":"https:\/\/ryinz.cz\/velkoobchod\/cs\/wp-json\/wp\/v2\/product_cat?post=8964"},{"taxonomy":"product_tag","embeddable":true,"href":"https:\/\/ryinz.cz\/velkoobchod\/cs\/wp-json\/wp\/v2\/product_tag?post=8964"}],"curies":[{"name":"wp","href":"https:\/\/api.w.org\/{rel}","templated":true}]}}