{"id":8962,"date":"2025-06-22T15:23:29","date_gmt":"2025-06-22T15:23:29","guid":{"rendered":"https:\/\/ryinz.cz\/velkoobchod\/?post_type=product&#038;p=8962"},"modified":"2026-01-18T20:17:05","modified_gmt":"2026-01-18T20:17:05","slug":"ryinz-vojenske-takticke-poloprste-rukavice-armadni-bojove-policejni-strelecke-vybaveni-profesionalni-vyrobce-velkoobchodni-dodavatel","status":"publish","type":"product","link":"https:\/\/ryinz.cz\/velkoobchod\/cs\/product\/ryinz-military-tactical-half-finger-gloves-army-combat-police-shooting-gear-professional-manufacturer-wholesale-supplier\/","title":{"rendered":"Ryinz Military Tactical Half Finger Gloves - Army Combat, Police, Shooting Gear | Profesion\u00e1ln\u00ed v\u00fdrobce a velkoobchodn\u00ed dodavatel"},"content":{"rendered":"<p class=\"\" data-start=\"438\" data-end=\"847\">Zvy\u0161te sv\u016fj taktick\u00fd v\u00fdkon pomoc\u00ed <strong data-start=\"481\" data-end=\"527\">Ryinz Vojensk\u00e9 taktick\u00e9 rukavice s p\u016flkou prstu<\/strong>, navr\u017een\u00e9 pro maxim\u00e1ln\u00ed ovl\u00e1d\u00e1n\u00ed, odolnost a pohodl\u00ed v prost\u0159ed\u00ed s vysok\u00fdmi n\u00e1roky. Tyto arm\u00e1dn\u00ed zelen\u00e9 bojov\u00e9 rukavice jsou ur\u010deny pro vojensk\u00fd person\u00e1l, policisty, po\u0159\u00e1dkov\u00e9 t\u00fdmy, st\u0159eleck\u00e9 nad\u0161ence, lovce, survivalisty a outdoorov\u00e9 dobrodruhy, kte\u0159\u00ed vy\u017eaduj\u00ed ochranu a p\u0159esnost na profesion\u00e1ln\u00ed \u00farovni.<\/p>\n<p class=\"\" data-start=\"849\" data-end=\"1048\">Jako <strong data-start=\"854\" data-end=\"901\">p\u0159edn\u00ed v\u00fdrobce a velkoobchodn\u00ed dodavatel<\/strong> taktick\u00fdch rukavic v Evrop\u011b i ve sv\u011bt\u011b, <strong data-start=\"952\" data-end=\"961\">Ryinz<\/strong> se zam\u011b\u0159uje na vytv\u00e1\u0159en\u00ed produkt\u016f, kter\u00e9 spl\u0148uj\u00ed skute\u010dn\u00e9 pot\u0159eby taktick\u00fdch profesion\u00e1l\u016f.<\/p>\n<p class=\"\" data-start=\"1050\" data-end=\"1392\">Vyrobeno z <strong data-start=\"1067\" data-end=\"1100\">zes\u00edlen\u00e1 ochrana kloub\u016f<\/strong> a vysoce v\u00fdkonn\u00fdch syntetick\u00fdch tkanin, tyto rukavice poskytuj\u00ed dokonalou ochranu proti n\u00e1raz\u016fm a z\u00e1rove\u0148 si zachov\u00e1vaj\u00ed vynikaj\u00edc\u00ed flexibilitu. Str\u00e1nka <strong data-start=\"1236\" data-end=\"1258\">konstrukce s polovi\u010dn\u00edm prstem<\/strong> poskytuje lep\u0161\u00ed obratnost, co\u017e umo\u017e\u0148uje lep\u0161\u00ed ovl\u00e1d\u00e1n\u00ed spou\u0161t\u011b, manipulaci se zbran\u00ed a obsluhu v\u00fdstroje, ani\u017e by to bylo na \u00fakor ochrany.<\/p>\n<p class=\"\" data-start=\"1394\" data-end=\"1705\">Na str\u00e1nk\u00e1ch <strong data-start=\"1398\" data-end=\"1420\">protiskluzov\u00e1 rukoje\u0165 dlan\u011b<\/strong> zaji\u0161\u0165uj\u00ed pevn\u00e9 dr\u017een\u00ed zbran\u00ed, n\u00e1stroj\u016f nebo \u0159\u00edd\u00edtek, tak\u017ee tyto rukavice jsou nezbytnou sou\u010d\u00e1st\u00ed vybaven\u00ed pro boj zbl\u00edzka (CQB), taktickou st\u0159elbu, m\u011bstsk\u00e9 operace a v\u00fdcvik p\u0159e\u017eit\u00ed v p\u0159\u00edrod\u011b. Prody\u0161n\u00e9 materi\u00e1ly umo\u017e\u0148uj\u00ed proud\u011bn\u00ed vzduchu a udr\u017euj\u00ed ruce v chladu a suchu i p\u0159i extr\u00e9mn\u00edch teplot\u00e1ch.<\/p>\n<p class=\"\" data-start=\"1707\" data-end=\"1973\">Rukavice Ryinz Military Tactical Gloves jsou odoln\u00e9 pro n\u00e1ro\u010dn\u00e9 mise a jsou vybaveny <strong data-start=\"1783\" data-end=\"1819\">nastaviteln\u00e9 such\u00e9 zipy na z\u00e1p\u011bst\u00ed<\/strong> pro bezpe\u010dn\u00e9 uchycen\u00ed na m\u00edru a odoln\u00e1 konstrukce zaji\u0161\u0165uje, \u017ee tyto rukavice vydr\u017e\u00ed od\u011brky, po\u0159ez\u00e1n\u00ed a ka\u017edodenn\u00ed no\u0161en\u00ed p\u0159i intenzivn\u00edch taktick\u00fdch sc\u00e9n\u00e1\u0159\u00edch.<\/p>\n<p class=\"\" data-start=\"1975\" data-end=\"2388\">A\u0165 u\u017e jste zapojeni do <strong data-start=\"2003\" data-end=\"2111\">vojensk\u00e1 cvi\u010den\u00ed, policejn\u00ed operace v ter\u00e9nu, taktick\u00fd v\u00fdcvik, dobrodru\u017estv\u00ed v p\u0159\u00edrod\u011b nebo mise pro p\u0159e\u017eit\u00ed.<\/strong>, rukavice Ryinz jsou va\u0161\u00edm dokonal\u00fdm partnerem p\u0159i obran\u011b. Na\u0161e odborn\u00e9 znalosti v oblasti <strong data-start=\"2178\" data-end=\"2199\">V\u00fdroba OEM<\/strong> umo\u017e\u0148uje tak\u00e9 <strong data-start=\"2216\" data-end=\"2242\">priv\u00e1tn\u00ed zna\u010dka<\/strong>, n\u00e1vrhy na zak\u00e1zku a \u0159e\u0161en\u00ed hromadn\u00fdch objedn\u00e1vek pro distributory taktick\u00e9ho vybaven\u00ed, donucovac\u00ed org\u00e1ny, arm\u00e1dn\u00ed dodavatele a prodejce outdoorov\u00fdch sport\u016f.<\/p>\n<p class=\"\" data-start=\"2390\" data-end=\"2411\">Skv\u011ble se hod\u00ed pro:<\/p>\n<ul data-start=\"2412\" data-end=\"2765\">\n<li class=\"\" data-start=\"2412\" data-end=\"2456\">\n<p class=\"\" data-start=\"2414\" data-end=\"2456\">Vojensk\u00e9 taktick\u00e9 t\u00fdmy a mise v ter\u00e9nu<\/p>\n<\/li>\n<li class=\"\" data-start=\"2457\" data-end=\"2485\">\n<p class=\"\" data-start=\"2459\" data-end=\"2485\">Operace v oblasti prosazov\u00e1n\u00ed pr\u00e1va<\/p>\n<\/li>\n<li class=\"\" data-start=\"2486\" data-end=\"2505\">\n<p class=\"\" data-start=\"2488\" data-end=\"2505\">Policejn\u00ed jednotky SWAT<\/p>\n<\/li>\n<li class=\"\" data-start=\"2506\" data-end=\"2546\">\n<p class=\"\" data-start=\"2508\" data-end=\"2546\">Speci\u00e1ln\u00ed jednotky a dodavatel\u00e9 obrann\u00fdch slu\u017eeb<\/p>\n<\/li>\n<li class=\"\" data-start=\"2547\" data-end=\"2585\">\n<p class=\"\" data-start=\"2549\" data-end=\"2585\">Tr\u00e9nink a v\u00fdcvik na st\u0159elnici<\/p>\n<\/li>\n<li class=\"\" data-start=\"2586\" data-end=\"2619\">\n<p class=\"\" data-start=\"2588\" data-end=\"2619\">Loveck\u00e9 a ryb\u00e1\u0159sk\u00e9 v\u00fdpravy<\/p>\n<\/li>\n<li class=\"\" data-start=\"2620\" data-end=\"2647\">\n<p class=\"\" data-start=\"2622\" data-end=\"2647\">Jezdci na motocyklech a \u010dty\u0159kolk\u00e1ch<\/p>\n<\/li>\n<li class=\"\" data-start=\"2648\" data-end=\"2683\">\n<p class=\"\" data-start=\"2650\" data-end=\"2683\">Bezpe\u010dnostn\u00ed profesion\u00e1lov\u00e9 a str\u00e1\u017eci<\/p>\n<\/li>\n<li class=\"\" data-start=\"2684\" data-end=\"2719\">\n<p class=\"\" data-start=\"2686\" data-end=\"2719\">Airsoftov\u00ed a paintballov\u00ed nad\u0161enci<\/p>\n<\/li>\n<li class=\"\" data-start=\"2720\" data-end=\"2765\">\n<p class=\"\" data-start=\"2722\" data-end=\"2765\">Prodejci vybaven\u00ed pro p\u0159e\u017eit\u00ed v p\u0159\u00edrod\u011b a dobrodru\u017estv\u00ed<\/p>\n<\/li>\n<\/ul>\n<p class=\"\" data-start=\"2767\" data-end=\"2786\">\u2705 <strong data-start=\"2769\" data-end=\"2786\">Kl\u00ed\u010dov\u00e9 vlastnosti:<\/strong><\/p>\n<ul data-start=\"2787\" data-end=\"3611\">\n<li class=\"\" data-start=\"2787\" data-end=\"2843\">\n<p class=\"\" data-start=\"2789\" data-end=\"2843\">Vojensk\u00e9 taktick\u00e9 rukavice s p\u016flprstovou konstrukc\u00ed<\/p>\n<\/li>\n<li class=\"\" data-start=\"2844\" data-end=\"2890\">\n<p class=\"\" data-start=\"2846\" data-end=\"2890\">Robustn\u00ed ochrana kloub\u016f pro maxim\u00e1ln\u00ed bezpe\u010dnost<\/p>\n<\/li>\n<li class=\"\" data-start=\"2891\" data-end=\"2935\">\n<p class=\"\" data-start=\"2893\" data-end=\"2935\">Zes\u00edlen\u00e1 syntetick\u00e1 tkanina pro v\u011bt\u0161\u00ed odolnost<\/p>\n<\/li>\n<li class=\"\" data-start=\"2936\" data-end=\"2994\">\n<p class=\"\" data-start=\"2938\" data-end=\"2994\">Neklouzav\u00e9 rukojeti dlan\u011b pro vynikaj\u00edc\u00ed ovl\u00e1d\u00e1n\u00ed zbran\u011b a n\u00e1stroje<\/p>\n<\/li>\n<li class=\"\" data-start=\"2995\" data-end=\"3047\">\n<p class=\"\" data-start=\"2997\" data-end=\"3047\">Prody\u0161n\u00e9 materi\u00e1ly odv\u00e1d\u011bj\u00edc\u00ed pot pro v\u011bt\u0161\u00ed pohodl\u00ed<\/p>\n<\/li>\n<li class=\"\" data-start=\"3048\" data-end=\"3104\">\n<p class=\"\" data-start=\"3050\" data-end=\"3104\">Nastaviteln\u00e9 p\u00e1sky na z\u00e1p\u011bst\u00ed se such\u00fdm zipem pro bezpe\u010dn\u00e9 p\u0159izp\u016fsoben\u00ed na m\u00edru<\/p>\n<\/li>\n<li class=\"\" data-start=\"3105\" data-end=\"3160\">\n<p class=\"\" data-start=\"3107\" data-end=\"3160\">Vysok\u00e1 obratnost p\u0159i manipulaci se zbran\u011bmi a taktick\u00fdm vybaven\u00edm<\/p>\n<\/li>\n<li class=\"\" data-start=\"3161\" data-end=\"3208\">\n<p class=\"\" data-start=\"3163\" data-end=\"3208\">Konstrukce odoln\u00e1 proti od\u011bru a n\u00e1razu<\/p>\n<\/li>\n<li class=\"\" data-start=\"3209\" data-end=\"3275\">\n<p class=\"\" data-start=\"3211\" data-end=\"3275\">Ur\u010deno pro policii, arm\u00e1du, taktick\u00e9 jednotky a bojovn\u00edky v p\u0159\u00edrod\u011b.<\/p>\n<\/li>\n<li class=\"\" data-start=\"3276\" data-end=\"3319\">\n<p class=\"\" data-start=\"3278\" data-end=\"3319\">Lehk\u00e9 a flexibiln\u00ed pro dlouhodob\u00e9 pou\u017e\u00edv\u00e1n\u00ed<\/p>\n<\/li>\n<li class=\"\" data-start=\"3320\" data-end=\"3360\">\n<p class=\"\" data-start=\"3322\" data-end=\"3360\">K dispozici pro OEM a velkoobchodn\u00ed objedn\u00e1vky<\/p>\n<\/li>\n<li class=\"\" data-start=\"3361\" data-end=\"3400\">\n<p class=\"\" data-start=\"3363\" data-end=\"3400\">Mo\u017enost vlastn\u00edho loga a priv\u00e1tn\u00ed zna\u010dky<\/p>\n<\/li>\n<li class=\"\" data-start=\"3401\" data-end=\"3464\">\n<p class=\"\" data-start=\"3403\" data-end=\"3464\">Vyrobeno podle norem EU pro snadn\u00fd dovoz\/v\u00fdvoz<\/p>\n<\/li>\n<li class=\"\" data-start=\"3465\" data-end=\"3540\">\n<p class=\"\" data-start=\"3467\" data-end=\"3540\">Ide\u00e1ln\u00ed pro sportovn\u00ed st\u0159elbu, j\u00edzdu na motocyklu, lov a tr\u00e9nink v ter\u00e9nu.<\/p>\n<\/li>\n<li class=\"\" data-start=\"3541\" data-end=\"3611\">\n<p class=\"\" data-start=\"3543\" data-end=\"3611\">Vyvinuto spole\u010dnost\u00ed Ryinz - d\u016fv\u011bryhodn\u00fdm dodavatelem profesion\u00e1ln\u00edho taktick\u00e9ho vybaven\u00ed<\/p>\n<\/li>\n<\/ul>\n<p class=\"\" data-start=\"3613\" data-end=\"3981\">Na adrese <strong data-start=\"3616\" data-end=\"3625\">Ryinz<\/strong>, rozum\u00edme kritick\u00fdm po\u017eadavk\u016fm taktick\u00e9ho prost\u0159ed\u00ed. Proto vyr\u00e1b\u00edme rukavice, kter\u00e9 kombinuj\u00ed odolnost, hbitost a ochranu v jednom v\u00fdkonn\u00e9m balen\u00ed. A\u0165 u\u017e se chyst\u00e1te na dal\u0161\u00ed misi, p\u0159ipravujete se na st\u0159eleckou sout\u011b\u017e nebo si prost\u011b jen u\u017e\u00edv\u00e1te p\u0159\u00edrody, rukavice Ryinz poskytuj\u00ed spolehlivost a v\u00fdkon, kter\u00fdm m\u016f\u017eete d\u016fv\u011b\u0159ovat.<\/p>\n<p class=\"\" data-start=\"3983\" data-end=\"4070\">Vyberte si <strong data-start=\"3990\" data-end=\"4036\">Ryinz Vojensk\u00e9 taktick\u00e9 rukavice s p\u016flkou prstu<\/strong> - kde se s\u00edla snoub\u00ed s p\u0159esnost\u00ed.<\/p>","protected":false},"excerpt":{"rendered":"<p class=\"\" data-start=\"2390\" data-end=\"2411\">Skv\u011ble se hod\u00ed pro:<\/p>\n<ul data-start=\"2412\" data-end=\"2765\">\n<li class=\"\" data-start=\"2412\" data-end=\"2456\">\n<p class=\"\" data-start=\"2414\" data-end=\"2456\">Vojensk\u00e9 taktick\u00e9 t\u00fdmy a mise v ter\u00e9nu<\/p>\n<\/li>\n<li class=\"\" data-start=\"2457\" data-end=\"2485\">\n<p class=\"\" data-start=\"2459\" data-end=\"2485\">Operace v oblasti prosazov\u00e1n\u00ed pr\u00e1va<\/p>\n<\/li>\n<li class=\"\" data-start=\"2486\" data-end=\"2505\">\n<p class=\"\" data-start=\"2488\" data-end=\"2505\">Policejn\u00ed jednotky SWAT<\/p>\n<\/li>\n<li class=\"\" data-start=\"2506\" data-end=\"2546\">\n<p class=\"\" data-start=\"2508\" data-end=\"2546\">Speci\u00e1ln\u00ed jednotky a dodavatel\u00e9 obrann\u00fdch slu\u017eeb<\/p>\n<\/li>\n<li class=\"\" data-start=\"2547\" data-end=\"2585\">\n<p class=\"\" data-start=\"2549\" data-end=\"2585\">Tr\u00e9nink a v\u00fdcvik na st\u0159elnici<\/p>\n<\/li>\n<li class=\"\" data-start=\"2586\" data-end=\"2619\">\n<p class=\"\" data-start=\"2588\" data-end=\"2619\">Loveck\u00e9 a ryb\u00e1\u0159sk\u00e9 v\u00fdpravy<\/p>\n<\/li>\n<li class=\"\" data-start=\"2620\" data-end=\"2647\">\n<p class=\"\" data-start=\"2622\" data-end=\"2647\">Jezdci na motocyklech a \u010dty\u0159kolk\u00e1ch<\/p>\n<\/li>\n<li class=\"\" data-start=\"2648\" data-end=\"2683\">\n<p class=\"\" data-start=\"2650\" data-end=\"2683\">Bezpe\u010dnostn\u00ed profesion\u00e1lov\u00e9 a str\u00e1\u017eci<\/p>\n<\/li>\n<li class=\"\" data-start=\"2684\" data-end=\"2719\">\n<p class=\"\" data-start=\"2686\" data-end=\"2719\">Airsoftov\u00ed a paintballov\u00ed nad\u0161enci<\/p>\n<\/li>\n<li class=\"\" data-start=\"2720\" data-end=\"2765\">\n<p class=\"\" data-start=\"2722\" data-end=\"2765\">Prodejci vybaven\u00ed pro p\u0159e\u017eit\u00ed v p\u0159\u00edrod\u011b a dobrodru\u017estv\u00ed<\/p>\n<\/li>\n<\/ul>","protected":false},"featured_media":8999,"comment_status":"closed","ping_status":"closed","template":"","meta":[],"product_brand":[35],"product_cat":[99,100],"product_tag":[119,120,113],"class_list":{"0":"post-8962","1":"product","2":"type-product","3":"status-publish","4":"has-post-thumbnail","6":"product_brand-ryinz","7":"product_cat-gloves","8":"product_cat-police-gloves","9":"product_tag-military-gloves","10":"product_tag-shooting-gloves","11":"product_tag-tactical-gloves","13":"first","14":"instock","15":"taxable","16":"shipping-taxable","17":"purchasable","18":"product-type-simple"},"_links":{"self":[{"href":"https:\/\/ryinz.cz\/velkoobchod\/cs\/wp-json\/wp\/v2\/product\/8962","targetHints":{"allow":["GET"]}}],"collection":[{"href":"https:\/\/ryinz.cz\/velkoobchod\/cs\/wp-json\/wp\/v2\/product"}],"about":[{"href":"https:\/\/ryinz.cz\/velkoobchod\/cs\/wp-json\/wp\/v2\/types\/product"}],"replies":[{"embeddable":true,"href":"https:\/\/ryinz.cz\/velkoobchod\/cs\/wp-json\/wp\/v2\/comments?post=8962"}],"wp:featuredmedia":[{"embeddable":true,"href":"https:\/\/ryinz.cz\/velkoobchod\/cs\/wp-json\/wp\/v2\/media\/8999"}],"wp:attachment":[{"href":"https:\/\/ryinz.cz\/velkoobchod\/cs\/wp-json\/wp\/v2\/media?parent=8962"}],"wp:term":[{"taxonomy":"product_brand","embeddable":true,"href":"https:\/\/ryinz.cz\/velkoobchod\/cs\/wp-json\/wp\/v2\/product_brand?post=8962"},{"taxonomy":"product_cat","embeddable":true,"href":"https:\/\/ryinz.cz\/velkoobchod\/cs\/wp-json\/wp\/v2\/product_cat?post=8962"},{"taxonomy":"product_tag","embeddable":true,"href":"https:\/\/ryinz.cz\/velkoobchod\/cs\/wp-json\/wp\/v2\/product_tag?post=8962"}],"curies":[{"name":"wp","href":"https:\/\/api.w.org\/{rel}","templated":true}]}}