{"id":8961,"date":"2025-06-22T15:23:28","date_gmt":"2025-06-22T15:23:28","guid":{"rendered":"https:\/\/ryinz.cz\/velkoobchod\/?post_type=product&#038;p=8961"},"modified":"2026-01-18T20:17:04","modified_gmt":"2026-01-18T20:17:04","slug":"ryinz-takticke-bojove-strelecke-rukavice-pro-vojenskou-policii-profesionalni-vyrobce-velkoobchodni-dodavatel","status":"publish","type":"product","link":"https:\/\/ryinz.cz\/velkoobchod\/cs\/product\/ryinz-tactical-combat-shooting-gloves-for-military-police-law-enforcement-professional-manufacturer-wholesale-supplier\/","title":{"rendered":"Ryinz Tactical Combat Shooting Gloves for Military, Police, Law Enforcement | Profesion\u00e1ln\u00ed v\u00fdrobce a velkoobchodn\u00ed dodavatel"},"content":{"rendered":"<p class=\"\" data-start=\"419\" data-end=\"848\">Objevte dokonalou kombinaci ochrany, p\u0159esnosti a trvanlivosti s modelem <strong data-start=\"497\" data-end=\"538\">Taktick\u00e9 bojov\u00e9 st\u0159eleck\u00e9 rukavice Ryinz<\/strong>, speci\u00e1ln\u011b navr\u017een\u00e9 pro vojensk\u00e9 jednotky, policisty, po\u0159\u00e1dkov\u00e9 jednotky, bezpe\u010dnostn\u00ed profesion\u00e1ly a milovn\u00edky st\u0159eleck\u00fdch sport\u016f. Jako profesion\u00e1ln\u00ed v\u00fdrobce a velkoobchodn\u00ed dodavatel taktick\u00fdch rukavic v cel\u00e9 Evrop\u011b, USA a Asii, <strong data-start=\"782\" data-end=\"791\">Ryinz<\/strong> zaru\u010duje, \u017ee ka\u017ed\u00fd p\u00e1r spl\u0148uje nejvy\u0161\u0161\u00ed pr\u016fmyslov\u00e9 standardy.<\/p>\n<p class=\"\" data-start=\"850\" data-end=\"1187\">Vyrobeno z <strong data-start=\"860\" data-end=\"920\">prvot\u0159\u00eddn\u00ed syntetick\u00e1 k\u016f\u017ee a pru\u017en\u00e9 stre\u010dov\u00e9 materi\u00e1ly<\/strong>, tyto taktick\u00e9 rukavice poskytuj\u00ed bezkonkuren\u010dn\u00ed pohodl\u00ed, ani\u017e by ob\u011btovaly ochranu. Taktick\u00e9 bojov\u00e9 rukavice Ryinz jsou navr\u017eeny pro v\u00fdkon v extr\u00e9mn\u00edch podm\u00ednk\u00e1ch a jsou ide\u00e1ln\u00ed pro vojensk\u00fd v\u00fdcvik, policejn\u00ed operace, manipulaci se st\u0159eln\u00fdmi zbran\u011bmi a st\u0159elbu na st\u0159elnici.<\/p>\n<p class=\"\" data-start=\"1189\" data-end=\"1446\">Na str\u00e1nk\u00e1ch <strong data-start=\"1193\" data-end=\"1231\">ergonomick\u00fd design s p\u0159edem zak\u0159iven\u00fdmi prsty<\/strong> zaji\u0161\u0165uje p\u0159irozenou polohu rukou pro sn\u00ed\u017een\u00ed \u00fanavy p\u0159i dlouhodob\u00e9m pou\u017e\u00edv\u00e1n\u00ed. Zes\u00edlen\u00e9 rukojeti dlan\u00ed zlep\u0161uj\u00ed ovl\u00e1d\u00e1n\u00ed zbran\u011b, minimalizuj\u00ed skluz a zaji\u0161\u0165uj\u00ed tlumen\u00ed n\u00e1raz\u016f - co\u017e je pro taktick\u00e9 mise s vysokou z\u00e1t\u011b\u017e\u00ed velmi d\u016fle\u017eit\u00e9.<\/p>\n<p class=\"\" data-start=\"1448\" data-end=\"1831\">Tyto rukavice jsou vyrobeny tak, aby vydr\u017eely n\u00e1ro\u010dn\u00e9 operace. <strong data-start=\"1504\" data-end=\"1533\">panely odoln\u00e9 proti od\u011bru<\/strong>, zes\u00edlen\u00e9 \u0161vy a <strong data-start=\"1563\" data-end=\"1612\">palec a ukazov\u00e1\u010dek kompatibiln\u00ed s dotykovou obrazovkou<\/strong>, co\u017e u\u017eivatel\u016fm umo\u017e\u0148uje ovl\u00e1dat chytr\u00e1 za\u0159\u00edzen\u00ed, ani\u017e by si museli sundat rukavice. A\u0165 u\u017e se jedn\u00e1 o vysoce rizikov\u00e9 z\u00e1tahy, taktick\u00e1 cvi\u010den\u00ed nebo ka\u017edodenn\u00ed hl\u00eddky, rukavice Ryinz nab\u00edzej\u00ed pevnost a v\u0161estrannost pot\u0159ebnou pro skute\u010dn\u00fd v\u00fdkon.<\/p>\n<p class=\"\" data-start=\"1833\" data-end=\"2087\">Nastaviteln\u00e9 zap\u00edn\u00e1n\u00ed na such\u00fd zip na z\u00e1p\u011bst\u00ed zaru\u010duje pevn\u00e9 uchycen\u00ed, zabra\u0148uje p\u0159\u00edstupu ne\u010distot a vlhkosti a z\u00e1rove\u0148 umo\u017e\u0148uje rychl\u00e9 obl\u00e9k\u00e1n\u00ed a svl\u00e9k\u00e1n\u00ed. Prody\u0161n\u00e9 s\u00ed\u0165ovan\u00e9 vlo\u017eky udr\u017euj\u00ed cirkulaci vzduchu, aby ruce z\u016fstaly such\u00e9 a pohodln\u00e9 i p\u0159i vysoce intenzivn\u00edch aktivit\u00e1ch.<\/p>\n<p class=\"\" data-start=\"2089\" data-end=\"2465\"><strong data-start=\"2089\" data-end=\"2098\">Ryinz<\/strong> nab\u00edz\u00ed kompletn\u00ed p\u0159izp\u016fsoben\u00ed pro objedn\u00e1vky OEM, v\u010detn\u011b slu\u017eeb priv\u00e1tn\u00edch zna\u010dek, vy\u0161\u00edv\u00e1n\u00ed loga na zak\u00e1zku a exkluzivn\u00edch design\u016f na m\u00edru pro policejn\u00ed odd\u011blen\u00ed, arm\u00e1dn\u00ed jednotky, st\u0159eleck\u00e9 kluby a bezpe\u010dnostn\u00ed spole\u010dnosti. Spole\u010dnost Ryinz, kter\u00e1 se op\u00edr\u00e1 o z\u00e1vazek kvality a inovac\u00ed, je d\u016fv\u011bryhodn\u00fdm partnerem pro n\u00e1kup\u010d\u00ed, distributory a prodejce taktick\u00e9ho vybaven\u00ed v Evrop\u011b a USA.<\/p>\n<p class=\"\" data-start=\"2467\" data-end=\"2479\">Ide\u00e1ln\u00ed pro:<\/p>\n<ul data-start=\"2480\" data-end=\"2822\">\n<li class=\"\" data-start=\"2480\" data-end=\"2503\">\n<p class=\"\" data-start=\"2482\" data-end=\"2503\">Policejn\u00ed taktick\u00e9 t\u00fdmy<\/p>\n<\/li>\n<li class=\"\" data-start=\"2504\" data-end=\"2526\">\n<p class=\"\" data-start=\"2506\" data-end=\"2526\">Vojensk\u00e9 poln\u00ed jednotky<\/p>\n<\/li>\n<li class=\"\" data-start=\"2527\" data-end=\"2554\">\n<p class=\"\" data-start=\"2529\" data-end=\"2554\">S\u00edly pro speci\u00e1ln\u00ed operace<\/p>\n<\/li>\n<li class=\"\" data-start=\"2555\" data-end=\"2588\">\n<p class=\"\" data-start=\"2557\" data-end=\"2588\">Takti\u010dt\u00ed st\u0159elci a sportovci<\/p>\n<\/li>\n<li class=\"\" data-start=\"2589\" data-end=\"2632\">\n<p class=\"\" data-start=\"2591\" data-end=\"2632\">Milovn\u00edci lovu a dobrodru\u017estv\u00ed v p\u0159\u00edrod\u011b<\/p>\n<\/li>\n<li class=\"\" data-start=\"2633\" data-end=\"2684\">\n<p class=\"\" data-start=\"2635\" data-end=\"2684\">Hr\u00e1\u010di airsoftu, paintballu a bojov\u00fdch simulac\u00ed<\/p>\n<\/li>\n<li class=\"\" data-start=\"2685\" data-end=\"2713\">\n<p class=\"\" data-start=\"2687\" data-end=\"2713\">Soukrom\u00e9 bezpe\u010dnostn\u00ed spole\u010dnosti<\/p>\n<\/li>\n<li class=\"\" data-start=\"2714\" data-end=\"2748\">\n<p class=\"\" data-start=\"2716\" data-end=\"2748\">St\u00e1\u017eist\u00e9 na akademii vym\u00e1h\u00e1n\u00ed pr\u00e1va<\/p>\n<\/li>\n<li class=\"\" data-start=\"2749\" data-end=\"2784\">\n<p class=\"\" data-start=\"2751\" data-end=\"2784\">Dodavatel\u00e9 a dodavatel\u00e9 v oblasti obrany<\/p>\n<\/li>\n<li class=\"\" data-start=\"2785\" data-end=\"2822\">\n<p class=\"\" data-start=\"2787\" data-end=\"2822\">Prodejci vybaven\u00ed pro p\u0159e\u017eit\u00ed v p\u0159\u00edrod\u011b<\/p>\n<\/li>\n<\/ul>\n<p class=\"\" data-start=\"2824\" data-end=\"2843\">\u2705 <strong data-start=\"2826\" data-end=\"2843\">Kl\u00ed\u010dov\u00e9 vlastnosti:<\/strong><\/p>\n<ul data-start=\"2844\" data-end=\"3597\">\n<li class=\"\" data-start=\"2844\" data-end=\"2889\">\n<p class=\"\" data-start=\"2846\" data-end=\"2889\">Profesion\u00e1ln\u00ed taktick\u00e9 st\u0159eleck\u00e9 rukavice<\/p>\n<\/li>\n<li class=\"\" data-start=\"2890\" data-end=\"2953\">\n<p class=\"\" data-start=\"2892\" data-end=\"2953\">Vyrobeno z prvot\u0159\u00eddn\u00ed syntetick\u00e9 k\u016f\u017ee a elastick\u00e9 tkaniny.<\/p>\n<\/li>\n<li class=\"\" data-start=\"2954\" data-end=\"3010\">\n<p class=\"\" data-start=\"2956\" data-end=\"3010\">Zes\u00edlen\u00e1 dla\u0148 s vynikaj\u00edc\u00edm \u00fachopem pro manipulaci se zbran\u00ed<\/p>\n<\/li>\n<li class=\"\" data-start=\"3011\" data-end=\"3068\">\n<p class=\"\" data-start=\"3013\" data-end=\"3068\">Prsty kompatibiln\u00ed s dotykovou obrazovkou pro pou\u017eit\u00ed mobiln\u00edch za\u0159\u00edzen\u00ed<\/p>\n<\/li>\n<li class=\"\" data-start=\"3069\" data-end=\"3114\">\n<p class=\"\" data-start=\"3071\" data-end=\"3114\">Prody\u0161n\u00e9 panely ze s\u00ed\u0165oviny pro regulaci vlhkosti<\/p>\n<\/li>\n<li class=\"\" data-start=\"3115\" data-end=\"3157\">\n<p class=\"\" data-start=\"3117\" data-end=\"3157\">Ergonomick\u00e1 konstrukce s p\u0159edem zak\u0159iven\u00fdmi prsty<\/p>\n<\/li>\n<li class=\"\" data-start=\"3158\" data-end=\"3205\">\n<p class=\"\" data-start=\"3160\" data-end=\"3205\">P\u00e1sek na such\u00fd zip na z\u00e1p\u011bst\u00ed pro bezpe\u010dn\u00e9 a nastaviteln\u00e9 uchycen\u00ed<\/p>\n<\/li>\n<li class=\"\" data-start=\"3206\" data-end=\"3250\">\n<p class=\"\" data-start=\"3208\" data-end=\"3250\">Lehk\u00e9, ale odoln\u00e9 pro dlouhodob\u00e9 no\u0161en\u00ed<\/p>\n<\/li>\n<li class=\"\" data-start=\"3251\" data-end=\"3289\">\n<p class=\"\" data-start=\"3253\" data-end=\"3289\">Konstrukce odoln\u00e1 proti od\u011bru a n\u00e1razu<\/p>\n<\/li>\n<li class=\"\" data-start=\"3290\" data-end=\"3325\">\n<p class=\"\" data-start=\"3292\" data-end=\"3325\">Snadn\u00e1 \u00fadr\u017eba a rychl\u00e9 schnut\u00ed<\/p>\n<\/li>\n<li class=\"\" data-start=\"3326\" data-end=\"3369\">\n<p class=\"\" data-start=\"3328\" data-end=\"3369\">V\u00fdroba podle norem EU pro snadn\u00fd dovoz<\/p>\n<\/li>\n<li class=\"\" data-start=\"3370\" data-end=\"3435\">\n<p class=\"\" data-start=\"3372\" data-end=\"3435\">Ide\u00e1ln\u00ed pro sportovn\u00ed st\u0159elbu, policejn\u00ed v\u00fdcvik, taktick\u00e9 operace<\/p>\n<\/li>\n<li class=\"\" data-start=\"3436\" data-end=\"3485\">\n<p class=\"\" data-start=\"3438\" data-end=\"3485\">OEM v\u00fdroba a vlastn\u00ed zna\u010dka jsou k dispozici<\/p>\n<\/li>\n<li class=\"\" data-start=\"3486\" data-end=\"3535\">\n<p class=\"\" data-start=\"3488\" data-end=\"3535\">Spolehliv\u00fd dodavatel velkoobchodn\u00edch taktick\u00fdch rukavic<\/p>\n<\/li>\n<li class=\"\" data-start=\"3536\" data-end=\"3597\">\n<p class=\"\" data-start=\"3538\" data-end=\"3597\">Dokonal\u00e1 rovnov\u00e1ha mezi pru\u017enost\u00ed, pevnost\u00ed a prody\u0161nost\u00ed<\/p>\n<\/li>\n<\/ul>\n<p class=\"\" data-start=\"3599\" data-end=\"3854\">Vyberte si <strong data-start=\"3606\" data-end=\"3647\">Taktick\u00e9 bojov\u00e9 st\u0159eleck\u00e9 rukavice Ryinz<\/strong> a vybavte se vybaven\u00edm, kter\u00e9mu v ter\u00e9nu d\u016fv\u011b\u0159uj\u00ed profesion\u00e1lov\u00e9. Na\u0161e oddanost p\u0159esn\u00e9 v\u00fdrob\u011b, spokojenosti z\u00e1kazn\u00edk\u016f a prvot\u0159\u00eddn\u00edm materi\u00e1l\u016fm zaji\u0161\u0165uje, \u017ee ka\u017ed\u00e1 mise za\u010d\u00edn\u00e1 s jistotou.<\/p>\n<p class=\"\" data-start=\"3856\" data-end=\"4036\">Ve spole\u010dnosti Ryinz otev\u00edr\u00e1me dve\u0159e va\u0161emu podnik\u00e1n\u00ed t\u00edm, \u017ee nab\u00edz\u00edme vysoce kvalitn\u00ed taktick\u00e9 rukavice p\u0159ipraven\u00e9 k akci, kter\u00e9 spl\u0148uj\u00ed skute\u010dn\u00e9 pot\u0159eby u\u017eivatel\u016f z \u0159ad arm\u00e1dy a org\u00e1n\u016f \u010dinn\u00fdch v trestn\u00edm \u0159\u00edzen\u00ed po cel\u00e9m sv\u011bt\u011b.<\/p>","protected":false},"excerpt":{"rendered":"<p class=\"\" data-start=\"2824\" data-end=\"2843\">\u2705 <strong data-start=\"2826\" data-end=\"2843\">Kl\u00ed\u010dov\u00e9 vlastnosti:<\/strong><\/p>\n<ul data-start=\"2844\" data-end=\"3597\">\n<li class=\"\" data-start=\"2844\" data-end=\"2889\">\n<p class=\"\" data-start=\"2846\" data-end=\"2889\">Profesion\u00e1ln\u00ed taktick\u00e9 st\u0159eleck\u00e9 rukavice<\/p>\n<\/li>\n<li class=\"\" data-start=\"2890\" data-end=\"2953\">\n<p class=\"\" data-start=\"2892\" data-end=\"2953\">Vyrobeno z prvot\u0159\u00eddn\u00ed syntetick\u00e9 k\u016f\u017ee a elastick\u00e9 tkaniny.<\/p>\n<\/li>\n<li class=\"\" data-start=\"2954\" data-end=\"3010\">\n<p class=\"\" data-start=\"2956\" data-end=\"3010\">Zes\u00edlen\u00e1 dla\u0148 s vynikaj\u00edc\u00edm \u00fachopem pro manipulaci se zbran\u00ed<\/p>\n<\/li>\n<li class=\"\" data-start=\"3011\" data-end=\"3068\">\n<p class=\"\" data-start=\"3013\" data-end=\"3068\">Prsty kompatibiln\u00ed s dotykovou obrazovkou pro pou\u017eit\u00ed mobiln\u00edch za\u0159\u00edzen\u00ed<\/p>\n<\/li>\n<li class=\"\" data-start=\"3069\" data-end=\"3114\">\n<p class=\"\" data-start=\"3071\" data-end=\"3114\">Prody\u0161n\u00e9 panely ze s\u00ed\u0165oviny pro regulaci vlhkosti<\/p>\n<\/li>\n<li class=\"\" data-start=\"3115\" data-end=\"3157\">\n<p class=\"\" data-start=\"3117\" data-end=\"3157\">Ergonomick\u00e1 konstrukce s p\u0159edem zak\u0159iven\u00fdmi prsty<\/p>\n<\/li>\n<li class=\"\" data-start=\"3158\" data-end=\"3205\">\n<p class=\"\" data-start=\"3160\" data-end=\"3205\">P\u00e1sek na such\u00fd zip na z\u00e1p\u011bst\u00ed pro bezpe\u010dn\u00e9 a nastaviteln\u00e9 uchycen\u00ed<\/p>\n<\/li>\n<li class=\"\" data-start=\"3206\" data-end=\"3250\">V\u00fdroba podle norem EU pro snadn\u00fd dovoz<\/li>\n<\/ul>","protected":false},"featured_media":8984,"comment_status":"closed","ping_status":"closed","template":"","meta":[],"product_brand":[35],"product_cat":[99,100],"product_tag":[118,104],"class_list":{"0":"post-8961","1":"product","2":"type-product","3":"status-publish","4":"has-post-thumbnail","6":"product_brand-ryinz","7":"product_cat-gloves","8":"product_cat-police-gloves","9":"product_tag-police-gear","10":"product_tag-tactical-police-gloves","12":"first","13":"instock","14":"taxable","15":"shipping-taxable","16":"purchasable","17":"product-type-simple"},"_links":{"self":[{"href":"https:\/\/ryinz.cz\/velkoobchod\/cs\/wp-json\/wp\/v2\/product\/8961","targetHints":{"allow":["GET"]}}],"collection":[{"href":"https:\/\/ryinz.cz\/velkoobchod\/cs\/wp-json\/wp\/v2\/product"}],"about":[{"href":"https:\/\/ryinz.cz\/velkoobchod\/cs\/wp-json\/wp\/v2\/types\/product"}],"replies":[{"embeddable":true,"href":"https:\/\/ryinz.cz\/velkoobchod\/cs\/wp-json\/wp\/v2\/comments?post=8961"}],"wp:featuredmedia":[{"embeddable":true,"href":"https:\/\/ryinz.cz\/velkoobchod\/cs\/wp-json\/wp\/v2\/media\/8984"}],"wp:attachment":[{"href":"https:\/\/ryinz.cz\/velkoobchod\/cs\/wp-json\/wp\/v2\/media?parent=8961"}],"wp:term":[{"taxonomy":"product_brand","embeddable":true,"href":"https:\/\/ryinz.cz\/velkoobchod\/cs\/wp-json\/wp\/v2\/product_brand?post=8961"},{"taxonomy":"product_cat","embeddable":true,"href":"https:\/\/ryinz.cz\/velkoobchod\/cs\/wp-json\/wp\/v2\/product_cat?post=8961"},{"taxonomy":"product_tag","embeddable":true,"href":"https:\/\/ryinz.cz\/velkoobchod\/cs\/wp-json\/wp\/v2\/product_tag?post=8961"}],"curies":[{"name":"wp","href":"https:\/\/api.w.org\/{rel}","templated":true}]}}