{"id":8957,"date":"2025-06-22T15:23:04","date_gmt":"2025-06-22T15:23:04","guid":{"rendered":"https:\/\/ryinz.cz\/velkoobchod\/?post_type=product&#038;p=8957"},"modified":"2026-01-18T20:17:02","modified_gmt":"2026-01-18T20:17:02","slug":"ryinz-takticke-policejni-strelecke-rukavice-velkoobchodni-vyrobce","status":"publish","type":"product","link":"https:\/\/ryinz.cz\/velkoobchod\/cs\/product\/ryinz-tactical-police-shooting-gloves-wholesale-manufacturer\/","title":{"rendered":"Ryinz Tactical Policejn\u00ed st\u0159eleck\u00e9 rukavice, velkoobchod, v\u00fdrobce"},"content":{"rendered":"<p>Objevte dokonal\u00e9 spojen\u00ed v\u00fdkonu, ochrany a p\u0159esnosti s policejn\u00edmi st\u0159eleck\u00fdmi rukavicemi Ryinz Tactical. Tyto rukavice, speci\u00e1ln\u011b navr\u017een\u00e9 pro profesion\u00e1ly v oblasti prosazov\u00e1n\u00ed pr\u00e1va, vojensk\u00fdch operac\u00ed, bezpe\u010dnostn\u00edch slu\u017eeb, taktick\u00e9ho v\u00fdcviku a st\u0159eleck\u00fdch sport\u016f, zt\u011bles\u0148uj\u00ed z\u00e1vazek spole\u010dnosti Ryinz k dokonalosti, odolnosti a inovac\u00edm.<\/p>\n<p>Ve spole\u010dnosti Ryinz hrd\u011b slou\u017e\u00edme jako neviditeln\u00fd motor mezin\u00e1rodn\u00edho obchodu, kter\u00fd hladce propojuje pr\u00e9miov\u00e9 v\u00fdrobce a kupuj\u00edc\u00ed v Evrop\u011b, USA a Asii. Otev\u00edr\u00e1me v\u00e1m dve\u0159e, abyste mohli s jistotou uzav\u00edrat obchody.<\/p>\n<p>Taktick\u00e9 policejn\u00ed st\u0159eleck\u00e9 rukavice Ryinz jsou vyrobeny z prvot\u0159\u00eddn\u00ed prav\u00e9 k\u016f\u017ee v kombinaci se zes\u00edlen\u00fdmi syntetick\u00fdmi vrstvami, kter\u00e9 zaji\u0161\u0165uj\u00ed bezkonkuren\u010dn\u00ed odolnost a ochranu. Ka\u017ed\u00e1 rukavice je navr\u017eena tak, aby poskytovala maxim\u00e1ln\u00ed obratnost a umo\u017e\u0148ovala u\u017eivatel\u016fm precizn\u011b plnit \u00fakoly - a\u0165 u\u017e jde o obsluhu st\u0159eln\u00fdch zbran\u00ed, manipulaci s taktick\u00fdm vybaven\u00edm nebo man\u00e9vrov\u00e1n\u00ed v ter\u00e9nu pod vysok\u00fdm tlakem.<\/p>\n<p>Konstrukce rukojeti v dlani zlep\u0161uje dr\u017een\u00ed zbran\u011b a manipulaci s n\u00ed, zat\u00edmco kone\u010dky prst\u016f kompatibiln\u00ed s dotykovou obrazovkou umo\u017e\u0148uj\u00ed okam\u017eit\u00e9 pou\u017e\u00edv\u00e1n\u00ed chytr\u00fdch za\u0159\u00edzen\u00ed bez nutnosti sund\u00e1vat rukavice - co\u017e je pro dne\u0161n\u00ed taktick\u00e9 mise z\u00e1sadn\u00ed v\u00fdhoda.<\/p>\n<p>Zes\u00edlen\u00e1 ochrana kloub\u016f chr\u00e1n\u00ed ruce p\u0159ed poran\u011bn\u00edm p\u0159i n\u00e1razu, ani\u017e by to bylo na \u00fakor pru\u017enosti, a nastaviteln\u00fd p\u00e1sek na z\u00e1p\u011bst\u00ed zaji\u0161\u0165uje bezpe\u010dn\u00e9 a p\u0159izp\u016fsoben\u00e9 no\u0161en\u00ed a zabra\u0148uje vniknut\u00ed prachu, ne\u010distot a studen\u00e9ho vzduchu.<\/p>\n<p>Tyto rukavice jsou navr\u017eeny pro pou\u017eit\u00ed v r\u016fzn\u00fdch prost\u0159ed\u00edch a jsou ide\u00e1ln\u00ed pro policejn\u00ed hl\u00eddky, policejn\u00ed z\u00e1sahy, vojensk\u00e1 cvi\u010den\u00ed, st\u0159elnice, t\u00fdmy SWAT, taktick\u00fd v\u00fdcvik, airsoft, paintball a dal\u0161\u00ed.<\/p>\n<p>Ka\u017ed\u00fd p\u00e1r spl\u0148uje v\u00fdvozn\u00ed normy EU pro bezpe\u010dnostn\u00ed v\u00fdstroj, co\u017e zaji\u0161\u0165uje nejvy\u0161\u0161\u00ed kvalitu pro mezin\u00e1rodn\u00ed velkoobchod a maloobchod.<\/p>\n<p>Prost\u0159ednictv\u00edm spole\u010dnosti Ryinz si m\u016f\u017eete tyto pr\u00e9miov\u00e9 taktick\u00e9 rukavice objednat velkoobchodn\u011b s vlastn\u00edm logem, soukromou zna\u010dkou a speci\u00e1ln\u00edmi mo\u017enostmi balen\u00ed. Podporujeme maloobchodn\u00edky, velkoobchodn\u00edky, bezpe\u010dnostn\u00ed agentury, vojensk\u00e9 dodavatele a distributory taktick\u00e9ho vybaven\u00ed v Evrop\u011b i po cel\u00e9m sv\u011bt\u011b.<\/p>\n<p>Zvy\u0161te svou opera\u010dn\u00ed p\u0159ipravenost s policejn\u00edmi st\u0159eleck\u00fdmi rukavicemi Ryinz Tactical, kter\u00fdm d\u016fv\u011b\u0159uj\u00ed profesion\u00e1lov\u00e9 na v\u0161ech boji\u0161t\u00edch, cvi\u010di\u0161t\u00edch a slu\u017eebn\u00e1ch.<\/p>\n<p>???? Kl\u00ed\u010dov\u00e9 vlastnosti a v\u00fdhody<\/p>\n<p>???? Pr\u00e9miov\u00e1 sm\u011bs k\u016f\u017ee a syntetiky<\/p>\n<p>Poskytuje odolnost, flexibilitu a taktick\u00fd pocit, kter\u00fd je pro p\u0159esn\u00e9 \u00fakoly z\u00e1sadn\u00ed.<\/p>\n<p>???? Prsty kompatibiln\u00ed s dotykovou obrazovkou<\/p>\n<p>Obsluhujte chytr\u00e9 telefony, tablety a za\u0159\u00edzen\u00ed GPS bez nutnosti sund\u00e1vat rukavice.<\/p>\n<p>???? Ochrana kloub\u016f<\/p>\n<p>Zes\u00edlen\u00e1 ochrana z termoplastick\u00e9 pry\u017ee zaji\u0161\u0165uje bezpe\u010dnost p\u0159i \u00faderech a n\u00e1razech.<\/p>\n<p>???? Nastaviteln\u00e9 zap\u00edn\u00e1n\u00ed na such\u00fd zip<\/p>\n<p>Zaji\u0161\u0165uje bezpe\u010dn\u00e9 uchycen\u00ed, kter\u00e9 zabra\u0148uje prokluzov\u00e1n\u00ed a chr\u00e1n\u00ed p\u0159ed vlivy prost\u0159ed\u00ed.<\/p>\n<p>???? Vylep\u0161en\u00e1 textura \u00fachopu dlan\u011b<\/p>\n<p>Poskytuje vynikaj\u00edc\u00ed manipulaci se zbran\u00ed, ide\u00e1ln\u00ed pro policisty, vojensk\u00e9 pracovn\u00edky a bezpe\u010dnostn\u00ed profesion\u00e1ly.<\/p>\n<p>???? Multifunk\u010dn\u00ed taktick\u00e9 pou\u017eit\u00ed<\/p>\n<p>Vynikaj\u00edc\u00ed pro arm\u00e1dn\u00ed v\u00fdcvik, policejn\u00ed hl\u00eddky, obsluhu st\u0159eln\u00fdch zbran\u00ed, taktick\u00e1 cvi\u010den\u00ed, airsoft, lov a st\u0159eleck\u00e9 sporty.<\/p>\n<p>???? Prody\u0161n\u00fd a pot pohlcuj\u00edc\u00ed interi\u00e9r<\/p>\n<p>Zachov\u00e1v\u00e1 pohodl\u00ed i p\u0159i del\u0161\u00edm provozu v ter\u00e9nu.<\/p>\n<p>???? Certifik\u00e1t kvality EU pro v\u00fdvoz<\/p>\n<p>Vyrobeno v souladu s p\u0159\u00edsn\u00fdmi normami Evropsk\u00e9 unie pro taktickou a osobn\u00ed ochranu.<\/p>\n<p>???? Velkoobchod a priv\u00e1tn\u00ed zna\u010dka k dispozici<\/p>\n<p>Nab\u00edz\u00edme loga na m\u00edru a \u0159e\u0161en\u00ed pro zna\u010dku OEM pro velkoodb\u011bratele a distributory.<\/p>\n<p>???? Strategick\u00e9 flexibiln\u00ed z\u00f3ny<\/p>\n<p>Zlep\u0161uje obratnost a z\u00e1rove\u0148 zachov\u00e1v\u00e1 kritickou ochranu rukou p\u0159i taktick\u00fdch operac\u00edch.<\/p>\n<p>???? Konstrukce odoln\u00e1 proti n\u00e1razu<\/p>\n<p>Jsou konstruov\u00e1ny tak, aby odolaly n\u00e1ro\u010dn\u00fdm podm\u00ednk\u00e1m v arm\u00e1d\u011b, p\u0159i prosazov\u00e1n\u00ed pr\u00e1va a p\u0159i outdoorov\u00fdch aktivit\u00e1ch.<\/p>\n<p>???? Lehk\u00fd taktick\u00fd pocit<\/p>\n<p>Maxim\u00e1ln\u00ed volnost pohybu bez ztr\u00e1ty s\u00edly a vytrvalosti.<\/p>\n<p>???? Siln\u00e9 pro\u0161\u00edv\u00e1n\u00ed<\/p>\n<p>Zes\u00edlen\u00e9 \u0161vy pro prodlou\u017een\u00ed \u017eivotnosti v\u00fdrobku i p\u0159i intenzivn\u00edm pou\u017e\u00edv\u00e1n\u00ed.<\/p>\n<p>???? P\u0159izp\u016fsobiteln\u00e9 velikosti<\/p>\n<p>K dispozici jsou velikosti S, M, L, XL, XXL pro p\u0159izp\u016fsoben\u00ed na m\u00edru.<\/p>\n<p>???? Ide\u00e1ln\u00ed pro evropsk\u00e9, americk\u00e9 a glob\u00e1ln\u00ed taktick\u00e9 trhy<\/p>\n<p>Ozbrojen\u00e9 s\u00edly, donucovac\u00ed org\u00e1ny, soukrom\u00e9 bezpe\u010dnostn\u00ed firmy a prodejci taktick\u00e9ho vybaven\u00ed po cel\u00e9m sv\u011bt\u011b.<\/p>\n<p>???? Specifikace<\/p>\n<p>- Materi\u00e1l: Pr\u00e9miov\u00e1 k\u016f\u017ee + zes\u00edlen\u00e1 syntetika<\/p>\n<p>- Barva: \u010dern\u00e1 (mo\u017enost p\u0159izp\u016fsoben\u00ed p\u0159i hromadn\u00fdch objedn\u00e1vk\u00e1ch)<\/p>\n<p>- Velikosti: S, M, L, XL, XXL<\/p>\n<p>- Povrch rukojeti: Vylep\u0161en\u00e1 texturovan\u00e1 rukoje\u0165 dlan\u011b<\/p>\n<p>- Funkce dotykov\u00e9 obrazovky: Ano<\/p>\n<p>- Ochrana proti n\u00e1razu: Zes\u00edlen\u00e9 brn\u011bn\u00ed kloub\u016f<\/p>\n<p>- Certifikace: Shoda s p\u0159edpisy EU pro taktick\u00e9 rukavice<\/p>\n<p>- Zna\u010dka: Ryinz + mo\u017enost vlastn\u00edho loga<\/p>\n<p>- Ide\u00e1ln\u00ed pro: arm\u00e1da, policie, bezpe\u010dnostn\u00ed agentury, st\u0159eleck\u00e9 sporty, taktick\u00e9 aktivity v p\u0159\u00edrod\u011b<\/p>\n<p>????\ufe0f Ide\u00e1ln\u00ed pro<\/p>\n<p>- Policejn\u00ed hl\u00eddky a operace v ter\u00e9nu<\/p>\n<p>- Vojensk\u00e1 cvi\u010den\u00ed a poln\u00ed v\u00fdcvik<\/p>\n<p>- Soukrom\u00e9 bezpe\u010dnostn\u00ed slu\u017eby a osobn\u00ed str\u00e1\u017eci<\/p>\n<p>- V\u00fdcvik a sout\u011b\u017ee na st\u0159elnici<\/p>\n<p>- Lov, airsoft, paintball a taktick\u00e9 sporty<\/p>\n<p>- Sady taktick\u00e9ho vybaven\u00ed pro p\u0159e\u017eit\u00ed<\/p>\n<p>- Dodavatel\u00e9 vybaven\u00ed pro vym\u00e1h\u00e1n\u00ed pr\u00e1va<\/p>\n<p>- Velkoobchodn\u00ed trh s taktick\u00fdm vybaven\u00edm v EU, USA a Asii<\/p>","protected":false},"excerpt":{"rendered":"<p>???? Kl\u00ed\u010dov\u00e9 vlastnosti a v\u00fdhody<\/p>\n<p>???? Pr\u00e9miov\u00e1 sm\u011bs k\u016f\u017ee a syntetiky<\/p>\n<p>Poskytuje odolnost, flexibilitu a taktick\u00fd pocit, kter\u00fd je pro p\u0159esn\u00e9 \u00fakoly z\u00e1sadn\u00ed.<\/p>\n<p>???? Prsty kompatibiln\u00ed s dotykovou obrazovkou<\/p>\n<p>Obsluhujte chytr\u00e9 telefony, tablety a za\u0159\u00edzen\u00ed GPS bez nutnosti sund\u00e1vat rukavice.<\/p>\n<p>???? Ochrana kloub\u016f<\/p>\n<p>Zes\u00edlen\u00e1 ochrana z termoplastick\u00e9 pry\u017ee zaji\u0161\u0165uje bezpe\u010dnost p\u0159i \u00faderech a n\u00e1razech.<\/p>\n<p>???? Nastaviteln\u00e9 zap\u00edn\u00e1n\u00ed na such\u00fd zip<\/p>\n<p>Zaji\u0161\u0165uje bezpe\u010dn\u00e9 uchycen\u00ed, kter\u00e9 zabra\u0148uje prokluzov\u00e1n\u00ed a chr\u00e1n\u00ed p\u0159ed vlivy prost\u0159ed\u00ed.<\/p>\n<p>???? Vylep\u0161en\u00e1 textura \u00fachopu dlan\u011b<\/p>\n<p>Poskytuje vynikaj\u00edc\u00ed manipulaci se zbran\u00ed, ide\u00e1ln\u00ed pro policisty, vojensk\u00e9 pracovn\u00edky a bezpe\u010dnostn\u00ed profesion\u00e1ly.<\/p>","protected":false},"featured_media":9004,"comment_status":"closed","ping_status":"closed","template":"","meta":[],"product_brand":[35],"product_cat":[99,100],"product_tag":[116],"class_list":{"0":"post-8957","1":"product","2":"type-product","3":"status-publish","4":"has-post-thumbnail","6":"product_brand-ryinz","7":"product_cat-gloves","8":"product_cat-police-gloves","9":"product_tag-protective-gloves-for-law-enforcement","11":"first","12":"instock","13":"taxable","14":"shipping-taxable","15":"purchasable","16":"product-type-simple"},"_links":{"self":[{"href":"https:\/\/ryinz.cz\/velkoobchod\/cs\/wp-json\/wp\/v2\/product\/8957","targetHints":{"allow":["GET"]}}],"collection":[{"href":"https:\/\/ryinz.cz\/velkoobchod\/cs\/wp-json\/wp\/v2\/product"}],"about":[{"href":"https:\/\/ryinz.cz\/velkoobchod\/cs\/wp-json\/wp\/v2\/types\/product"}],"replies":[{"embeddable":true,"href":"https:\/\/ryinz.cz\/velkoobchod\/cs\/wp-json\/wp\/v2\/comments?post=8957"}],"wp:featuredmedia":[{"embeddable":true,"href":"https:\/\/ryinz.cz\/velkoobchod\/cs\/wp-json\/wp\/v2\/media\/9004"}],"wp:attachment":[{"href":"https:\/\/ryinz.cz\/velkoobchod\/cs\/wp-json\/wp\/v2\/media?parent=8957"}],"wp:term":[{"taxonomy":"product_brand","embeddable":true,"href":"https:\/\/ryinz.cz\/velkoobchod\/cs\/wp-json\/wp\/v2\/product_brand?post=8957"},{"taxonomy":"product_cat","embeddable":true,"href":"https:\/\/ryinz.cz\/velkoobchod\/cs\/wp-json\/wp\/v2\/product_cat?post=8957"},{"taxonomy":"product_tag","embeddable":true,"href":"https:\/\/ryinz.cz\/velkoobchod\/cs\/wp-json\/wp\/v2\/product_tag?post=8957"}],"curies":[{"name":"wp","href":"https:\/\/api.w.org\/{rel}","templated":true}]}}