{"id":8956,"date":"2025-08-26T11:48:33","date_gmt":"2025-08-26T11:48:33","guid":{"rendered":"https:\/\/ryinz.cz\/velkoobchod\/?post_type=product&#038;p=8956"},"modified":"2026-01-18T20:17:02","modified_gmt":"2026-01-18T20:17:02","slug":"ryinz-klasicke-kozene-pracovni-rukavice","status":"publish","type":"product","link":"https:\/\/ryinz.cz\/velkoobchod\/cs\/product\/ryinz-classic-leather-work-gloves\/","title":{"rendered":"Ko\u017een\u00e9 pracovn\u00ed rukavice Ryinz Classic"},"content":{"rendered":"<p class=\"\" data-start=\"248\" data-end=\"512\">Na adrese <strong data-start=\"251\" data-end=\"260\">Ryinz<\/strong>, jsme hrd\u00ed na to, \u017ee jsme neviditeln\u00fdm motorem mezin\u00e1rodn\u00edho obchodu, kter\u00fd spojuje v\u00fdrobce, zna\u010dky a kupuj\u00edc\u00ed s vysok\u00fdm potenci\u00e1lem v Evrop\u011b, USA a Asii. N\u00e1\u0161 c\u00edl je jednoduch\u00fd: otev\u00edr\u00e1me v\u00e1m dve\u0159e k nov\u00fdm p\u0159\u00edle\u017eitostem, abyste mohli uzav\u00edrat ty nejlep\u0161\u00ed obchody.<\/p>\n<p class=\"\" data-start=\"514\" data-end=\"788\">P\u0159edstaven\u00ed <strong data-start=\"530\" data-end=\"567\">Ko\u017een\u00e9 pracovn\u00ed rukavice Ryinz Classic<\/strong>, dokonal\u00e1 kombinace nad\u010dasov\u00e9ho stylu, bezkonkuren\u010dn\u00ed odolnosti a vynikaj\u00edc\u00ed ochrany. Tyto rukavice, ru\u010dn\u011b vyroben\u00e9 z prvot\u0159\u00eddn\u00ed p\u0159\u00edrodn\u00ed k\u016f\u017ee, jsou nezbytn\u00fdm dopl\u0148kem pro profesion\u00e1ly, kte\u0159\u00ed si cen\u00ed kvality a v\u00fdkonu.<\/p>\n<p class=\"\" data-start=\"790\" data-end=\"1163\">Navr\u017eeno s <strong data-start=\"806\" data-end=\"841\">vn\u011bj\u0161\u00ed povrch z hladk\u00e9 a pru\u017en\u00e9 k\u016f\u017ee<\/strong>, pracovn\u00ed rukavice Ryinz Classic nab\u00edzej\u00ed neuv\u011b\u0159iteln\u00e9 pohodl\u00ed, ani\u017e by se ob\u011btovaly ochran\u011b. P\u0159\u00edrodn\u00ed textura zaji\u0161\u0165uje pevn\u00fd \u00fachop, zat\u00edmco zes\u00edlen\u00e1 dla\u0148 poskytuje zv\u00fd\u0161enou odolnost pro ka\u017edodenn\u00ed pou\u017eit\u00ed. A\u0165 u\u017e pracujete venku, jezd\u00edte na motorce, \u0159\u00edd\u00edte auto nebo \u0159e\u0161\u00edte stavebn\u00ed \u00fakoly, tyto rukavice v\u00e1m je poskytnou.<\/p>\n<p class=\"\" data-start=\"1165\" data-end=\"1337\">Na str\u00e1nk\u00e1ch <strong data-start=\"1169\" data-end=\"1191\">elastick\u00e1 man\u017eeta na z\u00e1p\u011bst\u00ed<\/strong> nab\u00edz\u00ed bezpe\u010dn\u00e9 a p\u0159il\u00e9hav\u00e9 uchycen\u00ed, kter\u00e9 zabra\u0148uje vniknut\u00ed prachu, ne\u010distot a \u00falomk\u016f do rukavic, a zaji\u0161\u0165uje tak celodenn\u00ed pohodl\u00ed a ochranu v jak\u00e9mkoli prost\u0159ed\u00ed.<\/p>\n<p class=\"\" data-start=\"1339\" data-end=\"1534\">Tyto rukavice jsou navr\u017eeny pro v\u0161estrann\u00e9 pou\u017eit\u00ed a jsou ide\u00e1ln\u00ed pro b\u011b\u017en\u00e9 i profesion\u00e1ln\u00ed pou\u017eit\u00ed - od \u0159\u00edzen\u00ed a j\u00edzdy na motocyklu a\u017e po pr\u00e1ci na farm\u011b, taktick\u00e9 operace v ter\u00e9nu, tesa\u0159sk\u00e9 pr\u00e1ce, kutilsk\u00e9 projekty a dal\u0161\u00ed.<\/p>\n<p class=\"\" data-start=\"1536\" data-end=\"1759\">Spole\u010dnost Ryinz nab\u00edz\u00ed velkoobchodn\u00edk\u016fm, maloobchodn\u00edk\u016fm a zna\u010dk\u00e1m v Evrop\u011b i mimo ni kompletn\u00ed slu\u017eby. <strong data-start=\"1619\" data-end=\"1636\">soukrom\u00e1 zna\u010dka<\/strong> a <strong data-start=\"1641\" data-end=\"1664\">mo\u017enosti vlastn\u00edho loga<\/strong> rozv\u00edjet identitu va\u0161\u00ed zna\u010dky a z\u00e1rove\u0148 poskytovat \u0161pi\u010dkovou kvalitu rukavic, kter\u00e9 budou va\u0161i z\u00e1kazn\u00edci d\u016fv\u011b\u0159ovat.<\/p>\n<p class=\"\" data-start=\"1761\" data-end=\"1969\">Vyrobeno podle norem Evropsk\u00e9 unie (EU) pro exportn\u00ed kvalitu, testov\u00e1no pro robustn\u00ed pou\u017eit\u00ed a navr\u017eeno pro modern\u00ed profesion\u00e1ly - <strong data-start=\"1877\" data-end=\"1901\">Ko\u017een\u00e9 rukavice Ryinz<\/strong> jsou va\u0161\u00ed vstupn\u00ed branou do budoucnosti \u0161pi\u010dkov\u00fdch pracovn\u00edch od\u011bv\u016f a dopl\u0148k\u016f.<\/p>\n<hr class=\"\" data-start=\"1971\" data-end=\"1974\" \/>\n<h1 class=\"\" data-start=\"1976\" data-end=\"2010\">???? <strong data-start=\"1981\" data-end=\"2010\">Kl\u00ed\u010dov\u00e9 vlastnosti a v\u00fdhody<\/strong><\/h1>\n<p class=\"\" data-start=\"2012\" data-end=\"2114\">???? <strong data-start=\"2015\" data-end=\"2042\">Pr\u00e9miov\u00e1 p\u0159\u00edrodn\u00ed k\u016f\u017ee<\/strong><br data-start=\"2042\" data-end=\"2045\" \/>M\u011bkk\u00e9, prody\u0161n\u00e9 a extr\u00e9mn\u011b odoln\u00e9 pro dlouhotrvaj\u00edc\u00ed v\u00fdkon.<\/p>\n<p class=\"\" data-start=\"2116\" data-end=\"2220\">???? <strong data-start=\"2119\" data-end=\"2144\">Klasick\u00e1 hladk\u00e1 povrchov\u00e1 \u00faprava<\/strong><br data-start=\"2144\" data-end=\"2147\" \/>Elegantn\u00ed vzhled vhodn\u00fd pro profesion\u00e1ln\u00ed, b\u011b\u017en\u00e9 i pr\u016fmyslov\u00e9 pou\u017eit\u00ed.<\/p>\n<p class=\"\" data-start=\"2222\" data-end=\"2313\">???? <strong data-start=\"2225\" data-end=\"2244\">Zes\u00edlen\u00e1 dla\u0148<\/strong><br data-start=\"2244\" data-end=\"2247\" \/>Zpevn\u011bn\u00e1 oblast pro v\u011bt\u0161\u00ed ochranu a p\u0159ilnavost p\u0159i n\u00e1ro\u010dn\u00e9 pr\u00e1ci.<\/p>\n<p class=\"\" data-start=\"2315\" data-end=\"2403\">???? <strong data-start=\"2318\" data-end=\"2340\">Elastick\u00e1 man\u017eeta na z\u00e1p\u011bst\u00ed<\/strong><br data-start=\"2340\" data-end=\"2343\" \/>Zabra\u0148uje vniknut\u00ed ne\u010distot a z\u00e1rove\u0148 zaji\u0161\u0165uje snadn\u00e9 nasazov\u00e1n\u00ed a sund\u00e1v\u00e1n\u00ed a dokonal\u00e9 p\u0159izp\u016fsoben\u00ed.<\/p>\n<p class=\"\" data-start=\"2405\" data-end=\"2506\">???? <strong data-start=\"2408\" data-end=\"2436\">Pru\u017en\u00fd st\u0159ih pro v\u011bt\u0161\u00ed pohodl\u00ed<\/strong><br data-start=\"2436\" data-end=\"2439\" \/>P\u0159izp\u016fsob\u00ed se p\u0159irozen\u00e9mu tvaru ruky a umo\u017e\u0148uje pln\u00fd rozsah pohybu.<\/p>\n<p class=\"\" data-start=\"2508\" data-end=\"2641\">???? <strong data-start=\"2511\" data-end=\"2541\">V\u00edce\u00fa\u010delov\u00e9 aplikace<\/strong><br data-start=\"2541\" data-end=\"2544\" \/>Ide\u00e1ln\u00ed pro \u0159\u00edzen\u00ed, j\u00edzdu na koni, zem\u011bd\u011blstv\u00ed, taktick\u00e9 \u00fakoly, tesa\u0159stv\u00ed, bezpe\u010dnostn\u00ed slu\u017eby a ka\u017edodenn\u00ed no\u0161en\u00ed.<\/p>\n<p class=\"\" data-start=\"2643\" data-end=\"2759\">???? <strong data-start=\"2646\" data-end=\"2679\">Velkoobchodn\u00ed p\u0159izp\u016fsoben\u00ed Ready<\/strong><br data-start=\"2679\" data-end=\"2682\" \/>Pro velkoodb\u011bratele je k dispozici vlastn\u00ed logo, ozna\u010den\u00ed zna\u010dky a speci\u00e1ln\u00ed balen\u00ed.<\/p>\n<p class=\"\" data-start=\"2761\" data-end=\"2861\">???? <strong data-start=\"2764\" data-end=\"2788\">Zaji\u0161t\u011bn\u00ed kvality EU<\/strong><br data-start=\"2788\" data-end=\"2791\" \/>Navr\u017eeno tak, aby spl\u0148ovalo po\u017eadavky evropsk\u00fdch profesion\u00e1l\u016f a pr\u016fmyslov\u00fdch odv\u011btv\u00ed.<\/p>\n<p class=\"\" data-start=\"2863\" data-end=\"2954\">???? <strong data-start=\"2866\" data-end=\"2887\">Odoln\u00e9 pro\u0161\u00edv\u00e1n\u00ed<\/strong><br data-start=\"2887\" data-end=\"2890\" \/>Siln\u00e9 pro\u0161\u00edv\u00e1n\u00ed zabra\u0148uje roztr\u017een\u00ed nebo rozt\u0159epen\u00ed p\u0159i n\u00e1ro\u010dn\u00e9m pou\u017e\u00edv\u00e1n\u00ed.<\/p>\n<p class=\"\" data-start=\"2956\" data-end=\"3040\">???? <strong data-start=\"2959\" data-end=\"2981\">Ochrana p\u0159ed pov\u011btrnostn\u00edmi vlivy<\/strong><br data-start=\"2981\" data-end=\"2984\" \/>Spolehliv\u00e1 ochrana rukou p\u0159ed v\u011btrem, prachem a m\u00edrn\u00fdm de\u0161t\u011bm.<\/p>\n<hr class=\"\" data-start=\"3042\" data-end=\"3045\" \/>\n<h1 class=\"\" data-start=\"3047\" data-end=\"3078\">???? <strong data-start=\"3052\" data-end=\"3078\">Specifikace produktu<\/strong><\/h1>\n<p class=\"\" data-start=\"3080\" data-end=\"3443\">- <strong data-start=\"3082\" data-end=\"3094\">Materi\u00e1l<\/strong>: 100% Prav\u00e1 k\u016f\u017ee<br data-start=\"3116\" data-end=\"3119\" \/>- <strong data-start=\"3121\" data-end=\"3130\">Barva<\/strong>: Klasick\u00e1 \u010dern\u00e1 (p\u0159izp\u016fsobiteln\u00e1)<br data-start=\"3160\" data-end=\"3163\" \/>- <strong data-start=\"3165\" data-end=\"3174\">Velikosti<\/strong>: S, M, L, XL, XXL<br data-start=\"3192\" data-end=\"3195\" \/>- <strong data-start=\"3197\" data-end=\"3213\">Typ uz\u00e1v\u011bru<\/strong>: Elastick\u00e9 zap\u00edn\u00e1n\u00ed na z\u00e1p\u011bst\u00ed<br data-start=\"3236\" data-end=\"3239\" \/>- <strong data-start=\"3241\" data-end=\"3257\">Aplikace<\/strong>: Pracovn\u00ed od\u011bvy, j\u00edzda na koni, \u0159\u00edzen\u00ed, zem\u011bd\u011blstv\u00ed, taktick\u00e9 od\u011bvy, outdoorov\u00e9 aktivity<br data-start=\"3323\" data-end=\"3326\" \/>- <strong data-start=\"3328\" data-end=\"3349\">OEM\/soukrom\u00e1 zna\u010dka<\/strong>: K dispozici na vy\u017e\u00e1d\u00e1n\u00ed<br data-start=\"3371\" data-end=\"3374\" \/>- <strong data-start=\"3376\" data-end=\"3394\">Certifikace<\/strong>: Dodr\u017eov\u00e1n\u00ed p\u0159edpis\u016f EU pro pracovn\u00ed a osobn\u00ed ochrann\u00e9 pom\u016fcky<\/p>\n<hr class=\"\" data-start=\"3445\" data-end=\"3448\" \/>\n<h1 class=\"\" data-start=\"3450\" data-end=\"3486\">???? <strong data-start=\"3455\" data-end=\"3486\">Ide\u00e1ln\u00ed kupuj\u00edc\u00ed a odv\u011btv\u00ed<\/strong><\/h1>\n<p class=\"\" data-start=\"3488\" data-end=\"3792\">- Dodavatel\u00e9 pracovn\u00edch od\u011bv\u016f<br data-start=\"3508\" data-end=\"3511\" \/>- Prodejci motocyklov\u00e9ho vybaven\u00ed<br data-start=\"3537\" data-end=\"3540\" \/>- Distributo\u0159i ko\u017een\u00e9ho zbo\u017e\u00ed<br data-start=\"3568\" data-end=\"3571\" \/>- Maloobchodn\u00edci s venkovn\u00edm vybaven\u00edm<br data-start=\"3600\" data-end=\"3603\" \/>- B2B dovozci a v\u00fdvozci<br data-start=\"3632\" data-end=\"3635\" \/>- Dodavatel\u00e9 stavebn\u00edch bezpe\u010dnostn\u00edch za\u0159\u00edzen\u00ed<br data-start=\"3676\" data-end=\"3679\" \/>- Taktick\u00e9 a bezpe\u010dnostn\u00ed s\u00edly<br data-start=\"3709\" data-end=\"3712\" \/>- Elektronick\u00e9 obchody pro p\u0159\u00edslu\u0161enstv\u00ed<br data-start=\"3747\" data-end=\"3750\" \/>- Dodavatel\u00e9 uniforem pro \u0159idi\u010de a jezdce<\/p>","protected":false},"excerpt":{"rendered":"<p class=\"\" data-start=\"2012\" data-end=\"2114\">???? <strong data-start=\"2015\" data-end=\"2042\">Pr\u00e9miov\u00e1 p\u0159\u00edrodn\u00ed k\u016f\u017ee<\/strong><br data-start=\"2042\" data-end=\"2045\" \/>M\u011bkk\u00e9, prody\u0161n\u00e9 a extr\u00e9mn\u011b odoln\u00e9 pro dlouhotrvaj\u00edc\u00ed v\u00fdkon.<\/p>\n<p class=\"\" data-start=\"2116\" data-end=\"2220\">???? <strong data-start=\"2119\" data-end=\"2144\">Klasick\u00e1 hladk\u00e1 povrchov\u00e1 \u00faprava<\/strong><br data-start=\"2144\" data-end=\"2147\" \/>Elegantn\u00ed vzhled vhodn\u00fd pro profesion\u00e1ln\u00ed, b\u011b\u017en\u00e9 i pr\u016fmyslov\u00e9 pou\u017eit\u00ed.<\/p>\n<p class=\"\" data-start=\"2222\" data-end=\"2313\">???? <strong data-start=\"2225\" data-end=\"2244\">Zes\u00edlen\u00e1 dla\u0148<\/strong><br data-start=\"2244\" data-end=\"2247\" \/>Zpevn\u011bn\u00e1 oblast pro v\u011bt\u0161\u00ed ochranu a p\u0159ilnavost p\u0159i n\u00e1ro\u010dn\u00e9 pr\u00e1ci.<\/p>\n<p class=\"\" data-start=\"2315\" data-end=\"2403\">???? <strong data-start=\"2318\" data-end=\"2340\">Elastick\u00e1 man\u017eeta na z\u00e1p\u011bst\u00ed<\/strong><br data-start=\"2340\" data-end=\"2343\" \/>Zabra\u0148uje vniknut\u00ed ne\u010distot a z\u00e1rove\u0148 zaji\u0161\u0165uje snadn\u00e9 nasazov\u00e1n\u00ed a sund\u00e1v\u00e1n\u00ed a dokonal\u00e9 p\u0159izp\u016fsoben\u00ed.<\/p>","protected":false},"featured_media":8987,"comment_status":"closed","ping_status":"closed","template":"","meta":[],"product_brand":[35],"product_cat":[99,100],"product_tag":[116],"class_list":{"0":"post-8956","1":"product","2":"type-product","3":"status-publish","4":"has-post-thumbnail","6":"product_brand-ryinz","7":"product_cat-gloves","8":"product_cat-police-gloves","9":"product_tag-protective-gloves-for-law-enforcement","11":"first","12":"instock","13":"taxable","14":"shipping-taxable","15":"purchasable","16":"product-type-simple"},"_links":{"self":[{"href":"https:\/\/ryinz.cz\/velkoobchod\/cs\/wp-json\/wp\/v2\/product\/8956","targetHints":{"allow":["GET"]}}],"collection":[{"href":"https:\/\/ryinz.cz\/velkoobchod\/cs\/wp-json\/wp\/v2\/product"}],"about":[{"href":"https:\/\/ryinz.cz\/velkoobchod\/cs\/wp-json\/wp\/v2\/types\/product"}],"replies":[{"embeddable":true,"href":"https:\/\/ryinz.cz\/velkoobchod\/cs\/wp-json\/wp\/v2\/comments?post=8956"}],"wp:featuredmedia":[{"embeddable":true,"href":"https:\/\/ryinz.cz\/velkoobchod\/cs\/wp-json\/wp\/v2\/media\/8987"}],"wp:attachment":[{"href":"https:\/\/ryinz.cz\/velkoobchod\/cs\/wp-json\/wp\/v2\/media?parent=8956"}],"wp:term":[{"taxonomy":"product_brand","embeddable":true,"href":"https:\/\/ryinz.cz\/velkoobchod\/cs\/wp-json\/wp\/v2\/product_brand?post=8956"},{"taxonomy":"product_cat","embeddable":true,"href":"https:\/\/ryinz.cz\/velkoobchod\/cs\/wp-json\/wp\/v2\/product_cat?post=8956"},{"taxonomy":"product_tag","embeddable":true,"href":"https:\/\/ryinz.cz\/velkoobchod\/cs\/wp-json\/wp\/v2\/product_tag?post=8956"}],"curies":[{"name":"wp","href":"https:\/\/api.w.org\/{rel}","templated":true}]}}