{"id":8939,"date":"2025-06-22T15:22:05","date_gmt":"2025-06-22T15:22:05","guid":{"rendered":"https:\/\/ryinz.cz\/velkoobchod\/?post_type=product&#038;p=8939"},"modified":"2026-01-18T20:16:59","modified_gmt":"2026-01-18T20:16:59","slug":"ryinz-urban-rider-rukavice-lehke-prodysne-rukavice-na-motorku-pro-muze","status":"publish","type":"product","link":"https:\/\/ryinz.cz\/velkoobchod\/cs\/product\/ryinz-urban-rider-gloves-lightweight-breathable-motorcycle-adventure-gloves-for-men\/","title":{"rendered":"Rukavice Ryinz Urban Rider - lehk\u00e9, prody\u0161n\u00e9 rukavice na motorku a dobrodru\u017estv\u00ed pro mu\u017ee"},"content":{"rendered":"<p class=\"\" data-start=\"605\" data-end=\"954\">Na adrese <strong data-start=\"608\" data-end=\"617\">Ryinz<\/strong>, jsme odhodl\u00e1ni nov\u011b definovat dokonalost pr\u00e9miov\u00fdch jezdeck\u00fdch rukavic pro velkoobchod, maloobchod, priv\u00e1tn\u00ed zna\u010dky a distribuci zna\u010dek. Specializujeme se na p\u0159eklenov\u00e1n\u00ed propasti mezi v\u00fdrobci s vysok\u00fdm potenci\u00e1lem a pokrokov\u00fdmi n\u00e1kup\u010d\u00edmi v Evrop\u011b, USA a Asii. Na\u0161e posl\u00e1n\u00ed je jednoduch\u00e9: otev\u00edr\u00e1me dve\u0159e, abyste mohli s jistotou uzav\u00edrat prodeje.<\/p>\n<p class=\"\" data-start=\"956\" data-end=\"1288\">P\u0159edstavujeme nejmodern\u011bj\u0161\u00ed <strong data-start=\"985\" data-end=\"1013\">Rukavice Ryinz Urban Rider<\/strong> - dokonal\u00e1 kombinace lehk\u00e9 konstrukce, prody\u0161n\u00e9ho v\u00fdkonu a odoln\u00e9 ochrany. Tyto rukavice byly vytvo\u0159eny pro jezdce, kte\u0159\u00ed vy\u017eaduj\u00ed styl, ani\u017e by museli d\u011blat kompromisy v oblasti pohodl\u00ed a bezpe\u010dnosti, a jsou pe\u010dliv\u011b navr\u017eeny tak, aby dosahovaly vynikaj\u00edc\u00edch v\u00fdsledk\u016f na silnici i mimo ni.<\/p>\n<p class=\"\" data-start=\"1290\" data-end=\"1696\">Rukavice Ryinz Urban Rider jsou vyrobeny ze sm\u011bsi prvot\u0159\u00eddn\u00edch syntetick\u00fdch tkanin a zes\u00edlen\u00fdch mikrovl\u00e1ken, kter\u00e9 zaji\u0161\u0165uj\u00ed vynikaj\u00edc\u00ed odolnost proti od\u011bru a roztr\u017een\u00ed. Ergonomick\u00e1, p\u0159edem prohnut\u00e1 konstrukce zaji\u0161\u0165uje maxim\u00e1ln\u00ed flexibilitu a minimalizuje \u00fanavu rukou p\u0159i dlouh\u00fdch j\u00edzd\u00e1ch. A\u0165 u\u017e br\u00e1zd\u00edte m\u011bstsk\u00e9 ulice, z\u00e1vod\u00edte na okruz\u00edch nebo prozkoum\u00e1v\u00e1te n\u00e1ro\u010dn\u00fd ter\u00e9n, tyto rukavice budou va\u0161\u00edm spolehliv\u00fdm partnerem.<\/p>\n<p class=\"\" data-start=\"1698\" data-end=\"2019\">D\u00edky odv\u011btr\u00e1van\u00fdm panel\u016fm na kloubech, strategicky um\u00edst\u011bn\u00fdm prody\u0161n\u00fdm s\u00ed\u0165ovan\u00fdm vlo\u017ek\u00e1m a kone\u010dk\u016fm prst\u016f kompatibiln\u00edm s dotykovou obrazovkou jsou tyto rukavice nejen odoln\u00e9, ale tak\u00e9 neuv\u011b\u0159iteln\u011b pohodln\u00e9 pro modern\u00edho jezdce. Vylep\u0161en\u00e9 \u00fachopov\u00e9 z\u00f3ny na dlani zaji\u0161\u0165uj\u00ed bezkonkuren\u010dn\u00ed kontrolu nad \u0159\u00edd\u00edtky a ovl\u00e1dac\u00edmi prvky, a to i v n\u00e1ro\u010dn\u00fdch j\u00edzdn\u00edch podm\u00ednk\u00e1ch.<\/p>\n<p class=\"\" data-start=\"2021\" data-end=\"2343\">Tyto rukavice jsou ide\u00e1ln\u00ed pro celoro\u010dn\u00ed je\u017ed\u011bn\u00ed, doj\u00ed\u017ed\u011bn\u00ed do m\u011bsta, dobrodru\u017en\u00e9 v\u00fdlety i b\u011b\u017en\u00e9 ka\u017edodenn\u00ed no\u0161en\u00ed a p\u0159in\u00e1\u0161ej\u00ed dokonalou rovnov\u00e1hu mezi stylov\u00fdm vzhledem a robustn\u00ed funk\u010dnost\u00ed. Lehk\u00e9 a p\u0159itom odoln\u00e9 rukavice Ryinz Urban Rider nab\u00edzej\u00ed ochranu, kterou pot\u0159ebuj\u00ed v\u00e1\u017en\u00ed jezdci, a z\u00e1rove\u0148 prody\u0161nost, po kter\u00e9 tou\u017e\u00ed aktivn\u00ed doj\u00ed\u017ed\u011b\u010di.<\/p>\n<p class=\"\" data-start=\"2345\" data-end=\"2550\">V\u00fdb\u011brem spole\u010dnosti Ryinz navazujete spolupr\u00e1ci se zna\u010dkou, kter\u00e1 nab\u00edz\u00ed v\u00fdrobu loga na zak\u00e1zku, slu\u017eby OEM na m\u00edru a flexibiln\u00ed mno\u017estv\u00ed objedn\u00e1vek, co\u017e v\u00e1m d\u00e1v\u00e1 v\u00fdhodu na vysoce konkuren\u010dn\u00edch glob\u00e1ln\u00edch trz\u00edch.<\/p>\n<hr class=\"\" data-start=\"2552\" data-end=\"2555\" \/>\n<h1 class=\"\" data-start=\"2557\" data-end=\"2591\">???? <strong data-start=\"2562\" data-end=\"2591\">Kl\u00ed\u010dov\u00e9 vlastnosti a v\u00fdhody<\/strong><\/h1>\n<p class=\"\" data-start=\"2593\" data-end=\"2759\">???? <strong data-start=\"2596\" data-end=\"2639\">Lehk\u00e1 a prody\u0161n\u00e1 konstrukce<\/strong><br data-start=\"2639\" data-end=\"2642\" \/>Je navr\u017eena z pokro\u010dil\u00fdch materi\u00e1l\u016f, kter\u00e9 maximalizuj\u00ed proud\u011bn\u00ed vzduchu a minimalizuj\u00ed pocen\u00ed p\u0159i dlouh\u00fdch j\u00edzd\u00e1ch, a to i za tepl\u00e9ho po\u010das\u00ed.<\/p>\n<p class=\"\" data-start=\"2761\" data-end=\"2890\">???? <strong data-start=\"2764\" data-end=\"2795\">Ergonomick\u00fd design s p\u0159edozadn\u00edm zak\u0159iven\u00edm<\/strong><br data-start=\"2795\" data-end=\"2798\" \/>P\u0159irozen\u00fd p\u0159edklenut\u00fd tvar sni\u017euje \u00fanavu rukou a zvy\u0161uje celkov\u00e9 pohodl\u00ed p\u0159i dlouhodob\u00e9m pou\u017e\u00edv\u00e1n\u00ed.<\/p>\n<p class=\"\" data-start=\"2892\" data-end=\"3056\">???? <strong data-start=\"2895\" data-end=\"2929\">Zes\u00edlen\u00e1 ochrana proti od\u011bru<\/strong><br data-start=\"2929\" data-end=\"2932\" \/>Oblast dlan\u011b, palce a prst\u016f je vyztu\u017eena odoln\u00fdmi mikrovl\u00e1kny pro lep\u0161\u00ed ochranu proti od\u0159enin\u00e1m a n\u00e1raz\u016fm.<\/p>\n<p class=\"\" data-start=\"3058\" data-end=\"3191\">???? <strong data-start=\"3061\" data-end=\"3094\">Odv\u011btr\u00e1van\u00e1 ochrana kloub\u016f<\/strong><br data-start=\"3094\" data-end=\"3097\" \/>Pru\u017en\u00e9 panely na kloubech s v\u011btrac\u00edmi otvory nab\u00edzej\u00ed kombinaci ochrany a vynikaj\u00edc\u00ed prody\u0161nosti.<\/p>\n<p class=\"\" data-start=\"3193\" data-end=\"3321\">???? <strong data-start=\"3196\" data-end=\"3233\">Prsty kompatibiln\u00ed s dotykovou obrazovkou<\/strong><br data-start=\"3233\" data-end=\"3236\" \/>Z\u016fsta\u0148te ve spojen\u00ed i na cest\u00e1ch - p\u0159ij\u00edmejte hovory nebo navigujte GPS, ani\u017e byste si museli sundat rukavice.<\/p>\n<p class=\"\" data-start=\"3323\" data-end=\"3472\">???? <strong data-start=\"3326\" data-end=\"3364\">Bezpe\u010dn\u00e9 a nastaviteln\u00e9 zap\u00edn\u00e1n\u00ed man\u017eety<\/strong><br data-start=\"3364\" data-end=\"3367\" \/>P\u00e1sek na z\u00e1p\u011bst\u00ed na such\u00fd zip zaji\u0161\u0165uje pevn\u00e9 uchycen\u00ed na m\u00edru, kter\u00e9 udr\u017e\u00ed rukavice b\u011bhem j\u00edzdy pevn\u011b na m\u00edst\u011b.<\/p>\n<p class=\"\" data-start=\"3474\" data-end=\"3602\">???? <strong data-start=\"3477\" data-end=\"3501\">Protiskluzov\u00e9 rukojeti do dlan\u011b<\/strong><br data-start=\"3501\" data-end=\"3504\" \/>Optimalizovan\u00e9 \u00fachopov\u00e9 z\u00f3ny zaji\u0161\u0165uj\u00ed vynikaj\u00edc\u00ed kontrolu nad \u0159\u00edd\u00edtky kola, a to i za mokra nebo v potu.<\/p>\n<p class=\"\" data-start=\"3604\" data-end=\"3755\">???? <strong data-start=\"3607\" data-end=\"3631\">Stylov\u00fd m\u011bstsk\u00fd design<\/strong><br data-start=\"3631\" data-end=\"3634\" \/>Atraktivn\u00ed hn\u011bd\u00e9, \u010dern\u00e9 a b\u00edl\u00e9 barevn\u00e9 proveden\u00ed v kombinaci s minimalistickou zna\u010dkou se hod\u00ed do b\u011b\u017en\u00e9ho i sportovn\u00edho \u0161atn\u00edku ka\u017ed\u00e9ho jezdce.<\/p>\n<p class=\"\" data-start=\"3757\" data-end=\"3890\">???? <strong data-start=\"3760\" data-end=\"3786\">Celoro\u010dn\u00ed v\u0161estrannost<\/strong><br data-start=\"3786\" data-end=\"3789\" \/>Vhodn\u00e1 pro jarn\u00ed, letn\u00ed a \u010dasn\u011b podzimn\u00ed j\u00edzdu, nab\u00edz\u00ed dostate\u010dnou ochranu bez p\u0159eh\u0159\u00edv\u00e1n\u00ed.<\/p>\n<p class=\"\" data-start=\"3892\" data-end=\"4043\">???? <strong data-start=\"3895\" data-end=\"3947\">Dostupn\u00e9 slu\u017eby s vlastn\u00edm logem a priv\u00e1tn\u00ed zna\u010dkou<\/strong><br data-start=\"3947\" data-end=\"3950\" \/>Vyu\u017eijte na\u0161ich kompletn\u00edch slu\u017eeb v oblasti budov\u00e1n\u00ed zna\u010dky a vytvo\u0159te si na trhu jedine\u010dnou identitu.<\/p>\n<hr class=\"\" data-start=\"4045\" data-end=\"4048\" \/>\n<h1 class=\"\" data-start=\"4050\" data-end=\"4081\">???? <strong data-start=\"4055\" data-end=\"4081\">Specifikace produktu<\/strong><\/h1>\n<p class=\"\" data-start=\"4083\" data-end=\"4543\">- <strong data-start=\"4085\" data-end=\"4097\">Materi\u00e1l<\/strong>: Pr\u00e9miov\u00e9 syntetick\u00e9 sm\u011bsi, zes\u00edlen\u00e9 mikrovl\u00e1kno, prody\u0161n\u00e9 s\u00ed\u0165ov\u00e9 vlo\u017eky.<br data-start=\"4171\" data-end=\"4174\" \/>- <strong data-start=\"4176\" data-end=\"4196\">Dostupn\u00e9 barvy<\/strong>: Hn\u011bd\u00e1\/b\u00edl\u00e1\/\u010dern\u00e1 (vlastn\u00ed barvy na vy\u017e\u00e1d\u00e1n\u00ed)<br data-start=\"4241\" data-end=\"4244\" \/>- <strong data-start=\"4246\" data-end=\"4255\">Velikosti<\/strong>: S, M, L, XL, XXL (velikostn\u00ed normy EU)<br data-start=\"4295\" data-end=\"4298\" \/>- <strong data-start=\"4300\" data-end=\"4312\">Nejlep\u0161\u00ed pro<\/strong>: Doj\u00ed\u017ed\u011bn\u00ed do m\u011bsta, dobrodru\u017en\u00e1 j\u00edzda, p\u0159\u00edle\u017eitostn\u00e1 cyklistika, outdoorov\u00e9 aktivity<br data-start=\"4382\" data-end=\"4385\" \/>- <strong data-start=\"4387\" data-end=\"4403\">Typ uz\u00e1v\u011bru<\/strong>: Nastaviteln\u00fd popruh na such\u00fd zip<br data-start=\"4428\" data-end=\"4431\" \/>- <strong data-start=\"4433\" data-end=\"4459\">Kompatibiln\u00ed s dotykovou obrazovkou<\/strong>: Ano<br data-start=\"4464\" data-end=\"4467\" \/>- <strong data-start=\"4469\" data-end=\"4476\">MOQ<\/strong>: N\u00edzk\u00e9 minim\u00e1ln\u00ed \u010d\u00e1stky, ide\u00e1ln\u00ed pro za\u010d\u00ednaj\u00edc\u00ed i zaveden\u00e9 zna\u010dky<\/p>\n<hr class=\"\" data-start=\"4545\" data-end=\"4548\" \/>\n<h1 class=\"\" data-start=\"4550\" data-end=\"4588\">???? <strong data-start=\"4555\" data-end=\"4588\">Aplikace a ide\u00e1ln\u00ed kupuj\u00edc\u00ed<\/strong><\/h1>\n<p class=\"\" data-start=\"4590\" data-end=\"4837\">- Maloobchodn\u00ed a velkoobchodn\u00ed prodejci motocykl\u016f<br data-start=\"4628\" data-end=\"4631\" \/>- Obchody s dobrodru\u017enou v\u00fdbavou<br data-start=\"4653\" data-end=\"4656\" \/>- Prodejci outdoorov\u00e9ho vybaven\u00ed v e-commerce<br data-start=\"4689\" data-end=\"4692\" \/>- Soukrom\u00e9 zna\u010dky motocyklov\u00e9ho oble\u010den\u00ed<br data-start=\"4733\" data-end=\"4736\" \/>- Butiky m\u011bstsk\u00e9ho \u017eivotn\u00edho stylu<br data-start=\"4763\" data-end=\"4766\" \/>- Zna\u010dky p\u0159\u00edslu\u0161enstv\u00ed pro motorsport<br data-start=\"4795\" data-end=\"4798\" \/>- Evrop\u0161t\u00ed, ameri\u010dt\u00ed a asij\u0161t\u00ed B2B dovozci<\/p>\n<hr class=\"\" data-start=\"4839\" data-end=\"4842\" \/>\n<h1 class=\"\" data-start=\"4844\" data-end=\"4876\">???? <strong data-start=\"4849\" data-end=\"4876\">Pro\u010d spolupracovat se spole\u010dnost\u00ed Ryinz?<\/strong><\/h1>\n<p class=\"\" data-start=\"4878\" data-end=\"5142\">- Modern\u00ed n\u00e1vrhy zalo\u017een\u00e9 na EU a p\u0159izp\u016fsoben\u00e9 glob\u00e1ln\u00edm trh\u016fm<br data-start=\"4931\" data-end=\"4934\" \/>- Odborn\u00edci na OEM a priv\u00e1tn\u00ed zna\u010dky<br data-start=\"4965\" data-end=\"4968\" \/>- Od mal\u00fdch MOQ po velkoobjemov\u00e9 objedn\u00e1vky<br data-start=\"5001\" data-end=\"5004\" \/>- Zaji\u0161t\u011bn\u00ed kvality a v\u010dasn\u00e9 dod\u00e1vky<br data-start=\"5045\" data-end=\"5048\" \/>- Kompletn\u00ed podpora z\u00e1kaznick\u00e9ho servisu<br data-start=\"5083\" data-end=\"5086\" \/>- V\u00edce ne\u017e 20 let zku\u0161enost\u00ed v oboru mezin\u00e1rodn\u00edho obchodu<\/p>\n<p class=\"\" data-start=\"5144\" data-end=\"5260\">Ryinz nen\u00ed jen zna\u010dka - je to v\u00e1\u0161 partner v r\u016fstu, v\u00e1\u0161 neviditeln\u00fd motor \u00fasp\u011b\u0161n\u00e9ho mezin\u00e1rodn\u00edho prodeje.<\/p>","protected":false},"excerpt":{"rendered":"<p class=\"\" data-start=\"2593\" data-end=\"2759\"><strong data-start=\"2596\" data-end=\"2639\">Lehk\u00e1 a prody\u0161n\u00e1 konstrukce<\/strong><br data-start=\"2639\" data-end=\"2642\" \/>Je navr\u017eena z pokro\u010dil\u00fdch materi\u00e1l\u016f, kter\u00e9 maximalizuj\u00ed proud\u011bn\u00ed vzduchu a minimalizuj\u00ed pocen\u00ed p\u0159i dlouh\u00fdch j\u00edzd\u00e1ch, a to i za tepl\u00e9ho po\u010das\u00ed.<\/p>\n<p class=\"\" data-start=\"2761\" data-end=\"2890\">???? <strong data-start=\"2764\" data-end=\"2795\">Ergonomick\u00fd design s p\u0159edozadn\u00edm zak\u0159iven\u00edm<\/strong><br data-start=\"2795\" data-end=\"2798\" \/>P\u0159irozen\u00fd p\u0159edklenut\u00fd tvar sni\u017euje \u00fanavu rukou a zvy\u0161uje celkov\u00e9 pohodl\u00ed p\u0159i dlouhodob\u00e9m pou\u017e\u00edv\u00e1n\u00ed.<\/p>\n<p class=\"\" data-start=\"2892\" data-end=\"3056\">???? <strong data-start=\"2895\" data-end=\"2929\">Zes\u00edlen\u00e1 ochrana proti od\u011bru<\/strong><br data-start=\"2929\" data-end=\"2932\" \/>Oblast dlan\u011b, palce a prst\u016f je vyztu\u017eena odoln\u00fdmi mikrovl\u00e1kny pro lep\u0161\u00ed ochranu proti od\u0159enin\u00e1m a n\u00e1raz\u016fm.<\/p>\n<p class=\"\" data-start=\"3058\" data-end=\"3191\">???? <strong data-start=\"3061\" data-end=\"3094\">Odv\u011btr\u00e1van\u00e1 ochrana kloub\u016f<\/strong><br data-start=\"3094\" data-end=\"3097\" \/>Pru\u017en\u00e9 panely na kloubech s v\u011btrac\u00edmi otvory nab\u00edzej\u00ed kombinaci ochrany a vynikaj\u00edc\u00ed prody\u0161nosti.<\/p>\n<p class=\"\" data-start=\"3193\" data-end=\"3321\">???? <strong data-start=\"3196\" data-end=\"3233\">Prsty kompatibiln\u00ed s dotykovou obrazovkou<\/strong><br data-start=\"3233\" data-end=\"3236\" \/>Z\u016fsta\u0148te ve spojen\u00ed i na cest\u00e1ch - p\u0159ij\u00edmejte hovory nebo navigujte GPS, ani\u017e byste si museli sundat rukavice.<\/p>\n<p class=\"\" data-start=\"3323\" data-end=\"3472\">???? <strong data-start=\"3326\" data-end=\"3364\">Bezpe\u010dn\u00e9 a nastaviteln\u00e9 zap\u00edn\u00e1n\u00ed man\u017eety<\/strong><br data-start=\"3364\" data-end=\"3367\" \/>P\u00e1sek na z\u00e1p\u011bst\u00ed na such\u00fd zip zaji\u0161\u0165uje pevn\u00e9 uchycen\u00ed na m\u00edru, kter\u00e9 udr\u017e\u00ed rukavice b\u011bhem j\u00edzdy pevn\u011b na m\u00edst\u011b.<\/p>","protected":false},"featured_media":9006,"comment_status":"closed","ping_status":"closed","template":"","meta":[],"product_brand":[35],"product_cat":[99,100],"product_tag":[116],"class_list":{"0":"post-8939","1":"product","2":"type-product","3":"status-publish","4":"has-post-thumbnail","6":"product_brand-ryinz","7":"product_cat-gloves","8":"product_cat-police-gloves","9":"product_tag-protective-gloves-for-law-enforcement","11":"first","12":"instock","13":"taxable","14":"shipping-taxable","15":"purchasable","16":"product-type-simple"},"_links":{"self":[{"href":"https:\/\/ryinz.cz\/velkoobchod\/cs\/wp-json\/wp\/v2\/product\/8939","targetHints":{"allow":["GET"]}}],"collection":[{"href":"https:\/\/ryinz.cz\/velkoobchod\/cs\/wp-json\/wp\/v2\/product"}],"about":[{"href":"https:\/\/ryinz.cz\/velkoobchod\/cs\/wp-json\/wp\/v2\/types\/product"}],"replies":[{"embeddable":true,"href":"https:\/\/ryinz.cz\/velkoobchod\/cs\/wp-json\/wp\/v2\/comments?post=8939"}],"wp:featuredmedia":[{"embeddable":true,"href":"https:\/\/ryinz.cz\/velkoobchod\/cs\/wp-json\/wp\/v2\/media\/9006"}],"wp:attachment":[{"href":"https:\/\/ryinz.cz\/velkoobchod\/cs\/wp-json\/wp\/v2\/media?parent=8939"}],"wp:term":[{"taxonomy":"product_brand","embeddable":true,"href":"https:\/\/ryinz.cz\/velkoobchod\/cs\/wp-json\/wp\/v2\/product_brand?post=8939"},{"taxonomy":"product_cat","embeddable":true,"href":"https:\/\/ryinz.cz\/velkoobchod\/cs\/wp-json\/wp\/v2\/product_cat?post=8939"},{"taxonomy":"product_tag","embeddable":true,"href":"https:\/\/ryinz.cz\/velkoobchod\/cs\/wp-json\/wp\/v2\/product_tag?post=8939"}],"curies":[{"name":"wp","href":"https:\/\/api.w.org\/{rel}","templated":true}]}}