{"id":8936,"date":"2025-08-26T11:48:32","date_gmt":"2025-08-26T11:48:32","guid":{"rendered":"https:\/\/ryinz.cz\/velkoobchod\/?post_type=product&#038;p=8936"},"modified":"2026-01-18T20:16:57","modified_gmt":"2026-01-18T20:16:57","slug":"ryinz-vojenske-takticke-utocne-rukavice-extremni-ochrana-pri-praci","status":"publish","type":"product","link":"https:\/\/ryinz.cz\/velkoobchod\/cs\/product\/ryinz-military-tactical-assault-gloves-extreme-duty-protection\/","title":{"rendered":"Vojensk\u00e9 taktick\u00e9 \u00fato\u010dn\u00e9 rukavice Ryinz - extr\u00e9mn\u00ed ochrana p\u0159i z\u00e1t\u011b\u017ei"},"content":{"rendered":"<p class=\"\" data-start=\"377\" data-end=\"584\"><strong data-start=\"377\" data-end=\"386\">Ryinz<\/strong> je hnac\u00ed silou glob\u00e1ln\u00edho obchodu, kter\u00e1 spojuje v\u00fdrobce s vysok\u00fdm potenci\u00e1lem, zna\u010dky a velkoobchodn\u00ed odb\u011bratele v Evrop\u011b, USA a Asii. Na\u0161e posl\u00e1n\u00ed je jednoduch\u00e9: otev\u00edr\u00e1me dve\u0159e va\u0161emu \u00fasp\u011bchu.<\/p>\n<p class=\"\" data-start=\"586\" data-end=\"931\">P\u0159edstaven\u00ed <strong data-start=\"602\" data-end=\"644\">Vojensk\u00e9 taktick\u00e9 \u00fato\u010dn\u00e9 rukavice Ryinz<\/strong> - profesion\u00e1ln\u00ed \u0159e\u0161en\u00ed pro voj\u00e1ky, bezpe\u010dnostn\u00ed pracovn\u00edky, taktick\u00e9 oper\u00e1tory, hr\u00e1\u010de airsoftu a outdoorov\u00e9 bojovn\u00edky, kte\u0159\u00ed vy\u017eaduj\u00ed extr\u00e9mn\u00ed v\u00fdkon v ka\u017ed\u00e9 situaci. Tyto rukavice jsou navr\u017eeny tak, aby poskytovaly plnou ochranu rukou, ani\u017e by byla sn\u00ed\u017eena jejich pru\u017enost, \u00fachop nebo pohodl\u00ed.<\/p>\n<p class=\"\" data-start=\"933\" data-end=\"1271\">Tyto rukavice vyroben\u00e9 ze zes\u00edlen\u00fdch vysokopevnostn\u00edch syntetick\u00fdch tkanin a n\u00e1razuvzdorn\u00e9ho panc\u00ed\u0159e chr\u00e1n\u00ed klouby, prsty a dlan\u011b p\u0159ed siln\u00fdmi n\u00e1razy, pop\u00e1leninami zp\u016fsoben\u00fdmi t\u0159en\u00edm, po\u0159ez\u00e1n\u00edm a opot\u0159eben\u00edm t\u011b\u017ek\u00fdm vybaven\u00edm. Odoln\u00fd sko\u0159epinov\u00fd chr\u00e1ni\u010d kloub\u016f zajist\u00ed, \u017ee va\u0161e ruce z\u016fstanou chr\u00e1n\u011bn\u00e9 b\u011bhem boje, taktick\u00fdch man\u00e9vr\u016f nebo extr\u00e9mn\u00edch outdoorov\u00fdch aktivit.<\/p>\n<p class=\"\" data-start=\"1273\" data-end=\"1547\"><strong data-start=\"1273\" data-end=\"1316\">Vylep\u0161en\u00fd protiskluzov\u00fd povrch dlan\u00ed<\/strong>, precizn\u00edm pro\u0161it\u00edm a prody\u0161n\u00fdmi l\u00e1tkov\u00fdmi z\u00f3nami umo\u017e\u0148uj\u00ed tyto rukavice maxim\u00e1ln\u00ed obratnost a vynikaj\u00edc\u00ed manipulaci se zbran\u00ed. A\u0165 u\u017e se jedn\u00e1 o ovl\u00e1d\u00e1n\u00ed pu\u0161ky, horolezectv\u00ed nebo n\u00e1ro\u010dnou pr\u00e1ci v ter\u00e9nu, za\u017eijete v\u00fdkon, na kter\u00fd se m\u016f\u017eete spolehnout.<\/p>\n<p class=\"\" data-start=\"1549\" data-end=\"1837\">Navr\u017eeno pro p\u0159izp\u016fsoben\u00ed r\u016fzn\u00fdm prost\u0159ed\u00edm, <strong data-start=\"1594\" data-end=\"1619\">Taktick\u00e9 rukavice Ryinz<\/strong> odol\u00e1vaj\u00ed p\u00edse\u010dn\u00fdm bou\u0159\u00edm, de\u0161ti, chladn\u00e9mu po\u010das\u00ed i nejn\u00e1ro\u010dn\u011bj\u0161\u00edm podm\u00ednk\u00e1m na boji\u0161ti, tak\u017ee jsou ide\u00e1ln\u00ed volbou pro vojensk\u00e9 operace, mise po\u0159\u00e1dkov\u00fdch sil, p\u0159e\u017eit\u00ed, airsoftov\u00e9 z\u00e1pasy a loveck\u00e9 v\u00fdpravy.<\/p>\n<p class=\"\" data-start=\"1839\" data-end=\"2074\">Tyto rukavice, nab\u00edzen\u00e9 v r\u00e1mci priv\u00e1tn\u00edch zna\u010dek a velkoobchodn\u00edch program\u016f, jsou p\u0159ipraveny k okam\u017eit\u00e9 distribuci v Evrop\u011b a USA. P\u0159izp\u016fsobte si sv\u00e9 logo, zvolte si preferovan\u00e9 barvy a ozna\u010dte svou taktickou linii zna\u010dkou Ryinz.<\/p>\n<p class=\"\" data-start=\"2076\" data-end=\"2155\">D\u016fv\u011b\u0159ujte spole\u010dnosti Ryinz - ka\u017ed\u00fd v\u00fdrobek odr\u00e1\u017e\u00ed s\u00edlu, odolnost a p\u0159ipravenost.<\/p>\n<hr class=\"\" data-start=\"2157\" data-end=\"2160\" \/>\n<h1 class=\"\" data-start=\"2162\" data-end=\"2196\"><strong data-start=\"2167\" data-end=\"2196\">Kl\u00ed\u010dov\u00e9 vlastnosti a v\u00fdhody<\/strong><\/h1>\n<p class=\"\" data-start=\"2198\" data-end=\"2336\"><strong data-start=\"2201\" data-end=\"2235\">Ochrana kloub\u016f na \u00farovni brn\u011bn\u00ed<\/strong><br data-start=\"2235\" data-end=\"2238\" \/>Pevn\u00e9 tvarovan\u00e9 chr\u00e1ni\u010de kloub\u016f poskytuj\u00ed vynikaj\u00edc\u00ed ochranu p\u0159ed n\u00e1razy, od\u0159en\u00edm a taktick\u00fdmi hrozbami.<\/p>\n<p class=\"\" data-start=\"2338\" data-end=\"2473\"><strong data-start=\"2341\" data-end=\"2370\">Vylep\u0161en\u00fd \u00fachop a ovl\u00e1d\u00e1n\u00ed<\/strong><br data-start=\"2370\" data-end=\"2373\" \/>Protiskluzov\u00e1 technologie dlan\u011b zaru\u010duje maxim\u00e1ln\u00ed kontrolu nad zbran\u00ed, vozidlem a n\u00e1stroji za jak\u00fdchkoli podm\u00ednek.<\/p>\n<p class=\"\" data-start=\"2475\" data-end=\"2621\"><strong data-start=\"2478\" data-end=\"2514\">Taktick\u00e1 prody\u0161n\u00e1 konstrukce<\/strong><br data-start=\"2514\" data-end=\"2517\" \/>Lehk\u00e1 a prody\u0161n\u00e1 tkanina, kter\u00e1 odv\u00e1d\u00ed vlhkost a zabra\u0148uje \u00fanav\u011b rukou p\u0159i del\u0161\u00ed pr\u00e1ci.<\/p>\n<p class=\"\" data-start=\"2623\" data-end=\"2756\"><strong data-start=\"2626\" data-end=\"2650\">Zes\u00edlen\u00e9 pro\u0161\u00edv\u00e1n\u00ed<\/strong><br data-start=\"2650\" data-end=\"2653\" \/>Dvojit\u011b zes\u00edlen\u00e9 \u0161vy zvy\u0161uj\u00ed pevnost v kritick\u00fdch m\u00edstech nam\u00e1h\u00e1n\u00ed a zaji\u0161\u0165uj\u00ed odolnost a dlouhou \u017eivotnost.<\/p>\n<p class=\"\" data-start=\"2758\" data-end=\"2879\"><strong data-start=\"2761\" data-end=\"2796\">Nastaviteln\u00e9 bezpe\u010dn\u00e9 uzav\u0159en\u00ed z\u00e1p\u011bst\u00ed<\/strong><br data-start=\"2796\" data-end=\"2799\" \/>P\u00e1sky na z\u00e1p\u011bst\u00ed na such\u00fd zip zaji\u0161\u0165uj\u00ed pevn\u00e9 uchycen\u00ed rukavic na m\u00edru.<\/p>\n<p class=\"\" data-start=\"2881\" data-end=\"3017\"><strong data-start=\"2884\" data-end=\"2915\">Ergonomick\u00fd design s p\u0159edozadn\u00edm zak\u0159iven\u00edm<\/strong><br data-start=\"2915\" data-end=\"2918\" \/>Optimalizov\u00e1no pro p\u0159irozenou polohu rukou, co\u017e podporuje pohodl\u00ed a flexibilitu p\u0159i intenzivn\u00edch aktivit\u00e1ch.<\/p>\n<p class=\"\" data-start=\"3019\" data-end=\"3145\"><strong data-start=\"3022\" data-end=\"3053\">Materi\u00e1ly odoln\u00e9 proti pov\u011btrnostn\u00edm vliv\u016fm<\/strong><br data-start=\"3053\" data-end=\"3056\" \/>Odol\u00e1v\u00e1 de\u0161ti, bl\u00e1tu a p\u00edsku, aby si zachovala p\u0159ilnavost a v\u00fdkon v n\u00e1ro\u010dn\u00fdch podm\u00ednk\u00e1ch.<\/p>\n<p class=\"\" data-start=\"3147\" data-end=\"3270\"><strong data-start=\"3150\" data-end=\"3186\">Vlastn\u00ed logo a priv\u00e1tn\u00ed zna\u010den\u00ed<\/strong><br data-start=\"3186\" data-end=\"3189\" \/>Spole\u010dnost Ryinz nab\u00edz\u00ed kompletn\u00ed \u0159e\u0161en\u00ed brandingu - va\u0161e logo, va\u0161e etiketa, va\u0161e taktick\u00e1 linie.<\/p>\n<p class=\"\" data-start=\"3272\" data-end=\"3416\"><strong data-start=\"3275\" data-end=\"3305\">P\u0159ipravenost na B2B dodavatelsk\u00fd \u0159et\u011bzec<\/strong><br data-start=\"3305\" data-end=\"3308\" \/>Ide\u00e1ln\u00ed pro velkoobchody, policejn\u00ed odd\u011blen\u00ed, vojensk\u00e9 jednotky, bezpe\u010dnostn\u00ed firmy a prodejce outdoorov\u00e9ho vybaven\u00ed.<\/p>\n<p class=\"\" data-start=\"3418\" data-end=\"3567\"><strong data-start=\"3421\" data-end=\"3461\">V souladu s taktick\u00fdmi normami EU<\/strong><br data-start=\"3461\" data-end=\"3464\" \/>Ide\u00e1ln\u00ed pro evropsk\u00e9 vojensk\u00e9 dodavatele, taktick\u00e9 obchody, distributory airsoftu a americk\u00e9 outdoorov\u00e9 prodejce.<\/p>\n<hr class=\"\" data-start=\"3569\" data-end=\"3572\" \/>\n<h1 class=\"\" data-start=\"3574\" data-end=\"3605\"><strong data-start=\"3579\" data-end=\"3605\">Specifikace produktu<\/strong><\/h1>\n<p class=\"\" data-start=\"3607\" data-end=\"4063\">- <strong data-start=\"3609\" data-end=\"3621\">Materi\u00e1l<\/strong>: Vysoce odoln\u00fd polyester + syntetick\u00e1 k\u016f\u017ee + panc\u00e9\u0159ov\u00fd polykarbon\u00e1t<br data-start=\"3688\" data-end=\"3691\" \/>- <strong data-start=\"3693\" data-end=\"3702\">Barva<\/strong>: \u010cern\u00e1 (k dispozici jsou vlastn\u00ed barvy)<br data-start=\"3735\" data-end=\"3738\" \/>- <strong data-start=\"3740\" data-end=\"3749\">Velikosti<\/strong>: S, M, L, XL, XXL<br data-start=\"3767\" data-end=\"3770\" \/>- <strong data-start=\"3772\" data-end=\"3788\">Aplikace<\/strong>: Vojensk\u00e9 vybaven\u00ed, vybaven\u00ed pro vym\u00e1h\u00e1n\u00ed pr\u00e1va, airsoft, taktick\u00fd v\u00fdcvik, lov, vybaven\u00ed pro p\u0159e\u017eit\u00ed, motocykl<br data-start=\"3878\" data-end=\"3881\" \/>- <strong data-start=\"3883\" data-end=\"3899\">Typ uz\u00e1v\u011bru<\/strong>: Nastaviteln\u00fd popruh na such\u00fd zip<br data-start=\"3924\" data-end=\"3927\" \/>- <strong data-start=\"3929\" data-end=\"3949\">Ochrann\u00e9 oblasti<\/strong>: Klouby, dlan\u011b, prsty, h\u0159bet ruky<br data-start=\"3989\" data-end=\"3992\" \/>- <strong data-start=\"3994\" data-end=\"4009\">Mo\u017enosti OEM<\/strong>: Ano (vlastn\u00ed zna\u010dka, vlastn\u00ed barvy, vlastn\u00ed balen\u00ed)<\/p>\n<hr class=\"\" data-start=\"4065\" data-end=\"4068\" \/>\n<h1 class=\"\" data-start=\"4070\" data-end=\"4108\"><strong data-start=\"4075\" data-end=\"4108\">Perfektn\u00ed kupuj\u00edc\u00ed a odv\u011btv\u00ed<\/strong><\/h1>\n<p class=\"\" data-start=\"4110\" data-end=\"4412\">- Dodavatel\u00e9 taktick\u00e9ho a vojensk\u00e9ho vybaven\u00ed<br data-start=\"4148\" data-end=\"4151\" \/>- Poskytovatel\u00e9 bezpe\u010dnostn\u00edch uniforem<br data-start=\"4179\" data-end=\"4182\" \/>- Obchody s airsoftov\u00fdm a paintballov\u00fdm vybaven\u00edm<br data-start=\"4221\" data-end=\"4224\" \/>- Velkoobchody s vybaven\u00edm pro p\u0159e\u017eit\u00ed<br data-start=\"4251\" data-end=\"4254\" \/>- Maloobchodn\u00edci s outdoorov\u00fdm dobrodru\u017estv\u00edm<br data-start=\"4283\" data-end=\"4286\" \/>- Dodavatel\u00e9 loveck\u00fdch a st\u0159eleck\u00fdch sport\u016f<br data-start=\"4325\" data-end=\"4328\" \/>- Taktick\u00e9 obchody (Amazon, eBay, Shopify)<br data-start=\"4380\" data-end=\"4383\" \/>- Trhy B2B v EU a USA<\/p>","protected":false},"excerpt":{"rendered":"<p class=\"\" data-start=\"2198\" data-end=\"2336\"><strong data-start=\"2201\" data-end=\"2235\">Ochrana kloub\u016f na \u00farovni brn\u011bn\u00ed<\/strong><br data-start=\"2235\" data-end=\"2238\" \/>Pevn\u00e9 tvarovan\u00e9 chr\u00e1ni\u010de kloub\u016f poskytuj\u00ed vynikaj\u00edc\u00ed ochranu p\u0159ed n\u00e1razy, od\u0159en\u00edm a taktick\u00fdmi hrozbami.<\/p>\n<p class=\"\" data-start=\"2338\" data-end=\"2473\"><strong data-start=\"2341\" data-end=\"2370\">Vylep\u0161en\u00fd \u00fachop a ovl\u00e1d\u00e1n\u00ed<\/strong><br data-start=\"2370\" data-end=\"2373\" \/>Protiskluzov\u00e1 technologie dlan\u011b zaru\u010duje maxim\u00e1ln\u00ed kontrolu nad zbran\u00ed, vozidlem a n\u00e1stroji za jak\u00fdchkoli podm\u00ednek.<\/p>\n<p class=\"\" data-start=\"2475\" data-end=\"2621\"><strong data-start=\"2478\" data-end=\"2514\">Taktick\u00e1 prody\u0161n\u00e1 konstrukce<\/strong><br data-start=\"2514\" data-end=\"2517\" \/>Lehk\u00e1 a prody\u0161n\u00e1 tkanina, kter\u00e1 odv\u00e1d\u00ed vlhkost a zabra\u0148uje \u00fanav\u011b rukou p\u0159i del\u0161\u00ed pr\u00e1ci.<\/p>\n<p class=\"\" data-start=\"2623\" data-end=\"2756\"><strong data-start=\"2626\" data-end=\"2650\">Zes\u00edlen\u00e9 pro\u0161\u00edv\u00e1n\u00ed<\/strong><br data-start=\"2650\" data-end=\"2653\" \/>Dvojit\u011b zes\u00edlen\u00e9 \u0161vy zvy\u0161uj\u00ed pevnost v kritick\u00fdch m\u00edstech nam\u00e1h\u00e1n\u00ed a zaji\u0161\u0165uj\u00ed odolnost a dlouhou \u017eivotnost.<\/p>","protected":false},"featured_media":8981,"comment_status":"closed","ping_status":"closed","template":"","meta":[],"product_brand":[35],"product_cat":[99,100],"product_tag":[116],"class_list":{"0":"post-8936","1":"product","2":"type-product","3":"status-publish","4":"has-post-thumbnail","6":"product_brand-ryinz","7":"product_cat-gloves","8":"product_cat-police-gloves","9":"product_tag-protective-gloves-for-law-enforcement","11":"first","12":"instock","13":"taxable","14":"shipping-taxable","15":"purchasable","16":"product-type-simple"},"_links":{"self":[{"href":"https:\/\/ryinz.cz\/velkoobchod\/cs\/wp-json\/wp\/v2\/product\/8936","targetHints":{"allow":["GET"]}}],"collection":[{"href":"https:\/\/ryinz.cz\/velkoobchod\/cs\/wp-json\/wp\/v2\/product"}],"about":[{"href":"https:\/\/ryinz.cz\/velkoobchod\/cs\/wp-json\/wp\/v2\/types\/product"}],"replies":[{"embeddable":true,"href":"https:\/\/ryinz.cz\/velkoobchod\/cs\/wp-json\/wp\/v2\/comments?post=8936"}],"wp:featuredmedia":[{"embeddable":true,"href":"https:\/\/ryinz.cz\/velkoobchod\/cs\/wp-json\/wp\/v2\/media\/8981"}],"wp:attachment":[{"href":"https:\/\/ryinz.cz\/velkoobchod\/cs\/wp-json\/wp\/v2\/media?parent=8936"}],"wp:term":[{"taxonomy":"product_brand","embeddable":true,"href":"https:\/\/ryinz.cz\/velkoobchod\/cs\/wp-json\/wp\/v2\/product_brand?post=8936"},{"taxonomy":"product_cat","embeddable":true,"href":"https:\/\/ryinz.cz\/velkoobchod\/cs\/wp-json\/wp\/v2\/product_cat?post=8936"},{"taxonomy":"product_tag","embeddable":true,"href":"https:\/\/ryinz.cz\/velkoobchod\/cs\/wp-json\/wp\/v2\/product_tag?post=8936"}],"curies":[{"name":"wp","href":"https:\/\/api.w.org\/{rel}","templated":true}]}}