{"id":8929,"date":"2025-06-22T15:21:37","date_gmt":"2025-06-22T15:21:37","guid":{"rendered":"https:\/\/ryinz.cz\/velkoobchod\/?post_type=product&#038;p=8929"},"modified":"2026-01-18T20:16:55","modified_gmt":"2026-01-18T20:16:55","slug":"ryinz-mechanicke-rukavice-s-vysokou-odolnosti-proti-narazu-s-ochranou-proti-vibracim-odolne-proti-proriznuti-a-s-vysokym-viditelnym-vzhledem","status":"publish","type":"product","link":"https:\/\/ryinz.cz\/velkoobchod\/cs\/product\/ryinz-high-impact-resistant-mechanic-gloves-with-tpr-protection-anti-vibration-cut-resistant-and-hi-vis-safety-gloves\/","title":{"rendered":"Mechanick\u00e9 rukavice RYINZ s vysokou odolnost\u00ed proti n\u00e1razu a ochranou TPR - antivibra\u010dn\u00ed, odoln\u00e9 proti pro\u0159\u00edznut\u00ed a bezpe\u010dnostn\u00ed rukavice s vysok\u00fdm stupn\u011bm viditelnosti"},"content":{"rendered":"<p class=\"\" data-start=\"281\" data-end=\"673\">Na str\u00e1nk\u00e1ch <strong data-start=\"285\" data-end=\"332\">Mechanick\u00e9 rukavice RYINZ s vysokou odolnost\u00ed proti n\u00e1razu<\/strong> jsou navr\u017eeny pro nejn\u00e1ro\u010dn\u011bj\u0161\u00ed pr\u016fmyslov\u00e9, stroj\u00edrensk\u00e9 a stavebn\u00ed \u00fakoly, kde mus\u00ed ochrana, pohodl\u00ed a p\u0159esnost bezchybn\u011b spolupracovat. Tyto rukavice nejsou jen ochrann\u00fdm od\u011bvem - jsou d\u016fle\u017eit\u00fdm n\u00e1strojem pro profesion\u00e1ly, kte\u0159\u00ed \u010del\u00ed riziku poran\u011bn\u00ed n\u00e1razem, vibrac\u00edm, od\u0159enin\u00e1m a vystaven\u00ed drsn\u00e9mu pracovn\u00edmu prost\u0159ed\u00ed.<\/p>\n<p class=\"\" data-start=\"675\" data-end=\"1058\">Tyto rukavice jsou vyrobeny z modern\u00ed syntetick\u00e9 tkaniny se zes\u00edlenou dlan\u00ed a pru\u017en\u00fdm elastick\u00fdm pl\u00e1\u0161t\u011bm, a p\u0159edstavuj\u00ed tak dokonalou rovnov\u00e1hu mezi odolnost\u00ed a pohodl\u00edm. Jejich v\u00fdraznou vlastnost\u00ed je <strong data-start=\"867\" data-end=\"908\">ochrana z termoplastick\u00e9 pry\u017ee (TPR)<\/strong> na h\u0159betu ruky a na prstech. Tento pr\u016fmyslov\u00fd panc\u00ed\u0159 odr\u00e1\u017e\u00ed siln\u00e9 n\u00e1razy a chr\u00e1n\u00ed p\u0159ed poran\u011bn\u00edm n\u00e1stroji, \u00falomky nebo stroji.<\/p>\n<p class=\"\" data-start=\"1060\" data-end=\"1373\">Rukavice jsou navr\u017eeny tak, aby byly l\u00e9pe viditeln\u00e9 p\u0159i slab\u00e9m osv\u011btlen\u00ed nebo v nebezpe\u010dn\u00fdch oblastech. <strong data-start=\"1144\" data-end=\"1174\">vysoce viditeln\u00e1 neonov\u011b zelen\u00e1<\/strong> barva s \u010dern\u00fdmi akcenty a reflexn\u00edmi detaily. D\u00edky tomu jsou pracovn\u00edci snadno viditeln\u00ed, co\u017e zvy\u0161uje bezpe\u010dnost v prost\u0159ed\u00edch, jako je \u00fadr\u017eba silnic, stavebn\u00ed z\u00f3ny a sklady.<\/p>\n<p class=\"\" data-start=\"1375\" data-end=\"1794\">Oblast dlan\u00ed je vybavena <strong data-start=\"1406\" data-end=\"1432\">antivibra\u010dn\u00ed polstrov\u00e1n\u00ed<\/strong> a zes\u00edlen\u00fdm texturovan\u00fdm vzorem rukojeti, kter\u00fd zlep\u0161uje manipulaci a sni\u017euje \u00fanavu p\u0159i dlouhodob\u00e9m pou\u017e\u00edv\u00e1n\u00ed. Vnit\u0159n\u00ed \u00fachopov\u00e9 z\u00f3ny jsou ob\u0161ity nit\u00ed pr\u016fmyslov\u00e9 kvality, kter\u00e1 poskytuje dodate\u010dnou ochranu proti opot\u0159eben\u00ed p\u0159i ka\u017edodenn\u00edch mechanick\u00fdch \u00fakonech. A\u0165 u\u017e zved\u00e1te, bu\u0161\u00edte kladivem, otv\u00edr\u00e1te kl\u00ed\u010dem nebo montujete d\u00edly, tyto rukavice zaji\u0161\u0165uj\u00ed pevn\u00fd a kontrolovan\u00fd \u00fachop p\u0159i ka\u017ed\u00e9m pohybu.<\/p>\n<p class=\"\" data-start=\"1796\" data-end=\"2134\">Rukavice jsou navr\u017eeny pro celodenn\u00ed no\u0161en\u00ed a maj\u00ed p\u0159il\u00e9hav\u00e9 elastick\u00e9 z\u00e1p\u011bst\u00ed se <strong data-start=\"1881\" data-end=\"1901\">Snadn\u00e9 stahov\u00e1n\u00ed poutka<\/strong> pro rychl\u00e9 nasazen\u00ed a sund\u00e1n\u00ed, a to i se zpocen\u00fdma nebo \u0161pinav\u00fdma rukama. Prody\u0161n\u00e1 pod\u0161\u00edvka zabra\u0148uje hromad\u011bn\u00ed vlhkosti a udr\u017euje proud\u011bn\u00ed vzduchu, zat\u00edmco ergonomick\u00fd design umo\u017e\u0148uje pln\u00fd rozsah pohybu, hmatovou citlivost a p\u0159esn\u00e9 ovl\u00e1d\u00e1n\u00ed.<\/p>\n<p class=\"\" data-start=\"2136\" data-end=\"2153\"><strong data-start=\"2136\" data-end=\"2153\">Kl\u00ed\u010dov\u00e9 vlastnosti:<\/strong><\/p>\n<ul data-start=\"2155\" data-end=\"2988\">\n<li class=\"\" data-start=\"2155\" data-end=\"2256\">\n<p class=\"\" data-start=\"2157\" data-end=\"2256\"><strong data-start=\"2157\" data-end=\"2188\">Pln\u00e1 ochrana proti n\u00e1razu z TPR:<\/strong> H\u0159bety prst\u016f, klouby a ruka jsou chr\u00e1n\u011bny proti tup\u00e9mu n\u00e1razu.<\/p>\n<\/li>\n<li class=\"\" data-start=\"2257\" data-end=\"2368\">\n<p class=\"\" data-start=\"2259\" data-end=\"2368\"><strong data-start=\"2259\" data-end=\"2282\">Hi-Vis Neon Design:<\/strong> Jasn\u011b zelen\u00e9 t\u011blo s reflexn\u00edmi prvky pro zviditeln\u011bn\u00ed v tmav\u00fdch nebo ru\u0161n\u00fdch pracovn\u00edch prostorech.<\/p>\n<\/li>\n<li class=\"\" data-start=\"2369\" data-end=\"2468\">\n<p class=\"\" data-start=\"2371\" data-end=\"2468\"><strong data-start=\"2371\" data-end=\"2395\">Antivibra\u010dn\u00ed dla\u0148:<\/strong> Tlum\u00ed opakovan\u00e9 n\u00e1razy a sni\u017euje nam\u00e1h\u00e1n\u00ed rukou p\u0159i pou\u017e\u00edv\u00e1n\u00ed n\u00e1\u0159ad\u00ed.<\/p>\n<\/li>\n<li class=\"\" data-start=\"2469\" data-end=\"2543\">\n<p class=\"\" data-start=\"2471\" data-end=\"2543\"><strong data-start=\"2471\" data-end=\"2504\">Zes\u00edlen\u00e9 z\u00f3ny dlan\u011b a \u00fachopu:<\/strong> Zv\u00fd\u0161en\u00e1 odolnost a ochrana proti prokluzu<\/p>\n<\/li>\n<li class=\"\" data-start=\"2544\" data-end=\"2619\">\n<p class=\"\" data-start=\"2546\" data-end=\"2619\"><strong data-start=\"2546\" data-end=\"2574\">Prody\u0161n\u00e1 vnit\u0159n\u00ed pod\u0161\u00edvka:<\/strong> Omezuje pocen\u00ed a zvy\u0161uje celodenn\u00ed pohodl\u00ed<\/p>\n<\/li>\n<li class=\"\" data-start=\"2620\" data-end=\"2690\">\n<p class=\"\" data-start=\"2622\" data-end=\"2690\"><strong data-start=\"2622\" data-end=\"2655\">Pru\u017en\u00e9 z\u00e1p\u011bst\u00ed a stahovac\u00ed p\u00e1ska:<\/strong> Bezpe\u010dn\u00e9 uchycen\u00ed a rychl\u00e1 aplikace<\/p>\n<\/li>\n<li class=\"\" data-start=\"2691\" data-end=\"2764\">\n<p class=\"\" data-start=\"2693\" data-end=\"2764\"><strong data-start=\"2693\" data-end=\"2719\">Dvojit\u011b \u0161it\u00e9 \u0161vy:<\/strong> Vysok\u00e1 pevnost v tahu pro drsn\u00e9 podm\u00ednky<\/p>\n<\/li>\n<li class=\"\" data-start=\"2765\" data-end=\"2842\">\n<p class=\"\" data-start=\"2767\" data-end=\"2842\"><strong data-start=\"2767\" data-end=\"2795\">Pru\u017en\u00e1 tkanina Spandex:<\/strong> Umo\u017e\u0148uje mobilitu bez ohro\u017een\u00ed bezpe\u010dnosti<\/p>\n<\/li>\n<li class=\"\" data-start=\"2843\" data-end=\"2907\">\n<p class=\"\" data-start=\"2845\" data-end=\"2907\"><strong data-start=\"2845\" data-end=\"2865\">Dostupn\u00e9 velikosti:<\/strong> M, L, XL, XXL (vlastn\u00ed velikosti na vy\u017e\u00e1d\u00e1n\u00ed)<\/p>\n<\/li>\n<li class=\"\" data-start=\"2908\" data-end=\"2988\">\n<p class=\"\" data-start=\"2910\" data-end=\"2988\"><strong data-start=\"2910\" data-end=\"2928\">P\u0159izp\u016fsoben\u00ed:<\/strong> Loga, soukrom\u00e9 zna\u010den\u00ed, mo\u017enosti balen\u00ed pro partnery OEM<\/p>\n<\/li>\n<\/ul>\n<p class=\"\" data-start=\"2990\" data-end=\"3010\"><strong data-start=\"2990\" data-end=\"3010\">Doporu\u010deno pro:<\/strong><\/p>\n<ul data-start=\"3012\" data-end=\"3374\">\n<li class=\"\" data-start=\"3012\" data-end=\"3048\">\n<p class=\"\" data-start=\"3014\" data-end=\"3048\">Mechanici a pracovn\u00edci v automobilov\u00e9m pr\u016fmyslu<\/p>\n<\/li>\n<li class=\"\" data-start=\"3049\" data-end=\"3082\">\n<p class=\"\" data-start=\"3051\" data-end=\"3082\">Provoz v ropn\u00e9m a plyn\u00e1rensk\u00e9m pr\u016fmyslu<\/p>\n<\/li>\n<li class=\"\" data-start=\"3083\" data-end=\"3119\">\n<p class=\"\" data-start=\"3085\" data-end=\"3119\">T\u011b\u017eba, vrt\u00e1n\u00ed a v\u00fdkopov\u00e9 pr\u00e1ce<\/p>\n<\/li>\n<li class=\"\" data-start=\"3120\" data-end=\"3157\">\n<p class=\"\" data-start=\"3122\" data-end=\"3157\">\u00dadr\u017eba a v\u00fdstavba silnic<\/p>\n<\/li>\n<li class=\"\" data-start=\"3158\" data-end=\"3192\">\n<p class=\"\" data-start=\"3160\" data-end=\"3192\">Pohotovostn\u00ed a z\u00e1chran\u00e1\u0159sk\u00fd person\u00e1l<\/p>\n<\/li>\n<li class=\"\" data-start=\"3193\" data-end=\"3228\">\n<p class=\"\" data-start=\"3195\" data-end=\"3228\">Nakl\u00e1d\u00e1n\u00ed a logistika ve skladu<\/p>\n<\/li>\n<li class=\"\" data-start=\"3229\" data-end=\"3275\">\n<p class=\"\" data-start=\"3231\" data-end=\"3275\">\u00dadr\u017eba in\u017een\u00fdrsk\u00fdch s\u00edt\u00ed a elektrick\u00e9 s\u00edt\u011b<\/p>\n<\/li>\n<li class=\"\" data-start=\"3276\" data-end=\"3333\">\n<p class=\"\" data-start=\"3278\" data-end=\"3333\">Mont\u00e1\u017e a obsluha stroj\u016f ve v\u00fdrobn\u00edch jednotk\u00e1ch<\/p>\n<\/li>\n<li class=\"\" data-start=\"3334\" data-end=\"3374\">\n<p class=\"\" data-start=\"3336\" data-end=\"3374\">Obsluha t\u011b\u017ek\u00fdch za\u0159\u00edzen\u00ed a vysokozdvi\u017en\u00fdch voz\u00edk\u016f<\/p>\n<\/li>\n<\/ul>\n<p class=\"\" data-start=\"3376\" data-end=\"3408\"><strong data-start=\"3376\" data-end=\"3408\">Certifikace a dodr\u017eov\u00e1n\u00ed p\u0159edpis\u016f:<\/strong><\/p>\n<ul data-start=\"3410\" data-end=\"3574\">\n<li class=\"\" data-start=\"3410\" data-end=\"3456\">\n<p class=\"\" data-start=\"3412\" data-end=\"3456\"><strong data-start=\"3412\" data-end=\"3454\">EN388 (norma mechanick\u00e9 ochrany)<\/strong><\/p>\n<\/li>\n<li class=\"\" data-start=\"3457\" data-end=\"3496\">\n<p class=\"\" data-start=\"3459\" data-end=\"3496\"><strong data-start=\"3459\" data-end=\"3494\">Odolnost proti pro\u0159\u00edznut\u00ed podle normy ANSI (na vy\u017e\u00e1d\u00e1n\u00ed)<\/strong><\/p>\n<\/li>\n<li class=\"\" data-start=\"3497\" data-end=\"3542\">\n<p class=\"\" data-start=\"3499\" data-end=\"3542\"><strong data-start=\"3499\" data-end=\"3540\">Certifik\u00e1t CE - vhodn\u00e9 pro trh EU<\/strong><\/p>\n<\/li>\n<li class=\"\" data-start=\"3543\" data-end=\"3574\">\n<p class=\"\" data-start=\"3545\" data-end=\"3574\"><strong data-start=\"3545\" data-end=\"3574\">Materi\u00e1ly vyhovuj\u00edc\u00ed na\u0159\u00edzen\u00ed REACH<\/strong><\/p>\n<\/li>\n<\/ul>\n<p class=\"\" data-start=\"3576\" data-end=\"3936\"><strong data-start=\"3576\" data-end=\"3599\">V\u00fdvoz a velkoobchod:<\/strong><br data-start=\"3599\" data-end=\"3602\" \/>Spole\u010dnost RYINZ nab\u00edz\u00ed velkoobchodn\u00edk\u016fm a distributor\u016fm v Evrop\u011b a USA \u0159e\u0161en\u00ed na m\u00edru. D\u00edky flexibiln\u00edm minim\u00e1ln\u00edm objednac\u00edm mno\u017estv\u00edm (MOQ), p\u0159izp\u016fsoben\u00ed produkt\u016f, soukrom\u00e9mu zna\u010den\u00ed a mo\u017enostem rychl\u00e9 p\u0159epravy pom\u00e1h\u00e1me partner\u016fm roz\u0161i\u0159ovat nab\u00eddku rukavic s plnou podporou, dokumentac\u00ed a v\u00edcejazy\u010dn\u00fdmi obaly, kter\u00e9 jsou k dispozici na vy\u017e\u00e1d\u00e1n\u00ed.<\/p>","protected":false},"excerpt":{"rendered":"<p>Navr\u017eeno pro profesion\u00e1ly v n\u00e1ro\u010dn\u00fdch podm\u00ednk\u00e1ch. <strong data-start=\"4034\" data-end=\"4071\">Mechanick\u00e9 rukavice RYINZ s vysokou odolnost\u00ed proti n\u00e1raz\u016fm<\/strong> poskytuj\u00ed ochranu cel\u00e9 ruky a maj\u00ed flexibiln\u00ed konstrukci. Ochrana z termoplastick\u00e9 pry\u017ee (TPR) na prstech a kloubech chr\u00e1n\u00ed p\u0159ed n\u00e1razy, zat\u00edmco zes\u00edlen\u00e1 dla\u0148 sni\u017euje \u00fanavu z vibrac\u00ed a zlep\u0161uje \u00fachop n\u00e1stroje. Tyto rukavice jsou vyrobeny z odoln\u00fdch a z\u00e1rove\u0148 prody\u0161n\u00fdch materi\u00e1l\u016f, kter\u00e9 maximalizuj\u00ed pohodl\u00ed a p\u0159esnost p\u0159i n\u00e1ro\u010dn\u00fdch prac\u00edch. Jejich vysoce viditeln\u00e1 neonov\u011b zelen\u00e1 barva zaji\u0161\u0165uje bezpe\u010dnost v ru\u0161n\u00fdch nebo m\u00e1lo osv\u011btlen\u00fdch pracovn\u00edch prostorech. Tyto rukavice jsou ide\u00e1ln\u00ed pro stroj\u00edrenstv\u00ed, stavebnictv\u00ed, ropn\u00fd a plyn\u00e1rensk\u00fd pr\u016fmysl a skladov\u00e1n\u00ed a jsou vyrobeny tak, aby fungovaly i pod tlakem.<\/p>","protected":false},"featured_media":8972,"comment_status":"closed","ping_status":"closed","template":"","meta":[],"product_brand":[35],"product_cat":[82,83],"product_tag":[96,85],"class_list":{"0":"post-8929","1":"product","2":"type-product","3":"status-publish","4":"has-post-thumbnail","6":"product_brand-ryinz","7":"product_cat-mechanic-industrial-gloves","8":"product_cat-mechanics-gloves","9":"product_tag-microfiber-mechanics-gloves","10":"product_tag-tpr-protection-gloves","12":"first","13":"instock","14":"taxable","15":"shipping-taxable","16":"purchasable","17":"product-type-simple"},"_links":{"self":[{"href":"https:\/\/ryinz.cz\/velkoobchod\/cs\/wp-json\/wp\/v2\/product\/8929","targetHints":{"allow":["GET"]}}],"collection":[{"href":"https:\/\/ryinz.cz\/velkoobchod\/cs\/wp-json\/wp\/v2\/product"}],"about":[{"href":"https:\/\/ryinz.cz\/velkoobchod\/cs\/wp-json\/wp\/v2\/types\/product"}],"replies":[{"embeddable":true,"href":"https:\/\/ryinz.cz\/velkoobchod\/cs\/wp-json\/wp\/v2\/comments?post=8929"}],"wp:featuredmedia":[{"embeddable":true,"href":"https:\/\/ryinz.cz\/velkoobchod\/cs\/wp-json\/wp\/v2\/media\/8972"}],"wp:attachment":[{"href":"https:\/\/ryinz.cz\/velkoobchod\/cs\/wp-json\/wp\/v2\/media?parent=8929"}],"wp:term":[{"taxonomy":"product_brand","embeddable":true,"href":"https:\/\/ryinz.cz\/velkoobchod\/cs\/wp-json\/wp\/v2\/product_brand?post=8929"},{"taxonomy":"product_cat","embeddable":true,"href":"https:\/\/ryinz.cz\/velkoobchod\/cs\/wp-json\/wp\/v2\/product_cat?post=8929"},{"taxonomy":"product_tag","embeddable":true,"href":"https:\/\/ryinz.cz\/velkoobchod\/cs\/wp-json\/wp\/v2\/product_tag?post=8929"}],"curies":[{"name":"wp","href":"https:\/\/api.w.org\/{rel}","templated":true}]}}