{"id":8919,"date":"2025-06-22T15:21:07","date_gmt":"2025-06-22T15:21:07","guid":{"rendered":"https:\/\/ryinz.cz\/velkoobchod\/?post_type=product&#038;p=8919"},"modified":"2026-01-18T20:16:52","modified_gmt":"2026-01-18T20:16:52","slug":"ryinz-premium-split-cowhide-leather-work-gloves-heavy-duty-safety-gloves-for-welding-construction-general-labor","status":"publish","type":"product","link":"https:\/\/ryinz.cz\/velkoobchod\/cs\/product\/ryinz-premium-split-cowhide-leather-work-gloves-heavy-duty-safety-gloves-for-welding-construction-general-labor\/","title":{"rendered":"RYINZ Premium Split Cowhide Leather Work Rukavice - bezpe\u010dnostn\u00ed rukavice pro t\u011b\u017ek\u00e9 pr\u00e1ce p\u0159i sva\u0159ov\u00e1n\u00ed, ve stavebnictv\u00ed a p\u0159i b\u011b\u017en\u00fdch prac\u00edch"},"content":{"rendered":"<p class=\"\" data-start=\"306\" data-end=\"652\">Za\u017eijte bezkonkuren\u010dn\u00ed ochranu rukou a robustn\u00ed odolnost s <strong data-start=\"370\" data-end=\"421\">RYINZ Premium Split Cowhide ko\u017een\u00e9 pracovn\u00ed rukavice<\/strong>, ur\u010den\u00e9 pro profesion\u00e1ly, kte\u0159\u00ed vy\u017eaduj\u00ed spolehlivost a odolnost p\u0159i ka\u017ed\u00e9m \u00fakolu. A\u0165 u\u017e sv\u00e1\u0159\u00edte, manipulujete s n\u00e1\u0159ad\u00edm, pracujete na stavb\u011b nebo se v\u011bnujete b\u011b\u017en\u00fdm pr\u016fmyslov\u00fdm prac\u00edm, tyto rukavice jsou stvo\u0159eny tak, aby zvl\u00e1dly v\u0161e.<\/p>\n<p class=\"\" data-start=\"654\" data-end=\"1010\">Vyrobeno z vysoce kvalitn\u00edch <strong data-start=\"680\" data-end=\"705\">\u0161t\u00edpan\u00e1 hov\u011bz\u00ed k\u016f\u017ee<\/strong>, tyto rukavice poskytuj\u00ed v\u00fdjime\u010dnou trvanlivost, odolnost proti prop\u00edchnut\u00ed a ochranu proti od\u011bru. Vn\u011bj\u0161\u00ed pl\u00e1\u0161\u0165 m\u00e1 dvoubarevn\u00fd design s t\u011b\u017ek\u00fdm semi\u0161em na vn\u011bj\u0161\u00ed stran\u011b a zes\u00edlen\u00fdmi b\u00edl\u00fdmi ko\u017een\u00fdmi z\u00e1platami na dlani, kone\u010dc\u00edch prst\u016f a v rozkroku palce pro v\u011bt\u0161\u00ed p\u0159ilnavost a odolnost proti opot\u0159eben\u00ed v oblastech s vysokou z\u00e1t\u011b\u017e\u00ed.<\/p>\n<p class=\"\" data-start=\"1012\" data-end=\"1319\">Roz\u0161\u00ed\u0159en\u00fd <strong data-start=\"1025\" data-end=\"1047\">proveden\u00ed bezpe\u010dnostn\u00ed man\u017eety<\/strong> zaji\u0161\u0165uje nejen ochranu z\u00e1p\u011bst\u00ed p\u0159ed jiskrami, teplem a ne\u010distotami, ale tak\u00e9 umo\u017e\u0148uje snadn\u00e9 obl\u00e9k\u00e1n\u00ed a svl\u00e9k\u00e1n\u00ed. Vnit\u0159n\u00ed pod\u0161\u00edvka nab\u00edz\u00ed p\u0159irozenou prody\u0161nost d\u00edky p\u00f3rovit\u00e9 struktu\u0159e prav\u00e9 k\u016f\u017ee, kter\u00e1 udr\u017euje ruce chladn\u011bj\u0161\u00ed a pohodln\u011bj\u0161\u00ed b\u011bhem dlouh\u00e9 pracovn\u00ed doby.<\/p>\n<p class=\"\" data-start=\"1321\" data-end=\"1631\">. <strong data-start=\"1324\" data-end=\"1348\">elastick\u00e1 st\u0159i\u017een\u00e1 z\u00e1da<\/strong> zlep\u0161uje p\u0159izp\u016fsoben\u00ed a flexibilitu, ani\u017e by byla ohro\u017eena bezpe\u010dnost, a zes\u00edlen\u00e9 \u0161vy zaji\u0161\u0165uj\u00ed v\u011bt\u0161\u00ed struktur\u00e1ln\u00ed integritu p\u0159i opakovan\u00fdch \u00fakonech s vysok\u00fdm zat\u00ed\u017een\u00edm. Tyto rukavice jsou ur\u010deny pro ty, kte\u0159\u00ed denn\u011b pracuj\u00ed rukama - od stavba\u0159\u016f a kov\u00e1\u0159\u016f a\u017e po skladn\u00edky a zahradn\u00edky.<\/p>\n<p class=\"\" data-start=\"1633\" data-end=\"1972\">Spole\u010dnost RYINZ si uv\u011bdomuje z\u00e1sadn\u00ed v\u00fdznam bezpe\u010dnosti rukou. Proto jsou tyto rukavice \u0161it\u00e9 s pou\u017eit\u00edm <strong data-start=\"1733\" data-end=\"1751\">Kevlarov\u00e9 vl\u00e1kno\u00ae<\/strong> odolnost v\u016f\u010di teplu a opot\u0159eben\u00ed, zejm\u00e9na p\u0159i sva\u0159ov\u00e1n\u00ed a brou\u0161en\u00ed. Jejich robustn\u00ed a z\u00e1rove\u0148 flexibiln\u00ed konstrukce je stejn\u011b dob\u0159e vyu\u017eiteln\u00e1 pro v\u0161e od \u0159ez\u00e1n\u00ed palivov\u00e9ho d\u0159eva a\u017e po obsluhu vysokozdvi\u017en\u00fdch voz\u00edk\u016f a sv\u00e1\u0159ec\u00edch ho\u0159\u00e1k\u016f.<\/p>\n<p class=\"\" data-start=\"1974\" data-end=\"1995\"><strong data-start=\"1974\" data-end=\"1995\">Vlastnosti produktu:<\/strong><\/p>\n<ul data-start=\"1997\" data-end=\"2921\">\n<li class=\"\" data-start=\"1997\" data-end=\"2100\">\n<p class=\"\" data-start=\"1999\" data-end=\"2100\"><strong data-start=\"1999\" data-end=\"2035\">\u0160pi\u010dkov\u00e1 \u0161t\u00edpan\u00e1 hov\u011bz\u00ed k\u016f\u017ee:<\/strong> Odoln\u00e9, siln\u00e9 a ot\u011bruvzdorn\u00e9 pro drsn\u00e9 prost\u0159ed\u00ed.<\/p>\n<\/li>\n<li class=\"\" data-start=\"2101\" data-end=\"2193\">\n<p class=\"\" data-start=\"2103\" data-end=\"2193\"><strong data-start=\"2103\" data-end=\"2133\">Zes\u00edlen\u00e1 dla\u0148 a prsty:<\/strong> Dodate\u010dn\u00e9 z\u00e1platy pro z\u00f3ny s vysok\u00fdm opot\u0159eben\u00edm zvy\u0161uj\u00ed \u017eivotnost rukavic<\/p>\n<\/li>\n<li class=\"\" data-start=\"2194\" data-end=\"2289\">\n<p class=\"\" data-start=\"2196\" data-end=\"2289\"><strong data-start=\"2196\" data-end=\"2225\">\u017d\u00e1ruvzdorn\u00e9 pro\u0161\u00edv\u00e1n\u00ed:<\/strong> Kevlarov\u00e9 \u0161vy odol\u00e1vaj\u00ed vysok\u00fdm teplot\u00e1m p\u0159i sva\u0159ov\u00e1n\u00ed.<\/p>\n<\/li>\n<li class=\"\" data-start=\"2290\" data-end=\"2383\">\n<p class=\"\" data-start=\"2292\" data-end=\"2383\"><strong data-start=\"2292\" data-end=\"2325\">Bezpe\u010dnostn\u00ed man\u017eeta (ve stylu rukavice):<\/strong> Dodate\u010dn\u00e1 ochrana z\u00e1p\u011bst\u00ed p\u0159ed teplem, jiskrami a od\u0159eninami<\/p>\n<\/li>\n<li class=\"\" data-start=\"2384\" data-end=\"2478\">\n<p class=\"\" data-start=\"2386\" data-end=\"2478\"><strong data-start=\"2386\" data-end=\"2403\">Elastick\u00e1 z\u00e1da:<\/strong> Zaji\u0161\u0165uje t\u011bsn\u00e9, ergonomick\u00e9 uchycen\u00ed pro lep\u0161\u00ed ovl\u00e1d\u00e1n\u00ed a men\u0161\u00ed prokluzov\u00e1n\u00ed.<\/p>\n<\/li>\n<li class=\"\" data-start=\"2479\" data-end=\"2573\">\n<p class=\"\" data-start=\"2481\" data-end=\"2573\"><strong data-start=\"2481\" data-end=\"2511\">Dvouvrstv\u00e1 dla\u0148 a palec:<\/strong> Vylep\u0161en\u00e1 rukoje\u0165 a polstrov\u00e1n\u00ed pro manipulaci s t\u011b\u017ek\u00fdmi nebo ostr\u00fdmi n\u00e1stroji<\/p>\n<\/li>\n<li class=\"\" data-start=\"2574\" data-end=\"2673\">\n<p class=\"\" data-start=\"2576\" data-end=\"2673\"><strong data-start=\"2576\" data-end=\"2602\">V\u00edce\u00fa\u010delov\u00fd n\u00e1stroj:<\/strong> Vhodn\u00e9 pro kovov\u00fdrobu, stavebnictv\u00ed, automobilov\u00fd pr\u016fmysl, zem\u011bd\u011blstv\u00ed a dal\u0161\u00ed obory.<\/p>\n<\/li>\n<li class=\"\" data-start=\"2674\" data-end=\"2759\">\n<p class=\"\" data-start=\"2676\" data-end=\"2759\"><strong data-start=\"2676\" data-end=\"2697\">Absorpce potu:<\/strong> Vnit\u0159ek z p\u0159\u00edrodn\u00ed k\u016f\u017ee absorbuje pot a zvy\u0161uje pohodl\u00ed<\/p>\n<\/li>\n<li class=\"\" data-start=\"2760\" data-end=\"2851\">\n<p class=\"\" data-start=\"2762\" data-end=\"2851\"><strong data-start=\"2762\" data-end=\"2785\">Pevn\u00e9 a p\u0159esto flexibiln\u00ed:<\/strong> Zachov\u00e1v\u00e1 dobr\u00fd rozsah pohybu, ani\u017e by byla ob\u011btov\u00e1na ochrana<\/p>\n<\/li>\n<li class=\"\" data-start=\"2852\" data-end=\"2921\">\n<p class=\"\" data-start=\"2854\" data-end=\"2921\"><strong data-start=\"2854\" data-end=\"2872\">Vyrobeno tak, aby vydr\u017eelo:<\/strong> Odol\u00e1v\u00e1 extr\u00e9mn\u00edmu opot\u0159eben\u00ed p\u0159i del\u0161\u00edm pou\u017e\u00edv\u00e1n\u00ed<\/p>\n<\/li>\n<\/ul>\n<p class=\"\" data-start=\"2923\" data-end=\"2948\"><strong data-start=\"2923\" data-end=\"2948\">Aplikace zahrnuj\u00ed:<\/strong><\/p>\n<ul data-start=\"2950\" data-end=\"3196\">\n<li class=\"\" data-start=\"2950\" data-end=\"2976\">\n<p class=\"\" data-start=\"2952\" data-end=\"2976\">Sva\u0159ov\u00e1n\u00ed a pr\u00e1ce s ho\u0159\u00e1kem<\/p>\n<\/li>\n<li class=\"\" data-start=\"2977\" data-end=\"3004\">\n<p class=\"\" data-start=\"2979\" data-end=\"3004\">Zednick\u00e9 pr\u00e1ce a zd\u011bn\u00ed<\/p>\n<\/li>\n<li class=\"\" data-start=\"3005\" data-end=\"3035\">\n<p class=\"\" data-start=\"3007\" data-end=\"3035\">Manipulace s ocel\u00ed a \u0159ez\u00e1n\u00ed<\/p>\n<\/li>\n<li class=\"\" data-start=\"3036\" data-end=\"3064\">\n<p class=\"\" data-start=\"3038\" data-end=\"3064\">Obecn\u00e9 pr\u016fmyslov\u00e9 \u00fakoly<\/p>\n<\/li>\n<li class=\"\" data-start=\"3065\" data-end=\"3099\">\n<p class=\"\" data-start=\"3067\" data-end=\"3099\">Zem\u011bd\u011blstv\u00ed a p\u00e9\u010de o hospod\u00e1\u0159sk\u00e1 zv\u00ed\u0159ata<\/p>\n<\/li>\n<li class=\"\" data-start=\"3100\" data-end=\"3132\">\n<p class=\"\" data-start=\"3102\" data-end=\"3132\">T\u011b\u017ek\u00e9 stavebn\u00ed pr\u00e1ce<\/p>\n<\/li>\n<li class=\"\" data-start=\"3133\" data-end=\"3161\">\n<p class=\"\" data-start=\"3135\" data-end=\"3161\">Lesnictv\u00ed a krajin\u00e1\u0159stv\u00ed<\/p>\n<\/li>\n<li class=\"\" data-start=\"3162\" data-end=\"3196\">\n<p class=\"\" data-start=\"3164\" data-end=\"3196\">Venkovn\u00ed kutilstv\u00ed a dom\u00e1c\u00ed kutilstv\u00ed<\/p>\n<\/li>\n<\/ul>\n<p class=\"\" data-start=\"3198\" data-end=\"3217\"><strong data-start=\"3198\" data-end=\"3217\">Specifikace:<\/strong><\/p>\n<ul data-start=\"3219\" data-end=\"3666\">\n<li class=\"\" data-start=\"3219\" data-end=\"3284\">\n<p class=\"\" data-start=\"3221\" data-end=\"3284\"><strong data-start=\"3221\" data-end=\"3234\">Materi\u00e1l:<\/strong> 100% hov\u011bz\u00ed \u0161t\u00edpan\u00e1 k\u016f\u017ee se zes\u00edlenou dlan\u00ed<\/p>\n<\/li>\n<li class=\"\" data-start=\"3285\" data-end=\"3369\">\n<p class=\"\" data-start=\"3287\" data-end=\"3369\"><strong data-start=\"3287\" data-end=\"3297\">Barva:<\/strong> \u017dlut\u00fd semi\u0161 s p\u0159\u00edrodn\u00ed b\u00edlou dlan\u00ed (k dispozici jsou vlastn\u00ed barevn\u00e9 varianty)<\/p>\n<\/li>\n<li class=\"\" data-start=\"3370\" data-end=\"3434\">\n<p class=\"\" data-start=\"3372\" data-end=\"3434\"><strong data-start=\"3372\" data-end=\"3382\">Velikosti:<\/strong> M a\u017e XXL (p\u0159i hromadn\u00fdch objedn\u00e1vk\u00e1ch je mo\u017en\u00e9 zvolit vlastn\u00ed velikost)<\/p>\n<\/li>\n<li class=\"\" data-start=\"3435\" data-end=\"3518\">\n<p class=\"\" data-start=\"3437\" data-end=\"3518\"><strong data-start=\"3437\" data-end=\"3455\">P\u0159izp\u016fsoben\u00ed:<\/strong> Logo zna\u010dky, velikost, balen\u00ed k dispozici na MOQ 300+ p\u00e1r\u016f<\/p>\n<\/li>\n<li class=\"\" data-start=\"3519\" data-end=\"3576\">\n<p class=\"\" data-start=\"3521\" data-end=\"3576\"><strong data-start=\"3521\" data-end=\"3540\">Certifikace:<\/strong> EN388, s ozna\u010den\u00edm CE, v souladu s normou Reach<\/p>\n<\/li>\n<li class=\"\" data-start=\"3577\" data-end=\"3666\">\n<p class=\"\" data-start=\"3579\" data-end=\"3666\"><strong data-start=\"3579\" data-end=\"3593\">Balen\u00ed:<\/strong> 1 p\u00e1r v polybagov\u00e9m s\u00e1\u010dku, 12 p\u00e1r\u016f v z\u00e1kladn\u00edm balen\u00ed (vlastn\u00ed balen\u00ed na vy\u017e\u00e1d\u00e1n\u00ed)<\/p>\n<\/li>\n<\/ul>\n<p class=\"\" data-start=\"3668\" data-end=\"4033\"><strong data-start=\"3668\" data-end=\"3682\">Pro\u010d RYINZ?<\/strong><br data-start=\"3682\" data-end=\"3685\" \/>S des\u00edtkami let zku\u0161enost\u00ed se z\u00e1sobov\u00e1n\u00edm vysoce kvalitn\u00edm bezpe\u010dnostn\u00edm vybaven\u00edm z Asie a dod\u00e1vkami po cel\u00e9 Evrop\u011b, <strong data-start=\"3786\" data-end=\"3795\">RYINZ<\/strong> kombinuje funk\u010dn\u00ed design s komer\u010dn\u00ed \u0161k\u00e1lovatelnost\u00ed. Na\u0161e produkty jsou testov\u00e1ny profesion\u00e1ly a pou\u017e\u00edv\u00e1ny ve v\u00edce ne\u017e 28 zem\u00edch. A\u0165 u\u017e jste velkoobchodn\u00edk, distributor, nebo p\u0159\u00edm\u00fd u\u017eivatel, spole\u010dnost RYINZ zaru\u010duje \u0161pi\u010dkov\u00fd v\u00fdkon u ka\u017ed\u00e9ho p\u00e1ru.<\/p>","protected":false},"excerpt":{"rendered":"<p><strong data-start=\"4095\" data-end=\"4132\">Ko\u017een\u00e9 pracovn\u00ed rukavice RYINZ Premium<\/strong> jsou ur\u010deny pro profesion\u00e1ly, kte\u0159\u00ed pot\u0159ebuj\u00ed seri\u00f3zn\u00ed ochranu, ani\u017e by to bylo na \u00fakor pohodl\u00ed. Tyto rukavice jsou vyrobeny z hou\u017eevnat\u00e9 \u0161t\u00edpan\u00e9 hov\u011bz\u00ed k\u016f\u017ee a vyztu\u017eeny na spr\u00e1vn\u00fdch m\u00edstech, tak\u017ee jsou odoln\u00e9 proti opot\u0159eben\u00ed, teplu a od\u011bru. Jsou ide\u00e1ln\u00ed pro sv\u00e1\u0159e\u010de, stavebn\u00ed d\u011bln\u00edky a v\u0161echny, kdo manipuluj\u00ed s t\u011b\u017ek\u00fdmi n\u00e1stroji nebo materi\u00e1ly. Prodlou\u017een\u00e1 man\u017eeta rukavice chr\u00e1n\u00ed z\u00e1p\u011bst\u00ed p\u0159ed jiskrami a \u00falomky, zat\u00edmco zes\u00edlen\u00e1 dla\u0148 zaji\u0161\u0165uje p\u0159ilnavost a odolnost. Pru\u017en\u00e9, prody\u0161n\u00e9 a pro\u0161it\u00e9 \u017e\u00e1ruvzdornou nit\u00ed jsou tyto rukavice stvo\u0159eny pro stejn\u011b n\u00e1ro\u010dnou pr\u00e1ci jako vy.<\/p>","protected":false},"featured_media":8970,"comment_status":"closed","ping_status":"closed","template":"","meta":[],"product_brand":[35],"product_cat":[82,83],"product_tag":[94,95],"class_list":{"0":"post-8919","1":"product","2":"type-product","3":"status-publish","4":"has-post-thumbnail","6":"product_brand-ryinz","7":"product_cat-mechanic-industrial-gloves","8":"product_cat-mechanics-gloves","9":"product_tag-buffalo-leather-work-gloves","10":"product_tag-cotton-lined-industrial-gloves","12":"first","13":"instock","14":"taxable","15":"shipping-taxable","16":"purchasable","17":"product-type-simple"},"_links":{"self":[{"href":"https:\/\/ryinz.cz\/velkoobchod\/cs\/wp-json\/wp\/v2\/product\/8919","targetHints":{"allow":["GET"]}}],"collection":[{"href":"https:\/\/ryinz.cz\/velkoobchod\/cs\/wp-json\/wp\/v2\/product"}],"about":[{"href":"https:\/\/ryinz.cz\/velkoobchod\/cs\/wp-json\/wp\/v2\/types\/product"}],"replies":[{"embeddable":true,"href":"https:\/\/ryinz.cz\/velkoobchod\/cs\/wp-json\/wp\/v2\/comments?post=8919"}],"wp:featuredmedia":[{"embeddable":true,"href":"https:\/\/ryinz.cz\/velkoobchod\/cs\/wp-json\/wp\/v2\/media\/8970"}],"wp:attachment":[{"href":"https:\/\/ryinz.cz\/velkoobchod\/cs\/wp-json\/wp\/v2\/media?parent=8919"}],"wp:term":[{"taxonomy":"product_brand","embeddable":true,"href":"https:\/\/ryinz.cz\/velkoobchod\/cs\/wp-json\/wp\/v2\/product_brand?post=8919"},{"taxonomy":"product_cat","embeddable":true,"href":"https:\/\/ryinz.cz\/velkoobchod\/cs\/wp-json\/wp\/v2\/product_cat?post=8919"},{"taxonomy":"product_tag","embeddable":true,"href":"https:\/\/ryinz.cz\/velkoobchod\/cs\/wp-json\/wp\/v2\/product_tag?post=8919"}],"curies":[{"name":"wp","href":"https:\/\/api.w.org\/{rel}","templated":true}]}}