{"id":8918,"date":"2025-06-22T15:21:06","date_gmt":"2025-06-22T15:21:06","guid":{"rendered":"https:\/\/ryinz.cz\/velkoobchod\/?post_type=product&#038;p=8918"},"modified":"2026-01-18T20:16:51","modified_gmt":"2026-01-18T20:16:51","slug":"ryinz-winter-ready-tezke-kozene-pracovni-rukavice-s-nepromokavou-manzetou-zateplene-rukavice-do-chladneho-pocasi-drsneho-prostredi","status":"publish","type":"product","link":"https:\/\/ryinz.cz\/velkoobchod\/cs\/product\/ryinz-winter-ready-heavy-duty-leather-work-gloves-with-waterproof-cuff-insulated-gloves-for-cold-weather-harsh-environments\/","title":{"rendered":"RYINZ Zimn\u00ed ko\u017een\u00e9 pracovn\u00ed rukavice s vodot\u011bsnou man\u017eetou - zateplen\u00e9 rukavice do chladn\u00e9ho po\u010das\u00ed a n\u00e1ro\u010dn\u00e9ho prost\u0159ed\u00ed"},"content":{"rendered":"<p class=\"\" data-start=\"307\" data-end=\"696\">Zvl\u00e1dn\u011bte i ty nejn\u00e1ro\u010dn\u011bj\u0161\u00ed \u00fakoly v nejchladn\u011bj\u0161\u00edm prost\u0159ed\u00ed s pomoc\u00ed <strong data-start=\"365\" data-end=\"418\">Ko\u017een\u00e9 pracovn\u00ed rukavice RYINZ p\u0159ipraven\u00e9 na zimu pro velk\u00e9 zat\u00ed\u017een\u00ed<\/strong> - vysoce v\u00fdkonn\u00e9 \u0159e\u0161en\u00ed pro profesion\u00e1ly, kte\u0159\u00ed pracuj\u00ed ve sn\u011bhu, de\u0161ti nebo p\u0159i teplot\u00e1ch pod bodem mrazu. A\u0165 u\u017e pracujete v lesnictv\u00ed, stavebnictv\u00ed, strojn\u00ed \u00fadr\u017eb\u011b nebo ve venkovn\u00edch komun\u00e1ln\u00edch provozech, tyto rukavice jsou \u00fa\u010delov\u011b vyrobeny pro odolnost, teplo a ochranu za ka\u017ed\u00e9ho po\u010das\u00ed.<\/p>\n<p class=\"\" data-start=\"698\" data-end=\"1110\">Rukavice jsou vyrobeny z prvot\u0159\u00eddn\u00edho <strong data-start=\"734\" data-end=\"761\">prav\u00e1 hov\u011bz\u00ed k\u016f\u017ee<\/strong>, kter\u00e1 je zn\u00e1m\u00e1 svou vynikaj\u00edc\u00ed odolnost\u00ed proti od\u011bru, prop\u00edchnut\u00ed a opot\u0159eben\u00ed. Zes\u00edlen\u00e1 oblast dlan\u011b a ergonomick\u00e9 tvarov\u00e1n\u00ed zaji\u0161\u0165uj\u00ed zv\u00fd\u0161enou pevnost \u00fachopu a odolnost v oblastech s vysok\u00fdm kontaktem. P\u0159irozen\u011b izola\u010dn\u00ed vlastnosti k\u016f\u017ee v kombinaci s vnit\u0159n\u00ed tepelnou pod\u0161\u00edvkou nab\u00edzej\u00ed maxim\u00e1ln\u00ed udr\u017een\u00ed tepla, kter\u00e9 udr\u017e\u00ed ruce v teple i v mraziv\u00e9m podneb\u00ed.<\/p>\n<p class=\"\" data-start=\"1112\" data-end=\"1528\">Jednou z nejv\u00fdznamn\u011bj\u0161\u00edch vlastnost\u00ed t\u011bchto rukavic je. <strong data-start=\"1164\" data-end=\"1192\">prodlou\u017een\u00e1 vodot\u011bsn\u00e1 man\u017eeta<\/strong>, z v\u011btruodoln\u00e9ho a vodoodpudiv\u00e9ho materi\u00e1lu, kter\u00fd blokuje vlhkost a sn\u00edh. Integrovan\u00fd <strong data-start=\"1286\" data-end=\"1314\">stahovac\u00ed \u0161\u0148\u016frka na z\u00e1p\u011bst\u00ed<\/strong> umo\u017e\u0148uj\u00ed t\u011bsn\u00e9 p\u0159ilnut\u00ed k pa\u017ei, nepropou\u0161t\u011bj\u00ed studen\u00fd vzduch a zabra\u0148uj\u00ed vniknut\u00ed sn\u011bhu nebo ne\u010distot do rukavice. Elastick\u00e9 z\u00e1p\u011bst\u00ed zlep\u0161uje p\u0159izp\u016fsoben\u00ed, pohodl\u00ed a pru\u017enost a sni\u017euje \u00fanavu p\u0159i dlouh\u00e9m no\u0161en\u00ed.<\/p>\n<p class=\"\" data-start=\"1530\" data-end=\"1871\">Tyto rukavice jsou ide\u00e1ln\u00ed pro profesion\u00e1ly, kte\u0159\u00ed vy\u017eaduj\u00ed p\u0159esnost i odolnost. Strukturovan\u00e1 konstrukce umo\u017e\u0148uje vynikaj\u00edc\u00ed pohyblivost prst\u016f, co\u017e usnad\u0148uje pr\u00e1ci s n\u00e1\u0159ad\u00edm, manipulaci s t\u011b\u017ek\u00fdm n\u00e1\u0159ad\u00edm nebo \u0159\u00edzen\u00ed stroj\u016f za nep\u0159\u00edzniv\u00e9ho po\u010das\u00ed. Dvojit\u00e9 \u0161vy zvy\u0161uj\u00ed jejich struktur\u00e1ln\u00ed integritu a zaji\u0161\u0165uj\u00ed, \u017ee dlouhodob\u011b vydr\u017e\u00ed n\u00e1ro\u010dn\u00e9 pou\u017e\u00edv\u00e1n\u00ed.<\/p>\n<p class=\"\" data-start=\"1873\" data-end=\"1894\"><strong data-start=\"1873\" data-end=\"1894\">Vlastnosti produktu:<\/strong><\/p>\n<ul data-start=\"1896\" data-end=\"2869\">\n<li class=\"\" data-start=\"1896\" data-end=\"2012\">\n<p class=\"\" data-start=\"1898\" data-end=\"2012\"><strong data-start=\"1898\" data-end=\"1929\">Vysoce kvalitn\u00ed hov\u011bz\u00ed k\u016f\u017ee:<\/strong> Nab\u00edz\u00ed pevnost, pru\u017enost a odolnost proti od\u011bru pro n\u00e1ro\u010dn\u00e9 pracovn\u00ed prost\u0159ed\u00ed.<\/p>\n<\/li>\n<li class=\"\" data-start=\"2013\" data-end=\"2109\">\n<p class=\"\" data-start=\"2015\" data-end=\"2109\"><strong data-start=\"2015\" data-end=\"2044\">Tepeln\u011b izolovan\u00e1 pod\u0161\u00edvka:<\/strong> Udr\u017euje ruce v teple a suchu i p\u0159i sn\u011b\u017een\u00ed, de\u0161ti nebo n\u00e1led\u00ed.<\/p>\n<\/li>\n<li class=\"\" data-start=\"2110\" data-end=\"2206\">\n<p class=\"\" data-start=\"2112\" data-end=\"2206\"><strong data-start=\"2112\" data-end=\"2144\">Zes\u00edlen\u00e1 dla\u0148 a prsty:<\/strong> Polstrovan\u00e9 \u00fachopov\u00e9 z\u00f3ny sni\u017euj\u00ed tlak a prodlu\u017euj\u00ed \u017eivotnost rukavic<\/p>\n<\/li>\n<li class=\"\" data-start=\"2207\" data-end=\"2308\">\n<p class=\"\" data-start=\"2209\" data-end=\"2308\"><strong data-start=\"2209\" data-end=\"2238\">Prodlou\u017een\u00e1 vodot\u011bsn\u00e1 man\u017eeta:<\/strong> Blokuje v\u00edtr, vodu a ne\u010distoty - ide\u00e1ln\u00ed pro pr\u00e1ce s velk\u00fdm mno\u017estv\u00edm sn\u011bhu nebo bl\u00e1ta.<\/p>\n<\/li>\n<li class=\"\" data-start=\"2309\" data-end=\"2392\">\n<p class=\"\" data-start=\"2311\" data-end=\"2392\"><strong data-start=\"2311\" data-end=\"2334\">Uzav\u0159en\u00ed \u0161\u0148\u016frkou:<\/strong> P\u0159izp\u016fsoben\u00e9 zap\u00edn\u00e1n\u00ed na z\u00e1p\u011bst\u00ed udr\u017euje teplo uvnit\u0159 a chlad venku<\/p>\n<\/li>\n<li class=\"\" data-start=\"2393\" data-end=\"2475\">\n<p class=\"\" data-start=\"2395\" data-end=\"2475\"><strong data-start=\"2395\" data-end=\"2416\">Ergonomick\u00fd design:<\/strong> Umo\u017e\u0148uje p\u0159irozen\u00fd pohyb rukou a vynikaj\u00edc\u00ed manipulaci s n\u00e1stroji<\/p>\n<\/li>\n<li class=\"\" data-start=\"2476\" data-end=\"2556\">\n<p class=\"\" data-start=\"2478\" data-end=\"2556\"><strong data-start=\"2478\" data-end=\"2505\">V\u00edcevrstv\u00e1 ochrana:<\/strong> Ide\u00e1ln\u00ed pro v\u00edcesez\u00f3nn\u00ed venkovn\u00ed nebo pr\u016fmyslov\u00e9 pou\u017eit\u00ed<\/p>\n<\/li>\n<li class=\"\" data-start=\"2557\" data-end=\"2634\">\n<p class=\"\" data-start=\"2559\" data-end=\"2634\"><strong data-start=\"2559\" data-end=\"2593\">Mo\u017enost kevlarov\u00e9ho pro\u0161\u00edv\u00e1n\u00ed (MOQ):<\/strong> Pro silnou odolnost proti plameni nebo \u0159ezu<\/p>\n<\/li>\n<li class=\"\" data-start=\"2635\" data-end=\"2710\">\n<p class=\"\" data-start=\"2637\" data-end=\"2710\"><strong data-start=\"2637\" data-end=\"2657\">Dostupn\u00e9 velikosti:<\/strong> M a\u017e XXL (p\u0159i hromadn\u00fdch objedn\u00e1vk\u00e1ch je mo\u017en\u00e9 zvolit vlastn\u00ed velikost)<\/p>\n<\/li>\n<li class=\"\" data-start=\"2711\" data-end=\"2786\">\n<p class=\"\" data-start=\"2713\" data-end=\"2786\"><strong data-start=\"2713\" data-end=\"2731\">Mo\u017enosti barev:<\/strong> \u017dluto\u010dern\u00e1, celo\u010dern\u00e1, hn\u011bd\u00e1 a \u0161ed\u00e1 na vy\u017e\u00e1d\u00e1n\u00ed<\/p>\n<\/li>\n<li class=\"\" data-start=\"2787\" data-end=\"2869\">\n<p class=\"\" data-start=\"2789\" data-end=\"2869\"><strong data-start=\"2789\" data-end=\"2807\">P\u0159izp\u016fsoben\u00ed:<\/strong> Mo\u017enost personalizace zna\u010dky, v\u00fd\u0161ivky a obalu<\/p>\n<\/li>\n<\/ul>\n<p class=\"\" data-start=\"2871\" data-end=\"2894\"><strong data-start=\"2871\" data-end=\"2894\">Ide\u00e1ln\u00ed aplikace:<\/strong><\/p>\n<ul data-start=\"2896\" data-end=\"3261\">\n<li class=\"\" data-start=\"2896\" data-end=\"2924\">\n<p class=\"\" data-start=\"2898\" data-end=\"2924\">Zimn\u00ed stavebn\u00ed pr\u00e1ce<\/p>\n<\/li>\n<li class=\"\" data-start=\"2925\" data-end=\"2959\">\n<p class=\"\" data-start=\"2927\" data-end=\"2959\">Lesnictv\u00ed a d\u0159eva\u0159stv\u00ed<\/p>\n<\/li>\n<li class=\"\" data-start=\"2960\" data-end=\"2988\">\n<p class=\"\" data-start=\"2962\" data-end=\"2988\">Manipulace s t\u011b\u017ek\u00fdmi stroji<\/p>\n<\/li>\n<li class=\"\" data-start=\"2989\" data-end=\"3030\">\n<p class=\"\" data-start=\"2991\" data-end=\"3030\">Odkl\u00edzen\u00ed sn\u011bhu a j\u00edzda za chladn\u00e9ho po\u010das\u00ed<\/p>\n<\/li>\n<li class=\"\" data-start=\"3031\" data-end=\"3066\">\n<p class=\"\" data-start=\"3033\" data-end=\"3066\">\u00dadr\u017eba in\u017een\u00fdrsk\u00fdch s\u00edt\u00ed a venkovn\u00edch prostor<\/p>\n<\/li>\n<li class=\"\" data-start=\"3067\" data-end=\"3098\">\n<p class=\"\" data-start=\"3069\" data-end=\"3098\">Logistika a nakl\u00e1dac\u00ed rampy<\/p>\n<\/li>\n<li class=\"\" data-start=\"3099\" data-end=\"3136\">\n<p class=\"\" data-start=\"3101\" data-end=\"3136\">Pohotovostn\u00ed z\u00e1sah a silni\u010dn\u00ed pos\u00e1dky<\/p>\n<\/li>\n<li class=\"\" data-start=\"3137\" data-end=\"3178\">\n<p class=\"\" data-start=\"3139\" data-end=\"3178\">Venkovn\u00ed zem\u011bd\u011blstv\u00ed, chov dobytka nebo oplocen\u00ed<\/p>\n<\/li>\n<li class=\"\" data-start=\"3179\" data-end=\"3206\">\n<p class=\"\" data-start=\"3181\" data-end=\"3206\">Chlad\u00edrensk\u00e9 sklady<\/p>\n<\/li>\n<li class=\"\" data-start=\"3207\" data-end=\"3261\">\n<p class=\"\" data-start=\"3209\" data-end=\"3261\">Lov, turistika nebo sn\u011bhov\u00e9 sporty (nekomer\u010dn\u00ed pou\u017eit\u00ed)<\/p>\n<\/li>\n<\/ul>\n<p class=\"\" data-start=\"3263\" data-end=\"3638\"><strong data-start=\"3263\" data-end=\"3298\">Bezpe\u010dnost a pohodl\u00ed v jednom balen\u00ed<\/strong><br data-start=\"3298\" data-end=\"3301\" \/>Ve spole\u010dnosti RYINZ je bezpe\u010dnostn\u00ed v\u00fdbava v\u00edc ne\u017e jen ochrana - jde o to, aby profesion\u00e1lov\u00e9 m\u011bli jistotu, \u017ee mohou pod\u00e1vat co nejlep\u0161\u00ed v\u00fdkony. Tyto rukavice poskytuj\u00ed pohodl\u00ed, izolaci a ochranu - to v\u0161e v jednom odoln\u00e9m a stylov\u00e9m balen\u00ed. D\u00edky rovnov\u00e1ze mezi h\u0159ejivost\u00ed, robustn\u00ed konstrukc\u00ed a snadnou pohyblivost\u00ed jsou to va\u0161e rukavice do mraziv\u00fdch podm\u00ednek.<\/p>\n<p class=\"\" data-start=\"3640\" data-end=\"3678\"><strong data-start=\"3640\" data-end=\"3678\">Certifikace a p\u0159ipravenost k v\u00fdvozu:<\/strong><\/p>\n<ul data-start=\"3680\" data-end=\"3843\">\n<li class=\"\" data-start=\"3680\" data-end=\"3722\">\n<p class=\"\" data-start=\"3682\" data-end=\"3722\"><strong data-start=\"3682\" data-end=\"3720\">EN388 (ochrana proti mechanick\u00fdm rizik\u016fm)<\/strong><\/p>\n<\/li>\n<li class=\"\" data-start=\"3723\" data-end=\"3746\">\n<p class=\"\" data-start=\"3725\" data-end=\"3746\"><strong data-start=\"3725\" data-end=\"3744\">Vyhovuje po\u017eadavk\u016fm Reach<\/strong><\/p>\n<\/li>\n<li class=\"\" data-start=\"3747\" data-end=\"3785\">\n<p class=\"\" data-start=\"3749\" data-end=\"3785\"><strong data-start=\"3749\" data-end=\"3783\">Ozna\u010den\u00ed CE pro evropsk\u00e9 trhy<\/strong><\/p>\n<\/li>\n<li class=\"\" data-start=\"3786\" data-end=\"3843\">\n<p class=\"\" data-start=\"3788\" data-end=\"3843\"><strong data-start=\"3788\" data-end=\"3843\">Vlastn\u00ed dokumentace pro kupuj\u00edc\u00ed z EU a USA<\/strong><\/p>\n<\/li>\n<\/ul>\n<p class=\"\" data-start=\"3845\" data-end=\"4108\"><strong data-start=\"3845\" data-end=\"3875\">Hromadn\u00e9 objedn\u00e1vky a slu\u017eby OEM:<\/strong><br data-start=\"3875\" data-end=\"3878\" \/>Velkoobchodn\u00edk\u016fm a distributor\u016fm nab\u00edz\u00edme flexibiln\u00ed mno\u017estv\u00ed objedn\u00e1vek, vlastn\u00ed zna\u010den\u00ed, v\u00edcejazy\u010dn\u00e9 balen\u00ed a exportn\u00ed dokumenty v souladu s p\u0159edpisy EU. Prost\u0159ednictv\u00edm na\u0161\u00ed partnersk\u00e9 s\u00edt\u011b je mo\u017en\u00e9 dod\u00e1vat po cel\u00e9 Evrop\u011b, Velk\u00e9 Brit\u00e1nii a USA.<\/p>","protected":false},"excerpt":{"rendered":"<p><strong data-start=\"4170\" data-end=\"4212\">Ko\u017een\u00e9 pracovn\u00ed rukavice RYINZ p\u0159ipraven\u00e9 na zimu<\/strong> jsou navr\u017eeny pro profesion\u00e1ly, kte\u0159\u00ed \u010del\u00ed drsn\u00fdm zimn\u00edm podm\u00ednk\u00e1m. Tyto rukavice kombinuj\u00ed prvot\u0159\u00eddn\u00ed hov\u011bz\u00ed k\u016f\u017ei, kter\u00e1 zaji\u0161\u0165uje odolnost, a tepeln\u011b izolovanou pod\u0161\u00edvku, kter\u00e1 udr\u017euje teplo p\u0159i teplot\u00e1ch pod bodem mrazu. Vod\u011bodoln\u00e1 prodlou\u017een\u00e1 man\u017eeta s nastavitelnou stahovac\u00ed \u0161\u0148\u016frkou poskytuje maxim\u00e1ln\u00ed ochranu p\u0159ed pov\u011btrnostn\u00edmi vlivy a zabra\u0148uje p\u0159\u00edstupu sn\u011bhu a v\u011btru. Zes\u00edlen\u00e9 oblasti dlan\u00ed zvy\u0161uj\u00ed p\u0159ilnavost a odolnost proti opot\u0159eben\u00ed, zat\u00edmco pru\u017en\u00fd st\u0159ih zaji\u0161\u0165uje pohodl\u00ed p\u0159i dlouh\u00fdch hodin\u00e1ch pr\u00e1ce. Tyto rukavice jsou ide\u00e1ln\u00ed pro pr\u00e1ci na stavb\u011b, v lesnictv\u00ed, p\u0159i \u00fadr\u017eb\u011b, manipulaci se sn\u011bhem a v chlad\u00edrn\u00e1ch a stanou se va\u0161\u00edm spolehliv\u00fdm partnerem pro ka\u017ed\u00fd n\u00e1ro\u010dn\u00fd zimn\u00ed \u00fakol.<\/p>","protected":false},"featured_media":8971,"comment_status":"closed","ping_status":"closed","template":"","meta":[],"product_brand":[35],"product_cat":[82,83],"product_tag":[58,92,93],"class_list":{"0":"post-8918","1":"product","2":"type-product","3":"status-publish","4":"has-post-thumbnail","6":"product_brand-ryinz","7":"product_cat-mechanic-industrial-gloves","8":"product_cat-mechanics-gloves","9":"product_tag-cowhide-leather-gloves","10":"product_tag-customizable-branded-work-gloves","11":"product_tag-goat-leather-insulated-gloves","13":"first","14":"instock","15":"taxable","16":"shipping-taxable","17":"purchasable","18":"product-type-simple"},"_links":{"self":[{"href":"https:\/\/ryinz.cz\/velkoobchod\/cs\/wp-json\/wp\/v2\/product\/8918","targetHints":{"allow":["GET"]}}],"collection":[{"href":"https:\/\/ryinz.cz\/velkoobchod\/cs\/wp-json\/wp\/v2\/product"}],"about":[{"href":"https:\/\/ryinz.cz\/velkoobchod\/cs\/wp-json\/wp\/v2\/types\/product"}],"replies":[{"embeddable":true,"href":"https:\/\/ryinz.cz\/velkoobchod\/cs\/wp-json\/wp\/v2\/comments?post=8918"}],"wp:featuredmedia":[{"embeddable":true,"href":"https:\/\/ryinz.cz\/velkoobchod\/cs\/wp-json\/wp\/v2\/media\/8971"}],"wp:attachment":[{"href":"https:\/\/ryinz.cz\/velkoobchod\/cs\/wp-json\/wp\/v2\/media?parent=8918"}],"wp:term":[{"taxonomy":"product_brand","embeddable":true,"href":"https:\/\/ryinz.cz\/velkoobchod\/cs\/wp-json\/wp\/v2\/product_brand?post=8918"},{"taxonomy":"product_cat","embeddable":true,"href":"https:\/\/ryinz.cz\/velkoobchod\/cs\/wp-json\/wp\/v2\/product_cat?post=8918"},{"taxonomy":"product_tag","embeddable":true,"href":"https:\/\/ryinz.cz\/velkoobchod\/cs\/wp-json\/wp\/v2\/product_tag?post=8918"}],"curies":[{"name":"wp","href":"https:\/\/api.w.org\/{rel}","templated":true}]}}